{"id":1033,"date":"2017-09-26T14:20:11","date_gmt":"2017-09-26T12:20:11","guid":{"rendered":"https:\/\/www.tecnosuissesa.com\/product\/fraiseuse-a-metaux-orion-4-5-digit\/"},"modified":"2017-09-26T14:20:11","modified_gmt":"2017-09-26T12:20:11","slug":"fraiseuse-a-metaux-orion-4-5-digit","status":"publish","type":"product","link":"https:\/\/www.tecnosuissesa.com\/fr\/product\/fraiseuse-a-metaux-orion-4-5-digit\/","title":{"rendered":"Fraiseuse \u00e0 m\u00e9taux Orion 4.5 Digit"},"content":{"rendered":"<p>Fraiseuse semi-professionnelle avec affichage num\u00e9rique sur 3 axes et pompe de refroidissement , id\u00e9ale pour fraiser tout type de m\u00e9tal . Le d\u00e9placement de la table en croix se fait manuellement gr\u00e2ce aux petits volants qui se trouvent \u00e0 l&rsquo; extr\u00e9mit\u00e9 de la machine.Les vitesses de rotation de la fraiseuse peuvent \u00eatre s\u00e9lectionn\u00e9es automatiquement sur le tableau sup\u00e9rieur. La machine peut \u00eatre aussi \u00e9quip\u00e9e d&rsquo; une avance automatique du plan de travail (en suppl\u00e9ment). La fraiseuse est \u00e9quip\u00e9e d&rsquo; un puissant moteur monophas\u00e9 de 1500 W et de guides en queue d&rsquo; aronde qui permettent un d\u00e9placement pr\u00e9cis . Il est possible d&rsquo; acqu\u00e9rir la machine en version triphas\u00e9e moyennant un petit suppl\u00e9ment.<\/p>\n<div id=\"article\">\n<div id=\"tavola-tecnica\">\n<table class=\"table table-striped\" border=\"1\" width=\"100%\" cellspacing=\"0\" cellpadding=\"0\">\n<tbody>\n<tr>\n<td colspan=\"2\" valign=\"top\">\n<div align=\"center\"><strong>DONN\u00c9ES TECHNIQUES<\/strong><\/div>\n<\/td>\n<\/tr>\n<tr>\n<td colspan=\"2\"><strong>DIMENSIONS DE LA MACHINE<\/strong><\/td>\n<\/tr>\n<tr>\n<td>Dimensions de la machine avec le stand<\/td>\n<td>1160 mm (longueur) x 900 mm (largeur) x 2050 mm (hauteur)<\/td>\n<\/tr>\n<tr>\n<td>Dimensions de la machine sans support<\/td>\n<td>1160 mm (longueur) x 900 mm (largeur) x 1500 mm (hauteur)<\/td>\n<\/tr>\n<tr>\n<td>Poids de la machine<\/td>\n<td>330 Kg<\/td>\n<\/tr>\n<tr>\n<td colspan=\"2\"><strong>SPECIFICATIONS DE LA MACHINE<\/strong><\/td>\n<\/tr>\n<tr>\n<td>Capacit\u00e9 maximum de forage<\/td>\n<td>45 mm<\/td>\n<\/tr>\n<tr>\n<td>Avant de coupe maximale<\/td>\n<td>80 mm<\/td>\n<\/tr>\n<tr>\n<td>La distance maximale entre la table et la table de travail<\/td>\n<td>450 mm<\/td>\n<\/tr>\n<tr>\n<td>Maximale de la broche course<\/td>\n<td>130 mm<\/td>\n<\/tr>\n<tr>\n<td>Broche<\/td>\n<td>CM4<\/td>\n<\/tr>\n<tr>\n<td>Taille de la table de travail<\/td>\n<td>800 x 240 mm<\/td>\n<\/tr>\n<tr>\n<td>Course longitudinal du plan de travail<\/td>\n<td>485 mm<\/td>\n<\/tr>\n<tr>\n<td>Course transversal du plan de travail<\/td>\n<td>240 mm<\/td>\n<\/tr>\n<tr>\n<td>T\u00eate de coupe basculante<\/td>\n<td>+-90 gradi<\/td>\n<\/tr>\n<tr>\n<td>Vitesse r\u00e9glable<\/td>\n<td>N\u00b012<\/td>\n<\/tr>\n<tr>\n<td>Vitesse de broche<\/td>\n<td>1250 a 50hz\u00a0 (Italie) e 1500 a 60hz (Estero)<\/td>\n<\/tr>\n<tr>\n<td colspan=\"2\"><strong>MOTEUR FRAISAGE<\/strong><\/td>\n<\/tr>\n<tr>\n<td>Puissance<\/td>\n<td>1500 W<\/td>\n<\/tr>\n<tr>\n<td>Type<\/td>\n<td>220 V (Phase)<\/td>\n<\/tr>\n<tr>\n<td>Fr\u00e9quence<\/td>\n<td>50Hz<\/td>\n<\/tr>\n<tr>\n<td colspan=\"2\"><strong>AVANCE PLANS<\/strong><\/td>\n<\/tr>\n<tr>\n<td>Avance Longitudinale<\/td>\n<td>Manuel dans les deux directions<\/td>\n<\/tr>\n<tr>\n<td>Avance Trasaversale (Piano Croix)<\/td>\n<td>Manuel dans les deux directions<\/td>\n<\/tr>\n<\/tbody>\n<\/table>\n<\/div>\n<\/div>\n<div id=\"accessori\">\n<p><strong>POSSIBILITE DE MONTAGE DES ACCCESSOIRES:<\/strong><\/p>\n<\/div>\n<table>\n<tbody>\n<tr>\n<td><strong>\u00a0<\/strong><\/td>\n<td><strong>Code<\/strong><\/td>\n<td><strong>Prix\/CHF<\/strong><\/td>\n<\/tr>\n<tr>\n<td>Addition AUTOMATIQUE<\/td>\n<td>DMACTF380<\/td>\n<td><strong>CHF \u00a0 361.00<\/strong><\/td>\n<\/tr>\n<tr>\n<td>Addition POMPE DE REFROIDISSEMENT<\/td>\n<td>DMACTF220<\/td>\n<td><strong>CHF\u00a0\u00a0 173.00<\/strong><\/td>\n<\/tr>\n<\/tbody>\n<\/table>\n","protected":false},"excerpt":{"rendered":"<p>Fraiseuse avec affichage num\u00e9rique sur 3 axes DRO, en queue d&rsquo;aronde guides, table oreintable, \u00e0 droite et \u00e0 gauche,rotation de la broche pour le filetage, pi\u00e8tement inclus avec armoire pour les outils et le moteur 1500 W monophas\u00e9 (version triphas\u00e9 sur demande)<\/p>\n","protected":false},"featured_media":1019,"comment_status":"open","ping_status":"closed","template":"","meta":[],"product_brand":[],"product_cat":[76],"product_tag":[],"class_list":{"0":"post-1033","1":"product","2":"type-product","3":"status-publish","4":"has-post-thumbnail","6":"product_cat-fraiseuse","7":"product_shipping_class-classe-10","9":"first","10":"instock","11":"shipping-taxable","12":"purchasable","13":"product-type-simple"},"yoast_head":"<!-- This site is optimized with the Yoast SEO plugin v27.1 - https:\/\/yoast.com\/product\/yoast-seo-wordpress\/ -->\n<title>Fraiseuse \u00e0 m\u00e9taux Orion 4.5 Digit - Tecnosuisse<\/title>\n<meta name=\"robots\" content=\"index, follow, max-snippet:-1, max-image-preview:large, max-video-preview:-1\" \/>\n<link rel=\"canonical\" href=\"https:\/\/www.tecnosuissesa.com\/fr\/produit\/fraiseuse-a-metaux-orion-4-5-digit\/\" \/>\n<meta property=\"og:locale\" content=\"fr_FR\" \/>\n<meta property=\"og:type\" content=\"article\" \/>\n<meta property=\"og:title\" content=\"Fraiseuse \u00e0 m\u00e9taux Orion 4.5 Digit - Tecnosuisse\" \/>\n<meta property=\"og:description\" content=\"Fraiseuse avec affichage num\u00e9rique sur 3 axes DRO, en queue d&#039;aronde guides, table oreintable, \u00e0 droite et \u00e0 gauche,rotation de la broche pour le filetage, pi\u00e8tement inclus avec armoire pour les outils et le moteur 1500 W monophas\u00e9 (version triphas\u00e9 sur demande)\" \/>\n<meta property=\"og:url\" content=\"https:\/\/www.tecnosuissesa.com\/fr\/produit\/fraiseuse-a-metaux-orion-4-5-digit\/\" \/>\n<meta property=\"og:site_name\" content=\"Tecnosuisse\" \/>\n<meta property=\"article:publisher\" content=\"https:\/\/www.facebook.com\/tecnosuisse\/\" \/>\n<meta property=\"og:image\" content=\"https:\/\/www.tecnosuissesa.com\/wp-content\/uploads\/2017\/09\/fronte.jpg\" \/>\n\t<meta property=\"og:image:width\" content=\"1024\" \/>\n\t<meta property=\"og:image:height\" content=\"768\" \/>\n\t<meta property=\"og:image:type\" content=\"image\/jpeg\" \/>\n<meta name=\"twitter:card\" content=\"summary_large_image\" \/>\n<meta name=\"twitter:label1\" content=\"Dur\u00e9e de lecture estim\u00e9e\" \/>\n\t<meta name=\"twitter:data1\" content=\"1 minute\" \/>\n<script type=\"application\/ld+json\" class=\"yoast-schema-graph\">{\"@context\":\"https:\/\/schema.org\",\"@graph\":[{\"@type\":\"WebPage\",\"@id\":\"https:\/\/www.tecnosuissesa.com\/fr\/produit\/fraiseuse-a-metaux-orion-4-5-digit\/\",\"url\":\"https:\/\/www.tecnosuissesa.com\/fr\/produit\/fraiseuse-a-metaux-orion-4-5-digit\/\",\"name\":\"Fraiseuse \u00e0 m\u00e9taux Orion 4.5 Digit - Tecnosuisse\",\"isPartOf\":{\"@id\":\"https:\/\/www.tecnosuissesa.com\/it\/#website\"},\"primaryImageOfPage\":{\"@id\":\"https:\/\/www.tecnosuissesa.com\/fr\/produit\/fraiseuse-a-metaux-orion-4-5-digit\/#primaryimage\"},\"image\":{\"@id\":\"https:\/\/www.tecnosuissesa.com\/fr\/produit\/fraiseuse-a-metaux-orion-4-5-digit\/#primaryimage\"},\"thumbnailUrl\":\"https:\/\/www.tecnosuissesa.com\/wp-content\/uploads\/2017\/09\/fronte.jpg\",\"datePublished\":\"2017-09-26T12:20:11+00:00\",\"breadcrumb\":{\"@id\":\"https:\/\/www.tecnosuissesa.com\/fr\/produit\/fraiseuse-a-metaux-orion-4-5-digit\/#breadcrumb\"},\"inLanguage\":\"fr-FR\",\"potentialAction\":[{\"@type\":\"ReadAction\",\"target\":[\"https:\/\/www.tecnosuissesa.com\/fr\/produit\/fraiseuse-a-metaux-orion-4-5-digit\/\"]}]},{\"@type\":\"ImageObject\",\"inLanguage\":\"fr-FR\",\"@id\":\"https:\/\/www.tecnosuissesa.com\/fr\/produit\/fraiseuse-a-metaux-orion-4-5-digit\/#primaryimage\",\"url\":\"https:\/\/www.tecnosuissesa.com\/wp-content\/uploads\/2017\/09\/fronte.jpg\",\"contentUrl\":\"https:\/\/www.tecnosuissesa.com\/wp-content\/uploads\/2017\/09\/fronte.jpg\",\"width\":1024,\"height\":768},{\"@type\":\"BreadcrumbList\",\"@id\":\"https:\/\/www.tecnosuissesa.com\/fr\/produit\/fraiseuse-a-metaux-orion-4-5-digit\/#breadcrumb\",\"itemListElement\":[{\"@type\":\"ListItem\",\"position\":1,\"name\":\"Home\",\"item\":\"https:\/\/www.tecnosuissesa.com\/fr\/\"},{\"@type\":\"ListItem\",\"position\":2,\"name\":\"Vendita di Macchine Utensili per Legno e per Metalli\",\"item\":\"https:\/\/www.tecnosuissesa.com\/it\/vendita-macchine-utensili\/\"},{\"@type\":\"ListItem\",\"position\":3,\"name\":\"Fraiseuse \u00e0 m\u00e9taux Orion 4.5 Digit\"}]},{\"@type\":\"WebSite\",\"@id\":\"https:\/\/www.tecnosuissesa.com\/it\/#website\",\"url\":\"https:\/\/www.tecnosuissesa.com\/it\/\",\"name\":\"Tecnosuisse\",\"description\":\"Macchine Utensili per Legno e Metalli\",\"publisher\":{\"@id\":\"https:\/\/www.tecnosuissesa.com\/it\/#organization\"},\"potentialAction\":[{\"@type\":\"SearchAction\",\"target\":{\"@type\":\"EntryPoint\",\"urlTemplate\":\"https:\/\/www.tecnosuissesa.com\/it\/?s={search_term_string}\"},\"query-input\":{\"@type\":\"PropertyValueSpecification\",\"valueRequired\":true,\"valueName\":\"search_term_string\"}}],\"inLanguage\":\"fr-FR\"},{\"@type\":\"Organization\",\"@id\":\"https:\/\/www.tecnosuissesa.com\/it\/#organization\",\"name\":\"Tecnosuisse\",\"url\":\"https:\/\/www.tecnosuissesa.com\/it\/\",\"logo\":{\"@type\":\"ImageObject\",\"inLanguage\":\"fr-FR\",\"@id\":\"https:\/\/www.tecnosuissesa.com\/it\/#\/schema\/logo\/image\/\",\"url\":\"https:\/\/www.tecnosuissesa.com\/wp-content\/uploads\/2017\/08\/Logo_TecnoSuisse_627x627.png\",\"contentUrl\":\"https:\/\/www.tecnosuissesa.com\/wp-content\/uploads\/2017\/08\/Logo_TecnoSuisse_627x627.png\",\"width\":627,\"height\":627,\"caption\":\"Tecnosuisse\"},\"image\":{\"@id\":\"https:\/\/www.tecnosuissesa.com\/it\/#\/schema\/logo\/image\/\"},\"sameAs\":[\"https:\/\/www.facebook.com\/tecnosuisse\/\",\"https:\/\/www.youtube.com\/channel\/UCSoxFNkw8ZiE4jP9OY8AdFg\"]}]}<\/script>\n<!-- \/ Yoast SEO plugin. -->","yoast_head_json":{"title":"Fraiseuse \u00e0 m\u00e9taux Orion 4.5 Digit - Tecnosuisse","robots":{"index":"index","follow":"follow","max-snippet":"max-snippet:-1","max-image-preview":"max-image-preview:large","max-video-preview":"max-video-preview:-1"},"canonical":"https:\/\/www.tecnosuissesa.com\/fr\/produit\/fraiseuse-a-metaux-orion-4-5-digit\/","og_locale":"fr_FR","og_type":"article","og_title":"Fraiseuse \u00e0 m\u00e9taux Orion 4.5 Digit - Tecnosuisse","og_description":"Fraiseuse avec affichage num\u00e9rique sur 3 axes DRO, en queue d'aronde guides, table oreintable, \u00e0 droite et \u00e0 gauche,rotation de la broche pour le filetage, pi\u00e8tement inclus avec armoire pour les outils et le moteur 1500 W monophas\u00e9 (version triphas\u00e9 sur demande)","og_url":"https:\/\/www.tecnosuissesa.com\/fr\/produit\/fraiseuse-a-metaux-orion-4-5-digit\/","og_site_name":"Tecnosuisse","article_publisher":"https:\/\/www.facebook.com\/tecnosuisse\/","og_image":[{"width":1024,"height":768,"url":"https:\/\/www.tecnosuissesa.com\/wp-content\/uploads\/2017\/09\/fronte.jpg","type":"image\/jpeg"}],"twitter_card":"summary_large_image","twitter_misc":{"Dur\u00e9e de lecture estim\u00e9e":"1 minute"},"schema":{"@context":"https:\/\/schema.org","@graph":[{"@type":"WebPage","@id":"https:\/\/www.tecnosuissesa.com\/fr\/produit\/fraiseuse-a-metaux-orion-4-5-digit\/","url":"https:\/\/www.tecnosuissesa.com\/fr\/produit\/fraiseuse-a-metaux-orion-4-5-digit\/","name":"Fraiseuse \u00e0 m\u00e9taux Orion 4.5 Digit - Tecnosuisse","isPartOf":{"@id":"https:\/\/www.tecnosuissesa.com\/it\/#website"},"primaryImageOfPage":{"@id":"https:\/\/www.tecnosuissesa.com\/fr\/produit\/fraiseuse-a-metaux-orion-4-5-digit\/#primaryimage"},"image":{"@id":"https:\/\/www.tecnosuissesa.com\/fr\/produit\/fraiseuse-a-metaux-orion-4-5-digit\/#primaryimage"},"thumbnailUrl":"https:\/\/www.tecnosuissesa.com\/wp-content\/uploads\/2017\/09\/fronte.jpg","datePublished":"2017-09-26T12:20:11+00:00","breadcrumb":{"@id":"https:\/\/www.tecnosuissesa.com\/fr\/produit\/fraiseuse-a-metaux-orion-4-5-digit\/#breadcrumb"},"inLanguage":"fr-FR","potentialAction":[{"@type":"ReadAction","target":["https:\/\/www.tecnosuissesa.com\/fr\/produit\/fraiseuse-a-metaux-orion-4-5-digit\/"]}]},{"@type":"ImageObject","inLanguage":"fr-FR","@id":"https:\/\/www.tecnosuissesa.com\/fr\/produit\/fraiseuse-a-metaux-orion-4-5-digit\/#primaryimage","url":"https:\/\/www.tecnosuissesa.com\/wp-content\/uploads\/2017\/09\/fronte.jpg","contentUrl":"https:\/\/www.tecnosuissesa.com\/wp-content\/uploads\/2017\/09\/fronte.jpg","width":1024,"height":768},{"@type":"BreadcrumbList","@id":"https:\/\/www.tecnosuissesa.com\/fr\/produit\/fraiseuse-a-metaux-orion-4-5-digit\/#breadcrumb","itemListElement":[{"@type":"ListItem","position":1,"name":"Home","item":"https:\/\/www.tecnosuissesa.com\/fr\/"},{"@type":"ListItem","position":2,"name":"Vendita di Macchine Utensili per Legno e per Metalli","item":"https:\/\/www.tecnosuissesa.com\/it\/vendita-macchine-utensili\/"},{"@type":"ListItem","position":3,"name":"Fraiseuse \u00e0 m\u00e9taux Orion 4.5 Digit"}]},{"@type":"WebSite","@id":"https:\/\/www.tecnosuissesa.com\/it\/#website","url":"https:\/\/www.tecnosuissesa.com\/it\/","name":"Tecnosuisse","description":"Macchine Utensili per Legno e Metalli","publisher":{"@id":"https:\/\/www.tecnosuissesa.com\/it\/#organization"},"potentialAction":[{"@type":"SearchAction","target":{"@type":"EntryPoint","urlTemplate":"https:\/\/www.tecnosuissesa.com\/it\/?s={search_term_string}"},"query-input":{"@type":"PropertyValueSpecification","valueRequired":true,"valueName":"search_term_string"}}],"inLanguage":"fr-FR"},{"@type":"Organization","@id":"https:\/\/www.tecnosuissesa.com\/it\/#organization","name":"Tecnosuisse","url":"https:\/\/www.tecnosuissesa.com\/it\/","logo":{"@type":"ImageObject","inLanguage":"fr-FR","@id":"https:\/\/www.tecnosuissesa.com\/it\/#\/schema\/logo\/image\/","url":"https:\/\/www.tecnosuissesa.com\/wp-content\/uploads\/2017\/08\/Logo_TecnoSuisse_627x627.png","contentUrl":"https:\/\/www.tecnosuissesa.com\/wp-content\/uploads\/2017\/08\/Logo_TecnoSuisse_627x627.png","width":627,"height":627,"caption":"Tecnosuisse"},"image":{"@id":"https:\/\/www.tecnosuissesa.com\/it\/#\/schema\/logo\/image\/"},"sameAs":["https:\/\/www.facebook.com\/tecnosuisse\/","https:\/\/www.youtube.com\/channel\/UCSoxFNkw8ZiE4jP9OY8AdFg"]}]}},"_links":{"self":[{"href":"https:\/\/www.tecnosuissesa.com\/fr\/wp-json\/wp\/v2\/product\/1033","targetHints":{"allow":["GET"]}}],"collection":[{"href":"https:\/\/www.tecnosuissesa.com\/fr\/wp-json\/wp\/v2\/product"}],"about":[{"href":"https:\/\/www.tecnosuissesa.com\/fr\/wp-json\/wp\/v2\/types\/product"}],"replies":[{"embeddable":true,"href":"https:\/\/www.tecnosuissesa.com\/fr\/wp-json\/wp\/v2\/comments?post=1033"}],"wp:featuredmedia":[{"embeddable":true,"href":"https:\/\/www.tecnosuissesa.com\/fr\/wp-json\/wp\/v2\/media\/1019"}],"wp:attachment":[{"href":"https:\/\/www.tecnosuissesa.com\/fr\/wp-json\/wp\/v2\/media?parent=1033"}],"wp:term":[{"taxonomy":"product_brand","embeddable":true,"href":"https:\/\/www.tecnosuissesa.com\/fr\/wp-json\/wp\/v2\/product_brand?post=1033"},{"taxonomy":"product_cat","embeddable":true,"href":"https:\/\/www.tecnosuissesa.com\/fr\/wp-json\/wp\/v2\/product_cat?post=1033"},{"taxonomy":"product_tag","embeddable":true,"href":"https:\/\/www.tecnosuissesa.com\/fr\/wp-json\/wp\/v2\/product_tag?post=1033"}],"curies":[{"name":"wp","href":"https:\/\/api.w.org\/{rel}","templated":true}]}}