{"id":489,"date":"2017-08-30T14:47:45","date_gmt":"2017-08-30T12:47:45","guid":{"rendered":"https:\/\/www.tecnosuissesa.com\/?page_id=489\/"},"modified":"2017-08-30T14:49:09","modified_gmt":"2017-08-30T12:49:09","slug":"informations-sur-l-utilisation-des-cookies","status":"publish","type":"page","link":"https:\/\/www.tecnosuissesa.com\/fr\/informations-sur-l-utilisation-des-cookies\/","title":{"rendered":"Informations sur l&rsquo; utilisation des cookies"},"content":{"rendered":"<h3>Que sont les cookies ?<\/h3>\n<p align=\"justify\">Un cookie est un petit fichier texte qui est m\u00e9moris\u00e9 sur votre ordinateur, votre tablette, votre smartphone ou tout autre support que vous utlilisez pour acc\u00e9der \u00e0 internet et visiter un site. Un cookie est un fichier compos\u00e9 d\u2019un ensemble de caract\u00e8res qui est envoy\u00e9 \u00e0 votre terminal quand vous naviguez sur un site web.Il a pour but de collecter des informations relatives \u00e0 votre navigation et de vous adresser des services personalis\u00e9s.Les cookies permettent ainsi au site de vous reconna\u00eetre lors d\u2019une utilisation ult\u00e9rieure. Certains cookies sont en outre n\u00e9cessaires pour garantir le bon fonctionnement du site de la part des utilisateurs, d&rsquo; autres par contre, sont utiles \u00e0 l&rsquo; entreprise propri\u00e9taire du site pour en assurer une bonne surveillance.<\/p>\n<h3 align=\"justify\">Comment naviguer sur le site tecnosuissesa.com sans laisser de traces?<\/h3>\n<p align=\"justify\">Il est possible de naviguer sur le site tecnosuissesa.com sans laisser aucune trace, il suffit de d\u00e9sactiver les cookies de votre logiciel de navigation (browser). Attention: en d\u00e9sactivant les cookies ceratines parties du site pourraient mal fonctionner ou sembler incompr\u00e9hensibles. Ci-apr\u00e8s les liens officiels pour d\u00e9sactiver les cookies sur les principaux logiciels de navigation.<\/p>\n<h3>Pour Google Chrome<\/h3>\n<ul>\n<li style=\"list-style-type: none;\">\n<ul>\n<li>Cliquez sur l&rsquo;ic\u00f4ne du menu Outils.<\/li>\n<li>S\u00e9lectionnez Options.<\/li>\n<li>Cliquez sur l&rsquo;onglet Options avanc\u00e9es et acc\u00e9dez \u00e0 la section \u00ab Confidentialit\u00e9 \u00bb.<\/li>\n<li>Cliquez sur le bouton Afficher les cookies.<\/li>\n<li>Rep\u00e9rez les fichiers qui contiennent le nom \u00ab La Soci\u00e9t\u00e9 \u00bb S\u00e9lectionnez-les et supprimez-les.<\/li>\n<li>Cliquez sur \u00ab Fermer \u00bb pour revenir \u00e0 votre navigateur.<\/li>\n<li>Pour plus d\u2019informations, consultez la page web suivante:\u00a0<a href=\"https:\/\/support.google.com\/accounts\/answer\/61416?hl=fr\" target=\"_blank\" rel=\"noopener\">Activer ou d\u00e9sactiver les cookies<\/a><\/li>\n<\/ul>\n<\/li>\n<\/ul>\n<h3>Pour Mozilla Firefox<\/h3>\n<ul>\n<li style=\"list-style-type: none;\">\n<ul>\n<li>Allez dans l&rsquo;onglet \u00ab Outils \u00bb du navigateur puis s\u00e9lectionnez le menu \u00ab Options \u00bb<\/li>\n<li>Dans la fen\u00eatre qui s&rsquo;affiche, choisissez \u00ab Vie priv\u00e9e \u00bb et cliquez sur \u00ab Affichez les cookies \u00bb.<\/li>\n<li>Dans la fen\u00eatre qui s&rsquo;affiche, choisissez \u00ab Vie priv\u00e9e \u00bb et cliquez sur \u00ab Affichez les cookies \u00bb.<\/li>\n<li>Rep\u00e9rez les fichiers qui contiennent le nom \u00ab La Soci\u00e9t\u00e9 \u00bb S\u00e9lectionnez-les et supprimez-les.<\/li>\n<li>Cliquez sur \u00ab Fermer \u00bb pour revenir \u00e0 votre navigateur.<\/li>\n<li>Pour plus d\u2019informations, consultez la page web suivante:\u00a0<a href=\"https:\/\/support.mozilla.org\/fr\/kb\/activer-desactiver-cookies\" target=\"_blank\" rel=\"noopener\">Activer et d\u00e9sactiver les cookies<\/a><\/li>\n<\/ul>\n<\/li>\n<\/ul>\n<h3>Pour Internet Explorer:<\/h3>\n<ul>\n<li style=\"list-style-type: none;\">\n<ul>\n<li>cliquez sur le bouton D\u00e9marrer Image du bouton D\u00e9marrer.<\/li>\n<li>Dans la zone de recherche, tapez Internet Explorer, puis, dans la liste des r\u00e9sultats, cliquez sur Internet Explorer.<\/li>\n<li>Cliquez sur le bouton Outils, puis sur Options Internet.<\/li>\n<li>Cliquez sur l\u2019onglet Confidentialit\u00e9, puis sous Param\u00e8tres, d\u00e9placez le curseur vers le haut pour bloquer tous les cookies ou vers le bas pour autoriser tous les cookies, puis cliquez sur OK.<\/li>\n<li>Pour plus d\u2019informations, consultez la page web suivante:<a href=\"http:\/\/windows.microsoft.com\/fr-FR\/windows7\/block-enable-or-allow-cookies\" target=\"_blank\" rel=\"noopener\">Bloquer, activer ou autoriser les cookies<\/a><\/li>\n<\/ul>\n<\/li>\n<\/ul>\n<h3>Pour Safari<\/h3>\n<p>Dans votre navigateur, choisissez le menu \u00c9dition &gt; Pr\u00e9f\u00e9rences.<\/p>\n<ul>\n<li>Cliquez sur S\u00e9curit\u00e9.<\/li>\n<li>Cliquez sur Afficher les cookies.<\/li>\n<li>S\u00e9lectionnez les cookies qui contiennent le nom \u00ab La Soci\u00e9t\u00e9 \u00bb et cliquez sur Effacer ou sur Tout effacer.<\/li>\n<li>Apr\u00e8s avoir supprim\u00e9 les cookies, cliquez sur Termin\u00e9.<\/li>\n<li>Pour plus d\u2019informations, consultez la page web suivante :<a href=\"https:\/\/support.apple.com\/fr-fr\/HT201265\">Blocage des cookies<\/a><\/li>\n<\/ul>\n<h3>Typologies des cookies utilis\u00e9s par le site tecnosuissesa.com:<\/h3>\n<p align=\"justify\"><strong>Cookies pour le fonctionnement de base:<\/strong>\u00a0cette typologie de cookies permet le bon fonctionnement du site.Il en existe deux cat\u00e9gories:persistants et de session.<\/p>\n<ul>\n<li><strong>Les cookies permanents:<\/strong>une fois que le navigateur est ferm\u00e9, ces cookies ne sont pas d\u00e9truits mais persistent jusqu&rsquo; \u00e0 une date d&rsquo;expiration fix\u00e9e \u00e0 l&rsquo; avance<\/li>\n<li><strong>Les cookies de session:<\/strong>\u00a0ces cookies sont d\u00e9truits \u00e0 chaque fois que le navigateur est ferm\u00e9.<\/li>\n<\/ul>\n<p align=\"justify\">Ces cookies, envoy\u00e9s depuis notre serveur, sont n\u00e9cessaires pour visualiser correctement le site et sont en relation avec les services techniques offerts, ils seront donc toujours utlis\u00e9s et envoy\u00e9s, \u00e0 moins que l&rsquo; utilisateur ait modifi\u00e9 les param\u00e8tres de r\u00e9glage du navigateur.<\/p>\n<p align=\"justify\"><strong>Cookies analytiques fournis par une tierce partie:<\/strong>\u00a0ces cookies servent \u00e0 r\u00e9colter des informations sur l&rsquo; utlisation du site internet de la part des utilisateurs et cela de fa\u00e7on tout \u00e0 fait anonyme telles que: les pages visit\u00e9es, le temps pass\u00e9 sur le site, la provenance g\u00e9ographique, l&rsquo; \u00e2ge etc&#8230;Ces cookies sont envoy\u00e9s depuis une ti\u00e8rce partie ext\u00e9rieure au site.<\/p>\n<p align=\"justify\"><strong>Les cookies de pistage:\u00a0<\/strong>il s&rsquo; agit de cookies utils\u00e9s pour m\u00e9moriser de fa\u00e7on anonyme la navigation de l&rsquo; utilisateur afin de r\u00e9colter des donn\u00e9es statistiques d\u00e9taill\u00e9es sur les pages consult\u00e9es et les produits les plus recherch\u00e9s. A travers ces cookies, il est possible en outre de transmettre au visiteur (m\u00eame apr\u00e8s sa navigation sur le site) des messages pubblicitaires relatifs aux pages internet qui ont \u00e9t\u00e9 visit\u00e9es.<\/p>\n<p>&nbsp;<\/p>\n","protected":false},"excerpt":{"rendered":"<p>Que sont les cookies ? Un cookie est un petit fichier texte qui est m\u00e9moris\u00e9 sur votre ordinateur, votre tablette, votre smartphone ou tout autre support que vous utlilisez pour acc\u00e9der \u00e0 internet et visiter un site. Un cookie est un fichier compos\u00e9 d\u2019un ensemble de caract\u00e8res qui est envoy\u00e9 \u00e0 votre terminal quand vous &hellip; <a href=\"https:\/\/www.tecnosuissesa.com\/fr\/informations-sur-l-utilisation-des-cookies\/\" class=\"more-link\">Continuer la lecture<span class=\"screen-reader-text\"> de &laquo;&nbsp;Informations sur l&rsquo; utilisation des cookies&nbsp;&raquo;<\/span><\/a><\/p>\n","protected":false},"author":1,"featured_media":0,"parent":0,"menu_order":0,"comment_status":"closed","ping_status":"closed","template":"","meta":{"footnotes":""},"class_list":["post-489","page","type-page","status-publish","hentry"],"yoast_head":"<!-- This site is optimized with the Yoast SEO plugin v27.1 - https:\/\/yoast.com\/product\/yoast-seo-wordpress\/ -->\n<title>Informations sur l&#039; utilisation des cookies - Tecnosuisse<\/title>\n<meta name=\"robots\" content=\"index, follow, max-snippet:-1, max-image-preview:large, max-video-preview:-1\" \/>\n<link rel=\"canonical\" href=\"https:\/\/www.tecnosuissesa.com\/fr\/informations-sur-l-utilisation-des-cookies\/\" \/>\n<meta property=\"og:locale\" content=\"fr_FR\" \/>\n<meta property=\"og:type\" content=\"article\" \/>\n<meta property=\"og:title\" content=\"Informations sur l&#039; utilisation des cookies - Tecnosuisse\" \/>\n<meta property=\"og:description\" content=\"Que sont les cookies ? Un cookie est un petit fichier texte qui est m\u00e9moris\u00e9 sur votre ordinateur, votre tablette, votre smartphone ou tout autre support que vous utlilisez pour acc\u00e9der \u00e0 internet et visiter un site. Un cookie est un fichier compos\u00e9 d\u2019un ensemble de caract\u00e8res qui est envoy\u00e9 \u00e0 votre terminal quand vous &hellip; Continuer la lecture de &laquo;&nbsp;Informations sur l&rsquo; utilisation des cookies&nbsp;&raquo;\" \/>\n<meta property=\"og:url\" content=\"https:\/\/www.tecnosuissesa.com\/fr\/informations-sur-l-utilisation-des-cookies\/\" \/>\n<meta property=\"og:site_name\" content=\"Tecnosuisse\" \/>\n<meta property=\"article:publisher\" content=\"https:\/\/www.facebook.com\/tecnosuisse\/\" \/>\n<meta property=\"article:modified_time\" content=\"2017-08-30T12:49:09+00:00\" \/>\n<meta property=\"og:image\" content=\"https:\/\/www.tecnosuissesa.com\/wp-content\/uploads\/2017\/08\/cropped-Logo_TecnoSuisse_627x627.png\" \/>\n\t<meta property=\"og:image:width\" content=\"512\" \/>\n\t<meta property=\"og:image:height\" content=\"512\" \/>\n\t<meta property=\"og:image:type\" content=\"image\/png\" \/>\n<meta name=\"twitter:card\" content=\"summary_large_image\" \/>\n<meta name=\"twitter:label1\" content=\"Dur\u00e9e de lecture estim\u00e9e\" \/>\n\t<meta name=\"twitter:data1\" content=\"4 minutes\" \/>\n<script type=\"application\/ld+json\" class=\"yoast-schema-graph\">{\"@context\":\"https:\/\/schema.org\",\"@graph\":[{\"@type\":\"WebPage\",\"@id\":\"https:\/\/www.tecnosuissesa.com\/fr\/informations-sur-l-utilisation-des-cookies\/\",\"url\":\"https:\/\/www.tecnosuissesa.com\/fr\/informations-sur-l-utilisation-des-cookies\/\",\"name\":\"Informations sur l' utilisation des cookies - Tecnosuisse\",\"isPartOf\":{\"@id\":\"https:\/\/www.tecnosuissesa.com\/it\/#website\"},\"datePublished\":\"2017-08-30T12:47:45+00:00\",\"dateModified\":\"2017-08-30T12:49:09+00:00\",\"breadcrumb\":{\"@id\":\"https:\/\/www.tecnosuissesa.com\/fr\/informations-sur-l-utilisation-des-cookies\/#breadcrumb\"},\"inLanguage\":\"fr-FR\",\"potentialAction\":[{\"@type\":\"ReadAction\",\"target\":[\"https:\/\/www.tecnosuissesa.com\/fr\/informations-sur-l-utilisation-des-cookies\/\"]}]},{\"@type\":\"BreadcrumbList\",\"@id\":\"https:\/\/www.tecnosuissesa.com\/fr\/informations-sur-l-utilisation-des-cookies\/#breadcrumb\",\"itemListElement\":[{\"@type\":\"ListItem\",\"position\":1,\"name\":\"Home\",\"item\":\"https:\/\/www.tecnosuissesa.com\/fr\/\"},{\"@type\":\"ListItem\",\"position\":2,\"name\":\"Informations sur l&rsquo; utilisation des cookies\"}]},{\"@type\":\"WebSite\",\"@id\":\"https:\/\/www.tecnosuissesa.com\/it\/#website\",\"url\":\"https:\/\/www.tecnosuissesa.com\/it\/\",\"name\":\"Tecnosuisse\",\"description\":\"Macchine Utensili per Legno e Metalli\",\"publisher\":{\"@id\":\"https:\/\/www.tecnosuissesa.com\/it\/#organization\"},\"potentialAction\":[{\"@type\":\"SearchAction\",\"target\":{\"@type\":\"EntryPoint\",\"urlTemplate\":\"https:\/\/www.tecnosuissesa.com\/it\/?s={search_term_string}\"},\"query-input\":{\"@type\":\"PropertyValueSpecification\",\"valueRequired\":true,\"valueName\":\"search_term_string\"}}],\"inLanguage\":\"fr-FR\"},{\"@type\":\"Organization\",\"@id\":\"https:\/\/www.tecnosuissesa.com\/it\/#organization\",\"name\":\"Tecnosuisse\",\"url\":\"https:\/\/www.tecnosuissesa.com\/it\/\",\"logo\":{\"@type\":\"ImageObject\",\"inLanguage\":\"fr-FR\",\"@id\":\"https:\/\/www.tecnosuissesa.com\/it\/#\/schema\/logo\/image\/\",\"url\":\"https:\/\/www.tecnosuissesa.com\/wp-content\/uploads\/2017\/08\/Logo_TecnoSuisse_627x627.png\",\"contentUrl\":\"https:\/\/www.tecnosuissesa.com\/wp-content\/uploads\/2017\/08\/Logo_TecnoSuisse_627x627.png\",\"width\":627,\"height\":627,\"caption\":\"Tecnosuisse\"},\"image\":{\"@id\":\"https:\/\/www.tecnosuissesa.com\/it\/#\/schema\/logo\/image\/\"},\"sameAs\":[\"https:\/\/www.facebook.com\/tecnosuisse\/\",\"https:\/\/www.youtube.com\/channel\/UCSoxFNkw8ZiE4jP9OY8AdFg\"]}]}<\/script>\n<!-- \/ Yoast SEO plugin. -->","yoast_head_json":{"title":"Informations sur l' utilisation des cookies - Tecnosuisse","robots":{"index":"index","follow":"follow","max-snippet":"max-snippet:-1","max-image-preview":"max-image-preview:large","max-video-preview":"max-video-preview:-1"},"canonical":"https:\/\/www.tecnosuissesa.com\/fr\/informations-sur-l-utilisation-des-cookies\/","og_locale":"fr_FR","og_type":"article","og_title":"Informations sur l' utilisation des cookies - Tecnosuisse","og_description":"Que sont les cookies ? Un cookie est un petit fichier texte qui est m\u00e9moris\u00e9 sur votre ordinateur, votre tablette, votre smartphone ou tout autre support que vous utlilisez pour acc\u00e9der \u00e0 internet et visiter un site. Un cookie est un fichier compos\u00e9 d\u2019un ensemble de caract\u00e8res qui est envoy\u00e9 \u00e0 votre terminal quand vous &hellip; Continuer la lecture de &laquo;&nbsp;Informations sur l&rsquo; utilisation des cookies&nbsp;&raquo;","og_url":"https:\/\/www.tecnosuissesa.com\/fr\/informations-sur-l-utilisation-des-cookies\/","og_site_name":"Tecnosuisse","article_publisher":"https:\/\/www.facebook.com\/tecnosuisse\/","article_modified_time":"2017-08-30T12:49:09+00:00","og_image":[{"width":512,"height":512,"url":"https:\/\/www.tecnosuissesa.com\/wp-content\/uploads\/2017\/08\/cropped-Logo_TecnoSuisse_627x627.png","type":"image\/png"}],"twitter_card":"summary_large_image","twitter_misc":{"Dur\u00e9e de lecture estim\u00e9e":"4 minutes"},"schema":{"@context":"https:\/\/schema.org","@graph":[{"@type":"WebPage","@id":"https:\/\/www.tecnosuissesa.com\/fr\/informations-sur-l-utilisation-des-cookies\/","url":"https:\/\/www.tecnosuissesa.com\/fr\/informations-sur-l-utilisation-des-cookies\/","name":"Informations sur l' utilisation des cookies - Tecnosuisse","isPartOf":{"@id":"https:\/\/www.tecnosuissesa.com\/it\/#website"},"datePublished":"2017-08-30T12:47:45+00:00","dateModified":"2017-08-30T12:49:09+00:00","breadcrumb":{"@id":"https:\/\/www.tecnosuissesa.com\/fr\/informations-sur-l-utilisation-des-cookies\/#breadcrumb"},"inLanguage":"fr-FR","potentialAction":[{"@type":"ReadAction","target":["https:\/\/www.tecnosuissesa.com\/fr\/informations-sur-l-utilisation-des-cookies\/"]}]},{"@type":"BreadcrumbList","@id":"https:\/\/www.tecnosuissesa.com\/fr\/informations-sur-l-utilisation-des-cookies\/#breadcrumb","itemListElement":[{"@type":"ListItem","position":1,"name":"Home","item":"https:\/\/www.tecnosuissesa.com\/fr\/"},{"@type":"ListItem","position":2,"name":"Informations sur l&rsquo; utilisation des cookies"}]},{"@type":"WebSite","@id":"https:\/\/www.tecnosuissesa.com\/it\/#website","url":"https:\/\/www.tecnosuissesa.com\/it\/","name":"Tecnosuisse","description":"Macchine Utensili per Legno e Metalli","publisher":{"@id":"https:\/\/www.tecnosuissesa.com\/it\/#organization"},"potentialAction":[{"@type":"SearchAction","target":{"@type":"EntryPoint","urlTemplate":"https:\/\/www.tecnosuissesa.com\/it\/?s={search_term_string}"},"query-input":{"@type":"PropertyValueSpecification","valueRequired":true,"valueName":"search_term_string"}}],"inLanguage":"fr-FR"},{"@type":"Organization","@id":"https:\/\/www.tecnosuissesa.com\/it\/#organization","name":"Tecnosuisse","url":"https:\/\/www.tecnosuissesa.com\/it\/","logo":{"@type":"ImageObject","inLanguage":"fr-FR","@id":"https:\/\/www.tecnosuissesa.com\/it\/#\/schema\/logo\/image\/","url":"https:\/\/www.tecnosuissesa.com\/wp-content\/uploads\/2017\/08\/Logo_TecnoSuisse_627x627.png","contentUrl":"https:\/\/www.tecnosuissesa.com\/wp-content\/uploads\/2017\/08\/Logo_TecnoSuisse_627x627.png","width":627,"height":627,"caption":"Tecnosuisse"},"image":{"@id":"https:\/\/www.tecnosuissesa.com\/it\/#\/schema\/logo\/image\/"},"sameAs":["https:\/\/www.facebook.com\/tecnosuisse\/","https:\/\/www.youtube.com\/channel\/UCSoxFNkw8ZiE4jP9OY8AdFg"]}]}},"_links":{"self":[{"href":"https:\/\/www.tecnosuissesa.com\/fr\/wp-json\/wp\/v2\/pages\/489","targetHints":{"allow":["GET"]}}],"collection":[{"href":"https:\/\/www.tecnosuissesa.com\/fr\/wp-json\/wp\/v2\/pages"}],"about":[{"href":"https:\/\/www.tecnosuissesa.com\/fr\/wp-json\/wp\/v2\/types\/page"}],"author":[{"embeddable":true,"href":"https:\/\/www.tecnosuissesa.com\/fr\/wp-json\/wp\/v2\/users\/1"}],"replies":[{"embeddable":true,"href":"https:\/\/www.tecnosuissesa.com\/fr\/wp-json\/wp\/v2\/comments?post=489"}],"version-history":[{"count":2,"href":"https:\/\/www.tecnosuissesa.com\/fr\/wp-json\/wp\/v2\/pages\/489\/revisions"}],"predecessor-version":[{"id":491,"href":"https:\/\/www.tecnosuissesa.com\/fr\/wp-json\/wp\/v2\/pages\/489\/revisions\/491"}],"wp:attachment":[{"href":"https:\/\/www.tecnosuissesa.com\/fr\/wp-json\/wp\/v2\/media?parent=489"}],"curies":[{"name":"wp","href":"https:\/\/api.w.org\/{rel}","templated":true}]}}