{"id":469,"date":"2017-08-30T11:11:49","date_gmt":"2017-08-30T09:11:49","guid":{"rendered":"https:\/\/www.tecnosuissesa.com\/?page_id=469\/"},"modified":"2017-08-30T13:28:47","modified_gmt":"2017-08-30T11:28:47","slug":"conditions-generales-de-contrat","status":"publish","type":"page","link":"https:\/\/www.tecnosuissesa.com\/fr\/conditions-generales-de-contrat\/","title":{"rendered":"Conditions g\u00e9n\u00e9rales de contrat"},"content":{"rendered":"<h3>Champ d&rsquo;application et partenaire contractuel<\/h3>\n<p>1 Les conditions g\u00e9n\u00e9rales ci-dessous (ci-apr\u00e8s, \u00ab\u00a0CG\u00a0\u00bb), s&rsquo;appliquent aux commandes d&rsquo;articles provenant de l&rsquo;assortiment de produits de l&rsquo;Online-Shop\u00a0<strong>Tecnosuisse SA<\/strong>\u00a0(www.tecnosuissesa.com) dans leur version en vigueur au moment de la commande.<\/p>\n<p>2 Les CG forment partie int\u00e9grante du contrat conclu entre\u00a0<strong>Tecnosuisse SA<\/strong>et le client. Les dispositions qui d\u00e9rogent aux CG n&rsquo;ont force obligatoire que si elles ont \u00e9t\u00e9 express\u00e9ment accept\u00e9es par \u00e9crit par\u00a0<strong>Tecnosuisse SA<\/strong>. Des conditions contraires \u00e9mises par le client ne sont pas reconnues.<\/p>\n<p>3 L&rsquo;offre de produits dans l&rsquo;Online-Shop\u00a0<strong>Tecnosuisse SA<\/strong>est destin\u00e9e uniquement aux personnes physiques et aux soci\u00e9t\u00e9s qui ont leur domicile ou leur si\u00e8ge en Suisse et qui peuvent, dans la mesure o\u00f9 le client d\u00e9cide de se faire livrer les articles, indiquer une adresse de livraison en Suisse.<\/p>\n<h3>3.1. D\u00e9roulement de la commande et conclusion du contrat<\/h3>\n<p>3.1.1 Le client peut choisir des articles provenant de l&rsquo;assortiment de produits de l&rsquo;Online-Shop\u00a0<strong>Tecnosuisse SA<\/strong>\u00a0(www.tecnosuissesa.com) \u00a0et les rassembler dans un \u00ab\u00a0panier\u00a0\u00bb en cliquant sur le bouton \u00ab\u00a0ajouter au panier\u00a0\u00bb.<\/p>\n<p>3.1.2 En cliquant sur le bouton \u00ab\u00a0commander et payer\u00a0\u00bb, le client fait une offre d&rsquo;achat qui le lie portant sur les articles qui se trouvent dans son panier et approuve les pr\u00e9sentes CG.<\/p>\n<p>3.1.3 La confirmation de commande envoy\u00e9e imm\u00e9diatement apr\u00e8s par le biais d&rsquo;un courrier \u00e9lectronique prouve que la commande du client est parvenue chez\u00a0<strong>Tecnosuisse SA\u00a0<\/strong>mais ne constitue pas encore une acceptation de l&rsquo;offre du client.<\/p>\n<p>3.1.4 Un contrat n&rsquo;est conclu que par la d\u00e9claration d&rsquo;acceptation de\u00a0<strong>Tecnosuisse SA<\/strong>, qui est envoy\u00e9e par courrier \u00e9lectronique (confirmation d&rsquo;achat) au client, au plus tard cependant par l&rsquo;envoi des articles command\u00e9s ou l&rsquo;avis de mise \u00e0 disposition.<\/p>\n<p>3.1.5 Si un article command\u00e9 n&rsquo;est pas disponible,\u00a0<strong>Tecnosuisse SA<\/strong>\u00a0se r\u00e9serve le droit de ne pas accepter l&rsquo;offre du client, si bien qu&rsquo;aucun contrat n&rsquo;est conclu. Le client en est inform\u00e9 par courrier \u00e9lectronique. D&rsquo;\u00e9ventuels montants d\u00e9j\u00e0 pay\u00e9s pour les articles command\u00e9s sont dans ce cas rembours\u00e9s au client.<\/p>\n<p>3.1.6 Si seule une partie des articles command\u00e9s est disponible,\u00a0<strong>Tecnosuisse SA<\/strong>\u00a0se r\u00e9serve le droit de n&rsquo;accepter l&rsquo;offre du client que pour une partie des articles, si bien qu&rsquo;un contrat n&rsquo;est conclu que pour ce qui concerne ces articles. Le client en est inform\u00e9 par courrier \u00e9lectronique. D&rsquo;\u00e9ventuels montants d\u00e9j\u00e0 pay\u00e9s pour la partie restante des articles sont dans ce cas rembours\u00e9s au client.<\/p>\n<p>3.1.7 S&rsquo;il devait s&rsquo;av\u00e9rer, apr\u00e8s la conclusion du contrat, que les articles command\u00e9s ne peuvent \u00eatre livr\u00e9s en tout ou partie en raison de force majeure ou pour des motifs non imputables \u00e0\u00a0<strong>Tecnosuisse SA<\/strong>, celle-ci est en droit de se retirer en tout ou partie du contrat. Le client en est inform\u00e9 par courrier \u00e9lectronique. D&rsquo;\u00e9ventuels montants d\u00e9j\u00e0 pay\u00e9s pour les articles correspondants sont soit enti\u00e8rement rembours\u00e9s (en cas d&rsquo;un retrait int\u00e9gral du contrat) ou \u00e0 hauteur du prix des articles qui ne peuvent \u00eatre livr\u00e9s (en cas d&rsquo;un retrait partiel). Le client ne peut faire valoir aucune cr\u00e9ance additionnelle.<\/p>\n<h3>3.2. R\u00e9serve de propri\u00e9t\u00e9<\/h3>\n<p>Les articles demeurent de la propri\u00e9t\u00e9 de\u00a0<strong>Tecnosuisse SA\u00a0<\/strong>jusqu&rsquo;au paiement int\u00e9gral de toutes les cr\u00e9ances de\u00a0<strong>Tecnosuisse SA\u00a0<\/strong>contre le client. Le client autorise\u00a0<strong>Tecnosuisse SA\u00a0<\/strong>\u00e0 proc\u00e9der, aux frais du client, \u00e0 l&rsquo;inscription correspondante dans le registre des r\u00e9serves de propri\u00e9t\u00e9.<\/p>\n<h3>3.3. Droit de retour volontaire<\/h3>\n<p><strong>Tecnosuisse SA\u00a0<\/strong>accorde au client un droit de retour volontaire pendant un d\u00e9lai de 14 jours d\u00e8s la premi\u00e8re livraison ou le premier retrait des articles. Le retour n&rsquo;est possible que lorsque l&rsquo;article et l&#8217;emballage original ne sont pas endommag\u00e9s, que l&#8217;emballage original n&rsquo;a pas \u00e9t\u00e9 ouvert et que l&rsquo;article n&rsquo;a pas \u00e9t\u00e9 utilis\u00e9. Lorsque plusieurs articles sont achet\u00e9s ensemble \u00e0 un prix global, le droit de retour volontaire ne porte que sur l&rsquo;ensemble des articles. Le client doit pr\u00e9senter la facture originale.\u00a0<strong>Tecnosuisse SA\u00a0<\/strong>a le droit de rembourser le prix sous la forme de \u00ab\u00a0cartes cadeau\u00a0\u00bb\u00a0<strong>Tecnosuisse SA\u00a0<\/strong>et se r\u00e9serve le droit de renoncer au remboursement des frais de livraison et autres frais suppl\u00e9mentaires. Pour faire valoir son droit de retour et entamer le processus y relatif, le client doit s&rsquo;adresser \u00e0\u00a0<strong>Tecnosuisse SA<\/strong>. Alternativement, le client peut renvoyer les articles \u00e0 l&rsquo;adresse suivante:\u00a0<strong>Tecnosuisse SA &#8211; Via Industria 1, Stabile Vedeggio 2C &#8211; 6814 Lamone<\/strong>. Les risques et frais du transport ou du renvoi sont \u00e0 la charge du client.<\/p>\n<h3>3.4. Garantie et responsabilit\u00e9<\/h3>\n<p>3.4.1\u00a0<strong>Tecnosuisse SA\u00a0<\/strong>accorde au client une garantie de 2 ans \u00e0 compter de la date de facturation ou du premier retrait de l&rsquo;article pour les d\u00e9fauts qui r\u00e9sultent d&rsquo;un d\u00e9faut de mat\u00e9riau ou de fabrication. Toutes les indications figurant sur\u00a0<strong>Tecnosuisse SA<\/strong>\u00a0(description de produit, images, films, mesures, poids, sp\u00e9cifications techniques, accessoires et autres informations) sont soumises \u00e0 la r\u00e9serve d&rsquo;une erreur et ne constituent pas une garantie des qualit\u00e9s de l&rsquo;article. Les incombances du client relatives \u00e0 la v\u00e9rification de la chose et \u00e0 l&rsquo;avis des d\u00e9fauts sont r\u00e9gies par les dispositions l\u00e9gales. La cession de droits de garantie est exclue.<\/p>\n<p>3.4.2 Le droit de garantie du client est satisfait au choix de\u00a0<strong>Tecnosuisse SA\u00a0<\/strong>par la r\u00e9paration de l&rsquo;article, la livraison d&rsquo;un article de remplacement \u00e9quivalent et sans d\u00e9faut, la r\u00e9duction du prix ou l&rsquo;annulation du contrat (r\u00e9solution). Les r\u00e9parations sont effectu\u00e9es par\u00a0<strong>Tecnosuisse SA\u00a0<\/strong>ou par des ateliers de r\u00e9paration mandat\u00e9s par celle-ci. Le client n&rsquo;est pas en droit de confier la r\u00e9paration \u00e0 des tiers. Dans un tel cas, le client n&rsquo;a pas droit au remboursement des frais de r\u00e9paration. Le droit de garantie du client s&rsquo;\u00e9teint en cas d&rsquo;intervention technique et de d\u00e9fauts r\u00e9sultant d&rsquo;une manipulation inad\u00e9quate, une sollicitation excessive, une utilisation inappropri\u00e9e, une intervention ext\u00e9rieure (d\u00e9g\u00e2ts dus \u00e0 l&rsquo;humidit\u00e9, contact avec un liquide, coups, etc.) ou l&rsquo;inobservation du mode d&#8217;emploi et des instructions d&rsquo;entretien du fabricant.<\/p>\n<p>3.4.3 En cas de livraison d&rsquo;un article de remplacement \u00e9quivalent et sans d\u00e9faut, le d\u00e9lai de garantie est \u00e0 nouveau de 2 ans \u00e0 compter du moment o\u00f9 le client est avis\u00e9 de la mise \u00e0 disposition de l&rsquo;article de remplacement. En cas de r\u00e9paration, un d\u00e9lai de garantie de 2 ans \u00e0 compter du moment o\u00f9 le client est avis\u00e9 de la mise \u00e0 disposition de l&rsquo;article r\u00e9par\u00e9 est applicable,\u00a0<strong>Tecnosuisse SA\u00a0<\/strong>ne garantissant dans ce cas que les r\u00e9parations effectu\u00e9es et les pi\u00e8ces de rechange utilis\u00e9es. Les droits de garantie du client portant sur l&rsquo;ensemble de l&rsquo;article demeurent intacts pendant le d\u00e9lai de garantie de 2 ans \u00e0 compter de la premi\u00e8re livraison ou du premier retrait de l&rsquo;article.<\/p>\n<p>3.4.4 Pour faire valoir ses droits de garantie et entamer le processus y relatif, le client doit s&rsquo;adresser au service client\u00e8le de\u00a0<strong>Tecnosuisse SA\u00a0<\/strong>et pr\u00e9senter la facture originale. Les risques et les frais de tous les transports, par exemple le transport jusqu&rsquo;a\u00a0<strong>Tecnosuisse SA ou<\/strong>\u00a0le transport de retour au client sont \u00e0 la charge du client. D&rsquo;\u00e9ventuelles r\u00e9parations \u00e0 domicile sont \u00e0 la charge du client. Si un d\u00e9faut \u00e0 \u00e9liminer n&rsquo;est pas soumis \u00e0 garantie et que le client aurait pu s&rsquo;en rendre compte, il prend \u00e0 sa charge tous les frais r\u00e9sultant de la v\u00e9rification de l&rsquo;article.<\/p>\n<p>3.4.5 Ind\u00e9pendamment du fondement de sa responsabilit\u00e9,\u00a0<strong>Tecnosuisse SA\u00a0<\/strong>r\u00e9pond sans restriction en cas d&rsquo;atteinte \u00e0 la vie, \u00e0 l&rsquo;int\u00e9grit\u00e9 physique et \u00e0 la sant\u00e9, dans la mesure o\u00f9 les conditions de responsabilit\u00e9 sont remplies. De plus, dans la mesure o\u00f9 les conditions de responsabilit\u00e9 sont remplies,\u00a0<strong>Tecnosuisse SA\u00a0<\/strong>r\u00e9pond sans restriction, ind\u00e9pendamment du fondement de sa responsabilit\u00e9, des dommages qu&rsquo;elle cause intentionnellement ou par une n\u00e9gligence grave. Pour le surplus,\u00a0<strong>Tecnosuisse SA\u00a0<\/strong>exclut toute responsabilit\u00e9, ind\u00e9pendamment du fondement de celle-ci, dans toute la mesure permise par la loi.<\/p>\n<h3>3.5. Protection des donn\u00e9es<\/h3>\n<p><strong>Tecnosuisse SA\u00a0<\/strong>traite les donn\u00e9es personnelles du client dans le strict respect des dispositions applicables de la loi suisse sur la protection des donn\u00e9es.<\/p>\n","protected":false},"excerpt":{"rendered":"<p>Champ d&rsquo;application et partenaire contractuel 1 Les conditions g\u00e9n\u00e9rales ci-dessous (ci-apr\u00e8s, \u00ab\u00a0CG\u00a0\u00bb), s&rsquo;appliquent aux commandes d&rsquo;articles provenant de l&rsquo;assortiment de produits de l&rsquo;Online-Shop\u00a0Tecnosuisse SA\u00a0(www.tecnosuissesa.com) dans leur version en vigueur au moment de la commande. 2 Les CG forment partie int\u00e9grante du contrat conclu entre\u00a0Tecnosuisse SAet le client. Les dispositions qui d\u00e9rogent aux CG n&rsquo;ont force &hellip; <a href=\"https:\/\/www.tecnosuissesa.com\/fr\/conditions-generales-de-contrat\/\" class=\"more-link\">Continuer la lecture<span class=\"screen-reader-text\"> de &laquo;&nbsp;Conditions g\u00e9n\u00e9rales de contrat&nbsp;&raquo;<\/span><\/a><\/p>\n","protected":false},"author":1,"featured_media":0,"parent":0,"menu_order":0,"comment_status":"closed","ping_status":"closed","template":"","meta":{"footnotes":""},"class_list":["post-469","page","type-page","status-publish","hentry"],"yoast_head":"<!-- This site is optimized with the Yoast SEO plugin v27.1 - https:\/\/yoast.com\/product\/yoast-seo-wordpress\/ -->\n<title>Conditions g\u00e9n\u00e9rales de contrat - Tecnosuisse<\/title>\n<meta name=\"robots\" content=\"index, follow, max-snippet:-1, max-image-preview:large, max-video-preview:-1\" \/>\n<link rel=\"canonical\" href=\"https:\/\/www.tecnosuissesa.com\/fr\/conditions-generales-de-contrat\/\" \/>\n<meta property=\"og:locale\" content=\"fr_FR\" \/>\n<meta property=\"og:type\" content=\"article\" \/>\n<meta property=\"og:title\" content=\"Conditions g\u00e9n\u00e9rales de contrat - Tecnosuisse\" \/>\n<meta property=\"og:description\" content=\"Champ d&rsquo;application et partenaire contractuel 1 Les conditions g\u00e9n\u00e9rales ci-dessous (ci-apr\u00e8s, \u00ab\u00a0CG\u00a0\u00bb), s&rsquo;appliquent aux commandes d&rsquo;articles provenant de l&rsquo;assortiment de produits de l&rsquo;Online-Shop\u00a0Tecnosuisse SA\u00a0(www.tecnosuissesa.com) dans leur version en vigueur au moment de la commande. 2 Les CG forment partie int\u00e9grante du contrat conclu entre\u00a0Tecnosuisse SAet le client. Les dispositions qui d\u00e9rogent aux CG n&rsquo;ont force &hellip; Continuer la lecture de &laquo;&nbsp;Conditions g\u00e9n\u00e9rales de contrat&nbsp;&raquo;\" \/>\n<meta property=\"og:url\" content=\"https:\/\/www.tecnosuissesa.com\/fr\/conditions-generales-de-contrat\/\" \/>\n<meta property=\"og:site_name\" content=\"Tecnosuisse\" \/>\n<meta property=\"article:publisher\" content=\"https:\/\/www.facebook.com\/tecnosuisse\/\" \/>\n<meta property=\"article:modified_time\" content=\"2017-08-30T11:28:47+00:00\" \/>\n<meta property=\"og:image\" content=\"https:\/\/www.tecnosuissesa.com\/wp-content\/uploads\/2017\/08\/cropped-Logo_TecnoSuisse_627x627.png\" \/>\n\t<meta property=\"og:image:width\" content=\"512\" \/>\n\t<meta property=\"og:image:height\" content=\"512\" \/>\n\t<meta property=\"og:image:type\" content=\"image\/png\" \/>\n<meta name=\"twitter:card\" content=\"summary_large_image\" \/>\n<meta name=\"twitter:label1\" content=\"Dur\u00e9e de lecture estim\u00e9e\" \/>\n\t<meta name=\"twitter:data1\" content=\"7 minutes\" \/>\n<script type=\"application\/ld+json\" class=\"yoast-schema-graph\">{\"@context\":\"https:\/\/schema.org\",\"@graph\":[{\"@type\":\"WebPage\",\"@id\":\"https:\/\/www.tecnosuissesa.com\/fr\/conditions-generales-de-contrat\/\",\"url\":\"https:\/\/www.tecnosuissesa.com\/fr\/conditions-generales-de-contrat\/\",\"name\":\"Conditions g\u00e9n\u00e9rales de contrat - Tecnosuisse\",\"isPartOf\":{\"@id\":\"https:\/\/www.tecnosuissesa.com\/it\/#website\"},\"datePublished\":\"2017-08-30T09:11:49+00:00\",\"dateModified\":\"2017-08-30T11:28:47+00:00\",\"breadcrumb\":{\"@id\":\"https:\/\/www.tecnosuissesa.com\/fr\/conditions-generales-de-contrat\/#breadcrumb\"},\"inLanguage\":\"fr-FR\",\"potentialAction\":[{\"@type\":\"ReadAction\",\"target\":[\"https:\/\/www.tecnosuissesa.com\/fr\/conditions-generales-de-contrat\/\"]}]},{\"@type\":\"BreadcrumbList\",\"@id\":\"https:\/\/www.tecnosuissesa.com\/fr\/conditions-generales-de-contrat\/#breadcrumb\",\"itemListElement\":[{\"@type\":\"ListItem\",\"position\":1,\"name\":\"Home\",\"item\":\"https:\/\/www.tecnosuissesa.com\/fr\/\"},{\"@type\":\"ListItem\",\"position\":2,\"name\":\"Conditions g\u00e9n\u00e9rales de contrat\"}]},{\"@type\":\"WebSite\",\"@id\":\"https:\/\/www.tecnosuissesa.com\/it\/#website\",\"url\":\"https:\/\/www.tecnosuissesa.com\/it\/\",\"name\":\"Tecnosuisse\",\"description\":\"Macchine Utensili per Legno e Metalli\",\"publisher\":{\"@id\":\"https:\/\/www.tecnosuissesa.com\/it\/#organization\"},\"potentialAction\":[{\"@type\":\"SearchAction\",\"target\":{\"@type\":\"EntryPoint\",\"urlTemplate\":\"https:\/\/www.tecnosuissesa.com\/it\/?s={search_term_string}\"},\"query-input\":{\"@type\":\"PropertyValueSpecification\",\"valueRequired\":true,\"valueName\":\"search_term_string\"}}],\"inLanguage\":\"fr-FR\"},{\"@type\":\"Organization\",\"@id\":\"https:\/\/www.tecnosuissesa.com\/it\/#organization\",\"name\":\"Tecnosuisse\",\"url\":\"https:\/\/www.tecnosuissesa.com\/it\/\",\"logo\":{\"@type\":\"ImageObject\",\"inLanguage\":\"fr-FR\",\"@id\":\"https:\/\/www.tecnosuissesa.com\/it\/#\/schema\/logo\/image\/\",\"url\":\"https:\/\/www.tecnosuissesa.com\/wp-content\/uploads\/2017\/08\/Logo_TecnoSuisse_627x627.png\",\"contentUrl\":\"https:\/\/www.tecnosuissesa.com\/wp-content\/uploads\/2017\/08\/Logo_TecnoSuisse_627x627.png\",\"width\":627,\"height\":627,\"caption\":\"Tecnosuisse\"},\"image\":{\"@id\":\"https:\/\/www.tecnosuissesa.com\/it\/#\/schema\/logo\/image\/\"},\"sameAs\":[\"https:\/\/www.facebook.com\/tecnosuisse\/\",\"https:\/\/www.youtube.com\/channel\/UCSoxFNkw8ZiE4jP9OY8AdFg\"]}]}<\/script>\n<!-- \/ Yoast SEO plugin. -->","yoast_head_json":{"title":"Conditions g\u00e9n\u00e9rales de contrat - Tecnosuisse","robots":{"index":"index","follow":"follow","max-snippet":"max-snippet:-1","max-image-preview":"max-image-preview:large","max-video-preview":"max-video-preview:-1"},"canonical":"https:\/\/www.tecnosuissesa.com\/fr\/conditions-generales-de-contrat\/","og_locale":"fr_FR","og_type":"article","og_title":"Conditions g\u00e9n\u00e9rales de contrat - Tecnosuisse","og_description":"Champ d&rsquo;application et partenaire contractuel 1 Les conditions g\u00e9n\u00e9rales ci-dessous (ci-apr\u00e8s, \u00ab\u00a0CG\u00a0\u00bb), s&rsquo;appliquent aux commandes d&rsquo;articles provenant de l&rsquo;assortiment de produits de l&rsquo;Online-Shop\u00a0Tecnosuisse SA\u00a0(www.tecnosuissesa.com) dans leur version en vigueur au moment de la commande. 2 Les CG forment partie int\u00e9grante du contrat conclu entre\u00a0Tecnosuisse SAet le client. Les dispositions qui d\u00e9rogent aux CG n&rsquo;ont force &hellip; Continuer la lecture de &laquo;&nbsp;Conditions g\u00e9n\u00e9rales de contrat&nbsp;&raquo;","og_url":"https:\/\/www.tecnosuissesa.com\/fr\/conditions-generales-de-contrat\/","og_site_name":"Tecnosuisse","article_publisher":"https:\/\/www.facebook.com\/tecnosuisse\/","article_modified_time":"2017-08-30T11:28:47+00:00","og_image":[{"width":512,"height":512,"url":"https:\/\/www.tecnosuissesa.com\/wp-content\/uploads\/2017\/08\/cropped-Logo_TecnoSuisse_627x627.png","type":"image\/png"}],"twitter_card":"summary_large_image","twitter_misc":{"Dur\u00e9e de lecture estim\u00e9e":"7 minutes"},"schema":{"@context":"https:\/\/schema.org","@graph":[{"@type":"WebPage","@id":"https:\/\/www.tecnosuissesa.com\/fr\/conditions-generales-de-contrat\/","url":"https:\/\/www.tecnosuissesa.com\/fr\/conditions-generales-de-contrat\/","name":"Conditions g\u00e9n\u00e9rales de contrat - Tecnosuisse","isPartOf":{"@id":"https:\/\/www.tecnosuissesa.com\/it\/#website"},"datePublished":"2017-08-30T09:11:49+00:00","dateModified":"2017-08-30T11:28:47+00:00","breadcrumb":{"@id":"https:\/\/www.tecnosuissesa.com\/fr\/conditions-generales-de-contrat\/#breadcrumb"},"inLanguage":"fr-FR","potentialAction":[{"@type":"ReadAction","target":["https:\/\/www.tecnosuissesa.com\/fr\/conditions-generales-de-contrat\/"]}]},{"@type":"BreadcrumbList","@id":"https:\/\/www.tecnosuissesa.com\/fr\/conditions-generales-de-contrat\/#breadcrumb","itemListElement":[{"@type":"ListItem","position":1,"name":"Home","item":"https:\/\/www.tecnosuissesa.com\/fr\/"},{"@type":"ListItem","position":2,"name":"Conditions g\u00e9n\u00e9rales de contrat"}]},{"@type":"WebSite","@id":"https:\/\/www.tecnosuissesa.com\/it\/#website","url":"https:\/\/www.tecnosuissesa.com\/it\/","name":"Tecnosuisse","description":"Macchine Utensili per Legno e Metalli","publisher":{"@id":"https:\/\/www.tecnosuissesa.com\/it\/#organization"},"potentialAction":[{"@type":"SearchAction","target":{"@type":"EntryPoint","urlTemplate":"https:\/\/www.tecnosuissesa.com\/it\/?s={search_term_string}"},"query-input":{"@type":"PropertyValueSpecification","valueRequired":true,"valueName":"search_term_string"}}],"inLanguage":"fr-FR"},{"@type":"Organization","@id":"https:\/\/www.tecnosuissesa.com\/it\/#organization","name":"Tecnosuisse","url":"https:\/\/www.tecnosuissesa.com\/it\/","logo":{"@type":"ImageObject","inLanguage":"fr-FR","@id":"https:\/\/www.tecnosuissesa.com\/it\/#\/schema\/logo\/image\/","url":"https:\/\/www.tecnosuissesa.com\/wp-content\/uploads\/2017\/08\/Logo_TecnoSuisse_627x627.png","contentUrl":"https:\/\/www.tecnosuissesa.com\/wp-content\/uploads\/2017\/08\/Logo_TecnoSuisse_627x627.png","width":627,"height":627,"caption":"Tecnosuisse"},"image":{"@id":"https:\/\/www.tecnosuissesa.com\/it\/#\/schema\/logo\/image\/"},"sameAs":["https:\/\/www.facebook.com\/tecnosuisse\/","https:\/\/www.youtube.com\/channel\/UCSoxFNkw8ZiE4jP9OY8AdFg"]}]}},"_links":{"self":[{"href":"https:\/\/www.tecnosuissesa.com\/fr\/wp-json\/wp\/v2\/pages\/469","targetHints":{"allow":["GET"]}}],"collection":[{"href":"https:\/\/www.tecnosuissesa.com\/fr\/wp-json\/wp\/v2\/pages"}],"about":[{"href":"https:\/\/www.tecnosuissesa.com\/fr\/wp-json\/wp\/v2\/types\/page"}],"author":[{"embeddable":true,"href":"https:\/\/www.tecnosuissesa.com\/fr\/wp-json\/wp\/v2\/users\/1"}],"replies":[{"embeddable":true,"href":"https:\/\/www.tecnosuissesa.com\/fr\/wp-json\/wp\/v2\/comments?post=469"}],"version-history":[{"count":3,"href":"https:\/\/www.tecnosuissesa.com\/fr\/wp-json\/wp\/v2\/pages\/469\/revisions"}],"predecessor-version":[{"id":481,"href":"https:\/\/www.tecnosuissesa.com\/fr\/wp-json\/wp\/v2\/pages\/469\/revisions\/481"}],"wp:attachment":[{"href":"https:\/\/www.tecnosuissesa.com\/fr\/wp-json\/wp\/v2\/media?parent=469"}],"curies":[{"name":"wp","href":"https:\/\/api.w.org\/{rel}","templated":true}]}}