{"id":351,"date":"2017-08-24T20:05:18","date_gmt":"2017-08-24T18:05:18","guid":{"rendered":"https:\/\/www.tecnosuissesa.com\/?page_id=351\/"},"modified":"2017-08-24T20:05:18","modified_gmt":"2017-08-24T18:05:18","slug":"enterprise","status":"publish","type":"page","link":"https:\/\/www.tecnosuissesa.com\/fr\/enterprise\/","title":{"rendered":"Enterprise"},"content":{"rendered":"<h1 class=\"Standard\"><span style=\"color: #ff0000;\">Tecnosuisse S.A.<\/span><\/h1>\n<h2><span style=\"color: #336699;\">Machines-outils pour le travail du bois et des m\u00e9taux<\/span><\/h2>\n<p class=\"Standard\"><span lang=\"fr-ch\" xml:lang=\"fr-ch\">L&rsquo;entreprise<strong>\u00a0TECNOSUISSE SA<\/strong>\u00a0de Lamone est depuis 2005 le repr\u00e9sentants officiels de DM Italy Srl.<\/span>\u00a0Nous importons et vendons des machines-outils pour le travail du bois et du m\u00e9tal (hobby et\u00a0professionnelle) sur le territoire Suisse.<\/p>\n<p class=\"Standard\"><span lang=\"fr-ch\" xml:lang=\"fr-ch\">L&rsquo;offre de nos produits varie de groupes de travail de tours, fraiseuses, scies, bandes et toute une gamme de machines et articles connexes.<\/span><\/p>\n<p class=\"Standard\"><span lang=\"fr-ch\" xml:lang=\"fr-ch\">Les machines pour le march\u00e9 suisse sont misent en place dans une particuli\u00e8re \u00ab\u00a0Swiss Edition\u00a0\u00bb: une version am\u00e9lior\u00e9e de la version italienne et qui est la mieux adapt\u00e9e aux besoins sp\u00e9cifiques du march\u00e9 Elvetique. (Garanties suppl\u00e9mentaires, selon l&rsquo;article des outils suppl\u00e9mentaires, des contr\u00f4les suppl\u00e9mentaires, Garantie Suisse, etc .).<\/span><\/p>\n<p class=\"Standard\">Nous sommes situ\u00e9s \u00e0 Lamone, Via Industria 1, Etablissement Vedeggio 2c o\u00f9 vous trouverez\u00a0\u00e9galement une tr\u00e8s belle exposition o\u00f9 vous pouvez voir, sur rendez-vous, certaines de nos offres.<\/p>\n<p class=\"Standard\">N&rsquo;h\u00e9sitez pas \u00e0 nous contacter<\/p>\n<p class=\"Standard\">Bureau, Exposition:<br \/>\n<strong>Tecnosuisse S.A.<br \/>\n<\/strong>Via Industria 1 &#8211; Stabile Vedeggio<br \/>\nEntrata 2C &#8211; 2\u00b0 Piano<br \/>\n6814 Lamone<\/p>\n<p align=\"justify\">Contacts:<br \/>\nTel : 091 630 90 68<br \/>\nFax: 091 647 06 29<br \/>\nCel.: 076 342 56 77<\/p>\n<p align=\"justify\">Email :\u00a0<a href=\"mailto:info@tecnosuisse.net\">info@tecnosuisse.net<\/a><\/p>\n","protected":false},"excerpt":{"rendered":"<p>Tecnosuisse S.A. Machines-outils pour le travail du bois et des m\u00e9taux L&rsquo;entreprise\u00a0TECNOSUISSE SA\u00a0de Lamone est depuis 2005 le repr\u00e9sentants officiels de DM Italy Srl.\u00a0Nous importons et vendons des machines-outils pour le travail du bois et du m\u00e9tal (hobby et\u00a0professionnelle) sur le territoire Suisse. L&rsquo;offre de nos produits varie de groupes de travail de tours, fraiseuses, &hellip; <a href=\"https:\/\/www.tecnosuissesa.com\/fr\/enterprise\/\" class=\"more-link\">Continuer la lecture<span class=\"screen-reader-text\"> de &laquo;&nbsp;Enterprise&nbsp;&raquo;<\/span><\/a><\/p>\n","protected":false},"author":1,"featured_media":0,"parent":0,"menu_order":0,"comment_status":"closed","ping_status":"closed","template":"","meta":{"footnotes":""},"class_list":["post-351","page","type-page","status-publish","hentry"],"yoast_head":"<!-- This site is optimized with the Yoast SEO plugin v27.1 - https:\/\/yoast.com\/product\/yoast-seo-wordpress\/ -->\n<title>Enterprise - Tecnosuisse<\/title>\n<meta name=\"robots\" content=\"index, follow, max-snippet:-1, max-image-preview:large, max-video-preview:-1\" \/>\n<link rel=\"canonical\" href=\"https:\/\/www.tecnosuissesa.com\/fr\/enterprise\/\" \/>\n<meta property=\"og:locale\" content=\"fr_FR\" \/>\n<meta property=\"og:type\" content=\"article\" \/>\n<meta property=\"og:title\" content=\"Enterprise - Tecnosuisse\" \/>\n<meta property=\"og:description\" content=\"Tecnosuisse S.A. Machines-outils pour le travail du bois et des m\u00e9taux L&rsquo;entreprise\u00a0TECNOSUISSE SA\u00a0de Lamone est depuis 2005 le repr\u00e9sentants officiels de DM Italy Srl.\u00a0Nous importons et vendons des machines-outils pour le travail du bois et du m\u00e9tal (hobby et\u00a0professionnelle) sur le territoire Suisse. L&rsquo;offre de nos produits varie de groupes de travail de tours, fraiseuses, &hellip; Continuer la lecture de &laquo;&nbsp;Enterprise&nbsp;&raquo;\" \/>\n<meta property=\"og:url\" content=\"https:\/\/www.tecnosuissesa.com\/fr\/enterprise\/\" \/>\n<meta property=\"og:site_name\" content=\"Tecnosuisse\" \/>\n<meta property=\"article:publisher\" content=\"https:\/\/www.facebook.com\/tecnosuisse\/\" \/>\n<meta property=\"og:image\" content=\"https:\/\/www.tecnosuissesa.com\/wp-content\/uploads\/2017\/08\/cropped-Logo_TecnoSuisse_627x627.png\" \/>\n\t<meta property=\"og:image:width\" content=\"512\" \/>\n\t<meta property=\"og:image:height\" content=\"512\" \/>\n\t<meta property=\"og:image:type\" content=\"image\/png\" \/>\n<meta name=\"twitter:card\" content=\"summary_large_image\" \/>\n<meta name=\"twitter:label1\" content=\"Dur\u00e9e de lecture estim\u00e9e\" \/>\n\t<meta name=\"twitter:data1\" content=\"1 minute\" \/>\n<script type=\"application\/ld+json\" class=\"yoast-schema-graph\">{\"@context\":\"https:\/\/schema.org\",\"@graph\":[{\"@type\":\"WebPage\",\"@id\":\"https:\/\/www.tecnosuissesa.com\/fr\/enterprise\/\",\"url\":\"https:\/\/www.tecnosuissesa.com\/fr\/enterprise\/\",\"name\":\"Enterprise - Tecnosuisse\",\"isPartOf\":{\"@id\":\"https:\/\/www.tecnosuissesa.com\/it\/#website\"},\"datePublished\":\"2017-08-24T18:05:18+00:00\",\"breadcrumb\":{\"@id\":\"https:\/\/www.tecnosuissesa.com\/fr\/enterprise\/#breadcrumb\"},\"inLanguage\":\"fr-FR\",\"potentialAction\":[{\"@type\":\"ReadAction\",\"target\":[\"https:\/\/www.tecnosuissesa.com\/fr\/enterprise\/\"]}]},{\"@type\":\"BreadcrumbList\",\"@id\":\"https:\/\/www.tecnosuissesa.com\/fr\/enterprise\/#breadcrumb\",\"itemListElement\":[{\"@type\":\"ListItem\",\"position\":1,\"name\":\"Home\",\"item\":\"https:\/\/www.tecnosuissesa.com\/fr\/\"},{\"@type\":\"ListItem\",\"position\":2,\"name\":\"Enterprise\"}]},{\"@type\":\"WebSite\",\"@id\":\"https:\/\/www.tecnosuissesa.com\/it\/#website\",\"url\":\"https:\/\/www.tecnosuissesa.com\/it\/\",\"name\":\"Tecnosuisse\",\"description\":\"Macchine Utensili per Legno e Metalli\",\"publisher\":{\"@id\":\"https:\/\/www.tecnosuissesa.com\/it\/#organization\"},\"potentialAction\":[{\"@type\":\"SearchAction\",\"target\":{\"@type\":\"EntryPoint\",\"urlTemplate\":\"https:\/\/www.tecnosuissesa.com\/it\/?s={search_term_string}\"},\"query-input\":{\"@type\":\"PropertyValueSpecification\",\"valueRequired\":true,\"valueName\":\"search_term_string\"}}],\"inLanguage\":\"fr-FR\"},{\"@type\":\"Organization\",\"@id\":\"https:\/\/www.tecnosuissesa.com\/it\/#organization\",\"name\":\"Tecnosuisse\",\"url\":\"https:\/\/www.tecnosuissesa.com\/it\/\",\"logo\":{\"@type\":\"ImageObject\",\"inLanguage\":\"fr-FR\",\"@id\":\"https:\/\/www.tecnosuissesa.com\/it\/#\/schema\/logo\/image\/\",\"url\":\"https:\/\/www.tecnosuissesa.com\/wp-content\/uploads\/2017\/08\/Logo_TecnoSuisse_627x627.png\",\"contentUrl\":\"https:\/\/www.tecnosuissesa.com\/wp-content\/uploads\/2017\/08\/Logo_TecnoSuisse_627x627.png\",\"width\":627,\"height\":627,\"caption\":\"Tecnosuisse\"},\"image\":{\"@id\":\"https:\/\/www.tecnosuissesa.com\/it\/#\/schema\/logo\/image\/\"},\"sameAs\":[\"https:\/\/www.facebook.com\/tecnosuisse\/\",\"https:\/\/www.youtube.com\/channel\/UCSoxFNkw8ZiE4jP9OY8AdFg\"]}]}<\/script>\n<!-- \/ Yoast SEO plugin. -->","yoast_head_json":{"title":"Enterprise - Tecnosuisse","robots":{"index":"index","follow":"follow","max-snippet":"max-snippet:-1","max-image-preview":"max-image-preview:large","max-video-preview":"max-video-preview:-1"},"canonical":"https:\/\/www.tecnosuissesa.com\/fr\/enterprise\/","og_locale":"fr_FR","og_type":"article","og_title":"Enterprise - Tecnosuisse","og_description":"Tecnosuisse S.A. Machines-outils pour le travail du bois et des m\u00e9taux L&rsquo;entreprise\u00a0TECNOSUISSE SA\u00a0de Lamone est depuis 2005 le repr\u00e9sentants officiels de DM Italy Srl.\u00a0Nous importons et vendons des machines-outils pour le travail du bois et du m\u00e9tal (hobby et\u00a0professionnelle) sur le territoire Suisse. L&rsquo;offre de nos produits varie de groupes de travail de tours, fraiseuses, &hellip; Continuer la lecture de &laquo;&nbsp;Enterprise&nbsp;&raquo;","og_url":"https:\/\/www.tecnosuissesa.com\/fr\/enterprise\/","og_site_name":"Tecnosuisse","article_publisher":"https:\/\/www.facebook.com\/tecnosuisse\/","og_image":[{"width":512,"height":512,"url":"https:\/\/www.tecnosuissesa.com\/wp-content\/uploads\/2017\/08\/cropped-Logo_TecnoSuisse_627x627.png","type":"image\/png"}],"twitter_card":"summary_large_image","twitter_misc":{"Dur\u00e9e de lecture estim\u00e9e":"1 minute"},"schema":{"@context":"https:\/\/schema.org","@graph":[{"@type":"WebPage","@id":"https:\/\/www.tecnosuissesa.com\/fr\/enterprise\/","url":"https:\/\/www.tecnosuissesa.com\/fr\/enterprise\/","name":"Enterprise - Tecnosuisse","isPartOf":{"@id":"https:\/\/www.tecnosuissesa.com\/it\/#website"},"datePublished":"2017-08-24T18:05:18+00:00","breadcrumb":{"@id":"https:\/\/www.tecnosuissesa.com\/fr\/enterprise\/#breadcrumb"},"inLanguage":"fr-FR","potentialAction":[{"@type":"ReadAction","target":["https:\/\/www.tecnosuissesa.com\/fr\/enterprise\/"]}]},{"@type":"BreadcrumbList","@id":"https:\/\/www.tecnosuissesa.com\/fr\/enterprise\/#breadcrumb","itemListElement":[{"@type":"ListItem","position":1,"name":"Home","item":"https:\/\/www.tecnosuissesa.com\/fr\/"},{"@type":"ListItem","position":2,"name":"Enterprise"}]},{"@type":"WebSite","@id":"https:\/\/www.tecnosuissesa.com\/it\/#website","url":"https:\/\/www.tecnosuissesa.com\/it\/","name":"Tecnosuisse","description":"Macchine Utensili per Legno e Metalli","publisher":{"@id":"https:\/\/www.tecnosuissesa.com\/it\/#organization"},"potentialAction":[{"@type":"SearchAction","target":{"@type":"EntryPoint","urlTemplate":"https:\/\/www.tecnosuissesa.com\/it\/?s={search_term_string}"},"query-input":{"@type":"PropertyValueSpecification","valueRequired":true,"valueName":"search_term_string"}}],"inLanguage":"fr-FR"},{"@type":"Organization","@id":"https:\/\/www.tecnosuissesa.com\/it\/#organization","name":"Tecnosuisse","url":"https:\/\/www.tecnosuissesa.com\/it\/","logo":{"@type":"ImageObject","inLanguage":"fr-FR","@id":"https:\/\/www.tecnosuissesa.com\/it\/#\/schema\/logo\/image\/","url":"https:\/\/www.tecnosuissesa.com\/wp-content\/uploads\/2017\/08\/Logo_TecnoSuisse_627x627.png","contentUrl":"https:\/\/www.tecnosuissesa.com\/wp-content\/uploads\/2017\/08\/Logo_TecnoSuisse_627x627.png","width":627,"height":627,"caption":"Tecnosuisse"},"image":{"@id":"https:\/\/www.tecnosuissesa.com\/it\/#\/schema\/logo\/image\/"},"sameAs":["https:\/\/www.facebook.com\/tecnosuisse\/","https:\/\/www.youtube.com\/channel\/UCSoxFNkw8ZiE4jP9OY8AdFg"]}]}},"_links":{"self":[{"href":"https:\/\/www.tecnosuissesa.com\/fr\/wp-json\/wp\/v2\/pages\/351","targetHints":{"allow":["GET"]}}],"collection":[{"href":"https:\/\/www.tecnosuissesa.com\/fr\/wp-json\/wp\/v2\/pages"}],"about":[{"href":"https:\/\/www.tecnosuissesa.com\/fr\/wp-json\/wp\/v2\/types\/page"}],"author":[{"embeddable":true,"href":"https:\/\/www.tecnosuissesa.com\/fr\/wp-json\/wp\/v2\/users\/1"}],"replies":[{"embeddable":true,"href":"https:\/\/www.tecnosuissesa.com\/fr\/wp-json\/wp\/v2\/comments?post=351"}],"version-history":[{"count":1,"href":"https:\/\/www.tecnosuissesa.com\/fr\/wp-json\/wp\/v2\/pages\/351\/revisions"}],"predecessor-version":[{"id":352,"href":"https:\/\/www.tecnosuissesa.com\/fr\/wp-json\/wp\/v2\/pages\/351\/revisions\/352"}],"wp:attachment":[{"href":"https:\/\/www.tecnosuissesa.com\/fr\/wp-json\/wp\/v2\/media?parent=351"}],"curies":[{"name":"wp","href":"https:\/\/api.w.org\/{rel}","templated":true}]}}