{"id":162,"date":"2017-08-04T22:35:50","date_gmt":"2017-08-04T20:35:50","guid":{"rendered":"https:\/\/www.tecnosuissesa.com\/home\/"},"modified":"2017-09-12T17:48:30","modified_gmt":"2017-09-12T15:48:30","slug":"home","status":"publish","type":"page","link":"https:\/\/www.tecnosuissesa.com\/fr\/","title":{"rendered":"Tecnosuisse"},"content":{"rendered":"<h2>Machines-outils pour le travaille du bois et du m\u00e9tal<\/h2>\n<p><a href=\"https:\/\/www.tecnosuissesa.com\/fr\/categorie-produit\/machines-a-bois\/\"><\/p>\n<div class=\"immagini-home\" style=\"float: left;\">\n<h2>Machines \u00e0 bois<\/h2>\n<h3>Machines-outils de divers types pour le travail du bois<\/h3>\n<p><img loading=\"lazy\" decoding=\"async\" class=\"alignnone size-medium wp-image-105\" src=\"https:\/\/www.tecnosuissesa.com\/wp-content\/uploads\/2017\/08\/Macchine-per-legno-300x300.jpg\" alt=\"Machines \u00e0 bois\" width=\"300\" height=\"300\" srcset=\"https:\/\/www.tecnosuissesa.com\/wp-content\/uploads\/2017\/08\/Macchine-per-legno-300x300.jpg 300w, https:\/\/www.tecnosuissesa.com\/wp-content\/uploads\/2017\/08\/Macchine-per-legno-150x150.jpg 150w, https:\/\/www.tecnosuissesa.com\/wp-content\/uploads\/2017\/08\/Macchine-per-legno-768x768.jpg 768w, https:\/\/www.tecnosuissesa.com\/wp-content\/uploads\/2017\/08\/Macchine-per-legno-1024x1024.jpg 1024w, https:\/\/www.tecnosuissesa.com\/wp-content\/uploads\/2017\/08\/Macchine-per-legno-180x180.jpg 180w, https:\/\/www.tecnosuissesa.com\/wp-content\/uploads\/2017\/08\/Macchine-per-legno-600x600.jpg 600w, https:\/\/www.tecnosuissesa.com\/wp-content\/uploads\/2017\/08\/Macchine-per-legno.jpg 1048w\" sizes=\"auto, (max-width: 300px) 85vw, 300px\" \/>\n<\/div>\n<p><\/a><\/p>\n<p><a href=\"https:\/\/www.tecnosuissesa.com\/fr\/categorie-produit\/machines-a-metaux\/\"><\/p>\n<div class=\"immagini-home\" style=\"float: right;\">\n<h2>Machines \u00e0 m\u00e9taux<\/h2>\n<h3>Machines-outils adapt\u00e9es pour le travail du m\u00e9tal<\/h3>\n<p><img loading=\"lazy\" decoding=\"async\" class=\"alignnone size-medium wp-image-105\" src=\"https:\/\/www.tecnosuissesa.com\/wp-content\/uploads\/2017\/08\/Macchine-per-metalli.jpg\" alt=\"Machines \u00e0 m\u00e9taux\" width=\"300\" height=\"300\" \/>\n<\/div>\n<p><\/a><\/p>\n","protected":false},"excerpt":{"rendered":"<p>Machines-outils pour le travaille du bois et du m\u00e9tal Machines \u00e0 bois Machines-outils de divers types pour le travail du bois Machines \u00e0 m\u00e9taux Machines-outils adapt\u00e9es pour le travail du m\u00e9tal<\/p>\n","protected":false},"author":1,"featured_media":0,"parent":0,"menu_order":0,"comment_status":"closed","ping_status":"closed","template":"homepage.php","meta":{"footnotes":""},"class_list":["post-162","page","type-page","status-publish","hentry"],"yoast_head":"<!-- This site is optimized with the Yoast SEO plugin v27.1 - https:\/\/yoast.com\/product\/yoast-seo-wordpress\/ -->\n<title>Tecnosuisse - Tecnosuisse<\/title>\n<meta name=\"robots\" content=\"index, follow, max-snippet:-1, max-image-preview:large, max-video-preview:-1\" \/>\n<link rel=\"canonical\" href=\"https:\/\/www.tecnosuissesa.com\/fr\/\" \/>\n<meta property=\"og:locale\" content=\"fr_FR\" \/>\n<meta property=\"og:type\" content=\"article\" \/>\n<meta property=\"og:title\" content=\"Tecnosuisse - Tecnosuisse\" \/>\n<meta property=\"og:description\" content=\"Machines-outils pour le travaille du bois et du m\u00e9tal Machines \u00e0 bois Machines-outils de divers types pour le travail du bois Machines \u00e0 m\u00e9taux Machines-outils adapt\u00e9es pour le travail du m\u00e9tal\" \/>\n<meta property=\"og:url\" content=\"https:\/\/www.tecnosuissesa.com\/fr\/\" \/>\n<meta property=\"og:site_name\" content=\"Tecnosuisse\" \/>\n<meta property=\"article:publisher\" content=\"https:\/\/www.facebook.com\/tecnosuisse\/\" \/>\n<meta property=\"article:modified_time\" content=\"2017-09-12T15:48:30+00:00\" \/>\n<meta property=\"og:image\" content=\"https:\/\/www.tecnosuissesa.com\/wp-content\/uploads\/2017\/08\/Macchine-per-legno-300x300.jpg\" \/>\n<meta name=\"twitter:card\" content=\"summary_large_image\" \/>\n<script type=\"application\/ld+json\" class=\"yoast-schema-graph\">{\"@context\":\"https:\/\/schema.org\",\"@graph\":[{\"@type\":\"WebPage\",\"@id\":\"https:\/\/www.tecnosuissesa.com\/fr\/\",\"url\":\"https:\/\/www.tecnosuissesa.com\/fr\/\",\"name\":\"Tecnosuisse - Tecnosuisse\",\"isPartOf\":{\"@id\":\"https:\/\/www.tecnosuissesa.com\/it\/#website\"},\"primaryImageOfPage\":{\"@id\":\"https:\/\/www.tecnosuissesa.com\/fr\/#primaryimage\"},\"image\":{\"@id\":\"https:\/\/www.tecnosuissesa.com\/fr\/#primaryimage\"},\"thumbnailUrl\":\"https:\/\/www.tecnosuissesa.com\/wp-content\/uploads\/2017\/08\/Macchine-per-legno-300x300.jpg\",\"datePublished\":\"2017-08-04T20:35:50+00:00\",\"dateModified\":\"2017-09-12T15:48:30+00:00\",\"breadcrumb\":{\"@id\":\"https:\/\/www.tecnosuissesa.com\/fr\/#breadcrumb\"},\"inLanguage\":\"fr-FR\",\"potentialAction\":[{\"@type\":\"ReadAction\",\"target\":[\"https:\/\/www.tecnosuissesa.com\/fr\/\"]}]},{\"@type\":\"ImageObject\",\"inLanguage\":\"fr-FR\",\"@id\":\"https:\/\/www.tecnosuissesa.com\/fr\/#primaryimage\",\"url\":\"https:\/\/www.tecnosuissesa.com\/wp-content\/uploads\/2017\/08\/Macchine-per-legno-300x300.jpg\",\"contentUrl\":\"https:\/\/www.tecnosuissesa.com\/wp-content\/uploads\/2017\/08\/Macchine-per-legno-300x300.jpg\"},{\"@type\":\"BreadcrumbList\",\"@id\":\"https:\/\/www.tecnosuissesa.com\/fr\/#breadcrumb\",\"itemListElement\":[{\"@type\":\"ListItem\",\"position\":1,\"name\":\"Home\",\"item\":\"https:\/\/www.tecnosuissesa.com\/fr\/\"},{\"@type\":\"ListItem\",\"position\":2,\"name\":\"Tecnosuisse\"}]},{\"@type\":\"WebSite\",\"@id\":\"https:\/\/www.tecnosuissesa.com\/it\/#website\",\"url\":\"https:\/\/www.tecnosuissesa.com\/it\/\",\"name\":\"Tecnosuisse\",\"description\":\"Macchine Utensili per Legno e Metalli\",\"publisher\":{\"@id\":\"https:\/\/www.tecnosuissesa.com\/it\/#organization\"},\"potentialAction\":[{\"@type\":\"SearchAction\",\"target\":{\"@type\":\"EntryPoint\",\"urlTemplate\":\"https:\/\/www.tecnosuissesa.com\/it\/?s={search_term_string}\"},\"query-input\":{\"@type\":\"PropertyValueSpecification\",\"valueRequired\":true,\"valueName\":\"search_term_string\"}}],\"inLanguage\":\"fr-FR\"},{\"@type\":\"Organization\",\"@id\":\"https:\/\/www.tecnosuissesa.com\/it\/#organization\",\"name\":\"Tecnosuisse\",\"url\":\"https:\/\/www.tecnosuissesa.com\/it\/\",\"logo\":{\"@type\":\"ImageObject\",\"inLanguage\":\"fr-FR\",\"@id\":\"https:\/\/www.tecnosuissesa.com\/it\/#\/schema\/logo\/image\/\",\"url\":\"https:\/\/www.tecnosuissesa.com\/wp-content\/uploads\/2017\/08\/Logo_TecnoSuisse_627x627.png\",\"contentUrl\":\"https:\/\/www.tecnosuissesa.com\/wp-content\/uploads\/2017\/08\/Logo_TecnoSuisse_627x627.png\",\"width\":627,\"height\":627,\"caption\":\"Tecnosuisse\"},\"image\":{\"@id\":\"https:\/\/www.tecnosuissesa.com\/it\/#\/schema\/logo\/image\/\"},\"sameAs\":[\"https:\/\/www.facebook.com\/tecnosuisse\/\",\"https:\/\/www.youtube.com\/channel\/UCSoxFNkw8ZiE4jP9OY8AdFg\"]}]}<\/script>\n<!-- \/ Yoast SEO plugin. -->","yoast_head_json":{"title":"Tecnosuisse - Tecnosuisse","robots":{"index":"index","follow":"follow","max-snippet":"max-snippet:-1","max-image-preview":"max-image-preview:large","max-video-preview":"max-video-preview:-1"},"canonical":"https:\/\/www.tecnosuissesa.com\/fr\/","og_locale":"fr_FR","og_type":"article","og_title":"Tecnosuisse - Tecnosuisse","og_description":"Machines-outils pour le travaille du bois et du m\u00e9tal Machines \u00e0 bois Machines-outils de divers types pour le travail du bois Machines \u00e0 m\u00e9taux Machines-outils adapt\u00e9es pour le travail du m\u00e9tal","og_url":"https:\/\/www.tecnosuissesa.com\/fr\/","og_site_name":"Tecnosuisse","article_publisher":"https:\/\/www.facebook.com\/tecnosuisse\/","article_modified_time":"2017-09-12T15:48:30+00:00","og_image":[{"url":"https:\/\/www.tecnosuissesa.com\/wp-content\/uploads\/2017\/08\/Macchine-per-legno-300x300.jpg","type":"","width":"","height":""}],"twitter_card":"summary_large_image","schema":{"@context":"https:\/\/schema.org","@graph":[{"@type":"WebPage","@id":"https:\/\/www.tecnosuissesa.com\/fr\/","url":"https:\/\/www.tecnosuissesa.com\/fr\/","name":"Tecnosuisse - Tecnosuisse","isPartOf":{"@id":"https:\/\/www.tecnosuissesa.com\/it\/#website"},"primaryImageOfPage":{"@id":"https:\/\/www.tecnosuissesa.com\/fr\/#primaryimage"},"image":{"@id":"https:\/\/www.tecnosuissesa.com\/fr\/#primaryimage"},"thumbnailUrl":"https:\/\/www.tecnosuissesa.com\/wp-content\/uploads\/2017\/08\/Macchine-per-legno-300x300.jpg","datePublished":"2017-08-04T20:35:50+00:00","dateModified":"2017-09-12T15:48:30+00:00","breadcrumb":{"@id":"https:\/\/www.tecnosuissesa.com\/fr\/#breadcrumb"},"inLanguage":"fr-FR","potentialAction":[{"@type":"ReadAction","target":["https:\/\/www.tecnosuissesa.com\/fr\/"]}]},{"@type":"ImageObject","inLanguage":"fr-FR","@id":"https:\/\/www.tecnosuissesa.com\/fr\/#primaryimage","url":"https:\/\/www.tecnosuissesa.com\/wp-content\/uploads\/2017\/08\/Macchine-per-legno-300x300.jpg","contentUrl":"https:\/\/www.tecnosuissesa.com\/wp-content\/uploads\/2017\/08\/Macchine-per-legno-300x300.jpg"},{"@type":"BreadcrumbList","@id":"https:\/\/www.tecnosuissesa.com\/fr\/#breadcrumb","itemListElement":[{"@type":"ListItem","position":1,"name":"Home","item":"https:\/\/www.tecnosuissesa.com\/fr\/"},{"@type":"ListItem","position":2,"name":"Tecnosuisse"}]},{"@type":"WebSite","@id":"https:\/\/www.tecnosuissesa.com\/it\/#website","url":"https:\/\/www.tecnosuissesa.com\/it\/","name":"Tecnosuisse","description":"Macchine Utensili per Legno e Metalli","publisher":{"@id":"https:\/\/www.tecnosuissesa.com\/it\/#organization"},"potentialAction":[{"@type":"SearchAction","target":{"@type":"EntryPoint","urlTemplate":"https:\/\/www.tecnosuissesa.com\/it\/?s={search_term_string}"},"query-input":{"@type":"PropertyValueSpecification","valueRequired":true,"valueName":"search_term_string"}}],"inLanguage":"fr-FR"},{"@type":"Organization","@id":"https:\/\/www.tecnosuissesa.com\/it\/#organization","name":"Tecnosuisse","url":"https:\/\/www.tecnosuissesa.com\/it\/","logo":{"@type":"ImageObject","inLanguage":"fr-FR","@id":"https:\/\/www.tecnosuissesa.com\/it\/#\/schema\/logo\/image\/","url":"https:\/\/www.tecnosuissesa.com\/wp-content\/uploads\/2017\/08\/Logo_TecnoSuisse_627x627.png","contentUrl":"https:\/\/www.tecnosuissesa.com\/wp-content\/uploads\/2017\/08\/Logo_TecnoSuisse_627x627.png","width":627,"height":627,"caption":"Tecnosuisse"},"image":{"@id":"https:\/\/www.tecnosuissesa.com\/it\/#\/schema\/logo\/image\/"},"sameAs":["https:\/\/www.facebook.com\/tecnosuisse\/","https:\/\/www.youtube.com\/channel\/UCSoxFNkw8ZiE4jP9OY8AdFg"]}]}},"_links":{"self":[{"href":"https:\/\/www.tecnosuissesa.com\/fr\/wp-json\/wp\/v2\/pages\/162","targetHints":{"allow":["GET"]}}],"collection":[{"href":"https:\/\/www.tecnosuissesa.com\/fr\/wp-json\/wp\/v2\/pages"}],"about":[{"href":"https:\/\/www.tecnosuissesa.com\/fr\/wp-json\/wp\/v2\/types\/page"}],"author":[{"embeddable":true,"href":"https:\/\/www.tecnosuissesa.com\/fr\/wp-json\/wp\/v2\/users\/1"}],"replies":[{"embeddable":true,"href":"https:\/\/www.tecnosuissesa.com\/fr\/wp-json\/wp\/v2\/comments?post=162"}],"version-history":[{"count":6,"href":"https:\/\/www.tecnosuissesa.com\/fr\/wp-json\/wp\/v2\/pages\/162\/revisions"}],"predecessor-version":[{"id":664,"href":"https:\/\/www.tecnosuissesa.com\/fr\/wp-json\/wp\/v2\/pages\/162\/revisions\/664"}],"wp:attachment":[{"href":"https:\/\/www.tecnosuissesa.com\/fr\/wp-json\/wp\/v2\/media?parent=162"}],"curies":[{"name":"wp","href":"https:\/\/api.w.org\/{rel}","templated":true}]}}