{"id":977,"date":"2017-09-25T12:44:39","date_gmt":"2017-09-25T10:44:39","guid":{"rendered":"https:\/\/www.tecnosuissesa.com\/product\/dreh-frasmaschine-fur-die-metallbearbeitung-master-125-3l\/"},"modified":"2017-09-25T12:44:39","modified_gmt":"2017-09-25T10:44:39","slug":"dreh-frasmaschine-fur-die-metallbearbeitung-master-125-3l","status":"publish","type":"product","link":"https:\/\/www.tecnosuissesa.com\/de\/product\/dreh-frasmaschine-fur-die-metallbearbeitung-master-125-3l\/","title":{"rendered":"Dreh Fr\u00e4smaschine f\u00fcr die Metallbearbeitung MASTER 125.3L"},"content":{"rendered":"<p><span lang=\"de\" xml:lang=\"de\">Eine kleine, aber sehr pr\u00e4zise und robuste Kombimaschine f\u00fcr die Metallbearbeitung. Sie ist mit automatischem Vorschub ausgestattet und beweist sich als optimale Maschine sowohl zum Gewindeschneiden als auch zum Fr\u00e4sen. Der einphasige Motor, der sowohl die Fr\u00e4smaschine als auch die Drehmaschine antreibt, hat eine Leistung von 125 W. Die Maschine wird bereits in der Standardausf\u00fchrung mit 2 Reitst\u00f6cken mit fester konischer Aufnahme, dem kompletten Zahnr\u00e4dersatz zum Gewindeschneiden, dem 3-Backenfutter f\u00fcr die Drehmaschine und mit der Fr\u00e4sspindel geliefert.<\/span><\/p>\n<table>\n<tbody>\n<tr>\n<td colspan=\"2\"><strong>TECHNISCHE DATEN<\/strong><\/td>\n<\/tr>\n<tr>\n<td colspan=\"2\"><strong>PLATZBEDARF DER MASCHINE<\/strong><\/td>\n<\/tr>\n<tr>\n<td>Abmessungen der Maschine<\/td>\n<td>520 mm (L) x 250 mm (B) x 430 mm (H)<\/td>\n<\/tr>\n<tr>\n<td>Nettogewicht der Maschine<\/td>\n<td>20 kg<\/td>\n<\/tr>\n<tr>\n<td colspan=\"2\"><strong>SPEZIFIKATIONEN DER DREHMASCHINE<\/strong><\/td>\n<\/tr>\n<tr>\n<td>Abstand zwischen den Spitzen<\/td>\n<td>125 mm<\/td>\n<\/tr>\n<tr>\n<td>H\u00f6he der Spitzen<\/td>\n<td>65 mm<\/td>\n<\/tr>\n<tr>\n<td>Max. Durchmesser des auf der Bank zu verarbeitenden Werkst\u00fccks<\/td>\n<td>110 mm<\/td>\n<\/tr>\n<tr>\n<td>Durchmesser der (beigepackten) Spindel<\/td>\n<td>60 mm<\/td>\n<\/tr>\n<tr>\n<td>Durchmesser der durchf\u00fchrenden Schiene<\/td>\n<td>9 mm<\/td>\n<\/tr>\n<tr>\n<td>Max. Durchmesser des auf der Bank zu bearbeitenden Werkst\u00fccks<\/td>\n<td>125 mm<\/td>\n<\/tr>\n<tr>\n<td>Geschwindigkeit der Spindel<\/td>\n<td>560 bis 2500 U\/Min<\/td>\n<\/tr>\n<tr>\n<td>Metrische Gewinde<\/td>\n<td>0,4 bis 1,5 mm<\/td>\n<\/tr>\n<tr>\n<td>Zollgewinde<\/td>\n<td>16 bis 48 Gewinde pro Zoll<\/td>\n<\/tr>\n<tr>\n<td>Kegel des Reitstocks<\/td>\n<td>MT1<\/td>\n<\/tr>\n<tr>\n<td>Kegel der Spindel<\/td>\n<td>MT1<\/td>\n<\/tr>\n<tr>\n<td>Max. H\u00f6he zwischen Schlitten und Fr\u00e4sspindel<\/td>\n<td>70 mm<\/td>\n<\/tr>\n<tr>\n<td>Max. Querhub des Schlittens<\/td>\n<td>45 mm<\/td>\n<\/tr>\n<tr>\n<td>Max. L\u00e4ngshub des Schlittens<\/td>\n<td>215 mm<\/td>\n<\/tr>\n<tr>\n<td colspan=\"2\"><strong>FR\u00c4SMASCHINE<\/strong><\/td>\n<\/tr>\n<tr>\n<td>Kegel der Fr\u00e4sewelle<\/td>\n<td>MT1<\/td>\n<\/tr>\n<tr>\n<td>Wellendurchmesser<\/td>\n<td>40 mm<\/td>\n<\/tr>\n<tr>\n<td>\u00d6ffnung der Fr\u00e4sspindel<\/td>\n<td>0,6 bis 6 mm<\/td>\n<\/tr>\n<tr>\n<td>Fr\u00e4sgeschwindigkeit<\/td>\n<td>500 bis 2500 U\/Min<\/td>\n<\/tr>\n<tr>\n<td>Winkeleinstellung des Fr\u00e4skopfs<\/td>\n<td>um 360 Grad drehbar<\/td>\n<\/tr>\n<tr>\n<td>Gr\u00f6\u00dfe der Fr\u00e4sbank<\/td>\n<td>65 x 85 mm<\/td>\n<\/tr>\n<tr>\n<td colspan=\"2\"><strong>MOTOR<\/strong><\/td>\n<\/tr>\n<tr>\n<td>Leistung<\/td>\n<td>120 W<\/td>\n<\/tr>\n<tr>\n<td>Typ<\/td>\n<td>Einphasig (220 V)<\/td>\n<\/tr>\n<\/tbody>\n<\/table>\n","protected":false},"excerpt":{"rendered":"<p><span lang=\"de\" xml:lang=\"de\">Dreh Fr\u00e4smaschine Bohrmaschine f\u00fcr die Metallbearbeitung.<\/span><\/p>\n<p><span lang=\"de\" xml:lang=\"de\">Abstand zwischen den Spitzen 125 mm, max. Drehdurchmesser 110 mm<\/span><\/p>\n","protected":false},"featured_media":972,"comment_status":"open","ping_status":"closed","template":"","meta":[],"product_brand":[],"product_cat":[52,106],"product_tag":[],"class_list":{"0":"post-977","1":"product","2":"type-product","3":"status-publish","4":"has-post-thumbnail","6":"product_cat-metallbearbeitungsmaschinen","7":"product_cat-dreh-fraesmaschine","8":"product_shipping_class-classe-10-de","10":"first","11":"instock","12":"shipping-taxable","13":"purchasable","14":"product-type-simple"},"yoast_head":"<!-- This site is optimized with the Yoast SEO plugin v27.1 - https:\/\/yoast.com\/product\/yoast-seo-wordpress\/ -->\n<title>Dreh Fr\u00e4smaschine f\u00fcr die Metallbearbeitung MASTER 125.3L - Tecnosuisse<\/title>\n<meta name=\"robots\" content=\"index, follow, max-snippet:-1, max-image-preview:large, max-video-preview:-1\" \/>\n<link rel=\"canonical\" href=\"https:\/\/www.tecnosuissesa.com\/de\/produkt\/dreh-frasmaschine-fur-die-metallbearbeitung-master-125-3l\/\" \/>\n<meta property=\"og:locale\" content=\"de_DE\" \/>\n<meta property=\"og:type\" content=\"article\" \/>\n<meta property=\"og:title\" content=\"Dreh Fr\u00e4smaschine f\u00fcr die Metallbearbeitung MASTER 125.3L - Tecnosuisse\" \/>\n<meta property=\"og:description\" content=\"Dreh Fr\u00e4smaschine Bohrmaschine f\u00fcr die Metallbearbeitung.  Abstand zwischen den Spitzen 125 mm, max. Drehdurchmesser 110 mm\" \/>\n<meta property=\"og:url\" content=\"https:\/\/www.tecnosuissesa.com\/de\/produkt\/dreh-frasmaschine-fur-die-metallbearbeitung-master-125-3l\/\" \/>\n<meta property=\"og:site_name\" content=\"Tecnosuisse\" \/>\n<meta property=\"article:publisher\" content=\"https:\/\/www.facebook.com\/tecnosuisse\/\" \/>\n<meta property=\"og:image\" content=\"https:\/\/www.tecnosuissesa.com\/wp-content\/uploads\/2017\/09\/Tornio_Fresatrice_AT125_01.jpg\" \/>\n\t<meta property=\"og:image:width\" content=\"1024\" \/>\n\t<meta property=\"og:image:height\" content=\"768\" \/>\n\t<meta property=\"og:image:type\" content=\"image\/jpeg\" \/>\n<meta name=\"twitter:card\" content=\"summary_large_image\" \/>\n<meta name=\"twitter:label1\" content=\"Gesch\u00e4tzte Lesezeit\" \/>\n\t<meta name=\"twitter:data1\" content=\"1\u00a0Minute\" \/>\n<script type=\"application\/ld+json\" class=\"yoast-schema-graph\">{\"@context\":\"https:\/\/schema.org\",\"@graph\":[{\"@type\":\"WebPage\",\"@id\":\"https:\/\/www.tecnosuissesa.com\/de\/produkt\/dreh-frasmaschine-fur-die-metallbearbeitung-master-125-3l\/\",\"url\":\"https:\/\/www.tecnosuissesa.com\/de\/produkt\/dreh-frasmaschine-fur-die-metallbearbeitung-master-125-3l\/\",\"name\":\"Dreh Fr\u00e4smaschine f\u00fcr die Metallbearbeitung MASTER 125.3L - Tecnosuisse\",\"isPartOf\":{\"@id\":\"https:\/\/www.tecnosuissesa.com\/it\/#website\"},\"primaryImageOfPage\":{\"@id\":\"https:\/\/www.tecnosuissesa.com\/de\/produkt\/dreh-frasmaschine-fur-die-metallbearbeitung-master-125-3l\/#primaryimage\"},\"image\":{\"@id\":\"https:\/\/www.tecnosuissesa.com\/de\/produkt\/dreh-frasmaschine-fur-die-metallbearbeitung-master-125-3l\/#primaryimage\"},\"thumbnailUrl\":\"https:\/\/www.tecnosuissesa.com\/wp-content\/uploads\/2017\/09\/Tornio_Fresatrice_AT125_01.jpg\",\"datePublished\":\"2017-09-25T10:44:39+00:00\",\"breadcrumb\":{\"@id\":\"https:\/\/www.tecnosuissesa.com\/de\/produkt\/dreh-frasmaschine-fur-die-metallbearbeitung-master-125-3l\/#breadcrumb\"},\"inLanguage\":\"de\",\"potentialAction\":[{\"@type\":\"ReadAction\",\"target\":[\"https:\/\/www.tecnosuissesa.com\/de\/produkt\/dreh-frasmaschine-fur-die-metallbearbeitung-master-125-3l\/\"]}]},{\"@type\":\"ImageObject\",\"inLanguage\":\"de\",\"@id\":\"https:\/\/www.tecnosuissesa.com\/de\/produkt\/dreh-frasmaschine-fur-die-metallbearbeitung-master-125-3l\/#primaryimage\",\"url\":\"https:\/\/www.tecnosuissesa.com\/wp-content\/uploads\/2017\/09\/Tornio_Fresatrice_AT125_01.jpg\",\"contentUrl\":\"https:\/\/www.tecnosuissesa.com\/wp-content\/uploads\/2017\/09\/Tornio_Fresatrice_AT125_01.jpg\",\"width\":1024,\"height\":768},{\"@type\":\"BreadcrumbList\",\"@id\":\"https:\/\/www.tecnosuissesa.com\/de\/produkt\/dreh-frasmaschine-fur-die-metallbearbeitung-master-125-3l\/#breadcrumb\",\"itemListElement\":[{\"@type\":\"ListItem\",\"position\":1,\"name\":\"Home\",\"item\":\"https:\/\/www.tecnosuissesa.com\/de\/\"},{\"@type\":\"ListItem\",\"position\":2,\"name\":\"Vendita di Macchine Utensili per Legno e per Metalli\",\"item\":\"https:\/\/www.tecnosuissesa.com\/it\/vendita-macchine-utensili\/\"},{\"@type\":\"ListItem\",\"position\":3,\"name\":\"Dreh Fr\u00e4smaschine f\u00fcr die Metallbearbeitung MASTER 125.3L\"}]},{\"@type\":\"WebSite\",\"@id\":\"https:\/\/www.tecnosuissesa.com\/it\/#website\",\"url\":\"https:\/\/www.tecnosuissesa.com\/it\/\",\"name\":\"Tecnosuisse\",\"description\":\"Macchine Utensili per Legno e Metalli\",\"publisher\":{\"@id\":\"https:\/\/www.tecnosuissesa.com\/it\/#organization\"},\"potentialAction\":[{\"@type\":\"SearchAction\",\"target\":{\"@type\":\"EntryPoint\",\"urlTemplate\":\"https:\/\/www.tecnosuissesa.com\/it\/?s={search_term_string}\"},\"query-input\":{\"@type\":\"PropertyValueSpecification\",\"valueRequired\":true,\"valueName\":\"search_term_string\"}}],\"inLanguage\":\"de\"},{\"@type\":\"Organization\",\"@id\":\"https:\/\/www.tecnosuissesa.com\/it\/#organization\",\"name\":\"Tecnosuisse\",\"url\":\"https:\/\/www.tecnosuissesa.com\/it\/\",\"logo\":{\"@type\":\"ImageObject\",\"inLanguage\":\"de\",\"@id\":\"https:\/\/www.tecnosuissesa.com\/it\/#\/schema\/logo\/image\/\",\"url\":\"https:\/\/www.tecnosuissesa.com\/wp-content\/uploads\/2017\/08\/Logo_TecnoSuisse_627x627.png\",\"contentUrl\":\"https:\/\/www.tecnosuissesa.com\/wp-content\/uploads\/2017\/08\/Logo_TecnoSuisse_627x627.png\",\"width\":627,\"height\":627,\"caption\":\"Tecnosuisse\"},\"image\":{\"@id\":\"https:\/\/www.tecnosuissesa.com\/it\/#\/schema\/logo\/image\/\"},\"sameAs\":[\"https:\/\/www.facebook.com\/tecnosuisse\/\",\"https:\/\/www.youtube.com\/channel\/UCSoxFNkw8ZiE4jP9OY8AdFg\"]}]}<\/script>\n<!-- \/ Yoast SEO plugin. -->","yoast_head_json":{"title":"Dreh Fr\u00e4smaschine f\u00fcr die Metallbearbeitung MASTER 125.3L - Tecnosuisse","robots":{"index":"index","follow":"follow","max-snippet":"max-snippet:-1","max-image-preview":"max-image-preview:large","max-video-preview":"max-video-preview:-1"},"canonical":"https:\/\/www.tecnosuissesa.com\/de\/produkt\/dreh-frasmaschine-fur-die-metallbearbeitung-master-125-3l\/","og_locale":"de_DE","og_type":"article","og_title":"Dreh Fr\u00e4smaschine f\u00fcr die Metallbearbeitung MASTER 125.3L - Tecnosuisse","og_description":"Dreh Fr\u00e4smaschine Bohrmaschine f\u00fcr die Metallbearbeitung.  Abstand zwischen den Spitzen 125 mm, max. Drehdurchmesser 110 mm","og_url":"https:\/\/www.tecnosuissesa.com\/de\/produkt\/dreh-frasmaschine-fur-die-metallbearbeitung-master-125-3l\/","og_site_name":"Tecnosuisse","article_publisher":"https:\/\/www.facebook.com\/tecnosuisse\/","og_image":[{"width":1024,"height":768,"url":"https:\/\/www.tecnosuissesa.com\/wp-content\/uploads\/2017\/09\/Tornio_Fresatrice_AT125_01.jpg","type":"image\/jpeg"}],"twitter_card":"summary_large_image","twitter_misc":{"Gesch\u00e4tzte Lesezeit":"1\u00a0Minute"},"schema":{"@context":"https:\/\/schema.org","@graph":[{"@type":"WebPage","@id":"https:\/\/www.tecnosuissesa.com\/de\/produkt\/dreh-frasmaschine-fur-die-metallbearbeitung-master-125-3l\/","url":"https:\/\/www.tecnosuissesa.com\/de\/produkt\/dreh-frasmaschine-fur-die-metallbearbeitung-master-125-3l\/","name":"Dreh Fr\u00e4smaschine f\u00fcr die Metallbearbeitung MASTER 125.3L - Tecnosuisse","isPartOf":{"@id":"https:\/\/www.tecnosuissesa.com\/it\/#website"},"primaryImageOfPage":{"@id":"https:\/\/www.tecnosuissesa.com\/de\/produkt\/dreh-frasmaschine-fur-die-metallbearbeitung-master-125-3l\/#primaryimage"},"image":{"@id":"https:\/\/www.tecnosuissesa.com\/de\/produkt\/dreh-frasmaschine-fur-die-metallbearbeitung-master-125-3l\/#primaryimage"},"thumbnailUrl":"https:\/\/www.tecnosuissesa.com\/wp-content\/uploads\/2017\/09\/Tornio_Fresatrice_AT125_01.jpg","datePublished":"2017-09-25T10:44:39+00:00","breadcrumb":{"@id":"https:\/\/www.tecnosuissesa.com\/de\/produkt\/dreh-frasmaschine-fur-die-metallbearbeitung-master-125-3l\/#breadcrumb"},"inLanguage":"de","potentialAction":[{"@type":"ReadAction","target":["https:\/\/www.tecnosuissesa.com\/de\/produkt\/dreh-frasmaschine-fur-die-metallbearbeitung-master-125-3l\/"]}]},{"@type":"ImageObject","inLanguage":"de","@id":"https:\/\/www.tecnosuissesa.com\/de\/produkt\/dreh-frasmaschine-fur-die-metallbearbeitung-master-125-3l\/#primaryimage","url":"https:\/\/www.tecnosuissesa.com\/wp-content\/uploads\/2017\/09\/Tornio_Fresatrice_AT125_01.jpg","contentUrl":"https:\/\/www.tecnosuissesa.com\/wp-content\/uploads\/2017\/09\/Tornio_Fresatrice_AT125_01.jpg","width":1024,"height":768},{"@type":"BreadcrumbList","@id":"https:\/\/www.tecnosuissesa.com\/de\/produkt\/dreh-frasmaschine-fur-die-metallbearbeitung-master-125-3l\/#breadcrumb","itemListElement":[{"@type":"ListItem","position":1,"name":"Home","item":"https:\/\/www.tecnosuissesa.com\/de\/"},{"@type":"ListItem","position":2,"name":"Vendita di Macchine Utensili per Legno e per Metalli","item":"https:\/\/www.tecnosuissesa.com\/it\/vendita-macchine-utensili\/"},{"@type":"ListItem","position":3,"name":"Dreh Fr\u00e4smaschine f\u00fcr die Metallbearbeitung MASTER 125.3L"}]},{"@type":"WebSite","@id":"https:\/\/www.tecnosuissesa.com\/it\/#website","url":"https:\/\/www.tecnosuissesa.com\/it\/","name":"Tecnosuisse","description":"Macchine Utensili per Legno e Metalli","publisher":{"@id":"https:\/\/www.tecnosuissesa.com\/it\/#organization"},"potentialAction":[{"@type":"SearchAction","target":{"@type":"EntryPoint","urlTemplate":"https:\/\/www.tecnosuissesa.com\/it\/?s={search_term_string}"},"query-input":{"@type":"PropertyValueSpecification","valueRequired":true,"valueName":"search_term_string"}}],"inLanguage":"de"},{"@type":"Organization","@id":"https:\/\/www.tecnosuissesa.com\/it\/#organization","name":"Tecnosuisse","url":"https:\/\/www.tecnosuissesa.com\/it\/","logo":{"@type":"ImageObject","inLanguage":"de","@id":"https:\/\/www.tecnosuissesa.com\/it\/#\/schema\/logo\/image\/","url":"https:\/\/www.tecnosuissesa.com\/wp-content\/uploads\/2017\/08\/Logo_TecnoSuisse_627x627.png","contentUrl":"https:\/\/www.tecnosuissesa.com\/wp-content\/uploads\/2017\/08\/Logo_TecnoSuisse_627x627.png","width":627,"height":627,"caption":"Tecnosuisse"},"image":{"@id":"https:\/\/www.tecnosuissesa.com\/it\/#\/schema\/logo\/image\/"},"sameAs":["https:\/\/www.facebook.com\/tecnosuisse\/","https:\/\/www.youtube.com\/channel\/UCSoxFNkw8ZiE4jP9OY8AdFg"]}]}},"_links":{"self":[{"href":"https:\/\/www.tecnosuissesa.com\/de\/wp-json\/wp\/v2\/product\/977","targetHints":{"allow":["GET"]}}],"collection":[{"href":"https:\/\/www.tecnosuissesa.com\/de\/wp-json\/wp\/v2\/product"}],"about":[{"href":"https:\/\/www.tecnosuissesa.com\/de\/wp-json\/wp\/v2\/types\/product"}],"replies":[{"embeddable":true,"href":"https:\/\/www.tecnosuissesa.com\/de\/wp-json\/wp\/v2\/comments?post=977"}],"wp:featuredmedia":[{"embeddable":true,"href":"https:\/\/www.tecnosuissesa.com\/de\/wp-json\/wp\/v2\/media\/972"}],"wp:attachment":[{"href":"https:\/\/www.tecnosuissesa.com\/de\/wp-json\/wp\/v2\/media?parent=977"}],"wp:term":[{"taxonomy":"product_brand","embeddable":true,"href":"https:\/\/www.tecnosuissesa.com\/de\/wp-json\/wp\/v2\/product_brand?post=977"},{"taxonomy":"product_cat","embeddable":true,"href":"https:\/\/www.tecnosuissesa.com\/de\/wp-json\/wp\/v2\/product_cat?post=977"},{"taxonomy":"product_tag","embeddable":true,"href":"https:\/\/www.tecnosuissesa.com\/de\/wp-json\/wp\/v2\/product_tag?post=977"}],"curies":[{"name":"wp","href":"https:\/\/api.w.org\/{rel}","templated":true}]}}