{"id":964,"date":"2017-09-25T10:30:22","date_gmt":"2017-09-25T08:30:22","guid":{"rendered":"https:\/\/www.tecnosuissesa.com\/product\/frasmaschine-fur-metall-orion-2-5\/"},"modified":"2017-09-25T10:30:22","modified_gmt":"2017-09-25T08:30:22","slug":"frasmaschine-fur-metall-orion-2-5","status":"publish","type":"product","link":"https:\/\/www.tecnosuissesa.com\/de\/product\/frasmaschine-fur-metall-orion-2-5\/","title":{"rendered":"Fr\u00e4smaschine f\u00fcr Metall Orion 2.5"},"content":{"rendered":"<p>Diese halbprofessionelle Fr\u00e4smaschine f\u00fcr die Metallbearbeitung eignet sich hervorragend zum Schneiden, Bohren, Fr\u00e4sen und Gewindeschneiden jeder Metalloberfl\u00e4che. Sie besitzt eine ausgezeichnete Qualit\u00e4t und kann leicht ohne besondere praktische Erfahrung benutzt werden. Die senkrechte S\u00e4ule der Maschine ist aus Gusseisen, ein sehr steifes und best\u00e4ndiges Material, das w\u00e4hrend der Verarbeitung eine hervorragende Stabilit\u00e4t verleiht. Die Geschwindigkeiten sind \u00fcber die entsprechenden, in der frontseitigen Tabelle angegebenen Einstellungen bequem regulierbar. Die Standardausf\u00fchrung der Maschine wird mit einer manuellen Bewegung des Arbeitstischs ausgeliefert. Der automatische Vorschub f\u00fcr den Kreuztisch ist separat erh\u00e4ltlich. K\u00dcHLPUMPE AUF ANFRAGE.<\/p>\n<table class=\"table table-striped\" border=\"1\" width=\"100%\" cellspacing=\"0\" cellpadding=\"0\">\n<tbody>\n<tr>\n<td colspan=\"2\" valign=\"top\">\n<div align=\"center\"><strong>TECHNISCHE DATEN<\/strong><\/div>\n<\/td>\n<\/tr>\n<tr>\n<td colspan=\"2\" valign=\"top\" height=\"20px\">MASCHINEABMESSUNGEN<\/td>\n<\/tr>\n<tr>\n<td valign=\"top\" width=\"352\" height=\"20px\">Abmessungen mit Unterbau<\/td>\n<td valign=\"top\" width=\"415\" height=\"20px\">900 mm (L\u00e4nge) x 800 mm (Breite) x 1900 mm (H\u00f6he)<\/td>\n<\/tr>\n<tr>\n<td valign=\"top\" height=\"20px\">Nettogewicht der Maschine<\/td>\n<td valign=\"top\" height=\"20px\">132 Kg<\/td>\n<\/tr>\n<tr>\n<td colspan=\"2\" height=\"20px\"><strong>EIGENSCHAFTEN DER FR\u00c4SMASCHINE<\/strong><\/td>\n<\/tr>\n<tr>\n<td height=\"20px\">Max. Durchbohrungsf\u00e4higkeit<\/td>\n<td height=\"20px\">25 mm<\/td>\n<\/tr>\n<tr>\n<td height=\"20px\">Max. Schaftfr\u00e4ser<\/td>\n<td height=\"20px\">63 mm<\/td>\n<\/tr>\n<tr>\n<td height=\"20px\">Abstand zwischen Kolonne und Achse<\/td>\n<td height=\"20px\">195 mm<\/td>\n<\/tr>\n<tr>\n<td height=\"20px\">T-Nuten im Kreuztisch<\/td>\n<td height=\"20px\">15 x 25 mm<\/td>\n<\/tr>\n<tr>\n<td height=\"20px\">Werkzeugaufnahme<\/td>\n<td height=\"20px\">85 mm &#8211; MT 3<\/td>\n<\/tr>\n<tr>\n<td height=\"20px\">Abmessungen des Arbeitstisches<\/td>\n<td height=\"20px\">520 x 160 mm<\/td>\n<\/tr>\n<tr>\n<td height=\"20px\">Achsenhub X \/ Y \/Z<\/td>\n<td height=\"20px\">150 mm \/ +- 230 mm \/ +- 425 mm<\/td>\n<\/tr>\n<tr>\n<td height=\"20px\">Maximale Abstand zwischen Spindel und Arbeitstisch<\/td>\n<td height=\"20px\">330 mm<\/td>\n<\/tr>\n<tr>\n<td height=\"20px\">Neigung Fr\u00e4sekopf<\/td>\n<td height=\"20px\">+-90 gradi<\/td>\n<\/tr>\n<tr>\n<td height=\"20px\">W\u00e4hlbare Geschwindigkeiten<\/td>\n<td height=\"20px\">da 95 a 1420 mm<\/td>\n<\/tr>\n<tr>\n<td height=\"20px\">Maximale Spindeldrehzahl<\/td>\n<td height=\"20px\">1420 r \/ min<\/td>\n<\/tr>\n<tr>\n<td colspan=\"2\" height=\"20px\"><strong>MOTOR FR\u00c4SMASCHINE<\/strong><\/td>\n<\/tr>\n<tr>\n<td height=\"20px\">Leistung<\/td>\n<td height=\"20px\">1 HP<\/td>\n<\/tr>\n<tr>\n<td height=\"20px\">Typologie<\/td>\n<td>220 V (einphasig)<\/td>\n<\/tr>\n<tr>\n<td height=\"20px\">Frequenz<\/td>\n<td>50Hz<\/td>\n<\/tr>\n<tr>\n<td colspan=\"2\" height=\"20px\"><strong>TISCHENVORSCHUB<\/strong><\/td>\n<\/tr>\n<tr>\n<td height=\"20px\">L\u00e4ngsvorschub<\/td>\n<td height=\"20px\">Manuell<\/td>\n<\/tr>\n<tr>\n<td height=\"20px\">Quervorschub (Kreuztisch)<\/td>\n<td height=\"20px\">Manuell (optional Automatischer Fr\u00e4svorschub f\u00fcr Kreuztisch)<\/td>\n<\/tr>\n<\/tbody>\n<\/table>\n","protected":false},"excerpt":{"rendered":"<p>Fr\u00e4smaschine f\u00fcr die metallbearbeitung mit regulierbaren Geschwindigkeiten, Kreuztisch 520 x 160 mm und Einphasen-Motor 1 PS<\/p>\n","protected":false},"featured_media":942,"comment_status":"open","ping_status":"closed","template":"","meta":[],"product_brand":[],"product_cat":[77],"product_tag":[105],"class_list":{"0":"post-964","1":"product","2":"type-product","3":"status-publish","4":"has-post-thumbnail","6":"product_cat-bohr-und-fraesmaschine-fuer-metallbearbeitung","7":"product_tag-metallfraesmaschine","8":"product_shipping_class-classe-10-de","10":"first","11":"instock","12":"shipping-taxable","13":"purchasable","14":"product-type-simple"},"yoast_head":"<!-- This site is optimized with the Yoast SEO plugin v27.1 - https:\/\/yoast.com\/product\/yoast-seo-wordpress\/ -->\n<title>Fr\u00e4smaschine f\u00fcr Metall Orion 2.5 - Tecnosuisse<\/title>\n<meta name=\"robots\" content=\"index, follow, max-snippet:-1, max-image-preview:large, max-video-preview:-1\" \/>\n<link rel=\"canonical\" href=\"https:\/\/www.tecnosuissesa.com\/de\/produkt\/frasmaschine-fur-metall-orion-2-5\/\" \/>\n<meta property=\"og:locale\" content=\"de_DE\" \/>\n<meta property=\"og:type\" content=\"article\" \/>\n<meta property=\"og:title\" content=\"Fr\u00e4smaschine f\u00fcr Metall Orion 2.5 - Tecnosuisse\" \/>\n<meta property=\"og:description\" content=\"Fr\u00e4smaschine f\u00fcr die metallbearbeitung mit regulierbaren Geschwindigkeiten, Kreuztisch 520 x 160 mm und Einphasen-Motor 1 PS\" \/>\n<meta property=\"og:url\" content=\"https:\/\/www.tecnosuissesa.com\/de\/produkt\/frasmaschine-fur-metall-orion-2-5\/\" \/>\n<meta property=\"og:site_name\" content=\"Tecnosuisse\" \/>\n<meta property=\"article:publisher\" content=\"https:\/\/www.facebook.com\/tecnosuisse\/\" \/>\n<meta property=\"og:image\" content=\"https:\/\/www.tecnosuissesa.com\/wp-content\/uploads\/2017\/09\/fresatrice-per-metalli-orion-25-1.jpg\" \/>\n\t<meta property=\"og:image:width\" content=\"800\" \/>\n\t<meta property=\"og:image:height\" content=\"800\" \/>\n\t<meta property=\"og:image:type\" content=\"image\/jpeg\" \/>\n<meta name=\"twitter:card\" content=\"summary_large_image\" \/>\n<meta name=\"twitter:label1\" content=\"Gesch\u00e4tzte Lesezeit\" \/>\n\t<meta name=\"twitter:data1\" content=\"1\u00a0Minute\" \/>\n<script type=\"application\/ld+json\" class=\"yoast-schema-graph\">{\"@context\":\"https:\/\/schema.org\",\"@graph\":[{\"@type\":\"WebPage\",\"@id\":\"https:\/\/www.tecnosuissesa.com\/de\/produkt\/frasmaschine-fur-metall-orion-2-5\/\",\"url\":\"https:\/\/www.tecnosuissesa.com\/de\/produkt\/frasmaschine-fur-metall-orion-2-5\/\",\"name\":\"Fr\u00e4smaschine f\u00fcr Metall Orion 2.5 - Tecnosuisse\",\"isPartOf\":{\"@id\":\"https:\/\/www.tecnosuissesa.com\/it\/#website\"},\"primaryImageOfPage\":{\"@id\":\"https:\/\/www.tecnosuissesa.com\/de\/produkt\/frasmaschine-fur-metall-orion-2-5\/#primaryimage\"},\"image\":{\"@id\":\"https:\/\/www.tecnosuissesa.com\/de\/produkt\/frasmaschine-fur-metall-orion-2-5\/#primaryimage\"},\"thumbnailUrl\":\"https:\/\/www.tecnosuissesa.com\/wp-content\/uploads\/2017\/09\/fresatrice-per-metalli-orion-25-1.jpg\",\"datePublished\":\"2017-09-25T08:30:22+00:00\",\"breadcrumb\":{\"@id\":\"https:\/\/www.tecnosuissesa.com\/de\/produkt\/frasmaschine-fur-metall-orion-2-5\/#breadcrumb\"},\"inLanguage\":\"de\",\"potentialAction\":[{\"@type\":\"ReadAction\",\"target\":[\"https:\/\/www.tecnosuissesa.com\/de\/produkt\/frasmaschine-fur-metall-orion-2-5\/\"]}]},{\"@type\":\"ImageObject\",\"inLanguage\":\"de\",\"@id\":\"https:\/\/www.tecnosuissesa.com\/de\/produkt\/frasmaschine-fur-metall-orion-2-5\/#primaryimage\",\"url\":\"https:\/\/www.tecnosuissesa.com\/wp-content\/uploads\/2017\/09\/fresatrice-per-metalli-orion-25-1.jpg\",\"contentUrl\":\"https:\/\/www.tecnosuissesa.com\/wp-content\/uploads\/2017\/09\/fresatrice-per-metalli-orion-25-1.jpg\",\"width\":800,\"height\":800},{\"@type\":\"BreadcrumbList\",\"@id\":\"https:\/\/www.tecnosuissesa.com\/de\/produkt\/frasmaschine-fur-metall-orion-2-5\/#breadcrumb\",\"itemListElement\":[{\"@type\":\"ListItem\",\"position\":1,\"name\":\"Home\",\"item\":\"https:\/\/www.tecnosuissesa.com\/de\/\"},{\"@type\":\"ListItem\",\"position\":2,\"name\":\"Vendita di Macchine Utensili per Legno e per Metalli\",\"item\":\"https:\/\/www.tecnosuissesa.com\/it\/vendita-macchine-utensili\/\"},{\"@type\":\"ListItem\",\"position\":3,\"name\":\"Fr\u00e4smaschine f\u00fcr Metall Orion 2.5\"}]},{\"@type\":\"WebSite\",\"@id\":\"https:\/\/www.tecnosuissesa.com\/it\/#website\",\"url\":\"https:\/\/www.tecnosuissesa.com\/it\/\",\"name\":\"Tecnosuisse\",\"description\":\"Macchine Utensili per Legno e Metalli\",\"publisher\":{\"@id\":\"https:\/\/www.tecnosuissesa.com\/it\/#organization\"},\"potentialAction\":[{\"@type\":\"SearchAction\",\"target\":{\"@type\":\"EntryPoint\",\"urlTemplate\":\"https:\/\/www.tecnosuissesa.com\/it\/?s={search_term_string}\"},\"query-input\":{\"@type\":\"PropertyValueSpecification\",\"valueRequired\":true,\"valueName\":\"search_term_string\"}}],\"inLanguage\":\"de\"},{\"@type\":\"Organization\",\"@id\":\"https:\/\/www.tecnosuissesa.com\/it\/#organization\",\"name\":\"Tecnosuisse\",\"url\":\"https:\/\/www.tecnosuissesa.com\/it\/\",\"logo\":{\"@type\":\"ImageObject\",\"inLanguage\":\"de\",\"@id\":\"https:\/\/www.tecnosuissesa.com\/it\/#\/schema\/logo\/image\/\",\"url\":\"https:\/\/www.tecnosuissesa.com\/wp-content\/uploads\/2017\/08\/Logo_TecnoSuisse_627x627.png\",\"contentUrl\":\"https:\/\/www.tecnosuissesa.com\/wp-content\/uploads\/2017\/08\/Logo_TecnoSuisse_627x627.png\",\"width\":627,\"height\":627,\"caption\":\"Tecnosuisse\"},\"image\":{\"@id\":\"https:\/\/www.tecnosuissesa.com\/it\/#\/schema\/logo\/image\/\"},\"sameAs\":[\"https:\/\/www.facebook.com\/tecnosuisse\/\",\"https:\/\/www.youtube.com\/channel\/UCSoxFNkw8ZiE4jP9OY8AdFg\"]}]}<\/script>\n<!-- \/ Yoast SEO plugin. -->","yoast_head_json":{"title":"Fr\u00e4smaschine f\u00fcr Metall Orion 2.5 - Tecnosuisse","robots":{"index":"index","follow":"follow","max-snippet":"max-snippet:-1","max-image-preview":"max-image-preview:large","max-video-preview":"max-video-preview:-1"},"canonical":"https:\/\/www.tecnosuissesa.com\/de\/produkt\/frasmaschine-fur-metall-orion-2-5\/","og_locale":"de_DE","og_type":"article","og_title":"Fr\u00e4smaschine f\u00fcr Metall Orion 2.5 - Tecnosuisse","og_description":"Fr\u00e4smaschine f\u00fcr die metallbearbeitung mit regulierbaren Geschwindigkeiten, Kreuztisch 520 x 160 mm und Einphasen-Motor 1 PS","og_url":"https:\/\/www.tecnosuissesa.com\/de\/produkt\/frasmaschine-fur-metall-orion-2-5\/","og_site_name":"Tecnosuisse","article_publisher":"https:\/\/www.facebook.com\/tecnosuisse\/","og_image":[{"width":800,"height":800,"url":"https:\/\/www.tecnosuissesa.com\/wp-content\/uploads\/2017\/09\/fresatrice-per-metalli-orion-25-1.jpg","type":"image\/jpeg"}],"twitter_card":"summary_large_image","twitter_misc":{"Gesch\u00e4tzte Lesezeit":"1\u00a0Minute"},"schema":{"@context":"https:\/\/schema.org","@graph":[{"@type":"WebPage","@id":"https:\/\/www.tecnosuissesa.com\/de\/produkt\/frasmaschine-fur-metall-orion-2-5\/","url":"https:\/\/www.tecnosuissesa.com\/de\/produkt\/frasmaschine-fur-metall-orion-2-5\/","name":"Fr\u00e4smaschine f\u00fcr Metall Orion 2.5 - Tecnosuisse","isPartOf":{"@id":"https:\/\/www.tecnosuissesa.com\/it\/#website"},"primaryImageOfPage":{"@id":"https:\/\/www.tecnosuissesa.com\/de\/produkt\/frasmaschine-fur-metall-orion-2-5\/#primaryimage"},"image":{"@id":"https:\/\/www.tecnosuissesa.com\/de\/produkt\/frasmaschine-fur-metall-orion-2-5\/#primaryimage"},"thumbnailUrl":"https:\/\/www.tecnosuissesa.com\/wp-content\/uploads\/2017\/09\/fresatrice-per-metalli-orion-25-1.jpg","datePublished":"2017-09-25T08:30:22+00:00","breadcrumb":{"@id":"https:\/\/www.tecnosuissesa.com\/de\/produkt\/frasmaschine-fur-metall-orion-2-5\/#breadcrumb"},"inLanguage":"de","potentialAction":[{"@type":"ReadAction","target":["https:\/\/www.tecnosuissesa.com\/de\/produkt\/frasmaschine-fur-metall-orion-2-5\/"]}]},{"@type":"ImageObject","inLanguage":"de","@id":"https:\/\/www.tecnosuissesa.com\/de\/produkt\/frasmaschine-fur-metall-orion-2-5\/#primaryimage","url":"https:\/\/www.tecnosuissesa.com\/wp-content\/uploads\/2017\/09\/fresatrice-per-metalli-orion-25-1.jpg","contentUrl":"https:\/\/www.tecnosuissesa.com\/wp-content\/uploads\/2017\/09\/fresatrice-per-metalli-orion-25-1.jpg","width":800,"height":800},{"@type":"BreadcrumbList","@id":"https:\/\/www.tecnosuissesa.com\/de\/produkt\/frasmaschine-fur-metall-orion-2-5\/#breadcrumb","itemListElement":[{"@type":"ListItem","position":1,"name":"Home","item":"https:\/\/www.tecnosuissesa.com\/de\/"},{"@type":"ListItem","position":2,"name":"Vendita di Macchine Utensili per Legno e per Metalli","item":"https:\/\/www.tecnosuissesa.com\/it\/vendita-macchine-utensili\/"},{"@type":"ListItem","position":3,"name":"Fr\u00e4smaschine f\u00fcr Metall Orion 2.5"}]},{"@type":"WebSite","@id":"https:\/\/www.tecnosuissesa.com\/it\/#website","url":"https:\/\/www.tecnosuissesa.com\/it\/","name":"Tecnosuisse","description":"Macchine Utensili per Legno e Metalli","publisher":{"@id":"https:\/\/www.tecnosuissesa.com\/it\/#organization"},"potentialAction":[{"@type":"SearchAction","target":{"@type":"EntryPoint","urlTemplate":"https:\/\/www.tecnosuissesa.com\/it\/?s={search_term_string}"},"query-input":{"@type":"PropertyValueSpecification","valueRequired":true,"valueName":"search_term_string"}}],"inLanguage":"de"},{"@type":"Organization","@id":"https:\/\/www.tecnosuissesa.com\/it\/#organization","name":"Tecnosuisse","url":"https:\/\/www.tecnosuissesa.com\/it\/","logo":{"@type":"ImageObject","inLanguage":"de","@id":"https:\/\/www.tecnosuissesa.com\/it\/#\/schema\/logo\/image\/","url":"https:\/\/www.tecnosuissesa.com\/wp-content\/uploads\/2017\/08\/Logo_TecnoSuisse_627x627.png","contentUrl":"https:\/\/www.tecnosuissesa.com\/wp-content\/uploads\/2017\/08\/Logo_TecnoSuisse_627x627.png","width":627,"height":627,"caption":"Tecnosuisse"},"image":{"@id":"https:\/\/www.tecnosuissesa.com\/it\/#\/schema\/logo\/image\/"},"sameAs":["https:\/\/www.facebook.com\/tecnosuisse\/","https:\/\/www.youtube.com\/channel\/UCSoxFNkw8ZiE4jP9OY8AdFg"]}]}},"_links":{"self":[{"href":"https:\/\/www.tecnosuissesa.com\/de\/wp-json\/wp\/v2\/product\/964","targetHints":{"allow":["GET"]}}],"collection":[{"href":"https:\/\/www.tecnosuissesa.com\/de\/wp-json\/wp\/v2\/product"}],"about":[{"href":"https:\/\/www.tecnosuissesa.com\/de\/wp-json\/wp\/v2\/types\/product"}],"replies":[{"embeddable":true,"href":"https:\/\/www.tecnosuissesa.com\/de\/wp-json\/wp\/v2\/comments?post=964"}],"wp:featuredmedia":[{"embeddable":true,"href":"https:\/\/www.tecnosuissesa.com\/de\/wp-json\/wp\/v2\/media\/942"}],"wp:attachment":[{"href":"https:\/\/www.tecnosuissesa.com\/de\/wp-json\/wp\/v2\/media?parent=964"}],"wp:term":[{"taxonomy":"product_brand","embeddable":true,"href":"https:\/\/www.tecnosuissesa.com\/de\/wp-json\/wp\/v2\/product_brand?post=964"},{"taxonomy":"product_cat","embeddable":true,"href":"https:\/\/www.tecnosuissesa.com\/de\/wp-json\/wp\/v2\/product_cat?post=964"},{"taxonomy":"product_tag","embeddable":true,"href":"https:\/\/www.tecnosuissesa.com\/de\/wp-json\/wp\/v2\/product_tag?post=964"}],"curies":[{"name":"wp","href":"https:\/\/api.w.org\/{rel}","templated":true}]}}