{"id":908,"date":"2017-09-21T16:27:26","date_gmt":"2017-09-21T14:27:26","guid":{"rendered":"https:\/\/www.tecnosuissesa.com\/product\/frasmaschine-fur-metall-orion-3-2\/"},"modified":"2017-09-21T16:27:26","modified_gmt":"2017-09-21T14:27:26","slug":"frasmaschine-fur-metall-orion-3-2","status":"publish","type":"product","link":"https:\/\/www.tecnosuissesa.com\/de\/product\/frasmaschine-fur-metall-orion-3-2\/","title":{"rendered":"Fr\u00e4smaschine f\u00fcr Metall Orion 3.2"},"content":{"rendered":"<p>Diese halbprofessionelle Fr\u00e4smaschine f\u00fcr die Metallbearbeitung eignet sich hervorragend zum Schneiden, Bohren, Fr\u00e4sen und Gewindeschneiden jeder Metalloberfl\u00e4che. Sie besitzt eine ausgezeichnete Qualit\u00e4t und kann leicht ohne besondere praktische Erfahrung benutzt werden. Die senkrechte S\u00e4ule der Maschine ist aus Gusseisen, ein sehr steifes und best\u00e4ndiges Material, das w\u00e4hrend der Verarbeitung eine hervorragende Stabilit\u00e4t verleiht. Die Geschwindigkeiten sind \u00fcber die entsprechenden, in der frontseitigen Tabelle angegebenen Einstellungen bequem regulierbar. Die Standardausf\u00fchrung der Maschine wird mit einer manuellen Bewegung des Arbeitstischs ausgeliefert and nicht K\u00dcHLPUMPE. Der automatische Vorschub f\u00fcr den Kreuztisch ist separat erh\u00e4ltlich and\u00a0K\u00dcHLPUMPE.<\/p>\n<table>\n<tbody>\n<tr>\n<td colspan=\"2\"><strong>TECHNISCHE DATEN<\/strong><\/td>\n<\/tr>\n<tr>\n<td colspan=\"2\"><strong>PLATZBEDARF DER MASCHINE<\/strong><\/td>\n<\/tr>\n<tr>\n<td>Abmessungen der Maschine mit Unterbau<\/td>\n<td>1160 mm (L) x 820 mm (B) x 2200 mm (H)<\/td>\n<\/tr>\n<tr>\n<td>Abmessungen der Maschine ohne Unterbau<\/td>\n<td>1160 mm (L) x 820 mm (B) x 1600 mm (H)<\/td>\n<\/tr>\n<tr>\n<td>Nettogewicht der Maschine<\/td>\n<td>295 kg<\/td>\n<\/tr>\n<tr>\n<td colspan=\"2\"><strong>SPEZIFIKATIONEN DER FR\u00c4SMASCHINE<\/strong><\/td>\n<\/tr>\n<tr>\n<td>Max. Perforationstiefe<\/td>\n<td>32 mm<\/td>\n<\/tr>\n<tr>\n<td>Max Leistung beim Stirnfr\u00e4sen<\/td>\n<td>80 mm<\/td>\n<\/tr>\n<tr>\n<td>Max. Leistung beim Endfr\u00e4sen<\/td>\n<td>28 mm<\/td>\n<\/tr>\n<tr>\n<td>Max. Abstand zwischen Kreuztisch (Arbeitstisch) und Spindel<\/td>\n<td>450 mm<\/td>\n<\/tr>\n<tr>\n<td>Durchmesser der S\u00e4ule<\/td>\n<td>115 mm<\/td>\n<\/tr>\n<tr>\n<td>Spindelaufnahme<\/td>\n<td>MT 3<\/td>\n<\/tr>\n<tr>\n<td>Gr\u00f6\u00dfe des Arbeitstischs<\/td>\n<td>800 x 240 mm<\/td>\n<\/tr>\n<tr>\n<td>Vorw\u00e4rts- und R\u00fcckw\u00e4rtshub des Tisches<\/td>\n<td>175 mm<\/td>\n<\/tr>\n<tr>\n<td>Links- und Rechtshub des Tisches<\/td>\n<td>500 mm<\/td>\n<\/tr>\n<tr>\n<td>Neigung des Fr\u00e4skopfs<\/td>\n<td>+ &#8211; 90 Grad<\/td>\n<\/tr>\n<tr>\n<td>Einstellbare Geschwindigkeiten<\/td>\n<td>6 &#8211; 80, 145, 260, 375, 710, 1250 U\/Min<\/td>\n<\/tr>\n<tr>\n<td>Maximale Drehzahl der Spindel<\/td>\n<td>1250 bei 50 Hz (Italien)<\/td>\n<\/tr>\n<tr>\n<td colspan=\"2\"><strong>MOTOR DER FR\u00c4SMASCHINE<\/strong><\/td>\n<\/tr>\n<tr>\n<td>Leistung<\/td>\n<td>750 W<\/td>\n<\/tr>\n<tr>\n<td>Typ<\/td>\n<td>220 V (einphasig)<\/td>\n<\/tr>\n<tr>\n<td>Frequenz<\/td>\n<td>50 Hz<\/td>\n<\/tr>\n<tr>\n<td colspan=\"2\"><strong>VORSCHUB DER TISCHE<\/strong><\/td>\n<\/tr>\n<tr>\n<td>L\u00e4ngsvorschub<\/td>\n<td>manuell<\/td>\n<\/tr>\n<tr>\n<td>Quervorschub (Kreuztisch)<\/td>\n<td>manuell (automatische Vorschubsteuerung als Sonderausstattung erh\u00e4ltlich)<\/td>\n<\/tr>\n<\/tbody>\n<\/table>\n<p><strong>\u00a0<\/strong><\/p>\n<p><strong>\u00a0<\/strong><\/p>\n<p><strong>MONTIERUNG DER FOLGENDE ZUBEH\u00d6RE:<\/strong><\/p>\n<table>\n<tbody>\n<tr>\n<td><strong>\u00a0<\/strong><\/td>\n<td><strong>Code<\/strong><\/td>\n<td><strong>Preis\/CHF<\/strong><\/td>\n<\/tr>\n<tr>\n<td>Zus\u00e4tzlich DIGICOM<\/td>\n<td><strong>\u00a0<\/strong><\/td>\n<td><strong>CHF \u00a0 793.00<\/strong><\/td>\n<\/tr>\n<tr>\n<td>Zus\u00e4tzlich AUTOMATIC<\/td>\n<td>DMACTF380<\/td>\n<td><strong>CHF \u00a0 361.00<\/strong><\/td>\n<\/tr>\n<tr>\n<td>Zus\u00e4tzlich \u00a0K\u00dcHLPUMPE<\/td>\n<td>DMACTF220<\/td>\n<td><strong>CHF\u00a0\u00a0 173.00<\/strong><\/td>\n<\/tr>\n<\/tbody>\n<\/table>\n","protected":false},"excerpt":{"rendered":"<p>Halb-professionelle Metallf\u00e4se mit variabler Geschwindigkeit und Kreuztisch 800&#215;240 mm<\/p>\n","protected":false},"featured_media":897,"comment_status":"open","ping_status":"closed","template":"","meta":[],"product_brand":[],"product_cat":[77],"product_tag":[],"class_list":{"0":"post-908","1":"product","2":"type-product","3":"status-publish","4":"has-post-thumbnail","6":"product_cat-bohr-und-fraesmaschine-fuer-metallbearbeitung","7":"product_shipping_class-classe-10-de","9":"first","10":"instock","11":"shipping-taxable","12":"purchasable","13":"product-type-simple"},"yoast_head":"<!-- This site is optimized with the Yoast SEO plugin v27.1 - https:\/\/yoast.com\/product\/yoast-seo-wordpress\/ -->\n<title>Fr\u00e4smaschine f\u00fcr Metall Orion 3.2 - Tecnosuisse<\/title>\n<meta name=\"robots\" content=\"index, follow, max-snippet:-1, max-image-preview:large, max-video-preview:-1\" \/>\n<link rel=\"canonical\" href=\"https:\/\/www.tecnosuissesa.com\/de\/produkt\/frasmaschine-fur-metall-orion-3-2\/\" \/>\n<meta property=\"og:locale\" content=\"de_DE\" \/>\n<meta property=\"og:type\" content=\"article\" \/>\n<meta property=\"og:title\" content=\"Fr\u00e4smaschine f\u00fcr Metall Orion 3.2 - Tecnosuisse\" \/>\n<meta property=\"og:description\" content=\"Halb-professionelle Metallf\u00e4se mit variabler Geschwindigkeit und Kreuztisch 800x240 mm\" \/>\n<meta property=\"og:url\" content=\"https:\/\/www.tecnosuissesa.com\/de\/produkt\/frasmaschine-fur-metall-orion-3-2\/\" \/>\n<meta property=\"og:site_name\" content=\"Tecnosuisse\" \/>\n<meta property=\"article:publisher\" content=\"https:\/\/www.facebook.com\/tecnosuisse\/\" \/>\n<meta property=\"og:image\" content=\"https:\/\/www.tecnosuissesa.com\/wp-content\/uploads\/2017\/09\/orion-3.2-1.jpg\" \/>\n\t<meta property=\"og:image:width\" content=\"1024\" \/>\n\t<meta property=\"og:image:height\" content=\"768\" \/>\n\t<meta property=\"og:image:type\" content=\"image\/jpeg\" \/>\n<meta name=\"twitter:card\" content=\"summary_large_image\" \/>\n<meta name=\"twitter:label1\" content=\"Gesch\u00e4tzte Lesezeit\" \/>\n\t<meta name=\"twitter:data1\" content=\"1\u00a0Minute\" \/>\n<script type=\"application\/ld+json\" class=\"yoast-schema-graph\">{\"@context\":\"https:\/\/schema.org\",\"@graph\":[{\"@type\":\"WebPage\",\"@id\":\"https:\/\/www.tecnosuissesa.com\/de\/produkt\/frasmaschine-fur-metall-orion-3-2\/\",\"url\":\"https:\/\/www.tecnosuissesa.com\/de\/produkt\/frasmaschine-fur-metall-orion-3-2\/\",\"name\":\"Fr\u00e4smaschine f\u00fcr Metall Orion 3.2 - Tecnosuisse\",\"isPartOf\":{\"@id\":\"https:\/\/www.tecnosuissesa.com\/it\/#website\"},\"primaryImageOfPage\":{\"@id\":\"https:\/\/www.tecnosuissesa.com\/de\/produkt\/frasmaschine-fur-metall-orion-3-2\/#primaryimage\"},\"image\":{\"@id\":\"https:\/\/www.tecnosuissesa.com\/de\/produkt\/frasmaschine-fur-metall-orion-3-2\/#primaryimage\"},\"thumbnailUrl\":\"https:\/\/www.tecnosuissesa.com\/wp-content\/uploads\/2017\/09\/orion-3.2-1.jpg\",\"datePublished\":\"2017-09-21T14:27:26+00:00\",\"breadcrumb\":{\"@id\":\"https:\/\/www.tecnosuissesa.com\/de\/produkt\/frasmaschine-fur-metall-orion-3-2\/#breadcrumb\"},\"inLanguage\":\"de\",\"potentialAction\":[{\"@type\":\"ReadAction\",\"target\":[\"https:\/\/www.tecnosuissesa.com\/de\/produkt\/frasmaschine-fur-metall-orion-3-2\/\"]}]},{\"@type\":\"ImageObject\",\"inLanguage\":\"de\",\"@id\":\"https:\/\/www.tecnosuissesa.com\/de\/produkt\/frasmaschine-fur-metall-orion-3-2\/#primaryimage\",\"url\":\"https:\/\/www.tecnosuissesa.com\/wp-content\/uploads\/2017\/09\/orion-3.2-1.jpg\",\"contentUrl\":\"https:\/\/www.tecnosuissesa.com\/wp-content\/uploads\/2017\/09\/orion-3.2-1.jpg\",\"width\":1024,\"height\":768},{\"@type\":\"BreadcrumbList\",\"@id\":\"https:\/\/www.tecnosuissesa.com\/de\/produkt\/frasmaschine-fur-metall-orion-3-2\/#breadcrumb\",\"itemListElement\":[{\"@type\":\"ListItem\",\"position\":1,\"name\":\"Home\",\"item\":\"https:\/\/www.tecnosuissesa.com\/de\/\"},{\"@type\":\"ListItem\",\"position\":2,\"name\":\"Vendita di Macchine Utensili per Legno e per Metalli\",\"item\":\"https:\/\/www.tecnosuissesa.com\/it\/vendita-macchine-utensili\/\"},{\"@type\":\"ListItem\",\"position\":3,\"name\":\"Fr\u00e4smaschine f\u00fcr Metall Orion 3.2\"}]},{\"@type\":\"WebSite\",\"@id\":\"https:\/\/www.tecnosuissesa.com\/it\/#website\",\"url\":\"https:\/\/www.tecnosuissesa.com\/it\/\",\"name\":\"Tecnosuisse\",\"description\":\"Macchine Utensili per Legno e Metalli\",\"publisher\":{\"@id\":\"https:\/\/www.tecnosuissesa.com\/it\/#organization\"},\"potentialAction\":[{\"@type\":\"SearchAction\",\"target\":{\"@type\":\"EntryPoint\",\"urlTemplate\":\"https:\/\/www.tecnosuissesa.com\/it\/?s={search_term_string}\"},\"query-input\":{\"@type\":\"PropertyValueSpecification\",\"valueRequired\":true,\"valueName\":\"search_term_string\"}}],\"inLanguage\":\"de\"},{\"@type\":\"Organization\",\"@id\":\"https:\/\/www.tecnosuissesa.com\/it\/#organization\",\"name\":\"Tecnosuisse\",\"url\":\"https:\/\/www.tecnosuissesa.com\/it\/\",\"logo\":{\"@type\":\"ImageObject\",\"inLanguage\":\"de\",\"@id\":\"https:\/\/www.tecnosuissesa.com\/it\/#\/schema\/logo\/image\/\",\"url\":\"https:\/\/www.tecnosuissesa.com\/wp-content\/uploads\/2017\/08\/Logo_TecnoSuisse_627x627.png\",\"contentUrl\":\"https:\/\/www.tecnosuissesa.com\/wp-content\/uploads\/2017\/08\/Logo_TecnoSuisse_627x627.png\",\"width\":627,\"height\":627,\"caption\":\"Tecnosuisse\"},\"image\":{\"@id\":\"https:\/\/www.tecnosuissesa.com\/it\/#\/schema\/logo\/image\/\"},\"sameAs\":[\"https:\/\/www.facebook.com\/tecnosuisse\/\",\"https:\/\/www.youtube.com\/channel\/UCSoxFNkw8ZiE4jP9OY8AdFg\"]}]}<\/script>\n<!-- \/ Yoast SEO plugin. -->","yoast_head_json":{"title":"Fr\u00e4smaschine f\u00fcr Metall Orion 3.2 - Tecnosuisse","robots":{"index":"index","follow":"follow","max-snippet":"max-snippet:-1","max-image-preview":"max-image-preview:large","max-video-preview":"max-video-preview:-1"},"canonical":"https:\/\/www.tecnosuissesa.com\/de\/produkt\/frasmaschine-fur-metall-orion-3-2\/","og_locale":"de_DE","og_type":"article","og_title":"Fr\u00e4smaschine f\u00fcr Metall Orion 3.2 - Tecnosuisse","og_description":"Halb-professionelle Metallf\u00e4se mit variabler Geschwindigkeit und Kreuztisch 800x240 mm","og_url":"https:\/\/www.tecnosuissesa.com\/de\/produkt\/frasmaschine-fur-metall-orion-3-2\/","og_site_name":"Tecnosuisse","article_publisher":"https:\/\/www.facebook.com\/tecnosuisse\/","og_image":[{"width":1024,"height":768,"url":"https:\/\/www.tecnosuissesa.com\/wp-content\/uploads\/2017\/09\/orion-3.2-1.jpg","type":"image\/jpeg"}],"twitter_card":"summary_large_image","twitter_misc":{"Gesch\u00e4tzte Lesezeit":"1\u00a0Minute"},"schema":{"@context":"https:\/\/schema.org","@graph":[{"@type":"WebPage","@id":"https:\/\/www.tecnosuissesa.com\/de\/produkt\/frasmaschine-fur-metall-orion-3-2\/","url":"https:\/\/www.tecnosuissesa.com\/de\/produkt\/frasmaschine-fur-metall-orion-3-2\/","name":"Fr\u00e4smaschine f\u00fcr Metall Orion 3.2 - Tecnosuisse","isPartOf":{"@id":"https:\/\/www.tecnosuissesa.com\/it\/#website"},"primaryImageOfPage":{"@id":"https:\/\/www.tecnosuissesa.com\/de\/produkt\/frasmaschine-fur-metall-orion-3-2\/#primaryimage"},"image":{"@id":"https:\/\/www.tecnosuissesa.com\/de\/produkt\/frasmaschine-fur-metall-orion-3-2\/#primaryimage"},"thumbnailUrl":"https:\/\/www.tecnosuissesa.com\/wp-content\/uploads\/2017\/09\/orion-3.2-1.jpg","datePublished":"2017-09-21T14:27:26+00:00","breadcrumb":{"@id":"https:\/\/www.tecnosuissesa.com\/de\/produkt\/frasmaschine-fur-metall-orion-3-2\/#breadcrumb"},"inLanguage":"de","potentialAction":[{"@type":"ReadAction","target":["https:\/\/www.tecnosuissesa.com\/de\/produkt\/frasmaschine-fur-metall-orion-3-2\/"]}]},{"@type":"ImageObject","inLanguage":"de","@id":"https:\/\/www.tecnosuissesa.com\/de\/produkt\/frasmaschine-fur-metall-orion-3-2\/#primaryimage","url":"https:\/\/www.tecnosuissesa.com\/wp-content\/uploads\/2017\/09\/orion-3.2-1.jpg","contentUrl":"https:\/\/www.tecnosuissesa.com\/wp-content\/uploads\/2017\/09\/orion-3.2-1.jpg","width":1024,"height":768},{"@type":"BreadcrumbList","@id":"https:\/\/www.tecnosuissesa.com\/de\/produkt\/frasmaschine-fur-metall-orion-3-2\/#breadcrumb","itemListElement":[{"@type":"ListItem","position":1,"name":"Home","item":"https:\/\/www.tecnosuissesa.com\/de\/"},{"@type":"ListItem","position":2,"name":"Vendita di Macchine Utensili per Legno e per Metalli","item":"https:\/\/www.tecnosuissesa.com\/it\/vendita-macchine-utensili\/"},{"@type":"ListItem","position":3,"name":"Fr\u00e4smaschine f\u00fcr Metall Orion 3.2"}]},{"@type":"WebSite","@id":"https:\/\/www.tecnosuissesa.com\/it\/#website","url":"https:\/\/www.tecnosuissesa.com\/it\/","name":"Tecnosuisse","description":"Macchine Utensili per Legno e Metalli","publisher":{"@id":"https:\/\/www.tecnosuissesa.com\/it\/#organization"},"potentialAction":[{"@type":"SearchAction","target":{"@type":"EntryPoint","urlTemplate":"https:\/\/www.tecnosuissesa.com\/it\/?s={search_term_string}"},"query-input":{"@type":"PropertyValueSpecification","valueRequired":true,"valueName":"search_term_string"}}],"inLanguage":"de"},{"@type":"Organization","@id":"https:\/\/www.tecnosuissesa.com\/it\/#organization","name":"Tecnosuisse","url":"https:\/\/www.tecnosuissesa.com\/it\/","logo":{"@type":"ImageObject","inLanguage":"de","@id":"https:\/\/www.tecnosuissesa.com\/it\/#\/schema\/logo\/image\/","url":"https:\/\/www.tecnosuissesa.com\/wp-content\/uploads\/2017\/08\/Logo_TecnoSuisse_627x627.png","contentUrl":"https:\/\/www.tecnosuissesa.com\/wp-content\/uploads\/2017\/08\/Logo_TecnoSuisse_627x627.png","width":627,"height":627,"caption":"Tecnosuisse"},"image":{"@id":"https:\/\/www.tecnosuissesa.com\/it\/#\/schema\/logo\/image\/"},"sameAs":["https:\/\/www.facebook.com\/tecnosuisse\/","https:\/\/www.youtube.com\/channel\/UCSoxFNkw8ZiE4jP9OY8AdFg"]}]}},"_links":{"self":[{"href":"https:\/\/www.tecnosuissesa.com\/de\/wp-json\/wp\/v2\/product\/908","targetHints":{"allow":["GET"]}}],"collection":[{"href":"https:\/\/www.tecnosuissesa.com\/de\/wp-json\/wp\/v2\/product"}],"about":[{"href":"https:\/\/www.tecnosuissesa.com\/de\/wp-json\/wp\/v2\/types\/product"}],"replies":[{"embeddable":true,"href":"https:\/\/www.tecnosuissesa.com\/de\/wp-json\/wp\/v2\/comments?post=908"}],"wp:featuredmedia":[{"embeddable":true,"href":"https:\/\/www.tecnosuissesa.com\/de\/wp-json\/wp\/v2\/media\/897"}],"wp:attachment":[{"href":"https:\/\/www.tecnosuissesa.com\/de\/wp-json\/wp\/v2\/media?parent=908"}],"wp:term":[{"taxonomy":"product_brand","embeddable":true,"href":"https:\/\/www.tecnosuissesa.com\/de\/wp-json\/wp\/v2\/product_brand?post=908"},{"taxonomy":"product_cat","embeddable":true,"href":"https:\/\/www.tecnosuissesa.com\/de\/wp-json\/wp\/v2\/product_cat?post=908"},{"taxonomy":"product_tag","embeddable":true,"href":"https:\/\/www.tecnosuissesa.com\/de\/wp-json\/wp\/v2\/product_tag?post=908"}],"curies":[{"name":"wp","href":"https:\/\/api.w.org\/{rel}","templated":true}]}}