{"id":878,"date":"2017-09-21T15:52:50","date_gmt":"2017-09-21T13:52:50","guid":{"rendered":"https:\/\/www.tecnosuissesa.com\/product\/frasmaschine-fur-metall-orion-1-6\/"},"modified":"2017-09-21T15:52:50","modified_gmt":"2017-09-21T13:52:50","slug":"frasmaschine-fur-metall-orion-1-6","status":"publish","type":"product","link":"https:\/\/www.tecnosuissesa.com\/de\/product\/frasmaschine-fur-metall-orion-1-6\/","title":{"rendered":"Fr\u00e4smaschine f\u00fcr Metall Orion 1.6"},"content":{"rendered":"<p>Diese kleine aber pr\u00e4zise Fr\u00e4smaschine f\u00fcr die Metallbearbeitung verf\u00fcgt \u00fcber einen neigbaren Kopf und einen gusseisernen Kreuztisch.\u00a0 Ihre dreidimensionalen Einstellungen erm\u00f6glichen die Bearbeitung unseres Metallst\u00fccks in allen Winkelstellungen. Da diese Maschine mit einem stufenlosen elektronischen Getriebe ausgestattet ist, l\u00e4sst sich die Drehzahl bei der gew\u00fcnschten Fr\u00e4sbearbeitung perfekt einstellen. Sie wird von einem leistungsstarken, einphasigen 600W-Motor angetrieben.<\/p>\n<table>\n<tbody>\n<tr>\n<td colspan=\"2\"><strong>TECHNISCHE DATEN<\/strong><\/td>\n<\/tr>\n<tr>\n<td colspan=\"2\"><strong>PLATZBEDARF DER MASCHINE<\/strong><\/td>\n<\/tr>\n<tr>\n<td>Max. Platzbedarf der Maschine<\/td>\n<td>H\u00f6he 1.600 mm x Breite 800 mm x Dicke 550 mm<\/td>\n<\/tr>\n<tr>\n<td colspan=\"2\"><strong>SPEZIFIKATIONEN DER FR\u00c4SMASCHINE<\/strong><\/td>\n<\/tr>\n<tr>\n<td>Gr\u00f6\u00dfe des Kreuztischs<\/td>\n<td>500 x 140 mm<\/td>\n<\/tr>\n<tr>\n<td>L\u00e4ngshub des Kreuztischs<\/td>\n<td>162 mm (in beide Richtungen)<\/td>\n<\/tr>\n<tr>\n<td>Querhub des Kreuztischs<\/td>\n<td>144 mm<\/td>\n<\/tr>\n<tr>\n<td>Pinolenhub<\/td>\n<td>60 mm<\/td>\n<\/tr>\n<tr>\n<td>Abstand zwischen S\u00e4ule und Mitte der Spindel<\/td>\n<td>170 mm<\/td>\n<\/tr>\n<tr>\n<td>Max nutzbare H\u00f6he ohne Spindel<\/td>\n<td>285 mm<\/td>\n<\/tr>\n<tr>\n<td>Max nutzbare H\u00f6he mit Spindel<\/td>\n<td>180 mm<\/td>\n<\/tr>\n<tr>\n<td>Skala f\u00fcr Querschub, L\u00e4ngsvorschub, Pinolenabsenkung<\/td>\n<td>Nonius: 0,05mm<\/td>\n<\/tr>\n<tr>\n<td>Skala f\u00fcr Vertikalkopfabsenkung<\/td>\n<td>Kopfabsenkung: 0,1 mm<\/td>\n<\/tr>\n<tr>\n<td>Kegel der Spindel<\/td>\n<td>MT2<\/td>\n<\/tr>\n<tr>\n<td colspan=\"2\"><strong>MOTOR<\/strong><\/td>\n<\/tr>\n<tr>\n<td>Typ<\/td>\n<td>einphasig<\/td>\n<\/tr>\n<tr>\n<td>Leistung<\/td>\n<td>600 W<\/td>\n<\/tr>\n<tr>\n<td>Drehgeschwindigkeit (Position 1)<\/td>\n<td>Position 1 zwischen 50 und 1250 Umdrehungen\/Minute<\/td>\n<\/tr>\n<tr>\n<td>Drehgeschwindigkeit (Position 2)<\/td>\n<td>Position 2 zwischen 100 und 2500 Umdrehungen\/Minute<\/td>\n<\/tr>\n<\/tbody>\n<\/table>\n","protected":false},"excerpt":{"rendered":"<p>Metallfr\u00e4se mit variabler Geschwindigkeit und Kreuztisch 500&#215;140 mm<\/p>\n","protected":false},"featured_media":867,"comment_status":"open","ping_status":"closed","template":"","meta":[],"product_brand":[],"product_cat":[77],"product_tag":[],"class_list":{"0":"post-878","1":"product","2":"type-product","3":"status-publish","4":"has-post-thumbnail","6":"product_cat-bohr-und-fraesmaschine-fuer-metallbearbeitung","8":"first","9":"instock","10":"shipping-taxable","11":"purchasable","12":"product-type-simple"},"yoast_head":"<!-- This site is optimized with the Yoast SEO plugin v27.1 - https:\/\/yoast.com\/product\/yoast-seo-wordpress\/ -->\n<title>Fr\u00e4smaschine f\u00fcr Metall Orion 1.6 - Tecnosuisse<\/title>\n<meta name=\"robots\" content=\"index, follow, max-snippet:-1, max-image-preview:large, max-video-preview:-1\" \/>\n<link rel=\"canonical\" href=\"https:\/\/www.tecnosuissesa.com\/de\/produkt\/frasmaschine-fur-metall-orion-1-6\/\" \/>\n<meta property=\"og:locale\" content=\"de_DE\" \/>\n<meta property=\"og:type\" content=\"article\" \/>\n<meta property=\"og:title\" content=\"Fr\u00e4smaschine f\u00fcr Metall Orion 1.6 - Tecnosuisse\" \/>\n<meta property=\"og:description\" content=\"Metallfr\u00e4se mit variabler Geschwindigkeit und Kreuztisch 500x140 mm\" \/>\n<meta property=\"og:url\" content=\"https:\/\/www.tecnosuissesa.com\/de\/produkt\/frasmaschine-fur-metall-orion-1-6\/\" \/>\n<meta property=\"og:site_name\" content=\"Tecnosuisse\" \/>\n<meta property=\"article:publisher\" content=\"https:\/\/www.facebook.com\/tecnosuisse\/\" \/>\n<meta property=\"og:image\" content=\"https:\/\/www.tecnosuissesa.com\/wp-content\/uploads\/2017\/09\/fresa-per-metalli-orion-16-.jpg\" \/>\n\t<meta property=\"og:image:width\" content=\"800\" \/>\n\t<meta property=\"og:image:height\" content=\"800\" \/>\n\t<meta property=\"og:image:type\" content=\"image\/jpeg\" \/>\n<meta name=\"twitter:card\" content=\"summary_large_image\" \/>\n<meta name=\"twitter:label1\" content=\"Gesch\u00e4tzte Lesezeit\" \/>\n\t<meta name=\"twitter:data1\" content=\"1\u00a0Minute\" \/>\n<script type=\"application\/ld+json\" class=\"yoast-schema-graph\">{\"@context\":\"https:\/\/schema.org\",\"@graph\":[{\"@type\":\"WebPage\",\"@id\":\"https:\/\/www.tecnosuissesa.com\/de\/produkt\/frasmaschine-fur-metall-orion-1-6\/\",\"url\":\"https:\/\/www.tecnosuissesa.com\/de\/produkt\/frasmaschine-fur-metall-orion-1-6\/\",\"name\":\"Fr\u00e4smaschine f\u00fcr Metall Orion 1.6 - Tecnosuisse\",\"isPartOf\":{\"@id\":\"https:\/\/www.tecnosuissesa.com\/it\/#website\"},\"primaryImageOfPage\":{\"@id\":\"https:\/\/www.tecnosuissesa.com\/de\/produkt\/frasmaschine-fur-metall-orion-1-6\/#primaryimage\"},\"image\":{\"@id\":\"https:\/\/www.tecnosuissesa.com\/de\/produkt\/frasmaschine-fur-metall-orion-1-6\/#primaryimage\"},\"thumbnailUrl\":\"https:\/\/www.tecnosuissesa.com\/wp-content\/uploads\/2017\/09\/fresa-per-metalli-orion-16-.jpg\",\"datePublished\":\"2017-09-21T13:52:50+00:00\",\"breadcrumb\":{\"@id\":\"https:\/\/www.tecnosuissesa.com\/de\/produkt\/frasmaschine-fur-metall-orion-1-6\/#breadcrumb\"},\"inLanguage\":\"de\",\"potentialAction\":[{\"@type\":\"ReadAction\",\"target\":[\"https:\/\/www.tecnosuissesa.com\/de\/produkt\/frasmaschine-fur-metall-orion-1-6\/\"]}]},{\"@type\":\"ImageObject\",\"inLanguage\":\"de\",\"@id\":\"https:\/\/www.tecnosuissesa.com\/de\/produkt\/frasmaschine-fur-metall-orion-1-6\/#primaryimage\",\"url\":\"https:\/\/www.tecnosuissesa.com\/wp-content\/uploads\/2017\/09\/fresa-per-metalli-orion-16-.jpg\",\"contentUrl\":\"https:\/\/www.tecnosuissesa.com\/wp-content\/uploads\/2017\/09\/fresa-per-metalli-orion-16-.jpg\",\"width\":800,\"height\":800},{\"@type\":\"BreadcrumbList\",\"@id\":\"https:\/\/www.tecnosuissesa.com\/de\/produkt\/frasmaschine-fur-metall-orion-1-6\/#breadcrumb\",\"itemListElement\":[{\"@type\":\"ListItem\",\"position\":1,\"name\":\"Home\",\"item\":\"https:\/\/www.tecnosuissesa.com\/de\/\"},{\"@type\":\"ListItem\",\"position\":2,\"name\":\"Vendita di Macchine Utensili per Legno e per Metalli\",\"item\":\"https:\/\/www.tecnosuissesa.com\/it\/vendita-macchine-utensili\/\"},{\"@type\":\"ListItem\",\"position\":3,\"name\":\"Fr\u00e4smaschine f\u00fcr Metall Orion 1.6\"}]},{\"@type\":\"WebSite\",\"@id\":\"https:\/\/www.tecnosuissesa.com\/it\/#website\",\"url\":\"https:\/\/www.tecnosuissesa.com\/it\/\",\"name\":\"Tecnosuisse\",\"description\":\"Macchine Utensili per Legno e Metalli\",\"publisher\":{\"@id\":\"https:\/\/www.tecnosuissesa.com\/it\/#organization\"},\"potentialAction\":[{\"@type\":\"SearchAction\",\"target\":{\"@type\":\"EntryPoint\",\"urlTemplate\":\"https:\/\/www.tecnosuissesa.com\/it\/?s={search_term_string}\"},\"query-input\":{\"@type\":\"PropertyValueSpecification\",\"valueRequired\":true,\"valueName\":\"search_term_string\"}}],\"inLanguage\":\"de\"},{\"@type\":\"Organization\",\"@id\":\"https:\/\/www.tecnosuissesa.com\/it\/#organization\",\"name\":\"Tecnosuisse\",\"url\":\"https:\/\/www.tecnosuissesa.com\/it\/\",\"logo\":{\"@type\":\"ImageObject\",\"inLanguage\":\"de\",\"@id\":\"https:\/\/www.tecnosuissesa.com\/it\/#\/schema\/logo\/image\/\",\"url\":\"https:\/\/www.tecnosuissesa.com\/wp-content\/uploads\/2017\/08\/Logo_TecnoSuisse_627x627.png\",\"contentUrl\":\"https:\/\/www.tecnosuissesa.com\/wp-content\/uploads\/2017\/08\/Logo_TecnoSuisse_627x627.png\",\"width\":627,\"height\":627,\"caption\":\"Tecnosuisse\"},\"image\":{\"@id\":\"https:\/\/www.tecnosuissesa.com\/it\/#\/schema\/logo\/image\/\"},\"sameAs\":[\"https:\/\/www.facebook.com\/tecnosuisse\/\",\"https:\/\/www.youtube.com\/channel\/UCSoxFNkw8ZiE4jP9OY8AdFg\"]}]}<\/script>\n<!-- \/ Yoast SEO plugin. -->","yoast_head_json":{"title":"Fr\u00e4smaschine f\u00fcr Metall Orion 1.6 - Tecnosuisse","robots":{"index":"index","follow":"follow","max-snippet":"max-snippet:-1","max-image-preview":"max-image-preview:large","max-video-preview":"max-video-preview:-1"},"canonical":"https:\/\/www.tecnosuissesa.com\/de\/produkt\/frasmaschine-fur-metall-orion-1-6\/","og_locale":"de_DE","og_type":"article","og_title":"Fr\u00e4smaschine f\u00fcr Metall Orion 1.6 - Tecnosuisse","og_description":"Metallfr\u00e4se mit variabler Geschwindigkeit und Kreuztisch 500x140 mm","og_url":"https:\/\/www.tecnosuissesa.com\/de\/produkt\/frasmaschine-fur-metall-orion-1-6\/","og_site_name":"Tecnosuisse","article_publisher":"https:\/\/www.facebook.com\/tecnosuisse\/","og_image":[{"width":800,"height":800,"url":"https:\/\/www.tecnosuissesa.com\/wp-content\/uploads\/2017\/09\/fresa-per-metalli-orion-16-.jpg","type":"image\/jpeg"}],"twitter_card":"summary_large_image","twitter_misc":{"Gesch\u00e4tzte Lesezeit":"1\u00a0Minute"},"schema":{"@context":"https:\/\/schema.org","@graph":[{"@type":"WebPage","@id":"https:\/\/www.tecnosuissesa.com\/de\/produkt\/frasmaschine-fur-metall-orion-1-6\/","url":"https:\/\/www.tecnosuissesa.com\/de\/produkt\/frasmaschine-fur-metall-orion-1-6\/","name":"Fr\u00e4smaschine f\u00fcr Metall Orion 1.6 - Tecnosuisse","isPartOf":{"@id":"https:\/\/www.tecnosuissesa.com\/it\/#website"},"primaryImageOfPage":{"@id":"https:\/\/www.tecnosuissesa.com\/de\/produkt\/frasmaschine-fur-metall-orion-1-6\/#primaryimage"},"image":{"@id":"https:\/\/www.tecnosuissesa.com\/de\/produkt\/frasmaschine-fur-metall-orion-1-6\/#primaryimage"},"thumbnailUrl":"https:\/\/www.tecnosuissesa.com\/wp-content\/uploads\/2017\/09\/fresa-per-metalli-orion-16-.jpg","datePublished":"2017-09-21T13:52:50+00:00","breadcrumb":{"@id":"https:\/\/www.tecnosuissesa.com\/de\/produkt\/frasmaschine-fur-metall-orion-1-6\/#breadcrumb"},"inLanguage":"de","potentialAction":[{"@type":"ReadAction","target":["https:\/\/www.tecnosuissesa.com\/de\/produkt\/frasmaschine-fur-metall-orion-1-6\/"]}]},{"@type":"ImageObject","inLanguage":"de","@id":"https:\/\/www.tecnosuissesa.com\/de\/produkt\/frasmaschine-fur-metall-orion-1-6\/#primaryimage","url":"https:\/\/www.tecnosuissesa.com\/wp-content\/uploads\/2017\/09\/fresa-per-metalli-orion-16-.jpg","contentUrl":"https:\/\/www.tecnosuissesa.com\/wp-content\/uploads\/2017\/09\/fresa-per-metalli-orion-16-.jpg","width":800,"height":800},{"@type":"BreadcrumbList","@id":"https:\/\/www.tecnosuissesa.com\/de\/produkt\/frasmaschine-fur-metall-orion-1-6\/#breadcrumb","itemListElement":[{"@type":"ListItem","position":1,"name":"Home","item":"https:\/\/www.tecnosuissesa.com\/de\/"},{"@type":"ListItem","position":2,"name":"Vendita di Macchine Utensili per Legno e per Metalli","item":"https:\/\/www.tecnosuissesa.com\/it\/vendita-macchine-utensili\/"},{"@type":"ListItem","position":3,"name":"Fr\u00e4smaschine f\u00fcr Metall Orion 1.6"}]},{"@type":"WebSite","@id":"https:\/\/www.tecnosuissesa.com\/it\/#website","url":"https:\/\/www.tecnosuissesa.com\/it\/","name":"Tecnosuisse","description":"Macchine Utensili per Legno e Metalli","publisher":{"@id":"https:\/\/www.tecnosuissesa.com\/it\/#organization"},"potentialAction":[{"@type":"SearchAction","target":{"@type":"EntryPoint","urlTemplate":"https:\/\/www.tecnosuissesa.com\/it\/?s={search_term_string}"},"query-input":{"@type":"PropertyValueSpecification","valueRequired":true,"valueName":"search_term_string"}}],"inLanguage":"de"},{"@type":"Organization","@id":"https:\/\/www.tecnosuissesa.com\/it\/#organization","name":"Tecnosuisse","url":"https:\/\/www.tecnosuissesa.com\/it\/","logo":{"@type":"ImageObject","inLanguage":"de","@id":"https:\/\/www.tecnosuissesa.com\/it\/#\/schema\/logo\/image\/","url":"https:\/\/www.tecnosuissesa.com\/wp-content\/uploads\/2017\/08\/Logo_TecnoSuisse_627x627.png","contentUrl":"https:\/\/www.tecnosuissesa.com\/wp-content\/uploads\/2017\/08\/Logo_TecnoSuisse_627x627.png","width":627,"height":627,"caption":"Tecnosuisse"},"image":{"@id":"https:\/\/www.tecnosuissesa.com\/it\/#\/schema\/logo\/image\/"},"sameAs":["https:\/\/www.facebook.com\/tecnosuisse\/","https:\/\/www.youtube.com\/channel\/UCSoxFNkw8ZiE4jP9OY8AdFg"]}]}},"_links":{"self":[{"href":"https:\/\/www.tecnosuissesa.com\/de\/wp-json\/wp\/v2\/product\/878","targetHints":{"allow":["GET"]}}],"collection":[{"href":"https:\/\/www.tecnosuissesa.com\/de\/wp-json\/wp\/v2\/product"}],"about":[{"href":"https:\/\/www.tecnosuissesa.com\/de\/wp-json\/wp\/v2\/types\/product"}],"replies":[{"embeddable":true,"href":"https:\/\/www.tecnosuissesa.com\/de\/wp-json\/wp\/v2\/comments?post=878"}],"wp:featuredmedia":[{"embeddable":true,"href":"https:\/\/www.tecnosuissesa.com\/de\/wp-json\/wp\/v2\/media\/867"}],"wp:attachment":[{"href":"https:\/\/www.tecnosuissesa.com\/de\/wp-json\/wp\/v2\/media?parent=878"}],"wp:term":[{"taxonomy":"product_brand","embeddable":true,"href":"https:\/\/www.tecnosuissesa.com\/de\/wp-json\/wp\/v2\/product_brand?post=878"},{"taxonomy":"product_cat","embeddable":true,"href":"https:\/\/www.tecnosuissesa.com\/de\/wp-json\/wp\/v2\/product_cat?post=878"},{"taxonomy":"product_tag","embeddable":true,"href":"https:\/\/www.tecnosuissesa.com\/de\/wp-json\/wp\/v2\/product_tag?post=878"}],"curies":[{"name":"wp","href":"https:\/\/api.w.org\/{rel}","templated":true}]}}