{"id":863,"date":"2017-09-21T15:33:38","date_gmt":"2017-09-21T13:33:38","guid":{"rendered":"https:\/\/www.tecnosuissesa.com\/product\/professionelle-drehmaschine-titanius-1000-digit\/"},"modified":"2019-02-21T15:18:38","modified_gmt":"2019-02-21T14:18:38","slug":"professionelle-drehmaschine-titanius-1000-digit","status":"publish","type":"product","link":"https:\/\/www.tecnosuissesa.com\/de\/product\/professionelle-drehmaschine-titanius-1000-digit\/","title":{"rendered":"Professionelle Drehmaschine Titanius 1000 Digit"},"content":{"rendered":"<p>Diese professionelle, \u00e4u\u00dferst robuste und pr\u00e4zise Drehmaschine kann in den verschiedenen Werkst\u00e4tten sowohl zum Gewindeschneiden als auch zum \u00e4u\u00dferst pr\u00e4zisen Nachbilden von Metallteilen verwendet werden. Durch das automatische Nortongetriebe und Digitalanzeige l\u00e4sst sich das gew\u00fcnschte Gewinde \u00fcber die frontseitig angebrachten Kn\u00f6pfe rasch ausw\u00e4hlen. Nat\u00fcrlich ist die Maschine zudem mit einer wassergek\u00fchlten Pumpe und einer Lampe f\u00fcr die direkte Beleuchtung ausgestattet. Dank dem automatischen Vorschub in alle Richtungen kann diese Drehbank nicht nur Gewinde schneiden, sondern auch viele andere Bearbeitungen ausf\u00fchren. Sie wird in der Standardausf\u00fchrung mit einem selbstzentrierenden 3-Backenfutter (3 innere und 3 \u00e4u\u00dfere Backen), zwei Reitst\u00f6cken mit Kegelaufnahme, dem Vorschubschlitten, 2 L\u00fcnetten, dem Metallunterbau und dem Schl\u00fcsselsatz f\u00fcr die Montage geliefert. Drehmaschine ist mit DRO 3-Achs-Digitalanzeige ausgestattet.<\/p>\n<table class=\"table table-striped\" border=\"1\" width=\"100%\" cellspacing=\"0\" cellpadding=\"0\">\n<tbody>\n<tr>\n<td colspan=\"2\" valign=\"top\">\n<div align=\"center\"><strong>TECHNISCHE DATEN<\/strong><\/div>\n<\/td>\n<\/tr>\n<tr>\n<td>Abmessungen mit Unterbau<\/td>\n<td>2040 mm (L\u00e4nge) x 830 mm (Breite) x 1630 mm (H\u00f6he)<\/td>\n<\/tr>\n<tr>\n<td>Nettogewicht Maschine<\/td>\n<td>1190 kg<\/td>\n<\/tr>\n<tr>\n<td colspan=\"2\"><strong>SPEZIFIKATIONEN DER DREHMASCHINE<\/strong><\/td>\n<\/tr>\n<tr>\n<td>Abstand zwischen den Spitzen<\/td>\n<td>1000 mm<\/td>\n<\/tr>\n<tr>\n<td>H\u00f6he der Spitzen<\/td>\n<td>205 mm<\/td>\n<\/tr>\n<tr>\n<td>Max. Bohrdurchmesser auf der Bank<\/td>\n<td>410 mm<\/td>\n<\/tr>\n<tr>\n<td>Max. Bohrdurchmesser an der Aussparung<\/td>\n<td>640 mm<\/td>\n<\/tr>\n<tr>\n<td>Spindelbohrung<\/td>\n<td>52 mm<\/td>\n<\/tr>\n<tr>\n<td>Tischsbreite<\/td>\n<td>300 mm<\/td>\n<\/tr>\n<tr>\n<td>Querhub<\/td>\n<td>178 mm<\/td>\n<\/tr>\n<tr>\n<td>Reitstockdurchmesser<\/td>\n<td>60 mm<\/td>\n<\/tr>\n<tr>\n<td>Schraubstockanzahl des Reitstocks<\/td>\n<td>4<\/td>\n<\/tr>\n<tr>\n<td>Spindelaufnahme<\/td>\n<td>D1-6<\/td>\n<\/tr>\n<tr>\n<td>Geschwindigkeitsstufen der Spindel<\/td>\n<td>Von 8 bis 16<\/td>\n<\/tr>\n<tr>\n<td>Metrische Gewindearten<\/td>\n<td>Von 0,1 Bis 14 mm<\/td>\n<\/tr>\n<tr>\n<td>Drehgeschwindigkeit der Spindel<\/td>\n<td>Von 12 Bis 2000 r.p.m.<\/td>\n<\/tr>\n<tr>\n<td colspan=\"2\"><strong>VORSCHUB DER TISCHE<\/strong><\/td>\n<\/tr>\n<tr>\n<td>Automatisch L\u00e4ngshub<\/td>\n<td>0,031 &#8211; 1,7 mm<\/td>\n<\/tr>\n<tr>\n<td>Automatisch Querhub (Kreuzplan)<\/td>\n<td>0,014 &#8211; 0,784 mm\/Umdrehung<\/td>\n<\/tr>\n<tr>\n<td colspan=\"2\"><strong>MOTOR<\/strong><\/td>\n<\/tr>\n<tr>\n<td>Typ<\/td>\n<td>Dreiphasig (380 V)<\/td>\n<\/tr>\n<tr>\n<td>Leistung<\/td>\n<td>3.3 Kw (4,5 HP)<\/td>\n<\/tr>\n<\/tbody>\n<\/table>\n","protected":false},"excerpt":{"rendered":"<p>Professionelle Drehbank mit Digitalanzeige DRO, Abstand zwischen den Spitzen 1000 mm, max. Durchmesser f\u00fcr das Abdrehen 410 mm, K\u00fchlpumpe und Dreiphasenmotor 4,5 Hp<\/p>\n","protected":false},"featured_media":852,"comment_status":"open","ping_status":"closed","template":"","meta":[],"product_brand":[],"product_cat":[183],"product_tag":[184,98],"class_list":{"0":"post-863","1":"product","2":"type-product","3":"status-publish","4":"has-post-thumbnail","6":"product_cat-tischdrehmaschinen","7":"product_tag-drehbank-de","8":"product_tag-drehbank","9":"product_shipping_class-classe-10-de","11":"first","12":"instock","13":"shipping-taxable","14":"purchasable","15":"product-type-simple"},"yoast_head":"<!-- This site is optimized with the Yoast SEO plugin v27.1 - https:\/\/yoast.com\/product\/yoast-seo-wordpress\/ -->\n<title>Professionelle Drehmaschine Titanius 1000 Digit - Tecnosuisse<\/title>\n<meta name=\"description\" content=\"Eine Drehmaschine f\u00fcr die Bearbeitung professioneller, robuster und pr\u00e4ziser Metalle. Sie kann in verschiedenen mechanischen Werkst\u00e4tten zum Einf\u00e4deln und Reproduzieren von Pr\u00e4zisionsmetallelementen verwendet werden\" \/>\n<meta name=\"robots\" content=\"index, follow, max-snippet:-1, max-image-preview:large, max-video-preview:-1\" \/>\n<link rel=\"canonical\" href=\"https:\/\/www.tecnosuissesa.com\/de\/produkt\/professionelle-drehmaschine-titanius-1000-digit\/\" \/>\n<meta property=\"og:locale\" content=\"de_DE\" \/>\n<meta property=\"og:type\" content=\"article\" \/>\n<meta property=\"og:title\" content=\"Professionelle Drehmaschine Titanius 1000 Digit - Tecnosuisse\" \/>\n<meta property=\"og:description\" content=\"Eine Drehmaschine f\u00fcr die Bearbeitung professioneller, robuster und pr\u00e4ziser Metalle. Sie kann in verschiedenen mechanischen Werkst\u00e4tten zum Einf\u00e4deln und Reproduzieren von Pr\u00e4zisionsmetallelementen verwendet werden\" \/>\n<meta property=\"og:url\" content=\"https:\/\/www.tecnosuissesa.com\/de\/produkt\/professionelle-drehmaschine-titanius-1000-digit\/\" \/>\n<meta property=\"og:site_name\" content=\"Tecnosuisse\" \/>\n<meta property=\"article:publisher\" content=\"https:\/\/www.facebook.com\/tecnosuisse\/\" \/>\n<meta property=\"article:modified_time\" content=\"2019-02-21T14:18:38+00:00\" \/>\n<meta property=\"og:image\" content=\"https:\/\/www.tecnosuissesa.com\/wp-content\/uploads\/2017\/09\/titanius-1000-digit-1.jpg\" \/>\n\t<meta property=\"og:image:width\" content=\"1024\" \/>\n\t<meta property=\"og:image:height\" content=\"768\" \/>\n\t<meta property=\"og:image:type\" content=\"image\/jpeg\" \/>\n<meta name=\"twitter:card\" content=\"summary_large_image\" \/>\n<meta name=\"twitter:label1\" content=\"Gesch\u00e4tzte Lesezeit\" \/>\n\t<meta name=\"twitter:data1\" content=\"1\u00a0Minute\" \/>\n<script type=\"application\/ld+json\" class=\"yoast-schema-graph\">{\"@context\":\"https:\/\/schema.org\",\"@graph\":[{\"@type\":\"WebPage\",\"@id\":\"https:\/\/www.tecnosuissesa.com\/de\/produkt\/professionelle-drehmaschine-titanius-1000-digit\/\",\"url\":\"https:\/\/www.tecnosuissesa.com\/de\/produkt\/professionelle-drehmaschine-titanius-1000-digit\/\",\"name\":\"Professionelle Drehmaschine Titanius 1000 Digit - Tecnosuisse\",\"isPartOf\":{\"@id\":\"https:\/\/www.tecnosuissesa.com\/it\/#website\"},\"primaryImageOfPage\":{\"@id\":\"https:\/\/www.tecnosuissesa.com\/de\/produkt\/professionelle-drehmaschine-titanius-1000-digit\/#primaryimage\"},\"image\":{\"@id\":\"https:\/\/www.tecnosuissesa.com\/de\/produkt\/professionelle-drehmaschine-titanius-1000-digit\/#primaryimage\"},\"thumbnailUrl\":\"https:\/\/www.tecnosuissesa.com\/wp-content\/uploads\/2017\/09\/titanius-1000-digit-1.jpg\",\"datePublished\":\"2017-09-21T13:33:38+00:00\",\"dateModified\":\"2019-02-21T14:18:38+00:00\",\"description\":\"Eine Drehmaschine f\u00fcr die Bearbeitung professioneller, robuster und pr\u00e4ziser Metalle. Sie kann in verschiedenen mechanischen Werkst\u00e4tten zum Einf\u00e4deln und Reproduzieren von Pr\u00e4zisionsmetallelementen verwendet werden\",\"breadcrumb\":{\"@id\":\"https:\/\/www.tecnosuissesa.com\/de\/produkt\/professionelle-drehmaschine-titanius-1000-digit\/#breadcrumb\"},\"inLanguage\":\"de\",\"potentialAction\":[{\"@type\":\"ReadAction\",\"target\":[\"https:\/\/www.tecnosuissesa.com\/de\/produkt\/professionelle-drehmaschine-titanius-1000-digit\/\"]}]},{\"@type\":\"ImageObject\",\"inLanguage\":\"de\",\"@id\":\"https:\/\/www.tecnosuissesa.com\/de\/produkt\/professionelle-drehmaschine-titanius-1000-digit\/#primaryimage\",\"url\":\"https:\/\/www.tecnosuissesa.com\/wp-content\/uploads\/2017\/09\/titanius-1000-digit-1.jpg\",\"contentUrl\":\"https:\/\/www.tecnosuissesa.com\/wp-content\/uploads\/2017\/09\/titanius-1000-digit-1.jpg\",\"width\":1024,\"height\":768},{\"@type\":\"BreadcrumbList\",\"@id\":\"https:\/\/www.tecnosuissesa.com\/de\/produkt\/professionelle-drehmaschine-titanius-1000-digit\/#breadcrumb\",\"itemListElement\":[{\"@type\":\"ListItem\",\"position\":1,\"name\":\"Home\",\"item\":\"https:\/\/www.tecnosuissesa.com\/de\/\"},{\"@type\":\"ListItem\",\"position\":2,\"name\":\"Vendita di Macchine Utensili per Legno e per Metalli\",\"item\":\"https:\/\/www.tecnosuissesa.com\/it\/vendita-macchine-utensili\/\"},{\"@type\":\"ListItem\",\"position\":3,\"name\":\"Professionelle Drehmaschine Titanius 1000 Digit\"}]},{\"@type\":\"WebSite\",\"@id\":\"https:\/\/www.tecnosuissesa.com\/it\/#website\",\"url\":\"https:\/\/www.tecnosuissesa.com\/it\/\",\"name\":\"Tecnosuisse\",\"description\":\"Macchine Utensili per Legno e Metalli\",\"publisher\":{\"@id\":\"https:\/\/www.tecnosuissesa.com\/it\/#organization\"},\"potentialAction\":[{\"@type\":\"SearchAction\",\"target\":{\"@type\":\"EntryPoint\",\"urlTemplate\":\"https:\/\/www.tecnosuissesa.com\/it\/?s={search_term_string}\"},\"query-input\":{\"@type\":\"PropertyValueSpecification\",\"valueRequired\":true,\"valueName\":\"search_term_string\"}}],\"inLanguage\":\"de\"},{\"@type\":\"Organization\",\"@id\":\"https:\/\/www.tecnosuissesa.com\/it\/#organization\",\"name\":\"Tecnosuisse\",\"url\":\"https:\/\/www.tecnosuissesa.com\/it\/\",\"logo\":{\"@type\":\"ImageObject\",\"inLanguage\":\"de\",\"@id\":\"https:\/\/www.tecnosuissesa.com\/it\/#\/schema\/logo\/image\/\",\"url\":\"https:\/\/www.tecnosuissesa.com\/wp-content\/uploads\/2017\/08\/Logo_TecnoSuisse_627x627.png\",\"contentUrl\":\"https:\/\/www.tecnosuissesa.com\/wp-content\/uploads\/2017\/08\/Logo_TecnoSuisse_627x627.png\",\"width\":627,\"height\":627,\"caption\":\"Tecnosuisse\"},\"image\":{\"@id\":\"https:\/\/www.tecnosuissesa.com\/it\/#\/schema\/logo\/image\/\"},\"sameAs\":[\"https:\/\/www.facebook.com\/tecnosuisse\/\",\"https:\/\/www.youtube.com\/channel\/UCSoxFNkw8ZiE4jP9OY8AdFg\"]}]}<\/script>\n<!-- \/ Yoast SEO plugin. -->","yoast_head_json":{"title":"Professionelle Drehmaschine Titanius 1000 Digit - Tecnosuisse","description":"Eine Drehmaschine f\u00fcr die Bearbeitung professioneller, robuster und pr\u00e4ziser Metalle. Sie kann in verschiedenen mechanischen Werkst\u00e4tten zum Einf\u00e4deln und Reproduzieren von Pr\u00e4zisionsmetallelementen verwendet werden","robots":{"index":"index","follow":"follow","max-snippet":"max-snippet:-1","max-image-preview":"max-image-preview:large","max-video-preview":"max-video-preview:-1"},"canonical":"https:\/\/www.tecnosuissesa.com\/de\/produkt\/professionelle-drehmaschine-titanius-1000-digit\/","og_locale":"de_DE","og_type":"article","og_title":"Professionelle Drehmaschine Titanius 1000 Digit - Tecnosuisse","og_description":"Eine Drehmaschine f\u00fcr die Bearbeitung professioneller, robuster und pr\u00e4ziser Metalle. Sie kann in verschiedenen mechanischen Werkst\u00e4tten zum Einf\u00e4deln und Reproduzieren von Pr\u00e4zisionsmetallelementen verwendet werden","og_url":"https:\/\/www.tecnosuissesa.com\/de\/produkt\/professionelle-drehmaschine-titanius-1000-digit\/","og_site_name":"Tecnosuisse","article_publisher":"https:\/\/www.facebook.com\/tecnosuisse\/","article_modified_time":"2019-02-21T14:18:38+00:00","og_image":[{"width":1024,"height":768,"url":"https:\/\/www.tecnosuissesa.com\/wp-content\/uploads\/2017\/09\/titanius-1000-digit-1.jpg","type":"image\/jpeg"}],"twitter_card":"summary_large_image","twitter_misc":{"Gesch\u00e4tzte Lesezeit":"1\u00a0Minute"},"schema":{"@context":"https:\/\/schema.org","@graph":[{"@type":"WebPage","@id":"https:\/\/www.tecnosuissesa.com\/de\/produkt\/professionelle-drehmaschine-titanius-1000-digit\/","url":"https:\/\/www.tecnosuissesa.com\/de\/produkt\/professionelle-drehmaschine-titanius-1000-digit\/","name":"Professionelle Drehmaschine Titanius 1000 Digit - Tecnosuisse","isPartOf":{"@id":"https:\/\/www.tecnosuissesa.com\/it\/#website"},"primaryImageOfPage":{"@id":"https:\/\/www.tecnosuissesa.com\/de\/produkt\/professionelle-drehmaschine-titanius-1000-digit\/#primaryimage"},"image":{"@id":"https:\/\/www.tecnosuissesa.com\/de\/produkt\/professionelle-drehmaschine-titanius-1000-digit\/#primaryimage"},"thumbnailUrl":"https:\/\/www.tecnosuissesa.com\/wp-content\/uploads\/2017\/09\/titanius-1000-digit-1.jpg","datePublished":"2017-09-21T13:33:38+00:00","dateModified":"2019-02-21T14:18:38+00:00","description":"Eine Drehmaschine f\u00fcr die Bearbeitung professioneller, robuster und pr\u00e4ziser Metalle. Sie kann in verschiedenen mechanischen Werkst\u00e4tten zum Einf\u00e4deln und Reproduzieren von Pr\u00e4zisionsmetallelementen verwendet werden","breadcrumb":{"@id":"https:\/\/www.tecnosuissesa.com\/de\/produkt\/professionelle-drehmaschine-titanius-1000-digit\/#breadcrumb"},"inLanguage":"de","potentialAction":[{"@type":"ReadAction","target":["https:\/\/www.tecnosuissesa.com\/de\/produkt\/professionelle-drehmaschine-titanius-1000-digit\/"]}]},{"@type":"ImageObject","inLanguage":"de","@id":"https:\/\/www.tecnosuissesa.com\/de\/produkt\/professionelle-drehmaschine-titanius-1000-digit\/#primaryimage","url":"https:\/\/www.tecnosuissesa.com\/wp-content\/uploads\/2017\/09\/titanius-1000-digit-1.jpg","contentUrl":"https:\/\/www.tecnosuissesa.com\/wp-content\/uploads\/2017\/09\/titanius-1000-digit-1.jpg","width":1024,"height":768},{"@type":"BreadcrumbList","@id":"https:\/\/www.tecnosuissesa.com\/de\/produkt\/professionelle-drehmaschine-titanius-1000-digit\/#breadcrumb","itemListElement":[{"@type":"ListItem","position":1,"name":"Home","item":"https:\/\/www.tecnosuissesa.com\/de\/"},{"@type":"ListItem","position":2,"name":"Vendita di Macchine Utensili per Legno e per Metalli","item":"https:\/\/www.tecnosuissesa.com\/it\/vendita-macchine-utensili\/"},{"@type":"ListItem","position":3,"name":"Professionelle Drehmaschine Titanius 1000 Digit"}]},{"@type":"WebSite","@id":"https:\/\/www.tecnosuissesa.com\/it\/#website","url":"https:\/\/www.tecnosuissesa.com\/it\/","name":"Tecnosuisse","description":"Macchine Utensili per Legno e Metalli","publisher":{"@id":"https:\/\/www.tecnosuissesa.com\/it\/#organization"},"potentialAction":[{"@type":"SearchAction","target":{"@type":"EntryPoint","urlTemplate":"https:\/\/www.tecnosuissesa.com\/it\/?s={search_term_string}"},"query-input":{"@type":"PropertyValueSpecification","valueRequired":true,"valueName":"search_term_string"}}],"inLanguage":"de"},{"@type":"Organization","@id":"https:\/\/www.tecnosuissesa.com\/it\/#organization","name":"Tecnosuisse","url":"https:\/\/www.tecnosuissesa.com\/it\/","logo":{"@type":"ImageObject","inLanguage":"de","@id":"https:\/\/www.tecnosuissesa.com\/it\/#\/schema\/logo\/image\/","url":"https:\/\/www.tecnosuissesa.com\/wp-content\/uploads\/2017\/08\/Logo_TecnoSuisse_627x627.png","contentUrl":"https:\/\/www.tecnosuissesa.com\/wp-content\/uploads\/2017\/08\/Logo_TecnoSuisse_627x627.png","width":627,"height":627,"caption":"Tecnosuisse"},"image":{"@id":"https:\/\/www.tecnosuissesa.com\/it\/#\/schema\/logo\/image\/"},"sameAs":["https:\/\/www.facebook.com\/tecnosuisse\/","https:\/\/www.youtube.com\/channel\/UCSoxFNkw8ZiE4jP9OY8AdFg"]}]}},"_links":{"self":[{"href":"https:\/\/www.tecnosuissesa.com\/de\/wp-json\/wp\/v2\/product\/863","targetHints":{"allow":["GET"]}}],"collection":[{"href":"https:\/\/www.tecnosuissesa.com\/de\/wp-json\/wp\/v2\/product"}],"about":[{"href":"https:\/\/www.tecnosuissesa.com\/de\/wp-json\/wp\/v2\/types\/product"}],"replies":[{"embeddable":true,"href":"https:\/\/www.tecnosuissesa.com\/de\/wp-json\/wp\/v2\/comments?post=863"}],"wp:featuredmedia":[{"embeddable":true,"href":"https:\/\/www.tecnosuissesa.com\/de\/wp-json\/wp\/v2\/media\/852"}],"wp:attachment":[{"href":"https:\/\/www.tecnosuissesa.com\/de\/wp-json\/wp\/v2\/media?parent=863"}],"wp:term":[{"taxonomy":"product_brand","embeddable":true,"href":"https:\/\/www.tecnosuissesa.com\/de\/wp-json\/wp\/v2\/product_brand?post=863"},{"taxonomy":"product_cat","embeddable":true,"href":"https:\/\/www.tecnosuissesa.com\/de\/wp-json\/wp\/v2\/product_cat?post=863"},{"taxonomy":"product_tag","embeddable":true,"href":"https:\/\/www.tecnosuissesa.com\/de\/wp-json\/wp\/v2\/product_tag?post=863"}],"curies":[{"name":"wp","href":"https:\/\/api.w.org\/{rel}","templated":true}]}}