{"id":847,"date":"2017-09-21T15:20:45","date_gmt":"2017-09-21T13:20:45","guid":{"rendered":"https:\/\/www.tecnosuissesa.com\/product\/metalldrehmaschine-multitech-800-plus\/"},"modified":"2017-09-21T15:20:45","modified_gmt":"2017-09-21T13:20:45","slug":"metalldrehmaschine-multitech-800-plus","status":"publish","type":"product","link":"https:\/\/www.tecnosuissesa.com\/de\/product\/metalldrehmaschine-multitech-800-plus\/","title":{"rendered":"Metalldrehmaschine Multitech 800 Plus"},"content":{"rendered":"<p>Dabei handelt es sich um eine halbprofessionelle \u00e4usserst pr\u00e4zise und robuste Maschine mit gusseisernen Rahmen und Metalloberfl\u00e4chen. Da diese Drehmaschine mit automatischem Vorschub ausger\u00fcstet ist, eignet sie sich zum Schneiden von Zoll- und metrischen Gewinden. Die Maschine ist mit einer wassergek\u00fchlten Pumpe und einer Lampe f\u00fcr die direkte Beleuchtung ausgestattet. Sie wird in der Standardausf\u00fchrung mit einem selbstzentrierenden 3-Backenfutter (3 innere und 3 \u00e4u\u00dfere Backen), zwei Reitst\u00f6cken mit Kegelaufnahme, dem Vorschubschlitten, 2 L\u00fcnetten, dem Metallunterbau, allen inneren Zahnr\u00e4dern und dem Schl\u00fcsselsatz f\u00fcr die Montage der Zahnr\u00e4der geliefert. Es unterscheidet sich von Multitech 800 f\u00fcr die Doppel temperiert F\u00fchrung auf dem Maschinenbett. Die Drei-Phasen-Version ist auf Anfrage erh\u00e4ltlich. In Standardkonfiguration mit SKF-Lager.<\/p>\n<table class=\"table table-striped\" border=\"1\" width=\"100%\" cellspacing=\"0\" cellpadding=\"0\">\n<tbody>\n<tr>\n<td colspan=\"2\" valign=\"top\">\n<div align=\"center\">TECHNISCHE DATEN<\/div>\n<\/td>\n<\/tr>\n<tr>\n<td>Abmessungen mit Unterbau<\/td>\n<td>1480 mm (L\u00e4nge) x 760 mm (Breite) x 1150 mm (H\u00f6he)<\/td>\n<\/tr>\n<tr>\n<td>Nettogewicht Maschine<\/td>\n<td>380 Kg<\/td>\n<\/tr>\n<tr>\n<td colspan=\"2\">SPEZIFIKATIONEN DER DREHMASCHINE<\/td>\n<\/tr>\n<tr>\n<td>Abstand zwischen den Spitzen<\/td>\n<td>800 mm<\/td>\n<\/tr>\n<tr>\n<td>Maximale Nutzl\u00e4nge<\/td>\n<td>650 mm<\/td>\n<\/tr>\n<tr>\n<td>H\u00f6he der Spitzen<\/td>\n<td>165 mm<\/td>\n<\/tr>\n<tr>\n<td>Max. Durchmesser des auf der Bank zu bearbeitenden Werkst\u00fccks<\/td>\n<td>220 mm<\/td>\n<\/tr>\n<tr>\n<td>Spindelbohrung<\/td>\n<td>38 mm<\/td>\n<\/tr>\n<tr>\n<td>Durchmesser der Standard Spindel<\/td>\n<td>160 mm<\/td>\n<\/tr>\n<tr>\n<td>Standard-Spindeltyp<\/td>\n<td>Selbstzentrierendes 3-Backenfutter (3 \u00e4ussere Backen + 3 innere)<\/td>\n<\/tr>\n<tr>\n<td>Bohrungstyp der Spindel<\/td>\n<td>MT5<\/td>\n<\/tr>\n<tr>\n<td>Bohrungstyp des Reitstocks<\/td>\n<td>MT3<\/td>\n<\/tr>\n<tr>\n<td>Abmessungen des Kreuztisch<\/td>\n<td>330 mm x 130 mm<\/td>\n<\/tr>\n<tr>\n<td>Gr\u00f6\u00dfe des Standard Revolverkopfs<\/td>\n<td>78 mm x 78 mm<\/td>\n<\/tr>\n<tr>\n<td>Max. Schaft auf dem Standard-Werkzeugrevolver<\/td>\n<td>20 mm<\/td>\n<\/tr>\n<tr>\n<td>Anzahl schneidbarer Zollgewinde<\/td>\n<td>24<\/td>\n<\/tr>\n<tr>\n<td>Zollgewindearten<\/td>\n<td>Von 9 Bis 40 filetti x pollice<\/td>\n<\/tr>\n<tr>\n<td>Anzahl schneidbarer metrischer Gewinde<\/td>\n<td>17<\/td>\n<\/tr>\n<tr>\n<td>Metrische Gewindearten<\/td>\n<td>Von 0,5 mm Bis 4 mm<\/td>\n<\/tr>\n<tr>\n<td>L\u00e4ngsvorschub<\/td>\n<td>0,135 &#8211; 1,80 mm\/Umdrehung<\/td>\n<\/tr>\n<tr>\n<td>Querschub<\/td>\n<td>0,025 &#8211; 0,34 mm\/Umdrehung<\/td>\n<\/tr>\n<tr>\n<td>Querhub der Werkzeugschlittens<\/td>\n<td>85 mm<\/td>\n<\/tr>\n<tr>\n<td>Geschwindigkeitsstufen der Spindel<\/td>\n<td>12<\/td>\n<\/tr>\n<tr>\n<td>Drehgeschwindigkeit der Spindel<\/td>\n<td>Von 65 Bis 1650 giri\/min<\/td>\n<\/tr>\n<tr>\n<td colspan=\"2\">MOTOR<\/td>\n<\/tr>\n<tr>\n<td>Leistung<\/td>\n<td>1500 W<\/td>\n<\/tr>\n<tr>\n<td>Typ<\/td>\n<td>Einphasig (220 V)<\/td>\n<\/tr>\n<tr>\n<td>Frequenz<\/td>\n<td>50 Hz<\/td>\n<\/tr>\n<tr>\n<td colspan=\"2\">VORSCHUB DER TISCHE<\/td>\n<\/tr>\n<tr>\n<td>L\u00e4ngsvorschub<\/td>\n<td>Automatisch in beide Richtungen<\/td>\n<\/tr>\n<tr>\n<td>Querschub (Kreuztisch)<\/td>\n<td>Automatisch in beide Richtungen<\/td>\n<\/tr>\n<\/tbody>\n<\/table>\n","protected":false},"excerpt":{"rendered":"<p>Abstand zwischen den Spitzen 800 mm, Durchmesser f\u00fcr das Abdrehen 330 mm und Einphasenmotor 1500 W<\/p>\n","protected":false},"featured_media":836,"comment_status":"open","ping_status":"closed","template":"","meta":[],"product_brand":[],"product_cat":[49],"product_tag":[],"class_list":{"0":"post-847","1":"product","2":"type-product","3":"status-publish","4":"has-post-thumbnail","6":"product_cat-holzbearbeitungsmaschinen","8":"first","9":"instock","10":"shipping-taxable","11":"purchasable","12":"product-type-simple"},"yoast_head":"<!-- This site is optimized with the Yoast SEO plugin v27.1 - https:\/\/yoast.com\/product\/yoast-seo-wordpress\/ -->\n<title>Metalldrehmaschine Multitech 800 Plus - Tecnosuisse<\/title>\n<meta name=\"robots\" content=\"index, follow, max-snippet:-1, max-image-preview:large, max-video-preview:-1\" \/>\n<link rel=\"canonical\" href=\"https:\/\/www.tecnosuissesa.com\/de\/produkt\/metalldrehmaschine-multitech-800-plus\/\" \/>\n<meta property=\"og:locale\" content=\"de_DE\" \/>\n<meta property=\"og:type\" content=\"article\" \/>\n<meta property=\"og:title\" content=\"Metalldrehmaschine Multitech 800 Plus - Tecnosuisse\" \/>\n<meta property=\"og:description\" content=\"Abstand zwischen den Spitzen 800 mm, Durchmesser f\u00fcr das Abdrehen 330 mm und Einphasenmotor 1500 W\" \/>\n<meta property=\"og:url\" content=\"https:\/\/www.tecnosuissesa.com\/de\/produkt\/metalldrehmaschine-multitech-800-plus\/\" \/>\n<meta property=\"og:site_name\" content=\"Tecnosuisse\" \/>\n<meta property=\"article:publisher\" content=\"https:\/\/www.facebook.com\/tecnosuisse\/\" \/>\n<meta property=\"og:image\" content=\"https:\/\/www.tecnosuissesa.com\/wp-content\/uploads\/2017\/09\/multitech-800-plus.1.jpg\" \/>\n\t<meta property=\"og:image:width\" content=\"1024\" \/>\n\t<meta property=\"og:image:height\" content=\"768\" \/>\n\t<meta property=\"og:image:type\" content=\"image\/jpeg\" \/>\n<meta name=\"twitter:card\" content=\"summary_large_image\" \/>\n<meta name=\"twitter:label1\" content=\"Gesch\u00e4tzte Lesezeit\" \/>\n\t<meta name=\"twitter:data1\" content=\"1\u00a0Minute\" \/>\n<script type=\"application\/ld+json\" class=\"yoast-schema-graph\">{\"@context\":\"https:\/\/schema.org\",\"@graph\":[{\"@type\":\"WebPage\",\"@id\":\"https:\/\/www.tecnosuissesa.com\/de\/produkt\/metalldrehmaschine-multitech-800-plus\/\",\"url\":\"https:\/\/www.tecnosuissesa.com\/de\/produkt\/metalldrehmaschine-multitech-800-plus\/\",\"name\":\"Metalldrehmaschine Multitech 800 Plus - Tecnosuisse\",\"isPartOf\":{\"@id\":\"https:\/\/www.tecnosuissesa.com\/it\/#website\"},\"primaryImageOfPage\":{\"@id\":\"https:\/\/www.tecnosuissesa.com\/de\/produkt\/metalldrehmaschine-multitech-800-plus\/#primaryimage\"},\"image\":{\"@id\":\"https:\/\/www.tecnosuissesa.com\/de\/produkt\/metalldrehmaschine-multitech-800-plus\/#primaryimage\"},\"thumbnailUrl\":\"https:\/\/www.tecnosuissesa.com\/wp-content\/uploads\/2017\/09\/multitech-800-plus.1.jpg\",\"datePublished\":\"2017-09-21T13:20:45+00:00\",\"breadcrumb\":{\"@id\":\"https:\/\/www.tecnosuissesa.com\/de\/produkt\/metalldrehmaschine-multitech-800-plus\/#breadcrumb\"},\"inLanguage\":\"de\",\"potentialAction\":[{\"@type\":\"ReadAction\",\"target\":[\"https:\/\/www.tecnosuissesa.com\/de\/produkt\/metalldrehmaschine-multitech-800-plus\/\"]}]},{\"@type\":\"ImageObject\",\"inLanguage\":\"de\",\"@id\":\"https:\/\/www.tecnosuissesa.com\/de\/produkt\/metalldrehmaschine-multitech-800-plus\/#primaryimage\",\"url\":\"https:\/\/www.tecnosuissesa.com\/wp-content\/uploads\/2017\/09\/multitech-800-plus.1.jpg\",\"contentUrl\":\"https:\/\/www.tecnosuissesa.com\/wp-content\/uploads\/2017\/09\/multitech-800-plus.1.jpg\",\"width\":1024,\"height\":768},{\"@type\":\"BreadcrumbList\",\"@id\":\"https:\/\/www.tecnosuissesa.com\/de\/produkt\/metalldrehmaschine-multitech-800-plus\/#breadcrumb\",\"itemListElement\":[{\"@type\":\"ListItem\",\"position\":1,\"name\":\"Home\",\"item\":\"https:\/\/www.tecnosuissesa.com\/de\/\"},{\"@type\":\"ListItem\",\"position\":2,\"name\":\"Vendita di Macchine Utensili per Legno e per Metalli\",\"item\":\"https:\/\/www.tecnosuissesa.com\/it\/vendita-macchine-utensili\/\"},{\"@type\":\"ListItem\",\"position\":3,\"name\":\"Metalldrehmaschine Multitech 800 Plus\"}]},{\"@type\":\"WebSite\",\"@id\":\"https:\/\/www.tecnosuissesa.com\/it\/#website\",\"url\":\"https:\/\/www.tecnosuissesa.com\/it\/\",\"name\":\"Tecnosuisse\",\"description\":\"Macchine Utensili per Legno e Metalli\",\"publisher\":{\"@id\":\"https:\/\/www.tecnosuissesa.com\/it\/#organization\"},\"potentialAction\":[{\"@type\":\"SearchAction\",\"target\":{\"@type\":\"EntryPoint\",\"urlTemplate\":\"https:\/\/www.tecnosuissesa.com\/it\/?s={search_term_string}\"},\"query-input\":{\"@type\":\"PropertyValueSpecification\",\"valueRequired\":true,\"valueName\":\"search_term_string\"}}],\"inLanguage\":\"de\"},{\"@type\":\"Organization\",\"@id\":\"https:\/\/www.tecnosuissesa.com\/it\/#organization\",\"name\":\"Tecnosuisse\",\"url\":\"https:\/\/www.tecnosuissesa.com\/it\/\",\"logo\":{\"@type\":\"ImageObject\",\"inLanguage\":\"de\",\"@id\":\"https:\/\/www.tecnosuissesa.com\/it\/#\/schema\/logo\/image\/\",\"url\":\"https:\/\/www.tecnosuissesa.com\/wp-content\/uploads\/2017\/08\/Logo_TecnoSuisse_627x627.png\",\"contentUrl\":\"https:\/\/www.tecnosuissesa.com\/wp-content\/uploads\/2017\/08\/Logo_TecnoSuisse_627x627.png\",\"width\":627,\"height\":627,\"caption\":\"Tecnosuisse\"},\"image\":{\"@id\":\"https:\/\/www.tecnosuissesa.com\/it\/#\/schema\/logo\/image\/\"},\"sameAs\":[\"https:\/\/www.facebook.com\/tecnosuisse\/\",\"https:\/\/www.youtube.com\/channel\/UCSoxFNkw8ZiE4jP9OY8AdFg\"]}]}<\/script>\n<!-- \/ Yoast SEO plugin. -->","yoast_head_json":{"title":"Metalldrehmaschine Multitech 800 Plus - Tecnosuisse","robots":{"index":"index","follow":"follow","max-snippet":"max-snippet:-1","max-image-preview":"max-image-preview:large","max-video-preview":"max-video-preview:-1"},"canonical":"https:\/\/www.tecnosuissesa.com\/de\/produkt\/metalldrehmaschine-multitech-800-plus\/","og_locale":"de_DE","og_type":"article","og_title":"Metalldrehmaschine Multitech 800 Plus - Tecnosuisse","og_description":"Abstand zwischen den Spitzen 800 mm, Durchmesser f\u00fcr das Abdrehen 330 mm und Einphasenmotor 1500 W","og_url":"https:\/\/www.tecnosuissesa.com\/de\/produkt\/metalldrehmaschine-multitech-800-plus\/","og_site_name":"Tecnosuisse","article_publisher":"https:\/\/www.facebook.com\/tecnosuisse\/","og_image":[{"width":1024,"height":768,"url":"https:\/\/www.tecnosuissesa.com\/wp-content\/uploads\/2017\/09\/multitech-800-plus.1.jpg","type":"image\/jpeg"}],"twitter_card":"summary_large_image","twitter_misc":{"Gesch\u00e4tzte Lesezeit":"1\u00a0Minute"},"schema":{"@context":"https:\/\/schema.org","@graph":[{"@type":"WebPage","@id":"https:\/\/www.tecnosuissesa.com\/de\/produkt\/metalldrehmaschine-multitech-800-plus\/","url":"https:\/\/www.tecnosuissesa.com\/de\/produkt\/metalldrehmaschine-multitech-800-plus\/","name":"Metalldrehmaschine Multitech 800 Plus - Tecnosuisse","isPartOf":{"@id":"https:\/\/www.tecnosuissesa.com\/it\/#website"},"primaryImageOfPage":{"@id":"https:\/\/www.tecnosuissesa.com\/de\/produkt\/metalldrehmaschine-multitech-800-plus\/#primaryimage"},"image":{"@id":"https:\/\/www.tecnosuissesa.com\/de\/produkt\/metalldrehmaschine-multitech-800-plus\/#primaryimage"},"thumbnailUrl":"https:\/\/www.tecnosuissesa.com\/wp-content\/uploads\/2017\/09\/multitech-800-plus.1.jpg","datePublished":"2017-09-21T13:20:45+00:00","breadcrumb":{"@id":"https:\/\/www.tecnosuissesa.com\/de\/produkt\/metalldrehmaschine-multitech-800-plus\/#breadcrumb"},"inLanguage":"de","potentialAction":[{"@type":"ReadAction","target":["https:\/\/www.tecnosuissesa.com\/de\/produkt\/metalldrehmaschine-multitech-800-plus\/"]}]},{"@type":"ImageObject","inLanguage":"de","@id":"https:\/\/www.tecnosuissesa.com\/de\/produkt\/metalldrehmaschine-multitech-800-plus\/#primaryimage","url":"https:\/\/www.tecnosuissesa.com\/wp-content\/uploads\/2017\/09\/multitech-800-plus.1.jpg","contentUrl":"https:\/\/www.tecnosuissesa.com\/wp-content\/uploads\/2017\/09\/multitech-800-plus.1.jpg","width":1024,"height":768},{"@type":"BreadcrumbList","@id":"https:\/\/www.tecnosuissesa.com\/de\/produkt\/metalldrehmaschine-multitech-800-plus\/#breadcrumb","itemListElement":[{"@type":"ListItem","position":1,"name":"Home","item":"https:\/\/www.tecnosuissesa.com\/de\/"},{"@type":"ListItem","position":2,"name":"Vendita di Macchine Utensili per Legno e per Metalli","item":"https:\/\/www.tecnosuissesa.com\/it\/vendita-macchine-utensili\/"},{"@type":"ListItem","position":3,"name":"Metalldrehmaschine Multitech 800 Plus"}]},{"@type":"WebSite","@id":"https:\/\/www.tecnosuissesa.com\/it\/#website","url":"https:\/\/www.tecnosuissesa.com\/it\/","name":"Tecnosuisse","description":"Macchine Utensili per Legno e Metalli","publisher":{"@id":"https:\/\/www.tecnosuissesa.com\/it\/#organization"},"potentialAction":[{"@type":"SearchAction","target":{"@type":"EntryPoint","urlTemplate":"https:\/\/www.tecnosuissesa.com\/it\/?s={search_term_string}"},"query-input":{"@type":"PropertyValueSpecification","valueRequired":true,"valueName":"search_term_string"}}],"inLanguage":"de"},{"@type":"Organization","@id":"https:\/\/www.tecnosuissesa.com\/it\/#organization","name":"Tecnosuisse","url":"https:\/\/www.tecnosuissesa.com\/it\/","logo":{"@type":"ImageObject","inLanguage":"de","@id":"https:\/\/www.tecnosuissesa.com\/it\/#\/schema\/logo\/image\/","url":"https:\/\/www.tecnosuissesa.com\/wp-content\/uploads\/2017\/08\/Logo_TecnoSuisse_627x627.png","contentUrl":"https:\/\/www.tecnosuissesa.com\/wp-content\/uploads\/2017\/08\/Logo_TecnoSuisse_627x627.png","width":627,"height":627,"caption":"Tecnosuisse"},"image":{"@id":"https:\/\/www.tecnosuissesa.com\/it\/#\/schema\/logo\/image\/"},"sameAs":["https:\/\/www.facebook.com\/tecnosuisse\/","https:\/\/www.youtube.com\/channel\/UCSoxFNkw8ZiE4jP9OY8AdFg"]}]}},"_links":{"self":[{"href":"https:\/\/www.tecnosuissesa.com\/de\/wp-json\/wp\/v2\/product\/847","targetHints":{"allow":["GET"]}}],"collection":[{"href":"https:\/\/www.tecnosuissesa.com\/de\/wp-json\/wp\/v2\/product"}],"about":[{"href":"https:\/\/www.tecnosuissesa.com\/de\/wp-json\/wp\/v2\/types\/product"}],"replies":[{"embeddable":true,"href":"https:\/\/www.tecnosuissesa.com\/de\/wp-json\/wp\/v2\/comments?post=847"}],"wp:featuredmedia":[{"embeddable":true,"href":"https:\/\/www.tecnosuissesa.com\/de\/wp-json\/wp\/v2\/media\/836"}],"wp:attachment":[{"href":"https:\/\/www.tecnosuissesa.com\/de\/wp-json\/wp\/v2\/media?parent=847"}],"wp:term":[{"taxonomy":"product_brand","embeddable":true,"href":"https:\/\/www.tecnosuissesa.com\/de\/wp-json\/wp\/v2\/product_brand?post=847"},{"taxonomy":"product_cat","embeddable":true,"href":"https:\/\/www.tecnosuissesa.com\/de\/wp-json\/wp\/v2\/product_cat?post=847"},{"taxonomy":"product_tag","embeddable":true,"href":"https:\/\/www.tecnosuissesa.com\/de\/wp-json\/wp\/v2\/product_tag?post=847"}],"curies":[{"name":"wp","href":"https:\/\/api.w.org\/{rel}","templated":true}]}}