{"id":800,"date":"2017-09-20T17:35:14","date_gmt":"2017-09-20T15:35:14","guid":{"rendered":"https:\/\/www.tecnosuissesa.com\/product\/professionelle-drehbank-fur-metall-titanius-1500\/"},"modified":"2019-02-21T16:33:22","modified_gmt":"2019-02-21T15:33:22","slug":"professionelle-drehbank-fur-metall-titanius-1500","status":"publish","type":"product","link":"https:\/\/www.tecnosuissesa.com\/de\/product\/professionelle-drehbank-fur-metall-titanius-1500\/","title":{"rendered":"Professionelle Drehbank f\u00fcr Metall Titanius 1500"},"content":{"rendered":"<p>Diese \u00e4u\u00dferst professionelle, robuste und pr\u00e4zise Drehbank kann in den verschiedenen Werkst\u00e4tten sowohl zum Gewindeschneiden als auch zum \u00e4u\u00dferst pr\u00e4zisen Nachbilden von Metallteilen verwendet werden. Durch das halbautomatische Nortongetriebe l\u00e4sst sich das gew\u00fcnschte Gewinde \u00fcber die frontseitig angebrachten Kn\u00f6pfe rasch ausw\u00e4hlen. Nat\u00fcrlich ist die Maschine zudem mit einer wassergek\u00fchlten Pumpe und einer Lampe f\u00fcr die direkte Beleuchtung ausgestattet. Dank dem automatischen Vorschub in alle Richtungen kann diese Drehbank nicht nur Gewinde schneiden, sondern auch viele andere Bearbeitungen ausf\u00fchren. Sie wird in der Standardausf\u00fchrung mit einem selbstzentrierenden 3-Backenfutter (3 innere und 3 \u00e4u\u00dfere Backen), zwei Reitst\u00f6cken mit Kegelaufnahme, dem Vorschubschlitten, 2 L\u00fcnetten, dem Metallunterbau und dem Schl\u00fcsselsatz f\u00fcr die Montage geliefert.<\/p>\n<table>\n<tbody>\n<tr>\n<td colspan=\"2\"><strong>TECHNISCHE DATEN<\/strong><\/td>\n<\/tr>\n<tr>\n<td colspan=\"2\"><strong>PLATZBEDARF DER MASCHINE<\/strong><\/td>\n<\/tr>\n<tr>\n<td>Abmessungen mit Unterbau<\/td>\n<td>2450 mm (L) x 850 mm (B) x 1250 mm (H)<\/td>\n<\/tr>\n<tr>\n<td>Nettogewicht der Maschine<\/td>\n<td>1970 kg<\/td>\n<\/tr>\n<tr>\n<td colspan=\"2\"><strong>SPEZIFIKATIONEN DER DREHMASCHINE<\/strong><\/td>\n<\/tr>\n<tr>\n<td>Abstand zwischen den Spitzen<\/td>\n<td>1500 mm<\/td>\n<\/tr>\n<tr>\n<td>H\u00f6he der Spitzen<\/td>\n<td>205 mm<\/td>\n<\/tr>\n<tr>\n<td>Max. Bohrdurchmesser auf der Bank<\/td>\n<td>410 mm<\/td>\n<\/tr>\n<tr>\n<td>Max. Bohrdurchmesser an der Aussparung<\/td>\n<td>640 mm<\/td>\n<\/tr>\n<tr>\n<td>Schienendurchf\u00fchrung<\/td>\n<td>52 mm<\/td>\n<\/tr>\n<tr>\n<td>Tischsbreite<\/td>\n<td>300 mm<\/td>\n<\/tr>\n<tr>\n<td>Querhub<\/td>\n<td>178 mm<\/td>\n<\/tr>\n<tr>\n<td>Reitstockdurchmesser<\/td>\n<td>60 mm<\/td>\n<\/tr>\n<tr>\n<td>Schraubstockanzahl des Reitstocks<\/td>\n<td>4<\/td>\n<\/tr>\n<tr>\n<td>Spindelaufnahme<\/td>\n<td>D1-6<\/td>\n<\/tr>\n<tr>\n<td>Geschwindigkeitsstufen der Spindel<\/td>\n<td>8 bis 16<\/td>\n<\/tr>\n<tr>\n<td>Metrische Gewindearten<\/td>\n<td>0,1 mm bis 14 mm<\/td>\n<\/tr>\n<tr>\n<td>Drehgeschwindigkeit der Spindel<\/td>\n<td>12 bis 2000 Umdrehungen\/Minute<\/td>\n<\/tr>\n<tr>\n<td colspan=\"2\"><strong>VORSCHUB DER TISCHE<\/strong><\/td>\n<\/tr>\n<tr>\n<td>L\u00e4ngshub<\/td>\n<td>0,031 &#8211; 1,7 mm<\/td>\n<\/tr>\n<tr>\n<td>Querhub (Kreuzplan)<\/td>\n<td>0,014 &#8211; 0,784 mm\/Umdrehung<\/td>\n<\/tr>\n<tr>\n<td colspan=\"2\"><strong>MOTOR<\/strong><\/td>\n<\/tr>\n<tr>\n<td>Leistung<\/td>\n<td>4 KW (5,3 PS)<\/td>\n<\/tr>\n<tr>\n<td>Typ<\/td>\n<td>Dreiphasig<\/td>\n<\/tr>\n<\/tbody>\n<\/table>\n","protected":false},"excerpt":{"rendered":"<p>Professionelle Drehmaschine\u00a0mit Nortonschwinge, Abstand zwischen den Spitzen 1500 mm max. Durchmesser f\u00fcr das Abdrehen 410 mm und K\u00fchlpumpe mit klarem Wasser<\/p>\n","protected":false},"featured_media":786,"comment_status":"open","ping_status":"closed","template":"","meta":[],"product_brand":[],"product_cat":[183],"product_tag":[98,184,185,195],"class_list":{"0":"post-800","1":"product","2":"type-product","3":"status-publish","4":"has-post-thumbnail","6":"product_cat-tischdrehmaschinen","7":"product_tag-drehbank","8":"product_tag-drehbank-de","9":"product_tag-drehmaschine-fur-metalle","10":"product_tag-professionelle-drehbank","11":"product_shipping_class-classe-10-de","13":"first","14":"instock","15":"shipping-taxable","16":"purchasable","17":"product-type-simple"},"yoast_head":"<!-- This site is optimized with the Yoast SEO plugin v27.1 - https:\/\/yoast.com\/product\/yoast-seo-wordpress\/ -->\n<title>Professionelle Drehbank f\u00fcr Metall Titanius 1500 - Tecnosuisse<\/title>\n<meta name=\"description\" content=\"Professionelle Drehmaschine, ausgestattet mit einem Norton-Kasten mit einem Abstand zwischen den Spitzen von 1500 mm, einem maximalen Durchmesser von 410 mm f\u00fcr die Arbeit auf der Bank, einem Motor mit 5,3 PS\" \/>\n<meta name=\"robots\" content=\"index, follow, max-snippet:-1, max-image-preview:large, max-video-preview:-1\" \/>\n<link rel=\"canonical\" href=\"https:\/\/www.tecnosuissesa.com\/de\/produkt\/professionelle-drehbank-fur-metall-titanius-1500\/\" \/>\n<meta property=\"og:locale\" content=\"de_DE\" \/>\n<meta property=\"og:type\" content=\"article\" \/>\n<meta property=\"og:title\" content=\"Professionelle Drehbank f\u00fcr Metall Titanius 1500 - Tecnosuisse\" \/>\n<meta property=\"og:description\" content=\"Professionelle Drehmaschine, ausgestattet mit einem Norton-Kasten mit einem Abstand zwischen den Spitzen von 1500 mm, einem maximalen Durchmesser von 410 mm f\u00fcr die Arbeit auf der Bank, einem Motor mit 5,3 PS\" \/>\n<meta property=\"og:url\" content=\"https:\/\/www.tecnosuissesa.com\/de\/produkt\/professionelle-drehbank-fur-metall-titanius-1500\/\" \/>\n<meta property=\"og:site_name\" content=\"Tecnosuisse\" \/>\n<meta property=\"article:publisher\" content=\"https:\/\/www.facebook.com\/tecnosuisse\/\" \/>\n<meta property=\"article:modified_time\" content=\"2019-02-21T15:33:22+00:00\" \/>\n<meta property=\"og:image\" content=\"https:\/\/www.tecnosuissesa.com\/wp-content\/uploads\/2017\/09\/1.jpg\" \/>\n\t<meta property=\"og:image:width\" content=\"1024\" \/>\n\t<meta property=\"og:image:height\" content=\"768\" \/>\n\t<meta property=\"og:image:type\" content=\"image\/jpeg\" \/>\n<meta name=\"twitter:card\" content=\"summary_large_image\" \/>\n<meta name=\"twitter:label1\" content=\"Gesch\u00e4tzte Lesezeit\" \/>\n\t<meta name=\"twitter:data1\" content=\"1\u00a0Minute\" \/>\n<script type=\"application\/ld+json\" class=\"yoast-schema-graph\">{\"@context\":\"https:\/\/schema.org\",\"@graph\":[{\"@type\":\"WebPage\",\"@id\":\"https:\/\/www.tecnosuissesa.com\/de\/produkt\/professionelle-drehbank-fur-metall-titanius-1500\/\",\"url\":\"https:\/\/www.tecnosuissesa.com\/de\/produkt\/professionelle-drehbank-fur-metall-titanius-1500\/\",\"name\":\"Professionelle Drehbank f\u00fcr Metall Titanius 1500 - Tecnosuisse\",\"isPartOf\":{\"@id\":\"https:\/\/www.tecnosuissesa.com\/it\/#website\"},\"primaryImageOfPage\":{\"@id\":\"https:\/\/www.tecnosuissesa.com\/de\/produkt\/professionelle-drehbank-fur-metall-titanius-1500\/#primaryimage\"},\"image\":{\"@id\":\"https:\/\/www.tecnosuissesa.com\/de\/produkt\/professionelle-drehbank-fur-metall-titanius-1500\/#primaryimage\"},\"thumbnailUrl\":\"https:\/\/www.tecnosuissesa.com\/wp-content\/uploads\/2017\/09\/1.jpg\",\"datePublished\":\"2017-09-20T15:35:14+00:00\",\"dateModified\":\"2019-02-21T15:33:22+00:00\",\"description\":\"Professionelle Drehmaschine, ausgestattet mit einem Norton-Kasten mit einem Abstand zwischen den Spitzen von 1500 mm, einem maximalen Durchmesser von 410 mm f\u00fcr die Arbeit auf der Bank, einem Motor mit 5,3 PS\",\"breadcrumb\":{\"@id\":\"https:\/\/www.tecnosuissesa.com\/de\/produkt\/professionelle-drehbank-fur-metall-titanius-1500\/#breadcrumb\"},\"inLanguage\":\"de\",\"potentialAction\":[{\"@type\":\"ReadAction\",\"target\":[\"https:\/\/www.tecnosuissesa.com\/de\/produkt\/professionelle-drehbank-fur-metall-titanius-1500\/\"]}]},{\"@type\":\"ImageObject\",\"inLanguage\":\"de\",\"@id\":\"https:\/\/www.tecnosuissesa.com\/de\/produkt\/professionelle-drehbank-fur-metall-titanius-1500\/#primaryimage\",\"url\":\"https:\/\/www.tecnosuissesa.com\/wp-content\/uploads\/2017\/09\/1.jpg\",\"contentUrl\":\"https:\/\/www.tecnosuissesa.com\/wp-content\/uploads\/2017\/09\/1.jpg\",\"width\":1024,\"height\":768},{\"@type\":\"BreadcrumbList\",\"@id\":\"https:\/\/www.tecnosuissesa.com\/de\/produkt\/professionelle-drehbank-fur-metall-titanius-1500\/#breadcrumb\",\"itemListElement\":[{\"@type\":\"ListItem\",\"position\":1,\"name\":\"Home\",\"item\":\"https:\/\/www.tecnosuissesa.com\/de\/\"},{\"@type\":\"ListItem\",\"position\":2,\"name\":\"Vendita di Macchine Utensili per Legno e per Metalli\",\"item\":\"https:\/\/www.tecnosuissesa.com\/it\/vendita-macchine-utensili\/\"},{\"@type\":\"ListItem\",\"position\":3,\"name\":\"Professionelle Drehbank f\u00fcr Metall Titanius 1500\"}]},{\"@type\":\"WebSite\",\"@id\":\"https:\/\/www.tecnosuissesa.com\/it\/#website\",\"url\":\"https:\/\/www.tecnosuissesa.com\/it\/\",\"name\":\"Tecnosuisse\",\"description\":\"Macchine Utensili per Legno e Metalli\",\"publisher\":{\"@id\":\"https:\/\/www.tecnosuissesa.com\/it\/#organization\"},\"potentialAction\":[{\"@type\":\"SearchAction\",\"target\":{\"@type\":\"EntryPoint\",\"urlTemplate\":\"https:\/\/www.tecnosuissesa.com\/it\/?s={search_term_string}\"},\"query-input\":{\"@type\":\"PropertyValueSpecification\",\"valueRequired\":true,\"valueName\":\"search_term_string\"}}],\"inLanguage\":\"de\"},{\"@type\":\"Organization\",\"@id\":\"https:\/\/www.tecnosuissesa.com\/it\/#organization\",\"name\":\"Tecnosuisse\",\"url\":\"https:\/\/www.tecnosuissesa.com\/it\/\",\"logo\":{\"@type\":\"ImageObject\",\"inLanguage\":\"de\",\"@id\":\"https:\/\/www.tecnosuissesa.com\/it\/#\/schema\/logo\/image\/\",\"url\":\"https:\/\/www.tecnosuissesa.com\/wp-content\/uploads\/2017\/08\/Logo_TecnoSuisse_627x627.png\",\"contentUrl\":\"https:\/\/www.tecnosuissesa.com\/wp-content\/uploads\/2017\/08\/Logo_TecnoSuisse_627x627.png\",\"width\":627,\"height\":627,\"caption\":\"Tecnosuisse\"},\"image\":{\"@id\":\"https:\/\/www.tecnosuissesa.com\/it\/#\/schema\/logo\/image\/\"},\"sameAs\":[\"https:\/\/www.facebook.com\/tecnosuisse\/\",\"https:\/\/www.youtube.com\/channel\/UCSoxFNkw8ZiE4jP9OY8AdFg\"]}]}<\/script>\n<!-- \/ Yoast SEO plugin. -->","yoast_head_json":{"title":"Professionelle Drehbank f\u00fcr Metall Titanius 1500 - Tecnosuisse","description":"Professionelle Drehmaschine, ausgestattet mit einem Norton-Kasten mit einem Abstand zwischen den Spitzen von 1500 mm, einem maximalen Durchmesser von 410 mm f\u00fcr die Arbeit auf der Bank, einem Motor mit 5,3 PS","robots":{"index":"index","follow":"follow","max-snippet":"max-snippet:-1","max-image-preview":"max-image-preview:large","max-video-preview":"max-video-preview:-1"},"canonical":"https:\/\/www.tecnosuissesa.com\/de\/produkt\/professionelle-drehbank-fur-metall-titanius-1500\/","og_locale":"de_DE","og_type":"article","og_title":"Professionelle Drehbank f\u00fcr Metall Titanius 1500 - Tecnosuisse","og_description":"Professionelle Drehmaschine, ausgestattet mit einem Norton-Kasten mit einem Abstand zwischen den Spitzen von 1500 mm, einem maximalen Durchmesser von 410 mm f\u00fcr die Arbeit auf der Bank, einem Motor mit 5,3 PS","og_url":"https:\/\/www.tecnosuissesa.com\/de\/produkt\/professionelle-drehbank-fur-metall-titanius-1500\/","og_site_name":"Tecnosuisse","article_publisher":"https:\/\/www.facebook.com\/tecnosuisse\/","article_modified_time":"2019-02-21T15:33:22+00:00","og_image":[{"width":1024,"height":768,"url":"https:\/\/www.tecnosuissesa.com\/wp-content\/uploads\/2017\/09\/1.jpg","type":"image\/jpeg"}],"twitter_card":"summary_large_image","twitter_misc":{"Gesch\u00e4tzte Lesezeit":"1\u00a0Minute"},"schema":{"@context":"https:\/\/schema.org","@graph":[{"@type":"WebPage","@id":"https:\/\/www.tecnosuissesa.com\/de\/produkt\/professionelle-drehbank-fur-metall-titanius-1500\/","url":"https:\/\/www.tecnosuissesa.com\/de\/produkt\/professionelle-drehbank-fur-metall-titanius-1500\/","name":"Professionelle Drehbank f\u00fcr Metall Titanius 1500 - Tecnosuisse","isPartOf":{"@id":"https:\/\/www.tecnosuissesa.com\/it\/#website"},"primaryImageOfPage":{"@id":"https:\/\/www.tecnosuissesa.com\/de\/produkt\/professionelle-drehbank-fur-metall-titanius-1500\/#primaryimage"},"image":{"@id":"https:\/\/www.tecnosuissesa.com\/de\/produkt\/professionelle-drehbank-fur-metall-titanius-1500\/#primaryimage"},"thumbnailUrl":"https:\/\/www.tecnosuissesa.com\/wp-content\/uploads\/2017\/09\/1.jpg","datePublished":"2017-09-20T15:35:14+00:00","dateModified":"2019-02-21T15:33:22+00:00","description":"Professionelle Drehmaschine, ausgestattet mit einem Norton-Kasten mit einem Abstand zwischen den Spitzen von 1500 mm, einem maximalen Durchmesser von 410 mm f\u00fcr die Arbeit auf der Bank, einem Motor mit 5,3 PS","breadcrumb":{"@id":"https:\/\/www.tecnosuissesa.com\/de\/produkt\/professionelle-drehbank-fur-metall-titanius-1500\/#breadcrumb"},"inLanguage":"de","potentialAction":[{"@type":"ReadAction","target":["https:\/\/www.tecnosuissesa.com\/de\/produkt\/professionelle-drehbank-fur-metall-titanius-1500\/"]}]},{"@type":"ImageObject","inLanguage":"de","@id":"https:\/\/www.tecnosuissesa.com\/de\/produkt\/professionelle-drehbank-fur-metall-titanius-1500\/#primaryimage","url":"https:\/\/www.tecnosuissesa.com\/wp-content\/uploads\/2017\/09\/1.jpg","contentUrl":"https:\/\/www.tecnosuissesa.com\/wp-content\/uploads\/2017\/09\/1.jpg","width":1024,"height":768},{"@type":"BreadcrumbList","@id":"https:\/\/www.tecnosuissesa.com\/de\/produkt\/professionelle-drehbank-fur-metall-titanius-1500\/#breadcrumb","itemListElement":[{"@type":"ListItem","position":1,"name":"Home","item":"https:\/\/www.tecnosuissesa.com\/de\/"},{"@type":"ListItem","position":2,"name":"Vendita di Macchine Utensili per Legno e per Metalli","item":"https:\/\/www.tecnosuissesa.com\/it\/vendita-macchine-utensili\/"},{"@type":"ListItem","position":3,"name":"Professionelle Drehbank f\u00fcr Metall Titanius 1500"}]},{"@type":"WebSite","@id":"https:\/\/www.tecnosuissesa.com\/it\/#website","url":"https:\/\/www.tecnosuissesa.com\/it\/","name":"Tecnosuisse","description":"Macchine Utensili per Legno e Metalli","publisher":{"@id":"https:\/\/www.tecnosuissesa.com\/it\/#organization"},"potentialAction":[{"@type":"SearchAction","target":{"@type":"EntryPoint","urlTemplate":"https:\/\/www.tecnosuissesa.com\/it\/?s={search_term_string}"},"query-input":{"@type":"PropertyValueSpecification","valueRequired":true,"valueName":"search_term_string"}}],"inLanguage":"de"},{"@type":"Organization","@id":"https:\/\/www.tecnosuissesa.com\/it\/#organization","name":"Tecnosuisse","url":"https:\/\/www.tecnosuissesa.com\/it\/","logo":{"@type":"ImageObject","inLanguage":"de","@id":"https:\/\/www.tecnosuissesa.com\/it\/#\/schema\/logo\/image\/","url":"https:\/\/www.tecnosuissesa.com\/wp-content\/uploads\/2017\/08\/Logo_TecnoSuisse_627x627.png","contentUrl":"https:\/\/www.tecnosuissesa.com\/wp-content\/uploads\/2017\/08\/Logo_TecnoSuisse_627x627.png","width":627,"height":627,"caption":"Tecnosuisse"},"image":{"@id":"https:\/\/www.tecnosuissesa.com\/it\/#\/schema\/logo\/image\/"},"sameAs":["https:\/\/www.facebook.com\/tecnosuisse\/","https:\/\/www.youtube.com\/channel\/UCSoxFNkw8ZiE4jP9OY8AdFg"]}]}},"_links":{"self":[{"href":"https:\/\/www.tecnosuissesa.com\/de\/wp-json\/wp\/v2\/product\/800","targetHints":{"allow":["GET"]}}],"collection":[{"href":"https:\/\/www.tecnosuissesa.com\/de\/wp-json\/wp\/v2\/product"}],"about":[{"href":"https:\/\/www.tecnosuissesa.com\/de\/wp-json\/wp\/v2\/types\/product"}],"replies":[{"embeddable":true,"href":"https:\/\/www.tecnosuissesa.com\/de\/wp-json\/wp\/v2\/comments?post=800"}],"wp:featuredmedia":[{"embeddable":true,"href":"https:\/\/www.tecnosuissesa.com\/de\/wp-json\/wp\/v2\/media\/786"}],"wp:attachment":[{"href":"https:\/\/www.tecnosuissesa.com\/de\/wp-json\/wp\/v2\/media?parent=800"}],"wp:term":[{"taxonomy":"product_brand","embeddable":true,"href":"https:\/\/www.tecnosuissesa.com\/de\/wp-json\/wp\/v2\/product_brand?post=800"},{"taxonomy":"product_cat","embeddable":true,"href":"https:\/\/www.tecnosuissesa.com\/de\/wp-json\/wp\/v2\/product_cat?post=800"},{"taxonomy":"product_tag","embeddable":true,"href":"https:\/\/www.tecnosuissesa.com\/de\/wp-json\/wp\/v2\/product_tag?post=800"}],"curies":[{"name":"wp","href":"https:\/\/api.w.org\/{rel}","templated":true}]}}