{"id":767,"date":"2017-09-20T16:26:21","date_gmt":"2017-09-20T14:26:21","guid":{"rendered":"https:\/\/www.tecnosuissesa.com\/product\/metalldrehmaschine-multitech-1000-51-digicom\/"},"modified":"2019-02-21T16:46:31","modified_gmt":"2019-02-21T15:46:31","slug":"metalldrehmaschine-multitech-1000-51-digicom","status":"publish","type":"product","link":"https:\/\/www.tecnosuissesa.com\/de\/product\/metalldrehmaschine-multitech-1000-51-digicom\/","title":{"rendered":"Metalldrehmaschine MULTITECH 1000.51 Digicom"},"content":{"rendered":"<p><span lang=\"de\" xml:lang=\"de\">Diese professionelle Drehmaschine ist \u00e4u\u00dferst pr\u00e4zise und robust. Der Abstand zwischen den Spitzen betr\u00e4gt 1000mm, der maximale Drehdurchmesser 510 mm. In der Serienausf\u00fchrung erfolgt der Antrieb \u00fcber einen einphasigen 3-PS Motor. Gegen einen kleinen Preisaufschlag kann die Maschine aber auch mit der dreiphasigen Ausf\u00fchrung ausgestattet werden. Die Maschine ist mit einer wassergek\u00fchlten Pumpe und einer Lampe f\u00fcr die direkte Beleuchtung ausgestattet.<\/span><\/p>\n<table>\n<tbody>\n<tr>\n<td colspan=\"2\"><strong>TECHNISCHE DATEN<\/strong><\/td>\n<\/tr>\n<tr>\n<td colspan=\"2\"><strong>PLATZBEDARF DER MASCHINE<\/strong><\/td>\n<\/tr>\n<tr>\n<td>Abmessungen mit Unterbau<\/td>\n<td>1950 mm (L) x 760 mm (B) x 1480 mm (H)<\/td>\n<\/tr>\n<tr>\n<td>Abmessungen ohne Unterbau<\/td>\n<td>1950 mm (L) x 760 mm (B) x 700 mm (H)<\/td>\n<\/tr>\n<tr>\n<td>Nettogewicht der Maschine<\/td>\n<td>750 kg<\/td>\n<\/tr>\n<tr>\n<td colspan=\"2\"><strong>SPEZIFIKATIONEN DER DREHMASCHINE<\/strong><\/td>\n<\/tr>\n<tr>\n<td>Abstand zwischen den Spitzen<\/td>\n<td>1000 mm<\/td>\n<\/tr>\n<tr>\n<td>H\u00f6he der Spitzen<\/td>\n<td>180 mm<\/td>\n<\/tr>\n<tr>\n<td>Max. Durchmesser des auf der Bank zu bearbeitenden Werkst\u00fccks<\/td>\n<td>356 mm<\/td>\n<\/tr>\n<tr>\n<td>Max. Bohrdurchmesser am Schlitten<\/td>\n<td>220 mm<\/td>\n<\/tr>\n<tr>\n<td>Max. Bohrleistung an der Aussparung<\/td>\n<td>506 mm<\/td>\n<\/tr>\n<tr>\n<td>Durchmesser der durchf\u00fchrenden Schiene<\/td>\n<td>38 mm<\/td>\n<\/tr>\n<tr>\n<td>Durchmesser der Standardspindel<\/td>\n<td>160 mm<\/td>\n<\/tr>\n<tr>\n<td>Standardspindeltyp<\/td>\n<td>Mit 3 selbstzentrierenden Backen<\/td>\n<\/tr>\n<tr>\n<td>Kegeltyp der Spindel<\/td>\n<td>MT 5<\/td>\n<\/tr>\n<tr>\n<td>Kegeltyp des Reitstocks<\/td>\n<td>MT 3<\/td>\n<\/tr>\n<tr>\n<td>Zollgewindearten<\/td>\n<td>4 bis 56 Gewinde pro Zoll<\/td>\n<\/tr>\n<tr>\n<td>Metrische Gewindearten<\/td>\n<td>0,4 mm bis 7 mm<\/td>\n<\/tr>\n<tr>\n<td>L\u00e4ngsvorschub<\/td>\n<td>0,043 \u2013 0,653 mm\/Umdrehung<\/td>\n<\/tr>\n<tr>\n<td>Querschub<\/td>\n<td>0,015 \u2013 0,220 mm\/Umdrehung<\/td>\n<\/tr>\n<tr>\n<td>Querhub<\/td>\n<td>180 mm<\/td>\n<\/tr>\n<tr>\n<td>L\u00e4ngshub<\/td>\n<td>92 mm<\/td>\n<\/tr>\n<tr>\n<td>Reitstockhub<\/td>\n<td>115 mm<\/td>\n<\/tr>\n<tr>\n<td>Reitstockdurchmesser<\/td>\n<td>45 mm<\/td>\n<\/tr>\n<tr>\n<td>Spindelaufnahme<\/td>\n<td>D1-4<\/td>\n<\/tr>\n<tr>\n<td>Geschwindigkeitsstufen der Spindel<\/td>\n<td>8 bis 16<\/td>\n<\/tr>\n<tr>\n<td>Drehgeschwindigkeit der Spindel<\/td>\n<td>90 bis 1800 Umdrehungen\/Minute<\/td>\n<\/tr>\n<tr>\n<td colspan=\"2\"><strong>MOTOR<\/strong><\/td>\n<\/tr>\n<tr>\n<td>Leistung<\/td>\n<td>3 HP<\/td>\n<\/tr>\n<\/tbody>\n<\/table>\n","protected":false},"excerpt":{"rendered":"<p>Professionelle Metalldrehmaschine Multitech 1000.51 Digit. Abstand zwischen den Spitzen 1000 mm max. Durchmesser f\u00fcr das Abdrehen 360 mm und K\u00fchlpumpe mit klarem Wasser<\/p>\n","protected":false},"featured_media":753,"comment_status":"open","ping_status":"closed","template":"","meta":[],"product_brand":[],"product_cat":[183],"product_tag":[184,98,195],"class_list":{"0":"post-767","1":"product","2":"type-product","3":"status-publish","4":"has-post-thumbnail","6":"product_cat-tischdrehmaschinen","7":"product_tag-drehbank-de","8":"product_tag-drehbank","9":"product_tag-professionelle-drehbank","10":"product_shipping_class-classe-10-de","12":"first","13":"instock","14":"shipping-taxable","15":"purchasable","16":"product-type-simple"},"yoast_head":"<!-- This site is optimized with the Yoast SEO plugin v27.1 - https:\/\/yoast.com\/product\/yoast-seo-wordpress\/ -->\n<title>Metalldrehmaschine MULTITECH 1000.51 Digicom - Tecnosuisse<\/title>\n<meta name=\"robots\" content=\"index, follow, max-snippet:-1, max-image-preview:large, max-video-preview:-1\" \/>\n<link rel=\"canonical\" href=\"https:\/\/www.tecnosuissesa.com\/de\/produkt\/metalldrehmaschine-multitech-1000-51-digicom\/\" \/>\n<meta property=\"og:locale\" content=\"de_DE\" \/>\n<meta property=\"og:type\" content=\"article\" \/>\n<meta property=\"og:title\" content=\"Metalldrehmaschine MULTITECH 1000.51 Digicom - Tecnosuisse\" \/>\n<meta property=\"og:description\" content=\"Professionelle Metalldrehmaschine Multitech 1000.51 Digit. Abstand zwischen den Spitzen 1000 mm max. Durchmesser f\u00fcr das Abdrehen 360 mm und K\u00fchlpumpe mit klarem Wasser\" \/>\n<meta property=\"og:url\" content=\"https:\/\/www.tecnosuissesa.com\/de\/produkt\/metalldrehmaschine-multitech-1000-51-digicom\/\" \/>\n<meta property=\"og:site_name\" content=\"Tecnosuisse\" \/>\n<meta property=\"article:publisher\" content=\"https:\/\/www.facebook.com\/tecnosuisse\/\" \/>\n<meta property=\"article:modified_time\" content=\"2019-02-21T15:46:31+00:00\" \/>\n<meta property=\"og:image\" content=\"https:\/\/www.tecnosuissesa.com\/wp-content\/uploads\/2017\/09\/tornio-per-mertalli-multitech-100051-digit.jpg\" \/>\n\t<meta property=\"og:image:width\" content=\"458\" \/>\n\t<meta property=\"og:image:height\" content=\"458\" \/>\n\t<meta property=\"og:image:type\" content=\"image\/jpeg\" \/>\n<meta name=\"twitter:card\" content=\"summary_large_image\" \/>\n<meta name=\"twitter:label1\" content=\"Gesch\u00e4tzte Lesezeit\" \/>\n\t<meta name=\"twitter:data1\" content=\"1\u00a0Minute\" \/>\n<script type=\"application\/ld+json\" class=\"yoast-schema-graph\">{\"@context\":\"https:\/\/schema.org\",\"@graph\":[{\"@type\":\"WebPage\",\"@id\":\"https:\/\/www.tecnosuissesa.com\/de\/produkt\/metalldrehmaschine-multitech-1000-51-digicom\/\",\"url\":\"https:\/\/www.tecnosuissesa.com\/de\/produkt\/metalldrehmaschine-multitech-1000-51-digicom\/\",\"name\":\"Metalldrehmaschine MULTITECH 1000.51 Digicom - Tecnosuisse\",\"isPartOf\":{\"@id\":\"https:\/\/www.tecnosuissesa.com\/it\/#website\"},\"primaryImageOfPage\":{\"@id\":\"https:\/\/www.tecnosuissesa.com\/de\/produkt\/metalldrehmaschine-multitech-1000-51-digicom\/#primaryimage\"},\"image\":{\"@id\":\"https:\/\/www.tecnosuissesa.com\/de\/produkt\/metalldrehmaschine-multitech-1000-51-digicom\/#primaryimage\"},\"thumbnailUrl\":\"https:\/\/www.tecnosuissesa.com\/wp-content\/uploads\/2017\/09\/tornio-per-mertalli-multitech-100051-digit.jpg\",\"datePublished\":\"2017-09-20T14:26:21+00:00\",\"dateModified\":\"2019-02-21T15:46:31+00:00\",\"breadcrumb\":{\"@id\":\"https:\/\/www.tecnosuissesa.com\/de\/produkt\/metalldrehmaschine-multitech-1000-51-digicom\/#breadcrumb\"},\"inLanguage\":\"de\",\"potentialAction\":[{\"@type\":\"ReadAction\",\"target\":[\"https:\/\/www.tecnosuissesa.com\/de\/produkt\/metalldrehmaschine-multitech-1000-51-digicom\/\"]}]},{\"@type\":\"ImageObject\",\"inLanguage\":\"de\",\"@id\":\"https:\/\/www.tecnosuissesa.com\/de\/produkt\/metalldrehmaschine-multitech-1000-51-digicom\/#primaryimage\",\"url\":\"https:\/\/www.tecnosuissesa.com\/wp-content\/uploads\/2017\/09\/tornio-per-mertalli-multitech-100051-digit.jpg\",\"contentUrl\":\"https:\/\/www.tecnosuissesa.com\/wp-content\/uploads\/2017\/09\/tornio-per-mertalli-multitech-100051-digit.jpg\",\"width\":458,\"height\":458},{\"@type\":\"BreadcrumbList\",\"@id\":\"https:\/\/www.tecnosuissesa.com\/de\/produkt\/metalldrehmaschine-multitech-1000-51-digicom\/#breadcrumb\",\"itemListElement\":[{\"@type\":\"ListItem\",\"position\":1,\"name\":\"Home\",\"item\":\"https:\/\/www.tecnosuissesa.com\/de\/\"},{\"@type\":\"ListItem\",\"position\":2,\"name\":\"Vendita di Macchine Utensili per Legno e per Metalli\",\"item\":\"https:\/\/www.tecnosuissesa.com\/it\/vendita-macchine-utensili\/\"},{\"@type\":\"ListItem\",\"position\":3,\"name\":\"Metalldrehmaschine MULTITECH 1000.51 Digicom\"}]},{\"@type\":\"WebSite\",\"@id\":\"https:\/\/www.tecnosuissesa.com\/it\/#website\",\"url\":\"https:\/\/www.tecnosuissesa.com\/it\/\",\"name\":\"Tecnosuisse\",\"description\":\"Macchine Utensili per Legno e Metalli\",\"publisher\":{\"@id\":\"https:\/\/www.tecnosuissesa.com\/it\/#organization\"},\"potentialAction\":[{\"@type\":\"SearchAction\",\"target\":{\"@type\":\"EntryPoint\",\"urlTemplate\":\"https:\/\/www.tecnosuissesa.com\/it\/?s={search_term_string}\"},\"query-input\":{\"@type\":\"PropertyValueSpecification\",\"valueRequired\":true,\"valueName\":\"search_term_string\"}}],\"inLanguage\":\"de\"},{\"@type\":\"Organization\",\"@id\":\"https:\/\/www.tecnosuissesa.com\/it\/#organization\",\"name\":\"Tecnosuisse\",\"url\":\"https:\/\/www.tecnosuissesa.com\/it\/\",\"logo\":{\"@type\":\"ImageObject\",\"inLanguage\":\"de\",\"@id\":\"https:\/\/www.tecnosuissesa.com\/it\/#\/schema\/logo\/image\/\",\"url\":\"https:\/\/www.tecnosuissesa.com\/wp-content\/uploads\/2017\/08\/Logo_TecnoSuisse_627x627.png\",\"contentUrl\":\"https:\/\/www.tecnosuissesa.com\/wp-content\/uploads\/2017\/08\/Logo_TecnoSuisse_627x627.png\",\"width\":627,\"height\":627,\"caption\":\"Tecnosuisse\"},\"image\":{\"@id\":\"https:\/\/www.tecnosuissesa.com\/it\/#\/schema\/logo\/image\/\"},\"sameAs\":[\"https:\/\/www.facebook.com\/tecnosuisse\/\",\"https:\/\/www.youtube.com\/channel\/UCSoxFNkw8ZiE4jP9OY8AdFg\"]}]}<\/script>\n<!-- \/ Yoast SEO plugin. -->","yoast_head_json":{"title":"Metalldrehmaschine MULTITECH 1000.51 Digicom - Tecnosuisse","robots":{"index":"index","follow":"follow","max-snippet":"max-snippet:-1","max-image-preview":"max-image-preview:large","max-video-preview":"max-video-preview:-1"},"canonical":"https:\/\/www.tecnosuissesa.com\/de\/produkt\/metalldrehmaschine-multitech-1000-51-digicom\/","og_locale":"de_DE","og_type":"article","og_title":"Metalldrehmaschine MULTITECH 1000.51 Digicom - Tecnosuisse","og_description":"Professionelle Metalldrehmaschine Multitech 1000.51 Digit. Abstand zwischen den Spitzen 1000 mm max. Durchmesser f\u00fcr das Abdrehen 360 mm und K\u00fchlpumpe mit klarem Wasser","og_url":"https:\/\/www.tecnosuissesa.com\/de\/produkt\/metalldrehmaschine-multitech-1000-51-digicom\/","og_site_name":"Tecnosuisse","article_publisher":"https:\/\/www.facebook.com\/tecnosuisse\/","article_modified_time":"2019-02-21T15:46:31+00:00","og_image":[{"width":458,"height":458,"url":"https:\/\/www.tecnosuissesa.com\/wp-content\/uploads\/2017\/09\/tornio-per-mertalli-multitech-100051-digit.jpg","type":"image\/jpeg"}],"twitter_card":"summary_large_image","twitter_misc":{"Gesch\u00e4tzte Lesezeit":"1\u00a0Minute"},"schema":{"@context":"https:\/\/schema.org","@graph":[{"@type":"WebPage","@id":"https:\/\/www.tecnosuissesa.com\/de\/produkt\/metalldrehmaschine-multitech-1000-51-digicom\/","url":"https:\/\/www.tecnosuissesa.com\/de\/produkt\/metalldrehmaschine-multitech-1000-51-digicom\/","name":"Metalldrehmaschine MULTITECH 1000.51 Digicom - Tecnosuisse","isPartOf":{"@id":"https:\/\/www.tecnosuissesa.com\/it\/#website"},"primaryImageOfPage":{"@id":"https:\/\/www.tecnosuissesa.com\/de\/produkt\/metalldrehmaschine-multitech-1000-51-digicom\/#primaryimage"},"image":{"@id":"https:\/\/www.tecnosuissesa.com\/de\/produkt\/metalldrehmaschine-multitech-1000-51-digicom\/#primaryimage"},"thumbnailUrl":"https:\/\/www.tecnosuissesa.com\/wp-content\/uploads\/2017\/09\/tornio-per-mertalli-multitech-100051-digit.jpg","datePublished":"2017-09-20T14:26:21+00:00","dateModified":"2019-02-21T15:46:31+00:00","breadcrumb":{"@id":"https:\/\/www.tecnosuissesa.com\/de\/produkt\/metalldrehmaschine-multitech-1000-51-digicom\/#breadcrumb"},"inLanguage":"de","potentialAction":[{"@type":"ReadAction","target":["https:\/\/www.tecnosuissesa.com\/de\/produkt\/metalldrehmaschine-multitech-1000-51-digicom\/"]}]},{"@type":"ImageObject","inLanguage":"de","@id":"https:\/\/www.tecnosuissesa.com\/de\/produkt\/metalldrehmaschine-multitech-1000-51-digicom\/#primaryimage","url":"https:\/\/www.tecnosuissesa.com\/wp-content\/uploads\/2017\/09\/tornio-per-mertalli-multitech-100051-digit.jpg","contentUrl":"https:\/\/www.tecnosuissesa.com\/wp-content\/uploads\/2017\/09\/tornio-per-mertalli-multitech-100051-digit.jpg","width":458,"height":458},{"@type":"BreadcrumbList","@id":"https:\/\/www.tecnosuissesa.com\/de\/produkt\/metalldrehmaschine-multitech-1000-51-digicom\/#breadcrumb","itemListElement":[{"@type":"ListItem","position":1,"name":"Home","item":"https:\/\/www.tecnosuissesa.com\/de\/"},{"@type":"ListItem","position":2,"name":"Vendita di Macchine Utensili per Legno e per Metalli","item":"https:\/\/www.tecnosuissesa.com\/it\/vendita-macchine-utensili\/"},{"@type":"ListItem","position":3,"name":"Metalldrehmaschine MULTITECH 1000.51 Digicom"}]},{"@type":"WebSite","@id":"https:\/\/www.tecnosuissesa.com\/it\/#website","url":"https:\/\/www.tecnosuissesa.com\/it\/","name":"Tecnosuisse","description":"Macchine Utensili per Legno e Metalli","publisher":{"@id":"https:\/\/www.tecnosuissesa.com\/it\/#organization"},"potentialAction":[{"@type":"SearchAction","target":{"@type":"EntryPoint","urlTemplate":"https:\/\/www.tecnosuissesa.com\/it\/?s={search_term_string}"},"query-input":{"@type":"PropertyValueSpecification","valueRequired":true,"valueName":"search_term_string"}}],"inLanguage":"de"},{"@type":"Organization","@id":"https:\/\/www.tecnosuissesa.com\/it\/#organization","name":"Tecnosuisse","url":"https:\/\/www.tecnosuissesa.com\/it\/","logo":{"@type":"ImageObject","inLanguage":"de","@id":"https:\/\/www.tecnosuissesa.com\/it\/#\/schema\/logo\/image\/","url":"https:\/\/www.tecnosuissesa.com\/wp-content\/uploads\/2017\/08\/Logo_TecnoSuisse_627x627.png","contentUrl":"https:\/\/www.tecnosuissesa.com\/wp-content\/uploads\/2017\/08\/Logo_TecnoSuisse_627x627.png","width":627,"height":627,"caption":"Tecnosuisse"},"image":{"@id":"https:\/\/www.tecnosuissesa.com\/it\/#\/schema\/logo\/image\/"},"sameAs":["https:\/\/www.facebook.com\/tecnosuisse\/","https:\/\/www.youtube.com\/channel\/UCSoxFNkw8ZiE4jP9OY8AdFg"]}]}},"_links":{"self":[{"href":"https:\/\/www.tecnosuissesa.com\/de\/wp-json\/wp\/v2\/product\/767","targetHints":{"allow":["GET"]}}],"collection":[{"href":"https:\/\/www.tecnosuissesa.com\/de\/wp-json\/wp\/v2\/product"}],"about":[{"href":"https:\/\/www.tecnosuissesa.com\/de\/wp-json\/wp\/v2\/types\/product"}],"replies":[{"embeddable":true,"href":"https:\/\/www.tecnosuissesa.com\/de\/wp-json\/wp\/v2\/comments?post=767"}],"wp:featuredmedia":[{"embeddable":true,"href":"https:\/\/www.tecnosuissesa.com\/de\/wp-json\/wp\/v2\/media\/753"}],"wp:attachment":[{"href":"https:\/\/www.tecnosuissesa.com\/de\/wp-json\/wp\/v2\/media?parent=767"}],"wp:term":[{"taxonomy":"product_brand","embeddable":true,"href":"https:\/\/www.tecnosuissesa.com\/de\/wp-json\/wp\/v2\/product_brand?post=767"},{"taxonomy":"product_cat","embeddable":true,"href":"https:\/\/www.tecnosuissesa.com\/de\/wp-json\/wp\/v2\/product_cat?post=767"},{"taxonomy":"product_tag","embeddable":true,"href":"https:\/\/www.tecnosuissesa.com\/de\/wp-json\/wp\/v2\/product_tag?post=767"}],"curies":[{"name":"wp","href":"https:\/\/api.w.org\/{rel}","templated":true}]}}