{"id":748,"date":"2017-09-20T15:53:02","date_gmt":"2017-09-20T13:53:02","guid":{"rendered":"https:\/\/www.tecnosuissesa.com\/product\/metalldrehbank-newton-25\/"},"modified":"2019-02-21T12:25:04","modified_gmt":"2019-02-21T11:25:04","slug":"metalldrehbank-newton-25","status":"publish","type":"product","link":"https:\/\/www.tecnosuissesa.com\/de\/product\/metalldrehbank-newton-25\/","title":{"rendered":"Metalldrehbank Newton 25"},"content":{"rendered":"<p><strong>Beschreibung:<br \/>\n<\/strong><\/p>\n<p><span lang=\"de\" xml:lang=\"de\">Drehmaschine f\u00fcr die Metallbearbeitung mit gusseisernem Rahmen und Metalloberfl\u00e4chen. Da sie mit \u00e4u\u00dferst pr\u00e4zisem automatischem Vorschub mit Millimeterskala ausger\u00fcstet ist, ist sie hervorragend sowohl zum Drehen als auch zum Gewindeschneiden geeignet. Sie verf\u00fcgt \u00fcber eine manuelle \u00fcber die Bedientafel verstellbare Geschwindigkeitsregelung mit Zahnradgetriebe. In der Standardausf\u00fchrung wird sie mit einem 3-Backenfutter (drei innere und drei \u00e4u\u00dfere Backen), zwei Reitst\u00f6cken mit Kegelaufnahme, dem Vorschubwagen, 2 L\u00fcnetten, dem Metallunterbau, mit allen internen Zahnr\u00e4dern und mit dem Schl\u00fcsselsatz f\u00fcr die Montage der Zahnr\u00e4der geliefert. Das 4-Backenfutter und die verschiedenen Ger\u00e4tes\u00e4tze sind im Preis nicht inbegriffen, sind aber separat gegen einen geringen Aufpreis erh\u00e4ltlich. Sie ist eine optimale Drehmaschine sowohl f\u00fcr anspruchsvollste Hobbyanwender als auch f\u00fcr echte Handwerker!<\/span><\/p>\n<table>\n<tbody>\n<tr>\n<td colspan=\"2\"><strong>TECHNISCHE DATEN<\/strong><\/td>\n<\/tr>\n<tr>\n<td colspan=\"2\"><strong>PLATZBEDARF DER MASCHINE<\/strong><\/td>\n<\/tr>\n<tr>\n<td>Abmessungen mit Unterbau<\/td>\n<td>1450 mm (L) x 430 mm (B) x 1200 mm (H)<\/td>\n<\/tr>\n<tr>\n<td>Ohne Basis<\/td>\n<td>1450 mm (L) x 400 mm (B) x 400 mm (H)<\/td>\n<\/tr>\n<tr>\n<td>Nettogewicht der Maschine<\/td>\n<td>155 kg<\/td>\n<\/tr>\n<tr>\n<td colspan=\"2\"><strong>SPEZIFIKATIONEN DER DREHMASCHINE<\/strong><\/td>\n<\/tr>\n<tr>\n<td>Abstand zwischen den Spitzen<\/td>\n<td>700 mm<\/td>\n<\/tr>\n<tr>\n<td>H\u00f6he der Spitzen<\/td>\n<td>125 mm<\/td>\n<\/tr>\n<tr>\n<td>Max. Durchmesser des auf der Bank zu bearbeitenden Werkst\u00fccks<\/td>\n<td>250 mm<\/td>\n<\/tr>\n<tr>\n<td>Maximaler Durchmesser der durchf\u00fchrenden Schiene<\/td>\n<td>26 mm<\/td>\n<\/tr>\n<tr>\n<td>Durchmesser der (beigepackten) Standardspindel<\/td>\n<td>125 mm<\/td>\n<\/tr>\n<tr>\n<td>Standardspindeltyp (beigepackt)<\/td>\n<td>3 selbstzentrierende Backen (3 innere + 3 \u00e4u\u00dfere Backen)<\/td>\n<\/tr>\n<tr>\n<td>Kegel der Standardspindel<\/td>\n<td>MT4<\/td>\n<\/tr>\n<tr>\n<td>Kegel des Reitstocks<\/td>\n<td>MT2<\/td>\n<\/tr>\n<tr>\n<td>Auflagefl\u00e4che des Werkzeugrevolverkopfs<\/td>\n<td>180 x 70 mm<\/td>\n<\/tr>\n<tr>\n<td>Sockel des beigepackten Revolverkopfs<\/td>\n<td>65 x 65 mm<\/td>\n<\/tr>\n<tr>\n<td>Max. Schaft der auf dem serienm\u00e4\u00dfigen Revolverkopf montierbaren Werkzeuge<\/td>\n<td>10 mm<\/td>\n<\/tr>\n<tr>\n<td>Zollgewinde<\/td>\n<td>8 bis 56 Gewinde pro Zoll<\/td>\n<\/tr>\n<tr>\n<td>Metrische Gewinde<\/td>\n<td>0,05 mm bis 3,5 mm<\/td>\n<\/tr>\n<tr>\n<td>Max. Schnittl\u00e4nge<\/td>\n<td>420 mm<\/td>\n<\/tr>\n<tr>\n<td>L\u00e4ngshub des Schlittens<\/td>\n<td>70 mm<\/td>\n<\/tr>\n<tr>\n<td>Drehgeschwindigkeit der Spindel (in beiden Richtungen)<\/td>\n<td>115 bis 1620 U\/Min<\/td>\n<\/tr>\n<tr>\n<td>Querhub des Schlittens<\/td>\n<td>115 mm<\/td>\n<\/tr>\n<tr>\n<td>Neigung des Werkzeughalterschlittens<\/td>\n<td>45\u00b0<\/td>\n<\/tr>\n<tr>\n<td colspan=\"2\"><strong>MOTOR<\/strong><\/td>\n<\/tr>\n<tr>\n<td>Leistung<\/td>\n<td>750 W \u2013 50 Hz<\/td>\n<\/tr>\n<tr>\n<td>Typ<\/td>\n<td>Einphasig (220 V)<\/td>\n<\/tr>\n<\/tbody>\n<\/table>\n","protected":false},"excerpt":{"rendered":"<p>Metalldrehbank Newton 20 variable Geschwindigkeit\u00a0 Abstand zwischen den Spitzen 700 mm max. Durchmesser f\u00fcr das Abdrehen 250 mm<\/p>\n","protected":false},"featured_media":1006,"comment_status":"open","ping_status":"closed","template":"","meta":[],"product_brand":[],"product_cat":[183],"product_tag":[98,184,185],"class_list":{"0":"post-748","1":"product","2":"type-product","3":"status-publish","4":"has-post-thumbnail","6":"product_cat-tischdrehmaschinen","7":"product_tag-drehbank","8":"product_tag-drehbank-de","9":"product_tag-drehmaschine-fur-metalle","10":"product_shipping_class-classe-10-de","12":"first","13":"instock","14":"shipping-taxable","15":"purchasable","16":"product-type-simple"},"yoast_head":"<!-- This site is optimized with the Yoast SEO plugin v27.1 - https:\/\/yoast.com\/product\/yoast-seo-wordpress\/ -->\n<title>Metalldrehbank Newton 25 - Tecnosuisse<\/title>\n<meta name=\"description\" content=\"Tischdrehmaschine mit automatischem Vorschub, Abstand zwischen den Spitzen von 700 mm, maximalem Drehdurchmesser von 250 mm und einphasigem 750-W-Motor\" \/>\n<meta name=\"robots\" content=\"index, follow, max-snippet:-1, max-image-preview:large, max-video-preview:-1\" \/>\n<link rel=\"canonical\" href=\"https:\/\/www.tecnosuissesa.com\/de\/produkt\/metalldrehbank-newton-25\/\" \/>\n<meta property=\"og:locale\" content=\"de_DE\" \/>\n<meta property=\"og:type\" content=\"article\" \/>\n<meta property=\"og:title\" content=\"Metalldrehbank Newton 25 - Tecnosuisse\" \/>\n<meta property=\"og:description\" content=\"Tischdrehmaschine mit automatischem Vorschub, Abstand zwischen den Spitzen von 700 mm, maximalem Drehdurchmesser von 250 mm und einphasigem 750-W-Motor\" \/>\n<meta property=\"og:url\" content=\"https:\/\/www.tecnosuissesa.com\/de\/produkt\/metalldrehbank-newton-25\/\" \/>\n<meta property=\"og:site_name\" content=\"Tecnosuisse\" \/>\n<meta property=\"article:publisher\" content=\"https:\/\/www.facebook.com\/tecnosuisse\/\" \/>\n<meta property=\"article:modified_time\" content=\"2019-02-21T11:25:04+00:00\" \/>\n<meta property=\"og:image\" content=\"https:\/\/www.tecnosuissesa.com\/wp-content\/uploads\/2017\/09\/Newton25-0.jpg\" \/>\n\t<meta property=\"og:image:width\" content=\"1200\" \/>\n\t<meta property=\"og:image:height\" content=\"900\" \/>\n\t<meta property=\"og:image:type\" content=\"image\/jpeg\" \/>\n<meta name=\"twitter:card\" content=\"summary_large_image\" \/>\n<meta name=\"twitter:label1\" content=\"Gesch\u00e4tzte Lesezeit\" \/>\n\t<meta name=\"twitter:data1\" content=\"1\u00a0Minute\" \/>\n<script type=\"application\/ld+json\" class=\"yoast-schema-graph\">{\"@context\":\"https:\/\/schema.org\",\"@graph\":[{\"@type\":\"WebPage\",\"@id\":\"https:\/\/www.tecnosuissesa.com\/de\/produkt\/metalldrehbank-newton-25\/\",\"url\":\"https:\/\/www.tecnosuissesa.com\/de\/produkt\/metalldrehbank-newton-25\/\",\"name\":\"Metalldrehbank Newton 25 - Tecnosuisse\",\"isPartOf\":{\"@id\":\"https:\/\/www.tecnosuissesa.com\/it\/#website\"},\"primaryImageOfPage\":{\"@id\":\"https:\/\/www.tecnosuissesa.com\/de\/produkt\/metalldrehbank-newton-25\/#primaryimage\"},\"image\":{\"@id\":\"https:\/\/www.tecnosuissesa.com\/de\/produkt\/metalldrehbank-newton-25\/#primaryimage\"},\"thumbnailUrl\":\"https:\/\/www.tecnosuissesa.com\/wp-content\/uploads\/2017\/09\/Newton25-0.jpg\",\"datePublished\":\"2017-09-20T13:53:02+00:00\",\"dateModified\":\"2019-02-21T11:25:04+00:00\",\"description\":\"Tischdrehmaschine mit automatischem Vorschub, Abstand zwischen den Spitzen von 700 mm, maximalem Drehdurchmesser von 250 mm und einphasigem 750-W-Motor\",\"breadcrumb\":{\"@id\":\"https:\/\/www.tecnosuissesa.com\/de\/produkt\/metalldrehbank-newton-25\/#breadcrumb\"},\"inLanguage\":\"de\",\"potentialAction\":[{\"@type\":\"ReadAction\",\"target\":[\"https:\/\/www.tecnosuissesa.com\/de\/produkt\/metalldrehbank-newton-25\/\"]}]},{\"@type\":\"ImageObject\",\"inLanguage\":\"de\",\"@id\":\"https:\/\/www.tecnosuissesa.com\/de\/produkt\/metalldrehbank-newton-25\/#primaryimage\",\"url\":\"https:\/\/www.tecnosuissesa.com\/wp-content\/uploads\/2017\/09\/Newton25-0.jpg\",\"contentUrl\":\"https:\/\/www.tecnosuissesa.com\/wp-content\/uploads\/2017\/09\/Newton25-0.jpg\",\"width\":1200,\"height\":900},{\"@type\":\"BreadcrumbList\",\"@id\":\"https:\/\/www.tecnosuissesa.com\/de\/produkt\/metalldrehbank-newton-25\/#breadcrumb\",\"itemListElement\":[{\"@type\":\"ListItem\",\"position\":1,\"name\":\"Home\",\"item\":\"https:\/\/www.tecnosuissesa.com\/de\/\"},{\"@type\":\"ListItem\",\"position\":2,\"name\":\"Vendita di Macchine Utensili per Legno e per Metalli\",\"item\":\"https:\/\/www.tecnosuissesa.com\/it\/vendita-macchine-utensili\/\"},{\"@type\":\"ListItem\",\"position\":3,\"name\":\"Metalldrehbank Newton 25\"}]},{\"@type\":\"WebSite\",\"@id\":\"https:\/\/www.tecnosuissesa.com\/it\/#website\",\"url\":\"https:\/\/www.tecnosuissesa.com\/it\/\",\"name\":\"Tecnosuisse\",\"description\":\"Macchine Utensili per Legno e Metalli\",\"publisher\":{\"@id\":\"https:\/\/www.tecnosuissesa.com\/it\/#organization\"},\"potentialAction\":[{\"@type\":\"SearchAction\",\"target\":{\"@type\":\"EntryPoint\",\"urlTemplate\":\"https:\/\/www.tecnosuissesa.com\/it\/?s={search_term_string}\"},\"query-input\":{\"@type\":\"PropertyValueSpecification\",\"valueRequired\":true,\"valueName\":\"search_term_string\"}}],\"inLanguage\":\"de\"},{\"@type\":\"Organization\",\"@id\":\"https:\/\/www.tecnosuissesa.com\/it\/#organization\",\"name\":\"Tecnosuisse\",\"url\":\"https:\/\/www.tecnosuissesa.com\/it\/\",\"logo\":{\"@type\":\"ImageObject\",\"inLanguage\":\"de\",\"@id\":\"https:\/\/www.tecnosuissesa.com\/it\/#\/schema\/logo\/image\/\",\"url\":\"https:\/\/www.tecnosuissesa.com\/wp-content\/uploads\/2017\/08\/Logo_TecnoSuisse_627x627.png\",\"contentUrl\":\"https:\/\/www.tecnosuissesa.com\/wp-content\/uploads\/2017\/08\/Logo_TecnoSuisse_627x627.png\",\"width\":627,\"height\":627,\"caption\":\"Tecnosuisse\"},\"image\":{\"@id\":\"https:\/\/www.tecnosuissesa.com\/it\/#\/schema\/logo\/image\/\"},\"sameAs\":[\"https:\/\/www.facebook.com\/tecnosuisse\/\",\"https:\/\/www.youtube.com\/channel\/UCSoxFNkw8ZiE4jP9OY8AdFg\"]}]}<\/script>\n<!-- \/ Yoast SEO plugin. -->","yoast_head_json":{"title":"Metalldrehbank Newton 25 - Tecnosuisse","description":"Tischdrehmaschine mit automatischem Vorschub, Abstand zwischen den Spitzen von 700 mm, maximalem Drehdurchmesser von 250 mm und einphasigem 750-W-Motor","robots":{"index":"index","follow":"follow","max-snippet":"max-snippet:-1","max-image-preview":"max-image-preview:large","max-video-preview":"max-video-preview:-1"},"canonical":"https:\/\/www.tecnosuissesa.com\/de\/produkt\/metalldrehbank-newton-25\/","og_locale":"de_DE","og_type":"article","og_title":"Metalldrehbank Newton 25 - Tecnosuisse","og_description":"Tischdrehmaschine mit automatischem Vorschub, Abstand zwischen den Spitzen von 700 mm, maximalem Drehdurchmesser von 250 mm und einphasigem 750-W-Motor","og_url":"https:\/\/www.tecnosuissesa.com\/de\/produkt\/metalldrehbank-newton-25\/","og_site_name":"Tecnosuisse","article_publisher":"https:\/\/www.facebook.com\/tecnosuisse\/","article_modified_time":"2019-02-21T11:25:04+00:00","og_image":[{"width":1200,"height":900,"url":"https:\/\/www.tecnosuissesa.com\/wp-content\/uploads\/2017\/09\/Newton25-0.jpg","type":"image\/jpeg"}],"twitter_card":"summary_large_image","twitter_misc":{"Gesch\u00e4tzte Lesezeit":"1\u00a0Minute"},"schema":{"@context":"https:\/\/schema.org","@graph":[{"@type":"WebPage","@id":"https:\/\/www.tecnosuissesa.com\/de\/produkt\/metalldrehbank-newton-25\/","url":"https:\/\/www.tecnosuissesa.com\/de\/produkt\/metalldrehbank-newton-25\/","name":"Metalldrehbank Newton 25 - Tecnosuisse","isPartOf":{"@id":"https:\/\/www.tecnosuissesa.com\/it\/#website"},"primaryImageOfPage":{"@id":"https:\/\/www.tecnosuissesa.com\/de\/produkt\/metalldrehbank-newton-25\/#primaryimage"},"image":{"@id":"https:\/\/www.tecnosuissesa.com\/de\/produkt\/metalldrehbank-newton-25\/#primaryimage"},"thumbnailUrl":"https:\/\/www.tecnosuissesa.com\/wp-content\/uploads\/2017\/09\/Newton25-0.jpg","datePublished":"2017-09-20T13:53:02+00:00","dateModified":"2019-02-21T11:25:04+00:00","description":"Tischdrehmaschine mit automatischem Vorschub, Abstand zwischen den Spitzen von 700 mm, maximalem Drehdurchmesser von 250 mm und einphasigem 750-W-Motor","breadcrumb":{"@id":"https:\/\/www.tecnosuissesa.com\/de\/produkt\/metalldrehbank-newton-25\/#breadcrumb"},"inLanguage":"de","potentialAction":[{"@type":"ReadAction","target":["https:\/\/www.tecnosuissesa.com\/de\/produkt\/metalldrehbank-newton-25\/"]}]},{"@type":"ImageObject","inLanguage":"de","@id":"https:\/\/www.tecnosuissesa.com\/de\/produkt\/metalldrehbank-newton-25\/#primaryimage","url":"https:\/\/www.tecnosuissesa.com\/wp-content\/uploads\/2017\/09\/Newton25-0.jpg","contentUrl":"https:\/\/www.tecnosuissesa.com\/wp-content\/uploads\/2017\/09\/Newton25-0.jpg","width":1200,"height":900},{"@type":"BreadcrumbList","@id":"https:\/\/www.tecnosuissesa.com\/de\/produkt\/metalldrehbank-newton-25\/#breadcrumb","itemListElement":[{"@type":"ListItem","position":1,"name":"Home","item":"https:\/\/www.tecnosuissesa.com\/de\/"},{"@type":"ListItem","position":2,"name":"Vendita di Macchine Utensili per Legno e per Metalli","item":"https:\/\/www.tecnosuissesa.com\/it\/vendita-macchine-utensili\/"},{"@type":"ListItem","position":3,"name":"Metalldrehbank Newton 25"}]},{"@type":"WebSite","@id":"https:\/\/www.tecnosuissesa.com\/it\/#website","url":"https:\/\/www.tecnosuissesa.com\/it\/","name":"Tecnosuisse","description":"Macchine Utensili per Legno e Metalli","publisher":{"@id":"https:\/\/www.tecnosuissesa.com\/it\/#organization"},"potentialAction":[{"@type":"SearchAction","target":{"@type":"EntryPoint","urlTemplate":"https:\/\/www.tecnosuissesa.com\/it\/?s={search_term_string}"},"query-input":{"@type":"PropertyValueSpecification","valueRequired":true,"valueName":"search_term_string"}}],"inLanguage":"de"},{"@type":"Organization","@id":"https:\/\/www.tecnosuissesa.com\/it\/#organization","name":"Tecnosuisse","url":"https:\/\/www.tecnosuissesa.com\/it\/","logo":{"@type":"ImageObject","inLanguage":"de","@id":"https:\/\/www.tecnosuissesa.com\/it\/#\/schema\/logo\/image\/","url":"https:\/\/www.tecnosuissesa.com\/wp-content\/uploads\/2017\/08\/Logo_TecnoSuisse_627x627.png","contentUrl":"https:\/\/www.tecnosuissesa.com\/wp-content\/uploads\/2017\/08\/Logo_TecnoSuisse_627x627.png","width":627,"height":627,"caption":"Tecnosuisse"},"image":{"@id":"https:\/\/www.tecnosuissesa.com\/it\/#\/schema\/logo\/image\/"},"sameAs":["https:\/\/www.facebook.com\/tecnosuisse\/","https:\/\/www.youtube.com\/channel\/UCSoxFNkw8ZiE4jP9OY8AdFg"]}]}},"_links":{"self":[{"href":"https:\/\/www.tecnosuissesa.com\/de\/wp-json\/wp\/v2\/product\/748","targetHints":{"allow":["GET"]}}],"collection":[{"href":"https:\/\/www.tecnosuissesa.com\/de\/wp-json\/wp\/v2\/product"}],"about":[{"href":"https:\/\/www.tecnosuissesa.com\/de\/wp-json\/wp\/v2\/types\/product"}],"replies":[{"embeddable":true,"href":"https:\/\/www.tecnosuissesa.com\/de\/wp-json\/wp\/v2\/comments?post=748"}],"wp:featuredmedia":[{"embeddable":true,"href":"https:\/\/www.tecnosuissesa.com\/de\/wp-json\/wp\/v2\/media\/1006"}],"wp:attachment":[{"href":"https:\/\/www.tecnosuissesa.com\/de\/wp-json\/wp\/v2\/media?parent=748"}],"wp:term":[{"taxonomy":"product_brand","embeddable":true,"href":"https:\/\/www.tecnosuissesa.com\/de\/wp-json\/wp\/v2\/product_brand?post=748"},{"taxonomy":"product_cat","embeddable":true,"href":"https:\/\/www.tecnosuissesa.com\/de\/wp-json\/wp\/v2\/product_cat?post=748"},{"taxonomy":"product_tag","embeddable":true,"href":"https:\/\/www.tecnosuissesa.com\/de\/wp-json\/wp\/v2\/product_tag?post=748"}],"curies":[{"name":"wp","href":"https:\/\/api.w.org\/{rel}","templated":true}]}}