{"id":732,"date":"2017-09-18T14:12:26","date_gmt":"2017-09-18T12:12:26","guid":{"rendered":"https:\/\/www.tecnosuissesa.com\/product\/holzbandsage-prima-45\/"},"modified":"2017-09-18T14:12:26","modified_gmt":"2017-09-18T12:12:26","slug":"holzbandsage-prima-45","status":"publish","type":"product","link":"https:\/\/www.tecnosuissesa.com\/de\/product\/holzbandsage-prima-45\/","title":{"rendered":"Holzbands\u00e4ge Prima 45"},"content":{"rendered":"<p><strong>Beschreibung:<br \/>\n<\/strong><\/p>\n<p><span lang=\"de\" xml:lang=\"de\">Dies ist eine professionelle Bands\u00e4ge mit Arbeitstischen und Schwungr\u00e4dern aus Gusseisen, Tragwerk aus verkleidetem Stahl und Messerf\u00fchrung mit hoch pr\u00e4ziser Millimeterskala. Der Durchmesser der Schwungr\u00e4der dieser S\u00e4ge betr\u00e4gt 450 mm und der Motor, der die Maschine antreibt, ist ein starker einphasiger 3 PS-Motor (2200 W). Die S\u00e4gefl\u00e4che kann geneigt werden und wird in der Standard-Version schon mit F\u00fchrung und Winkelmesser geliefert. Am Unterteil der Maschine ist eine Rohrverschraubung vorhanden, wo man einen Absauger mit Schlauchdurchmesser 100 mm anschliessen kann. Die Maschine wird in der Standardausf\u00fchrung mit einem 20 mm Breiten S\u00e4geblatt verkauft. Als Optional ist es m\u00f6glich S\u00e4gebl\u00e4tter mit anderen Breiten zu bestellen.<\/span><\/p>\n<table>\n<tbody>\n<tr>\n<td colspan=\"2\"><strong>TECHNISCHE DATEN<\/strong><\/td>\n<\/tr>\n<tr>\n<td colspan=\"2\"><strong>PLATZBEDARF DER MASCHINE<\/strong><\/td>\n<\/tr>\n<tr>\n<td>Platzbedarf der Maschine<\/td>\n<td>800 mm (L\u00e4nge) x 600 mm (Breite) x 1790 mm (H\u00f6he)<\/td>\n<\/tr>\n<tr>\n<td>Nettogewicht der Maschine<\/td>\n<td>240 kg<\/td>\n<\/tr>\n<tr>\n<td>Bruttogewicht (Maschine in der Verpackung)<\/td>\n<td>290 kg<\/td>\n<\/tr>\n<tr>\n<td colspan=\"2\"><strong>SPEZIFIKATIONEN DER BANDS\u00c4GE<\/strong><\/td>\n<\/tr>\n<tr>\n<td>Abmessungen des Arbeitstischs<\/td>\n<td>740 x 500 mm<\/td>\n<\/tr>\n<tr>\n<td>Typ des Arbeitstisches<\/td>\n<td>In Gusseisen neigbar von 0 bis 21 Grad<\/td>\n<\/tr>\n<tr>\n<td>Durchmesser Schwungr\u00e4der<\/td>\n<td>450 mm<\/td>\n<\/tr>\n<tr>\n<td>Waagrechter Abstand zwischen S\u00e4geblatt und Schwungradaufsatz<\/td>\n<td>450 mm<\/td>\n<\/tr>\n<tr>\n<td>Maximale senkrechte Schnitth\u00f6he<\/td>\n<td>260 mm<\/td>\n<\/tr>\n<tr>\n<td>Umfang S\u00e4geblatt<\/td>\n<td>3290 mm<\/td>\n<\/tr>\n<tr>\n<td>Breite des mitgelieferten S\u00e4geblattes<\/td>\n<td>20 mm<\/td>\n<\/tr>\n<tr>\n<td>Maximal montierbare S\u00e4geblattbreite<\/td>\n<td>32 mm<\/td>\n<\/tr>\n<tr>\n<td>Winkelmesser f\u00fcr Winkelschnitte<\/td>\n<td>Vorhanden<\/td>\n<\/tr>\n<tr>\n<td>F\u00fchrung mit Millimeterskala<\/td>\n<td>Vorhanden<\/td>\n<\/tr>\n<tr>\n<td colspan=\"2\"><strong>MOTOR<\/strong><\/td>\n<\/tr>\n<tr>\n<td>Leistung<\/td>\n<td>2200 W<\/td>\n<\/tr>\n<tr>\n<td>Typ<\/td>\n<td>Einphasig (220 V)<\/td>\n<\/tr>\n<tr>\n<td>Frequenz<\/td>\n<td>50Hz<\/td>\n<\/tr>\n<tr>\n<td>Motorschutzschalter<\/td>\n<td>Vorhanden<\/td>\n<\/tr>\n<\/tbody>\n<\/table>\n","protected":false},"excerpt":{"rendered":"<p>Holzbands\u00e4ge Prima 45 Der Durchmesser der Schwungr\u00e4der dieser S\u00e4ge betr\u00e4gt 450 mm und der Motor, der die Maschine antreibt, ist ein starker einphasiger 3 PS-Motor (2200 W). Neigbare Gusseisenfl\u00e4che<\/p>\n","protected":false},"featured_media":714,"comment_status":"open","ping_status":"closed","template":"","meta":[],"product_brand":[],"product_cat":[67],"product_tag":[],"class_list":{"0":"post-732","1":"product","2":"type-product","3":"status-publish","4":"has-post-thumbnail","6":"product_cat-bandsagen-fur-holzbearbeitung","8":"first","9":"instock","10":"shipping-taxable","11":"purchasable","12":"product-type-simple"},"yoast_head":"<!-- This site is optimized with the Yoast SEO plugin v27.1 - https:\/\/yoast.com\/product\/yoast-seo-wordpress\/ -->\n<title>Holzbands\u00e4ge Prima 45 - Tecnosuisse<\/title>\n<meta name=\"robots\" content=\"index, follow, max-snippet:-1, max-image-preview:large, max-video-preview:-1\" \/>\n<link rel=\"canonical\" href=\"https:\/\/www.tecnosuissesa.com\/de\/produkt\/holzbandsage-prima-45\/\" \/>\n<meta property=\"og:locale\" content=\"de_DE\" \/>\n<meta property=\"og:type\" content=\"article\" \/>\n<meta property=\"og:title\" content=\"Holzbands\u00e4ge Prima 45 - Tecnosuisse\" \/>\n<meta property=\"og:description\" content=\"Holzbands\u00e4ge Prima 45 Der Durchmesser der Schwungr\u00e4der dieser S\u00e4ge betr\u00e4gt 450 mm und der Motor, der die Maschine antreibt, ist ein starker einphasiger 3 PS-Motor (2200 W). Neigbare Gusseisenfl\u00e4che\" \/>\n<meta property=\"og:url\" content=\"https:\/\/www.tecnosuissesa.com\/de\/produkt\/holzbandsage-prima-45\/\" \/>\n<meta property=\"og:site_name\" content=\"Tecnosuisse\" \/>\n<meta property=\"article:publisher\" content=\"https:\/\/www.facebook.com\/tecnosuisse\/\" \/>\n<meta property=\"og:image\" content=\"https:\/\/www.tecnosuissesa.com\/wp-content\/uploads\/2017\/09\/SEGA-NASTRO-PRIMA-45-0.jpg\" \/>\n\t<meta property=\"og:image:width\" content=\"1024\" \/>\n\t<meta property=\"og:image:height\" content=\"768\" \/>\n\t<meta property=\"og:image:type\" content=\"image\/jpeg\" \/>\n<meta name=\"twitter:card\" content=\"summary_large_image\" \/>\n<meta name=\"twitter:label1\" content=\"Gesch\u00e4tzte Lesezeit\" \/>\n\t<meta name=\"twitter:data1\" content=\"1\u00a0Minute\" \/>\n<script type=\"application\/ld+json\" class=\"yoast-schema-graph\">{\"@context\":\"https:\/\/schema.org\",\"@graph\":[{\"@type\":\"WebPage\",\"@id\":\"https:\/\/www.tecnosuissesa.com\/de\/produkt\/holzbandsage-prima-45\/\",\"url\":\"https:\/\/www.tecnosuissesa.com\/de\/produkt\/holzbandsage-prima-45\/\",\"name\":\"Holzbands\u00e4ge Prima 45 - Tecnosuisse\",\"isPartOf\":{\"@id\":\"https:\/\/www.tecnosuissesa.com\/it\/#website\"},\"primaryImageOfPage\":{\"@id\":\"https:\/\/www.tecnosuissesa.com\/de\/produkt\/holzbandsage-prima-45\/#primaryimage\"},\"image\":{\"@id\":\"https:\/\/www.tecnosuissesa.com\/de\/produkt\/holzbandsage-prima-45\/#primaryimage\"},\"thumbnailUrl\":\"https:\/\/www.tecnosuissesa.com\/wp-content\/uploads\/2017\/09\/SEGA-NASTRO-PRIMA-45-0.jpg\",\"datePublished\":\"2017-09-18T12:12:26+00:00\",\"breadcrumb\":{\"@id\":\"https:\/\/www.tecnosuissesa.com\/de\/produkt\/holzbandsage-prima-45\/#breadcrumb\"},\"inLanguage\":\"de\",\"potentialAction\":[{\"@type\":\"ReadAction\",\"target\":[\"https:\/\/www.tecnosuissesa.com\/de\/produkt\/holzbandsage-prima-45\/\"]}]},{\"@type\":\"ImageObject\",\"inLanguage\":\"de\",\"@id\":\"https:\/\/www.tecnosuissesa.com\/de\/produkt\/holzbandsage-prima-45\/#primaryimage\",\"url\":\"https:\/\/www.tecnosuissesa.com\/wp-content\/uploads\/2017\/09\/SEGA-NASTRO-PRIMA-45-0.jpg\",\"contentUrl\":\"https:\/\/www.tecnosuissesa.com\/wp-content\/uploads\/2017\/09\/SEGA-NASTRO-PRIMA-45-0.jpg\",\"width\":1024,\"height\":768},{\"@type\":\"BreadcrumbList\",\"@id\":\"https:\/\/www.tecnosuissesa.com\/de\/produkt\/holzbandsage-prima-45\/#breadcrumb\",\"itemListElement\":[{\"@type\":\"ListItem\",\"position\":1,\"name\":\"Home\",\"item\":\"https:\/\/www.tecnosuissesa.com\/de\/\"},{\"@type\":\"ListItem\",\"position\":2,\"name\":\"Vendita di Macchine Utensili per Legno e per Metalli\",\"item\":\"https:\/\/www.tecnosuissesa.com\/it\/vendita-macchine-utensili\/\"},{\"@type\":\"ListItem\",\"position\":3,\"name\":\"Holzbands\u00e4ge Prima 45\"}]},{\"@type\":\"WebSite\",\"@id\":\"https:\/\/www.tecnosuissesa.com\/it\/#website\",\"url\":\"https:\/\/www.tecnosuissesa.com\/it\/\",\"name\":\"Tecnosuisse\",\"description\":\"Macchine Utensili per Legno e Metalli\",\"publisher\":{\"@id\":\"https:\/\/www.tecnosuissesa.com\/it\/#organization\"},\"potentialAction\":[{\"@type\":\"SearchAction\",\"target\":{\"@type\":\"EntryPoint\",\"urlTemplate\":\"https:\/\/www.tecnosuissesa.com\/it\/?s={search_term_string}\"},\"query-input\":{\"@type\":\"PropertyValueSpecification\",\"valueRequired\":true,\"valueName\":\"search_term_string\"}}],\"inLanguage\":\"de\"},{\"@type\":\"Organization\",\"@id\":\"https:\/\/www.tecnosuissesa.com\/it\/#organization\",\"name\":\"Tecnosuisse\",\"url\":\"https:\/\/www.tecnosuissesa.com\/it\/\",\"logo\":{\"@type\":\"ImageObject\",\"inLanguage\":\"de\",\"@id\":\"https:\/\/www.tecnosuissesa.com\/it\/#\/schema\/logo\/image\/\",\"url\":\"https:\/\/www.tecnosuissesa.com\/wp-content\/uploads\/2017\/08\/Logo_TecnoSuisse_627x627.png\",\"contentUrl\":\"https:\/\/www.tecnosuissesa.com\/wp-content\/uploads\/2017\/08\/Logo_TecnoSuisse_627x627.png\",\"width\":627,\"height\":627,\"caption\":\"Tecnosuisse\"},\"image\":{\"@id\":\"https:\/\/www.tecnosuissesa.com\/it\/#\/schema\/logo\/image\/\"},\"sameAs\":[\"https:\/\/www.facebook.com\/tecnosuisse\/\",\"https:\/\/www.youtube.com\/channel\/UCSoxFNkw8ZiE4jP9OY8AdFg\"]}]}<\/script>\n<!-- \/ Yoast SEO plugin. -->","yoast_head_json":{"title":"Holzbands\u00e4ge Prima 45 - Tecnosuisse","robots":{"index":"index","follow":"follow","max-snippet":"max-snippet:-1","max-image-preview":"max-image-preview:large","max-video-preview":"max-video-preview:-1"},"canonical":"https:\/\/www.tecnosuissesa.com\/de\/produkt\/holzbandsage-prima-45\/","og_locale":"de_DE","og_type":"article","og_title":"Holzbands\u00e4ge Prima 45 - Tecnosuisse","og_description":"Holzbands\u00e4ge Prima 45 Der Durchmesser der Schwungr\u00e4der dieser S\u00e4ge betr\u00e4gt 450 mm und der Motor, der die Maschine antreibt, ist ein starker einphasiger 3 PS-Motor (2200 W). Neigbare Gusseisenfl\u00e4che","og_url":"https:\/\/www.tecnosuissesa.com\/de\/produkt\/holzbandsage-prima-45\/","og_site_name":"Tecnosuisse","article_publisher":"https:\/\/www.facebook.com\/tecnosuisse\/","og_image":[{"width":1024,"height":768,"url":"https:\/\/www.tecnosuissesa.com\/wp-content\/uploads\/2017\/09\/SEGA-NASTRO-PRIMA-45-0.jpg","type":"image\/jpeg"}],"twitter_card":"summary_large_image","twitter_misc":{"Gesch\u00e4tzte Lesezeit":"1\u00a0Minute"},"schema":{"@context":"https:\/\/schema.org","@graph":[{"@type":"WebPage","@id":"https:\/\/www.tecnosuissesa.com\/de\/produkt\/holzbandsage-prima-45\/","url":"https:\/\/www.tecnosuissesa.com\/de\/produkt\/holzbandsage-prima-45\/","name":"Holzbands\u00e4ge Prima 45 - Tecnosuisse","isPartOf":{"@id":"https:\/\/www.tecnosuissesa.com\/it\/#website"},"primaryImageOfPage":{"@id":"https:\/\/www.tecnosuissesa.com\/de\/produkt\/holzbandsage-prima-45\/#primaryimage"},"image":{"@id":"https:\/\/www.tecnosuissesa.com\/de\/produkt\/holzbandsage-prima-45\/#primaryimage"},"thumbnailUrl":"https:\/\/www.tecnosuissesa.com\/wp-content\/uploads\/2017\/09\/SEGA-NASTRO-PRIMA-45-0.jpg","datePublished":"2017-09-18T12:12:26+00:00","breadcrumb":{"@id":"https:\/\/www.tecnosuissesa.com\/de\/produkt\/holzbandsage-prima-45\/#breadcrumb"},"inLanguage":"de","potentialAction":[{"@type":"ReadAction","target":["https:\/\/www.tecnosuissesa.com\/de\/produkt\/holzbandsage-prima-45\/"]}]},{"@type":"ImageObject","inLanguage":"de","@id":"https:\/\/www.tecnosuissesa.com\/de\/produkt\/holzbandsage-prima-45\/#primaryimage","url":"https:\/\/www.tecnosuissesa.com\/wp-content\/uploads\/2017\/09\/SEGA-NASTRO-PRIMA-45-0.jpg","contentUrl":"https:\/\/www.tecnosuissesa.com\/wp-content\/uploads\/2017\/09\/SEGA-NASTRO-PRIMA-45-0.jpg","width":1024,"height":768},{"@type":"BreadcrumbList","@id":"https:\/\/www.tecnosuissesa.com\/de\/produkt\/holzbandsage-prima-45\/#breadcrumb","itemListElement":[{"@type":"ListItem","position":1,"name":"Home","item":"https:\/\/www.tecnosuissesa.com\/de\/"},{"@type":"ListItem","position":2,"name":"Vendita di Macchine Utensili per Legno e per Metalli","item":"https:\/\/www.tecnosuissesa.com\/it\/vendita-macchine-utensili\/"},{"@type":"ListItem","position":3,"name":"Holzbands\u00e4ge Prima 45"}]},{"@type":"WebSite","@id":"https:\/\/www.tecnosuissesa.com\/it\/#website","url":"https:\/\/www.tecnosuissesa.com\/it\/","name":"Tecnosuisse","description":"Macchine Utensili per Legno e Metalli","publisher":{"@id":"https:\/\/www.tecnosuissesa.com\/it\/#organization"},"potentialAction":[{"@type":"SearchAction","target":{"@type":"EntryPoint","urlTemplate":"https:\/\/www.tecnosuissesa.com\/it\/?s={search_term_string}"},"query-input":{"@type":"PropertyValueSpecification","valueRequired":true,"valueName":"search_term_string"}}],"inLanguage":"de"},{"@type":"Organization","@id":"https:\/\/www.tecnosuissesa.com\/it\/#organization","name":"Tecnosuisse","url":"https:\/\/www.tecnosuissesa.com\/it\/","logo":{"@type":"ImageObject","inLanguage":"de","@id":"https:\/\/www.tecnosuissesa.com\/it\/#\/schema\/logo\/image\/","url":"https:\/\/www.tecnosuissesa.com\/wp-content\/uploads\/2017\/08\/Logo_TecnoSuisse_627x627.png","contentUrl":"https:\/\/www.tecnosuissesa.com\/wp-content\/uploads\/2017\/08\/Logo_TecnoSuisse_627x627.png","width":627,"height":627,"caption":"Tecnosuisse"},"image":{"@id":"https:\/\/www.tecnosuissesa.com\/it\/#\/schema\/logo\/image\/"},"sameAs":["https:\/\/www.facebook.com\/tecnosuisse\/","https:\/\/www.youtube.com\/channel\/UCSoxFNkw8ZiE4jP9OY8AdFg"]}]}},"_links":{"self":[{"href":"https:\/\/www.tecnosuissesa.com\/de\/wp-json\/wp\/v2\/product\/732","targetHints":{"allow":["GET"]}}],"collection":[{"href":"https:\/\/www.tecnosuissesa.com\/de\/wp-json\/wp\/v2\/product"}],"about":[{"href":"https:\/\/www.tecnosuissesa.com\/de\/wp-json\/wp\/v2\/types\/product"}],"replies":[{"embeddable":true,"href":"https:\/\/www.tecnosuissesa.com\/de\/wp-json\/wp\/v2\/comments?post=732"}],"wp:featuredmedia":[{"embeddable":true,"href":"https:\/\/www.tecnosuissesa.com\/de\/wp-json\/wp\/v2\/media\/714"}],"wp:attachment":[{"href":"https:\/\/www.tecnosuissesa.com\/de\/wp-json\/wp\/v2\/media?parent=732"}],"wp:term":[{"taxonomy":"product_brand","embeddable":true,"href":"https:\/\/www.tecnosuissesa.com\/de\/wp-json\/wp\/v2\/product_brand?post=732"},{"taxonomy":"product_cat","embeddable":true,"href":"https:\/\/www.tecnosuissesa.com\/de\/wp-json\/wp\/v2\/product_cat?post=732"},{"taxonomy":"product_tag","embeddable":true,"href":"https:\/\/www.tecnosuissesa.com\/de\/wp-json\/wp\/v2\/product_tag?post=732"}],"curies":[{"name":"wp","href":"https:\/\/api.w.org\/{rel}","templated":true}]}}