{"id":645,"date":"2017-09-11T14:09:16","date_gmt":"2017-09-11T12:09:16","guid":{"rendered":"https:\/\/www.tecnosuissesa.com\/prodotto\/drehbank-newton-20\/"},"modified":"2019-02-21T12:37:34","modified_gmt":"2019-02-21T11:37:34","slug":"drehbank-newton-20","status":"publish","type":"product","link":"https:\/\/www.tecnosuissesa.com\/de\/product\/drehbank-newton-20\/","title":{"rendered":"Drehbank Newton 20"},"content":{"rendered":"<p><span lang=\"de\" xml:lang=\"de\">Drehmaschine f\u00fcr die Metallbearbeitung sowohl f\u00fcr Hobbyanwender als auch f\u00fcr kleine Handwerksbetriebe. Die Drehbank hat einen Abstand zwischen den Spitzen von 560 mm und einen maximalen Drehdurchmesser von 240 mm. Der Antrieb erfolgt \u00fcber einen einphasigen 750W-Motor, der Rahmen besteht aus robustem Gusseisen, die Oberfl\u00e4chen aus Metall.<br \/>\nSie wird in der Standardausf\u00fchrung mit ihrem Unterbau, einem 3-Backenfutter (drei innere und drei \u00e4u\u00dfere Backen), zwei festen Reitst\u00f6cken mit Kegelaufnahme, 2 L\u00fcnetten und allen Zahnr\u00e4dern und den Schl\u00fcsseln f\u00fcr die Montage geliefert.<\/span><\/p>\n<table>\n<tbody>\n<tr>\n<td colspan=\"2\"><strong>TECHNISCHE DATEN<\/strong><\/td>\n<\/tr>\n<tr>\n<td colspan=\"2\"><strong>PLATZBEDARF DER MASCHINE<\/strong><\/td>\n<\/tr>\n<tr>\n<td>Abmessungen mit Unterbau<\/td>\n<td>1100 mm (L) x 390 mm (B) x 1130 mm (H)<\/td>\n<\/tr>\n<tr>\n<td>Ohne Basis<\/td>\n<td>1080 mm (L) x 390 mm (B) x 400 mm (H)<\/td>\n<\/tr>\n<tr>\n<td>Nettogewicht der Maschine<\/td>\n<td>130 kg<\/td>\n<\/tr>\n<tr>\n<td colspan=\"2\"><strong>SPEZIFIKATIONEN DER DREHMASCHINE<\/strong><\/td>\n<\/tr>\n<tr>\n<td>Abstand zwischen den Spitzen<\/td>\n<td>560 mm<\/td>\n<\/tr>\n<tr>\n<td>Durchmesser der (beigepackten) Standardspindel<\/td>\n<td>125 mm<\/td>\n<\/tr>\n<tr>\n<td>Kegel der Spindel<\/td>\n<td>MT3<\/td>\n<\/tr>\n<tr>\n<td>H\u00f6he der Spitzen<\/td>\n<td>110 mm<\/td>\n<\/tr>\n<tr>\n<td>Max. Durchmesser des auf der Bank zu bearbeitenden Werkst\u00fccks<\/td>\n<td>240 mm<\/td>\n<\/tr>\n<tr>\n<td>Maximaler Durchmesser der durchf\u00fchrenden Schiene<\/td>\n<td>20 mm<\/td>\n<\/tr>\n<tr>\n<td>Max. Drehdurchmesser des Werkzeughalters<\/td>\n<td>115 mm<\/td>\n<\/tr>\n<tr>\n<td>Metrische Gewinde<\/td>\n<td>11 (0,05 mm bis 3 mm)<\/td>\n<\/tr>\n<tr>\n<td>H\u00f6he der Spitzen auf der Bank<\/td>\n<td>110 mm<\/td>\n<\/tr>\n<tr>\n<td>Max. Hub zum Gewindeschneiden<\/td>\n<td>560 mm<\/td>\n<\/tr>\n<tr>\n<td>Querhub des Werkzeughalters<\/td>\n<td>115 mm<\/td>\n<\/tr>\n<tr>\n<td>Neigung des Werkzeughalterschlittens<\/td>\n<td>45\u00b0<\/td>\n<\/tr>\n<tr>\n<td>Kegel des Reitstocks<\/td>\n<td>MT2<\/td>\n<\/tr>\n<tr>\n<td>Drehgeschwindigkeit der Spindel<\/td>\n<td>6 Geschwindigkeitsstufen von 150 bis 1950 U\/Min<\/td>\n<\/tr>\n<tr>\n<td>Standardspindeltyp<\/td>\n<td>Selbstzentrierendes 3-Backenfutter (3 \u00e4ussere Backen + 3 innere)<\/td>\n<\/tr>\n<tr>\n<td colspan=\"2\"><strong>MOTOR<\/strong><\/td>\n<\/tr>\n<tr>\n<td>Leistung<\/td>\n<td>750 W \u2013 50 Hz<\/td>\n<\/tr>\n<tr>\n<td>Typ<\/td>\n<td>Einphasig (220 V)<\/td>\n<\/tr>\n<\/tbody>\n<\/table>\n<p>&nbsp;<\/p>\n","protected":false},"excerpt":{"rendered":"<p>Metalldrehmaschine Newton 20 Abstand zwischen den Spitzen 560 mm max. Durchmesser f\u00fcr das Abdrehen 240 mm<\/p>\n","protected":false},"featured_media":2435,"comment_status":"open","ping_status":"closed","template":"","meta":[],"product_brand":[],"product_cat":[183],"product_tag":[98,184,186,185],"class_list":{"0":"post-645","1":"product","2":"type-product","3":"status-publish","4":"has-post-thumbnail","6":"product_cat-tischdrehmaschinen","7":"product_tag-drehbank","8":"product_tag-drehbank-de","9":"product_tag-drehmaschine-fur-hobbys","10":"product_tag-drehmaschine-fur-metalle","12":"first","13":"instock","14":"shipping-taxable","15":"purchasable","16":"product-type-simple"},"yoast_head":"<!-- This site is optimized with the Yoast SEO plugin v27.1 - https:\/\/yoast.com\/product\/yoast-seo-wordpress\/ -->\n<title>Drehbank Newton 20 - Tecnosuisse<\/title>\n<meta name=\"description\" content=\"Tornio da banco per lavorare i metalli con distanza tra le punte di 560 mm, massimo diametro a tornire di 220 mm, Massimo diametro della barra passante di 20 mm e motore monofase da 750 W\" \/>\n<meta name=\"robots\" content=\"index, follow, max-snippet:-1, max-image-preview:large, max-video-preview:-1\" \/>\n<link rel=\"canonical\" href=\"https:\/\/www.tecnosuissesa.com\/de\/produkt\/drehbank-newton-20\/\" \/>\n<meta property=\"og:locale\" content=\"de_DE\" \/>\n<meta property=\"og:type\" content=\"article\" \/>\n<meta property=\"og:title\" content=\"Drehbank Newton 20 - Tecnosuisse\" \/>\n<meta property=\"og:description\" content=\"Tornio da banco per lavorare i metalli con distanza tra le punte di 560 mm, massimo diametro a tornire di 220 mm, Massimo diametro della barra passante di 20 mm e motore monofase da 750 W\" \/>\n<meta property=\"og:url\" content=\"https:\/\/www.tecnosuissesa.com\/de\/produkt\/drehbank-newton-20\/\" \/>\n<meta property=\"og:site_name\" content=\"Tecnosuisse\" \/>\n<meta property=\"article:publisher\" content=\"https:\/\/www.facebook.com\/tecnosuisse\/\" \/>\n<meta property=\"article:modified_time\" content=\"2019-02-21T11:37:34+00:00\" \/>\n<meta property=\"og:image\" content=\"https:\/\/www.tecnosuissesa.com\/wp-content\/uploads\/2017\/09\/tornio-newton-20-00.jpg\" \/>\n\t<meta property=\"og:image:width\" content=\"1200\" \/>\n\t<meta property=\"og:image:height\" content=\"900\" \/>\n\t<meta property=\"og:image:type\" content=\"image\/jpeg\" \/>\n<meta name=\"twitter:card\" content=\"summary_large_image\" \/>\n<meta name=\"twitter:label1\" content=\"Gesch\u00e4tzte Lesezeit\" \/>\n\t<meta name=\"twitter:data1\" content=\"1\u00a0Minute\" \/>\n<script type=\"application\/ld+json\" class=\"yoast-schema-graph\">{\"@context\":\"https:\/\/schema.org\",\"@graph\":[{\"@type\":\"WebPage\",\"@id\":\"https:\/\/www.tecnosuissesa.com\/de\/produkt\/drehbank-newton-20\/\",\"url\":\"https:\/\/www.tecnosuissesa.com\/de\/produkt\/drehbank-newton-20\/\",\"name\":\"Drehbank Newton 20 - Tecnosuisse\",\"isPartOf\":{\"@id\":\"https:\/\/www.tecnosuissesa.com\/it\/#website\"},\"primaryImageOfPage\":{\"@id\":\"https:\/\/www.tecnosuissesa.com\/de\/produkt\/drehbank-newton-20\/#primaryimage\"},\"image\":{\"@id\":\"https:\/\/www.tecnosuissesa.com\/de\/produkt\/drehbank-newton-20\/#primaryimage\"},\"thumbnailUrl\":\"https:\/\/www.tecnosuissesa.com\/wp-content\/uploads\/2017\/09\/tornio-newton-20-00.jpg\",\"datePublished\":\"2017-09-11T12:09:16+00:00\",\"dateModified\":\"2019-02-21T11:37:34+00:00\",\"description\":\"Tornio da banco per lavorare i metalli con distanza tra le punte di 560 mm, massimo diametro a tornire di 220 mm, Massimo diametro della barra passante di 20 mm e motore monofase da 750 W\",\"breadcrumb\":{\"@id\":\"https:\/\/www.tecnosuissesa.com\/de\/produkt\/drehbank-newton-20\/#breadcrumb\"},\"inLanguage\":\"de\",\"potentialAction\":[{\"@type\":\"ReadAction\",\"target\":[\"https:\/\/www.tecnosuissesa.com\/de\/produkt\/drehbank-newton-20\/\"]}]},{\"@type\":\"ImageObject\",\"inLanguage\":\"de\",\"@id\":\"https:\/\/www.tecnosuissesa.com\/de\/produkt\/drehbank-newton-20\/#primaryimage\",\"url\":\"https:\/\/www.tecnosuissesa.com\/wp-content\/uploads\/2017\/09\/tornio-newton-20-00.jpg\",\"contentUrl\":\"https:\/\/www.tecnosuissesa.com\/wp-content\/uploads\/2017\/09\/tornio-newton-20-00.jpg\",\"width\":1200,\"height\":900,\"caption\":\"Tornio da banco Newton 20\"},{\"@type\":\"BreadcrumbList\",\"@id\":\"https:\/\/www.tecnosuissesa.com\/de\/produkt\/drehbank-newton-20\/#breadcrumb\",\"itemListElement\":[{\"@type\":\"ListItem\",\"position\":1,\"name\":\"Home\",\"item\":\"https:\/\/www.tecnosuissesa.com\/de\/\"},{\"@type\":\"ListItem\",\"position\":2,\"name\":\"Vendita di Macchine Utensili per Legno e per Metalli\",\"item\":\"https:\/\/www.tecnosuissesa.com\/it\/vendita-macchine-utensili\/\"},{\"@type\":\"ListItem\",\"position\":3,\"name\":\"Drehbank Newton 20\"}]},{\"@type\":\"WebSite\",\"@id\":\"https:\/\/www.tecnosuissesa.com\/it\/#website\",\"url\":\"https:\/\/www.tecnosuissesa.com\/it\/\",\"name\":\"Tecnosuisse\",\"description\":\"Macchine Utensili per Legno e Metalli\",\"publisher\":{\"@id\":\"https:\/\/www.tecnosuissesa.com\/it\/#organization\"},\"potentialAction\":[{\"@type\":\"SearchAction\",\"target\":{\"@type\":\"EntryPoint\",\"urlTemplate\":\"https:\/\/www.tecnosuissesa.com\/it\/?s={search_term_string}\"},\"query-input\":{\"@type\":\"PropertyValueSpecification\",\"valueRequired\":true,\"valueName\":\"search_term_string\"}}],\"inLanguage\":\"de\"},{\"@type\":\"Organization\",\"@id\":\"https:\/\/www.tecnosuissesa.com\/it\/#organization\",\"name\":\"Tecnosuisse\",\"url\":\"https:\/\/www.tecnosuissesa.com\/it\/\",\"logo\":{\"@type\":\"ImageObject\",\"inLanguage\":\"de\",\"@id\":\"https:\/\/www.tecnosuissesa.com\/it\/#\/schema\/logo\/image\/\",\"url\":\"https:\/\/www.tecnosuissesa.com\/wp-content\/uploads\/2017\/08\/Logo_TecnoSuisse_627x627.png\",\"contentUrl\":\"https:\/\/www.tecnosuissesa.com\/wp-content\/uploads\/2017\/08\/Logo_TecnoSuisse_627x627.png\",\"width\":627,\"height\":627,\"caption\":\"Tecnosuisse\"},\"image\":{\"@id\":\"https:\/\/www.tecnosuissesa.com\/it\/#\/schema\/logo\/image\/\"},\"sameAs\":[\"https:\/\/www.facebook.com\/tecnosuisse\/\",\"https:\/\/www.youtube.com\/channel\/UCSoxFNkw8ZiE4jP9OY8AdFg\"]}]}<\/script>\n<!-- \/ Yoast SEO plugin. -->","yoast_head_json":{"title":"Drehbank Newton 20 - Tecnosuisse","description":"Tornio da banco per lavorare i metalli con distanza tra le punte di 560 mm, massimo diametro a tornire di 220 mm, Massimo diametro della barra passante di 20 mm e motore monofase da 750 W","robots":{"index":"index","follow":"follow","max-snippet":"max-snippet:-1","max-image-preview":"max-image-preview:large","max-video-preview":"max-video-preview:-1"},"canonical":"https:\/\/www.tecnosuissesa.com\/de\/produkt\/drehbank-newton-20\/","og_locale":"de_DE","og_type":"article","og_title":"Drehbank Newton 20 - Tecnosuisse","og_description":"Tornio da banco per lavorare i metalli con distanza tra le punte di 560 mm, massimo diametro a tornire di 220 mm, Massimo diametro della barra passante di 20 mm e motore monofase da 750 W","og_url":"https:\/\/www.tecnosuissesa.com\/de\/produkt\/drehbank-newton-20\/","og_site_name":"Tecnosuisse","article_publisher":"https:\/\/www.facebook.com\/tecnosuisse\/","article_modified_time":"2019-02-21T11:37:34+00:00","og_image":[{"width":1200,"height":900,"url":"https:\/\/www.tecnosuissesa.com\/wp-content\/uploads\/2017\/09\/tornio-newton-20-00.jpg","type":"image\/jpeg"}],"twitter_card":"summary_large_image","twitter_misc":{"Gesch\u00e4tzte Lesezeit":"1\u00a0Minute"},"schema":{"@context":"https:\/\/schema.org","@graph":[{"@type":"WebPage","@id":"https:\/\/www.tecnosuissesa.com\/de\/produkt\/drehbank-newton-20\/","url":"https:\/\/www.tecnosuissesa.com\/de\/produkt\/drehbank-newton-20\/","name":"Drehbank Newton 20 - Tecnosuisse","isPartOf":{"@id":"https:\/\/www.tecnosuissesa.com\/it\/#website"},"primaryImageOfPage":{"@id":"https:\/\/www.tecnosuissesa.com\/de\/produkt\/drehbank-newton-20\/#primaryimage"},"image":{"@id":"https:\/\/www.tecnosuissesa.com\/de\/produkt\/drehbank-newton-20\/#primaryimage"},"thumbnailUrl":"https:\/\/www.tecnosuissesa.com\/wp-content\/uploads\/2017\/09\/tornio-newton-20-00.jpg","datePublished":"2017-09-11T12:09:16+00:00","dateModified":"2019-02-21T11:37:34+00:00","description":"Tornio da banco per lavorare i metalli con distanza tra le punte di 560 mm, massimo diametro a tornire di 220 mm, Massimo diametro della barra passante di 20 mm e motore monofase da 750 W","breadcrumb":{"@id":"https:\/\/www.tecnosuissesa.com\/de\/produkt\/drehbank-newton-20\/#breadcrumb"},"inLanguage":"de","potentialAction":[{"@type":"ReadAction","target":["https:\/\/www.tecnosuissesa.com\/de\/produkt\/drehbank-newton-20\/"]}]},{"@type":"ImageObject","inLanguage":"de","@id":"https:\/\/www.tecnosuissesa.com\/de\/produkt\/drehbank-newton-20\/#primaryimage","url":"https:\/\/www.tecnosuissesa.com\/wp-content\/uploads\/2017\/09\/tornio-newton-20-00.jpg","contentUrl":"https:\/\/www.tecnosuissesa.com\/wp-content\/uploads\/2017\/09\/tornio-newton-20-00.jpg","width":1200,"height":900,"caption":"Tornio da banco Newton 20"},{"@type":"BreadcrumbList","@id":"https:\/\/www.tecnosuissesa.com\/de\/produkt\/drehbank-newton-20\/#breadcrumb","itemListElement":[{"@type":"ListItem","position":1,"name":"Home","item":"https:\/\/www.tecnosuissesa.com\/de\/"},{"@type":"ListItem","position":2,"name":"Vendita di Macchine Utensili per Legno e per Metalli","item":"https:\/\/www.tecnosuissesa.com\/it\/vendita-macchine-utensili\/"},{"@type":"ListItem","position":3,"name":"Drehbank Newton 20"}]},{"@type":"WebSite","@id":"https:\/\/www.tecnosuissesa.com\/it\/#website","url":"https:\/\/www.tecnosuissesa.com\/it\/","name":"Tecnosuisse","description":"Macchine Utensili per Legno e Metalli","publisher":{"@id":"https:\/\/www.tecnosuissesa.com\/it\/#organization"},"potentialAction":[{"@type":"SearchAction","target":{"@type":"EntryPoint","urlTemplate":"https:\/\/www.tecnosuissesa.com\/it\/?s={search_term_string}"},"query-input":{"@type":"PropertyValueSpecification","valueRequired":true,"valueName":"search_term_string"}}],"inLanguage":"de"},{"@type":"Organization","@id":"https:\/\/www.tecnosuissesa.com\/it\/#organization","name":"Tecnosuisse","url":"https:\/\/www.tecnosuissesa.com\/it\/","logo":{"@type":"ImageObject","inLanguage":"de","@id":"https:\/\/www.tecnosuissesa.com\/it\/#\/schema\/logo\/image\/","url":"https:\/\/www.tecnosuissesa.com\/wp-content\/uploads\/2017\/08\/Logo_TecnoSuisse_627x627.png","contentUrl":"https:\/\/www.tecnosuissesa.com\/wp-content\/uploads\/2017\/08\/Logo_TecnoSuisse_627x627.png","width":627,"height":627,"caption":"Tecnosuisse"},"image":{"@id":"https:\/\/www.tecnosuissesa.com\/it\/#\/schema\/logo\/image\/"},"sameAs":["https:\/\/www.facebook.com\/tecnosuisse\/","https:\/\/www.youtube.com\/channel\/UCSoxFNkw8ZiE4jP9OY8AdFg"]}]}},"_links":{"self":[{"href":"https:\/\/www.tecnosuissesa.com\/de\/wp-json\/wp\/v2\/product\/645","targetHints":{"allow":["GET"]}}],"collection":[{"href":"https:\/\/www.tecnosuissesa.com\/de\/wp-json\/wp\/v2\/product"}],"about":[{"href":"https:\/\/www.tecnosuissesa.com\/de\/wp-json\/wp\/v2\/types\/product"}],"replies":[{"embeddable":true,"href":"https:\/\/www.tecnosuissesa.com\/de\/wp-json\/wp\/v2\/comments?post=645"}],"wp:featuredmedia":[{"embeddable":true,"href":"https:\/\/www.tecnosuissesa.com\/de\/wp-json\/wp\/v2\/media\/2435"}],"wp:attachment":[{"href":"https:\/\/www.tecnosuissesa.com\/de\/wp-json\/wp\/v2\/media?parent=645"}],"wp:term":[{"taxonomy":"product_brand","embeddable":true,"href":"https:\/\/www.tecnosuissesa.com\/de\/wp-json\/wp\/v2\/product_brand?post=645"},{"taxonomy":"product_cat","embeddable":true,"href":"https:\/\/www.tecnosuissesa.com\/de\/wp-json\/wp\/v2\/product_cat?post=645"},{"taxonomy":"product_tag","embeddable":true,"href":"https:\/\/www.tecnosuissesa.com\/de\/wp-json\/wp\/v2\/product_tag?post=645"}],"curies":[{"name":"wp","href":"https:\/\/api.w.org\/{rel}","templated":true}]}}