{"id":613,"date":"2017-09-11T10:34:54","date_gmt":"2017-09-11T08:34:54","guid":{"rendered":"https:\/\/www.tecnosuissesa.com\/prodotto\/mini-drehmaschine-edison-350\/"},"modified":"2017-09-11T10:34:54","modified_gmt":"2017-09-11T08:34:54","slug":"mini-drehmaschine-edison-350","status":"publish","type":"product","link":"https:\/\/www.tecnosuissesa.com\/de\/product\/mini-drehmaschine-edison-350\/","title":{"rendered":"Mini-Drehmaschine Edison 350"},"content":{"rendered":"<p><span lang=\"de\" xml:lang=\"de\">Kleine Metalldrehmaschine mit elektronischer Drehzahlregelung zwischen mindestens 100 und maximal 2500 U\/Min, die sich bei laufendem Betrieb \u00e4ndern l\u00e4sst. Das Drehmaschinegestell besteht aus \u00e4u\u00dferst robustem Gusseisen, die Antriebswellen, die Lager der Hauptgetriebe und die Gleitf\u00fchrungen sind hingegen aus Stahl. Der Maschinenantrieb erfolgt \u00fcber einen leistungsstarken einphasigen 600W-Motor.<\/span><\/p>\n<p><span lang=\"de\" xml:lang=\"de\">Die Maschine besitzt die CE-Kennung und hat einen Not-Aus-Knopf und alle anderen Sicherheitseinrichtungen, um in v\u00f6lliger Sicherheit arbeiten k\u00f6nnen.\u00a0Sie wird in der Standardausf\u00fchrung mit dem selbstzentrierenden 3-Backenfutter (3 innere + 3 \u00e4u\u00dfere Backen), dem Schl\u00fcsselsatz f\u00fcr die Montage und dem Reitstock mit fester Kegelaufnahme MT2 geliefert.<\/span><\/p>\n<p>&nbsp;<\/p>\n<table>\n<tbody>\n<tr>\n<td colspan=\"2\"><strong>TECHNISCHE DATEN<\/strong><\/td>\n<\/tr>\n<tr>\n<td colspan=\"2\"><strong>PLATZBEDARF DER MASCHINE<\/strong><\/td>\n<\/tr>\n<tr>\n<td>Abmessungen der Verpackung<\/td>\n<td>820 x 310 x 320 mm<\/td>\n<\/tr>\n<tr>\n<td>Max. Platzbedarf der Maschine<\/td>\n<td>900 mm (B) x 320 mm (H) x 240 mm (L)<\/td>\n<\/tr>\n<tr>\n<td>Bruttogewicht \/ Nettogewicht<\/td>\n<td>45 kg \/ 40 kg<\/td>\n<\/tr>\n<tr>\n<td colspan=\"2\"><strong>SPEZIFIKATIONEN DER DREHMASCHINE<\/strong><\/td>\n<\/tr>\n<tr>\n<td>Abstand zwischen den Spitzen<\/td>\n<td>350 mm<\/td>\n<\/tr>\n<tr>\n<td>Max. Durchmesser des auf der Bank zu bearbeitenden Werkst\u00fccks<\/td>\n<td>180 mm<\/td>\n<\/tr>\n<tr>\n<td>Kegel der Spindel<\/td>\n<td>MT3<\/td>\n<\/tr>\n<tr>\n<td>Kegel des Reitstocks<\/td>\n<td>MT2<\/td>\n<\/tr>\n<tr>\n<td>Durchmesser der beigepackten Spindel<\/td>\n<td>80 mm<\/td>\n<\/tr>\n<tr>\n<td>Durchmesser der durchf\u00fchrenden Schiene mit Standardspindel<\/td>\n<td>16 mm<\/td>\n<\/tr>\n<tr>\n<td>Durchmesser der durchf\u00fchrenden Schiene mit Spindel mit 4-Backenfutter (separat erh\u00e4ltlich)<\/td>\n<td>20 mm<\/td>\n<\/tr>\n<tr>\n<td>Kreuztisch<\/td>\n<td>65 mm<\/td>\n<\/tr>\n<tr>\n<td>Schlittenhub<\/td>\n<td>35 mm<\/td>\n<\/tr>\n<tr>\n<td>Metrisches Gewindesortiment<\/td>\n<td>0,5 -2,5 mm<\/td>\n<\/tr>\n<tr>\n<td>Spindelgeschwindigkeit<\/td>\n<td>100-2500 U\/MIN<\/td>\n<\/tr>\n<tr>\n<td>Pr\u00e4zisionsspindel<\/td>\n<td>0,01mm<\/td>\n<\/tr>\n<tr>\n<td colspan=\"2\"><strong>MOTOR<\/strong><\/td>\n<\/tr>\n<tr>\n<td>Leistung<\/td>\n<td>600 W<\/td>\n<\/tr>\n<tr>\n<td>Typ<\/td>\n<td>Einphasig 220V\/50HZ<\/td>\n<\/tr>\n<\/tbody>\n<\/table>\n<p>&nbsp;<\/p>\n","protected":false},"excerpt":{"rendered":"<p>Metalldrehbank Der Edison 350 ist mit elektronischer Geschwindigkeitsregelung, Abstand zwischen den Spitzen 350 mm Durch. max.\u00a0 f\u00fcr das Abdrehen von 180 mm<\/p>\n","protected":false},"featured_media":599,"comment_status":"open","ping_status":"closed","template":"","meta":[],"product_brand":[],"product_cat":[49],"product_tag":[96],"class_list":{"0":"post-613","1":"product","2":"type-product","3":"status-publish","4":"has-post-thumbnail","6":"product_cat-holzbearbeitungsmaschinen","7":"product_tag-mini-drehmaschine","9":"first","10":"instock","11":"shipping-taxable","12":"purchasable","13":"product-type-simple"},"yoast_head":"<!-- This site is optimized with the Yoast SEO plugin v27.1 - https:\/\/yoast.com\/product\/yoast-seo-wordpress\/ -->\n<title>Mini-Drehmaschine Edison 350 - Tecnosuisse<\/title>\n<meta name=\"robots\" content=\"index, follow, max-snippet:-1, max-image-preview:large, max-video-preview:-1\" \/>\n<link rel=\"canonical\" href=\"https:\/\/www.tecnosuissesa.com\/de\/produkt\/mini-drehmaschine-edison-350\/\" \/>\n<meta property=\"og:locale\" content=\"de_DE\" \/>\n<meta property=\"og:type\" content=\"article\" \/>\n<meta property=\"og:title\" content=\"Mini-Drehmaschine Edison 350 - Tecnosuisse\" \/>\n<meta property=\"og:description\" content=\"Metalldrehbank Der Edison 350 ist mit elektronischer Geschwindigkeitsregelung, Abstand zwischen den Spitzen 350 mm Durch. max.\u00a0 f\u00fcr das Abdrehen von 180 mm\" \/>\n<meta property=\"og:url\" content=\"https:\/\/www.tecnosuissesa.com\/de\/produkt\/mini-drehmaschine-edison-350\/\" \/>\n<meta property=\"og:site_name\" content=\"Tecnosuisse\" \/>\n<meta property=\"article:publisher\" content=\"https:\/\/www.facebook.com\/tecnosuisse\/\" \/>\n<meta property=\"og:image\" content=\"https:\/\/www.tecnosuissesa.com\/wp-content\/uploads\/2017\/09\/Tornio_Edison_02.jpg\" \/>\n\t<meta property=\"og:image:width\" content=\"800\" \/>\n\t<meta property=\"og:image:height\" content=\"600\" \/>\n\t<meta property=\"og:image:type\" content=\"image\/jpeg\" \/>\n<meta name=\"twitter:card\" content=\"summary_large_image\" \/>\n<meta name=\"twitter:label1\" content=\"Gesch\u00e4tzte Lesezeit\" \/>\n\t<meta name=\"twitter:data1\" content=\"1\u00a0Minute\" \/>\n<script type=\"application\/ld+json\" class=\"yoast-schema-graph\">{\"@context\":\"https:\/\/schema.org\",\"@graph\":[{\"@type\":\"WebPage\",\"@id\":\"https:\/\/www.tecnosuissesa.com\/de\/produkt\/mini-drehmaschine-edison-350\/\",\"url\":\"https:\/\/www.tecnosuissesa.com\/de\/produkt\/mini-drehmaschine-edison-350\/\",\"name\":\"Mini-Drehmaschine Edison 350 - Tecnosuisse\",\"isPartOf\":{\"@id\":\"https:\/\/www.tecnosuissesa.com\/it\/#website\"},\"primaryImageOfPage\":{\"@id\":\"https:\/\/www.tecnosuissesa.com\/de\/produkt\/mini-drehmaschine-edison-350\/#primaryimage\"},\"image\":{\"@id\":\"https:\/\/www.tecnosuissesa.com\/de\/produkt\/mini-drehmaschine-edison-350\/#primaryimage\"},\"thumbnailUrl\":\"https:\/\/www.tecnosuissesa.com\/wp-content\/uploads\/2017\/09\/Tornio_Edison_02.jpg\",\"datePublished\":\"2017-09-11T08:34:54+00:00\",\"breadcrumb\":{\"@id\":\"https:\/\/www.tecnosuissesa.com\/de\/produkt\/mini-drehmaschine-edison-350\/#breadcrumb\"},\"inLanguage\":\"de\",\"potentialAction\":[{\"@type\":\"ReadAction\",\"target\":[\"https:\/\/www.tecnosuissesa.com\/de\/produkt\/mini-drehmaschine-edison-350\/\"]}]},{\"@type\":\"ImageObject\",\"inLanguage\":\"de\",\"@id\":\"https:\/\/www.tecnosuissesa.com\/de\/produkt\/mini-drehmaschine-edison-350\/#primaryimage\",\"url\":\"https:\/\/www.tecnosuissesa.com\/wp-content\/uploads\/2017\/09\/Tornio_Edison_02.jpg\",\"contentUrl\":\"https:\/\/www.tecnosuissesa.com\/wp-content\/uploads\/2017\/09\/Tornio_Edison_02.jpg\",\"width\":800,\"height\":600},{\"@type\":\"BreadcrumbList\",\"@id\":\"https:\/\/www.tecnosuissesa.com\/de\/produkt\/mini-drehmaschine-edison-350\/#breadcrumb\",\"itemListElement\":[{\"@type\":\"ListItem\",\"position\":1,\"name\":\"Home\",\"item\":\"https:\/\/www.tecnosuissesa.com\/de\/\"},{\"@type\":\"ListItem\",\"position\":2,\"name\":\"Vendita di Macchine Utensili per Legno e per Metalli\",\"item\":\"https:\/\/www.tecnosuissesa.com\/it\/vendita-macchine-utensili\/\"},{\"@type\":\"ListItem\",\"position\":3,\"name\":\"Mini-Drehmaschine Edison 350\"}]},{\"@type\":\"WebSite\",\"@id\":\"https:\/\/www.tecnosuissesa.com\/it\/#website\",\"url\":\"https:\/\/www.tecnosuissesa.com\/it\/\",\"name\":\"Tecnosuisse\",\"description\":\"Macchine Utensili per Legno e Metalli\",\"publisher\":{\"@id\":\"https:\/\/www.tecnosuissesa.com\/it\/#organization\"},\"potentialAction\":[{\"@type\":\"SearchAction\",\"target\":{\"@type\":\"EntryPoint\",\"urlTemplate\":\"https:\/\/www.tecnosuissesa.com\/it\/?s={search_term_string}\"},\"query-input\":{\"@type\":\"PropertyValueSpecification\",\"valueRequired\":true,\"valueName\":\"search_term_string\"}}],\"inLanguage\":\"de\"},{\"@type\":\"Organization\",\"@id\":\"https:\/\/www.tecnosuissesa.com\/it\/#organization\",\"name\":\"Tecnosuisse\",\"url\":\"https:\/\/www.tecnosuissesa.com\/it\/\",\"logo\":{\"@type\":\"ImageObject\",\"inLanguage\":\"de\",\"@id\":\"https:\/\/www.tecnosuissesa.com\/it\/#\/schema\/logo\/image\/\",\"url\":\"https:\/\/www.tecnosuissesa.com\/wp-content\/uploads\/2017\/08\/Logo_TecnoSuisse_627x627.png\",\"contentUrl\":\"https:\/\/www.tecnosuissesa.com\/wp-content\/uploads\/2017\/08\/Logo_TecnoSuisse_627x627.png\",\"width\":627,\"height\":627,\"caption\":\"Tecnosuisse\"},\"image\":{\"@id\":\"https:\/\/www.tecnosuissesa.com\/it\/#\/schema\/logo\/image\/\"},\"sameAs\":[\"https:\/\/www.facebook.com\/tecnosuisse\/\",\"https:\/\/www.youtube.com\/channel\/UCSoxFNkw8ZiE4jP9OY8AdFg\"]}]}<\/script>\n<!-- \/ Yoast SEO plugin. -->","yoast_head_json":{"title":"Mini-Drehmaschine Edison 350 - Tecnosuisse","robots":{"index":"index","follow":"follow","max-snippet":"max-snippet:-1","max-image-preview":"max-image-preview:large","max-video-preview":"max-video-preview:-1"},"canonical":"https:\/\/www.tecnosuissesa.com\/de\/produkt\/mini-drehmaschine-edison-350\/","og_locale":"de_DE","og_type":"article","og_title":"Mini-Drehmaschine Edison 350 - Tecnosuisse","og_description":"Metalldrehbank Der Edison 350 ist mit elektronischer Geschwindigkeitsregelung, Abstand zwischen den Spitzen 350 mm Durch. max.\u00a0 f\u00fcr das Abdrehen von 180 mm","og_url":"https:\/\/www.tecnosuissesa.com\/de\/produkt\/mini-drehmaschine-edison-350\/","og_site_name":"Tecnosuisse","article_publisher":"https:\/\/www.facebook.com\/tecnosuisse\/","og_image":[{"width":800,"height":600,"url":"https:\/\/www.tecnosuissesa.com\/wp-content\/uploads\/2017\/09\/Tornio_Edison_02.jpg","type":"image\/jpeg"}],"twitter_card":"summary_large_image","twitter_misc":{"Gesch\u00e4tzte Lesezeit":"1\u00a0Minute"},"schema":{"@context":"https:\/\/schema.org","@graph":[{"@type":"WebPage","@id":"https:\/\/www.tecnosuissesa.com\/de\/produkt\/mini-drehmaschine-edison-350\/","url":"https:\/\/www.tecnosuissesa.com\/de\/produkt\/mini-drehmaschine-edison-350\/","name":"Mini-Drehmaschine Edison 350 - Tecnosuisse","isPartOf":{"@id":"https:\/\/www.tecnosuissesa.com\/it\/#website"},"primaryImageOfPage":{"@id":"https:\/\/www.tecnosuissesa.com\/de\/produkt\/mini-drehmaschine-edison-350\/#primaryimage"},"image":{"@id":"https:\/\/www.tecnosuissesa.com\/de\/produkt\/mini-drehmaschine-edison-350\/#primaryimage"},"thumbnailUrl":"https:\/\/www.tecnosuissesa.com\/wp-content\/uploads\/2017\/09\/Tornio_Edison_02.jpg","datePublished":"2017-09-11T08:34:54+00:00","breadcrumb":{"@id":"https:\/\/www.tecnosuissesa.com\/de\/produkt\/mini-drehmaschine-edison-350\/#breadcrumb"},"inLanguage":"de","potentialAction":[{"@type":"ReadAction","target":["https:\/\/www.tecnosuissesa.com\/de\/produkt\/mini-drehmaschine-edison-350\/"]}]},{"@type":"ImageObject","inLanguage":"de","@id":"https:\/\/www.tecnosuissesa.com\/de\/produkt\/mini-drehmaschine-edison-350\/#primaryimage","url":"https:\/\/www.tecnosuissesa.com\/wp-content\/uploads\/2017\/09\/Tornio_Edison_02.jpg","contentUrl":"https:\/\/www.tecnosuissesa.com\/wp-content\/uploads\/2017\/09\/Tornio_Edison_02.jpg","width":800,"height":600},{"@type":"BreadcrumbList","@id":"https:\/\/www.tecnosuissesa.com\/de\/produkt\/mini-drehmaschine-edison-350\/#breadcrumb","itemListElement":[{"@type":"ListItem","position":1,"name":"Home","item":"https:\/\/www.tecnosuissesa.com\/de\/"},{"@type":"ListItem","position":2,"name":"Vendita di Macchine Utensili per Legno e per Metalli","item":"https:\/\/www.tecnosuissesa.com\/it\/vendita-macchine-utensili\/"},{"@type":"ListItem","position":3,"name":"Mini-Drehmaschine Edison 350"}]},{"@type":"WebSite","@id":"https:\/\/www.tecnosuissesa.com\/it\/#website","url":"https:\/\/www.tecnosuissesa.com\/it\/","name":"Tecnosuisse","description":"Macchine Utensili per Legno e Metalli","publisher":{"@id":"https:\/\/www.tecnosuissesa.com\/it\/#organization"},"potentialAction":[{"@type":"SearchAction","target":{"@type":"EntryPoint","urlTemplate":"https:\/\/www.tecnosuissesa.com\/it\/?s={search_term_string}"},"query-input":{"@type":"PropertyValueSpecification","valueRequired":true,"valueName":"search_term_string"}}],"inLanguage":"de"},{"@type":"Organization","@id":"https:\/\/www.tecnosuissesa.com\/it\/#organization","name":"Tecnosuisse","url":"https:\/\/www.tecnosuissesa.com\/it\/","logo":{"@type":"ImageObject","inLanguage":"de","@id":"https:\/\/www.tecnosuissesa.com\/it\/#\/schema\/logo\/image\/","url":"https:\/\/www.tecnosuissesa.com\/wp-content\/uploads\/2017\/08\/Logo_TecnoSuisse_627x627.png","contentUrl":"https:\/\/www.tecnosuissesa.com\/wp-content\/uploads\/2017\/08\/Logo_TecnoSuisse_627x627.png","width":627,"height":627,"caption":"Tecnosuisse"},"image":{"@id":"https:\/\/www.tecnosuissesa.com\/it\/#\/schema\/logo\/image\/"},"sameAs":["https:\/\/www.facebook.com\/tecnosuisse\/","https:\/\/www.youtube.com\/channel\/UCSoxFNkw8ZiE4jP9OY8AdFg"]}]}},"_links":{"self":[{"href":"https:\/\/www.tecnosuissesa.com\/de\/wp-json\/wp\/v2\/product\/613","targetHints":{"allow":["GET"]}}],"collection":[{"href":"https:\/\/www.tecnosuissesa.com\/de\/wp-json\/wp\/v2\/product"}],"about":[{"href":"https:\/\/www.tecnosuissesa.com\/de\/wp-json\/wp\/v2\/types\/product"}],"replies":[{"embeddable":true,"href":"https:\/\/www.tecnosuissesa.com\/de\/wp-json\/wp\/v2\/comments?post=613"}],"wp:featuredmedia":[{"embeddable":true,"href":"https:\/\/www.tecnosuissesa.com\/de\/wp-json\/wp\/v2\/media\/599"}],"wp:attachment":[{"href":"https:\/\/www.tecnosuissesa.com\/de\/wp-json\/wp\/v2\/media?parent=613"}],"wp:term":[{"taxonomy":"product_brand","embeddable":true,"href":"https:\/\/www.tecnosuissesa.com\/de\/wp-json\/wp\/v2\/product_brand?post=613"},{"taxonomy":"product_cat","embeddable":true,"href":"https:\/\/www.tecnosuissesa.com\/de\/wp-json\/wp\/v2\/product_cat?post=613"},{"taxonomy":"product_tag","embeddable":true,"href":"https:\/\/www.tecnosuissesa.com\/de\/wp-json\/wp\/v2\/product_tag?post=613"}],"curies":[{"name":"wp","href":"https:\/\/api.w.org\/{rel}","templated":true}]}}