{"id":594,"date":"2017-08-31T17:12:04","date_gmt":"2017-08-31T15:12:04","guid":{"rendered":"https:\/\/www.tecnosuissesa.com\/prodotto\/schleifmaschine-bds-9\/"},"modified":"2017-08-31T17:12:04","modified_gmt":"2017-08-31T15:12:04","slug":"schleifmaschine-bds-9","status":"publish","type":"product","link":"https:\/\/www.tecnosuissesa.com\/de\/product\/schleifmaschine-bds-9\/","title":{"rendered":"Schleifmaschine BDS 9"},"content":{"rendered":"<p>Eine kleine aber sehr leistungsf\u00e4higen Schleifmaschine f\u00fcr Holz, die mit Band und Schleifscheibe ausgestattet ist. Der Typ von Schleifpapier, das auf der Maschine benutzt werden kann, ist vielf\u00e4ltig: von dem Papier mit feiner K\u00f6rnung bis zum Schleifpapier mit grober K\u00f6rnung (nach dem Typ von Holz, das man schleifen m\u00f6chte). Dank der Bandspanner, kann der Papierwechsel sehr schnell erfolgen. Die Maschine wird komplett mit Unterbau, Anti-Vibrationsf\u00fc\u00dfen und Winkelmesserst\u00fctzte verkauft.<\/p>\n<div class=\"row\">\n<div class=\"col-md-12 technical-table\">\n<table class=\"table table-striped\" border=\"1\" width=\"100%\" cellspacing=\"0\" cellpadding=\"0\">\n<tbody>\n<tr>\n<td colspan=\"2\" valign=\"top\">\n<div align=\"center\"><strong>TECHNISCHE DATEN<\/strong><\/div>\n<\/td>\n<\/tr>\n<tr>\n<td colspan=\"2\"><strong>SPEZIFIKATIONEN<\/strong><\/td>\n<\/tr>\n<tr>\n<td>Geschwindigkeit der Scheibe<\/td>\n<td>1400 Umdrehungen pro Min.<\/td>\n<\/tr>\n<tr>\n<td>Durchmesser der Scheibe<\/td>\n<td>230 mm<\/td>\n<\/tr>\n<tr>\n<td>Geschwindigkeit des Bandes<\/td>\n<td>310 mm\/min<\/td>\n<\/tr>\n<tr>\n<td>Entwicklung des Bandes<\/td>\n<td>1200 mm, K\u00f6rnung 80<\/td>\n<\/tr>\n<tr>\n<td>Breite des Bandes<\/td>\n<td>15 cm<\/td>\n<\/tr>\n<tr>\n<td>Saugmund<\/td>\n<td>55 mm<\/td>\n<\/tr>\n<tr>\n<td>Nettogewicht<\/td>\n<td>51 Kg<\/td>\n<\/tr>\n<tr>\n<td>Raumbedarfabmessungen<\/td>\n<td>696 x 444 x 370 mm<\/td>\n<\/tr>\n<tr>\n<td colspan=\"2\"><strong>MOTOR<\/strong><\/td>\n<\/tr>\n<tr>\n<td>Typ<\/td>\n<td>einphasig HP1<\/td>\n<\/tr>\n<tr>\n<td>Spannung<\/td>\n<td>220-230 V<\/td>\n<\/tr>\n<tr>\n<td>Leistung<\/td>\n<td>1 HP<\/td>\n<\/tr>\n<\/tbody>\n<\/table>\n<\/div>\n<\/div>\n<p align=\"justify\">\n","protected":false},"excerpt":{"rendered":"<p>Eine kleine aber sehr leistungsf\u00e4higen Schleifmaschine f\u00fcr Holz, die mit Band und Schleifscheibe ausgestattet ist. Der Typ von Schleifpapier, das auf der Maschine benutzt werden kann, ist vielf\u00e4ltig: von dem Papier mit feiner K\u00f6rnung bis zum Schleifpapier mit grober K\u00f6rnung (nach dem Typ von Holz, das man schleifen m\u00f6chte). Dank der Bandspanner, kann der Papierwechsel sehr schnell erfolgen. Die Maschine wird komplett mit Unterbau, Anti-Vibrationsf\u00fc\u00dfen und Winkelmesserst\u00fctzte verkauft.<\/p>\n","protected":false},"featured_media":537,"comment_status":"open","ping_status":"closed","template":"","meta":[],"product_brand":[],"product_cat":[62],"product_tag":[],"class_list":{"0":"post-594","1":"product","2":"type-product","3":"status-publish","4":"has-post-thumbnail","6":"product_cat-kantenschleifmaschinen","7":"product_shipping_class-classe-5-de","9":"first","10":"instock","11":"shipping-taxable","12":"purchasable","13":"product-type-simple"},"yoast_head":"<!-- This site is optimized with the Yoast SEO plugin v27.1 - https:\/\/yoast.com\/product\/yoast-seo-wordpress\/ -->\n<title>Schleifmaschine BDS 9 - Tecnosuisse<\/title>\n<meta name=\"robots\" content=\"index, follow, max-snippet:-1, max-image-preview:large, max-video-preview:-1\" \/>\n<link rel=\"canonical\" href=\"https:\/\/www.tecnosuissesa.com\/de\/produkt\/schleifmaschine-bds-9\/\" \/>\n<meta property=\"og:locale\" content=\"de_DE\" \/>\n<meta property=\"og:type\" content=\"article\" \/>\n<meta property=\"og:title\" content=\"Schleifmaschine BDS 9 - Tecnosuisse\" \/>\n<meta property=\"og:description\" content=\"Eine kleine aber sehr leistungsf\u00e4higen Schleifmaschine f\u00fcr Holz, die mit Band und Schleifscheibe ausgestattet ist. Der Typ von Schleifpapier, das auf der Maschine benutzt werden kann, ist vielf\u00e4ltig: von dem Papier mit feiner K\u00f6rnung bis zum Schleifpapier mit grober K\u00f6rnung (nach dem Typ von Holz, das man schleifen m\u00f6chte). Dank der Bandspanner, kann der Papierwechsel sehr schnell erfolgen. Die Maschine wird komplett mit Unterbau, Anti-Vibrationsf\u00fc\u00dfen und Winkelmesserst\u00fctzte verkauft.\" \/>\n<meta property=\"og:url\" content=\"https:\/\/www.tecnosuissesa.com\/de\/produkt\/schleifmaschine-bds-9\/\" \/>\n<meta property=\"og:site_name\" content=\"Tecnosuisse\" \/>\n<meta property=\"article:publisher\" content=\"https:\/\/www.facebook.com\/tecnosuisse\/\" \/>\n<meta property=\"og:image\" content=\"https:\/\/www.tecnosuissesa.com\/wp-content\/uploads\/2017\/08\/levigatrice-SB-108.jpg\" \/>\n\t<meta property=\"og:image:width\" content=\"800\" \/>\n\t<meta property=\"og:image:height\" content=\"800\" \/>\n\t<meta property=\"og:image:type\" content=\"image\/jpeg\" \/>\n<meta name=\"twitter:card\" content=\"summary_large_image\" \/>\n<meta name=\"twitter:label1\" content=\"Gesch\u00e4tzte Lesezeit\" \/>\n\t<meta name=\"twitter:data1\" content=\"1\u00a0Minute\" \/>\n<script type=\"application\/ld+json\" class=\"yoast-schema-graph\">{\"@context\":\"https:\/\/schema.org\",\"@graph\":[{\"@type\":\"WebPage\",\"@id\":\"https:\/\/www.tecnosuissesa.com\/de\/produkt\/schleifmaschine-bds-9\/\",\"url\":\"https:\/\/www.tecnosuissesa.com\/de\/produkt\/schleifmaschine-bds-9\/\",\"name\":\"Schleifmaschine BDS 9 - Tecnosuisse\",\"isPartOf\":{\"@id\":\"https:\/\/www.tecnosuissesa.com\/it\/#website\"},\"primaryImageOfPage\":{\"@id\":\"https:\/\/www.tecnosuissesa.com\/de\/produkt\/schleifmaschine-bds-9\/#primaryimage\"},\"image\":{\"@id\":\"https:\/\/www.tecnosuissesa.com\/de\/produkt\/schleifmaschine-bds-9\/#primaryimage\"},\"thumbnailUrl\":\"https:\/\/www.tecnosuissesa.com\/wp-content\/uploads\/2017\/08\/levigatrice-SB-108.jpg\",\"datePublished\":\"2017-08-31T15:12:04+00:00\",\"breadcrumb\":{\"@id\":\"https:\/\/www.tecnosuissesa.com\/de\/produkt\/schleifmaschine-bds-9\/#breadcrumb\"},\"inLanguage\":\"de\",\"potentialAction\":[{\"@type\":\"ReadAction\",\"target\":[\"https:\/\/www.tecnosuissesa.com\/de\/produkt\/schleifmaschine-bds-9\/\"]}]},{\"@type\":\"ImageObject\",\"inLanguage\":\"de\",\"@id\":\"https:\/\/www.tecnosuissesa.com\/de\/produkt\/schleifmaschine-bds-9\/#primaryimage\",\"url\":\"https:\/\/www.tecnosuissesa.com\/wp-content\/uploads\/2017\/08\/levigatrice-SB-108.jpg\",\"contentUrl\":\"https:\/\/www.tecnosuissesa.com\/wp-content\/uploads\/2017\/08\/levigatrice-SB-108.jpg\",\"width\":800,\"height\":800},{\"@type\":\"BreadcrumbList\",\"@id\":\"https:\/\/www.tecnosuissesa.com\/de\/produkt\/schleifmaschine-bds-9\/#breadcrumb\",\"itemListElement\":[{\"@type\":\"ListItem\",\"position\":1,\"name\":\"Home\",\"item\":\"https:\/\/www.tecnosuissesa.com\/de\/\"},{\"@type\":\"ListItem\",\"position\":2,\"name\":\"Vendita di Macchine Utensili per Legno e per Metalli\",\"item\":\"https:\/\/www.tecnosuissesa.com\/it\/vendita-macchine-utensili\/\"},{\"@type\":\"ListItem\",\"position\":3,\"name\":\"Schleifmaschine BDS 9\"}]},{\"@type\":\"WebSite\",\"@id\":\"https:\/\/www.tecnosuissesa.com\/it\/#website\",\"url\":\"https:\/\/www.tecnosuissesa.com\/it\/\",\"name\":\"Tecnosuisse\",\"description\":\"Macchine Utensili per Legno e Metalli\",\"publisher\":{\"@id\":\"https:\/\/www.tecnosuissesa.com\/it\/#organization\"},\"potentialAction\":[{\"@type\":\"SearchAction\",\"target\":{\"@type\":\"EntryPoint\",\"urlTemplate\":\"https:\/\/www.tecnosuissesa.com\/it\/?s={search_term_string}\"},\"query-input\":{\"@type\":\"PropertyValueSpecification\",\"valueRequired\":true,\"valueName\":\"search_term_string\"}}],\"inLanguage\":\"de\"},{\"@type\":\"Organization\",\"@id\":\"https:\/\/www.tecnosuissesa.com\/it\/#organization\",\"name\":\"Tecnosuisse\",\"url\":\"https:\/\/www.tecnosuissesa.com\/it\/\",\"logo\":{\"@type\":\"ImageObject\",\"inLanguage\":\"de\",\"@id\":\"https:\/\/www.tecnosuissesa.com\/it\/#\/schema\/logo\/image\/\",\"url\":\"https:\/\/www.tecnosuissesa.com\/wp-content\/uploads\/2017\/08\/Logo_TecnoSuisse_627x627.png\",\"contentUrl\":\"https:\/\/www.tecnosuissesa.com\/wp-content\/uploads\/2017\/08\/Logo_TecnoSuisse_627x627.png\",\"width\":627,\"height\":627,\"caption\":\"Tecnosuisse\"},\"image\":{\"@id\":\"https:\/\/www.tecnosuissesa.com\/it\/#\/schema\/logo\/image\/\"},\"sameAs\":[\"https:\/\/www.facebook.com\/tecnosuisse\/\",\"https:\/\/www.youtube.com\/channel\/UCSoxFNkw8ZiE4jP9OY8AdFg\"]}]}<\/script>\n<!-- \/ Yoast SEO plugin. -->","yoast_head_json":{"title":"Schleifmaschine BDS 9 - Tecnosuisse","robots":{"index":"index","follow":"follow","max-snippet":"max-snippet:-1","max-image-preview":"max-image-preview:large","max-video-preview":"max-video-preview:-1"},"canonical":"https:\/\/www.tecnosuissesa.com\/de\/produkt\/schleifmaschine-bds-9\/","og_locale":"de_DE","og_type":"article","og_title":"Schleifmaschine BDS 9 - Tecnosuisse","og_description":"Eine kleine aber sehr leistungsf\u00e4higen Schleifmaschine f\u00fcr Holz, die mit Band und Schleifscheibe ausgestattet ist. Der Typ von Schleifpapier, das auf der Maschine benutzt werden kann, ist vielf\u00e4ltig: von dem Papier mit feiner K\u00f6rnung bis zum Schleifpapier mit grober K\u00f6rnung (nach dem Typ von Holz, das man schleifen m\u00f6chte). Dank der Bandspanner, kann der Papierwechsel sehr schnell erfolgen. Die Maschine wird komplett mit Unterbau, Anti-Vibrationsf\u00fc\u00dfen und Winkelmesserst\u00fctzte verkauft.","og_url":"https:\/\/www.tecnosuissesa.com\/de\/produkt\/schleifmaschine-bds-9\/","og_site_name":"Tecnosuisse","article_publisher":"https:\/\/www.facebook.com\/tecnosuisse\/","og_image":[{"width":800,"height":800,"url":"https:\/\/www.tecnosuissesa.com\/wp-content\/uploads\/2017\/08\/levigatrice-SB-108.jpg","type":"image\/jpeg"}],"twitter_card":"summary_large_image","twitter_misc":{"Gesch\u00e4tzte Lesezeit":"1\u00a0Minute"},"schema":{"@context":"https:\/\/schema.org","@graph":[{"@type":"WebPage","@id":"https:\/\/www.tecnosuissesa.com\/de\/produkt\/schleifmaschine-bds-9\/","url":"https:\/\/www.tecnosuissesa.com\/de\/produkt\/schleifmaschine-bds-9\/","name":"Schleifmaschine BDS 9 - Tecnosuisse","isPartOf":{"@id":"https:\/\/www.tecnosuissesa.com\/it\/#website"},"primaryImageOfPage":{"@id":"https:\/\/www.tecnosuissesa.com\/de\/produkt\/schleifmaschine-bds-9\/#primaryimage"},"image":{"@id":"https:\/\/www.tecnosuissesa.com\/de\/produkt\/schleifmaschine-bds-9\/#primaryimage"},"thumbnailUrl":"https:\/\/www.tecnosuissesa.com\/wp-content\/uploads\/2017\/08\/levigatrice-SB-108.jpg","datePublished":"2017-08-31T15:12:04+00:00","breadcrumb":{"@id":"https:\/\/www.tecnosuissesa.com\/de\/produkt\/schleifmaschine-bds-9\/#breadcrumb"},"inLanguage":"de","potentialAction":[{"@type":"ReadAction","target":["https:\/\/www.tecnosuissesa.com\/de\/produkt\/schleifmaschine-bds-9\/"]}]},{"@type":"ImageObject","inLanguage":"de","@id":"https:\/\/www.tecnosuissesa.com\/de\/produkt\/schleifmaschine-bds-9\/#primaryimage","url":"https:\/\/www.tecnosuissesa.com\/wp-content\/uploads\/2017\/08\/levigatrice-SB-108.jpg","contentUrl":"https:\/\/www.tecnosuissesa.com\/wp-content\/uploads\/2017\/08\/levigatrice-SB-108.jpg","width":800,"height":800},{"@type":"BreadcrumbList","@id":"https:\/\/www.tecnosuissesa.com\/de\/produkt\/schleifmaschine-bds-9\/#breadcrumb","itemListElement":[{"@type":"ListItem","position":1,"name":"Home","item":"https:\/\/www.tecnosuissesa.com\/de\/"},{"@type":"ListItem","position":2,"name":"Vendita di Macchine Utensili per Legno e per Metalli","item":"https:\/\/www.tecnosuissesa.com\/it\/vendita-macchine-utensili\/"},{"@type":"ListItem","position":3,"name":"Schleifmaschine BDS 9"}]},{"@type":"WebSite","@id":"https:\/\/www.tecnosuissesa.com\/it\/#website","url":"https:\/\/www.tecnosuissesa.com\/it\/","name":"Tecnosuisse","description":"Macchine Utensili per Legno e Metalli","publisher":{"@id":"https:\/\/www.tecnosuissesa.com\/it\/#organization"},"potentialAction":[{"@type":"SearchAction","target":{"@type":"EntryPoint","urlTemplate":"https:\/\/www.tecnosuissesa.com\/it\/?s={search_term_string}"},"query-input":{"@type":"PropertyValueSpecification","valueRequired":true,"valueName":"search_term_string"}}],"inLanguage":"de"},{"@type":"Organization","@id":"https:\/\/www.tecnosuissesa.com\/it\/#organization","name":"Tecnosuisse","url":"https:\/\/www.tecnosuissesa.com\/it\/","logo":{"@type":"ImageObject","inLanguage":"de","@id":"https:\/\/www.tecnosuissesa.com\/it\/#\/schema\/logo\/image\/","url":"https:\/\/www.tecnosuissesa.com\/wp-content\/uploads\/2017\/08\/Logo_TecnoSuisse_627x627.png","contentUrl":"https:\/\/www.tecnosuissesa.com\/wp-content\/uploads\/2017\/08\/Logo_TecnoSuisse_627x627.png","width":627,"height":627,"caption":"Tecnosuisse"},"image":{"@id":"https:\/\/www.tecnosuissesa.com\/it\/#\/schema\/logo\/image\/"},"sameAs":["https:\/\/www.facebook.com\/tecnosuisse\/","https:\/\/www.youtube.com\/channel\/UCSoxFNkw8ZiE4jP9OY8AdFg"]}]}},"_links":{"self":[{"href":"https:\/\/www.tecnosuissesa.com\/de\/wp-json\/wp\/v2\/product\/594","targetHints":{"allow":["GET"]}}],"collection":[{"href":"https:\/\/www.tecnosuissesa.com\/de\/wp-json\/wp\/v2\/product"}],"about":[{"href":"https:\/\/www.tecnosuissesa.com\/de\/wp-json\/wp\/v2\/types\/product"}],"replies":[{"embeddable":true,"href":"https:\/\/www.tecnosuissesa.com\/de\/wp-json\/wp\/v2\/comments?post=594"}],"wp:featuredmedia":[{"embeddable":true,"href":"https:\/\/www.tecnosuissesa.com\/de\/wp-json\/wp\/v2\/media\/537"}],"wp:attachment":[{"href":"https:\/\/www.tecnosuissesa.com\/de\/wp-json\/wp\/v2\/media?parent=594"}],"wp:term":[{"taxonomy":"product_brand","embeddable":true,"href":"https:\/\/www.tecnosuissesa.com\/de\/wp-json\/wp\/v2\/product_brand?post=594"},{"taxonomy":"product_cat","embeddable":true,"href":"https:\/\/www.tecnosuissesa.com\/de\/wp-json\/wp\/v2\/product_cat?post=594"},{"taxonomy":"product_tag","embeddable":true,"href":"https:\/\/www.tecnosuissesa.com\/de\/wp-json\/wp\/v2\/product_tag?post=594"}],"curies":[{"name":"wp","href":"https:\/\/api.w.org\/{rel}","templated":true}]}}