{"id":590,"date":"2017-09-04T13:01:24","date_gmt":"2017-09-04T11:01:24","guid":{"rendered":"https:\/\/www.tecnosuissesa.com\/prodotto\/separate-kombimaschine-mitica-1600-260\/"},"modified":"2017-09-04T14:49:10","modified_gmt":"2017-09-04T12:49:10","slug":"separate-kombimaschine-mitica-1600-260","status":"publish","type":"product","link":"https:\/\/www.tecnosuissesa.com\/de\/product\/separate-kombimaschine-mitica-1600-260\/","title":{"rendered":"Separate kombimaschine Mitica 1600-260"},"content":{"rendered":"<p>Das ist eine kombinierte Maschine besteht aus 2 getrennten Maschinen: die Maschine TSI super mit Wagen aus Aluminium von 1600 mm und die Maschine FSC mit Hobel 260 mm breit. Die Maschine TSI (Tischfr\u00e4se, S\u00e4ge, Holzschneider) hat 2 unabh\u00e4ngigen Motoren mit Leistung 3 HP. Die S\u00e4ge mit Durchmesser von 315 mm und der Holzschneider k\u00f6nnen geneigt werden. Die Welle der Tischfr\u00e4se hat einen Durchmesser von 30 mm.<br \/>\nDie Maschine FSC hat einen Motor von 3 HP und die Pl\u00e4ne sind aus Gusseisen und klappbar. Es gibt auch eine robuste und pr\u00e4zise Stemmmaschine. Die originale Version ist einphasig, aber optional mit einer kleinen Preis\u00e4nderung k\u00f6nnen Sie die dreiphasig-Version haben.<\/p>\n<div class=\"row\">\n<div class=\"col-md-12 technical-table\">\n<table class=\"table table-striped\" border=\"1\" width=\"100%\" cellspacing=\"0\" cellpadding=\"0\">\n<tbody>\n<tr>\n<td colspan=\"2\" valign=\"top\">\n<div align=\"center\"><strong>TECHNISCHE DATEN<\/strong><\/div>\n<\/td>\n<\/tr>\n<tr>\n<td colspan=\"2\"><strong>ABMESSUNGEN RAUMBEDARF MASCHINE<\/strong><\/td>\n<\/tr>\n<tr>\n<td>Raumbedarf mit Wagen<\/td>\n<td>2300 x 1950 x 850 mm<\/td>\n<\/tr>\n<tr>\n<td>Raumbedarf ohne Wagen<\/td>\n<td>1420 x 1950 x 850 mm<\/td>\n<\/tr>\n<tr>\n<td>Nettogewicht Maschine<\/td>\n<td>280 Kg<\/td>\n<\/tr>\n<tr>\n<td colspan=\"2\"><strong>KREIS S\u00c4GE<\/strong><\/td>\n<\/tr>\n<tr>\n<td>S\u00e4gedurchmesser<\/td>\n<td>315 mm<\/td>\n<\/tr>\n<tr>\n<td>Holzschneiderdurchmesser<\/td>\n<td>90 mm<\/td>\n<\/tr>\n<tr>\n<td>Typologie<\/td>\n<td>Verstellbare H\u00f6he und Neigung bis 45 \u00b0<\/td>\n<\/tr>\n<tr>\n<td>Klingegeschwindigkeit<\/td>\n<td>5200 Dreh.\/Min<\/td>\n<\/tr>\n<tr>\n<td>Max. Schnitth\u00f6he (Mit Schutz) 90\u00b0<\/td>\n<td>75 mm (vertikal)<\/td>\n<\/tr>\n<tr>\n<td>Max. Schnitth\u00f6he (Mit Schutz) 45\u00b0<\/td>\n<td>60 mm (vertikal)<\/td>\n<\/tr>\n<tr>\n<td>Max. Schnittwinkel (Mit Schutz) 90\u00b0<\/td>\n<td>100 mm (vertikal)<\/td>\n<\/tr>\n<tr>\n<td>Max. Schnittwinkel (Mit Schutz) 45\u00b0<\/td>\n<td>80 mm (vertikal)<\/td>\n<\/tr>\n<tr>\n<td colspan=\"2\"><strong>WAGEN<\/strong><\/td>\n<\/tr>\n<tr>\n<td>Abmessungen Plan aus Aluminium<\/td>\n<td>310 x 1610 mm<\/td>\n<\/tr>\n<tr>\n<td>Wagenabmessungen<\/td>\n<td>700 x 530 mm<\/td>\n<\/tr>\n<tr>\n<td>Wagenhub<\/td>\n<td>Mit Holzschneider 1600 mm, ohne Holzschneider 1700 mm<\/td>\n<\/tr>\n<tr>\n<td>Typologie<\/td>\n<td>Auf Aluminiumwagen den Draht der Klinge<\/td>\n<\/tr>\n<tr>\n<td colspan=\"2\"><strong>MOTOR S\u00c4GE<\/strong><\/td>\n<\/tr>\n<tr>\n<td>Leistung<\/td>\n<td>3 Hp ( 2200 W )<\/td>\n<\/tr>\n<tr>\n<td>Typologie Version Standard<\/td>\n<td>einphasig 220 V (optional dreiphasig)<\/td>\n<\/tr>\n<tr>\n<td colspan=\"2\"><strong>TISCHFR\u00c4SE<\/strong><\/td>\n<\/tr>\n<tr>\n<td>Typologie<\/td>\n<td>Vertikal<\/td>\n<\/tr>\n<tr>\n<td>Max. Wellenh\u00f6he<\/td>\n<td>115 mm<\/td>\n<\/tr>\n<tr>\n<td>Wellendurchmesser<\/td>\n<td>30 mm<\/td>\n<\/tr>\n<tr>\n<td>Max. Fr\u00e4sedurchmesser<\/td>\n<td>220 mm<\/td>\n<\/tr>\n<tr>\n<td>Geschwindigkeit<\/td>\n<td>1750 &#8211; 3500 &#8211; 6700 Dreh.\/min<\/td>\n<\/tr>\n<tr>\n<td>Max. Brunnentiefe<\/td>\n<td>74 mm<\/td>\n<\/tr>\n<tr>\n<td colspan=\"2\"><strong>MOTOR TISCHFR\u00c4SE<\/strong><\/td>\n<\/tr>\n<tr>\n<td>Leistung<\/td>\n<td>3 Hp ( 2200 W )<\/td>\n<\/tr>\n<tr>\n<td>Typologie Version Standard<\/td>\n<td>einphasig 220 V (optional dreiphasig)<\/td>\n<\/tr>\n<\/tbody>\n<\/table>\n<table class=\"table table-striped\" border=\"1\" width=\"100%\" cellspacing=\"0\" cellpadding=\"0\">\n<tbody>\n<tr>\n<td colspan=\"2\">\n<p align=\"center\"><strong>TECHNISCHE DATEN FSC 260<\/strong><\/p>\n<\/td>\n<\/tr>\n<tr>\n<td colspan=\"2\"><strong>ABMESSUNGEN RAUMBEDARF MASCHINE<\/strong><\/td>\n<\/tr>\n<tr>\n<td>Abmessungen mit Stemmmaschine<\/td>\n<td>1250 x 1100 mm<\/td>\n<\/tr>\n<tr>\n<td>Abmessungen ohne Wagen und Stemmmaschine<\/td>\n<td>1180 x 460 mm<\/td>\n<\/tr>\n<tr>\n<td>Nettogewicht<\/td>\n<td>160 Kg<\/td>\n<\/tr>\n<tr>\n<td colspan=\"2\"><strong>MOTOR<\/strong><\/td>\n<\/tr>\n<tr>\n<td>Leistung<\/td>\n<td>3 Hp ( 2200 W )<\/td>\n<\/tr>\n<tr>\n<td>Typologie<\/td>\n<td>einphasig (220 V)<\/td>\n<\/tr>\n<tr>\n<td colspan=\"2\"><strong>ABRICHT DICKENHOBEL<\/strong><\/td>\n<\/tr>\n<tr>\n<td>Hobelmesser<\/td>\n<td>N\u00b03<\/td>\n<\/tr>\n<tr>\n<td>L\u00e4nge Wellenhobel<\/td>\n<td>260 mm<\/td>\n<\/tr>\n<tr>\n<td>Welledurchmesser<\/td>\n<td>70 mm<\/td>\n<\/tr>\n<tr>\n<td>Planl\u00e4nge<\/td>\n<td>1150 x 260 mm<\/td>\n<\/tr>\n<tr>\n<td>Tischl\u00e4nge Dicke (ohne Verl\u00e4ngerung auf Anfrage)<\/td>\n<td>520 mm<\/td>\n<\/tr>\n<tr>\n<td>Plantypologie<\/td>\n<td>Aus Gusseisen, Klappbar<\/td>\n<\/tr>\n<tr>\n<td>Max. Hobelbreite<\/td>\n<td>260 mm<\/td>\n<\/tr>\n<tr>\n<td>Max. Hobelh\u00f6he<\/td>\n<td>240<\/td>\n<\/tr>\n<tr>\n<td>Geschwindigkeit<\/td>\n<td>7 Meter\/Min<\/td>\n<\/tr>\n<tr>\n<td>Max. Schnitttiefe mit Abricht<\/td>\n<td>4 mm<\/td>\n<\/tr>\n<tr>\n<td colspan=\"2\"><strong>STEMMMASCHINE<\/strong><\/td>\n<\/tr>\n<tr>\n<td>Hub<\/td>\n<td>100 mm<\/td>\n<\/tr>\n<tr>\n<td>Max. Hub links &#8211; rechts<\/td>\n<td>115 mm<\/td>\n<\/tr>\n<tr>\n<td>Max. H\u00f6he Hub<\/td>\n<td>80 mm<\/td>\n<\/tr>\n<tr>\n<td>Planabmessungen<\/td>\n<td>360 x 210 mm<\/td>\n<\/tr>\n<tr>\n<td>Umdrehung<\/td>\n<td>Gegen den Uhrzeigersinn<\/td>\n<\/tr>\n<\/tbody>\n<\/table>\n<\/div>\n<\/div>\n","protected":false},"excerpt":{"rendered":"<h2>Das ist eine kombinierte Maschine besteht aus 2 getrennten Maschinen: die Maschine TSI super mit Wagen aus Aluminium von 1600 mm und die Maschine FSC mit Hobel 260 mm breit<\/h2>\n","protected":false},"featured_media":576,"comment_status":"open","ping_status":"closed","template":"","meta":[],"product_brand":[],"product_cat":[51],"product_tag":[93],"class_list":{"0":"post-590","1":"product","2":"type-product","3":"status-publish","4":"has-post-thumbnail","6":"product_cat-kombimaschinen-fur-holzbearbeitung","7":"product_tag-separate-kombimaschine","8":"product_shipping_class-classe-10-de","10":"first","11":"instock","12":"shipping-taxable","13":"purchasable","14":"product-type-simple"},"yoast_head":"<!-- This site is optimized with the Yoast SEO plugin v27.1 - https:\/\/yoast.com\/product\/yoast-seo-wordpress\/ -->\n<title>Separate kombimaschine Mitica 1600-260 - Tecnosuisse<\/title>\n<meta name=\"robots\" content=\"index, follow, max-snippet:-1, max-image-preview:large, max-video-preview:-1\" \/>\n<link rel=\"canonical\" href=\"https:\/\/www.tecnosuissesa.com\/de\/produkt\/separate-kombimaschine-mitica-1600-260\/\" \/>\n<meta property=\"og:locale\" content=\"de_DE\" \/>\n<meta property=\"og:type\" content=\"article\" \/>\n<meta property=\"og:title\" content=\"Separate kombimaschine Mitica 1600-260 - Tecnosuisse\" \/>\n<meta property=\"og:description\" content=\"Das ist eine kombinierte Maschine besteht aus 2 getrennten Maschinen: die Maschine TSI super mit Wagen aus Aluminium von 1600 mm und die Maschine FSC mit Hobel 260 mm breit\" \/>\n<meta property=\"og:url\" content=\"https:\/\/www.tecnosuissesa.com\/de\/produkt\/separate-kombimaschine-mitica-1600-260\/\" \/>\n<meta property=\"og:site_name\" content=\"Tecnosuisse\" \/>\n<meta property=\"article:publisher\" content=\"https:\/\/www.facebook.com\/tecnosuisse\/\" \/>\n<meta property=\"article:modified_time\" content=\"2017-09-04T12:49:10+00:00\" \/>\n<meta property=\"og:image\" content=\"https:\/\/www.tecnosuissesa.com\/wp-content\/uploads\/2017\/09\/combinata-mitica-separata-1600-260.jpg\" \/>\n\t<meta property=\"og:image:width\" content=\"1024\" \/>\n\t<meta property=\"og:image:height\" content=\"768\" \/>\n\t<meta property=\"og:image:type\" content=\"image\/jpeg\" \/>\n<meta name=\"twitter:card\" content=\"summary_large_image\" \/>\n<meta name=\"twitter:label1\" content=\"Gesch\u00e4tzte Lesezeit\" \/>\n\t<meta name=\"twitter:data1\" content=\"2\u00a0Minuten\" \/>\n<script type=\"application\/ld+json\" class=\"yoast-schema-graph\">{\"@context\":\"https:\/\/schema.org\",\"@graph\":[{\"@type\":\"WebPage\",\"@id\":\"https:\/\/www.tecnosuissesa.com\/de\/produkt\/separate-kombimaschine-mitica-1600-260\/\",\"url\":\"https:\/\/www.tecnosuissesa.com\/de\/produkt\/separate-kombimaschine-mitica-1600-260\/\",\"name\":\"Separate kombimaschine Mitica 1600-260 - Tecnosuisse\",\"isPartOf\":{\"@id\":\"https:\/\/www.tecnosuissesa.com\/it\/#website\"},\"primaryImageOfPage\":{\"@id\":\"https:\/\/www.tecnosuissesa.com\/de\/produkt\/separate-kombimaschine-mitica-1600-260\/#primaryimage\"},\"image\":{\"@id\":\"https:\/\/www.tecnosuissesa.com\/de\/produkt\/separate-kombimaschine-mitica-1600-260\/#primaryimage\"},\"thumbnailUrl\":\"https:\/\/www.tecnosuissesa.com\/wp-content\/uploads\/2017\/09\/combinata-mitica-separata-1600-260.jpg\",\"datePublished\":\"2017-09-04T11:01:24+00:00\",\"dateModified\":\"2017-09-04T12:49:10+00:00\",\"breadcrumb\":{\"@id\":\"https:\/\/www.tecnosuissesa.com\/de\/produkt\/separate-kombimaschine-mitica-1600-260\/#breadcrumb\"},\"inLanguage\":\"de\",\"potentialAction\":[{\"@type\":\"ReadAction\",\"target\":[\"https:\/\/www.tecnosuissesa.com\/de\/produkt\/separate-kombimaschine-mitica-1600-260\/\"]}]},{\"@type\":\"ImageObject\",\"inLanguage\":\"de\",\"@id\":\"https:\/\/www.tecnosuissesa.com\/de\/produkt\/separate-kombimaschine-mitica-1600-260\/#primaryimage\",\"url\":\"https:\/\/www.tecnosuissesa.com\/wp-content\/uploads\/2017\/09\/combinata-mitica-separata-1600-260.jpg\",\"contentUrl\":\"https:\/\/www.tecnosuissesa.com\/wp-content\/uploads\/2017\/09\/combinata-mitica-separata-1600-260.jpg\",\"width\":1024,\"height\":768},{\"@type\":\"BreadcrumbList\",\"@id\":\"https:\/\/www.tecnosuissesa.com\/de\/produkt\/separate-kombimaschine-mitica-1600-260\/#breadcrumb\",\"itemListElement\":[{\"@type\":\"ListItem\",\"position\":1,\"name\":\"Home\",\"item\":\"https:\/\/www.tecnosuissesa.com\/de\/\"},{\"@type\":\"ListItem\",\"position\":2,\"name\":\"Vendita di Macchine Utensili per Legno e per Metalli\",\"item\":\"https:\/\/www.tecnosuissesa.com\/it\/vendita-macchine-utensili\/\"},{\"@type\":\"ListItem\",\"position\":3,\"name\":\"Separate kombimaschine Mitica 1600-260\"}]},{\"@type\":\"WebSite\",\"@id\":\"https:\/\/www.tecnosuissesa.com\/it\/#website\",\"url\":\"https:\/\/www.tecnosuissesa.com\/it\/\",\"name\":\"Tecnosuisse\",\"description\":\"Macchine Utensili per Legno e Metalli\",\"publisher\":{\"@id\":\"https:\/\/www.tecnosuissesa.com\/it\/#organization\"},\"potentialAction\":[{\"@type\":\"SearchAction\",\"target\":{\"@type\":\"EntryPoint\",\"urlTemplate\":\"https:\/\/www.tecnosuissesa.com\/it\/?s={search_term_string}\"},\"query-input\":{\"@type\":\"PropertyValueSpecification\",\"valueRequired\":true,\"valueName\":\"search_term_string\"}}],\"inLanguage\":\"de\"},{\"@type\":\"Organization\",\"@id\":\"https:\/\/www.tecnosuissesa.com\/it\/#organization\",\"name\":\"Tecnosuisse\",\"url\":\"https:\/\/www.tecnosuissesa.com\/it\/\",\"logo\":{\"@type\":\"ImageObject\",\"inLanguage\":\"de\",\"@id\":\"https:\/\/www.tecnosuissesa.com\/it\/#\/schema\/logo\/image\/\",\"url\":\"https:\/\/www.tecnosuissesa.com\/wp-content\/uploads\/2017\/08\/Logo_TecnoSuisse_627x627.png\",\"contentUrl\":\"https:\/\/www.tecnosuissesa.com\/wp-content\/uploads\/2017\/08\/Logo_TecnoSuisse_627x627.png\",\"width\":627,\"height\":627,\"caption\":\"Tecnosuisse\"},\"image\":{\"@id\":\"https:\/\/www.tecnosuissesa.com\/it\/#\/schema\/logo\/image\/\"},\"sameAs\":[\"https:\/\/www.facebook.com\/tecnosuisse\/\",\"https:\/\/www.youtube.com\/channel\/UCSoxFNkw8ZiE4jP9OY8AdFg\"]}]}<\/script>\n<!-- \/ Yoast SEO plugin. -->","yoast_head_json":{"title":"Separate kombimaschine Mitica 1600-260 - Tecnosuisse","robots":{"index":"index","follow":"follow","max-snippet":"max-snippet:-1","max-image-preview":"max-image-preview:large","max-video-preview":"max-video-preview:-1"},"canonical":"https:\/\/www.tecnosuissesa.com\/de\/produkt\/separate-kombimaschine-mitica-1600-260\/","og_locale":"de_DE","og_type":"article","og_title":"Separate kombimaschine Mitica 1600-260 - Tecnosuisse","og_description":"Das ist eine kombinierte Maschine besteht aus 2 getrennten Maschinen: die Maschine TSI super mit Wagen aus Aluminium von 1600 mm und die Maschine FSC mit Hobel 260 mm breit","og_url":"https:\/\/www.tecnosuissesa.com\/de\/produkt\/separate-kombimaschine-mitica-1600-260\/","og_site_name":"Tecnosuisse","article_publisher":"https:\/\/www.facebook.com\/tecnosuisse\/","article_modified_time":"2017-09-04T12:49:10+00:00","og_image":[{"width":1024,"height":768,"url":"https:\/\/www.tecnosuissesa.com\/wp-content\/uploads\/2017\/09\/combinata-mitica-separata-1600-260.jpg","type":"image\/jpeg"}],"twitter_card":"summary_large_image","twitter_misc":{"Gesch\u00e4tzte Lesezeit":"2\u00a0Minuten"},"schema":{"@context":"https:\/\/schema.org","@graph":[{"@type":"WebPage","@id":"https:\/\/www.tecnosuissesa.com\/de\/produkt\/separate-kombimaschine-mitica-1600-260\/","url":"https:\/\/www.tecnosuissesa.com\/de\/produkt\/separate-kombimaschine-mitica-1600-260\/","name":"Separate kombimaschine Mitica 1600-260 - Tecnosuisse","isPartOf":{"@id":"https:\/\/www.tecnosuissesa.com\/it\/#website"},"primaryImageOfPage":{"@id":"https:\/\/www.tecnosuissesa.com\/de\/produkt\/separate-kombimaschine-mitica-1600-260\/#primaryimage"},"image":{"@id":"https:\/\/www.tecnosuissesa.com\/de\/produkt\/separate-kombimaschine-mitica-1600-260\/#primaryimage"},"thumbnailUrl":"https:\/\/www.tecnosuissesa.com\/wp-content\/uploads\/2017\/09\/combinata-mitica-separata-1600-260.jpg","datePublished":"2017-09-04T11:01:24+00:00","dateModified":"2017-09-04T12:49:10+00:00","breadcrumb":{"@id":"https:\/\/www.tecnosuissesa.com\/de\/produkt\/separate-kombimaschine-mitica-1600-260\/#breadcrumb"},"inLanguage":"de","potentialAction":[{"@type":"ReadAction","target":["https:\/\/www.tecnosuissesa.com\/de\/produkt\/separate-kombimaschine-mitica-1600-260\/"]}]},{"@type":"ImageObject","inLanguage":"de","@id":"https:\/\/www.tecnosuissesa.com\/de\/produkt\/separate-kombimaschine-mitica-1600-260\/#primaryimage","url":"https:\/\/www.tecnosuissesa.com\/wp-content\/uploads\/2017\/09\/combinata-mitica-separata-1600-260.jpg","contentUrl":"https:\/\/www.tecnosuissesa.com\/wp-content\/uploads\/2017\/09\/combinata-mitica-separata-1600-260.jpg","width":1024,"height":768},{"@type":"BreadcrumbList","@id":"https:\/\/www.tecnosuissesa.com\/de\/produkt\/separate-kombimaschine-mitica-1600-260\/#breadcrumb","itemListElement":[{"@type":"ListItem","position":1,"name":"Home","item":"https:\/\/www.tecnosuissesa.com\/de\/"},{"@type":"ListItem","position":2,"name":"Vendita di Macchine Utensili per Legno e per Metalli","item":"https:\/\/www.tecnosuissesa.com\/it\/vendita-macchine-utensili\/"},{"@type":"ListItem","position":3,"name":"Separate kombimaschine Mitica 1600-260"}]},{"@type":"WebSite","@id":"https:\/\/www.tecnosuissesa.com\/it\/#website","url":"https:\/\/www.tecnosuissesa.com\/it\/","name":"Tecnosuisse","description":"Macchine Utensili per Legno e Metalli","publisher":{"@id":"https:\/\/www.tecnosuissesa.com\/it\/#organization"},"potentialAction":[{"@type":"SearchAction","target":{"@type":"EntryPoint","urlTemplate":"https:\/\/www.tecnosuissesa.com\/it\/?s={search_term_string}"},"query-input":{"@type":"PropertyValueSpecification","valueRequired":true,"valueName":"search_term_string"}}],"inLanguage":"de"},{"@type":"Organization","@id":"https:\/\/www.tecnosuissesa.com\/it\/#organization","name":"Tecnosuisse","url":"https:\/\/www.tecnosuissesa.com\/it\/","logo":{"@type":"ImageObject","inLanguage":"de","@id":"https:\/\/www.tecnosuissesa.com\/it\/#\/schema\/logo\/image\/","url":"https:\/\/www.tecnosuissesa.com\/wp-content\/uploads\/2017\/08\/Logo_TecnoSuisse_627x627.png","contentUrl":"https:\/\/www.tecnosuissesa.com\/wp-content\/uploads\/2017\/08\/Logo_TecnoSuisse_627x627.png","width":627,"height":627,"caption":"Tecnosuisse"},"image":{"@id":"https:\/\/www.tecnosuissesa.com\/it\/#\/schema\/logo\/image\/"},"sameAs":["https:\/\/www.facebook.com\/tecnosuisse\/","https:\/\/www.youtube.com\/channel\/UCSoxFNkw8ZiE4jP9OY8AdFg"]}]}},"_links":{"self":[{"href":"https:\/\/www.tecnosuissesa.com\/de\/wp-json\/wp\/v2\/product\/590","targetHints":{"allow":["GET"]}}],"collection":[{"href":"https:\/\/www.tecnosuissesa.com\/de\/wp-json\/wp\/v2\/product"}],"about":[{"href":"https:\/\/www.tecnosuissesa.com\/de\/wp-json\/wp\/v2\/types\/product"}],"replies":[{"embeddable":true,"href":"https:\/\/www.tecnosuissesa.com\/de\/wp-json\/wp\/v2\/comments?post=590"}],"wp:featuredmedia":[{"embeddable":true,"href":"https:\/\/www.tecnosuissesa.com\/de\/wp-json\/wp\/v2\/media\/576"}],"wp:attachment":[{"href":"https:\/\/www.tecnosuissesa.com\/de\/wp-json\/wp\/v2\/media?parent=590"}],"wp:term":[{"taxonomy":"product_brand","embeddable":true,"href":"https:\/\/www.tecnosuissesa.com\/de\/wp-json\/wp\/v2\/product_brand?post=590"},{"taxonomy":"product_cat","embeddable":true,"href":"https:\/\/www.tecnosuissesa.com\/de\/wp-json\/wp\/v2\/product_cat?post=590"},{"taxonomy":"product_tag","embeddable":true,"href":"https:\/\/www.tecnosuissesa.com\/de\/wp-json\/wp\/v2\/product_tag?post=590"}],"curies":[{"name":"wp","href":"https:\/\/api.w.org\/{rel}","templated":true}]}}