{"id":521,"date":"2017-08-30T17:43:17","date_gmt":"2017-08-30T15:43:17","guid":{"rendered":"https:\/\/www.tecnosuissesa.com\/prodotto\/kombimaschine-cosmos-elite\/"},"modified":"2017-08-30T17:43:17","modified_gmt":"2017-08-30T15:43:17","slug":"kombimaschine-cosmos-elite","status":"publish","type":"product","link":"https:\/\/www.tecnosuissesa.com\/de\/product\/kombimaschine-cosmos-elite\/","title":{"rendered":"Kombimaschine Cosmos Elite"},"content":{"rendered":"<p><span lang=\"de\" xml:lang=\"de\">Sie zeichnet sich durch den sehr zug\u00e4nglichen Preis aus und ist f\u00fcr diejenigen geeignet, die sich zum ersten Mal dem Holz-Hobby widmen, da es sich um eine einfach zu bedienende Maschine handelt. Auch wenn es sich um eine kleine Maschine handelt, f\u00fchrt sie 6 verschiedene Verarbeitungsfunktionen aus. Die Arbeitstische sind aus Aluminium und die Maschine ist kompakt und komplett nach CE-Norm gebaut. Sie ist ausgestattet mit einer Abrichthobelmaschine und einer Dickenhobelmaschine mit Breite von 154 mm, mit einer Kreiss\u00e4ge mit Durchmesser 200 mm, mit einer senkrechten Fr\u00e4se und mit einer Langlochbohrmaschine, die in der Lage ist, eine Fr\u00e4se mit einem maximalen Durchmesser von 13 mm zu montieren.Die Maschine ist leicht und vor Allem manuell transportierbar, da ihr Gewicht weniger als 47 kg betr\u00e4gt.<\/span><\/p>\n<p><span lang=\"de\" xml:lang=\"de\">Im Unterschied zur Standardversion ist diese Version (Elite) mit einer Fr\u00e4se (Fr\u00e4se) ausgestattet, die einen Messerkopfhalter von 50 mm Durchmesser montieren kann, um perfekte Fr\u00e4sarbeiten ausf\u00fchren zu k\u00f6nnen.<\/span><\/p>\n<table>\n<tbody>\n<tr>\n<td colspan=\"2\"><strong>TECHNISCHE DATEN<\/strong><\/td>\n<\/tr>\n<tr>\n<td colspan=\"2\"><strong>PLATZBEDARF<\/strong><\/td>\n<\/tr>\n<tr>\n<td>Max. Platzbedarf mit F\u00fchrungen und Schutzvorrichtungen<\/td>\n<td>620 mm (L\u00e4nge) x 850 mm (Breite) x 800 mm (H\u00f6he)<\/td>\n<\/tr>\n<tr>\n<td>Gewicht<\/td>\n<td>46,5 kg<\/td>\n<\/tr>\n<tr>\n<td colspan=\"2\"><strong>KREISS\u00c4GE<\/strong><\/td>\n<\/tr>\n<tr>\n<td>Durchmesser der S\u00e4ge<\/td>\n<td>200 mm<\/td>\n<\/tr>\n<tr>\n<td>Maximaler Schnitt in der H\u00f6he<\/td>\n<td>65 mm<\/td>\n<\/tr>\n<tr>\n<td>Drehgeschwindigkeit des S\u00e4geblattes<\/td>\n<td>4200 Umdrehungen\/Minute<\/td>\n<\/tr>\n<tr>\n<td>Abmessungen Arbeitstisch<\/td>\n<td>620 x 300 mm<\/td>\n<\/tr>\n<tr>\n<td colspan=\"2\"><strong>WAGEN F\u00dcR FORMSCHNITT<\/strong><\/td>\n<\/tr>\n<tr>\n<td>Max. Wagenhub<\/td>\n<td>500 mm<\/td>\n<\/tr>\n<tr>\n<td>Wagenabmessungen<\/td>\n<td>120 x 740 mm<\/td>\n<\/tr>\n<tr>\n<td><strong>FR\u00c4SE<\/strong><\/td>\n<td><\/td>\n<\/tr>\n<tr>\n<td>Wellendurchmesser<\/td>\n<td>20 mm<\/td>\n<\/tr>\n<tr>\n<td>Fr\u00e4swellehub<\/td>\n<td>45 mm<\/td>\n<\/tr>\n<tr>\n<td>Drehgeschwindigkeit<\/td>\n<td>9000 Umdrehungen\/Minute<\/td>\n<\/tr>\n<tr>\n<td>Durchmesser Messerkopf<\/td>\n<td>50 mm<\/td>\n<\/tr>\n<tr>\n<td>Neigbare Arbeitstische<\/td>\n<td>NEIN<\/td>\n<\/tr>\n<tr>\n<td colspan=\"2\"><strong>ABRICHTHOBEL<\/strong><\/td>\n<\/tr>\n<tr>\n<td>Max. Abrichthobelbreite<\/td>\n<td>154 mm<\/td>\n<\/tr>\n<tr>\n<td>Max. Hobelh\u00f6he<\/td>\n<td>100 mm<\/td>\n<\/tr>\n<tr>\n<td>Zuggeschwindigkeit<\/td>\n<td>7 Meter\/Min.<\/td>\n<\/tr>\n<tr>\n<td>Maximale Abtragung<\/td>\n<td>2,5 mm<\/td>\n<\/tr>\n<tr>\n<td colspan=\"2\"><strong>DICKENHOBEL<\/strong><\/td>\n<\/tr>\n<tr>\n<td>Max. Abrichthobelbreite<\/td>\n<td>154 mm<\/td>\n<\/tr>\n<tr>\n<td>Max. Hobelh\u00f6he<\/td>\n<td>94 mm<\/td>\n<\/tr>\n<tr>\n<td>L\u00e4nge des Arbeitstischs<\/td>\n<td>540 mm<\/td>\n<\/tr>\n<tr>\n<td>Hobelwellenmesser<\/td>\n<td>Nr. 2<\/td>\n<\/tr>\n<tr>\n<td>Maximale Abtragung<\/td>\n<td>2 mm<\/td>\n<\/tr>\n<tr>\n<td>Schnittgeschwindigkeit<\/td>\n<td>6000 UpM<\/td>\n<\/tr>\n<tr>\n<td colspan=\"2\"><strong>LANGLOCHBOHRMASCHINE<\/strong><\/td>\n<\/tr>\n<tr>\n<td>Max. \u00a0Fr\u00e4sendurchmesser<\/td>\n<td>13 mm<\/td>\n<\/tr>\n<tr>\n<td>Max. Exkursion der Langlochbohrmaschine in der H\u00f6he<\/td>\n<td>60 mm<\/td>\n<\/tr>\n<tr>\n<td>Querhub von links nach rechts<\/td>\n<td>100<\/td>\n<\/tr>\n<tr>\n<td>Abmessungen Arbeitstisch<\/td>\n<td>260 x 125 mm<\/td>\n<\/tr>\n<tr>\n<td colspan=\"2\"><strong>MOTOR<\/strong><\/td>\n<\/tr>\n<tr>\n<td>Leistung<\/td>\n<td>1000 W<\/td>\n<\/tr>\n<tr>\n<td>Typ<\/td>\n<td>220 V (einphasig)<\/td>\n<\/tr>\n<\/tbody>\n<\/table>\n","protected":false},"excerpt":{"rendered":"<p>Kleine Holzbearbeitungsmaschine mit 6 Funktionen. Kreiss\u00e4ge mit \u00d8 200 mm, Formattisch mit Hub von 500 mm, Hobel 154 mm und Fr\u00e4se, bei der ein Messertr\u00e4gerkopf von 50 mm installiert werden kann<\/p>\n","protected":false},"featured_media":519,"comment_status":"open","ping_status":"closed","template":"","meta":[],"product_brand":[],"product_cat":[51],"product_tag":[],"class_list":{"0":"post-521","1":"product","2":"type-product","3":"status-publish","4":"has-post-thumbnail","6":"product_cat-kombimaschinen-fur-holzbearbeitung","7":"product_shipping_class-classe-5-de","9":"first","10":"instock","11":"shipping-taxable","12":"purchasable","13":"product-type-simple"},"yoast_head":"<!-- This site is optimized with the Yoast SEO plugin v27.1 - https:\/\/yoast.com\/product\/yoast-seo-wordpress\/ -->\n<title>Kombimaschine Cosmos Elite - Tecnosuisse<\/title>\n<meta name=\"robots\" content=\"index, follow, max-snippet:-1, max-image-preview:large, max-video-preview:-1\" \/>\n<link rel=\"canonical\" href=\"https:\/\/www.tecnosuissesa.com\/de\/produkt\/kombimaschine-cosmos-elite\/\" \/>\n<meta property=\"og:locale\" content=\"de_DE\" \/>\n<meta property=\"og:type\" content=\"article\" \/>\n<meta property=\"og:title\" content=\"Kombimaschine Cosmos Elite - Tecnosuisse\" \/>\n<meta property=\"og:description\" content=\"Kleine Holzbearbeitungsmaschine mit 6 Funktionen. Kreiss\u00e4ge mit \u00d8 200 mm, Formattisch mit Hub von 500 mm, Hobel 154 mm und Fr\u00e4se, bei der ein Messertr\u00e4gerkopf von 50 mm installiert werden kann\" \/>\n<meta property=\"og:url\" content=\"https:\/\/www.tecnosuissesa.com\/de\/produkt\/kombimaschine-cosmos-elite\/\" \/>\n<meta property=\"og:site_name\" content=\"Tecnosuisse\" \/>\n<meta property=\"article:publisher\" content=\"https:\/\/www.facebook.com\/tecnosuisse\/\" \/>\n<meta property=\"og:image\" content=\"https:\/\/www.tecnosuissesa.com\/wp-content\/uploads\/2017\/08\/Combinata-Cosmos-Elite.jpg\" \/>\n\t<meta property=\"og:image:width\" content=\"1024\" \/>\n\t<meta property=\"og:image:height\" content=\"768\" \/>\n\t<meta property=\"og:image:type\" content=\"image\/jpeg\" \/>\n<meta name=\"twitter:card\" content=\"summary_large_image\" \/>\n<meta name=\"twitter:label1\" content=\"Gesch\u00e4tzte Lesezeit\" \/>\n\t<meta name=\"twitter:data1\" content=\"1\u00a0Minute\" \/>\n<script type=\"application\/ld+json\" class=\"yoast-schema-graph\">{\"@context\":\"https:\/\/schema.org\",\"@graph\":[{\"@type\":\"WebPage\",\"@id\":\"https:\/\/www.tecnosuissesa.com\/de\/produkt\/kombimaschine-cosmos-elite\/\",\"url\":\"https:\/\/www.tecnosuissesa.com\/de\/produkt\/kombimaschine-cosmos-elite\/\",\"name\":\"Kombimaschine Cosmos Elite - Tecnosuisse\",\"isPartOf\":{\"@id\":\"https:\/\/www.tecnosuissesa.com\/it\/#website\"},\"primaryImageOfPage\":{\"@id\":\"https:\/\/www.tecnosuissesa.com\/de\/produkt\/kombimaschine-cosmos-elite\/#primaryimage\"},\"image\":{\"@id\":\"https:\/\/www.tecnosuissesa.com\/de\/produkt\/kombimaschine-cosmos-elite\/#primaryimage\"},\"thumbnailUrl\":\"https:\/\/www.tecnosuissesa.com\/wp-content\/uploads\/2017\/08\/Combinata-Cosmos-Elite.jpg\",\"datePublished\":\"2017-08-30T15:43:17+00:00\",\"breadcrumb\":{\"@id\":\"https:\/\/www.tecnosuissesa.com\/de\/produkt\/kombimaschine-cosmos-elite\/#breadcrumb\"},\"inLanguage\":\"de\",\"potentialAction\":[{\"@type\":\"ReadAction\",\"target\":[\"https:\/\/www.tecnosuissesa.com\/de\/produkt\/kombimaschine-cosmos-elite\/\"]}]},{\"@type\":\"ImageObject\",\"inLanguage\":\"de\",\"@id\":\"https:\/\/www.tecnosuissesa.com\/de\/produkt\/kombimaschine-cosmos-elite\/#primaryimage\",\"url\":\"https:\/\/www.tecnosuissesa.com\/wp-content\/uploads\/2017\/08\/Combinata-Cosmos-Elite.jpg\",\"contentUrl\":\"https:\/\/www.tecnosuissesa.com\/wp-content\/uploads\/2017\/08\/Combinata-Cosmos-Elite.jpg\",\"width\":1024,\"height\":768},{\"@type\":\"BreadcrumbList\",\"@id\":\"https:\/\/www.tecnosuissesa.com\/de\/produkt\/kombimaschine-cosmos-elite\/#breadcrumb\",\"itemListElement\":[{\"@type\":\"ListItem\",\"position\":1,\"name\":\"Home\",\"item\":\"https:\/\/www.tecnosuissesa.com\/de\/\"},{\"@type\":\"ListItem\",\"position\":2,\"name\":\"Vendita di Macchine Utensili per Legno e per Metalli\",\"item\":\"https:\/\/www.tecnosuissesa.com\/it\/vendita-macchine-utensili\/\"},{\"@type\":\"ListItem\",\"position\":3,\"name\":\"Kombimaschine Cosmos Elite\"}]},{\"@type\":\"WebSite\",\"@id\":\"https:\/\/www.tecnosuissesa.com\/it\/#website\",\"url\":\"https:\/\/www.tecnosuissesa.com\/it\/\",\"name\":\"Tecnosuisse\",\"description\":\"Macchine Utensili per Legno e Metalli\",\"publisher\":{\"@id\":\"https:\/\/www.tecnosuissesa.com\/it\/#organization\"},\"potentialAction\":[{\"@type\":\"SearchAction\",\"target\":{\"@type\":\"EntryPoint\",\"urlTemplate\":\"https:\/\/www.tecnosuissesa.com\/it\/?s={search_term_string}\"},\"query-input\":{\"@type\":\"PropertyValueSpecification\",\"valueRequired\":true,\"valueName\":\"search_term_string\"}}],\"inLanguage\":\"de\"},{\"@type\":\"Organization\",\"@id\":\"https:\/\/www.tecnosuissesa.com\/it\/#organization\",\"name\":\"Tecnosuisse\",\"url\":\"https:\/\/www.tecnosuissesa.com\/it\/\",\"logo\":{\"@type\":\"ImageObject\",\"inLanguage\":\"de\",\"@id\":\"https:\/\/www.tecnosuissesa.com\/it\/#\/schema\/logo\/image\/\",\"url\":\"https:\/\/www.tecnosuissesa.com\/wp-content\/uploads\/2017\/08\/Logo_TecnoSuisse_627x627.png\",\"contentUrl\":\"https:\/\/www.tecnosuissesa.com\/wp-content\/uploads\/2017\/08\/Logo_TecnoSuisse_627x627.png\",\"width\":627,\"height\":627,\"caption\":\"Tecnosuisse\"},\"image\":{\"@id\":\"https:\/\/www.tecnosuissesa.com\/it\/#\/schema\/logo\/image\/\"},\"sameAs\":[\"https:\/\/www.facebook.com\/tecnosuisse\/\",\"https:\/\/www.youtube.com\/channel\/UCSoxFNkw8ZiE4jP9OY8AdFg\"]}]}<\/script>\n<!-- \/ Yoast SEO plugin. -->","yoast_head_json":{"title":"Kombimaschine Cosmos Elite - Tecnosuisse","robots":{"index":"index","follow":"follow","max-snippet":"max-snippet:-1","max-image-preview":"max-image-preview:large","max-video-preview":"max-video-preview:-1"},"canonical":"https:\/\/www.tecnosuissesa.com\/de\/produkt\/kombimaschine-cosmos-elite\/","og_locale":"de_DE","og_type":"article","og_title":"Kombimaschine Cosmos Elite - Tecnosuisse","og_description":"Kleine Holzbearbeitungsmaschine mit 6 Funktionen. Kreiss\u00e4ge mit \u00d8 200 mm, Formattisch mit Hub von 500 mm, Hobel 154 mm und Fr\u00e4se, bei der ein Messertr\u00e4gerkopf von 50 mm installiert werden kann","og_url":"https:\/\/www.tecnosuissesa.com\/de\/produkt\/kombimaschine-cosmos-elite\/","og_site_name":"Tecnosuisse","article_publisher":"https:\/\/www.facebook.com\/tecnosuisse\/","og_image":[{"width":1024,"height":768,"url":"https:\/\/www.tecnosuissesa.com\/wp-content\/uploads\/2017\/08\/Combinata-Cosmos-Elite.jpg","type":"image\/jpeg"}],"twitter_card":"summary_large_image","twitter_misc":{"Gesch\u00e4tzte Lesezeit":"1\u00a0Minute"},"schema":{"@context":"https:\/\/schema.org","@graph":[{"@type":"WebPage","@id":"https:\/\/www.tecnosuissesa.com\/de\/produkt\/kombimaschine-cosmos-elite\/","url":"https:\/\/www.tecnosuissesa.com\/de\/produkt\/kombimaschine-cosmos-elite\/","name":"Kombimaschine Cosmos Elite - Tecnosuisse","isPartOf":{"@id":"https:\/\/www.tecnosuissesa.com\/it\/#website"},"primaryImageOfPage":{"@id":"https:\/\/www.tecnosuissesa.com\/de\/produkt\/kombimaschine-cosmos-elite\/#primaryimage"},"image":{"@id":"https:\/\/www.tecnosuissesa.com\/de\/produkt\/kombimaschine-cosmos-elite\/#primaryimage"},"thumbnailUrl":"https:\/\/www.tecnosuissesa.com\/wp-content\/uploads\/2017\/08\/Combinata-Cosmos-Elite.jpg","datePublished":"2017-08-30T15:43:17+00:00","breadcrumb":{"@id":"https:\/\/www.tecnosuissesa.com\/de\/produkt\/kombimaschine-cosmos-elite\/#breadcrumb"},"inLanguage":"de","potentialAction":[{"@type":"ReadAction","target":["https:\/\/www.tecnosuissesa.com\/de\/produkt\/kombimaschine-cosmos-elite\/"]}]},{"@type":"ImageObject","inLanguage":"de","@id":"https:\/\/www.tecnosuissesa.com\/de\/produkt\/kombimaschine-cosmos-elite\/#primaryimage","url":"https:\/\/www.tecnosuissesa.com\/wp-content\/uploads\/2017\/08\/Combinata-Cosmos-Elite.jpg","contentUrl":"https:\/\/www.tecnosuissesa.com\/wp-content\/uploads\/2017\/08\/Combinata-Cosmos-Elite.jpg","width":1024,"height":768},{"@type":"BreadcrumbList","@id":"https:\/\/www.tecnosuissesa.com\/de\/produkt\/kombimaschine-cosmos-elite\/#breadcrumb","itemListElement":[{"@type":"ListItem","position":1,"name":"Home","item":"https:\/\/www.tecnosuissesa.com\/de\/"},{"@type":"ListItem","position":2,"name":"Vendita di Macchine Utensili per Legno e per Metalli","item":"https:\/\/www.tecnosuissesa.com\/it\/vendita-macchine-utensili\/"},{"@type":"ListItem","position":3,"name":"Kombimaschine Cosmos Elite"}]},{"@type":"WebSite","@id":"https:\/\/www.tecnosuissesa.com\/it\/#website","url":"https:\/\/www.tecnosuissesa.com\/it\/","name":"Tecnosuisse","description":"Macchine Utensili per Legno e Metalli","publisher":{"@id":"https:\/\/www.tecnosuissesa.com\/it\/#organization"},"potentialAction":[{"@type":"SearchAction","target":{"@type":"EntryPoint","urlTemplate":"https:\/\/www.tecnosuissesa.com\/it\/?s={search_term_string}"},"query-input":{"@type":"PropertyValueSpecification","valueRequired":true,"valueName":"search_term_string"}}],"inLanguage":"de"},{"@type":"Organization","@id":"https:\/\/www.tecnosuissesa.com\/it\/#organization","name":"Tecnosuisse","url":"https:\/\/www.tecnosuissesa.com\/it\/","logo":{"@type":"ImageObject","inLanguage":"de","@id":"https:\/\/www.tecnosuissesa.com\/it\/#\/schema\/logo\/image\/","url":"https:\/\/www.tecnosuissesa.com\/wp-content\/uploads\/2017\/08\/Logo_TecnoSuisse_627x627.png","contentUrl":"https:\/\/www.tecnosuissesa.com\/wp-content\/uploads\/2017\/08\/Logo_TecnoSuisse_627x627.png","width":627,"height":627,"caption":"Tecnosuisse"},"image":{"@id":"https:\/\/www.tecnosuissesa.com\/it\/#\/schema\/logo\/image\/"},"sameAs":["https:\/\/www.facebook.com\/tecnosuisse\/","https:\/\/www.youtube.com\/channel\/UCSoxFNkw8ZiE4jP9OY8AdFg"]}]}},"_links":{"self":[{"href":"https:\/\/www.tecnosuissesa.com\/de\/wp-json\/wp\/v2\/product\/521","targetHints":{"allow":["GET"]}}],"collection":[{"href":"https:\/\/www.tecnosuissesa.com\/de\/wp-json\/wp\/v2\/product"}],"about":[{"href":"https:\/\/www.tecnosuissesa.com\/de\/wp-json\/wp\/v2\/types\/product"}],"replies":[{"embeddable":true,"href":"https:\/\/www.tecnosuissesa.com\/de\/wp-json\/wp\/v2\/comments?post=521"}],"wp:featuredmedia":[{"embeddable":true,"href":"https:\/\/www.tecnosuissesa.com\/de\/wp-json\/wp\/v2\/media\/519"}],"wp:attachment":[{"href":"https:\/\/www.tecnosuissesa.com\/de\/wp-json\/wp\/v2\/media?parent=521"}],"wp:term":[{"taxonomy":"product_brand","embeddable":true,"href":"https:\/\/www.tecnosuissesa.com\/de\/wp-json\/wp\/v2\/product_brand?post=521"},{"taxonomy":"product_cat","embeddable":true,"href":"https:\/\/www.tecnosuissesa.com\/de\/wp-json\/wp\/v2\/product_cat?post=521"},{"taxonomy":"product_tag","embeddable":true,"href":"https:\/\/www.tecnosuissesa.com\/de\/wp-json\/wp\/v2\/product_tag?post=521"}],"curies":[{"name":"wp","href":"https:\/\/api.w.org\/{rel}","templated":true}]}}