{"id":456,"date":"2017-08-28T11:10:05","date_gmt":"2017-08-28T09:10:05","guid":{"rendered":"https:\/\/www.tecnosuissesa.com\/prodotto\/456\/"},"modified":"2017-08-28T16:02:32","modified_gmt":"2017-08-28T14:02:32","slug":"kombimaschine-disco-5","status":"publish","type":"product","link":"https:\/\/www.tecnosuissesa.com\/de\/product\/kombimaschine-disco-5\/","title":{"rendered":"kombimaschine Disco 5"},"content":{"rendered":"<p>Klappbare Arbeitstische aus Gusseisen, breiter Formattisch mit Fahnenauflage, in der H\u00f6he einstellbare Kreiss\u00e4ge, Funktionsw\u00e4hler um die Verwendung der S\u00e4ge von der Funktion des Hobels zu trennen, und maximale. Dickenabtrennung von sogar 120 mm. Alle diese Merkmale, zusammen mit anderen Funktionen, machen aus diesem kleinen Kombi eine gro\u00dfe Maschine. Mit einer Abricht- und Dickenhobelmaschine von sogar 260 mm, ist diese Kombimaschine ideal f\u00fcr diejenigen, die sich dem Holzbearbeitungshobby mit einem Produkt von h\u00f6her Qualit\u00e4t n\u00e4hern. Diese Kombimaschine wurde nach den CE-Richtlinien gebaut, hat robuste Arbeitstische aus Gusseisen, eine Abricht- und Dickenhobelmaschine, einen Formattisch und eine Fr\u00e4se, der auf der Langlochbohrmaschinenspindel montierbar ist. Die Tischfr\u00e4se ist horizontal positioniert! Die Maschine ist in 3 Bl\u00f6cken demontierbar, um einfach auch per Hand verschoben zu werden. Auch diese Kombimaschine ist Teil einer neuen und gro\u00dfen Promotion. Bitten Sie uns um die notwendigen Informationen und Kosten, indem sie das Formular, ohne Verpflichtungen, ausf\u00fcllen.<\/p>\n<table>\n<tbody>\n<tr>\n<td colspan=\"2\"><strong>TECHNISCHE DATEN<\/strong><\/td>\n<\/tr>\n<tr>\n<td colspan=\"2\"><strong>PLATZBEDARF<\/strong><\/td>\n<\/tr>\n<tr>\n<td>Abmessungen mit Bes\u00e4um-Schiebetisch und Langlochbohrmaschine<\/td>\n<td>1600 x 1200 mm<\/td>\n<\/tr>\n<tr>\n<td>Ohne Wagen und Langlochbohrmaschine<\/td>\n<td>1000 x 600 mm<\/td>\n<\/tr>\n<tr>\n<td>Nettogewicht der Maschine<\/td>\n<td>220 kg<\/td>\n<\/tr>\n<tr>\n<td colspan=\"2\"><strong>KREISS\u00c4GE<\/strong><\/td>\n<\/tr>\n<tr>\n<td>Durchmesser der S\u00e4ge<\/td>\n<td>250 mm<\/td>\n<\/tr>\n<tr>\n<td>Typ<\/td>\n<td>Verstellbare H\u00f6he<\/td>\n<\/tr>\n<tr>\n<td>Geschwindigkeit des S\u00e4geblattes<\/td>\n<td>3500 Umdrehungen\/Minute<\/td>\n<\/tr>\n<tr>\n<td>Maximaler Schnitt in der H\u00f6he<\/td>\n<td>80 mm<\/td>\n<\/tr>\n<tr>\n<td colspan=\"2\"><strong>WAGEN F\u00dcR FORMSCHNITT<\/strong><\/td>\n<\/tr>\n<tr>\n<td>Wagenabmessungen<\/td>\n<td>350 x 500 mm<\/td>\n<\/tr>\n<tr>\n<td>Typ<\/td>\n<td>Fahnenartig mit Teleskopauflage<\/td>\n<\/tr>\n<tr>\n<td>L\u00e4nge des Balkens<\/td>\n<td>1200 mm<\/td>\n<\/tr>\n<tr>\n<td>Bes\u00e4umkapazit\u00e4t<\/td>\n<td>700 mm<\/td>\n<\/tr>\n<tr>\n<td colspan=\"2\"><strong>MOTOR<\/strong><\/td>\n<\/tr>\n<tr>\n<td>Leistung<\/td>\n<td>2 Hp<\/td>\n<\/tr>\n<tr>\n<td>Typ<\/td>\n<td>Einphasig (220 V)<\/td>\n<\/tr>\n<tr>\n<td><strong>FR\u00c4SE<\/strong><\/td>\n<td><\/td>\n<\/tr>\n<tr>\n<td>Durchmesser Messerkopf<\/td>\n<td>80 mm<\/td>\n<\/tr>\n<tr>\n<td>Max. montierbarer Fr\u00e4sendurchmesser<\/td>\n<td>105 mm<\/td>\n<\/tr>\n<tr>\n<td colspan=\"2\"><strong>LANGLOCHBOHRMASCHINE\/ STEMMMASCHINE<\/strong><\/td>\n<\/tr>\n<tr>\n<td>Nutzbarer Hub<\/td>\n<td>100 mm<\/td>\n<\/tr>\n<tr>\n<td>Nutzaber Durchmesser<\/td>\n<td>12 mm<\/td>\n<\/tr>\n<tr>\n<td colspan=\"2\"><strong>ABRICHT-\/DICKENHOBELMASCHINE<\/strong><\/td>\n<\/tr>\n<tr>\n<td>Hobelwellenmesser<\/td>\n<td>Nr. 3<\/td>\n<\/tr>\n<tr>\n<td>L\u00e4nge der Hobelwelle<\/td>\n<td>260 mm<\/td>\n<\/tr>\n<tr>\n<td>Zuggeschwindigkeit<\/td>\n<td>6,5 Meter pro Minute<\/td>\n<\/tr>\n<tr>\n<td>Maximale Hobelbreite<\/td>\n<td>260 mm<\/td>\n<\/tr>\n<tr>\n<td>Maximale Hobelh\u00f6he<\/td>\n<td>120 mm<\/td>\n<\/tr>\n<tr>\n<td>Typ Arbeitstisch<\/td>\n<td>Aus Gusseisen, klappbar<\/td>\n<\/tr>\n<\/tbody>\n<\/table>\n","protected":false},"excerpt":{"rendered":"<h3><strong><span lang=\"de\" xml:lang=\"de\">Kombi-Holzbearbeitungsmaschine mit 5 Funktionen, mit Kreiss\u00e4ge mit \u00d8 250 mm, Hobel 260 mm mit kippbaren Fl\u00e4chen<\/span><\/strong><\/h3>\n","protected":false},"featured_media":1738,"comment_status":"open","ping_status":"closed","template":"","meta":[],"product_brand":[],"product_cat":[51],"product_tag":[],"class_list":{"0":"post-456","1":"product","2":"type-product","3":"status-publish","4":"has-post-thumbnail","6":"product_cat-kombimaschinen-fur-holzbearbeitung","7":"product_shipping_class-classe-10-de","9":"first","10":"instock","11":"shipping-taxable","12":"purchasable","13":"product-type-simple"},"yoast_head":"<!-- This site is optimized with the Yoast SEO plugin v27.1 - https:\/\/yoast.com\/product\/yoast-seo-wordpress\/ -->\n<title>kombimaschine Disco 5 - Tecnosuisse<\/title>\n<meta name=\"robots\" content=\"index, follow, max-snippet:-1, max-image-preview:large, max-video-preview:-1\" \/>\n<link rel=\"canonical\" href=\"https:\/\/www.tecnosuissesa.com\/de\/produkt\/kombimaschine-disco-5\/\" \/>\n<meta property=\"og:locale\" content=\"de_DE\" \/>\n<meta property=\"og:type\" content=\"article\" \/>\n<meta property=\"og:title\" content=\"kombimaschine Disco 5 - Tecnosuisse\" \/>\n<meta property=\"og:description\" content=\"Kombi-Holzbearbeitungsmaschine mit 5 Funktionen, mit Kreiss\u00e4ge mit \u00d8 250 mm, Hobel 260 mm mit kippbaren Fl\u00e4chen\" \/>\n<meta property=\"og:url\" content=\"https:\/\/www.tecnosuissesa.com\/de\/produkt\/kombimaschine-disco-5\/\" \/>\n<meta property=\"og:site_name\" content=\"Tecnosuisse\" \/>\n<meta property=\"article:publisher\" content=\"https:\/\/www.facebook.com\/tecnosuisse\/\" \/>\n<meta property=\"article:modified_time\" content=\"2017-08-28T14:02:32+00:00\" \/>\n<meta property=\"og:image\" content=\"https:\/\/www.tecnosuissesa.com\/wp-content\/uploads\/2017\/08\/COMBINATA-DISCO-5-2.jpg\" \/>\n\t<meta property=\"og:image:width\" content=\"1024\" \/>\n\t<meta property=\"og:image:height\" content=\"768\" \/>\n\t<meta property=\"og:image:type\" content=\"image\/jpeg\" \/>\n<meta name=\"twitter:card\" content=\"summary_large_image\" \/>\n<meta name=\"twitter:label1\" content=\"Gesch\u00e4tzte Lesezeit\" \/>\n\t<meta name=\"twitter:data1\" content=\"1\u00a0Minute\" \/>\n<script type=\"application\/ld+json\" class=\"yoast-schema-graph\">{\"@context\":\"https:\/\/schema.org\",\"@graph\":[{\"@type\":\"WebPage\",\"@id\":\"https:\/\/www.tecnosuissesa.com\/de\/produkt\/kombimaschine-disco-5\/\",\"url\":\"https:\/\/www.tecnosuissesa.com\/de\/produkt\/kombimaschine-disco-5\/\",\"name\":\"kombimaschine Disco 5 - Tecnosuisse\",\"isPartOf\":{\"@id\":\"https:\/\/www.tecnosuissesa.com\/it\/#website\"},\"primaryImageOfPage\":{\"@id\":\"https:\/\/www.tecnosuissesa.com\/de\/produkt\/kombimaschine-disco-5\/#primaryimage\"},\"image\":{\"@id\":\"https:\/\/www.tecnosuissesa.com\/de\/produkt\/kombimaschine-disco-5\/#primaryimage\"},\"thumbnailUrl\":\"https:\/\/www.tecnosuissesa.com\/wp-content\/uploads\/2017\/08\/COMBINATA-DISCO-5-2.jpg\",\"datePublished\":\"2017-08-28T09:10:05+00:00\",\"dateModified\":\"2017-08-28T14:02:32+00:00\",\"breadcrumb\":{\"@id\":\"https:\/\/www.tecnosuissesa.com\/de\/produkt\/kombimaschine-disco-5\/#breadcrumb\"},\"inLanguage\":\"de\",\"potentialAction\":[{\"@type\":\"ReadAction\",\"target\":[\"https:\/\/www.tecnosuissesa.com\/de\/produkt\/kombimaschine-disco-5\/\"]}]},{\"@type\":\"ImageObject\",\"inLanguage\":\"de\",\"@id\":\"https:\/\/www.tecnosuissesa.com\/de\/produkt\/kombimaschine-disco-5\/#primaryimage\",\"url\":\"https:\/\/www.tecnosuissesa.com\/wp-content\/uploads\/2017\/08\/COMBINATA-DISCO-5-2.jpg\",\"contentUrl\":\"https:\/\/www.tecnosuissesa.com\/wp-content\/uploads\/2017\/08\/COMBINATA-DISCO-5-2.jpg\",\"width\":1024,\"height\":768},{\"@type\":\"BreadcrumbList\",\"@id\":\"https:\/\/www.tecnosuissesa.com\/de\/produkt\/kombimaschine-disco-5\/#breadcrumb\",\"itemListElement\":[{\"@type\":\"ListItem\",\"position\":1,\"name\":\"Home\",\"item\":\"https:\/\/www.tecnosuissesa.com\/de\/\"},{\"@type\":\"ListItem\",\"position\":2,\"name\":\"Vendita di Macchine Utensili per Legno e per Metalli\",\"item\":\"https:\/\/www.tecnosuissesa.com\/it\/vendita-macchine-utensili\/\"},{\"@type\":\"ListItem\",\"position\":3,\"name\":\"kombimaschine Disco 5\"}]},{\"@type\":\"WebSite\",\"@id\":\"https:\/\/www.tecnosuissesa.com\/it\/#website\",\"url\":\"https:\/\/www.tecnosuissesa.com\/it\/\",\"name\":\"Tecnosuisse\",\"description\":\"Macchine Utensili per Legno e Metalli\",\"publisher\":{\"@id\":\"https:\/\/www.tecnosuissesa.com\/it\/#organization\"},\"potentialAction\":[{\"@type\":\"SearchAction\",\"target\":{\"@type\":\"EntryPoint\",\"urlTemplate\":\"https:\/\/www.tecnosuissesa.com\/it\/?s={search_term_string}\"},\"query-input\":{\"@type\":\"PropertyValueSpecification\",\"valueRequired\":true,\"valueName\":\"search_term_string\"}}],\"inLanguage\":\"de\"},{\"@type\":\"Organization\",\"@id\":\"https:\/\/www.tecnosuissesa.com\/it\/#organization\",\"name\":\"Tecnosuisse\",\"url\":\"https:\/\/www.tecnosuissesa.com\/it\/\",\"logo\":{\"@type\":\"ImageObject\",\"inLanguage\":\"de\",\"@id\":\"https:\/\/www.tecnosuissesa.com\/it\/#\/schema\/logo\/image\/\",\"url\":\"https:\/\/www.tecnosuissesa.com\/wp-content\/uploads\/2017\/08\/Logo_TecnoSuisse_627x627.png\",\"contentUrl\":\"https:\/\/www.tecnosuissesa.com\/wp-content\/uploads\/2017\/08\/Logo_TecnoSuisse_627x627.png\",\"width\":627,\"height\":627,\"caption\":\"Tecnosuisse\"},\"image\":{\"@id\":\"https:\/\/www.tecnosuissesa.com\/it\/#\/schema\/logo\/image\/\"},\"sameAs\":[\"https:\/\/www.facebook.com\/tecnosuisse\/\",\"https:\/\/www.youtube.com\/channel\/UCSoxFNkw8ZiE4jP9OY8AdFg\"]}]}<\/script>\n<!-- \/ Yoast SEO plugin. -->","yoast_head_json":{"title":"kombimaschine Disco 5 - Tecnosuisse","robots":{"index":"index","follow":"follow","max-snippet":"max-snippet:-1","max-image-preview":"max-image-preview:large","max-video-preview":"max-video-preview:-1"},"canonical":"https:\/\/www.tecnosuissesa.com\/de\/produkt\/kombimaschine-disco-5\/","og_locale":"de_DE","og_type":"article","og_title":"kombimaschine Disco 5 - Tecnosuisse","og_description":"Kombi-Holzbearbeitungsmaschine mit 5 Funktionen, mit Kreiss\u00e4ge mit \u00d8 250 mm, Hobel 260 mm mit kippbaren Fl\u00e4chen","og_url":"https:\/\/www.tecnosuissesa.com\/de\/produkt\/kombimaschine-disco-5\/","og_site_name":"Tecnosuisse","article_publisher":"https:\/\/www.facebook.com\/tecnosuisse\/","article_modified_time":"2017-08-28T14:02:32+00:00","og_image":[{"width":1024,"height":768,"url":"https:\/\/www.tecnosuissesa.com\/wp-content\/uploads\/2017\/08\/COMBINATA-DISCO-5-2.jpg","type":"image\/jpeg"}],"twitter_card":"summary_large_image","twitter_misc":{"Gesch\u00e4tzte Lesezeit":"1\u00a0Minute"},"schema":{"@context":"https:\/\/schema.org","@graph":[{"@type":"WebPage","@id":"https:\/\/www.tecnosuissesa.com\/de\/produkt\/kombimaschine-disco-5\/","url":"https:\/\/www.tecnosuissesa.com\/de\/produkt\/kombimaschine-disco-5\/","name":"kombimaschine Disco 5 - Tecnosuisse","isPartOf":{"@id":"https:\/\/www.tecnosuissesa.com\/it\/#website"},"primaryImageOfPage":{"@id":"https:\/\/www.tecnosuissesa.com\/de\/produkt\/kombimaschine-disco-5\/#primaryimage"},"image":{"@id":"https:\/\/www.tecnosuissesa.com\/de\/produkt\/kombimaschine-disco-5\/#primaryimage"},"thumbnailUrl":"https:\/\/www.tecnosuissesa.com\/wp-content\/uploads\/2017\/08\/COMBINATA-DISCO-5-2.jpg","datePublished":"2017-08-28T09:10:05+00:00","dateModified":"2017-08-28T14:02:32+00:00","breadcrumb":{"@id":"https:\/\/www.tecnosuissesa.com\/de\/produkt\/kombimaschine-disco-5\/#breadcrumb"},"inLanguage":"de","potentialAction":[{"@type":"ReadAction","target":["https:\/\/www.tecnosuissesa.com\/de\/produkt\/kombimaschine-disco-5\/"]}]},{"@type":"ImageObject","inLanguage":"de","@id":"https:\/\/www.tecnosuissesa.com\/de\/produkt\/kombimaschine-disco-5\/#primaryimage","url":"https:\/\/www.tecnosuissesa.com\/wp-content\/uploads\/2017\/08\/COMBINATA-DISCO-5-2.jpg","contentUrl":"https:\/\/www.tecnosuissesa.com\/wp-content\/uploads\/2017\/08\/COMBINATA-DISCO-5-2.jpg","width":1024,"height":768},{"@type":"BreadcrumbList","@id":"https:\/\/www.tecnosuissesa.com\/de\/produkt\/kombimaschine-disco-5\/#breadcrumb","itemListElement":[{"@type":"ListItem","position":1,"name":"Home","item":"https:\/\/www.tecnosuissesa.com\/de\/"},{"@type":"ListItem","position":2,"name":"Vendita di Macchine Utensili per Legno e per Metalli","item":"https:\/\/www.tecnosuissesa.com\/it\/vendita-macchine-utensili\/"},{"@type":"ListItem","position":3,"name":"kombimaschine Disco 5"}]},{"@type":"WebSite","@id":"https:\/\/www.tecnosuissesa.com\/it\/#website","url":"https:\/\/www.tecnosuissesa.com\/it\/","name":"Tecnosuisse","description":"Macchine Utensili per Legno e Metalli","publisher":{"@id":"https:\/\/www.tecnosuissesa.com\/it\/#organization"},"potentialAction":[{"@type":"SearchAction","target":{"@type":"EntryPoint","urlTemplate":"https:\/\/www.tecnosuissesa.com\/it\/?s={search_term_string}"},"query-input":{"@type":"PropertyValueSpecification","valueRequired":true,"valueName":"search_term_string"}}],"inLanguage":"de"},{"@type":"Organization","@id":"https:\/\/www.tecnosuissesa.com\/it\/#organization","name":"Tecnosuisse","url":"https:\/\/www.tecnosuissesa.com\/it\/","logo":{"@type":"ImageObject","inLanguage":"de","@id":"https:\/\/www.tecnosuissesa.com\/it\/#\/schema\/logo\/image\/","url":"https:\/\/www.tecnosuissesa.com\/wp-content\/uploads\/2017\/08\/Logo_TecnoSuisse_627x627.png","contentUrl":"https:\/\/www.tecnosuissesa.com\/wp-content\/uploads\/2017\/08\/Logo_TecnoSuisse_627x627.png","width":627,"height":627,"caption":"Tecnosuisse"},"image":{"@id":"https:\/\/www.tecnosuissesa.com\/it\/#\/schema\/logo\/image\/"},"sameAs":["https:\/\/www.facebook.com\/tecnosuisse\/","https:\/\/www.youtube.com\/channel\/UCSoxFNkw8ZiE4jP9OY8AdFg"]}]}},"_links":{"self":[{"href":"https:\/\/www.tecnosuissesa.com\/de\/wp-json\/wp\/v2\/product\/456","targetHints":{"allow":["GET"]}}],"collection":[{"href":"https:\/\/www.tecnosuissesa.com\/de\/wp-json\/wp\/v2\/product"}],"about":[{"href":"https:\/\/www.tecnosuissesa.com\/de\/wp-json\/wp\/v2\/types\/product"}],"replies":[{"embeddable":true,"href":"https:\/\/www.tecnosuissesa.com\/de\/wp-json\/wp\/v2\/comments?post=456"}],"wp:featuredmedia":[{"embeddable":true,"href":"https:\/\/www.tecnosuissesa.com\/de\/wp-json\/wp\/v2\/media\/1738"}],"wp:attachment":[{"href":"https:\/\/www.tecnosuissesa.com\/de\/wp-json\/wp\/v2\/media?parent=456"}],"wp:term":[{"taxonomy":"product_brand","embeddable":true,"href":"https:\/\/www.tecnosuissesa.com\/de\/wp-json\/wp\/v2\/product_brand?post=456"},{"taxonomy":"product_cat","embeddable":true,"href":"https:\/\/www.tecnosuissesa.com\/de\/wp-json\/wp\/v2\/product_cat?post=456"},{"taxonomy":"product_tag","embeddable":true,"href":"https:\/\/www.tecnosuissesa.com\/de\/wp-json\/wp\/v2\/product_tag?post=456"}],"curies":[{"name":"wp","href":"https:\/\/api.w.org\/{rel}","templated":true}]}}