{"id":391,"date":"2017-08-22T12:19:08","date_gmt":"2017-08-22T10:19:08","guid":{"rendered":"https:\/\/www.tecnosuissesa.com\/prodotto\/frasmaschine-fur-metall-orion-4-5\/"},"modified":"2017-08-25T15:32:48","modified_gmt":"2017-08-25T13:32:48","slug":"frasmaschine-fur-metall-orion-4-5","status":"publish","type":"product","link":"https:\/\/www.tecnosuissesa.com\/de\/product\/frasmaschine-fur-metall-orion-4-5\/","title":{"rendered":"Fr\u00e4smaschine f\u00fcr Metall Orion 4.5"},"content":{"rendered":"<p>Diese halbprofessionelle Fr\u00e4smaschine ist optimal f\u00fcr das Fr\u00e4sen von jeder Art von Metallen geeignet. Das Verstellen des Kreuztischs erfolgt manuell durch die an den Enden positionierten Handr\u00e4der, die Drehgeschwindigkeiten der Fr\u00e4smaschine sind hingegen automatisch \u00fcber die obere Bedientafel w\u00e4hlbar. Dank dem zweckm\u00e4\u00dfigen Zubeh\u00f6r f\u00fcr die automatische Steuerung des Tisches, das getrennt von der Maschine erh\u00e4ltlich ist, verwandelt sich die Fr\u00e4smaschine von einer manuellen zu einer automatischen Maschine. Die Maschine ist mit einem leistungsstarken einphasigen 1500W-Motor und mit Schwalbenschwanzf\u00fchrungen ausgestattet, die extrem pr\u00e4zise Bewegungen auch bei betr\u00e4chtlichen Lasten erm\u00f6glichen. Gegen einen kleinen Preisaufschlag kann die Maschine auch mit der dreiphasigen Ausf\u00fchrung ausgestattet werden.<\/p>\n<table>\n<tbody>\n<tr>\n<td colspan=\"2\"><strong>TECHNISCHE DATEN<\/strong><\/td>\n<\/tr>\n<tr>\n<td colspan=\"2\"><strong>PLATZBEDARF DER MASCHINE<\/strong><\/td>\n<\/tr>\n<tr>\n<td>Abmessungen der Maschine mit Unterbau<\/td>\n<td>1160 mm (L) x 900 mm (B) x 2050 mm (H)<\/td>\n<\/tr>\n<tr>\n<td>Abmessungen der Maschine ohne Unterbau<\/td>\n<td>1160 mm (L) x 900 mm (B) x 1500 mm (H)<\/td>\n<\/tr>\n<tr>\n<td>Nettogewicht der Maschine<\/td>\n<td>330 kg<\/td>\n<\/tr>\n<tr>\n<td colspan=\"2\"><strong>SPEZIFIKATIONEN DER FR\u00c4SMASCHINE<\/strong><\/td>\n<\/tr>\n<tr>\n<td>Max. Perforationstiefe<\/td>\n<td>45 mm<\/td>\n<\/tr>\n<tr>\n<td>Max. Tiefe beim Stirnfr\u00e4sen<\/td>\n<td>80 mm<\/td>\n<\/tr>\n<tr>\n<td>Max. Abstand zwischen Spindel und Arbeitstisch<\/td>\n<td>450 mm<\/td>\n<\/tr>\n<tr>\n<td>Max. Spindelhub<\/td>\n<td>130 mm<\/td>\n<\/tr>\n<tr>\n<td>Spindelaufnahme<\/td>\n<td>MT4<\/td>\n<\/tr>\n<tr>\n<td>Gr\u00f6\u00dfe des schwenkbaren Arbeitstischs<\/td>\n<td>800 x 240 mm<\/td>\n<\/tr>\n<tr>\n<td>L\u00e4ngshub des Arbeitstisches<\/td>\n<td>500 mm<\/td>\n<\/tr>\n<tr>\n<td>Querhub des Arbeitstisches<\/td>\n<td>175 mm<\/td>\n<\/tr>\n<tr>\n<td>Neigung des Fr\u00e4skopfs<\/td>\n<td>+- 90 Grad<\/td>\n<\/tr>\n<tr>\n<td>Einstellbare Geschwindigkeiten<\/td>\n<td>12<\/td>\n<\/tr>\n<tr>\n<td>Geschwindigkeit der Spindel<\/td>\n<td>1250 bei 50Hz (Italien) und 1500 bei 60Hz (Ausland)<\/td>\n<\/tr>\n<tr>\n<td colspan=\"2\"><strong>MOTOR DER FR\u00c4SMASCHINE<\/strong><\/td>\n<\/tr>\n<tr>\n<td>Leistung<\/td>\n<td>1500 W<\/td>\n<\/tr>\n<tr>\n<td>Typ<\/td>\n<td>220 V (einphasig)<\/td>\n<\/tr>\n<tr>\n<td>Frequenz<\/td>\n<td>50 Hz<\/td>\n<\/tr>\n<tr>\n<td colspan=\"2\"><strong>VORSCHUB DER TISCHE<\/strong><\/td>\n<\/tr>\n<tr>\n<td>L\u00e4ngsvorschub<\/td>\n<td>Manuell in beiden Richtungen<\/td>\n<\/tr>\n<tr>\n<td>Quervorschub (Kreuztisch)<\/td>\n<td>Manuell in beiden Richtungen<\/td>\n<\/tr>\n<\/tbody>\n<\/table>\n<p><strong>\u00a0<\/strong><\/p>\n<p><strong>MONTIERUNG DER FOLGENDE ZUBEH\u00d6RE:<\/strong><\/p>\n<table>\n<tbody>\n<tr>\n<td><strong>\u00a0<\/strong><\/td>\n<td><strong>Code<\/strong><\/td>\n<td><strong>Preis\/CHF<\/strong><\/td>\n<\/tr>\n<tr>\n<td>Zus\u00e4tzlich DRO DIGIT<\/td>\n<td><strong>\u00a0<\/strong><\/td>\n<td><strong>CHF \u00a0 793.00<\/strong><\/td>\n<\/tr>\n<tr>\n<td>Zus\u00e4tzlich \u00a0K\u00dcHLPUMPE<\/td>\n<td>DMACTF220<\/td>\n<td><strong>CHF\u00a0\u00a0 173.00<\/strong><\/td>\n<\/tr>\n<\/tbody>\n<\/table>\n","protected":false},"excerpt":{"rendered":"<h2><span lang=\"de\" xml:lang=\"de\">Metallf\u00e4se mit variabler Geschwindigkeit und Kreuztisch 800&#215;240 mm\u00a0<\/span><\/h2>\n","protected":false},"featured_media":309,"comment_status":"open","ping_status":"closed","template":"","meta":[],"product_brand":[],"product_cat":[77],"product_tag":[],"class_list":{"0":"post-391","1":"product","2":"type-product","3":"status-publish","4":"has-post-thumbnail","6":"product_cat-bohr-und-fraesmaschine-fuer-metallbearbeitung","8":"first","9":"instock","10":"shipping-taxable","11":"purchasable","12":"product-type-simple"},"yoast_head":"<!-- This site is optimized with the Yoast SEO plugin v27.1 - https:\/\/yoast.com\/product\/yoast-seo-wordpress\/ -->\n<title>Fr\u00e4smaschine f\u00fcr Metall Orion 4.5 - Tecnosuisse<\/title>\n<meta name=\"robots\" content=\"index, follow, max-snippet:-1, max-image-preview:large, max-video-preview:-1\" \/>\n<link rel=\"canonical\" href=\"https:\/\/www.tecnosuissesa.com\/de\/produkt\/frasmaschine-fur-metall-orion-4-5\/\" \/>\n<meta property=\"og:locale\" content=\"de_DE\" \/>\n<meta property=\"og:type\" content=\"article\" \/>\n<meta property=\"og:title\" content=\"Fr\u00e4smaschine f\u00fcr Metall Orion 4.5 - Tecnosuisse\" \/>\n<meta property=\"og:description\" content=\"Metallf\u00e4se mit variabler Geschwindigkeit und Kreuztisch 800x240 mm\u00a0\" \/>\n<meta property=\"og:url\" content=\"https:\/\/www.tecnosuissesa.com\/de\/produkt\/frasmaschine-fur-metall-orion-4-5\/\" \/>\n<meta property=\"og:site_name\" content=\"Tecnosuisse\" \/>\n<meta property=\"article:publisher\" content=\"https:\/\/www.facebook.com\/tecnosuisse\/\" \/>\n<meta property=\"article:modified_time\" content=\"2017-08-25T13:32:48+00:00\" \/>\n<meta property=\"og:image\" content=\"https:\/\/www.tecnosuissesa.com\/wp-content\/uploads\/2017\/08\/Fresatrice_7045.jpg\" \/>\n\t<meta property=\"og:image:width\" content=\"800\" \/>\n\t<meta property=\"og:image:height\" content=\"600\" \/>\n\t<meta property=\"og:image:type\" content=\"image\/jpeg\" \/>\n<meta name=\"twitter:card\" content=\"summary_large_image\" \/>\n<meta name=\"twitter:label1\" content=\"Gesch\u00e4tzte Lesezeit\" \/>\n\t<meta name=\"twitter:data1\" content=\"1\u00a0Minute\" \/>\n<script type=\"application\/ld+json\" class=\"yoast-schema-graph\">{\"@context\":\"https:\/\/schema.org\",\"@graph\":[{\"@type\":\"WebPage\",\"@id\":\"https:\/\/www.tecnosuissesa.com\/de\/produkt\/frasmaschine-fur-metall-orion-4-5\/\",\"url\":\"https:\/\/www.tecnosuissesa.com\/de\/produkt\/frasmaschine-fur-metall-orion-4-5\/\",\"name\":\"Fr\u00e4smaschine f\u00fcr Metall Orion 4.5 - Tecnosuisse\",\"isPartOf\":{\"@id\":\"https:\/\/www.tecnosuissesa.com\/it\/#website\"},\"primaryImageOfPage\":{\"@id\":\"https:\/\/www.tecnosuissesa.com\/de\/produkt\/frasmaschine-fur-metall-orion-4-5\/#primaryimage\"},\"image\":{\"@id\":\"https:\/\/www.tecnosuissesa.com\/de\/produkt\/frasmaschine-fur-metall-orion-4-5\/#primaryimage\"},\"thumbnailUrl\":\"https:\/\/www.tecnosuissesa.com\/wp-content\/uploads\/2017\/08\/Fresatrice_7045.jpg\",\"datePublished\":\"2017-08-22T10:19:08+00:00\",\"dateModified\":\"2017-08-25T13:32:48+00:00\",\"breadcrumb\":{\"@id\":\"https:\/\/www.tecnosuissesa.com\/de\/produkt\/frasmaschine-fur-metall-orion-4-5\/#breadcrumb\"},\"inLanguage\":\"de\",\"potentialAction\":[{\"@type\":\"ReadAction\",\"target\":[\"https:\/\/www.tecnosuissesa.com\/de\/produkt\/frasmaschine-fur-metall-orion-4-5\/\"]}]},{\"@type\":\"ImageObject\",\"inLanguage\":\"de\",\"@id\":\"https:\/\/www.tecnosuissesa.com\/de\/produkt\/frasmaschine-fur-metall-orion-4-5\/#primaryimage\",\"url\":\"https:\/\/www.tecnosuissesa.com\/wp-content\/uploads\/2017\/08\/Fresatrice_7045.jpg\",\"contentUrl\":\"https:\/\/www.tecnosuissesa.com\/wp-content\/uploads\/2017\/08\/Fresatrice_7045.jpg\",\"width\":800,\"height\":600},{\"@type\":\"BreadcrumbList\",\"@id\":\"https:\/\/www.tecnosuissesa.com\/de\/produkt\/frasmaschine-fur-metall-orion-4-5\/#breadcrumb\",\"itemListElement\":[{\"@type\":\"ListItem\",\"position\":1,\"name\":\"Home\",\"item\":\"https:\/\/www.tecnosuissesa.com\/de\/\"},{\"@type\":\"ListItem\",\"position\":2,\"name\":\"Vendita di Macchine Utensili per Legno e per Metalli\",\"item\":\"https:\/\/www.tecnosuissesa.com\/it\/vendita-macchine-utensili\/\"},{\"@type\":\"ListItem\",\"position\":3,\"name\":\"Fr\u00e4smaschine f\u00fcr Metall Orion 4.5\"}]},{\"@type\":\"WebSite\",\"@id\":\"https:\/\/www.tecnosuissesa.com\/it\/#website\",\"url\":\"https:\/\/www.tecnosuissesa.com\/it\/\",\"name\":\"Tecnosuisse\",\"description\":\"Macchine Utensili per Legno e Metalli\",\"publisher\":{\"@id\":\"https:\/\/www.tecnosuissesa.com\/it\/#organization\"},\"potentialAction\":[{\"@type\":\"SearchAction\",\"target\":{\"@type\":\"EntryPoint\",\"urlTemplate\":\"https:\/\/www.tecnosuissesa.com\/it\/?s={search_term_string}\"},\"query-input\":{\"@type\":\"PropertyValueSpecification\",\"valueRequired\":true,\"valueName\":\"search_term_string\"}}],\"inLanguage\":\"de\"},{\"@type\":\"Organization\",\"@id\":\"https:\/\/www.tecnosuissesa.com\/it\/#organization\",\"name\":\"Tecnosuisse\",\"url\":\"https:\/\/www.tecnosuissesa.com\/it\/\",\"logo\":{\"@type\":\"ImageObject\",\"inLanguage\":\"de\",\"@id\":\"https:\/\/www.tecnosuissesa.com\/it\/#\/schema\/logo\/image\/\",\"url\":\"https:\/\/www.tecnosuissesa.com\/wp-content\/uploads\/2017\/08\/Logo_TecnoSuisse_627x627.png\",\"contentUrl\":\"https:\/\/www.tecnosuissesa.com\/wp-content\/uploads\/2017\/08\/Logo_TecnoSuisse_627x627.png\",\"width\":627,\"height\":627,\"caption\":\"Tecnosuisse\"},\"image\":{\"@id\":\"https:\/\/www.tecnosuissesa.com\/it\/#\/schema\/logo\/image\/\"},\"sameAs\":[\"https:\/\/www.facebook.com\/tecnosuisse\/\",\"https:\/\/www.youtube.com\/channel\/UCSoxFNkw8ZiE4jP9OY8AdFg\"]}]}<\/script>\n<!-- \/ Yoast SEO plugin. -->","yoast_head_json":{"title":"Fr\u00e4smaschine f\u00fcr Metall Orion 4.5 - Tecnosuisse","robots":{"index":"index","follow":"follow","max-snippet":"max-snippet:-1","max-image-preview":"max-image-preview:large","max-video-preview":"max-video-preview:-1"},"canonical":"https:\/\/www.tecnosuissesa.com\/de\/produkt\/frasmaschine-fur-metall-orion-4-5\/","og_locale":"de_DE","og_type":"article","og_title":"Fr\u00e4smaschine f\u00fcr Metall Orion 4.5 - Tecnosuisse","og_description":"Metallf\u00e4se mit variabler Geschwindigkeit und Kreuztisch 800x240 mm\u00a0","og_url":"https:\/\/www.tecnosuissesa.com\/de\/produkt\/frasmaschine-fur-metall-orion-4-5\/","og_site_name":"Tecnosuisse","article_publisher":"https:\/\/www.facebook.com\/tecnosuisse\/","article_modified_time":"2017-08-25T13:32:48+00:00","og_image":[{"width":800,"height":600,"url":"https:\/\/www.tecnosuissesa.com\/wp-content\/uploads\/2017\/08\/Fresatrice_7045.jpg","type":"image\/jpeg"}],"twitter_card":"summary_large_image","twitter_misc":{"Gesch\u00e4tzte Lesezeit":"1\u00a0Minute"},"schema":{"@context":"https:\/\/schema.org","@graph":[{"@type":"WebPage","@id":"https:\/\/www.tecnosuissesa.com\/de\/produkt\/frasmaschine-fur-metall-orion-4-5\/","url":"https:\/\/www.tecnosuissesa.com\/de\/produkt\/frasmaschine-fur-metall-orion-4-5\/","name":"Fr\u00e4smaschine f\u00fcr Metall Orion 4.5 - Tecnosuisse","isPartOf":{"@id":"https:\/\/www.tecnosuissesa.com\/it\/#website"},"primaryImageOfPage":{"@id":"https:\/\/www.tecnosuissesa.com\/de\/produkt\/frasmaschine-fur-metall-orion-4-5\/#primaryimage"},"image":{"@id":"https:\/\/www.tecnosuissesa.com\/de\/produkt\/frasmaschine-fur-metall-orion-4-5\/#primaryimage"},"thumbnailUrl":"https:\/\/www.tecnosuissesa.com\/wp-content\/uploads\/2017\/08\/Fresatrice_7045.jpg","datePublished":"2017-08-22T10:19:08+00:00","dateModified":"2017-08-25T13:32:48+00:00","breadcrumb":{"@id":"https:\/\/www.tecnosuissesa.com\/de\/produkt\/frasmaschine-fur-metall-orion-4-5\/#breadcrumb"},"inLanguage":"de","potentialAction":[{"@type":"ReadAction","target":["https:\/\/www.tecnosuissesa.com\/de\/produkt\/frasmaschine-fur-metall-orion-4-5\/"]}]},{"@type":"ImageObject","inLanguage":"de","@id":"https:\/\/www.tecnosuissesa.com\/de\/produkt\/frasmaschine-fur-metall-orion-4-5\/#primaryimage","url":"https:\/\/www.tecnosuissesa.com\/wp-content\/uploads\/2017\/08\/Fresatrice_7045.jpg","contentUrl":"https:\/\/www.tecnosuissesa.com\/wp-content\/uploads\/2017\/08\/Fresatrice_7045.jpg","width":800,"height":600},{"@type":"BreadcrumbList","@id":"https:\/\/www.tecnosuissesa.com\/de\/produkt\/frasmaschine-fur-metall-orion-4-5\/#breadcrumb","itemListElement":[{"@type":"ListItem","position":1,"name":"Home","item":"https:\/\/www.tecnosuissesa.com\/de\/"},{"@type":"ListItem","position":2,"name":"Vendita di Macchine Utensili per Legno e per Metalli","item":"https:\/\/www.tecnosuissesa.com\/it\/vendita-macchine-utensili\/"},{"@type":"ListItem","position":3,"name":"Fr\u00e4smaschine f\u00fcr Metall Orion 4.5"}]},{"@type":"WebSite","@id":"https:\/\/www.tecnosuissesa.com\/it\/#website","url":"https:\/\/www.tecnosuissesa.com\/it\/","name":"Tecnosuisse","description":"Macchine Utensili per Legno e Metalli","publisher":{"@id":"https:\/\/www.tecnosuissesa.com\/it\/#organization"},"potentialAction":[{"@type":"SearchAction","target":{"@type":"EntryPoint","urlTemplate":"https:\/\/www.tecnosuissesa.com\/it\/?s={search_term_string}"},"query-input":{"@type":"PropertyValueSpecification","valueRequired":true,"valueName":"search_term_string"}}],"inLanguage":"de"},{"@type":"Organization","@id":"https:\/\/www.tecnosuissesa.com\/it\/#organization","name":"Tecnosuisse","url":"https:\/\/www.tecnosuissesa.com\/it\/","logo":{"@type":"ImageObject","inLanguage":"de","@id":"https:\/\/www.tecnosuissesa.com\/it\/#\/schema\/logo\/image\/","url":"https:\/\/www.tecnosuissesa.com\/wp-content\/uploads\/2017\/08\/Logo_TecnoSuisse_627x627.png","contentUrl":"https:\/\/www.tecnosuissesa.com\/wp-content\/uploads\/2017\/08\/Logo_TecnoSuisse_627x627.png","width":627,"height":627,"caption":"Tecnosuisse"},"image":{"@id":"https:\/\/www.tecnosuissesa.com\/it\/#\/schema\/logo\/image\/"},"sameAs":["https:\/\/www.facebook.com\/tecnosuisse\/","https:\/\/www.youtube.com\/channel\/UCSoxFNkw8ZiE4jP9OY8AdFg"]}]}},"_links":{"self":[{"href":"https:\/\/www.tecnosuissesa.com\/de\/wp-json\/wp\/v2\/product\/391","targetHints":{"allow":["GET"]}}],"collection":[{"href":"https:\/\/www.tecnosuissesa.com\/de\/wp-json\/wp\/v2\/product"}],"about":[{"href":"https:\/\/www.tecnosuissesa.com\/de\/wp-json\/wp\/v2\/types\/product"}],"replies":[{"embeddable":true,"href":"https:\/\/www.tecnosuissesa.com\/de\/wp-json\/wp\/v2\/comments?post=391"}],"wp:featuredmedia":[{"embeddable":true,"href":"https:\/\/www.tecnosuissesa.com\/de\/wp-json\/wp\/v2\/media\/309"}],"wp:attachment":[{"href":"https:\/\/www.tecnosuissesa.com\/de\/wp-json\/wp\/v2\/media?parent=391"}],"wp:term":[{"taxonomy":"product_brand","embeddable":true,"href":"https:\/\/www.tecnosuissesa.com\/de\/wp-json\/wp\/v2\/product_brand?post=391"},{"taxonomy":"product_cat","embeddable":true,"href":"https:\/\/www.tecnosuissesa.com\/de\/wp-json\/wp\/v2\/product_cat?post=391"},{"taxonomy":"product_tag","embeddable":true,"href":"https:\/\/www.tecnosuissesa.com\/de\/wp-json\/wp\/v2\/product_tag?post=391"}],"curies":[{"name":"wp","href":"https:\/\/api.w.org\/{rel}","templated":true}]}}