{"id":322,"date":"2017-08-08T15:17:45","date_gmt":"2017-08-08T13:17:45","guid":{"rendered":"https:\/\/www.tecnosuissesa.com\/prodotto\/metalldrehmaschine-multitech-800\/"},"modified":"2019-02-21T15:52:55","modified_gmt":"2019-02-21T14:52:55","slug":"metalldrehmaschine-multitech-800","status":"publish","type":"product","link":"https:\/\/www.tecnosuissesa.com\/de\/product\/metalldrehmaschine-multitech-800\/","title":{"rendered":"Metalldrehmaschine Multitech 800"},"content":{"rendered":"<p><span lang=\"de\" xml:lang=\"de\">Dabei handelt es sich um eine halbprofessionelle \u00e4usserst pr\u00e4zise und robuste Maschine mit gusseisernen Rahmen und Metalloberfl\u00e4chen. Da diese Drehmaschine mit automatischem Vorschub ausger\u00fcstet ist, eignet sie sich zum Schneiden von Zoll- und metrischen Gewinden. Die Maschine ist mit einer wassergek\u00fchlten Pumpe und einer Lampe f\u00fcr die direkte Beleuchtung ausgestattet. Sie wird in der Standardausf\u00fchrung mit einem selbstzentrierenden 3-Backenfutter (3 innere und 3 \u00e4u\u00dfere Backen), zwei Reitst\u00f6cken mit Kegelaufnahme, dem Vorschubschlitten, 2 L\u00fcnetten, dem Metallunterbau, allen inneren Zahnr\u00e4dern und dem Schl\u00fcsselsatz f\u00fcr die Montage der Zahnr\u00e4der geliefert.<\/span><\/p>\n<table>\n<tbody>\n<tr>\n<td colspan=\"2\"><strong>TECHNISCHE DATEN<\/strong><\/td>\n<\/tr>\n<tr>\n<td colspan=\"2\"><strong>PLATZBEDARF DER MASCHINE<\/strong><\/td>\n<\/tr>\n<tr>\n<td>Abmessungen mit Unterbau<\/td>\n<td>1470 mm (L) x 600 mm (B) x 1150 mm (H)<\/td>\n<\/tr>\n<tr>\n<td>Nettogewicht der Maschine<\/td>\n<td>335 kg<\/td>\n<\/tr>\n<tr>\n<td colspan=\"2\"><strong>SPEZIFIKATIONEN DER DREHMASCHINE<\/strong><\/td>\n<\/tr>\n<tr>\n<td>Abstand zwischen den Spitzen<\/td>\n<td>800 mm<\/td>\n<\/tr>\n<tr>\n<td>Maximale Nutzl\u00e4nge<\/td>\n<td>750 mm<\/td>\n<\/tr>\n<tr>\n<td>H\u00f6he der Spitzen<\/td>\n<td>162 mm<\/td>\n<\/tr>\n<tr>\n<td>Max. Durchmesser des auf der Bank zu bearbeitenden Werkst\u00fccks<\/td>\n<td>320 mm<\/td>\n<\/tr>\n<tr>\n<td>Durchmesser der durchf\u00fchrenden Schiene<\/td>\n<td>38 mm<\/td>\n<\/tr>\n<tr>\n<td>Durchmesser der (beigepackten) Standardspindel<\/td>\n<td>160 mm<\/td>\n<\/tr>\n<tr>\n<td>Standardspindeltyp<\/td>\n<td>Selbstzentrierendes 3-Backenfutter (3 \u00e4ussere Backen + 3 innere)<\/td>\n<\/tr>\n<tr>\n<td>Bohrungstyp der Spindel<\/td>\n<td>MT5<\/td>\n<\/tr>\n<tr>\n<td>Bohrungstyp des Reitstocks<\/td>\n<td>MT3<\/td>\n<\/tr>\n<tr>\n<td>Abmessungen des Kreuztischs<\/td>\n<td>280 mm x 130 mm<\/td>\n<\/tr>\n<tr>\n<td>Gr\u00f6\u00dfe des beigepackten Revolverkopfs<\/td>\n<td>78 mm x 78 mm<\/td>\n<\/tr>\n<tr>\n<td>Max. Schaft der auf dem serienm\u00e4\u00dfigen Revolverkopf montierbaren Werkzeuge<\/td>\n<td>16 mm<\/td>\n<\/tr>\n<tr>\n<td>Anzahl schneidbarer Zollgewinde<\/td>\n<td>20<\/td>\n<\/tr>\n<tr>\n<td>Zollgewindearten<\/td>\n<td>9 bis 40 Gewinde pro Zoll<\/td>\n<\/tr>\n<tr>\n<td>Anzahl schneidbarer metrischer Gewinde<\/td>\n<td>17<\/td>\n<\/tr>\n<tr>\n<td>Metrische Gewindearten<\/td>\n<td>0,5 mm bis 4 mm<\/td>\n<\/tr>\n<tr>\n<td>L\u00e4ngsvorschub<\/td>\n<td>0,135 \u2013 1.80 mm\/Umdrehung<\/td>\n<\/tr>\n<tr>\n<td>Querschub<\/td>\n<td>0,025 \u2013 0,34 mm\/Umdrehung<\/td>\n<\/tr>\n<tr>\n<td>Querhub der Werkzeugschlittens<\/td>\n<td>70 mm<\/td>\n<\/tr>\n<tr>\n<td>Geschwindigkeitsstufen der Spindel<\/td>\n<td>12<\/td>\n<\/tr>\n<tr>\n<td>Drehgeschwindigkeit der Spindel<\/td>\n<td>60 bis 1600 U\/Min<\/td>\n<\/tr>\n<tr>\n<td colspan=\"2\"><strong>MOTOR DER DREHMASCHINE<\/strong><\/td>\n<\/tr>\n<tr>\n<td>Leistung<\/td>\n<td>1500 W<\/td>\n<\/tr>\n<tr>\n<td>Typ<\/td>\n<td>Einphasig (220 V)<\/td>\n<\/tr>\n<tr>\n<td>Frequenz<\/td>\n<td>50 Hz<\/td>\n<\/tr>\n<tr>\n<td colspan=\"2\"><strong>VORSCHUB DER TISCHE<\/strong><\/td>\n<\/tr>\n<tr>\n<td>L\u00e4ngsvorschub<\/td>\n<td>Automatisch in beide Richtungen<\/td>\n<\/tr>\n<tr>\n<td>Querschub (Kreuztisch)<\/td>\n<td>Automatisch in beide Richtungen<\/td>\n<\/tr>\n<\/tbody>\n<\/table>\n<p>&nbsp;<\/p>\n","protected":false},"excerpt":{"rendered":"<h2>Metalldrehmaschine Multitech 800 Abstand zwischen den Spitzen 800 mm max. Durchmesser f\u00fcr das Abdrehen 320 mm und K\u00fchlpumpe<\/h2>\n<p><\/p>\n","protected":false},"featured_media":2456,"comment_status":"open","ping_status":"closed","template":"","meta":[],"product_brand":[],"product_cat":[183],"product_tag":[54],"class_list":{"0":"post-322","1":"product","2":"type-product","3":"status-publish","4":"has-post-thumbnail","6":"product_cat-tischdrehmaschinen","7":"product_tag-drehmaschinen","9":"first","10":"instock","11":"shipping-taxable","12":"purchasable","13":"product-type-simple"},"yoast_head":"<!-- This site is optimized with the Yoast SEO plugin v27.1 - https:\/\/yoast.com\/product\/yoast-seo-wordpress\/ -->\n<title>Metalldrehmaschine Multitech 800 - Tecnosuisse<\/title>\n<meta name=\"description\" content=\"Halbprofessionelle Tischdrehmaschine mit einem Abstand zwischen den Spitzen von 800 mm und einem Durchmesser von maximal 320 mm und 1500 W Einphasenmotor\" \/>\n<meta name=\"robots\" content=\"index, follow, max-snippet:-1, max-image-preview:large, max-video-preview:-1\" \/>\n<link rel=\"canonical\" href=\"https:\/\/www.tecnosuissesa.com\/de\/produkt\/metalldrehmaschine-multitech-800\/\" \/>\n<meta property=\"og:locale\" content=\"de_DE\" \/>\n<meta property=\"og:type\" content=\"article\" \/>\n<meta property=\"og:title\" content=\"Metalldrehmaschine Multitech 800 - Tecnosuisse\" \/>\n<meta property=\"og:description\" content=\"Halbprofessionelle Tischdrehmaschine mit einem Abstand zwischen den Spitzen von 800 mm und einem Durchmesser von maximal 320 mm und 1500 W Einphasenmotor\" \/>\n<meta property=\"og:url\" content=\"https:\/\/www.tecnosuissesa.com\/de\/produkt\/metalldrehmaschine-multitech-800\/\" \/>\n<meta property=\"og:site_name\" content=\"Tecnosuisse\" \/>\n<meta property=\"article:publisher\" content=\"https:\/\/www.facebook.com\/tecnosuisse\/\" \/>\n<meta property=\"article:modified_time\" content=\"2019-02-21T14:52:55+00:00\" \/>\n<meta property=\"og:image\" content=\"https:\/\/www.tecnosuissesa.com\/wp-content\/uploads\/2017\/08\/tornio-multitech-800-4.jpg\" \/>\n\t<meta property=\"og:image:width\" content=\"1200\" \/>\n\t<meta property=\"og:image:height\" content=\"900\" \/>\n\t<meta property=\"og:image:type\" content=\"image\/jpeg\" \/>\n<meta name=\"twitter:card\" content=\"summary_large_image\" \/>\n<meta name=\"twitter:label1\" content=\"Gesch\u00e4tzte Lesezeit\" \/>\n\t<meta name=\"twitter:data1\" content=\"1\u00a0Minute\" \/>\n<script type=\"application\/ld+json\" class=\"yoast-schema-graph\">{\"@context\":\"https:\/\/schema.org\",\"@graph\":[{\"@type\":\"WebPage\",\"@id\":\"https:\/\/www.tecnosuissesa.com\/de\/produkt\/metalldrehmaschine-multitech-800\/\",\"url\":\"https:\/\/www.tecnosuissesa.com\/de\/produkt\/metalldrehmaschine-multitech-800\/\",\"name\":\"Metalldrehmaschine Multitech 800 - Tecnosuisse\",\"isPartOf\":{\"@id\":\"https:\/\/www.tecnosuissesa.com\/it\/#website\"},\"primaryImageOfPage\":{\"@id\":\"https:\/\/www.tecnosuissesa.com\/de\/produkt\/metalldrehmaschine-multitech-800\/#primaryimage\"},\"image\":{\"@id\":\"https:\/\/www.tecnosuissesa.com\/de\/produkt\/metalldrehmaschine-multitech-800\/#primaryimage\"},\"thumbnailUrl\":\"https:\/\/www.tecnosuissesa.com\/wp-content\/uploads\/2017\/08\/tornio-multitech-800-4.jpg\",\"datePublished\":\"2017-08-08T13:17:45+00:00\",\"dateModified\":\"2019-02-21T14:52:55+00:00\",\"description\":\"Halbprofessionelle Tischdrehmaschine mit einem Abstand zwischen den Spitzen von 800 mm und einem Durchmesser von maximal 320 mm und 1500 W Einphasenmotor\",\"breadcrumb\":{\"@id\":\"https:\/\/www.tecnosuissesa.com\/de\/produkt\/metalldrehmaschine-multitech-800\/#breadcrumb\"},\"inLanguage\":\"de\",\"potentialAction\":[{\"@type\":\"ReadAction\",\"target\":[\"https:\/\/www.tecnosuissesa.com\/de\/produkt\/metalldrehmaschine-multitech-800\/\"]}]},{\"@type\":\"ImageObject\",\"inLanguage\":\"de\",\"@id\":\"https:\/\/www.tecnosuissesa.com\/de\/produkt\/metalldrehmaschine-multitech-800\/#primaryimage\",\"url\":\"https:\/\/www.tecnosuissesa.com\/wp-content\/uploads\/2017\/08\/tornio-multitech-800-4.jpg\",\"contentUrl\":\"https:\/\/www.tecnosuissesa.com\/wp-content\/uploads\/2017\/08\/tornio-multitech-800-4.jpg\",\"width\":1200,\"height\":900,\"caption\":\"Halbprofessionelle Tischdrehmaschine Multitech 800\"},{\"@type\":\"BreadcrumbList\",\"@id\":\"https:\/\/www.tecnosuissesa.com\/de\/produkt\/metalldrehmaschine-multitech-800\/#breadcrumb\",\"itemListElement\":[{\"@type\":\"ListItem\",\"position\":1,\"name\":\"Home\",\"item\":\"https:\/\/www.tecnosuissesa.com\/de\/\"},{\"@type\":\"ListItem\",\"position\":2,\"name\":\"Vendita di Macchine Utensili per Legno e per Metalli\",\"item\":\"https:\/\/www.tecnosuissesa.com\/it\/vendita-macchine-utensili\/\"},{\"@type\":\"ListItem\",\"position\":3,\"name\":\"Metalldrehmaschine Multitech 800\"}]},{\"@type\":\"WebSite\",\"@id\":\"https:\/\/www.tecnosuissesa.com\/it\/#website\",\"url\":\"https:\/\/www.tecnosuissesa.com\/it\/\",\"name\":\"Tecnosuisse\",\"description\":\"Macchine Utensili per Legno e Metalli\",\"publisher\":{\"@id\":\"https:\/\/www.tecnosuissesa.com\/it\/#organization\"},\"potentialAction\":[{\"@type\":\"SearchAction\",\"target\":{\"@type\":\"EntryPoint\",\"urlTemplate\":\"https:\/\/www.tecnosuissesa.com\/it\/?s={search_term_string}\"},\"query-input\":{\"@type\":\"PropertyValueSpecification\",\"valueRequired\":true,\"valueName\":\"search_term_string\"}}],\"inLanguage\":\"de\"},{\"@type\":\"Organization\",\"@id\":\"https:\/\/www.tecnosuissesa.com\/it\/#organization\",\"name\":\"Tecnosuisse\",\"url\":\"https:\/\/www.tecnosuissesa.com\/it\/\",\"logo\":{\"@type\":\"ImageObject\",\"inLanguage\":\"de\",\"@id\":\"https:\/\/www.tecnosuissesa.com\/it\/#\/schema\/logo\/image\/\",\"url\":\"https:\/\/www.tecnosuissesa.com\/wp-content\/uploads\/2017\/08\/Logo_TecnoSuisse_627x627.png\",\"contentUrl\":\"https:\/\/www.tecnosuissesa.com\/wp-content\/uploads\/2017\/08\/Logo_TecnoSuisse_627x627.png\",\"width\":627,\"height\":627,\"caption\":\"Tecnosuisse\"},\"image\":{\"@id\":\"https:\/\/www.tecnosuissesa.com\/it\/#\/schema\/logo\/image\/\"},\"sameAs\":[\"https:\/\/www.facebook.com\/tecnosuisse\/\",\"https:\/\/www.youtube.com\/channel\/UCSoxFNkw8ZiE4jP9OY8AdFg\"]}]}<\/script>\n<!-- \/ Yoast SEO plugin. -->","yoast_head_json":{"title":"Metalldrehmaschine Multitech 800 - Tecnosuisse","description":"Halbprofessionelle Tischdrehmaschine mit einem Abstand zwischen den Spitzen von 800 mm und einem Durchmesser von maximal 320 mm und 1500 W Einphasenmotor","robots":{"index":"index","follow":"follow","max-snippet":"max-snippet:-1","max-image-preview":"max-image-preview:large","max-video-preview":"max-video-preview:-1"},"canonical":"https:\/\/www.tecnosuissesa.com\/de\/produkt\/metalldrehmaschine-multitech-800\/","og_locale":"de_DE","og_type":"article","og_title":"Metalldrehmaschine Multitech 800 - Tecnosuisse","og_description":"Halbprofessionelle Tischdrehmaschine mit einem Abstand zwischen den Spitzen von 800 mm und einem Durchmesser von maximal 320 mm und 1500 W Einphasenmotor","og_url":"https:\/\/www.tecnosuissesa.com\/de\/produkt\/metalldrehmaschine-multitech-800\/","og_site_name":"Tecnosuisse","article_publisher":"https:\/\/www.facebook.com\/tecnosuisse\/","article_modified_time":"2019-02-21T14:52:55+00:00","og_image":[{"width":1200,"height":900,"url":"https:\/\/www.tecnosuissesa.com\/wp-content\/uploads\/2017\/08\/tornio-multitech-800-4.jpg","type":"image\/jpeg"}],"twitter_card":"summary_large_image","twitter_misc":{"Gesch\u00e4tzte Lesezeit":"1\u00a0Minute"},"schema":{"@context":"https:\/\/schema.org","@graph":[{"@type":"WebPage","@id":"https:\/\/www.tecnosuissesa.com\/de\/produkt\/metalldrehmaschine-multitech-800\/","url":"https:\/\/www.tecnosuissesa.com\/de\/produkt\/metalldrehmaschine-multitech-800\/","name":"Metalldrehmaschine Multitech 800 - Tecnosuisse","isPartOf":{"@id":"https:\/\/www.tecnosuissesa.com\/it\/#website"},"primaryImageOfPage":{"@id":"https:\/\/www.tecnosuissesa.com\/de\/produkt\/metalldrehmaschine-multitech-800\/#primaryimage"},"image":{"@id":"https:\/\/www.tecnosuissesa.com\/de\/produkt\/metalldrehmaschine-multitech-800\/#primaryimage"},"thumbnailUrl":"https:\/\/www.tecnosuissesa.com\/wp-content\/uploads\/2017\/08\/tornio-multitech-800-4.jpg","datePublished":"2017-08-08T13:17:45+00:00","dateModified":"2019-02-21T14:52:55+00:00","description":"Halbprofessionelle Tischdrehmaschine mit einem Abstand zwischen den Spitzen von 800 mm und einem Durchmesser von maximal 320 mm und 1500 W Einphasenmotor","breadcrumb":{"@id":"https:\/\/www.tecnosuissesa.com\/de\/produkt\/metalldrehmaschine-multitech-800\/#breadcrumb"},"inLanguage":"de","potentialAction":[{"@type":"ReadAction","target":["https:\/\/www.tecnosuissesa.com\/de\/produkt\/metalldrehmaschine-multitech-800\/"]}]},{"@type":"ImageObject","inLanguage":"de","@id":"https:\/\/www.tecnosuissesa.com\/de\/produkt\/metalldrehmaschine-multitech-800\/#primaryimage","url":"https:\/\/www.tecnosuissesa.com\/wp-content\/uploads\/2017\/08\/tornio-multitech-800-4.jpg","contentUrl":"https:\/\/www.tecnosuissesa.com\/wp-content\/uploads\/2017\/08\/tornio-multitech-800-4.jpg","width":1200,"height":900,"caption":"Halbprofessionelle Tischdrehmaschine Multitech 800"},{"@type":"BreadcrumbList","@id":"https:\/\/www.tecnosuissesa.com\/de\/produkt\/metalldrehmaschine-multitech-800\/#breadcrumb","itemListElement":[{"@type":"ListItem","position":1,"name":"Home","item":"https:\/\/www.tecnosuissesa.com\/de\/"},{"@type":"ListItem","position":2,"name":"Vendita di Macchine Utensili per Legno e per Metalli","item":"https:\/\/www.tecnosuissesa.com\/it\/vendita-macchine-utensili\/"},{"@type":"ListItem","position":3,"name":"Metalldrehmaschine Multitech 800"}]},{"@type":"WebSite","@id":"https:\/\/www.tecnosuissesa.com\/it\/#website","url":"https:\/\/www.tecnosuissesa.com\/it\/","name":"Tecnosuisse","description":"Macchine Utensili per Legno e Metalli","publisher":{"@id":"https:\/\/www.tecnosuissesa.com\/it\/#organization"},"potentialAction":[{"@type":"SearchAction","target":{"@type":"EntryPoint","urlTemplate":"https:\/\/www.tecnosuissesa.com\/it\/?s={search_term_string}"},"query-input":{"@type":"PropertyValueSpecification","valueRequired":true,"valueName":"search_term_string"}}],"inLanguage":"de"},{"@type":"Organization","@id":"https:\/\/www.tecnosuissesa.com\/it\/#organization","name":"Tecnosuisse","url":"https:\/\/www.tecnosuissesa.com\/it\/","logo":{"@type":"ImageObject","inLanguage":"de","@id":"https:\/\/www.tecnosuissesa.com\/it\/#\/schema\/logo\/image\/","url":"https:\/\/www.tecnosuissesa.com\/wp-content\/uploads\/2017\/08\/Logo_TecnoSuisse_627x627.png","contentUrl":"https:\/\/www.tecnosuissesa.com\/wp-content\/uploads\/2017\/08\/Logo_TecnoSuisse_627x627.png","width":627,"height":627,"caption":"Tecnosuisse"},"image":{"@id":"https:\/\/www.tecnosuissesa.com\/it\/#\/schema\/logo\/image\/"},"sameAs":["https:\/\/www.facebook.com\/tecnosuisse\/","https:\/\/www.youtube.com\/channel\/UCSoxFNkw8ZiE4jP9OY8AdFg"]}]}},"_links":{"self":[{"href":"https:\/\/www.tecnosuissesa.com\/de\/wp-json\/wp\/v2\/product\/322","targetHints":{"allow":["GET"]}}],"collection":[{"href":"https:\/\/www.tecnosuissesa.com\/de\/wp-json\/wp\/v2\/product"}],"about":[{"href":"https:\/\/www.tecnosuissesa.com\/de\/wp-json\/wp\/v2\/types\/product"}],"replies":[{"embeddable":true,"href":"https:\/\/www.tecnosuissesa.com\/de\/wp-json\/wp\/v2\/comments?post=322"}],"wp:featuredmedia":[{"embeddable":true,"href":"https:\/\/www.tecnosuissesa.com\/de\/wp-json\/wp\/v2\/media\/2456"}],"wp:attachment":[{"href":"https:\/\/www.tecnosuissesa.com\/de\/wp-json\/wp\/v2\/media?parent=322"}],"wp:term":[{"taxonomy":"product_brand","embeddable":true,"href":"https:\/\/www.tecnosuissesa.com\/de\/wp-json\/wp\/v2\/product_brand?post=322"},{"taxonomy":"product_cat","embeddable":true,"href":"https:\/\/www.tecnosuissesa.com\/de\/wp-json\/wp\/v2\/product_cat?post=322"},{"taxonomy":"product_tag","embeddable":true,"href":"https:\/\/www.tecnosuissesa.com\/de\/wp-json\/wp\/v2\/product_tag?post=322"}],"curies":[{"name":"wp","href":"https:\/\/api.w.org\/{rel}","templated":true}]}}