{"id":192,"date":"2017-08-04T17:38:06","date_gmt":"2017-08-04T15:38:06","guid":{"rendered":"https:\/\/www.tecnosuissesa.com\/prodotto\/kombimaschine-america-1600-310\/"},"modified":"2017-10-16T17:49:16","modified_gmt":"2017-10-16T15:49:16","slug":"kombimaschine-america-1600-310","status":"publish","type":"product","link":"https:\/\/www.tecnosuissesa.com\/de\/product\/kombimaschine-america-1600-310\/","title":{"rendered":"Kombimaschine America 1600-310"},"content":{"rendered":"<h2><strong><span lang=\"de\" xml:lang=\"de\">Kombi-Holzbearbeitungsmaschine mit 7 Funktionen America 1600-310<\/span><\/strong><\/h2>\n<p>Es handelt sich hier um eine Kombimaschine, ausgestattet mit Arbeitstischen aus Gusseisen, Schlitten zum Abrichten, Kreiss\u00e4geblatt mit 1600 mm Durchmesser, 3 unabh\u00e4ngigen 3 PS-Motoren, unfallverh\u00fctenden Schutzvorrichtungen, Fr\u00e4se mit 3 Geschwindigkeiten, neigbarer S\u00e4gegruppe mit Vorritzs\u00e4geblatt und dreidimensionaler Langlochbohrmaschine. Der gro\u00dfe Formattisch aus Aluminium, b\u00fcndig mit dem S\u00e4geblatt, erlaubt in aller Sicherheit und Genauigkeit auch gro\u00dfe Fl\u00e4chen zu bearbeiten. Dank dem, auf der neigbaren S\u00e4gegruppe gesetzten Vorritzs\u00e4geblatt k\u00f6nnen Arbeiten mit unglaublicher Feinbearbeitung ausgef\u00fchrt werden.<\/p>\n<p>Die unabh\u00e4ngigen 3 PS-Motoren verleihen der Maschine eine extreme Arbeitsleistung. Die Abrichthobel- und Dickenhobelmaschine von 310 mm mit 3 Hobelwellenmesser zusammen mit den verschiedenen Ansaugst\u00fctzen erm\u00f6glichen, schnell von einer zu der anderen Bearbeitungsfunktion zu wechseln, ohne Tote Zeiten zu haben und ohne Arbeitsbehinderungen. Auch diese Kombimaschine wird in der Version Standard mit einphasigen Motoren geliefert. Wie die anderen Kombimaschinen ist es aber m\u00f6glich, sie, mit einem kleinen Preiszuschlag, in der dreiphasigen Version zu bekommen.<\/p>\n<p>&nbsp;<\/p>\n<table>\n<tbody>\n<tr>\n<td colspan=\"2\"><strong><span lang=\"de\" xml:lang=\"de\">TECHNISCHE DATEN<\/span><\/strong><\/td>\n<\/tr>\n<tr>\n<td colspan=\"2\"><strong>PLATZBEDARF<\/strong><\/td>\n<\/tr>\n<tr>\n<td>Abmessungen mit Schlitten auf Wagen und Langlochbohrmaschine<\/td>\n<td>2310 x 2000 mm (mit geschlossenem Wagen)<\/td>\n<\/tr>\n<tr>\n<td>Ohne Wagen und Langlochbohrmaschine (mit montiertem Wagen)<\/td>\n<td>1100 x 2000 mm<\/td>\n<\/tr>\n<tr>\n<td>Nettogewicht der Maschine<\/td>\n<td>560 kg<\/td>\n<\/tr>\n<tr>\n<td colspan=\"2\"><strong>GRUPPE KREISS\u00c4GE<\/strong><\/td>\n<\/tr>\n<tr>\n<td>Durchmesser der S\u00e4ge<\/td>\n<td>315 mm &#8211; Z 48<\/td>\n<\/tr>\n<tr>\n<td>Durchmesser des Vorritzs\u00e4geblattes<\/td>\n<td>90 mm<\/td>\n<\/tr>\n<tr>\n<td>Typ<\/td>\n<td>Verstellbare H\u00f6he und Neigung bis 45\u00b0<\/td>\n<\/tr>\n<tr>\n<td>Geschwindigkeit des S\u00e4geblattes<\/td>\n<td>5200 Umdrehungen\/Minute<\/td>\n<\/tr>\n<tr>\n<td>Maximaler Schnitt in der H\u00f6he<\/td>\n<td>105 mm<\/td>\n<\/tr>\n<tr>\n<td colspan=\"2\"><strong>FORMATTISCH AUF SCHLITTEN B\u00dcNDIG AM S\u00c4GEBLATT<\/strong><\/td>\n<\/tr>\n<tr>\n<td>Wagenabmessungen<\/td>\n<td>700 x 530 mm<\/td>\n<\/tr>\n<tr>\n<td>Wagentyp<\/td>\n<td>Auf Aluminiumwagen b\u00fcndig mit Kreiss\u00e4geblatt<\/td>\n<\/tr>\n<tr>\n<td>Abmessung Aluminiumwagen<\/td>\n<td>1610 x 310 mm<\/td>\n<\/tr>\n<tr>\n<td>Schlittenhub<\/td>\n<td>1750 mm<\/td>\n<\/tr>\n<tr>\n<td colspan=\"2\"><strong>ABRICHT-\/DICKENHOBELMASCHINE<\/strong><\/td>\n<\/tr>\n<tr>\n<td>Hobelwellenmesser<\/td>\n<td>Nr. 3<\/td>\n<\/tr>\n<tr>\n<td>L\u00e4nge der Hobelwelle<\/td>\n<td>310 mm<\/td>\n<\/tr>\n<tr>\n<td>Hobelwellendurchmesser<\/td>\n<td>70 mm<\/td>\n<\/tr>\n<tr>\n<td>Maximale Hobelbreite<\/td>\n<td>310 mm<\/td>\n<\/tr>\n<tr>\n<td>Maximale Hobelh\u00f6he<\/td>\n<td>245 mm<\/td>\n<\/tr>\n<tr>\n<td>Typ Arbeitstisch<\/td>\n<td>Aus Gusseisen, klappbar<\/td>\n<\/tr>\n<tr>\n<td>Zuggeschwindigkeit<\/td>\n<td>7,5 Meter pro Minute<\/td>\n<\/tr>\n<tr>\n<td colspan=\"2\"><strong>FR\u00c4SE<\/strong><\/td>\n<\/tr>\n<tr>\n<td>Typ<\/td>\n<td>Senkrecht<\/td>\n<\/tr>\n<tr>\n<td>Max. Wellenh\u00f6he<\/td>\n<td>115 mm<\/td>\n<\/tr>\n<tr>\n<td>Wellendurchmesser<\/td>\n<td>30 mm<\/td>\n<\/tr>\n<tr>\n<td>Max. montierbarer Fr\u00e4sendurchmesser<\/td>\n<td>220 mm<\/td>\n<\/tr>\n<tr>\n<td>Drehgeschwindigkeit<\/td>\n<td>1750 &#8211; 3500 &#8211; 6700 Umdrehungen\/Minute<\/td>\n<\/tr>\n<tr>\n<td colspan=\"2\"><strong>LANGLOCHBOHRMASCHINE\/ STEMMMASCHINE<\/strong><\/td>\n<\/tr>\n<tr>\n<td>Drehgeschwindigkeit<\/td>\n<td>5500 Umdrehungen\/Minute<\/td>\n<\/tr>\n<tr>\n<td>Durchmesser Spitzenfassung<\/td>\n<td>16 mm<\/td>\n<\/tr>\n<tr>\n<td colspan=\"2\"><strong>MOTOR DER KREISS\u00c4GE<\/strong><\/td>\n<\/tr>\n<tr>\n<td>Leistung<\/td>\n<td>3 Hp<\/td>\n<\/tr>\n<tr>\n<td>Typ<\/td>\n<td>Einphasig 220 V (Optional dreiphasig)<\/td>\n<\/tr>\n<tr>\n<td><strong>MOTOR HOBEL-\/LANGLOCHBOHRMASCHINE<\/strong><\/td>\n<td><\/td>\n<\/tr>\n<tr>\n<td>Leistung<\/td>\n<td>3 Hp<\/td>\n<\/tr>\n<tr>\n<td>Typ<\/td>\n<td>Einphasig 220 V (Optional dreiphasig)<\/td>\n<\/tr>\n<tr>\n<td colspan=\"2\"><strong>MOTOR FR\u00c4SE<\/strong><\/td>\n<\/tr>\n<tr>\n<td>Leistung<\/td>\n<td>3 Hp<\/td>\n<\/tr>\n<tr>\n<td>Typ<\/td>\n<td>Einphasig 220 V (Optional dreiphasig)<\/td>\n<\/tr>\n<\/tbody>\n<\/table>\n","protected":false},"excerpt":{"rendered":"<p>Es handelt sich hier um eine Kombimaschine, ausgestattet mit Arbeitstischen aus Gusseisen, Schlitten zum Abrichten, Kreiss\u00e4geblatt mit 1600 mm Durchmesser, 3 unabh\u00e4ngigen 3 PS-Motoren, unfallverh\u00fctenden Schutzvorrichtungen, Fr\u00e4se mit 3 Geschwindigkeiten, neigbarer S\u00e4gegruppe mit Vorritzs\u00e4geblatt und dreidimensionaler Langlochbohrmaschine<\/p>\n","protected":false},"featured_media":196,"comment_status":"open","ping_status":"closed","template":"","meta":[],"product_brand":[],"product_cat":[51],"product_tag":[90],"class_list":{"0":"post-192","1":"product","2":"type-product","3":"status-publish","4":"has-post-thumbnail","6":"product_cat-kombimaschinen-fur-holzbearbeitung","7":"product_tag-kombimaschine","8":"product_shipping_class-classe-10-de","10":"first","11":"instock","12":"sale","13":"shipping-taxable","14":"purchasable","15":"product-type-simple"},"yoast_head":"<!-- This site is optimized with the Yoast SEO plugin v27.1 - https:\/\/yoast.com\/product\/yoast-seo-wordpress\/ -->\n<title>Kombimaschine America 1600-310 - Tecnosuisse<\/title>\n<meta name=\"robots\" content=\"index, follow, max-snippet:-1, max-image-preview:large, max-video-preview:-1\" \/>\n<link rel=\"canonical\" href=\"https:\/\/www.tecnosuissesa.com\/de\/produkt\/kombimaschine-america-1600-310\/\" \/>\n<meta property=\"og:locale\" content=\"de_DE\" \/>\n<meta property=\"og:type\" content=\"article\" \/>\n<meta property=\"og:title\" content=\"Kombimaschine America 1600-310 - Tecnosuisse\" \/>\n<meta property=\"og:description\" content=\"Es handelt sich hier um eine Kombimaschine, ausgestattet mit Arbeitstischen aus Gusseisen, Schlitten zum Abrichten, Kreiss\u00e4geblatt mit 1600 mm Durchmesser, 3 unabh\u00e4ngigen 3 PS-Motoren, unfallverh\u00fctenden Schutzvorrichtungen, Fr\u00e4se mit 3 Geschwindigkeiten, neigbarer S\u00e4gegruppe mit Vorritzs\u00e4geblatt und dreidimensionaler Langlochbohrmaschine\" \/>\n<meta property=\"og:url\" content=\"https:\/\/www.tecnosuissesa.com\/de\/produkt\/kombimaschine-america-1600-310\/\" \/>\n<meta property=\"og:site_name\" content=\"Tecnosuisse\" \/>\n<meta property=\"article:publisher\" content=\"https:\/\/www.facebook.com\/tecnosuisse\/\" \/>\n<meta property=\"article:modified_time\" content=\"2017-10-16T15:49:16+00:00\" \/>\n<meta property=\"og:image\" content=\"https:\/\/www.tecnosuissesa.com\/wp-content\/uploads\/2017\/08\/combinata-per-lavorazione-legno-america-1600-310.jpg\" \/>\n\t<meta property=\"og:image:width\" content=\"800\" \/>\n\t<meta property=\"og:image:height\" content=\"800\" \/>\n\t<meta property=\"og:image:type\" content=\"image\/jpeg\" \/>\n<meta name=\"twitter:card\" content=\"summary_large_image\" \/>\n<meta name=\"twitter:label1\" content=\"Gesch\u00e4tzte Lesezeit\" \/>\n\t<meta name=\"twitter:data1\" content=\"2\u00a0Minuten\" \/>\n<script type=\"application\/ld+json\" class=\"yoast-schema-graph\">{\"@context\":\"https:\/\/schema.org\",\"@graph\":[{\"@type\":\"WebPage\",\"@id\":\"https:\/\/www.tecnosuissesa.com\/de\/produkt\/kombimaschine-america-1600-310\/\",\"url\":\"https:\/\/www.tecnosuissesa.com\/de\/produkt\/kombimaschine-america-1600-310\/\",\"name\":\"Kombimaschine America 1600-310 - Tecnosuisse\",\"isPartOf\":{\"@id\":\"https:\/\/www.tecnosuissesa.com\/it\/#website\"},\"primaryImageOfPage\":{\"@id\":\"https:\/\/www.tecnosuissesa.com\/de\/produkt\/kombimaschine-america-1600-310\/#primaryimage\"},\"image\":{\"@id\":\"https:\/\/www.tecnosuissesa.com\/de\/produkt\/kombimaschine-america-1600-310\/#primaryimage\"},\"thumbnailUrl\":\"https:\/\/www.tecnosuissesa.com\/wp-content\/uploads\/2017\/08\/combinata-per-lavorazione-legno-america-1600-310.jpg\",\"datePublished\":\"2017-08-04T15:38:06+00:00\",\"dateModified\":\"2017-10-16T15:49:16+00:00\",\"breadcrumb\":{\"@id\":\"https:\/\/www.tecnosuissesa.com\/de\/produkt\/kombimaschine-america-1600-310\/#breadcrumb\"},\"inLanguage\":\"de\",\"potentialAction\":[{\"@type\":\"ReadAction\",\"target\":[\"https:\/\/www.tecnosuissesa.com\/de\/produkt\/kombimaschine-america-1600-310\/\"]}]},{\"@type\":\"ImageObject\",\"inLanguage\":\"de\",\"@id\":\"https:\/\/www.tecnosuissesa.com\/de\/produkt\/kombimaschine-america-1600-310\/#primaryimage\",\"url\":\"https:\/\/www.tecnosuissesa.com\/wp-content\/uploads\/2017\/08\/combinata-per-lavorazione-legno-america-1600-310.jpg\",\"contentUrl\":\"https:\/\/www.tecnosuissesa.com\/wp-content\/uploads\/2017\/08\/combinata-per-lavorazione-legno-america-1600-310.jpg\",\"width\":800,\"height\":800},{\"@type\":\"BreadcrumbList\",\"@id\":\"https:\/\/www.tecnosuissesa.com\/de\/produkt\/kombimaschine-america-1600-310\/#breadcrumb\",\"itemListElement\":[{\"@type\":\"ListItem\",\"position\":1,\"name\":\"Home\",\"item\":\"https:\/\/www.tecnosuissesa.com\/de\/\"},{\"@type\":\"ListItem\",\"position\":2,\"name\":\"Vendita di Macchine Utensili per Legno e per Metalli\",\"item\":\"https:\/\/www.tecnosuissesa.com\/it\/vendita-macchine-utensili\/\"},{\"@type\":\"ListItem\",\"position\":3,\"name\":\"Kombimaschine America 1600-310\"}]},{\"@type\":\"WebSite\",\"@id\":\"https:\/\/www.tecnosuissesa.com\/it\/#website\",\"url\":\"https:\/\/www.tecnosuissesa.com\/it\/\",\"name\":\"Tecnosuisse\",\"description\":\"Macchine Utensili per Legno e Metalli\",\"publisher\":{\"@id\":\"https:\/\/www.tecnosuissesa.com\/it\/#organization\"},\"potentialAction\":[{\"@type\":\"SearchAction\",\"target\":{\"@type\":\"EntryPoint\",\"urlTemplate\":\"https:\/\/www.tecnosuissesa.com\/it\/?s={search_term_string}\"},\"query-input\":{\"@type\":\"PropertyValueSpecification\",\"valueRequired\":true,\"valueName\":\"search_term_string\"}}],\"inLanguage\":\"de\"},{\"@type\":\"Organization\",\"@id\":\"https:\/\/www.tecnosuissesa.com\/it\/#organization\",\"name\":\"Tecnosuisse\",\"url\":\"https:\/\/www.tecnosuissesa.com\/it\/\",\"logo\":{\"@type\":\"ImageObject\",\"inLanguage\":\"de\",\"@id\":\"https:\/\/www.tecnosuissesa.com\/it\/#\/schema\/logo\/image\/\",\"url\":\"https:\/\/www.tecnosuissesa.com\/wp-content\/uploads\/2017\/08\/Logo_TecnoSuisse_627x627.png\",\"contentUrl\":\"https:\/\/www.tecnosuissesa.com\/wp-content\/uploads\/2017\/08\/Logo_TecnoSuisse_627x627.png\",\"width\":627,\"height\":627,\"caption\":\"Tecnosuisse\"},\"image\":{\"@id\":\"https:\/\/www.tecnosuissesa.com\/it\/#\/schema\/logo\/image\/\"},\"sameAs\":[\"https:\/\/www.facebook.com\/tecnosuisse\/\",\"https:\/\/www.youtube.com\/channel\/UCSoxFNkw8ZiE4jP9OY8AdFg\"]}]}<\/script>\n<!-- \/ Yoast SEO plugin. -->","yoast_head_json":{"title":"Kombimaschine America 1600-310 - Tecnosuisse","robots":{"index":"index","follow":"follow","max-snippet":"max-snippet:-1","max-image-preview":"max-image-preview:large","max-video-preview":"max-video-preview:-1"},"canonical":"https:\/\/www.tecnosuissesa.com\/de\/produkt\/kombimaschine-america-1600-310\/","og_locale":"de_DE","og_type":"article","og_title":"Kombimaschine America 1600-310 - Tecnosuisse","og_description":"Es handelt sich hier um eine Kombimaschine, ausgestattet mit Arbeitstischen aus Gusseisen, Schlitten zum Abrichten, Kreiss\u00e4geblatt mit 1600 mm Durchmesser, 3 unabh\u00e4ngigen 3 PS-Motoren, unfallverh\u00fctenden Schutzvorrichtungen, Fr\u00e4se mit 3 Geschwindigkeiten, neigbarer S\u00e4gegruppe mit Vorritzs\u00e4geblatt und dreidimensionaler Langlochbohrmaschine","og_url":"https:\/\/www.tecnosuissesa.com\/de\/produkt\/kombimaschine-america-1600-310\/","og_site_name":"Tecnosuisse","article_publisher":"https:\/\/www.facebook.com\/tecnosuisse\/","article_modified_time":"2017-10-16T15:49:16+00:00","og_image":[{"width":800,"height":800,"url":"https:\/\/www.tecnosuissesa.com\/wp-content\/uploads\/2017\/08\/combinata-per-lavorazione-legno-america-1600-310.jpg","type":"image\/jpeg"}],"twitter_card":"summary_large_image","twitter_misc":{"Gesch\u00e4tzte Lesezeit":"2\u00a0Minuten"},"schema":{"@context":"https:\/\/schema.org","@graph":[{"@type":"WebPage","@id":"https:\/\/www.tecnosuissesa.com\/de\/produkt\/kombimaschine-america-1600-310\/","url":"https:\/\/www.tecnosuissesa.com\/de\/produkt\/kombimaschine-america-1600-310\/","name":"Kombimaschine America 1600-310 - Tecnosuisse","isPartOf":{"@id":"https:\/\/www.tecnosuissesa.com\/it\/#website"},"primaryImageOfPage":{"@id":"https:\/\/www.tecnosuissesa.com\/de\/produkt\/kombimaschine-america-1600-310\/#primaryimage"},"image":{"@id":"https:\/\/www.tecnosuissesa.com\/de\/produkt\/kombimaschine-america-1600-310\/#primaryimage"},"thumbnailUrl":"https:\/\/www.tecnosuissesa.com\/wp-content\/uploads\/2017\/08\/combinata-per-lavorazione-legno-america-1600-310.jpg","datePublished":"2017-08-04T15:38:06+00:00","dateModified":"2017-10-16T15:49:16+00:00","breadcrumb":{"@id":"https:\/\/www.tecnosuissesa.com\/de\/produkt\/kombimaschine-america-1600-310\/#breadcrumb"},"inLanguage":"de","potentialAction":[{"@type":"ReadAction","target":["https:\/\/www.tecnosuissesa.com\/de\/produkt\/kombimaschine-america-1600-310\/"]}]},{"@type":"ImageObject","inLanguage":"de","@id":"https:\/\/www.tecnosuissesa.com\/de\/produkt\/kombimaschine-america-1600-310\/#primaryimage","url":"https:\/\/www.tecnosuissesa.com\/wp-content\/uploads\/2017\/08\/combinata-per-lavorazione-legno-america-1600-310.jpg","contentUrl":"https:\/\/www.tecnosuissesa.com\/wp-content\/uploads\/2017\/08\/combinata-per-lavorazione-legno-america-1600-310.jpg","width":800,"height":800},{"@type":"BreadcrumbList","@id":"https:\/\/www.tecnosuissesa.com\/de\/produkt\/kombimaschine-america-1600-310\/#breadcrumb","itemListElement":[{"@type":"ListItem","position":1,"name":"Home","item":"https:\/\/www.tecnosuissesa.com\/de\/"},{"@type":"ListItem","position":2,"name":"Vendita di Macchine Utensili per Legno e per Metalli","item":"https:\/\/www.tecnosuissesa.com\/it\/vendita-macchine-utensili\/"},{"@type":"ListItem","position":3,"name":"Kombimaschine America 1600-310"}]},{"@type":"WebSite","@id":"https:\/\/www.tecnosuissesa.com\/it\/#website","url":"https:\/\/www.tecnosuissesa.com\/it\/","name":"Tecnosuisse","description":"Macchine Utensili per Legno e Metalli","publisher":{"@id":"https:\/\/www.tecnosuissesa.com\/it\/#organization"},"potentialAction":[{"@type":"SearchAction","target":{"@type":"EntryPoint","urlTemplate":"https:\/\/www.tecnosuissesa.com\/it\/?s={search_term_string}"},"query-input":{"@type":"PropertyValueSpecification","valueRequired":true,"valueName":"search_term_string"}}],"inLanguage":"de"},{"@type":"Organization","@id":"https:\/\/www.tecnosuissesa.com\/it\/#organization","name":"Tecnosuisse","url":"https:\/\/www.tecnosuissesa.com\/it\/","logo":{"@type":"ImageObject","inLanguage":"de","@id":"https:\/\/www.tecnosuissesa.com\/it\/#\/schema\/logo\/image\/","url":"https:\/\/www.tecnosuissesa.com\/wp-content\/uploads\/2017\/08\/Logo_TecnoSuisse_627x627.png","contentUrl":"https:\/\/www.tecnosuissesa.com\/wp-content\/uploads\/2017\/08\/Logo_TecnoSuisse_627x627.png","width":627,"height":627,"caption":"Tecnosuisse"},"image":{"@id":"https:\/\/www.tecnosuissesa.com\/it\/#\/schema\/logo\/image\/"},"sameAs":["https:\/\/www.facebook.com\/tecnosuisse\/","https:\/\/www.youtube.com\/channel\/UCSoxFNkw8ZiE4jP9OY8AdFg"]}]}},"_links":{"self":[{"href":"https:\/\/www.tecnosuissesa.com\/de\/wp-json\/wp\/v2\/product\/192","targetHints":{"allow":["GET"]}}],"collection":[{"href":"https:\/\/www.tecnosuissesa.com\/de\/wp-json\/wp\/v2\/product"}],"about":[{"href":"https:\/\/www.tecnosuissesa.com\/de\/wp-json\/wp\/v2\/types\/product"}],"replies":[{"embeddable":true,"href":"https:\/\/www.tecnosuissesa.com\/de\/wp-json\/wp\/v2\/comments?post=192"}],"wp:featuredmedia":[{"embeddable":true,"href":"https:\/\/www.tecnosuissesa.com\/de\/wp-json\/wp\/v2\/media\/196"}],"wp:attachment":[{"href":"https:\/\/www.tecnosuissesa.com\/de\/wp-json\/wp\/v2\/media?parent=192"}],"wp:term":[{"taxonomy":"product_brand","embeddable":true,"href":"https:\/\/www.tecnosuissesa.com\/de\/wp-json\/wp\/v2\/product_brand?post=192"},{"taxonomy":"product_cat","embeddable":true,"href":"https:\/\/www.tecnosuissesa.com\/de\/wp-json\/wp\/v2\/product_cat?post=192"},{"taxonomy":"product_tag","embeddable":true,"href":"https:\/\/www.tecnosuissesa.com\/de\/wp-json\/wp\/v2\/product_tag?post=192"}],"curies":[{"name":"wp","href":"https:\/\/api.w.org\/{rel}","templated":true}]}}