{"id":1847,"date":"2017-10-05T16:55:40","date_gmt":"2017-10-05T14:55:40","guid":{"rendered":"https:\/\/www.tecnosuissesa.com\/product\/kombimaschine-professionelle-america-pro-2600-410\/"},"modified":"2017-10-05T16:55:40","modified_gmt":"2017-10-05T14:55:40","slug":"kombimaschine-professionelle-america-pro-2600-410","status":"publish","type":"product","link":"https:\/\/www.tecnosuissesa.com\/de\/product\/kombimaschine-professionelle-america-pro-2600-410\/","title":{"rendered":"Kombimaschine professionelle  America Pro 2600-410"},"content":{"rendered":"<h2>Beschreibung<\/h2>\n<p>Es ist eine professionelle Holzkombimaschine mit Aluminiumwagen zu 2600 mm L\u00e4nge, eine Hobelwelle zu 400 mm L\u00e4nge, ausklapparen Gusseisenarbeitsfl\u00e4chen, 3 unabh\u00e4ngigen 3 PS-Motoren, Senkrechtfr\u00e4se mit 3 Geschwindigkeiten, neigbarer S\u00e4gegruppe mit Graveur und dreidimensionalen Stemmmaschine. Dann auch dank dem auf die neigbare S\u00e4gegruppe gesetzte Graveur wird man Arbeiten von unglaublicher Endbearbeitung ausf\u00fchren k\u00f6nnen. Die 3 unabh\u00e4ngigen 3 PS-Motoren verleihen der Maschine eine \u00e4usserste Arbeitsleistung. Die Abrichthobel- und Dickenhobelmaschine hat eine 400 mm Lange Welle und besitzt 3 Hobelmesser. Sie erlaubt somit Bretter von einer Breite von 400 mm zu dickenhobeln. Auch diese Kombimaschine wird in der Version Standard mit einphasigen Motoren geliefert. So wie die anderen Kombimaschinen Damatomacchine ist es m\u00f6glich diese in der dreiphasigen Version mit einer kleiner Aenderung des Preises zu erhalten!<\/p>\n<table class=\"table table-striped\" border=\"1\" width=\"100%\" cellspacing=\"0\" cellpadding=\"0\">\n<tbody>\n<tr>\n<td colspan=\"2\" valign=\"top\">\n<div align=\"center\"><strong>TECHNISCHE DATEN<\/strong><\/div>\n<\/td>\n<\/tr>\n<tr>\n<td colspan=\"2\"><strong>RAUMBEDARFABMESSUNGEN<\/strong><\/td>\n<\/tr>\n<tr>\n<td>Abmessungen mit Schlitten auf Wagen und Stemmmaschine<\/td>\n<td>3100 x 2600 mm (mit geschlossenem Wagen)<\/td>\n<\/tr>\n<tr>\n<td>Ohne Schlitten und Stemmmaschine (mit montiertem Wagen)<\/td>\n<td>1200 x 2600 mm<\/td>\n<\/tr>\n<tr>\n<td>Nettogewicht Maschine<\/td>\n<td>690 kg<\/td>\n<\/tr>\n<tr>\n<td colspan=\"2\"><strong>KREISS\u00c4GEGRUPPE<\/strong><\/td>\n<\/tr>\n<tr>\n<td>Max. Durchmesser S\u00e4ge<\/td>\n<td>315 mm<\/td>\n<\/tr>\n<tr>\n<td>Durchmesser Graveur<\/td>\n<td>80 mm<\/td>\n<\/tr>\n<tr>\n<td>Typologie<\/td>\n<td>in der H\u00f6he regelbar und neigbar bis 45 Grad<\/td>\n<\/tr>\n<tr>\n<td>S\u00e4geblattgeschwindigkeit<\/td>\n<td>5200 Umdrehungen\/Minute<\/td>\n<\/tr>\n<tr>\n<td>Maximaler Schnitt in der H\u00f6he<\/td>\n<td>95 mm<\/td>\n<\/tr>\n<tr>\n<td colspan=\"2\"><strong>SCHLITTEN ZUM ABRICHTEN AUF WAGEN B\u00dcNDIG S\u00c4GEBLATT<\/strong><\/td>\n<\/tr>\n<tr>\n<td>Abmessungen des Schlitten zum Abrichten<\/td>\n<td>1200 x 600 mm<\/td>\n<\/tr>\n<tr>\n<td>Typologie des Schlitten<\/td>\n<td>Auf Aluminiumwagen b\u00fcndig mit Kreiss\u00e4geblatt<\/td>\n<\/tr>\n<tr>\n<td>Abmessung Aluminiumwagen<\/td>\n<td>2600 x 310 mm<\/td>\n<\/tr>\n<tr>\n<td>Schlittenhub<\/td>\n<td>3100 mm<\/td>\n<\/tr>\n<tr>\n<td colspan=\"2\"><strong>ABRICHTHOBEL-\/DICKENHOBELMASCHINE<\/strong><\/td>\n<\/tr>\n<tr>\n<td>Hobelmesser<\/td>\n<td>Nr. 3<\/td>\n<\/tr>\n<tr>\n<td>L\u00e4nge Hobelwelle<\/td>\n<td>400 mm<\/td>\n<\/tr>\n<tr>\n<td>Durchmesser Hobelwelle<\/td>\n<td>70 mm<\/td>\n<\/tr>\n<tr>\n<td>Maximale Hobelbreite<\/td>\n<td>400 mm<\/td>\n<\/tr>\n<tr>\n<td>Maximale Hobelh\u00f6he<\/td>\n<td>245 mm<\/td>\n<\/tr>\n<tr>\n<td>Typologie Arbeitsfl\u00e4chen<\/td>\n<td>Gusseisen, ausklappbar<\/td>\n<\/tr>\n<tr>\n<td>Zuggeschwindigkeit<\/td>\n<td>7,5 Meter\/Minute<\/td>\n<\/tr>\n<tr>\n<td colspan=\"2\"><strong>FR\u00c4SMASCHINE\/SENKRECHTS\u00c4GE<\/strong><\/td>\n<\/tr>\n<tr>\n<td>Typologie<\/td>\n<td>Senkrecht<\/td>\n<\/tr>\n<tr>\n<td>Maximale H\u00f6he der Welle<\/td>\n<td>115 mm<\/td>\n<\/tr>\n<tr>\n<td>Durchmesser Welle<\/td>\n<td>30 mm<\/td>\n<\/tr>\n<tr>\n<td>Maximaler Durchmesser der zu montierenden Fr\u00e4se<\/td>\n<td>220 mm<\/td>\n<\/tr>\n<tr>\n<td>Drehgeschwindigkeit<\/td>\n<td>1750 \u2013 3500 \u2013 6700 Umdrehungen\/Minute<\/td>\n<\/tr>\n<tr>\n<td colspan=\"2\"><strong>STEMMMASCHINE<\/strong><\/td>\n<\/tr>\n<tr>\n<td>Drehgeschwindigkeit<\/td>\n<td>5500 Umdrehungen\/Minute<\/td>\n<\/tr>\n<tr>\n<td>Durchmesser Spitzenfassung<\/td>\n<td>16 mm<\/td>\n<\/tr>\n<tr>\n<td colspan=\"2\"><strong>MOTOR KREISS\u00c4GE<\/strong><\/td>\n<\/tr>\n<tr>\n<td>Leistung<\/td>\n<td>3 Hp<\/td>\n<\/tr>\n<tr>\n<td>Typologie<\/td>\n<td>einphasig 220 V (Optional dreiphasig)<\/td>\n<\/tr>\n<tr>\n<td colspan=\"2\"><strong>MOTOR HOBEL-\/STEMMMASCHINE<\/strong><\/td>\n<\/tr>\n<tr>\n<td>Leistung<\/td>\n<td>3 Hp<\/td>\n<\/tr>\n<tr>\n<td>Typologie<\/td>\n<td>einphasig 220 V (Optional dreiphasig)<\/td>\n<\/tr>\n<tr>\n<td colspan=\"2\"><strong>MOTOR FR\u00c4SE<\/strong><\/td>\n<\/tr>\n<tr>\n<td>Leistung<\/td>\n<td>3 Hp<\/td>\n<\/tr>\n<tr>\n<td>Typologie<\/td>\n<td>einphasig 220 V (Optional dreiphasig)<\/td>\n<\/tr>\n<\/tbody>\n<\/table>\n","protected":false},"excerpt":{"rendered":"<p align=\"justify\">Kombimaschine mit 7 Bearbeitungen, Hobelmaschine von 400 mm, vertikale Tischfr\u00e4se und Bes\u00e4um-Schiebetisch auf Aluminium-Wagen mit Breite des Schneidblattes 2600 mm<\/p>\n","protected":false},"featured_media":1839,"comment_status":"open","ping_status":"closed","template":"","meta":[],"product_brand":[],"product_cat":[51],"product_tag":[],"class_list":{"0":"post-1847","1":"product","2":"type-product","3":"status-publish","4":"has-post-thumbnail","6":"product_cat-kombimaschinen-fur-holzbearbeitung","7":"product_shipping_class-classe-10-de","9":"first","10":"instock","11":"shipping-taxable","12":"purchasable","13":"product-type-simple"},"yoast_head":"<!-- This site is optimized with the Yoast SEO plugin v27.1 - https:\/\/yoast.com\/product\/yoast-seo-wordpress\/ -->\n<title>Kombimaschine professionelle America Pro 2600-410 - Tecnosuisse<\/title>\n<meta name=\"robots\" content=\"index, follow, max-snippet:-1, max-image-preview:large, max-video-preview:-1\" \/>\n<link rel=\"canonical\" href=\"https:\/\/www.tecnosuissesa.com\/de\/produkt\/kombimaschine-professionelle-america-pro-2600-410\/\" \/>\n<meta property=\"og:locale\" content=\"de_DE\" \/>\n<meta property=\"og:type\" content=\"article\" \/>\n<meta property=\"og:title\" content=\"Kombimaschine professionelle America Pro 2600-410 - Tecnosuisse\" \/>\n<meta property=\"og:description\" content=\"Kombimaschine mit 7 Bearbeitungen, Hobelmaschine von 400 mm, vertikale Tischfr\u00e4se und Bes\u00e4um-Schiebetisch auf Aluminium-Wagen mit Breite des Schneidblattes 2600 mm\" \/>\n<meta property=\"og:url\" content=\"https:\/\/www.tecnosuissesa.com\/de\/produkt\/kombimaschine-professionelle-america-pro-2600-410\/\" \/>\n<meta property=\"og:site_name\" content=\"Tecnosuisse\" \/>\n<meta property=\"article:publisher\" content=\"https:\/\/www.facebook.com\/tecnosuisse\/\" \/>\n<meta property=\"og:image\" content=\"https:\/\/www.tecnosuissesa.com\/wp-content\/uploads\/2017\/10\/COMBINATA-AMERICA-PRO-410-0.jpg\" \/>\n\t<meta property=\"og:image:width\" content=\"1024\" \/>\n\t<meta property=\"og:image:height\" content=\"768\" \/>\n\t<meta property=\"og:image:type\" content=\"image\/jpeg\" \/>\n<meta name=\"twitter:card\" content=\"summary_large_image\" \/>\n<meta name=\"twitter:label1\" content=\"Gesch\u00e4tzte Lesezeit\" \/>\n\t<meta name=\"twitter:data1\" content=\"2\u00a0Minuten\" \/>\n<script type=\"application\/ld+json\" class=\"yoast-schema-graph\">{\"@context\":\"https:\/\/schema.org\",\"@graph\":[{\"@type\":\"WebPage\",\"@id\":\"https:\/\/www.tecnosuissesa.com\/de\/produkt\/kombimaschine-professionelle-america-pro-2600-410\/\",\"url\":\"https:\/\/www.tecnosuissesa.com\/de\/produkt\/kombimaschine-professionelle-america-pro-2600-410\/\",\"name\":\"Kombimaschine professionelle America Pro 2600-410 - Tecnosuisse\",\"isPartOf\":{\"@id\":\"https:\/\/www.tecnosuissesa.com\/it\/#website\"},\"primaryImageOfPage\":{\"@id\":\"https:\/\/www.tecnosuissesa.com\/de\/produkt\/kombimaschine-professionelle-america-pro-2600-410\/#primaryimage\"},\"image\":{\"@id\":\"https:\/\/www.tecnosuissesa.com\/de\/produkt\/kombimaschine-professionelle-america-pro-2600-410\/#primaryimage\"},\"thumbnailUrl\":\"https:\/\/www.tecnosuissesa.com\/wp-content\/uploads\/2017\/10\/COMBINATA-AMERICA-PRO-410-0.jpg\",\"datePublished\":\"2017-10-05T14:55:40+00:00\",\"breadcrumb\":{\"@id\":\"https:\/\/www.tecnosuissesa.com\/de\/produkt\/kombimaschine-professionelle-america-pro-2600-410\/#breadcrumb\"},\"inLanguage\":\"de\",\"potentialAction\":[{\"@type\":\"ReadAction\",\"target\":[\"https:\/\/www.tecnosuissesa.com\/de\/produkt\/kombimaschine-professionelle-america-pro-2600-410\/\"]}]},{\"@type\":\"ImageObject\",\"inLanguage\":\"de\",\"@id\":\"https:\/\/www.tecnosuissesa.com\/de\/produkt\/kombimaschine-professionelle-america-pro-2600-410\/#primaryimage\",\"url\":\"https:\/\/www.tecnosuissesa.com\/wp-content\/uploads\/2017\/10\/COMBINATA-AMERICA-PRO-410-0.jpg\",\"contentUrl\":\"https:\/\/www.tecnosuissesa.com\/wp-content\/uploads\/2017\/10\/COMBINATA-AMERICA-PRO-410-0.jpg\",\"width\":1024,\"height\":768},{\"@type\":\"BreadcrumbList\",\"@id\":\"https:\/\/www.tecnosuissesa.com\/de\/produkt\/kombimaschine-professionelle-america-pro-2600-410\/#breadcrumb\",\"itemListElement\":[{\"@type\":\"ListItem\",\"position\":1,\"name\":\"Home\",\"item\":\"https:\/\/www.tecnosuissesa.com\/de\/\"},{\"@type\":\"ListItem\",\"position\":2,\"name\":\"Vendita di Macchine Utensili per Legno e per Metalli\",\"item\":\"https:\/\/www.tecnosuissesa.com\/it\/vendita-macchine-utensili\/\"},{\"@type\":\"ListItem\",\"position\":3,\"name\":\"Kombimaschine professionelle America Pro 2600-410\"}]},{\"@type\":\"WebSite\",\"@id\":\"https:\/\/www.tecnosuissesa.com\/it\/#website\",\"url\":\"https:\/\/www.tecnosuissesa.com\/it\/\",\"name\":\"Tecnosuisse\",\"description\":\"Macchine Utensili per Legno e Metalli\",\"publisher\":{\"@id\":\"https:\/\/www.tecnosuissesa.com\/it\/#organization\"},\"potentialAction\":[{\"@type\":\"SearchAction\",\"target\":{\"@type\":\"EntryPoint\",\"urlTemplate\":\"https:\/\/www.tecnosuissesa.com\/it\/?s={search_term_string}\"},\"query-input\":{\"@type\":\"PropertyValueSpecification\",\"valueRequired\":true,\"valueName\":\"search_term_string\"}}],\"inLanguage\":\"de\"},{\"@type\":\"Organization\",\"@id\":\"https:\/\/www.tecnosuissesa.com\/it\/#organization\",\"name\":\"Tecnosuisse\",\"url\":\"https:\/\/www.tecnosuissesa.com\/it\/\",\"logo\":{\"@type\":\"ImageObject\",\"inLanguage\":\"de\",\"@id\":\"https:\/\/www.tecnosuissesa.com\/it\/#\/schema\/logo\/image\/\",\"url\":\"https:\/\/www.tecnosuissesa.com\/wp-content\/uploads\/2017\/08\/Logo_TecnoSuisse_627x627.png\",\"contentUrl\":\"https:\/\/www.tecnosuissesa.com\/wp-content\/uploads\/2017\/08\/Logo_TecnoSuisse_627x627.png\",\"width\":627,\"height\":627,\"caption\":\"Tecnosuisse\"},\"image\":{\"@id\":\"https:\/\/www.tecnosuissesa.com\/it\/#\/schema\/logo\/image\/\"},\"sameAs\":[\"https:\/\/www.facebook.com\/tecnosuisse\/\",\"https:\/\/www.youtube.com\/channel\/UCSoxFNkw8ZiE4jP9OY8AdFg\"]}]}<\/script>\n<!-- \/ Yoast SEO plugin. -->","yoast_head_json":{"title":"Kombimaschine professionelle America Pro 2600-410 - Tecnosuisse","robots":{"index":"index","follow":"follow","max-snippet":"max-snippet:-1","max-image-preview":"max-image-preview:large","max-video-preview":"max-video-preview:-1"},"canonical":"https:\/\/www.tecnosuissesa.com\/de\/produkt\/kombimaschine-professionelle-america-pro-2600-410\/","og_locale":"de_DE","og_type":"article","og_title":"Kombimaschine professionelle America Pro 2600-410 - Tecnosuisse","og_description":"Kombimaschine mit 7 Bearbeitungen, Hobelmaschine von 400 mm, vertikale Tischfr\u00e4se und Bes\u00e4um-Schiebetisch auf Aluminium-Wagen mit Breite des Schneidblattes 2600 mm","og_url":"https:\/\/www.tecnosuissesa.com\/de\/produkt\/kombimaschine-professionelle-america-pro-2600-410\/","og_site_name":"Tecnosuisse","article_publisher":"https:\/\/www.facebook.com\/tecnosuisse\/","og_image":[{"width":1024,"height":768,"url":"https:\/\/www.tecnosuissesa.com\/wp-content\/uploads\/2017\/10\/COMBINATA-AMERICA-PRO-410-0.jpg","type":"image\/jpeg"}],"twitter_card":"summary_large_image","twitter_misc":{"Gesch\u00e4tzte Lesezeit":"2\u00a0Minuten"},"schema":{"@context":"https:\/\/schema.org","@graph":[{"@type":"WebPage","@id":"https:\/\/www.tecnosuissesa.com\/de\/produkt\/kombimaschine-professionelle-america-pro-2600-410\/","url":"https:\/\/www.tecnosuissesa.com\/de\/produkt\/kombimaschine-professionelle-america-pro-2600-410\/","name":"Kombimaschine professionelle America Pro 2600-410 - Tecnosuisse","isPartOf":{"@id":"https:\/\/www.tecnosuissesa.com\/it\/#website"},"primaryImageOfPage":{"@id":"https:\/\/www.tecnosuissesa.com\/de\/produkt\/kombimaschine-professionelle-america-pro-2600-410\/#primaryimage"},"image":{"@id":"https:\/\/www.tecnosuissesa.com\/de\/produkt\/kombimaschine-professionelle-america-pro-2600-410\/#primaryimage"},"thumbnailUrl":"https:\/\/www.tecnosuissesa.com\/wp-content\/uploads\/2017\/10\/COMBINATA-AMERICA-PRO-410-0.jpg","datePublished":"2017-10-05T14:55:40+00:00","breadcrumb":{"@id":"https:\/\/www.tecnosuissesa.com\/de\/produkt\/kombimaschine-professionelle-america-pro-2600-410\/#breadcrumb"},"inLanguage":"de","potentialAction":[{"@type":"ReadAction","target":["https:\/\/www.tecnosuissesa.com\/de\/produkt\/kombimaschine-professionelle-america-pro-2600-410\/"]}]},{"@type":"ImageObject","inLanguage":"de","@id":"https:\/\/www.tecnosuissesa.com\/de\/produkt\/kombimaschine-professionelle-america-pro-2600-410\/#primaryimage","url":"https:\/\/www.tecnosuissesa.com\/wp-content\/uploads\/2017\/10\/COMBINATA-AMERICA-PRO-410-0.jpg","contentUrl":"https:\/\/www.tecnosuissesa.com\/wp-content\/uploads\/2017\/10\/COMBINATA-AMERICA-PRO-410-0.jpg","width":1024,"height":768},{"@type":"BreadcrumbList","@id":"https:\/\/www.tecnosuissesa.com\/de\/produkt\/kombimaschine-professionelle-america-pro-2600-410\/#breadcrumb","itemListElement":[{"@type":"ListItem","position":1,"name":"Home","item":"https:\/\/www.tecnosuissesa.com\/de\/"},{"@type":"ListItem","position":2,"name":"Vendita di Macchine Utensili per Legno e per Metalli","item":"https:\/\/www.tecnosuissesa.com\/it\/vendita-macchine-utensili\/"},{"@type":"ListItem","position":3,"name":"Kombimaschine professionelle America Pro 2600-410"}]},{"@type":"WebSite","@id":"https:\/\/www.tecnosuissesa.com\/it\/#website","url":"https:\/\/www.tecnosuissesa.com\/it\/","name":"Tecnosuisse","description":"Macchine Utensili per Legno e Metalli","publisher":{"@id":"https:\/\/www.tecnosuissesa.com\/it\/#organization"},"potentialAction":[{"@type":"SearchAction","target":{"@type":"EntryPoint","urlTemplate":"https:\/\/www.tecnosuissesa.com\/it\/?s={search_term_string}"},"query-input":{"@type":"PropertyValueSpecification","valueRequired":true,"valueName":"search_term_string"}}],"inLanguage":"de"},{"@type":"Organization","@id":"https:\/\/www.tecnosuissesa.com\/it\/#organization","name":"Tecnosuisse","url":"https:\/\/www.tecnosuissesa.com\/it\/","logo":{"@type":"ImageObject","inLanguage":"de","@id":"https:\/\/www.tecnosuissesa.com\/it\/#\/schema\/logo\/image\/","url":"https:\/\/www.tecnosuissesa.com\/wp-content\/uploads\/2017\/08\/Logo_TecnoSuisse_627x627.png","contentUrl":"https:\/\/www.tecnosuissesa.com\/wp-content\/uploads\/2017\/08\/Logo_TecnoSuisse_627x627.png","width":627,"height":627,"caption":"Tecnosuisse"},"image":{"@id":"https:\/\/www.tecnosuissesa.com\/it\/#\/schema\/logo\/image\/"},"sameAs":["https:\/\/www.facebook.com\/tecnosuisse\/","https:\/\/www.youtube.com\/channel\/UCSoxFNkw8ZiE4jP9OY8AdFg"]}]}},"_links":{"self":[{"href":"https:\/\/www.tecnosuissesa.com\/de\/wp-json\/wp\/v2\/product\/1847","targetHints":{"allow":["GET"]}}],"collection":[{"href":"https:\/\/www.tecnosuissesa.com\/de\/wp-json\/wp\/v2\/product"}],"about":[{"href":"https:\/\/www.tecnosuissesa.com\/de\/wp-json\/wp\/v2\/types\/product"}],"replies":[{"embeddable":true,"href":"https:\/\/www.tecnosuissesa.com\/de\/wp-json\/wp\/v2\/comments?post=1847"}],"wp:featuredmedia":[{"embeddable":true,"href":"https:\/\/www.tecnosuissesa.com\/de\/wp-json\/wp\/v2\/media\/1839"}],"wp:attachment":[{"href":"https:\/\/www.tecnosuissesa.com\/de\/wp-json\/wp\/v2\/media?parent=1847"}],"wp:term":[{"taxonomy":"product_brand","embeddable":true,"href":"https:\/\/www.tecnosuissesa.com\/de\/wp-json\/wp\/v2\/product_brand?post=1847"},{"taxonomy":"product_cat","embeddable":true,"href":"https:\/\/www.tecnosuissesa.com\/de\/wp-json\/wp\/v2\/product_cat?post=1847"},{"taxonomy":"product_tag","embeddable":true,"href":"https:\/\/www.tecnosuissesa.com\/de\/wp-json\/wp\/v2\/product_tag?post=1847"}],"curies":[{"name":"wp","href":"https:\/\/api.w.org\/{rel}","templated":true}]}}