{"id":1694,"date":"2017-10-03T14:48:24","date_gmt":"2017-10-03T12:48:24","guid":{"rendered":"https:\/\/www.tecnosuissesa.com\/product\/formatkreissage-fur-holzbearbeitung-tsx-3200-professional\/"},"modified":"2017-10-03T14:48:24","modified_gmt":"2017-10-03T12:48:24","slug":"formatkreissage-fur-holzbearbeitung-tsx-3200-professional","status":"publish","type":"product","link":"https:\/\/www.tecnosuissesa.com\/de\/product\/formatkreissage-fur-holzbearbeitung-tsx-3200-professional\/","title":{"rendered":"Formatkreiss\u00e4ge f\u00fcr Holzbearbeitung TSX 3200 Professional"},"content":{"rendered":"<p><strong>Beschreibung:<\/strong><\/p>\n<p>Eine professionelle Formatkreiss\u00e4ge f\u00fcr Holz mit einer kr\u00e4ftigen integrierten Fr\u00e4smaschine. Wie f\u00fcr das Modell SX ist auch diese Maschine mit einem Wagen ausgestattet, der b\u00fcndig am S\u00e4geblatt liegt (L\u00e4nge 3200 mm). Im Unterschied zu der j\u00fcngeren Schwester wird sie von sogar 3 kr\u00e4ftigen dreiphasigen Motoren betrieben: ein Motor versorgt das Kreiss\u00e4geblatt, ein Motor versorgt den Vorritzs\u00e4geblatt und der andere versorgt die Tischfr\u00e4smaschine. Das Kreiss\u00e4geblatt hat einen Durchmesser von 300 mm und erreicht die Drehzahl von sogar 3700 Umdrehungen pro Minute. Dank dem Vorritzs\u00e4geblatt, der die Drehzahl von 8000 Umdrehungen pro Minute erreicht, erweist sich jedes Beschlagen als sehr pr\u00e4zise und ohne Gratbildung. Die Ansaug\u00f6ffnung auf der Schutzhaube des S\u00e4geblattes erm\u00f6glicht, in einem sauberen Raum zu arbeiten und eine optimale Sicht w\u00e4hrend dem S\u00e4gen zu haben. Dank dieser ganzen Merkmale beweist sich diese Maschine als eine optimale Investition f\u00fcr Schreinereien und anspruchsvollere Bastler.<\/p>\n<table>\n<tbody>\n<tr>\n<td colspan=\"2\"><strong>TECHNISCHE DATEN<\/strong><\/td>\n<\/tr>\n<tr>\n<td colspan=\"2\"><strong>ABMESSUNGEN<\/strong><\/td>\n<\/tr>\n<tr>\n<td>Platzbedarf der Maschine<\/td>\n<td>3360 mm x 3570 mm x 1160 mm<\/td>\n<\/tr>\n<tr>\n<td>Abmessung des Wagens b\u00fcndig zum S\u00e4geblatt<\/td>\n<td>3200 mm x 360 mm<\/td>\n<\/tr>\n<tr>\n<td>Abmessung des festen Arbeitstischs<\/td>\n<td>1050 mm x 650 mm<\/td>\n<\/tr>\n<tr>\n<td>Nettogewicht der Maschine<\/td>\n<td>795 kg<\/td>\n<\/tr>\n<tr>\n<td colspan=\"2\"><strong>S\u00c4GEGRUPPE<\/strong><\/td>\n<\/tr>\n<tr>\n<td>S\u00e4geblattdurchmesser<\/td>\n<td>300 mm<\/td>\n<\/tr>\n<tr>\n<td>Drehgeschwindigkeit des S\u00e4geblattes<\/td>\n<td>3700 Umdrehungen\/Minute<\/td>\n<\/tr>\n<tr>\n<td>Maximale Schnittdicke bei 90\u00b0<\/td>\n<td>100 mm<\/td>\n<\/tr>\n<tr>\n<td>Maximale Schnittdicke bei 45\u00b0<\/td>\n<td>70 mm<\/td>\n<\/tr>\n<tr>\n<td>Durchmesser des Vorritzs\u00e4geblattes<\/td>\n<td>120 mm<\/td>\n<\/tr>\n<tr>\n<td>Drehgeschwindigkeit Vorritzs\u00e4geblatt<\/td>\n<td>8000 Umdrehungen\/Minute<\/td>\n<\/tr>\n<tr>\n<td>Neigung des Schnittwinkels f\u00fcr die S\u00e4gegruppe<\/td>\n<td>90\u00b0 &#8211; 45\u00b0<\/td>\n<\/tr>\n<tr>\n<td colspan=\"2\"><strong>FR\u00c4SE<\/strong><\/td>\n<\/tr>\n<tr>\n<td>Wellendurchmesser Fr\u00e4se<\/td>\n<td>30 mm<\/td>\n<\/tr>\n<tr>\n<td>Maximaler \u00dcberstand der Fr\u00e4se vom Tisch in der H\u00f6he<\/td>\n<td>115 mm<\/td>\n<\/tr>\n<tr>\n<td>N\u00fctzliche Arbeitsl\u00e4nge des Spindels<\/td>\n<td>85 mm<\/td>\n<\/tr>\n<tr>\n<td>Maximaler Durchmesser des einziehbaren Werkzeugs unter dem Tisch<\/td>\n<td>140 mm<\/td>\n<\/tr>\n<tr>\n<td>Maximale H\u00f6he des einziehbaren Werkzeugs<\/td>\n<td>40 mm<\/td>\n<\/tr>\n<tr>\n<td>Drehgeschwindigkeit der Spindel<\/td>\n<td>1.750 UpM &#8211; 3.500 UpM &#8211; \u00a06.700 UpM<\/td>\n<\/tr>\n<tr>\n<td>Maximaler Durchmesser des rotierenden Schneidwerkzeugs<\/td>\n<td>180 mm<\/td>\n<\/tr>\n<tr>\n<td>Durchmesser Ansauganschluss<\/td>\n<td>120 mm<\/td>\n<\/tr>\n<tr>\n<td colspan=\"2\"><strong>MOTOR FR\u00c4SE<\/strong><\/td>\n<\/tr>\n<tr>\n<td>Leistung<\/td>\n<td>2.2 kW<\/td>\n<\/tr>\n<tr>\n<td>Typ<\/td>\n<td>Dreiphasig (380 V)<\/td>\n<\/tr>\n<tr>\n<td colspan=\"2\"><strong>MOTOR DER KREISS\u00c4GE<\/strong><\/td>\n<\/tr>\n<tr>\n<td>Leistung<\/td>\n<td>4 kW<\/td>\n<\/tr>\n<tr>\n<td>Typ<\/td>\n<td>Dreiphasig (380 V)<\/td>\n<\/tr>\n<\/tbody>\n<\/table>\n","protected":false},"excerpt":{"rendered":"<p><span lang=\"de\" xml:lang=\"de\">Formatkreiss\u00e4ge f\u00fcr Holzbearbeitung TSX 3200 Professional<\/span><\/p>\n<p><span lang=\"de\" xml:lang=\"de\">Professioneller Formatkreissaege mit Kreiss\u00e4ge \u00d8 300 mm, Graveur mit variabler Geschwindigkeit, integrierter Fr\u00e4se (Toupie) und Wagen f\u00fcr Formatschnitt auf Wagen 3200 mm<\/span><\/p>\n","protected":false},"featured_media":1686,"comment_status":"open","ping_status":"closed","template":"","meta":[],"product_brand":[],"product_cat":[119],"product_tag":[],"class_list":{"0":"post-1694","1":"product","2":"type-product","3":"status-publish","4":"has-post-thumbnail","6":"product_cat-formatkreissagen","7":"product_shipping_class-classe-10-de","9":"first","10":"instock","11":"sale","12":"shipping-taxable","13":"purchasable","14":"product-type-simple"},"yoast_head":"<!-- This site is optimized with the Yoast SEO plugin v27.1 - https:\/\/yoast.com\/product\/yoast-seo-wordpress\/ -->\n<title>Formatkreiss\u00e4ge f\u00fcr Holzbearbeitung TSX 3200 Professional - Tecnosuisse<\/title>\n<meta name=\"robots\" content=\"index, follow, max-snippet:-1, max-image-preview:large, max-video-preview:-1\" \/>\n<link rel=\"canonical\" href=\"https:\/\/www.tecnosuissesa.com\/de\/produkt\/formatkreissage-fur-holzbearbeitung-tsx-3200-professional\/\" \/>\n<meta property=\"og:locale\" content=\"de_DE\" \/>\n<meta property=\"og:type\" content=\"article\" \/>\n<meta property=\"og:title\" content=\"Formatkreiss\u00e4ge f\u00fcr Holzbearbeitung TSX 3200 Professional - Tecnosuisse\" \/>\n<meta property=\"og:description\" content=\"Formatkreiss\u00e4ge f\u00fcr Holzbearbeitung TSX 3200 Professional  Professioneller Formatkreissaege mit Kreiss\u00e4ge \u00d8 300 mm, Graveur mit variabler Geschwindigkeit, integrierter Fr\u00e4se (Toupie) und Wagen f\u00fcr Formatschnitt auf Wagen 3200 mm\" \/>\n<meta property=\"og:url\" content=\"https:\/\/www.tecnosuissesa.com\/de\/produkt\/formatkreissage-fur-holzbearbeitung-tsx-3200-professional\/\" \/>\n<meta property=\"og:site_name\" content=\"Tecnosuisse\" \/>\n<meta property=\"article:publisher\" content=\"https:\/\/www.facebook.com\/tecnosuisse\/\" \/>\n<meta property=\"og:image\" content=\"https:\/\/www.tecnosuissesa.com\/wp-content\/uploads\/2017\/10\/foto1.jpg\" \/>\n\t<meta property=\"og:image:width\" content=\"1024\" \/>\n\t<meta property=\"og:image:height\" content=\"768\" \/>\n\t<meta property=\"og:image:type\" content=\"image\/jpeg\" \/>\n<meta name=\"twitter:card\" content=\"summary_large_image\" \/>\n<meta name=\"twitter:label1\" content=\"Gesch\u00e4tzte Lesezeit\" \/>\n\t<meta name=\"twitter:data1\" content=\"2\u00a0Minuten\" \/>\n<script type=\"application\/ld+json\" class=\"yoast-schema-graph\">{\"@context\":\"https:\/\/schema.org\",\"@graph\":[{\"@type\":\"WebPage\",\"@id\":\"https:\/\/www.tecnosuissesa.com\/de\/produkt\/formatkreissage-fur-holzbearbeitung-tsx-3200-professional\/\",\"url\":\"https:\/\/www.tecnosuissesa.com\/de\/produkt\/formatkreissage-fur-holzbearbeitung-tsx-3200-professional\/\",\"name\":\"Formatkreiss\u00e4ge f\u00fcr Holzbearbeitung TSX 3200 Professional - Tecnosuisse\",\"isPartOf\":{\"@id\":\"https:\/\/www.tecnosuissesa.com\/it\/#website\"},\"primaryImageOfPage\":{\"@id\":\"https:\/\/www.tecnosuissesa.com\/de\/produkt\/formatkreissage-fur-holzbearbeitung-tsx-3200-professional\/#primaryimage\"},\"image\":{\"@id\":\"https:\/\/www.tecnosuissesa.com\/de\/produkt\/formatkreissage-fur-holzbearbeitung-tsx-3200-professional\/#primaryimage\"},\"thumbnailUrl\":\"https:\/\/www.tecnosuissesa.com\/wp-content\/uploads\/2017\/10\/foto1.jpg\",\"datePublished\":\"2017-10-03T12:48:24+00:00\",\"breadcrumb\":{\"@id\":\"https:\/\/www.tecnosuissesa.com\/de\/produkt\/formatkreissage-fur-holzbearbeitung-tsx-3200-professional\/#breadcrumb\"},\"inLanguage\":\"de\",\"potentialAction\":[{\"@type\":\"ReadAction\",\"target\":[\"https:\/\/www.tecnosuissesa.com\/de\/produkt\/formatkreissage-fur-holzbearbeitung-tsx-3200-professional\/\"]}]},{\"@type\":\"ImageObject\",\"inLanguage\":\"de\",\"@id\":\"https:\/\/www.tecnosuissesa.com\/de\/produkt\/formatkreissage-fur-holzbearbeitung-tsx-3200-professional\/#primaryimage\",\"url\":\"https:\/\/www.tecnosuissesa.com\/wp-content\/uploads\/2017\/10\/foto1.jpg\",\"contentUrl\":\"https:\/\/www.tecnosuissesa.com\/wp-content\/uploads\/2017\/10\/foto1.jpg\",\"width\":1024,\"height\":768},{\"@type\":\"BreadcrumbList\",\"@id\":\"https:\/\/www.tecnosuissesa.com\/de\/produkt\/formatkreissage-fur-holzbearbeitung-tsx-3200-professional\/#breadcrumb\",\"itemListElement\":[{\"@type\":\"ListItem\",\"position\":1,\"name\":\"Home\",\"item\":\"https:\/\/www.tecnosuissesa.com\/de\/\"},{\"@type\":\"ListItem\",\"position\":2,\"name\":\"Vendita di Macchine Utensili per Legno e per Metalli\",\"item\":\"https:\/\/www.tecnosuissesa.com\/it\/vendita-macchine-utensili\/\"},{\"@type\":\"ListItem\",\"position\":3,\"name\":\"Formatkreiss\u00e4ge f\u00fcr Holzbearbeitung TSX 3200 Professional\"}]},{\"@type\":\"WebSite\",\"@id\":\"https:\/\/www.tecnosuissesa.com\/it\/#website\",\"url\":\"https:\/\/www.tecnosuissesa.com\/it\/\",\"name\":\"Tecnosuisse\",\"description\":\"Macchine Utensili per Legno e Metalli\",\"publisher\":{\"@id\":\"https:\/\/www.tecnosuissesa.com\/it\/#organization\"},\"potentialAction\":[{\"@type\":\"SearchAction\",\"target\":{\"@type\":\"EntryPoint\",\"urlTemplate\":\"https:\/\/www.tecnosuissesa.com\/it\/?s={search_term_string}\"},\"query-input\":{\"@type\":\"PropertyValueSpecification\",\"valueRequired\":true,\"valueName\":\"search_term_string\"}}],\"inLanguage\":\"de\"},{\"@type\":\"Organization\",\"@id\":\"https:\/\/www.tecnosuissesa.com\/it\/#organization\",\"name\":\"Tecnosuisse\",\"url\":\"https:\/\/www.tecnosuissesa.com\/it\/\",\"logo\":{\"@type\":\"ImageObject\",\"inLanguage\":\"de\",\"@id\":\"https:\/\/www.tecnosuissesa.com\/it\/#\/schema\/logo\/image\/\",\"url\":\"https:\/\/www.tecnosuissesa.com\/wp-content\/uploads\/2017\/08\/Logo_TecnoSuisse_627x627.png\",\"contentUrl\":\"https:\/\/www.tecnosuissesa.com\/wp-content\/uploads\/2017\/08\/Logo_TecnoSuisse_627x627.png\",\"width\":627,\"height\":627,\"caption\":\"Tecnosuisse\"},\"image\":{\"@id\":\"https:\/\/www.tecnosuissesa.com\/it\/#\/schema\/logo\/image\/\"},\"sameAs\":[\"https:\/\/www.facebook.com\/tecnosuisse\/\",\"https:\/\/www.youtube.com\/channel\/UCSoxFNkw8ZiE4jP9OY8AdFg\"]}]}<\/script>\n<!-- \/ Yoast SEO plugin. -->","yoast_head_json":{"title":"Formatkreiss\u00e4ge f\u00fcr Holzbearbeitung TSX 3200 Professional - Tecnosuisse","robots":{"index":"index","follow":"follow","max-snippet":"max-snippet:-1","max-image-preview":"max-image-preview:large","max-video-preview":"max-video-preview:-1"},"canonical":"https:\/\/www.tecnosuissesa.com\/de\/produkt\/formatkreissage-fur-holzbearbeitung-tsx-3200-professional\/","og_locale":"de_DE","og_type":"article","og_title":"Formatkreiss\u00e4ge f\u00fcr Holzbearbeitung TSX 3200 Professional - Tecnosuisse","og_description":"Formatkreiss\u00e4ge f\u00fcr Holzbearbeitung TSX 3200 Professional  Professioneller Formatkreissaege mit Kreiss\u00e4ge \u00d8 300 mm, Graveur mit variabler Geschwindigkeit, integrierter Fr\u00e4se (Toupie) und Wagen f\u00fcr Formatschnitt auf Wagen 3200 mm","og_url":"https:\/\/www.tecnosuissesa.com\/de\/produkt\/formatkreissage-fur-holzbearbeitung-tsx-3200-professional\/","og_site_name":"Tecnosuisse","article_publisher":"https:\/\/www.facebook.com\/tecnosuisse\/","og_image":[{"width":1024,"height":768,"url":"https:\/\/www.tecnosuissesa.com\/wp-content\/uploads\/2017\/10\/foto1.jpg","type":"image\/jpeg"}],"twitter_card":"summary_large_image","twitter_misc":{"Gesch\u00e4tzte Lesezeit":"2\u00a0Minuten"},"schema":{"@context":"https:\/\/schema.org","@graph":[{"@type":"WebPage","@id":"https:\/\/www.tecnosuissesa.com\/de\/produkt\/formatkreissage-fur-holzbearbeitung-tsx-3200-professional\/","url":"https:\/\/www.tecnosuissesa.com\/de\/produkt\/formatkreissage-fur-holzbearbeitung-tsx-3200-professional\/","name":"Formatkreiss\u00e4ge f\u00fcr Holzbearbeitung TSX 3200 Professional - Tecnosuisse","isPartOf":{"@id":"https:\/\/www.tecnosuissesa.com\/it\/#website"},"primaryImageOfPage":{"@id":"https:\/\/www.tecnosuissesa.com\/de\/produkt\/formatkreissage-fur-holzbearbeitung-tsx-3200-professional\/#primaryimage"},"image":{"@id":"https:\/\/www.tecnosuissesa.com\/de\/produkt\/formatkreissage-fur-holzbearbeitung-tsx-3200-professional\/#primaryimage"},"thumbnailUrl":"https:\/\/www.tecnosuissesa.com\/wp-content\/uploads\/2017\/10\/foto1.jpg","datePublished":"2017-10-03T12:48:24+00:00","breadcrumb":{"@id":"https:\/\/www.tecnosuissesa.com\/de\/produkt\/formatkreissage-fur-holzbearbeitung-tsx-3200-professional\/#breadcrumb"},"inLanguage":"de","potentialAction":[{"@type":"ReadAction","target":["https:\/\/www.tecnosuissesa.com\/de\/produkt\/formatkreissage-fur-holzbearbeitung-tsx-3200-professional\/"]}]},{"@type":"ImageObject","inLanguage":"de","@id":"https:\/\/www.tecnosuissesa.com\/de\/produkt\/formatkreissage-fur-holzbearbeitung-tsx-3200-professional\/#primaryimage","url":"https:\/\/www.tecnosuissesa.com\/wp-content\/uploads\/2017\/10\/foto1.jpg","contentUrl":"https:\/\/www.tecnosuissesa.com\/wp-content\/uploads\/2017\/10\/foto1.jpg","width":1024,"height":768},{"@type":"BreadcrumbList","@id":"https:\/\/www.tecnosuissesa.com\/de\/produkt\/formatkreissage-fur-holzbearbeitung-tsx-3200-professional\/#breadcrumb","itemListElement":[{"@type":"ListItem","position":1,"name":"Home","item":"https:\/\/www.tecnosuissesa.com\/de\/"},{"@type":"ListItem","position":2,"name":"Vendita di Macchine Utensili per Legno e per Metalli","item":"https:\/\/www.tecnosuissesa.com\/it\/vendita-macchine-utensili\/"},{"@type":"ListItem","position":3,"name":"Formatkreiss\u00e4ge f\u00fcr Holzbearbeitung TSX 3200 Professional"}]},{"@type":"WebSite","@id":"https:\/\/www.tecnosuissesa.com\/it\/#website","url":"https:\/\/www.tecnosuissesa.com\/it\/","name":"Tecnosuisse","description":"Macchine Utensili per Legno e Metalli","publisher":{"@id":"https:\/\/www.tecnosuissesa.com\/it\/#organization"},"potentialAction":[{"@type":"SearchAction","target":{"@type":"EntryPoint","urlTemplate":"https:\/\/www.tecnosuissesa.com\/it\/?s={search_term_string}"},"query-input":{"@type":"PropertyValueSpecification","valueRequired":true,"valueName":"search_term_string"}}],"inLanguage":"de"},{"@type":"Organization","@id":"https:\/\/www.tecnosuissesa.com\/it\/#organization","name":"Tecnosuisse","url":"https:\/\/www.tecnosuissesa.com\/it\/","logo":{"@type":"ImageObject","inLanguage":"de","@id":"https:\/\/www.tecnosuissesa.com\/it\/#\/schema\/logo\/image\/","url":"https:\/\/www.tecnosuissesa.com\/wp-content\/uploads\/2017\/08\/Logo_TecnoSuisse_627x627.png","contentUrl":"https:\/\/www.tecnosuissesa.com\/wp-content\/uploads\/2017\/08\/Logo_TecnoSuisse_627x627.png","width":627,"height":627,"caption":"Tecnosuisse"},"image":{"@id":"https:\/\/www.tecnosuissesa.com\/it\/#\/schema\/logo\/image\/"},"sameAs":["https:\/\/www.facebook.com\/tecnosuisse\/","https:\/\/www.youtube.com\/channel\/UCSoxFNkw8ZiE4jP9OY8AdFg"]}]}},"_links":{"self":[{"href":"https:\/\/www.tecnosuissesa.com\/de\/wp-json\/wp\/v2\/product\/1694","targetHints":{"allow":["GET"]}}],"collection":[{"href":"https:\/\/www.tecnosuissesa.com\/de\/wp-json\/wp\/v2\/product"}],"about":[{"href":"https:\/\/www.tecnosuissesa.com\/de\/wp-json\/wp\/v2\/types\/product"}],"replies":[{"embeddable":true,"href":"https:\/\/www.tecnosuissesa.com\/de\/wp-json\/wp\/v2\/comments?post=1694"}],"wp:featuredmedia":[{"embeddable":true,"href":"https:\/\/www.tecnosuissesa.com\/de\/wp-json\/wp\/v2\/media\/1686"}],"wp:attachment":[{"href":"https:\/\/www.tecnosuissesa.com\/de\/wp-json\/wp\/v2\/media?parent=1694"}],"wp:term":[{"taxonomy":"product_brand","embeddable":true,"href":"https:\/\/www.tecnosuissesa.com\/de\/wp-json\/wp\/v2\/product_brand?post=1694"},{"taxonomy":"product_cat","embeddable":true,"href":"https:\/\/www.tecnosuissesa.com\/de\/wp-json\/wp\/v2\/product_cat?post=1694"},{"taxonomy":"product_tag","embeddable":true,"href":"https:\/\/www.tecnosuissesa.com\/de\/wp-json\/wp\/v2\/product_tag?post=1694"}],"curies":[{"name":"wp","href":"https:\/\/api.w.org\/{rel}","templated":true}]}}