{"id":1614,"date":"2017-10-02T17:46:40","date_gmt":"2017-10-02T15:46:40","guid":{"rendered":"https:\/\/www.tecnosuissesa.com\/product\/schleifmaschine-fur-holz-professionelle-olimpic\/"},"modified":"2017-10-02T17:46:40","modified_gmt":"2017-10-02T15:46:40","slug":"schleifmaschine-fur-holz-professionelle-olimpic","status":"publish","type":"product","link":"https:\/\/www.tecnosuissesa.com\/de\/product\/schleifmaschine-fur-holz-professionelle-olimpic\/","title":{"rendered":"Schleifmaschine f\u00fcr Holz Professionelle OLIMPIC"},"content":{"rendered":"<p>Unterbau mit doppelter Schulter mit einem \u201eC-Profil\u201c f\u00fcr die Verarbeitung von l\u00e4ngeren Werkst\u00fccken als der Arbeitstisch und so hoch wie der senkrechte Hub des Tisches. Dickes Metalltragwerk und verst\u00e4rkt mit Innenrippen und ausgeglichenen Riemenscheiben auf \u201e0 Gramm\u201c, um Vibrationen w\u00e4hrend der Verarbeitung zu vermeiden. Drei- oder einphasiger Motor, manuelles Heben des Tisches, vibrationsarmer verst\u00e4rkter Arbeitstisch, mit Bewegung auf 4 Rollen mit 2 Kugellagern, Spanner (Aluminium\/Eisen) des Schleifbandes mittels Schwungrad und Feder, Bandzentrierung auf die verschiedenen L\u00e4ngen regulierbar, Schleifpuffer mit hoher Sensibilit\u00e4t mit Federn, Gummi und reibungsd\u00e4mpfendem Graphittuch. Auf Anfrage ist die Motorisierung f\u00fcr das Heben des Tisches verf\u00fcgbar. Auch mit Arbeitstisch mit 2200 mm verf\u00fcgbar.<\/p>\n<p>&nbsp;<\/p>\n<table>\n<tbody>\n<tr>\n<td colspan=\"2\"><strong>TECHNISCHE DATEN<\/strong><\/td>\n<\/tr>\n<tr>\n<td colspan=\"2\"><strong>ABMESSUNGEN<\/strong><\/td>\n<\/tr>\n<tr>\n<td>Mit Tisch zu 1500 mm<\/td>\n<td>1200x1200x1500 mm<\/td>\n<\/tr>\n<tr>\n<td>Mit Tisch zu 2200 mm<\/td>\n<td>1200x1200x2200 mm<\/td>\n<\/tr>\n<tr>\n<td colspan=\"2\"><strong>SPEZIFIKATIONEN<\/strong><\/td>\n<\/tr>\n<tr>\n<td>Querhub<\/td>\n<td>650 mm<\/td>\n<\/tr>\n<tr>\n<td>Vertikalhub<\/td>\n<td>700 mm<\/td>\n<\/tr>\n<tr>\n<td>Durchmesser Ansauganschl\u00fcsse<\/td>\n<td>100 mm<\/td>\n<\/tr>\n<tr>\n<td>Durchmesser der Riemenscheiben<\/td>\n<td>185 mm<\/td>\n<\/tr>\n<tr>\n<td>Max. Breite Bandes<\/td>\n<td>120 mm<\/td>\n<\/tr>\n<tr>\n<td>L\u00e4nge des Bandes<\/td>\n<td>4640 mm<\/td>\n<\/tr>\n<tr>\n<td>Motorleistung<\/td>\n<td>3 Hp<\/td>\n<\/tr>\n<tr>\n<td>Gewicht<\/td>\n<td>300 kg<\/td>\n<\/tr>\n<\/tbody>\n<\/table>\n","protected":false},"excerpt":{"rendered":"<p><span lang=\"de\" xml:lang=\"de\">Schleifmaschine f\u00fcr Holz OLIMPIC p<\/span><span lang=\"de\" xml:lang=\"de\">rofessionelle Schleifmaschine mit Schleifband f\u00fcr die Bearbeitung langer Holzachsen<\/span><\/p>\n","protected":false},"featured_media":1612,"comment_status":"open","ping_status":"closed","template":"","meta":[],"product_brand":[],"product_cat":[62],"product_tag":[],"class_list":{"0":"post-1614","1":"product","2":"type-product","3":"status-publish","4":"has-post-thumbnail","6":"product_cat-kantenschleifmaschinen","7":"product_shipping_class-classe-10-de","9":"first","10":"instock","11":"shipping-taxable","12":"purchasable","13":"product-type-simple"},"yoast_head":"<!-- This site is optimized with the Yoast SEO plugin v27.1 - https:\/\/yoast.com\/product\/yoast-seo-wordpress\/ -->\n<title>Schleifmaschine f\u00fcr Holz Professionelle OLIMPIC - Tecnosuisse<\/title>\n<meta name=\"robots\" content=\"index, follow, max-snippet:-1, max-image-preview:large, max-video-preview:-1\" \/>\n<link rel=\"canonical\" href=\"https:\/\/www.tecnosuissesa.com\/de\/produkt\/schleifmaschine-fur-holz-professionelle-olimpic\/\" \/>\n<meta property=\"og:locale\" content=\"de_DE\" \/>\n<meta property=\"og:type\" content=\"article\" \/>\n<meta property=\"og:title\" content=\"Schleifmaschine f\u00fcr Holz Professionelle OLIMPIC - Tecnosuisse\" \/>\n<meta property=\"og:description\" content=\"Schleifmaschine f\u00fcr Holz OLIMPIC professionelle Schleifmaschine mit Schleifband f\u00fcr die Bearbeitung langer Holzachsen\" \/>\n<meta property=\"og:url\" content=\"https:\/\/www.tecnosuissesa.com\/de\/produkt\/schleifmaschine-fur-holz-professionelle-olimpic\/\" \/>\n<meta property=\"og:site_name\" content=\"Tecnosuisse\" \/>\n<meta property=\"article:publisher\" content=\"https:\/\/www.facebook.com\/tecnosuisse\/\" \/>\n<meta property=\"og:image\" content=\"https:\/\/www.tecnosuissesa.com\/wp-content\/uploads\/2017\/10\/levigatrice-per-legno-professionale-olimpic.jpg\" \/>\n\t<meta property=\"og:image:width\" content=\"800\" \/>\n\t<meta property=\"og:image:height\" content=\"800\" \/>\n\t<meta property=\"og:image:type\" content=\"image\/jpeg\" \/>\n<meta name=\"twitter:card\" content=\"summary_large_image\" \/>\n<meta name=\"twitter:label1\" content=\"Gesch\u00e4tzte Lesezeit\" \/>\n\t<meta name=\"twitter:data1\" content=\"1\u00a0Minute\" \/>\n<script type=\"application\/ld+json\" class=\"yoast-schema-graph\">{\"@context\":\"https:\/\/schema.org\",\"@graph\":[{\"@type\":\"WebPage\",\"@id\":\"https:\/\/www.tecnosuissesa.com\/de\/produkt\/schleifmaschine-fur-holz-professionelle-olimpic\/\",\"url\":\"https:\/\/www.tecnosuissesa.com\/de\/produkt\/schleifmaschine-fur-holz-professionelle-olimpic\/\",\"name\":\"Schleifmaschine f\u00fcr Holz Professionelle OLIMPIC - Tecnosuisse\",\"isPartOf\":{\"@id\":\"https:\/\/www.tecnosuissesa.com\/it\/#website\"},\"primaryImageOfPage\":{\"@id\":\"https:\/\/www.tecnosuissesa.com\/de\/produkt\/schleifmaschine-fur-holz-professionelle-olimpic\/#primaryimage\"},\"image\":{\"@id\":\"https:\/\/www.tecnosuissesa.com\/de\/produkt\/schleifmaschine-fur-holz-professionelle-olimpic\/#primaryimage\"},\"thumbnailUrl\":\"https:\/\/www.tecnosuissesa.com\/wp-content\/uploads\/2017\/10\/levigatrice-per-legno-professionale-olimpic.jpg\",\"datePublished\":\"2017-10-02T15:46:40+00:00\",\"breadcrumb\":{\"@id\":\"https:\/\/www.tecnosuissesa.com\/de\/produkt\/schleifmaschine-fur-holz-professionelle-olimpic\/#breadcrumb\"},\"inLanguage\":\"de\",\"potentialAction\":[{\"@type\":\"ReadAction\",\"target\":[\"https:\/\/www.tecnosuissesa.com\/de\/produkt\/schleifmaschine-fur-holz-professionelle-olimpic\/\"]}]},{\"@type\":\"ImageObject\",\"inLanguage\":\"de\",\"@id\":\"https:\/\/www.tecnosuissesa.com\/de\/produkt\/schleifmaschine-fur-holz-professionelle-olimpic\/#primaryimage\",\"url\":\"https:\/\/www.tecnosuissesa.com\/wp-content\/uploads\/2017\/10\/levigatrice-per-legno-professionale-olimpic.jpg\",\"contentUrl\":\"https:\/\/www.tecnosuissesa.com\/wp-content\/uploads\/2017\/10\/levigatrice-per-legno-professionale-olimpic.jpg\",\"width\":800,\"height\":800},{\"@type\":\"BreadcrumbList\",\"@id\":\"https:\/\/www.tecnosuissesa.com\/de\/produkt\/schleifmaschine-fur-holz-professionelle-olimpic\/#breadcrumb\",\"itemListElement\":[{\"@type\":\"ListItem\",\"position\":1,\"name\":\"Home\",\"item\":\"https:\/\/www.tecnosuissesa.com\/de\/\"},{\"@type\":\"ListItem\",\"position\":2,\"name\":\"Vendita di Macchine Utensili per Legno e per Metalli\",\"item\":\"https:\/\/www.tecnosuissesa.com\/it\/vendita-macchine-utensili\/\"},{\"@type\":\"ListItem\",\"position\":3,\"name\":\"Schleifmaschine f\u00fcr Holz Professionelle OLIMPIC\"}]},{\"@type\":\"WebSite\",\"@id\":\"https:\/\/www.tecnosuissesa.com\/it\/#website\",\"url\":\"https:\/\/www.tecnosuissesa.com\/it\/\",\"name\":\"Tecnosuisse\",\"description\":\"Macchine Utensili per Legno e Metalli\",\"publisher\":{\"@id\":\"https:\/\/www.tecnosuissesa.com\/it\/#organization\"},\"potentialAction\":[{\"@type\":\"SearchAction\",\"target\":{\"@type\":\"EntryPoint\",\"urlTemplate\":\"https:\/\/www.tecnosuissesa.com\/it\/?s={search_term_string}\"},\"query-input\":{\"@type\":\"PropertyValueSpecification\",\"valueRequired\":true,\"valueName\":\"search_term_string\"}}],\"inLanguage\":\"de\"},{\"@type\":\"Organization\",\"@id\":\"https:\/\/www.tecnosuissesa.com\/it\/#organization\",\"name\":\"Tecnosuisse\",\"url\":\"https:\/\/www.tecnosuissesa.com\/it\/\",\"logo\":{\"@type\":\"ImageObject\",\"inLanguage\":\"de\",\"@id\":\"https:\/\/www.tecnosuissesa.com\/it\/#\/schema\/logo\/image\/\",\"url\":\"https:\/\/www.tecnosuissesa.com\/wp-content\/uploads\/2017\/08\/Logo_TecnoSuisse_627x627.png\",\"contentUrl\":\"https:\/\/www.tecnosuissesa.com\/wp-content\/uploads\/2017\/08\/Logo_TecnoSuisse_627x627.png\",\"width\":627,\"height\":627,\"caption\":\"Tecnosuisse\"},\"image\":{\"@id\":\"https:\/\/www.tecnosuissesa.com\/it\/#\/schema\/logo\/image\/\"},\"sameAs\":[\"https:\/\/www.facebook.com\/tecnosuisse\/\",\"https:\/\/www.youtube.com\/channel\/UCSoxFNkw8ZiE4jP9OY8AdFg\"]}]}<\/script>\n<!-- \/ Yoast SEO plugin. -->","yoast_head_json":{"title":"Schleifmaschine f\u00fcr Holz Professionelle OLIMPIC - Tecnosuisse","robots":{"index":"index","follow":"follow","max-snippet":"max-snippet:-1","max-image-preview":"max-image-preview:large","max-video-preview":"max-video-preview:-1"},"canonical":"https:\/\/www.tecnosuissesa.com\/de\/produkt\/schleifmaschine-fur-holz-professionelle-olimpic\/","og_locale":"de_DE","og_type":"article","og_title":"Schleifmaschine f\u00fcr Holz Professionelle OLIMPIC - Tecnosuisse","og_description":"Schleifmaschine f\u00fcr Holz OLIMPIC professionelle Schleifmaschine mit Schleifband f\u00fcr die Bearbeitung langer Holzachsen","og_url":"https:\/\/www.tecnosuissesa.com\/de\/produkt\/schleifmaschine-fur-holz-professionelle-olimpic\/","og_site_name":"Tecnosuisse","article_publisher":"https:\/\/www.facebook.com\/tecnosuisse\/","og_image":[{"width":800,"height":800,"url":"https:\/\/www.tecnosuissesa.com\/wp-content\/uploads\/2017\/10\/levigatrice-per-legno-professionale-olimpic.jpg","type":"image\/jpeg"}],"twitter_card":"summary_large_image","twitter_misc":{"Gesch\u00e4tzte Lesezeit":"1\u00a0Minute"},"schema":{"@context":"https:\/\/schema.org","@graph":[{"@type":"WebPage","@id":"https:\/\/www.tecnosuissesa.com\/de\/produkt\/schleifmaschine-fur-holz-professionelle-olimpic\/","url":"https:\/\/www.tecnosuissesa.com\/de\/produkt\/schleifmaschine-fur-holz-professionelle-olimpic\/","name":"Schleifmaschine f\u00fcr Holz Professionelle OLIMPIC - Tecnosuisse","isPartOf":{"@id":"https:\/\/www.tecnosuissesa.com\/it\/#website"},"primaryImageOfPage":{"@id":"https:\/\/www.tecnosuissesa.com\/de\/produkt\/schleifmaschine-fur-holz-professionelle-olimpic\/#primaryimage"},"image":{"@id":"https:\/\/www.tecnosuissesa.com\/de\/produkt\/schleifmaschine-fur-holz-professionelle-olimpic\/#primaryimage"},"thumbnailUrl":"https:\/\/www.tecnosuissesa.com\/wp-content\/uploads\/2017\/10\/levigatrice-per-legno-professionale-olimpic.jpg","datePublished":"2017-10-02T15:46:40+00:00","breadcrumb":{"@id":"https:\/\/www.tecnosuissesa.com\/de\/produkt\/schleifmaschine-fur-holz-professionelle-olimpic\/#breadcrumb"},"inLanguage":"de","potentialAction":[{"@type":"ReadAction","target":["https:\/\/www.tecnosuissesa.com\/de\/produkt\/schleifmaschine-fur-holz-professionelle-olimpic\/"]}]},{"@type":"ImageObject","inLanguage":"de","@id":"https:\/\/www.tecnosuissesa.com\/de\/produkt\/schleifmaschine-fur-holz-professionelle-olimpic\/#primaryimage","url":"https:\/\/www.tecnosuissesa.com\/wp-content\/uploads\/2017\/10\/levigatrice-per-legno-professionale-olimpic.jpg","contentUrl":"https:\/\/www.tecnosuissesa.com\/wp-content\/uploads\/2017\/10\/levigatrice-per-legno-professionale-olimpic.jpg","width":800,"height":800},{"@type":"BreadcrumbList","@id":"https:\/\/www.tecnosuissesa.com\/de\/produkt\/schleifmaschine-fur-holz-professionelle-olimpic\/#breadcrumb","itemListElement":[{"@type":"ListItem","position":1,"name":"Home","item":"https:\/\/www.tecnosuissesa.com\/de\/"},{"@type":"ListItem","position":2,"name":"Vendita di Macchine Utensili per Legno e per Metalli","item":"https:\/\/www.tecnosuissesa.com\/it\/vendita-macchine-utensili\/"},{"@type":"ListItem","position":3,"name":"Schleifmaschine f\u00fcr Holz Professionelle OLIMPIC"}]},{"@type":"WebSite","@id":"https:\/\/www.tecnosuissesa.com\/it\/#website","url":"https:\/\/www.tecnosuissesa.com\/it\/","name":"Tecnosuisse","description":"Macchine Utensili per Legno e Metalli","publisher":{"@id":"https:\/\/www.tecnosuissesa.com\/it\/#organization"},"potentialAction":[{"@type":"SearchAction","target":{"@type":"EntryPoint","urlTemplate":"https:\/\/www.tecnosuissesa.com\/it\/?s={search_term_string}"},"query-input":{"@type":"PropertyValueSpecification","valueRequired":true,"valueName":"search_term_string"}}],"inLanguage":"de"},{"@type":"Organization","@id":"https:\/\/www.tecnosuissesa.com\/it\/#organization","name":"Tecnosuisse","url":"https:\/\/www.tecnosuissesa.com\/it\/","logo":{"@type":"ImageObject","inLanguage":"de","@id":"https:\/\/www.tecnosuissesa.com\/it\/#\/schema\/logo\/image\/","url":"https:\/\/www.tecnosuissesa.com\/wp-content\/uploads\/2017\/08\/Logo_TecnoSuisse_627x627.png","contentUrl":"https:\/\/www.tecnosuissesa.com\/wp-content\/uploads\/2017\/08\/Logo_TecnoSuisse_627x627.png","width":627,"height":627,"caption":"Tecnosuisse"},"image":{"@id":"https:\/\/www.tecnosuissesa.com\/it\/#\/schema\/logo\/image\/"},"sameAs":["https:\/\/www.facebook.com\/tecnosuisse\/","https:\/\/www.youtube.com\/channel\/UCSoxFNkw8ZiE4jP9OY8AdFg"]}]}},"_links":{"self":[{"href":"https:\/\/www.tecnosuissesa.com\/de\/wp-json\/wp\/v2\/product\/1614","targetHints":{"allow":["GET"]}}],"collection":[{"href":"https:\/\/www.tecnosuissesa.com\/de\/wp-json\/wp\/v2\/product"}],"about":[{"href":"https:\/\/www.tecnosuissesa.com\/de\/wp-json\/wp\/v2\/types\/product"}],"replies":[{"embeddable":true,"href":"https:\/\/www.tecnosuissesa.com\/de\/wp-json\/wp\/v2\/comments?post=1614"}],"wp:featuredmedia":[{"embeddable":true,"href":"https:\/\/www.tecnosuissesa.com\/de\/wp-json\/wp\/v2\/media\/1612"}],"wp:attachment":[{"href":"https:\/\/www.tecnosuissesa.com\/de\/wp-json\/wp\/v2\/media?parent=1614"}],"wp:term":[{"taxonomy":"product_brand","embeddable":true,"href":"https:\/\/www.tecnosuissesa.com\/de\/wp-json\/wp\/v2\/product_brand?post=1614"},{"taxonomy":"product_cat","embeddable":true,"href":"https:\/\/www.tecnosuissesa.com\/de\/wp-json\/wp\/v2\/product_cat?post=1614"},{"taxonomy":"product_tag","embeddable":true,"href":"https:\/\/www.tecnosuissesa.com\/de\/wp-json\/wp\/v2\/product_tag?post=1614"}],"curies":[{"name":"wp","href":"https:\/\/api.w.org\/{rel}","templated":true}]}}