{"id":1590,"date":"2017-10-02T17:12:09","date_gmt":"2017-10-02T15:12:09","guid":{"rendered":"https:\/\/www.tecnosuissesa.com\/product\/schleifmaschine-fur-holz-mit-schleifband-star-100\/"},"modified":"2017-10-02T17:12:09","modified_gmt":"2017-10-02T15:12:09","slug":"schleifmaschine-fur-holz-mit-schleifband-star-100","status":"publish","type":"product","link":"https:\/\/www.tecnosuissesa.com\/de\/product\/schleifmaschine-fur-holz-mit-schleifband-star-100\/","title":{"rendered":"Schleifmaschine f\u00fcr Holz mit Schleifband STAR 100"},"content":{"rendered":"<p>Dies ist eine Schleifmaschine, die Kanten, Dr\u00e4hte, gerade oder geneigte, abgerundete und konvexe Kopfbretter aus Holz, Eisen, Aluminium oder Kunststoffen usw. schleifen kann. Der automatische Mechanismus mit Eigenschwingung erklaubt eine lange Lebensdauer der B\u00e4nder, ohne dass sie vorzeitig verschlissen sind und garantiert eine hohe Qualit\u00e4t der Feinbearbeitung und absolute Zufriedenheit mit dem Produkt. Auf ausgeglichenen Riemenscheiben arbeitend, ist das Band in alle Winkel neigbar, so wie auch der Nachpr\u00fcfungswinkelmesser. Der Arbeitstisch ist aus Gusseisen und ist dank einer Feder bequem in der H\u00f6he regulierbar; die Nachpr\u00fcfungsf\u00fchrungsschiene ist einstellbar. Die Maschine ist mit einem kr\u00e4ftigen Bandspanner ausger\u00fcstet. Der Unterbau enth\u00e4lt ein grosses Ablagefach mit 2 T\u00fcrfl\u00fcgeln. So wie alle anderen Maschinen von DAMATOMACCHINE ist auch diese Schleifmaschine sehr leise und entspricht der europ\u00e4ischen Sicherheitsrichtlinie mit Marke \u201eCE\u201c.<\/p>\n<table>\n<tbody>\n<tr>\n<td colspan=\"2\"><strong>TECHNISCHE DATEN<\/strong><\/td>\n<\/tr>\n<tr>\n<td colspan=\"2\"><strong>ABMESSUNGEN<\/strong><\/td>\n<\/tr>\n<tr>\n<td>Platzbedarf<\/td>\n<td>1440 mm (L\u00e4nge) x 700 mm (Breite) x 1030 mm (H\u00f6he)<\/td>\n<\/tr>\n<tr>\n<td>Nettogewicht der Maschine<\/td>\n<td>110 kg<\/td>\n<\/tr>\n<tr>\n<td colspan=\"2\"><strong>SPEZIFIKATIONEN<\/strong><\/td>\n<\/tr>\n<tr>\n<td>Bandl\u00e4nge<\/td>\n<td>2520 mm<\/td>\n<\/tr>\n<tr>\n<td>Max. L\u00e4nge, die auf dem Arbeitstisch bearbeitet werden kann<\/td>\n<td>1000 mm<\/td>\n<\/tr>\n<tr>\n<td>Bandvorschubgeschwindigkeit<\/td>\n<td>900 m\/Min.<\/td>\n<\/tr>\n<tr>\n<td>Bandbreite<\/td>\n<td>150 mm<\/td>\n<\/tr>\n<tr>\n<td>Abmessung des festen Arbeitstisches<\/td>\n<td>850 x 300 mm<\/td>\n<\/tr>\n<tr>\n<td>Durchmesser Ansaug\u00f6ffnung<\/td>\n<td>100 mm<\/td>\n<\/tr>\n<tr>\n<td colspan=\"2\"><strong>MOTOR<\/strong><\/td>\n<\/tr>\n<tr>\n<td>Leistung<\/td>\n<td>220 W<\/td>\n<\/tr>\n<tr>\n<td>Typ<\/td>\n<td>Einphasig (2HP-1500 W)<\/td>\n<\/tr>\n<\/tbody>\n<\/table>\n","protected":false},"excerpt":{"rendered":"<p><span lang=\"de\" xml:lang=\"de\">Schleifmaschine f\u00fcr Holz mit Schleifband STAR 100 D<\/span><span lang=\"de\" xml:lang=\"de\">ies ist eine Schleifmaschine, die Kanten, Dr\u00e4hte, gerade oder geneigte, abgerundete und konvexe Kopfbretter aus Holz, Eisen schleifen kann<\/span><\/p>\n","protected":false},"featured_media":1582,"comment_status":"open","ping_status":"closed","template":"","meta":[],"product_brand":[],"product_cat":[62],"product_tag":[],"class_list":{"0":"post-1590","1":"product","2":"type-product","3":"status-publish","4":"has-post-thumbnail","6":"product_cat-kantenschleifmaschinen","7":"product_shipping_class-classe-10-de","9":"first","10":"instock","11":"shipping-taxable","12":"purchasable","13":"product-type-simple"},"yoast_head":"<!-- This site is optimized with the Yoast SEO plugin v27.1 - https:\/\/yoast.com\/product\/yoast-seo-wordpress\/ -->\n<title>Schleifmaschine f\u00fcr Holz mit Schleifband STAR 100 - Tecnosuisse<\/title>\n<meta name=\"robots\" content=\"index, follow, max-snippet:-1, max-image-preview:large, max-video-preview:-1\" \/>\n<link rel=\"canonical\" href=\"https:\/\/www.tecnosuissesa.com\/de\/produkt\/schleifmaschine-fur-holz-mit-schleifband-star-100\/\" \/>\n<meta property=\"og:locale\" content=\"de_DE\" \/>\n<meta property=\"og:type\" content=\"article\" \/>\n<meta property=\"og:title\" content=\"Schleifmaschine f\u00fcr Holz mit Schleifband STAR 100 - Tecnosuisse\" \/>\n<meta property=\"og:description\" content=\"Schleifmaschine f\u00fcr Holz mit Schleifband STAR 100 Dies ist eine Schleifmaschine, die Kanten, Dr\u00e4hte, gerade oder geneigte, abgerundete und konvexe Kopfbretter aus Holz, Eisen schleifen kann\" \/>\n<meta property=\"og:url\" content=\"https:\/\/www.tecnosuissesa.com\/de\/produkt\/schleifmaschine-fur-holz-mit-schleifband-star-100\/\" \/>\n<meta property=\"og:site_name\" content=\"Tecnosuisse\" \/>\n<meta property=\"article:publisher\" content=\"https:\/\/www.facebook.com\/tecnosuisse\/\" \/>\n<meta property=\"og:image\" content=\"https:\/\/www.tecnosuissesa.com\/wp-content\/uploads\/2017\/10\/LEVIGATRICE-STAR-100-2.jpg\" \/>\n\t<meta property=\"og:image:width\" content=\"1024\" \/>\n\t<meta property=\"og:image:height\" content=\"768\" \/>\n\t<meta property=\"og:image:type\" content=\"image\/jpeg\" \/>\n<meta name=\"twitter:card\" content=\"summary_large_image\" \/>\n<meta name=\"twitter:label1\" content=\"Gesch\u00e4tzte Lesezeit\" \/>\n\t<meta name=\"twitter:data1\" content=\"1\u00a0Minute\" \/>\n<script type=\"application\/ld+json\" class=\"yoast-schema-graph\">{\"@context\":\"https:\/\/schema.org\",\"@graph\":[{\"@type\":\"WebPage\",\"@id\":\"https:\/\/www.tecnosuissesa.com\/de\/produkt\/schleifmaschine-fur-holz-mit-schleifband-star-100\/\",\"url\":\"https:\/\/www.tecnosuissesa.com\/de\/produkt\/schleifmaschine-fur-holz-mit-schleifband-star-100\/\",\"name\":\"Schleifmaschine f\u00fcr Holz mit Schleifband STAR 100 - Tecnosuisse\",\"isPartOf\":{\"@id\":\"https:\/\/www.tecnosuissesa.com\/it\/#website\"},\"primaryImageOfPage\":{\"@id\":\"https:\/\/www.tecnosuissesa.com\/de\/produkt\/schleifmaschine-fur-holz-mit-schleifband-star-100\/#primaryimage\"},\"image\":{\"@id\":\"https:\/\/www.tecnosuissesa.com\/de\/produkt\/schleifmaschine-fur-holz-mit-schleifband-star-100\/#primaryimage\"},\"thumbnailUrl\":\"https:\/\/www.tecnosuissesa.com\/wp-content\/uploads\/2017\/10\/LEVIGATRICE-STAR-100-2.jpg\",\"datePublished\":\"2017-10-02T15:12:09+00:00\",\"breadcrumb\":{\"@id\":\"https:\/\/www.tecnosuissesa.com\/de\/produkt\/schleifmaschine-fur-holz-mit-schleifband-star-100\/#breadcrumb\"},\"inLanguage\":\"de\",\"potentialAction\":[{\"@type\":\"ReadAction\",\"target\":[\"https:\/\/www.tecnosuissesa.com\/de\/produkt\/schleifmaschine-fur-holz-mit-schleifband-star-100\/\"]}]},{\"@type\":\"ImageObject\",\"inLanguage\":\"de\",\"@id\":\"https:\/\/www.tecnosuissesa.com\/de\/produkt\/schleifmaschine-fur-holz-mit-schleifband-star-100\/#primaryimage\",\"url\":\"https:\/\/www.tecnosuissesa.com\/wp-content\/uploads\/2017\/10\/LEVIGATRICE-STAR-100-2.jpg\",\"contentUrl\":\"https:\/\/www.tecnosuissesa.com\/wp-content\/uploads\/2017\/10\/LEVIGATRICE-STAR-100-2.jpg\",\"width\":1024,\"height\":768},{\"@type\":\"BreadcrumbList\",\"@id\":\"https:\/\/www.tecnosuissesa.com\/de\/produkt\/schleifmaschine-fur-holz-mit-schleifband-star-100\/#breadcrumb\",\"itemListElement\":[{\"@type\":\"ListItem\",\"position\":1,\"name\":\"Home\",\"item\":\"https:\/\/www.tecnosuissesa.com\/de\/\"},{\"@type\":\"ListItem\",\"position\":2,\"name\":\"Vendita di Macchine Utensili per Legno e per Metalli\",\"item\":\"https:\/\/www.tecnosuissesa.com\/it\/vendita-macchine-utensili\/\"},{\"@type\":\"ListItem\",\"position\":3,\"name\":\"Schleifmaschine f\u00fcr Holz mit Schleifband STAR 100\"}]},{\"@type\":\"WebSite\",\"@id\":\"https:\/\/www.tecnosuissesa.com\/it\/#website\",\"url\":\"https:\/\/www.tecnosuissesa.com\/it\/\",\"name\":\"Tecnosuisse\",\"description\":\"Macchine Utensili per Legno e Metalli\",\"publisher\":{\"@id\":\"https:\/\/www.tecnosuissesa.com\/it\/#organization\"},\"potentialAction\":[{\"@type\":\"SearchAction\",\"target\":{\"@type\":\"EntryPoint\",\"urlTemplate\":\"https:\/\/www.tecnosuissesa.com\/it\/?s={search_term_string}\"},\"query-input\":{\"@type\":\"PropertyValueSpecification\",\"valueRequired\":true,\"valueName\":\"search_term_string\"}}],\"inLanguage\":\"de\"},{\"@type\":\"Organization\",\"@id\":\"https:\/\/www.tecnosuissesa.com\/it\/#organization\",\"name\":\"Tecnosuisse\",\"url\":\"https:\/\/www.tecnosuissesa.com\/it\/\",\"logo\":{\"@type\":\"ImageObject\",\"inLanguage\":\"de\",\"@id\":\"https:\/\/www.tecnosuissesa.com\/it\/#\/schema\/logo\/image\/\",\"url\":\"https:\/\/www.tecnosuissesa.com\/wp-content\/uploads\/2017\/08\/Logo_TecnoSuisse_627x627.png\",\"contentUrl\":\"https:\/\/www.tecnosuissesa.com\/wp-content\/uploads\/2017\/08\/Logo_TecnoSuisse_627x627.png\",\"width\":627,\"height\":627,\"caption\":\"Tecnosuisse\"},\"image\":{\"@id\":\"https:\/\/www.tecnosuissesa.com\/it\/#\/schema\/logo\/image\/\"},\"sameAs\":[\"https:\/\/www.facebook.com\/tecnosuisse\/\",\"https:\/\/www.youtube.com\/channel\/UCSoxFNkw8ZiE4jP9OY8AdFg\"]}]}<\/script>\n<!-- \/ Yoast SEO plugin. -->","yoast_head_json":{"title":"Schleifmaschine f\u00fcr Holz mit Schleifband STAR 100 - Tecnosuisse","robots":{"index":"index","follow":"follow","max-snippet":"max-snippet:-1","max-image-preview":"max-image-preview:large","max-video-preview":"max-video-preview:-1"},"canonical":"https:\/\/www.tecnosuissesa.com\/de\/produkt\/schleifmaschine-fur-holz-mit-schleifband-star-100\/","og_locale":"de_DE","og_type":"article","og_title":"Schleifmaschine f\u00fcr Holz mit Schleifband STAR 100 - Tecnosuisse","og_description":"Schleifmaschine f\u00fcr Holz mit Schleifband STAR 100 Dies ist eine Schleifmaschine, die Kanten, Dr\u00e4hte, gerade oder geneigte, abgerundete und konvexe Kopfbretter aus Holz, Eisen schleifen kann","og_url":"https:\/\/www.tecnosuissesa.com\/de\/produkt\/schleifmaschine-fur-holz-mit-schleifband-star-100\/","og_site_name":"Tecnosuisse","article_publisher":"https:\/\/www.facebook.com\/tecnosuisse\/","og_image":[{"width":1024,"height":768,"url":"https:\/\/www.tecnosuissesa.com\/wp-content\/uploads\/2017\/10\/LEVIGATRICE-STAR-100-2.jpg","type":"image\/jpeg"}],"twitter_card":"summary_large_image","twitter_misc":{"Gesch\u00e4tzte Lesezeit":"1\u00a0Minute"},"schema":{"@context":"https:\/\/schema.org","@graph":[{"@type":"WebPage","@id":"https:\/\/www.tecnosuissesa.com\/de\/produkt\/schleifmaschine-fur-holz-mit-schleifband-star-100\/","url":"https:\/\/www.tecnosuissesa.com\/de\/produkt\/schleifmaschine-fur-holz-mit-schleifband-star-100\/","name":"Schleifmaschine f\u00fcr Holz mit Schleifband STAR 100 - Tecnosuisse","isPartOf":{"@id":"https:\/\/www.tecnosuissesa.com\/it\/#website"},"primaryImageOfPage":{"@id":"https:\/\/www.tecnosuissesa.com\/de\/produkt\/schleifmaschine-fur-holz-mit-schleifband-star-100\/#primaryimage"},"image":{"@id":"https:\/\/www.tecnosuissesa.com\/de\/produkt\/schleifmaschine-fur-holz-mit-schleifband-star-100\/#primaryimage"},"thumbnailUrl":"https:\/\/www.tecnosuissesa.com\/wp-content\/uploads\/2017\/10\/LEVIGATRICE-STAR-100-2.jpg","datePublished":"2017-10-02T15:12:09+00:00","breadcrumb":{"@id":"https:\/\/www.tecnosuissesa.com\/de\/produkt\/schleifmaschine-fur-holz-mit-schleifband-star-100\/#breadcrumb"},"inLanguage":"de","potentialAction":[{"@type":"ReadAction","target":["https:\/\/www.tecnosuissesa.com\/de\/produkt\/schleifmaschine-fur-holz-mit-schleifband-star-100\/"]}]},{"@type":"ImageObject","inLanguage":"de","@id":"https:\/\/www.tecnosuissesa.com\/de\/produkt\/schleifmaschine-fur-holz-mit-schleifband-star-100\/#primaryimage","url":"https:\/\/www.tecnosuissesa.com\/wp-content\/uploads\/2017\/10\/LEVIGATRICE-STAR-100-2.jpg","contentUrl":"https:\/\/www.tecnosuissesa.com\/wp-content\/uploads\/2017\/10\/LEVIGATRICE-STAR-100-2.jpg","width":1024,"height":768},{"@type":"BreadcrumbList","@id":"https:\/\/www.tecnosuissesa.com\/de\/produkt\/schleifmaschine-fur-holz-mit-schleifband-star-100\/#breadcrumb","itemListElement":[{"@type":"ListItem","position":1,"name":"Home","item":"https:\/\/www.tecnosuissesa.com\/de\/"},{"@type":"ListItem","position":2,"name":"Vendita di Macchine Utensili per Legno e per Metalli","item":"https:\/\/www.tecnosuissesa.com\/it\/vendita-macchine-utensili\/"},{"@type":"ListItem","position":3,"name":"Schleifmaschine f\u00fcr Holz mit Schleifband STAR 100"}]},{"@type":"WebSite","@id":"https:\/\/www.tecnosuissesa.com\/it\/#website","url":"https:\/\/www.tecnosuissesa.com\/it\/","name":"Tecnosuisse","description":"Macchine Utensili per Legno e Metalli","publisher":{"@id":"https:\/\/www.tecnosuissesa.com\/it\/#organization"},"potentialAction":[{"@type":"SearchAction","target":{"@type":"EntryPoint","urlTemplate":"https:\/\/www.tecnosuissesa.com\/it\/?s={search_term_string}"},"query-input":{"@type":"PropertyValueSpecification","valueRequired":true,"valueName":"search_term_string"}}],"inLanguage":"de"},{"@type":"Organization","@id":"https:\/\/www.tecnosuissesa.com\/it\/#organization","name":"Tecnosuisse","url":"https:\/\/www.tecnosuissesa.com\/it\/","logo":{"@type":"ImageObject","inLanguage":"de","@id":"https:\/\/www.tecnosuissesa.com\/it\/#\/schema\/logo\/image\/","url":"https:\/\/www.tecnosuissesa.com\/wp-content\/uploads\/2017\/08\/Logo_TecnoSuisse_627x627.png","contentUrl":"https:\/\/www.tecnosuissesa.com\/wp-content\/uploads\/2017\/08\/Logo_TecnoSuisse_627x627.png","width":627,"height":627,"caption":"Tecnosuisse"},"image":{"@id":"https:\/\/www.tecnosuissesa.com\/it\/#\/schema\/logo\/image\/"},"sameAs":["https:\/\/www.facebook.com\/tecnosuisse\/","https:\/\/www.youtube.com\/channel\/UCSoxFNkw8ZiE4jP9OY8AdFg"]}]}},"_links":{"self":[{"href":"https:\/\/www.tecnosuissesa.com\/de\/wp-json\/wp\/v2\/product\/1590","targetHints":{"allow":["GET"]}}],"collection":[{"href":"https:\/\/www.tecnosuissesa.com\/de\/wp-json\/wp\/v2\/product"}],"about":[{"href":"https:\/\/www.tecnosuissesa.com\/de\/wp-json\/wp\/v2\/types\/product"}],"replies":[{"embeddable":true,"href":"https:\/\/www.tecnosuissesa.com\/de\/wp-json\/wp\/v2\/comments?post=1590"}],"wp:featuredmedia":[{"embeddable":true,"href":"https:\/\/www.tecnosuissesa.com\/de\/wp-json\/wp\/v2\/media\/1582"}],"wp:attachment":[{"href":"https:\/\/www.tecnosuissesa.com\/de\/wp-json\/wp\/v2\/media?parent=1590"}],"wp:term":[{"taxonomy":"product_brand","embeddable":true,"href":"https:\/\/www.tecnosuissesa.com\/de\/wp-json\/wp\/v2\/product_brand?post=1590"},{"taxonomy":"product_cat","embeddable":true,"href":"https:\/\/www.tecnosuissesa.com\/de\/wp-json\/wp\/v2\/product_cat?post=1590"},{"taxonomy":"product_tag","embeddable":true,"href":"https:\/\/www.tecnosuissesa.com\/de\/wp-json\/wp\/v2\/product_tag?post=1590"}],"curies":[{"name":"wp","href":"https:\/\/api.w.org\/{rel}","templated":true}]}}