{"id":1567,"date":"2017-10-02T16:37:52","date_gmt":"2017-10-02T14:37:52","guid":{"rendered":"https:\/\/www.tecnosuissesa.com\/product\/formatkreissage-fur-holzbearbeitung-tsi-super-2600\/"},"modified":"2017-10-02T16:37:52","modified_gmt":"2017-10-02T14:37:52","slug":"formatkreissage-fur-holzbearbeitung-tsi-super-2600","status":"publish","type":"product","link":"https:\/\/www.tecnosuissesa.com\/de\/product\/formatkreissage-fur-holzbearbeitung-tsi-super-2600\/","title":{"rendered":"Formatkreiss\u00e4ge f\u00fcr Holzbearbeitung TSI Super 2600"},"content":{"rendered":"<p><strong>Beschreibung:<br \/>\n<\/strong>Der Formattisch TSI (Fr\u00e4se, S\u00e4ge und Vorritzs\u00e4geblatt) 2600 hat einen gro\u00dfen Aluminiumwagen b\u00fcndig mit dem S\u00e4geblatt, eine vertikale Tischfr\u00e4se mit einer Welle von 30 mm und einen Vorritzs\u00e4geblatt von 80 mm, der vor der Kreiss\u00e4ge mit Durchmesser 300 mm positioniert ist. Die Maschine hat 2 unabh\u00e4ngigen Motoren mit Leistung 3 HP (2200W). Die Original-Version hat 1 einphasig Motor, kann aber als Optional, mit einem kleinen Preisaufschlag, mit dreiphasigen Motoren bestellt werden. Der Aluminiumwagen hat eine Breite von 290 mm und eine L\u00e4nge von 2600 mm. Die von 0\u00b0 bis 45\u00b0 neigbare S\u00e4gegruppe und das Vorritzs\u00e4geblatt erlauben die Formatierung von Tafeln aus jedem Holztyp. Die Fr\u00e4se hat 3 unterschiedliche Geschwindigkeiten und zwei 3 PS-Motoren.<\/p>\n<p>Dies ist eine professionelle Maschine, die alleine f\u00fcr die oben genannten Arbeiten oder zusammen mit einer anderen Kombi-Maschine FSC (Dickenhobel und Langlochbohrmaschine) benutzt werden kann.Sie wurde entwickelt, um die Anforderungen der echten Profis in der Holzbearbeitung zu erf\u00fcllen.<\/p>\n<table>\n<tbody>\n<tr>\n<td colspan=\"2\"><strong>TECHNISCHE DATEN<\/strong><\/td>\n<\/tr>\n<tr>\n<td colspan=\"2\"><strong>PLATZBEDARF<\/strong><\/td>\n<\/tr>\n<tr>\n<td>Maschineabmessungen mit Wagen<\/td>\n<td>2300 mm (Breite) x 2750 mm (L\u00e4nge) x 850 mm (H\u00f6he des Arbeitstisches vom Boden)<\/td>\n<\/tr>\n<tr>\n<td>Maschineabmessungen ohne Wagen<\/td>\n<td>1420 mm (Breite) x 2750 mm (L\u00e4nge) x 850 mm (H\u00f6he des Arbeitstisches vom Boden)<\/td>\n<\/tr>\n<tr>\n<td>Nettogewicht der Maschine<\/td>\n<td>310 kg<\/td>\n<\/tr>\n<tr>\n<td colspan=\"2\"><strong>GRUPPE KREISS\u00c4GE<\/strong><\/td>\n<\/tr>\n<tr>\n<td>Durchmesser der S\u00e4ge<\/td>\n<td>315 mm<\/td>\n<\/tr>\n<tr>\n<td>Vorritzs\u00e4geblatt<\/td>\n<td>90 Durchmesser x 20 Durchmesser x 3 mm<\/td>\n<\/tr>\n<tr>\n<td>Typ<\/td>\n<td>Verstellbare H\u00f6he<\/td>\n<\/tr>\n<tr>\n<td>Geschwindigkeit des S\u00e4geblattes<\/td>\n<td>3500 Umdrehungen\/Minute<\/td>\n<\/tr>\n<tr>\n<td>Max. Schnitth\u00f6he (mit Schutz) 90\u00b0<\/td>\n<td>75 mm (senkrecht)<\/td>\n<\/tr>\n<tr>\n<td>Max. Schnitth\u00f6he (mit Schutz) bei 45\u00b0<\/td>\n<td>60 mm (senkrecht)<\/td>\n<\/tr>\n<tr>\n<td>Max. Schnittwinkel (ohne Schutz) bei 90\u00b0<\/td>\n<td>100 mm (senkrecht)<\/td>\n<\/tr>\n<tr>\n<td>Max. Schnittwinkel (ohne Schutz) bei 45\u00b0<\/td>\n<td>80 mm (senkrecht)<\/td>\n<\/tr>\n<tr>\n<td colspan=\"2\"><strong>FORMATTISCH AUF SCHLITTEN B\u00dcNDIG AM S\u00c4GEBLATT<\/strong><\/td>\n<\/tr>\n<tr>\n<td>Wagenabmessungen<\/td>\n<td>1.150 mm x 600 mm<\/td>\n<\/tr>\n<tr>\n<td>Wagentyp<\/td>\n<td>Auf Aluminiumwagen b\u00fcndig mit Kreiss\u00e4geblatt<\/td>\n<\/tr>\n<tr>\n<td>Abmessungen Wagen aus Aluminium<\/td>\n<td>2.600 mm x 310 mm<\/td>\n<\/tr>\n<tr>\n<td>Schlittenhub<\/td>\n<td>2.700 mm<\/td>\n<\/tr>\n<tr>\n<td colspan=\"2\"><strong>MOTOR GRUPPE KREISS\u00c4GE<\/strong><\/td>\n<\/tr>\n<tr>\n<td>Leistung<\/td>\n<td>3 Hp (2200 W)<\/td>\n<\/tr>\n<tr>\n<td>Typ Standard-Version<\/td>\n<td>Einphasig 220 V (Optional dreiphasig)<\/td>\n<\/tr>\n<tr>\n<td colspan=\"2\"><strong>FR\u00c4SE<\/strong><\/td>\n<\/tr>\n<tr>\n<td>Typ<\/td>\n<td>Senkrecht<\/td>\n<\/tr>\n<tr>\n<td>Max. Wellenh\u00f6he<\/td>\n<td>115 mm<\/td>\n<\/tr>\n<tr>\n<td>Wellendurchmesser<\/td>\n<td>30 mm<\/td>\n<\/tr>\n<tr>\n<td>Max. montierbarer Fr\u00e4sendurchmesser<\/td>\n<td>220 mm<\/td>\n<\/tr>\n<tr>\n<td>Drehgeschwindigkeit<\/td>\n<td>1750 &#8211; 3500 &#8211; 6700 Umdrehungen\/Minute<\/td>\n<\/tr>\n<tr>\n<td>Max. Schachttiefe Fr\u00e4se<\/td>\n<td>74 mm<\/td>\n<\/tr>\n<tr>\n<td colspan=\"2\"><strong>MOTOR FR\u00c4SE<\/strong><\/td>\n<\/tr>\n<tr>\n<td>Leistung<\/td>\n<td>3 Hp (2200 W)<\/td>\n<\/tr>\n<tr>\n<td>Typ Standard-Version<\/td>\n<td>Einphasig 220 V (Optional dreiphasig)<\/td>\n<\/tr>\n<\/tbody>\n<\/table>\n","protected":false},"excerpt":{"rendered":"<p><span lang=\"de\" xml:lang=\"de\">Formatkreiss\u00e4ge f\u00fcr Holzbearbeitung TSI SUPER 2600<br \/>\n<\/span><\/p>\n<p><span lang=\"de\" xml:lang=\"de\">Mit Formattisch mit Kreiss\u00e4ge \u00d8 315 mm, Vorritzer, integrierter Fr\u00e4se (Toupie) und Wagen f\u00fcr Formatschnitt auf Wagen 2600 mm<\/span><\/p>\n","protected":false},"featured_media":1558,"comment_status":"open","ping_status":"closed","template":"","meta":[],"product_brand":[],"product_cat":[119],"product_tag":[],"class_list":{"0":"post-1567","1":"product","2":"type-product","3":"status-publish","4":"has-post-thumbnail","6":"product_cat-formatkreissagen","7":"product_shipping_class-classe-10-de","9":"first","10":"instock","11":"shipping-taxable","12":"purchasable","13":"product-type-simple"},"yoast_head":"<!-- This site is optimized with the Yoast SEO plugin v27.1 - https:\/\/yoast.com\/product\/yoast-seo-wordpress\/ -->\n<title>Formatkreiss\u00e4ge f\u00fcr Holzbearbeitung TSI Super 2600 - Tecnosuisse<\/title>\n<meta name=\"robots\" content=\"index, follow, max-snippet:-1, max-image-preview:large, max-video-preview:-1\" \/>\n<link rel=\"canonical\" href=\"https:\/\/www.tecnosuissesa.com\/de\/produkt\/formatkreissage-fur-holzbearbeitung-tsi-super-2600\/\" \/>\n<meta property=\"og:locale\" content=\"de_DE\" \/>\n<meta property=\"og:type\" content=\"article\" \/>\n<meta property=\"og:title\" content=\"Formatkreiss\u00e4ge f\u00fcr Holzbearbeitung TSI Super 2600 - Tecnosuisse\" \/>\n<meta property=\"og:description\" content=\"Formatkreiss\u00e4ge f\u00fcr Holzbearbeitung TSI SUPER 2600   Mit Formattisch mit Kreiss\u00e4ge \u00d8 315 mm, Vorritzer, integrierter Fr\u00e4se (Toupie) und Wagen f\u00fcr Formatschnitt auf Wagen 2600 mm\" \/>\n<meta property=\"og:url\" content=\"https:\/\/www.tecnosuissesa.com\/de\/produkt\/formatkreissage-fur-holzbearbeitung-tsi-super-2600\/\" \/>\n<meta property=\"og:site_name\" content=\"Tecnosuisse\" \/>\n<meta property=\"article:publisher\" content=\"https:\/\/www.facebook.com\/tecnosuisse\/\" \/>\n<meta property=\"og:image\" content=\"https:\/\/www.tecnosuissesa.com\/wp-content\/uploads\/2017\/10\/lato-2-4.jpg\" \/>\n\t<meta property=\"og:image:width\" content=\"1024\" \/>\n\t<meta property=\"og:image:height\" content=\"768\" \/>\n\t<meta property=\"og:image:type\" content=\"image\/jpeg\" \/>\n<meta name=\"twitter:card\" content=\"summary_large_image\" \/>\n<meta name=\"twitter:label1\" content=\"Gesch\u00e4tzte Lesezeit\" \/>\n\t<meta name=\"twitter:data1\" content=\"2\u00a0Minuten\" \/>\n<script type=\"application\/ld+json\" class=\"yoast-schema-graph\">{\"@context\":\"https:\/\/schema.org\",\"@graph\":[{\"@type\":\"WebPage\",\"@id\":\"https:\/\/www.tecnosuissesa.com\/de\/produkt\/formatkreissage-fur-holzbearbeitung-tsi-super-2600\/\",\"url\":\"https:\/\/www.tecnosuissesa.com\/de\/produkt\/formatkreissage-fur-holzbearbeitung-tsi-super-2600\/\",\"name\":\"Formatkreiss\u00e4ge f\u00fcr Holzbearbeitung TSI Super 2600 - Tecnosuisse\",\"isPartOf\":{\"@id\":\"https:\/\/www.tecnosuissesa.com\/it\/#website\"},\"primaryImageOfPage\":{\"@id\":\"https:\/\/www.tecnosuissesa.com\/de\/produkt\/formatkreissage-fur-holzbearbeitung-tsi-super-2600\/#primaryimage\"},\"image\":{\"@id\":\"https:\/\/www.tecnosuissesa.com\/de\/produkt\/formatkreissage-fur-holzbearbeitung-tsi-super-2600\/#primaryimage\"},\"thumbnailUrl\":\"https:\/\/www.tecnosuissesa.com\/wp-content\/uploads\/2017\/10\/lato-2-4.jpg\",\"datePublished\":\"2017-10-02T14:37:52+00:00\",\"breadcrumb\":{\"@id\":\"https:\/\/www.tecnosuissesa.com\/de\/produkt\/formatkreissage-fur-holzbearbeitung-tsi-super-2600\/#breadcrumb\"},\"inLanguage\":\"de\",\"potentialAction\":[{\"@type\":\"ReadAction\",\"target\":[\"https:\/\/www.tecnosuissesa.com\/de\/produkt\/formatkreissage-fur-holzbearbeitung-tsi-super-2600\/\"]}]},{\"@type\":\"ImageObject\",\"inLanguage\":\"de\",\"@id\":\"https:\/\/www.tecnosuissesa.com\/de\/produkt\/formatkreissage-fur-holzbearbeitung-tsi-super-2600\/#primaryimage\",\"url\":\"https:\/\/www.tecnosuissesa.com\/wp-content\/uploads\/2017\/10\/lato-2-4.jpg\",\"contentUrl\":\"https:\/\/www.tecnosuissesa.com\/wp-content\/uploads\/2017\/10\/lato-2-4.jpg\",\"width\":1024,\"height\":768},{\"@type\":\"BreadcrumbList\",\"@id\":\"https:\/\/www.tecnosuissesa.com\/de\/produkt\/formatkreissage-fur-holzbearbeitung-tsi-super-2600\/#breadcrumb\",\"itemListElement\":[{\"@type\":\"ListItem\",\"position\":1,\"name\":\"Home\",\"item\":\"https:\/\/www.tecnosuissesa.com\/de\/\"},{\"@type\":\"ListItem\",\"position\":2,\"name\":\"Vendita di Macchine Utensili per Legno e per Metalli\",\"item\":\"https:\/\/www.tecnosuissesa.com\/it\/vendita-macchine-utensili\/\"},{\"@type\":\"ListItem\",\"position\":3,\"name\":\"Formatkreiss\u00e4ge f\u00fcr Holzbearbeitung TSI Super 2600\"}]},{\"@type\":\"WebSite\",\"@id\":\"https:\/\/www.tecnosuissesa.com\/it\/#website\",\"url\":\"https:\/\/www.tecnosuissesa.com\/it\/\",\"name\":\"Tecnosuisse\",\"description\":\"Macchine Utensili per Legno e Metalli\",\"publisher\":{\"@id\":\"https:\/\/www.tecnosuissesa.com\/it\/#organization\"},\"potentialAction\":[{\"@type\":\"SearchAction\",\"target\":{\"@type\":\"EntryPoint\",\"urlTemplate\":\"https:\/\/www.tecnosuissesa.com\/it\/?s={search_term_string}\"},\"query-input\":{\"@type\":\"PropertyValueSpecification\",\"valueRequired\":true,\"valueName\":\"search_term_string\"}}],\"inLanguage\":\"de\"},{\"@type\":\"Organization\",\"@id\":\"https:\/\/www.tecnosuissesa.com\/it\/#organization\",\"name\":\"Tecnosuisse\",\"url\":\"https:\/\/www.tecnosuissesa.com\/it\/\",\"logo\":{\"@type\":\"ImageObject\",\"inLanguage\":\"de\",\"@id\":\"https:\/\/www.tecnosuissesa.com\/it\/#\/schema\/logo\/image\/\",\"url\":\"https:\/\/www.tecnosuissesa.com\/wp-content\/uploads\/2017\/08\/Logo_TecnoSuisse_627x627.png\",\"contentUrl\":\"https:\/\/www.tecnosuissesa.com\/wp-content\/uploads\/2017\/08\/Logo_TecnoSuisse_627x627.png\",\"width\":627,\"height\":627,\"caption\":\"Tecnosuisse\"},\"image\":{\"@id\":\"https:\/\/www.tecnosuissesa.com\/it\/#\/schema\/logo\/image\/\"},\"sameAs\":[\"https:\/\/www.facebook.com\/tecnosuisse\/\",\"https:\/\/www.youtube.com\/channel\/UCSoxFNkw8ZiE4jP9OY8AdFg\"]}]}<\/script>\n<!-- \/ Yoast SEO plugin. -->","yoast_head_json":{"title":"Formatkreiss\u00e4ge f\u00fcr Holzbearbeitung TSI Super 2600 - Tecnosuisse","robots":{"index":"index","follow":"follow","max-snippet":"max-snippet:-1","max-image-preview":"max-image-preview:large","max-video-preview":"max-video-preview:-1"},"canonical":"https:\/\/www.tecnosuissesa.com\/de\/produkt\/formatkreissage-fur-holzbearbeitung-tsi-super-2600\/","og_locale":"de_DE","og_type":"article","og_title":"Formatkreiss\u00e4ge f\u00fcr Holzbearbeitung TSI Super 2600 - Tecnosuisse","og_description":"Formatkreiss\u00e4ge f\u00fcr Holzbearbeitung TSI SUPER 2600   Mit Formattisch mit Kreiss\u00e4ge \u00d8 315 mm, Vorritzer, integrierter Fr\u00e4se (Toupie) und Wagen f\u00fcr Formatschnitt auf Wagen 2600 mm","og_url":"https:\/\/www.tecnosuissesa.com\/de\/produkt\/formatkreissage-fur-holzbearbeitung-tsi-super-2600\/","og_site_name":"Tecnosuisse","article_publisher":"https:\/\/www.facebook.com\/tecnosuisse\/","og_image":[{"width":1024,"height":768,"url":"https:\/\/www.tecnosuissesa.com\/wp-content\/uploads\/2017\/10\/lato-2-4.jpg","type":"image\/jpeg"}],"twitter_card":"summary_large_image","twitter_misc":{"Gesch\u00e4tzte Lesezeit":"2\u00a0Minuten"},"schema":{"@context":"https:\/\/schema.org","@graph":[{"@type":"WebPage","@id":"https:\/\/www.tecnosuissesa.com\/de\/produkt\/formatkreissage-fur-holzbearbeitung-tsi-super-2600\/","url":"https:\/\/www.tecnosuissesa.com\/de\/produkt\/formatkreissage-fur-holzbearbeitung-tsi-super-2600\/","name":"Formatkreiss\u00e4ge f\u00fcr Holzbearbeitung TSI Super 2600 - Tecnosuisse","isPartOf":{"@id":"https:\/\/www.tecnosuissesa.com\/it\/#website"},"primaryImageOfPage":{"@id":"https:\/\/www.tecnosuissesa.com\/de\/produkt\/formatkreissage-fur-holzbearbeitung-tsi-super-2600\/#primaryimage"},"image":{"@id":"https:\/\/www.tecnosuissesa.com\/de\/produkt\/formatkreissage-fur-holzbearbeitung-tsi-super-2600\/#primaryimage"},"thumbnailUrl":"https:\/\/www.tecnosuissesa.com\/wp-content\/uploads\/2017\/10\/lato-2-4.jpg","datePublished":"2017-10-02T14:37:52+00:00","breadcrumb":{"@id":"https:\/\/www.tecnosuissesa.com\/de\/produkt\/formatkreissage-fur-holzbearbeitung-tsi-super-2600\/#breadcrumb"},"inLanguage":"de","potentialAction":[{"@type":"ReadAction","target":["https:\/\/www.tecnosuissesa.com\/de\/produkt\/formatkreissage-fur-holzbearbeitung-tsi-super-2600\/"]}]},{"@type":"ImageObject","inLanguage":"de","@id":"https:\/\/www.tecnosuissesa.com\/de\/produkt\/formatkreissage-fur-holzbearbeitung-tsi-super-2600\/#primaryimage","url":"https:\/\/www.tecnosuissesa.com\/wp-content\/uploads\/2017\/10\/lato-2-4.jpg","contentUrl":"https:\/\/www.tecnosuissesa.com\/wp-content\/uploads\/2017\/10\/lato-2-4.jpg","width":1024,"height":768},{"@type":"BreadcrumbList","@id":"https:\/\/www.tecnosuissesa.com\/de\/produkt\/formatkreissage-fur-holzbearbeitung-tsi-super-2600\/#breadcrumb","itemListElement":[{"@type":"ListItem","position":1,"name":"Home","item":"https:\/\/www.tecnosuissesa.com\/de\/"},{"@type":"ListItem","position":2,"name":"Vendita di Macchine Utensili per Legno e per Metalli","item":"https:\/\/www.tecnosuissesa.com\/it\/vendita-macchine-utensili\/"},{"@type":"ListItem","position":3,"name":"Formatkreiss\u00e4ge f\u00fcr Holzbearbeitung TSI Super 2600"}]},{"@type":"WebSite","@id":"https:\/\/www.tecnosuissesa.com\/it\/#website","url":"https:\/\/www.tecnosuissesa.com\/it\/","name":"Tecnosuisse","description":"Macchine Utensili per Legno e Metalli","publisher":{"@id":"https:\/\/www.tecnosuissesa.com\/it\/#organization"},"potentialAction":[{"@type":"SearchAction","target":{"@type":"EntryPoint","urlTemplate":"https:\/\/www.tecnosuissesa.com\/it\/?s={search_term_string}"},"query-input":{"@type":"PropertyValueSpecification","valueRequired":true,"valueName":"search_term_string"}}],"inLanguage":"de"},{"@type":"Organization","@id":"https:\/\/www.tecnosuissesa.com\/it\/#organization","name":"Tecnosuisse","url":"https:\/\/www.tecnosuissesa.com\/it\/","logo":{"@type":"ImageObject","inLanguage":"de","@id":"https:\/\/www.tecnosuissesa.com\/it\/#\/schema\/logo\/image\/","url":"https:\/\/www.tecnosuissesa.com\/wp-content\/uploads\/2017\/08\/Logo_TecnoSuisse_627x627.png","contentUrl":"https:\/\/www.tecnosuissesa.com\/wp-content\/uploads\/2017\/08\/Logo_TecnoSuisse_627x627.png","width":627,"height":627,"caption":"Tecnosuisse"},"image":{"@id":"https:\/\/www.tecnosuissesa.com\/it\/#\/schema\/logo\/image\/"},"sameAs":["https:\/\/www.facebook.com\/tecnosuisse\/","https:\/\/www.youtube.com\/channel\/UCSoxFNkw8ZiE4jP9OY8AdFg"]}]}},"_links":{"self":[{"href":"https:\/\/www.tecnosuissesa.com\/de\/wp-json\/wp\/v2\/product\/1567","targetHints":{"allow":["GET"]}}],"collection":[{"href":"https:\/\/www.tecnosuissesa.com\/de\/wp-json\/wp\/v2\/product"}],"about":[{"href":"https:\/\/www.tecnosuissesa.com\/de\/wp-json\/wp\/v2\/types\/product"}],"replies":[{"embeddable":true,"href":"https:\/\/www.tecnosuissesa.com\/de\/wp-json\/wp\/v2\/comments?post=1567"}],"wp:featuredmedia":[{"embeddable":true,"href":"https:\/\/www.tecnosuissesa.com\/de\/wp-json\/wp\/v2\/media\/1558"}],"wp:attachment":[{"href":"https:\/\/www.tecnosuissesa.com\/de\/wp-json\/wp\/v2\/media?parent=1567"}],"wp:term":[{"taxonomy":"product_brand","embeddable":true,"href":"https:\/\/www.tecnosuissesa.com\/de\/wp-json\/wp\/v2\/product_brand?post=1567"},{"taxonomy":"product_cat","embeddable":true,"href":"https:\/\/www.tecnosuissesa.com\/de\/wp-json\/wp\/v2\/product_cat?post=1567"},{"taxonomy":"product_tag","embeddable":true,"href":"https:\/\/www.tecnosuissesa.com\/de\/wp-json\/wp\/v2\/product_tag?post=1567"}],"curies":[{"name":"wp","href":"https:\/\/api.w.org\/{rel}","templated":true}]}}