{"id":1452,"date":"2017-10-02T15:38:27","date_gmt":"2017-10-02T13:38:27","guid":{"rendered":"https:\/\/www.tecnosuissesa.com\/product\/abricht-dickenhobelmaschine-mit-langlochbohrer-mitica-fsc-260\/"},"modified":"2017-10-02T15:38:27","modified_gmt":"2017-10-02T13:38:27","slug":"abricht-dickenhobelmaschine-mit-langlochbohrer-mitica-fsc-260","status":"publish","type":"product","link":"https:\/\/www.tecnosuissesa.com\/de\/product\/abricht-dickenhobelmaschine-mit-langlochbohrer-mitica-fsc-260\/","title":{"rendered":"Abricht-Dickenhobelmaschine mit Langlochbohrer Mitica FSC 260"},"content":{"rendered":"<p>Kombimaschine mit Abricht-, Dickenhobelmaschine und Langlochbohrmaschine. Die Maschine ist mit einem starken, einphasigen 3-PS-Motor (2200 W) und sehr robusten und pr\u00e4zisen klappbaren Arbeitstische aus Gusseisen ausgestattet. Als Optional, mit einem kleinen Preisaufschlag, kann die Transformation auf einen dreiphasigen Motor angefordert werden. Die Hobelwelle der Maschine hat eine L\u00e4nge von 260 mm und verf\u00fcgt \u00fcber 3 Messer. In der Standardsausf\u00fchrung wird die Maschine mit drei montierten Hobelwellenmessern, der Absaughaube (die an das Absaugger\u00e4t zu befestigen ist) und dem Tr\u00e4ger f\u00fcr die Hobelwellenmesser geliefert. Zu sehr niedrigen Preisen kann man auch das Absaugger\u00e4t, der Messersch\u00e4rfer, der am Arbeitstisch der Langlochbohrmaschine montiert wird, und die verschiedenen Spitzen der Langlochbohrmaschine bestellen.<\/p>\n<table>\n<tbody>\n<tr>\n<td colspan=\"2\"><strong>TECHNISCHE DATEN<\/strong><\/td>\n<\/tr>\n<tr>\n<td colspan=\"2\"><strong>PLATZBEDARF<\/strong><\/td>\n<\/tr>\n<tr>\n<td>Abmessungen mit Langlochbohrmaschine und Einstellhebeln<\/td>\n<td>980 mm (Breite) x 1100 mm (L\u00e4nge)<\/td>\n<\/tr>\n<tr>\n<td>Ohne Wagen und Langlochbohrmaschine<\/td>\n<td>460 mm (Breite) x 1100 mm (L\u00e4nge)<\/td>\n<\/tr>\n<tr>\n<td>Nettogewicht der Maschine<\/td>\n<td>160 kg<\/td>\n<\/tr>\n<tr>\n<td colspan=\"2\"><strong>MOTOR<\/strong><\/td>\n<\/tr>\n<tr>\n<td>Leistung<\/td>\n<td>3 Hp (2200 W)<\/td>\n<\/tr>\n<tr>\n<td>Typ<\/td>\n<td>Einphasig (220 V)<\/td>\n<\/tr>\n<tr>\n<td><strong>ABRICHT-\/DICKENHOBELMASCHINE<\/strong><\/td>\n<td><\/td>\n<\/tr>\n<tr>\n<td>Hobelwellenmesser<\/td>\n<td>Nr. 3<\/td>\n<\/tr>\n<tr>\n<td>L\u00e4nge der Hobelwelle<\/td>\n<td>260 mm<\/td>\n<\/tr>\n<tr>\n<td>Hobelwellendurchmesser<\/td>\n<td>70 mm<\/td>\n<\/tr>\n<tr>\n<td>L\u00e4nge der Arbeitstische aus Gusseisen<\/td>\n<td>1130 x 260 mm<\/td>\n<\/tr>\n<tr>\n<td>L\u00e4nge der Tischaufhebung (ohne Verl\u00e4ngerung)<\/td>\n<td>520 mm<\/td>\n<\/tr>\n<tr>\n<td>Typ Arbeitstisch<\/td>\n<td>Aus Gusseisen, klappbar<\/td>\n<\/tr>\n<tr>\n<td>Maximale Hobelbreite<\/td>\n<td>260 mm<\/td>\n<\/tr>\n<tr>\n<td>Maximale Hobelh\u00f6he<\/td>\n<td>240 mm<\/td>\n<\/tr>\n<tr>\n<td>Zuggeschwindigkeit<\/td>\n<td>7 Meter pro Minute<\/td>\n<\/tr>\n<tr>\n<td>Maximale Abschliffleistung der Abrichthobelmaschine<\/td>\n<td>4 mm<\/td>\n<\/tr>\n<tr>\n<td colspan=\"2\"><strong>LANGLOCHBOHRMASCHINE\/ STEMMMASCHINE<\/strong><\/td>\n<\/tr>\n<tr>\n<td>Nutzbarer Hub<\/td>\n<td>100 mm<\/td>\n<\/tr>\n<tr>\n<td>Max. Querhub von links nach rechts<\/td>\n<td>115 mm<\/td>\n<\/tr>\n<tr>\n<td>Max. Exkursion der Langlochbohrmaschine in der H\u00f6he<\/td>\n<td>80 mm<\/td>\n<\/tr>\n<tr>\n<td>Abmessungen Arbeitstisch aus Gusseisen der Langlochbohrmaschine<\/td>\n<td>360 x 210 mm<\/td>\n<\/tr>\n<tr>\n<td>Drehrichtung<\/td>\n<td>Gegen den Uhrzeigersinn<\/td>\n<\/tr>\n<\/tbody>\n<\/table>\n","protected":false},"excerpt":{"rendered":"<p><span lang=\"de\" xml:lang=\"de\">Abricht-Dickenhobelmaschine MITICA FSC 260 m<\/span><span lang=\"de\" xml:lang=\"de\">it Hobelwelle 260 mm, maximale Hobelh\u00f6he 240 mm und integrierte Fr\u00e4se, robusten und pr\u00e4zisen klappbaren Arbeitstische aus Gusseisen\u00a0<\/span><\/p>\n","protected":false},"featured_media":1444,"comment_status":"open","ping_status":"closed","template":"","meta":[],"product_brand":[],"product_cat":[120],"product_tag":[],"class_list":{"0":"post-1452","1":"product","2":"type-product","3":"status-publish","4":"has-post-thumbnail","6":"product_cat-hobelmaschinen","7":"product_shipping_class-classe-10-de","9":"first","10":"instock","11":"shipping-taxable","12":"purchasable","13":"product-type-simple"},"yoast_head":"<!-- This site is optimized with the Yoast SEO plugin v27.1 - https:\/\/yoast.com\/product\/yoast-seo-wordpress\/ -->\n<title>Abricht-Dickenhobelmaschine mit Langlochbohrer Mitica FSC 260 - Tecnosuisse<\/title>\n<meta name=\"robots\" content=\"index, follow, max-snippet:-1, max-image-preview:large, max-video-preview:-1\" \/>\n<link rel=\"canonical\" href=\"https:\/\/www.tecnosuissesa.com\/de\/produkt\/abricht-dickenhobelmaschine-mit-langlochbohrer-mitica-fsc-260\/\" \/>\n<meta property=\"og:locale\" content=\"de_DE\" \/>\n<meta property=\"og:type\" content=\"article\" \/>\n<meta property=\"og:title\" content=\"Abricht-Dickenhobelmaschine mit Langlochbohrer Mitica FSC 260 - Tecnosuisse\" \/>\n<meta property=\"og:description\" content=\"Abricht-Dickenhobelmaschine MITICA FSC 260 mit Hobelwelle 260 mm, maximale Hobelh\u00f6he 240 mm und integrierte Fr\u00e4se, robusten und pr\u00e4zisen klappbaren Arbeitstische aus Gusseisen\u00a0\" \/>\n<meta property=\"og:url\" content=\"https:\/\/www.tecnosuissesa.com\/de\/produkt\/abricht-dickenhobelmaschine-mit-langlochbohrer-mitica-fsc-260\/\" \/>\n<meta property=\"og:site_name\" content=\"Tecnosuisse\" \/>\n<meta property=\"article:publisher\" content=\"https:\/\/www.facebook.com\/tecnosuisse\/\" \/>\n<meta property=\"og:image\" content=\"https:\/\/www.tecnosuissesa.com\/wp-content\/uploads\/2017\/10\/FSC260_2.jpg\" \/>\n\t<meta property=\"og:image:width\" content=\"1024\" \/>\n\t<meta property=\"og:image:height\" content=\"768\" \/>\n\t<meta property=\"og:image:type\" content=\"image\/jpeg\" \/>\n<meta name=\"twitter:card\" content=\"summary_large_image\" \/>\n<meta name=\"twitter:label1\" content=\"Gesch\u00e4tzte Lesezeit\" \/>\n\t<meta name=\"twitter:data1\" content=\"1\u00a0Minute\" \/>\n<script type=\"application\/ld+json\" class=\"yoast-schema-graph\">{\"@context\":\"https:\/\/schema.org\",\"@graph\":[{\"@type\":\"WebPage\",\"@id\":\"https:\/\/www.tecnosuissesa.com\/de\/produkt\/abricht-dickenhobelmaschine-mit-langlochbohrer-mitica-fsc-260\/\",\"url\":\"https:\/\/www.tecnosuissesa.com\/de\/produkt\/abricht-dickenhobelmaschine-mit-langlochbohrer-mitica-fsc-260\/\",\"name\":\"Abricht-Dickenhobelmaschine mit Langlochbohrer Mitica FSC 260 - Tecnosuisse\",\"isPartOf\":{\"@id\":\"https:\/\/www.tecnosuissesa.com\/it\/#website\"},\"primaryImageOfPage\":{\"@id\":\"https:\/\/www.tecnosuissesa.com\/de\/produkt\/abricht-dickenhobelmaschine-mit-langlochbohrer-mitica-fsc-260\/#primaryimage\"},\"image\":{\"@id\":\"https:\/\/www.tecnosuissesa.com\/de\/produkt\/abricht-dickenhobelmaschine-mit-langlochbohrer-mitica-fsc-260\/#primaryimage\"},\"thumbnailUrl\":\"https:\/\/www.tecnosuissesa.com\/wp-content\/uploads\/2017\/10\/FSC260_2.jpg\",\"datePublished\":\"2017-10-02T13:38:27+00:00\",\"breadcrumb\":{\"@id\":\"https:\/\/www.tecnosuissesa.com\/de\/produkt\/abricht-dickenhobelmaschine-mit-langlochbohrer-mitica-fsc-260\/#breadcrumb\"},\"inLanguage\":\"de\",\"potentialAction\":[{\"@type\":\"ReadAction\",\"target\":[\"https:\/\/www.tecnosuissesa.com\/de\/produkt\/abricht-dickenhobelmaschine-mit-langlochbohrer-mitica-fsc-260\/\"]}]},{\"@type\":\"ImageObject\",\"inLanguage\":\"de\",\"@id\":\"https:\/\/www.tecnosuissesa.com\/de\/produkt\/abricht-dickenhobelmaschine-mit-langlochbohrer-mitica-fsc-260\/#primaryimage\",\"url\":\"https:\/\/www.tecnosuissesa.com\/wp-content\/uploads\/2017\/10\/FSC260_2.jpg\",\"contentUrl\":\"https:\/\/www.tecnosuissesa.com\/wp-content\/uploads\/2017\/10\/FSC260_2.jpg\",\"width\":1024,\"height\":768},{\"@type\":\"BreadcrumbList\",\"@id\":\"https:\/\/www.tecnosuissesa.com\/de\/produkt\/abricht-dickenhobelmaschine-mit-langlochbohrer-mitica-fsc-260\/#breadcrumb\",\"itemListElement\":[{\"@type\":\"ListItem\",\"position\":1,\"name\":\"Home\",\"item\":\"https:\/\/www.tecnosuissesa.com\/de\/\"},{\"@type\":\"ListItem\",\"position\":2,\"name\":\"Vendita di Macchine Utensili per Legno e per Metalli\",\"item\":\"https:\/\/www.tecnosuissesa.com\/it\/vendita-macchine-utensili\/\"},{\"@type\":\"ListItem\",\"position\":3,\"name\":\"Abricht-Dickenhobelmaschine mit Langlochbohrer Mitica FSC 260\"}]},{\"@type\":\"WebSite\",\"@id\":\"https:\/\/www.tecnosuissesa.com\/it\/#website\",\"url\":\"https:\/\/www.tecnosuissesa.com\/it\/\",\"name\":\"Tecnosuisse\",\"description\":\"Macchine Utensili per Legno e Metalli\",\"publisher\":{\"@id\":\"https:\/\/www.tecnosuissesa.com\/it\/#organization\"},\"potentialAction\":[{\"@type\":\"SearchAction\",\"target\":{\"@type\":\"EntryPoint\",\"urlTemplate\":\"https:\/\/www.tecnosuissesa.com\/it\/?s={search_term_string}\"},\"query-input\":{\"@type\":\"PropertyValueSpecification\",\"valueRequired\":true,\"valueName\":\"search_term_string\"}}],\"inLanguage\":\"de\"},{\"@type\":\"Organization\",\"@id\":\"https:\/\/www.tecnosuissesa.com\/it\/#organization\",\"name\":\"Tecnosuisse\",\"url\":\"https:\/\/www.tecnosuissesa.com\/it\/\",\"logo\":{\"@type\":\"ImageObject\",\"inLanguage\":\"de\",\"@id\":\"https:\/\/www.tecnosuissesa.com\/it\/#\/schema\/logo\/image\/\",\"url\":\"https:\/\/www.tecnosuissesa.com\/wp-content\/uploads\/2017\/08\/Logo_TecnoSuisse_627x627.png\",\"contentUrl\":\"https:\/\/www.tecnosuissesa.com\/wp-content\/uploads\/2017\/08\/Logo_TecnoSuisse_627x627.png\",\"width\":627,\"height\":627,\"caption\":\"Tecnosuisse\"},\"image\":{\"@id\":\"https:\/\/www.tecnosuissesa.com\/it\/#\/schema\/logo\/image\/\"},\"sameAs\":[\"https:\/\/www.facebook.com\/tecnosuisse\/\",\"https:\/\/www.youtube.com\/channel\/UCSoxFNkw8ZiE4jP9OY8AdFg\"]}]}<\/script>\n<!-- \/ Yoast SEO plugin. -->","yoast_head_json":{"title":"Abricht-Dickenhobelmaschine mit Langlochbohrer Mitica FSC 260 - Tecnosuisse","robots":{"index":"index","follow":"follow","max-snippet":"max-snippet:-1","max-image-preview":"max-image-preview:large","max-video-preview":"max-video-preview:-1"},"canonical":"https:\/\/www.tecnosuissesa.com\/de\/produkt\/abricht-dickenhobelmaschine-mit-langlochbohrer-mitica-fsc-260\/","og_locale":"de_DE","og_type":"article","og_title":"Abricht-Dickenhobelmaschine mit Langlochbohrer Mitica FSC 260 - Tecnosuisse","og_description":"Abricht-Dickenhobelmaschine MITICA FSC 260 mit Hobelwelle 260 mm, maximale Hobelh\u00f6he 240 mm und integrierte Fr\u00e4se, robusten und pr\u00e4zisen klappbaren Arbeitstische aus Gusseisen\u00a0","og_url":"https:\/\/www.tecnosuissesa.com\/de\/produkt\/abricht-dickenhobelmaschine-mit-langlochbohrer-mitica-fsc-260\/","og_site_name":"Tecnosuisse","article_publisher":"https:\/\/www.facebook.com\/tecnosuisse\/","og_image":[{"width":1024,"height":768,"url":"https:\/\/www.tecnosuissesa.com\/wp-content\/uploads\/2017\/10\/FSC260_2.jpg","type":"image\/jpeg"}],"twitter_card":"summary_large_image","twitter_misc":{"Gesch\u00e4tzte Lesezeit":"1\u00a0Minute"},"schema":{"@context":"https:\/\/schema.org","@graph":[{"@type":"WebPage","@id":"https:\/\/www.tecnosuissesa.com\/de\/produkt\/abricht-dickenhobelmaschine-mit-langlochbohrer-mitica-fsc-260\/","url":"https:\/\/www.tecnosuissesa.com\/de\/produkt\/abricht-dickenhobelmaschine-mit-langlochbohrer-mitica-fsc-260\/","name":"Abricht-Dickenhobelmaschine mit Langlochbohrer Mitica FSC 260 - Tecnosuisse","isPartOf":{"@id":"https:\/\/www.tecnosuissesa.com\/it\/#website"},"primaryImageOfPage":{"@id":"https:\/\/www.tecnosuissesa.com\/de\/produkt\/abricht-dickenhobelmaschine-mit-langlochbohrer-mitica-fsc-260\/#primaryimage"},"image":{"@id":"https:\/\/www.tecnosuissesa.com\/de\/produkt\/abricht-dickenhobelmaschine-mit-langlochbohrer-mitica-fsc-260\/#primaryimage"},"thumbnailUrl":"https:\/\/www.tecnosuissesa.com\/wp-content\/uploads\/2017\/10\/FSC260_2.jpg","datePublished":"2017-10-02T13:38:27+00:00","breadcrumb":{"@id":"https:\/\/www.tecnosuissesa.com\/de\/produkt\/abricht-dickenhobelmaschine-mit-langlochbohrer-mitica-fsc-260\/#breadcrumb"},"inLanguage":"de","potentialAction":[{"@type":"ReadAction","target":["https:\/\/www.tecnosuissesa.com\/de\/produkt\/abricht-dickenhobelmaschine-mit-langlochbohrer-mitica-fsc-260\/"]}]},{"@type":"ImageObject","inLanguage":"de","@id":"https:\/\/www.tecnosuissesa.com\/de\/produkt\/abricht-dickenhobelmaschine-mit-langlochbohrer-mitica-fsc-260\/#primaryimage","url":"https:\/\/www.tecnosuissesa.com\/wp-content\/uploads\/2017\/10\/FSC260_2.jpg","contentUrl":"https:\/\/www.tecnosuissesa.com\/wp-content\/uploads\/2017\/10\/FSC260_2.jpg","width":1024,"height":768},{"@type":"BreadcrumbList","@id":"https:\/\/www.tecnosuissesa.com\/de\/produkt\/abricht-dickenhobelmaschine-mit-langlochbohrer-mitica-fsc-260\/#breadcrumb","itemListElement":[{"@type":"ListItem","position":1,"name":"Home","item":"https:\/\/www.tecnosuissesa.com\/de\/"},{"@type":"ListItem","position":2,"name":"Vendita di Macchine Utensili per Legno e per Metalli","item":"https:\/\/www.tecnosuissesa.com\/it\/vendita-macchine-utensili\/"},{"@type":"ListItem","position":3,"name":"Abricht-Dickenhobelmaschine mit Langlochbohrer Mitica FSC 260"}]},{"@type":"WebSite","@id":"https:\/\/www.tecnosuissesa.com\/it\/#website","url":"https:\/\/www.tecnosuissesa.com\/it\/","name":"Tecnosuisse","description":"Macchine Utensili per Legno e Metalli","publisher":{"@id":"https:\/\/www.tecnosuissesa.com\/it\/#organization"},"potentialAction":[{"@type":"SearchAction","target":{"@type":"EntryPoint","urlTemplate":"https:\/\/www.tecnosuissesa.com\/it\/?s={search_term_string}"},"query-input":{"@type":"PropertyValueSpecification","valueRequired":true,"valueName":"search_term_string"}}],"inLanguage":"de"},{"@type":"Organization","@id":"https:\/\/www.tecnosuissesa.com\/it\/#organization","name":"Tecnosuisse","url":"https:\/\/www.tecnosuissesa.com\/it\/","logo":{"@type":"ImageObject","inLanguage":"de","@id":"https:\/\/www.tecnosuissesa.com\/it\/#\/schema\/logo\/image\/","url":"https:\/\/www.tecnosuissesa.com\/wp-content\/uploads\/2017\/08\/Logo_TecnoSuisse_627x627.png","contentUrl":"https:\/\/www.tecnosuissesa.com\/wp-content\/uploads\/2017\/08\/Logo_TecnoSuisse_627x627.png","width":627,"height":627,"caption":"Tecnosuisse"},"image":{"@id":"https:\/\/www.tecnosuissesa.com\/it\/#\/schema\/logo\/image\/"},"sameAs":["https:\/\/www.facebook.com\/tecnosuisse\/","https:\/\/www.youtube.com\/channel\/UCSoxFNkw8ZiE4jP9OY8AdFg"]}]}},"_links":{"self":[{"href":"https:\/\/www.tecnosuissesa.com\/de\/wp-json\/wp\/v2\/product\/1452","targetHints":{"allow":["GET"]}}],"collection":[{"href":"https:\/\/www.tecnosuissesa.com\/de\/wp-json\/wp\/v2\/product"}],"about":[{"href":"https:\/\/www.tecnosuissesa.com\/de\/wp-json\/wp\/v2\/types\/product"}],"replies":[{"embeddable":true,"href":"https:\/\/www.tecnosuissesa.com\/de\/wp-json\/wp\/v2\/comments?post=1452"}],"wp:featuredmedia":[{"embeddable":true,"href":"https:\/\/www.tecnosuissesa.com\/de\/wp-json\/wp\/v2\/media\/1444"}],"wp:attachment":[{"href":"https:\/\/www.tecnosuissesa.com\/de\/wp-json\/wp\/v2\/media?parent=1452"}],"wp:term":[{"taxonomy":"product_brand","embeddable":true,"href":"https:\/\/www.tecnosuissesa.com\/de\/wp-json\/wp\/v2\/product_brand?post=1452"},{"taxonomy":"product_cat","embeddable":true,"href":"https:\/\/www.tecnosuissesa.com\/de\/wp-json\/wp\/v2\/product_cat?post=1452"},{"taxonomy":"product_tag","embeddable":true,"href":"https:\/\/www.tecnosuissesa.com\/de\/wp-json\/wp\/v2\/product_tag?post=1452"}],"curies":[{"name":"wp","href":"https:\/\/api.w.org\/{rel}","templated":true}]}}