{"id":1401,"date":"2017-10-02T11:55:53","date_gmt":"2017-10-02T09:55:53","guid":{"rendered":"https:\/\/www.tecnosuissesa.com\/product\/holzbandsage-professionelle-prima-70-dreiphasiger-motor\/"},"modified":"2017-10-02T11:55:53","modified_gmt":"2017-10-02T09:55:53","slug":"holzbandsage-professionelle-prima-70-dreiphasiger-motor","status":"publish","type":"product","link":"https:\/\/www.tecnosuissesa.com\/de\/product\/holzbandsage-professionelle-prima-70-dreiphasiger-motor\/","title":{"rendered":"Holzbands\u00e4ge Professionelle Prima 70 (dreiphasiger Motor)"},"content":{"rendered":"<p>Dies ist eine professionelle Bands\u00e4ge mit Arbeitstisch und Schwungr\u00e4dern aus Gusseisen, Tragwerk aus verkleidetem Stahl und Messerf\u00fchrung mit hoch pr\u00e4ziser Millimeterskala. Der Durchmesser Schwungr\u00e4der dieser S\u00e4ge ist 700 mm, w\u00e4hrend der Motor, der die Maschine antreibt, ein starker dreiphasiger Motor ist. Die S\u00e4gefl\u00e4che kann geneigt werden und wird in der Standard-Version schon mit F\u00fchrung und Winkelmesser geliefert. Am Unterteil der Maschine ist eine Rohrverschraubung vorhanden, wo man einen Absauger mit Schlauchdurchmesser 100 mm anschliessen kann.<\/p>\n<table>\n<tbody>\n<tr>\n<td colspan=\"2\"><strong>TECHNISCHE DATEN<\/strong><\/td>\n<\/tr>\n<tr>\n<td colspan=\"2\"><strong>PLATZBEDARF DER MASCHINE<\/strong><\/td>\n<\/tr>\n<tr>\n<td>Maschineabmessungen<\/td>\n<td>2.223 x 700 x 1.090 mm<\/td>\n<\/tr>\n<tr>\n<td>Abmessungen der Verpackung<\/td>\n<td>2.243 x 720 x 1.110 mm<\/td>\n<\/tr>\n<tr>\n<td>Nettogewicht der Maschine<\/td>\n<td>500 kg<\/td>\n<\/tr>\n<tr>\n<td>Bruttogewicht (Maschine in der Verpackung)<\/td>\n<td>570 kg<\/td>\n<\/tr>\n<tr>\n<td colspan=\"2\"><strong>SPEZIFIKATIONEN DER BANDS\u00c4GE<\/strong><\/td>\n<\/tr>\n<tr>\n<td>Abmessungen des Arbeitstischs<\/td>\n<td>1030 x 620 mm<\/td>\n<\/tr>\n<tr>\n<td>Durchmesser Schwungr\u00e4der<\/td>\n<td>700 mm<\/td>\n<\/tr>\n<tr>\n<td>Typ des Arbeitstisches<\/td>\n<td>In Gusseisen neigbar<\/td>\n<\/tr>\n<tr>\n<td>Waagrechte Distanz zw. S\u00e4gebl\u00e4tter und Schwungr\u00e4deraufsatz<\/td>\n<td>70 cm<\/td>\n<\/tr>\n<tr>\n<td>Maximale senkrechte Schnitth\u00f6he<\/td>\n<td>350 mm<\/td>\n<\/tr>\n<tr>\n<td>Max. Umfang des S\u00e4geblattes auf den Schwungr\u00e4dern<\/td>\n<td>4850 mm<\/td>\n<\/tr>\n<tr>\n<td>Min. Umfang des S\u00e4geblattes auf den Schwungr\u00e4dern<\/td>\n<td>4800 mm<\/td>\n<\/tr>\n<tr>\n<td>Umfang des mitgelieferten S\u00e4geblattes<\/td>\n<td>4800 mm<\/td>\n<\/tr>\n<tr>\n<td>Umfang des als Ersatzteil gelieferten S\u00e4geblattes<\/td>\n<td>4840 mm<\/td>\n<\/tr>\n<tr>\n<td>Breite des mitgelieferten S\u00e4geblattes<\/td>\n<td>38 mm<\/td>\n<\/tr>\n<tr>\n<td>Winkelmesser f\u00fcr Winkelschnitte<\/td>\n<td>Ja<\/td>\n<\/tr>\n<tr>\n<td>F\u00fchrung mit Millimeterskala<\/td>\n<td>Ja<\/td>\n<\/tr>\n<tr>\n<td colspan=\"2\"><strong>MOTOR<\/strong><\/td>\n<\/tr>\n<tr>\n<td>Leistung<\/td>\n<td>Hp 5,5 (Kw 4)<\/td>\n<\/tr>\n<tr>\n<td>Typ<\/td>\n<td>Dreiphasig<\/td>\n<\/tr>\n<tr>\n<td>Motorschutzschalter<\/td>\n<td>Ja<\/td>\n<\/tr>\n<\/tbody>\n<\/table>\n","protected":false},"excerpt":{"rendered":"<p><span lang=\"de\" xml:lang=\"de\">Holzbands\u00e4ge Professionelle Prima 70 (dreiphasiger Motor) m<\/span><span lang=\"de\" xml:lang=\"de\">it Schwungr\u00e4dern mit \u00d8 700 5.5 mm, neigbare Gusseisenfl\u00e4che, Dreiphasig-Motor (Leistung 5.5 Hp)<\/span><\/p>\n","protected":false},"featured_media":1393,"comment_status":"open","ping_status":"closed","template":"","meta":[],"product_brand":[],"product_cat":[67],"product_tag":[],"class_list":{"0":"post-1401","1":"product","2":"type-product","3":"status-publish","4":"has-post-thumbnail","6":"product_cat-bandsagen-fur-holzbearbeitung","7":"product_shipping_class-classe-10-de","9":"first","10":"instock","11":"shipping-taxable","12":"purchasable","13":"product-type-simple"},"yoast_head":"<!-- This site is optimized with the Yoast SEO plugin v27.1 - https:\/\/yoast.com\/product\/yoast-seo-wordpress\/ -->\n<title>Holzbands\u00e4ge Professionelle Prima 70 (dreiphasiger Motor) - Tecnosuisse<\/title>\n<meta name=\"robots\" content=\"index, follow, max-snippet:-1, max-image-preview:large, max-video-preview:-1\" \/>\n<link rel=\"canonical\" href=\"https:\/\/www.tecnosuissesa.com\/de\/produkt\/holzbandsage-professionelle-prima-70-dreiphasiger-motor\/\" \/>\n<meta property=\"og:locale\" content=\"de_DE\" \/>\n<meta property=\"og:type\" content=\"article\" \/>\n<meta property=\"og:title\" content=\"Holzbands\u00e4ge Professionelle Prima 70 (dreiphasiger Motor) - Tecnosuisse\" \/>\n<meta property=\"og:description\" content=\"Holzbands\u00e4ge Professionelle Prima 70 (dreiphasiger Motor) mit Schwungr\u00e4dern mit \u00d8 700 5.5 mm, neigbare Gusseisenfl\u00e4che, Dreiphasig-Motor (Leistung 5.5 Hp)\" \/>\n<meta property=\"og:url\" content=\"https:\/\/www.tecnosuissesa.com\/de\/produkt\/holzbandsage-professionelle-prima-70-dreiphasiger-motor\/\" \/>\n<meta property=\"og:site_name\" content=\"Tecnosuisse\" \/>\n<meta property=\"article:publisher\" content=\"https:\/\/www.facebook.com\/tecnosuisse\/\" \/>\n<meta property=\"og:image\" content=\"https:\/\/www.tecnosuissesa.com\/wp-content\/uploads\/2017\/10\/prima-701.jpg\" \/>\n\t<meta property=\"og:image:width\" content=\"1024\" \/>\n\t<meta property=\"og:image:height\" content=\"768\" \/>\n\t<meta property=\"og:image:type\" content=\"image\/jpeg\" \/>\n<meta name=\"twitter:card\" content=\"summary_large_image\" \/>\n<meta name=\"twitter:label1\" content=\"Gesch\u00e4tzte Lesezeit\" \/>\n\t<meta name=\"twitter:data1\" content=\"1\u00a0Minute\" \/>\n<script type=\"application\/ld+json\" class=\"yoast-schema-graph\">{\"@context\":\"https:\/\/schema.org\",\"@graph\":[{\"@type\":\"WebPage\",\"@id\":\"https:\/\/www.tecnosuissesa.com\/de\/produkt\/holzbandsage-professionelle-prima-70-dreiphasiger-motor\/\",\"url\":\"https:\/\/www.tecnosuissesa.com\/de\/produkt\/holzbandsage-professionelle-prima-70-dreiphasiger-motor\/\",\"name\":\"Holzbands\u00e4ge Professionelle Prima 70 (dreiphasiger Motor) - Tecnosuisse\",\"isPartOf\":{\"@id\":\"https:\/\/www.tecnosuissesa.com\/it\/#website\"},\"primaryImageOfPage\":{\"@id\":\"https:\/\/www.tecnosuissesa.com\/de\/produkt\/holzbandsage-professionelle-prima-70-dreiphasiger-motor\/#primaryimage\"},\"image\":{\"@id\":\"https:\/\/www.tecnosuissesa.com\/de\/produkt\/holzbandsage-professionelle-prima-70-dreiphasiger-motor\/#primaryimage\"},\"thumbnailUrl\":\"https:\/\/www.tecnosuissesa.com\/wp-content\/uploads\/2017\/10\/prima-701.jpg\",\"datePublished\":\"2017-10-02T09:55:53+00:00\",\"breadcrumb\":{\"@id\":\"https:\/\/www.tecnosuissesa.com\/de\/produkt\/holzbandsage-professionelle-prima-70-dreiphasiger-motor\/#breadcrumb\"},\"inLanguage\":\"de\",\"potentialAction\":[{\"@type\":\"ReadAction\",\"target\":[\"https:\/\/www.tecnosuissesa.com\/de\/produkt\/holzbandsage-professionelle-prima-70-dreiphasiger-motor\/\"]}]},{\"@type\":\"ImageObject\",\"inLanguage\":\"de\",\"@id\":\"https:\/\/www.tecnosuissesa.com\/de\/produkt\/holzbandsage-professionelle-prima-70-dreiphasiger-motor\/#primaryimage\",\"url\":\"https:\/\/www.tecnosuissesa.com\/wp-content\/uploads\/2017\/10\/prima-701.jpg\",\"contentUrl\":\"https:\/\/www.tecnosuissesa.com\/wp-content\/uploads\/2017\/10\/prima-701.jpg\",\"width\":1024,\"height\":768},{\"@type\":\"BreadcrumbList\",\"@id\":\"https:\/\/www.tecnosuissesa.com\/de\/produkt\/holzbandsage-professionelle-prima-70-dreiphasiger-motor\/#breadcrumb\",\"itemListElement\":[{\"@type\":\"ListItem\",\"position\":1,\"name\":\"Home\",\"item\":\"https:\/\/www.tecnosuissesa.com\/de\/\"},{\"@type\":\"ListItem\",\"position\":2,\"name\":\"Vendita di Macchine Utensili per Legno e per Metalli\",\"item\":\"https:\/\/www.tecnosuissesa.com\/it\/vendita-macchine-utensili\/\"},{\"@type\":\"ListItem\",\"position\":3,\"name\":\"Holzbands\u00e4ge Professionelle Prima 70 (dreiphasiger Motor)\"}]},{\"@type\":\"WebSite\",\"@id\":\"https:\/\/www.tecnosuissesa.com\/it\/#website\",\"url\":\"https:\/\/www.tecnosuissesa.com\/it\/\",\"name\":\"Tecnosuisse\",\"description\":\"Macchine Utensili per Legno e Metalli\",\"publisher\":{\"@id\":\"https:\/\/www.tecnosuissesa.com\/it\/#organization\"},\"potentialAction\":[{\"@type\":\"SearchAction\",\"target\":{\"@type\":\"EntryPoint\",\"urlTemplate\":\"https:\/\/www.tecnosuissesa.com\/it\/?s={search_term_string}\"},\"query-input\":{\"@type\":\"PropertyValueSpecification\",\"valueRequired\":true,\"valueName\":\"search_term_string\"}}],\"inLanguage\":\"de\"},{\"@type\":\"Organization\",\"@id\":\"https:\/\/www.tecnosuissesa.com\/it\/#organization\",\"name\":\"Tecnosuisse\",\"url\":\"https:\/\/www.tecnosuissesa.com\/it\/\",\"logo\":{\"@type\":\"ImageObject\",\"inLanguage\":\"de\",\"@id\":\"https:\/\/www.tecnosuissesa.com\/it\/#\/schema\/logo\/image\/\",\"url\":\"https:\/\/www.tecnosuissesa.com\/wp-content\/uploads\/2017\/08\/Logo_TecnoSuisse_627x627.png\",\"contentUrl\":\"https:\/\/www.tecnosuissesa.com\/wp-content\/uploads\/2017\/08\/Logo_TecnoSuisse_627x627.png\",\"width\":627,\"height\":627,\"caption\":\"Tecnosuisse\"},\"image\":{\"@id\":\"https:\/\/www.tecnosuissesa.com\/it\/#\/schema\/logo\/image\/\"},\"sameAs\":[\"https:\/\/www.facebook.com\/tecnosuisse\/\",\"https:\/\/www.youtube.com\/channel\/UCSoxFNkw8ZiE4jP9OY8AdFg\"]}]}<\/script>\n<!-- \/ Yoast SEO plugin. -->","yoast_head_json":{"title":"Holzbands\u00e4ge Professionelle Prima 70 (dreiphasiger Motor) - Tecnosuisse","robots":{"index":"index","follow":"follow","max-snippet":"max-snippet:-1","max-image-preview":"max-image-preview:large","max-video-preview":"max-video-preview:-1"},"canonical":"https:\/\/www.tecnosuissesa.com\/de\/produkt\/holzbandsage-professionelle-prima-70-dreiphasiger-motor\/","og_locale":"de_DE","og_type":"article","og_title":"Holzbands\u00e4ge Professionelle Prima 70 (dreiphasiger Motor) - Tecnosuisse","og_description":"Holzbands\u00e4ge Professionelle Prima 70 (dreiphasiger Motor) mit Schwungr\u00e4dern mit \u00d8 700 5.5 mm, neigbare Gusseisenfl\u00e4che, Dreiphasig-Motor (Leistung 5.5 Hp)","og_url":"https:\/\/www.tecnosuissesa.com\/de\/produkt\/holzbandsage-professionelle-prima-70-dreiphasiger-motor\/","og_site_name":"Tecnosuisse","article_publisher":"https:\/\/www.facebook.com\/tecnosuisse\/","og_image":[{"width":1024,"height":768,"url":"https:\/\/www.tecnosuissesa.com\/wp-content\/uploads\/2017\/10\/prima-701.jpg","type":"image\/jpeg"}],"twitter_card":"summary_large_image","twitter_misc":{"Gesch\u00e4tzte Lesezeit":"1\u00a0Minute"},"schema":{"@context":"https:\/\/schema.org","@graph":[{"@type":"WebPage","@id":"https:\/\/www.tecnosuissesa.com\/de\/produkt\/holzbandsage-professionelle-prima-70-dreiphasiger-motor\/","url":"https:\/\/www.tecnosuissesa.com\/de\/produkt\/holzbandsage-professionelle-prima-70-dreiphasiger-motor\/","name":"Holzbands\u00e4ge Professionelle Prima 70 (dreiphasiger Motor) - Tecnosuisse","isPartOf":{"@id":"https:\/\/www.tecnosuissesa.com\/it\/#website"},"primaryImageOfPage":{"@id":"https:\/\/www.tecnosuissesa.com\/de\/produkt\/holzbandsage-professionelle-prima-70-dreiphasiger-motor\/#primaryimage"},"image":{"@id":"https:\/\/www.tecnosuissesa.com\/de\/produkt\/holzbandsage-professionelle-prima-70-dreiphasiger-motor\/#primaryimage"},"thumbnailUrl":"https:\/\/www.tecnosuissesa.com\/wp-content\/uploads\/2017\/10\/prima-701.jpg","datePublished":"2017-10-02T09:55:53+00:00","breadcrumb":{"@id":"https:\/\/www.tecnosuissesa.com\/de\/produkt\/holzbandsage-professionelle-prima-70-dreiphasiger-motor\/#breadcrumb"},"inLanguage":"de","potentialAction":[{"@type":"ReadAction","target":["https:\/\/www.tecnosuissesa.com\/de\/produkt\/holzbandsage-professionelle-prima-70-dreiphasiger-motor\/"]}]},{"@type":"ImageObject","inLanguage":"de","@id":"https:\/\/www.tecnosuissesa.com\/de\/produkt\/holzbandsage-professionelle-prima-70-dreiphasiger-motor\/#primaryimage","url":"https:\/\/www.tecnosuissesa.com\/wp-content\/uploads\/2017\/10\/prima-701.jpg","contentUrl":"https:\/\/www.tecnosuissesa.com\/wp-content\/uploads\/2017\/10\/prima-701.jpg","width":1024,"height":768},{"@type":"BreadcrumbList","@id":"https:\/\/www.tecnosuissesa.com\/de\/produkt\/holzbandsage-professionelle-prima-70-dreiphasiger-motor\/#breadcrumb","itemListElement":[{"@type":"ListItem","position":1,"name":"Home","item":"https:\/\/www.tecnosuissesa.com\/de\/"},{"@type":"ListItem","position":2,"name":"Vendita di Macchine Utensili per Legno e per Metalli","item":"https:\/\/www.tecnosuissesa.com\/it\/vendita-macchine-utensili\/"},{"@type":"ListItem","position":3,"name":"Holzbands\u00e4ge Professionelle Prima 70 (dreiphasiger Motor)"}]},{"@type":"WebSite","@id":"https:\/\/www.tecnosuissesa.com\/it\/#website","url":"https:\/\/www.tecnosuissesa.com\/it\/","name":"Tecnosuisse","description":"Macchine Utensili per Legno e Metalli","publisher":{"@id":"https:\/\/www.tecnosuissesa.com\/it\/#organization"},"potentialAction":[{"@type":"SearchAction","target":{"@type":"EntryPoint","urlTemplate":"https:\/\/www.tecnosuissesa.com\/it\/?s={search_term_string}"},"query-input":{"@type":"PropertyValueSpecification","valueRequired":true,"valueName":"search_term_string"}}],"inLanguage":"de"},{"@type":"Organization","@id":"https:\/\/www.tecnosuissesa.com\/it\/#organization","name":"Tecnosuisse","url":"https:\/\/www.tecnosuissesa.com\/it\/","logo":{"@type":"ImageObject","inLanguage":"de","@id":"https:\/\/www.tecnosuissesa.com\/it\/#\/schema\/logo\/image\/","url":"https:\/\/www.tecnosuissesa.com\/wp-content\/uploads\/2017\/08\/Logo_TecnoSuisse_627x627.png","contentUrl":"https:\/\/www.tecnosuissesa.com\/wp-content\/uploads\/2017\/08\/Logo_TecnoSuisse_627x627.png","width":627,"height":627,"caption":"Tecnosuisse"},"image":{"@id":"https:\/\/www.tecnosuissesa.com\/it\/#\/schema\/logo\/image\/"},"sameAs":["https:\/\/www.facebook.com\/tecnosuisse\/","https:\/\/www.youtube.com\/channel\/UCSoxFNkw8ZiE4jP9OY8AdFg"]}]}},"_links":{"self":[{"href":"https:\/\/www.tecnosuissesa.com\/de\/wp-json\/wp\/v2\/product\/1401","targetHints":{"allow":["GET"]}}],"collection":[{"href":"https:\/\/www.tecnosuissesa.com\/de\/wp-json\/wp\/v2\/product"}],"about":[{"href":"https:\/\/www.tecnosuissesa.com\/de\/wp-json\/wp\/v2\/types\/product"}],"replies":[{"embeddable":true,"href":"https:\/\/www.tecnosuissesa.com\/de\/wp-json\/wp\/v2\/comments?post=1401"}],"wp:featuredmedia":[{"embeddable":true,"href":"https:\/\/www.tecnosuissesa.com\/de\/wp-json\/wp\/v2\/media\/1393"}],"wp:attachment":[{"href":"https:\/\/www.tecnosuissesa.com\/de\/wp-json\/wp\/v2\/media?parent=1401"}],"wp:term":[{"taxonomy":"product_brand","embeddable":true,"href":"https:\/\/www.tecnosuissesa.com\/de\/wp-json\/wp\/v2\/product_brand?post=1401"},{"taxonomy":"product_cat","embeddable":true,"href":"https:\/\/www.tecnosuissesa.com\/de\/wp-json\/wp\/v2\/product_cat?post=1401"},{"taxonomy":"product_tag","embeddable":true,"href":"https:\/\/www.tecnosuissesa.com\/de\/wp-json\/wp\/v2\/product_tag?post=1401"}],"curies":[{"name":"wp","href":"https:\/\/api.w.org\/{rel}","templated":true}]}}