{"id":1377,"date":"2017-10-02T11:31:03","date_gmt":"2017-10-02T09:31:03","guid":{"rendered":"https:\/\/www.tecnosuissesa.com\/product\/holzbandsage-prima-50\/"},"modified":"2017-10-02T11:40:36","modified_gmt":"2017-10-02T09:40:36","slug":"holzbandsage-prima-50","status":"publish","type":"product","link":"https:\/\/www.tecnosuissesa.com\/de\/product\/holzbandsage-prima-50\/","title":{"rendered":"Holzbands\u00e4ge Prima 50"},"content":{"rendered":"<p>Die Bands\u00e4ge PRIMA 50 verf\u00fcgt einen starken 3 PS-Motor und neigbarem Arbeitstisch aus Gusseisen. Die Schwungr\u00e4der sind ebenfalls aus Gusseisen und haben einen Durchmesser von 500 mm. Das Tragwerk der Maschine ist aus verkleidetem Stahl.<span class=\"apple-converted-space\">\u00a0<\/span>Das S\u00e4geblatt gleitet l\u00e4ngs einer F\u00fchrung auf Pr\u00e4zisions-Lagern.<span class=\"apple-converted-space\">\u00a0<\/span>\u00a0Diese Bands\u00e4ge ist absolut stabil und robust.<span class=\"apple-converted-space\">\u00a0<\/span>\u00a0Wie alle unsere Bands\u00e4gen, wird sie mit S\u00e4geblatt und Winkelmesser im Preis inbegriffen geliefert. Der angegebene Preis bezieht sich auf die einphasige Ausf\u00fchrung. Mit einem kleinen Preisaufschlag kann man die Maschine auch in der Version mit dreiphasigem Motor erhalten.<strong><br \/>\n<\/strong><\/p>\n<table>\n<tbody>\n<tr>\n<td colspan=\"2\"><strong>TECHNISCHE DATEN<\/strong><\/td>\n<\/tr>\n<tr>\n<td colspan=\"2\"><strong>PLATZBEDARF DER MASCHINE<\/strong><\/td>\n<\/tr>\n<tr>\n<td>Platzbedarf der Maschine<\/td>\n<td>1060 mm (L\u00e4nge) x 860 mm (Breite) x 1860 mm (H\u00f6he)<\/td>\n<\/tr>\n<tr>\n<td>Nettogewicht der Maschine<\/td>\n<td>320 kg<\/td>\n<\/tr>\n<tr>\n<td>Bruttogewicht (Maschine in der Verpackung)<\/td>\n<td>360 kg<\/td>\n<\/tr>\n<tr>\n<td colspan=\"2\"><strong>SPEZIFIKATIONEN DER BANDS\u00c4GE<\/strong><\/td>\n<\/tr>\n<tr>\n<td>Auflagefl\u00e4che<\/td>\n<td>770 mm (Breite) x 500 mm (L\u00e4nge)<\/td>\n<\/tr>\n<tr>\n<td>Typ Arbeitstisch<\/td>\n<td>In Gusseisen neigbar von 0 bis 21 Grad<\/td>\n<\/tr>\n<tr>\n<td>Durchmesser Schwungrad<\/td>\n<td>500 mm<\/td>\n<\/tr>\n<tr>\n<td>Waagrechter Abstand zwischen S\u00e4geblatt und Schwungradaufsatz<\/td>\n<td>490 mm<\/td>\n<\/tr>\n<tr>\n<td>Maximale senkrechte Schnitth\u00f6he<\/td>\n<td>300 mm<\/td>\n<\/tr>\n<tr>\n<td>Umfang S\u00e4geblatt<\/td>\n<td>3500 mm<\/td>\n<\/tr>\n<tr>\n<td>Breite des mitgelieferten S\u00e4geblattes<\/td>\n<td>25 mm<\/td>\n<\/tr>\n<tr>\n<td>Maximal montierbare S\u00e4geblattbreite<\/td>\n<td>38 mm<\/td>\n<\/tr>\n<tr>\n<td>Winkelmesser f\u00fcr Winkelschnitte<\/td>\n<td>Vorhanden als Standard-Zubeh\u00f6r<\/td>\n<\/tr>\n<tr>\n<td>F\u00fchrung mit Millimeterskala<\/td>\n<td>Vorhanden als Standard-Zubeh\u00f6r<\/td>\n<\/tr>\n<tr>\n<td colspan=\"2\"><strong>MOTOR<\/strong><\/td>\n<\/tr>\n<tr>\n<td>Leistung<\/td>\n<td>3 Hp &#8211; 2200 W<\/td>\n<\/tr>\n<tr>\n<td>Typ<\/td>\n<td>Einphasig<\/td>\n<\/tr>\n<tr>\n<td>Frequenz<\/td>\n<td>50Hz<\/td>\n<\/tr>\n<tr>\n<td>Motorschutzschalter<\/td>\n<td>Vorhanden<\/td>\n<\/tr>\n<\/tbody>\n<\/table>\n","protected":false},"excerpt":{"rendered":"<p><span lang=\"de\" xml:lang=\"de\">Holzbands\u00e4ge Prima 50 m<\/span><span lang=\"de\" xml:lang=\"de\">it Schwungr\u00e4dern aus \u00d8 500 mm, neigbaren Gusseisenfl\u00e4che.\u00a0Das Tragwerk der Maschine ist aus Stahl<\/span><\/p>\n","protected":false},"featured_media":1369,"comment_status":"open","ping_status":"closed","template":"","meta":[],"product_brand":[],"product_cat":[67],"product_tag":[],"class_list":{"0":"post-1377","1":"product","2":"type-product","3":"status-publish","4":"has-post-thumbnail","6":"product_cat-bandsagen-fur-holzbearbeitung","7":"product_shipping_class-classe-10-de","9":"first","10":"instock","11":"shipping-taxable","12":"purchasable","13":"product-type-simple"},"yoast_head":"<!-- This site is optimized with the Yoast SEO plugin v27.1 - https:\/\/yoast.com\/product\/yoast-seo-wordpress\/ -->\n<title>Holzbands\u00e4ge Prima 50 - Tecnosuisse<\/title>\n<meta name=\"robots\" content=\"index, follow, max-snippet:-1, max-image-preview:large, max-video-preview:-1\" \/>\n<link rel=\"canonical\" href=\"https:\/\/www.tecnosuissesa.com\/de\/produkt\/holzbandsage-prima-50\/\" \/>\n<meta property=\"og:locale\" content=\"de_DE\" \/>\n<meta property=\"og:type\" content=\"article\" \/>\n<meta property=\"og:title\" content=\"Holzbands\u00e4ge Prima 50 - Tecnosuisse\" \/>\n<meta property=\"og:description\" content=\"Holzbands\u00e4ge Prima 50 mit Schwungr\u00e4dern aus \u00d8 500 mm, neigbaren Gusseisenfl\u00e4che.\u00a0Das Tragwerk der Maschine ist aus Stahl\" \/>\n<meta property=\"og:url\" content=\"https:\/\/www.tecnosuissesa.com\/de\/produkt\/holzbandsage-prima-50\/\" \/>\n<meta property=\"og:site_name\" content=\"Tecnosuisse\" \/>\n<meta property=\"article:publisher\" content=\"https:\/\/www.facebook.com\/tecnosuisse\/\" \/>\n<meta property=\"article:modified_time\" content=\"2017-10-02T09:40:36+00:00\" \/>\n<meta property=\"og:image\" content=\"https:\/\/www.tecnosuissesa.com\/wp-content\/uploads\/2017\/10\/SEGHA-A-NASTRO-PRIMA-50-1.jpg\" \/>\n\t<meta property=\"og:image:width\" content=\"1024\" \/>\n\t<meta property=\"og:image:height\" content=\"768\" \/>\n\t<meta property=\"og:image:type\" content=\"image\/jpeg\" \/>\n<meta name=\"twitter:card\" content=\"summary_large_image\" \/>\n<meta name=\"twitter:label1\" content=\"Gesch\u00e4tzte Lesezeit\" \/>\n\t<meta name=\"twitter:data1\" content=\"1\u00a0Minute\" \/>\n<script type=\"application\/ld+json\" class=\"yoast-schema-graph\">{\"@context\":\"https:\/\/schema.org\",\"@graph\":[{\"@type\":\"WebPage\",\"@id\":\"https:\/\/www.tecnosuissesa.com\/de\/produkt\/holzbandsage-prima-50\/\",\"url\":\"https:\/\/www.tecnosuissesa.com\/de\/produkt\/holzbandsage-prima-50\/\",\"name\":\"Holzbands\u00e4ge Prima 50 - Tecnosuisse\",\"isPartOf\":{\"@id\":\"https:\/\/www.tecnosuissesa.com\/it\/#website\"},\"primaryImageOfPage\":{\"@id\":\"https:\/\/www.tecnosuissesa.com\/de\/produkt\/holzbandsage-prima-50\/#primaryimage\"},\"image\":{\"@id\":\"https:\/\/www.tecnosuissesa.com\/de\/produkt\/holzbandsage-prima-50\/#primaryimage\"},\"thumbnailUrl\":\"https:\/\/www.tecnosuissesa.com\/wp-content\/uploads\/2017\/10\/SEGHA-A-NASTRO-PRIMA-50-1.jpg\",\"datePublished\":\"2017-10-02T09:31:03+00:00\",\"dateModified\":\"2017-10-02T09:40:36+00:00\",\"breadcrumb\":{\"@id\":\"https:\/\/www.tecnosuissesa.com\/de\/produkt\/holzbandsage-prima-50\/#breadcrumb\"},\"inLanguage\":\"de\",\"potentialAction\":[{\"@type\":\"ReadAction\",\"target\":[\"https:\/\/www.tecnosuissesa.com\/de\/produkt\/holzbandsage-prima-50\/\"]}]},{\"@type\":\"ImageObject\",\"inLanguage\":\"de\",\"@id\":\"https:\/\/www.tecnosuissesa.com\/de\/produkt\/holzbandsage-prima-50\/#primaryimage\",\"url\":\"https:\/\/www.tecnosuissesa.com\/wp-content\/uploads\/2017\/10\/SEGHA-A-NASTRO-PRIMA-50-1.jpg\",\"contentUrl\":\"https:\/\/www.tecnosuissesa.com\/wp-content\/uploads\/2017\/10\/SEGHA-A-NASTRO-PRIMA-50-1.jpg\",\"width\":1024,\"height\":768},{\"@type\":\"BreadcrumbList\",\"@id\":\"https:\/\/www.tecnosuissesa.com\/de\/produkt\/holzbandsage-prima-50\/#breadcrumb\",\"itemListElement\":[{\"@type\":\"ListItem\",\"position\":1,\"name\":\"Home\",\"item\":\"https:\/\/www.tecnosuissesa.com\/de\/\"},{\"@type\":\"ListItem\",\"position\":2,\"name\":\"Vendita di Macchine Utensili per Legno e per Metalli\",\"item\":\"https:\/\/www.tecnosuissesa.com\/it\/vendita-macchine-utensili\/\"},{\"@type\":\"ListItem\",\"position\":3,\"name\":\"Holzbands\u00e4ge Prima 50\"}]},{\"@type\":\"WebSite\",\"@id\":\"https:\/\/www.tecnosuissesa.com\/it\/#website\",\"url\":\"https:\/\/www.tecnosuissesa.com\/it\/\",\"name\":\"Tecnosuisse\",\"description\":\"Macchine Utensili per Legno e Metalli\",\"publisher\":{\"@id\":\"https:\/\/www.tecnosuissesa.com\/it\/#organization\"},\"potentialAction\":[{\"@type\":\"SearchAction\",\"target\":{\"@type\":\"EntryPoint\",\"urlTemplate\":\"https:\/\/www.tecnosuissesa.com\/it\/?s={search_term_string}\"},\"query-input\":{\"@type\":\"PropertyValueSpecification\",\"valueRequired\":true,\"valueName\":\"search_term_string\"}}],\"inLanguage\":\"de\"},{\"@type\":\"Organization\",\"@id\":\"https:\/\/www.tecnosuissesa.com\/it\/#organization\",\"name\":\"Tecnosuisse\",\"url\":\"https:\/\/www.tecnosuissesa.com\/it\/\",\"logo\":{\"@type\":\"ImageObject\",\"inLanguage\":\"de\",\"@id\":\"https:\/\/www.tecnosuissesa.com\/it\/#\/schema\/logo\/image\/\",\"url\":\"https:\/\/www.tecnosuissesa.com\/wp-content\/uploads\/2017\/08\/Logo_TecnoSuisse_627x627.png\",\"contentUrl\":\"https:\/\/www.tecnosuissesa.com\/wp-content\/uploads\/2017\/08\/Logo_TecnoSuisse_627x627.png\",\"width\":627,\"height\":627,\"caption\":\"Tecnosuisse\"},\"image\":{\"@id\":\"https:\/\/www.tecnosuissesa.com\/it\/#\/schema\/logo\/image\/\"},\"sameAs\":[\"https:\/\/www.facebook.com\/tecnosuisse\/\",\"https:\/\/www.youtube.com\/channel\/UCSoxFNkw8ZiE4jP9OY8AdFg\"]}]}<\/script>\n<!-- \/ Yoast SEO plugin. -->","yoast_head_json":{"title":"Holzbands\u00e4ge Prima 50 - Tecnosuisse","robots":{"index":"index","follow":"follow","max-snippet":"max-snippet:-1","max-image-preview":"max-image-preview:large","max-video-preview":"max-video-preview:-1"},"canonical":"https:\/\/www.tecnosuissesa.com\/de\/produkt\/holzbandsage-prima-50\/","og_locale":"de_DE","og_type":"article","og_title":"Holzbands\u00e4ge Prima 50 - Tecnosuisse","og_description":"Holzbands\u00e4ge Prima 50 mit Schwungr\u00e4dern aus \u00d8 500 mm, neigbaren Gusseisenfl\u00e4che.\u00a0Das Tragwerk der Maschine ist aus Stahl","og_url":"https:\/\/www.tecnosuissesa.com\/de\/produkt\/holzbandsage-prima-50\/","og_site_name":"Tecnosuisse","article_publisher":"https:\/\/www.facebook.com\/tecnosuisse\/","article_modified_time":"2017-10-02T09:40:36+00:00","og_image":[{"width":1024,"height":768,"url":"https:\/\/www.tecnosuissesa.com\/wp-content\/uploads\/2017\/10\/SEGHA-A-NASTRO-PRIMA-50-1.jpg","type":"image\/jpeg"}],"twitter_card":"summary_large_image","twitter_misc":{"Gesch\u00e4tzte Lesezeit":"1\u00a0Minute"},"schema":{"@context":"https:\/\/schema.org","@graph":[{"@type":"WebPage","@id":"https:\/\/www.tecnosuissesa.com\/de\/produkt\/holzbandsage-prima-50\/","url":"https:\/\/www.tecnosuissesa.com\/de\/produkt\/holzbandsage-prima-50\/","name":"Holzbands\u00e4ge Prima 50 - Tecnosuisse","isPartOf":{"@id":"https:\/\/www.tecnosuissesa.com\/it\/#website"},"primaryImageOfPage":{"@id":"https:\/\/www.tecnosuissesa.com\/de\/produkt\/holzbandsage-prima-50\/#primaryimage"},"image":{"@id":"https:\/\/www.tecnosuissesa.com\/de\/produkt\/holzbandsage-prima-50\/#primaryimage"},"thumbnailUrl":"https:\/\/www.tecnosuissesa.com\/wp-content\/uploads\/2017\/10\/SEGHA-A-NASTRO-PRIMA-50-1.jpg","datePublished":"2017-10-02T09:31:03+00:00","dateModified":"2017-10-02T09:40:36+00:00","breadcrumb":{"@id":"https:\/\/www.tecnosuissesa.com\/de\/produkt\/holzbandsage-prima-50\/#breadcrumb"},"inLanguage":"de","potentialAction":[{"@type":"ReadAction","target":["https:\/\/www.tecnosuissesa.com\/de\/produkt\/holzbandsage-prima-50\/"]}]},{"@type":"ImageObject","inLanguage":"de","@id":"https:\/\/www.tecnosuissesa.com\/de\/produkt\/holzbandsage-prima-50\/#primaryimage","url":"https:\/\/www.tecnosuissesa.com\/wp-content\/uploads\/2017\/10\/SEGHA-A-NASTRO-PRIMA-50-1.jpg","contentUrl":"https:\/\/www.tecnosuissesa.com\/wp-content\/uploads\/2017\/10\/SEGHA-A-NASTRO-PRIMA-50-1.jpg","width":1024,"height":768},{"@type":"BreadcrumbList","@id":"https:\/\/www.tecnosuissesa.com\/de\/produkt\/holzbandsage-prima-50\/#breadcrumb","itemListElement":[{"@type":"ListItem","position":1,"name":"Home","item":"https:\/\/www.tecnosuissesa.com\/de\/"},{"@type":"ListItem","position":2,"name":"Vendita di Macchine Utensili per Legno e per Metalli","item":"https:\/\/www.tecnosuissesa.com\/it\/vendita-macchine-utensili\/"},{"@type":"ListItem","position":3,"name":"Holzbands\u00e4ge Prima 50"}]},{"@type":"WebSite","@id":"https:\/\/www.tecnosuissesa.com\/it\/#website","url":"https:\/\/www.tecnosuissesa.com\/it\/","name":"Tecnosuisse","description":"Macchine Utensili per Legno e Metalli","publisher":{"@id":"https:\/\/www.tecnosuissesa.com\/it\/#organization"},"potentialAction":[{"@type":"SearchAction","target":{"@type":"EntryPoint","urlTemplate":"https:\/\/www.tecnosuissesa.com\/it\/?s={search_term_string}"},"query-input":{"@type":"PropertyValueSpecification","valueRequired":true,"valueName":"search_term_string"}}],"inLanguage":"de"},{"@type":"Organization","@id":"https:\/\/www.tecnosuissesa.com\/it\/#organization","name":"Tecnosuisse","url":"https:\/\/www.tecnosuissesa.com\/it\/","logo":{"@type":"ImageObject","inLanguage":"de","@id":"https:\/\/www.tecnosuissesa.com\/it\/#\/schema\/logo\/image\/","url":"https:\/\/www.tecnosuissesa.com\/wp-content\/uploads\/2017\/08\/Logo_TecnoSuisse_627x627.png","contentUrl":"https:\/\/www.tecnosuissesa.com\/wp-content\/uploads\/2017\/08\/Logo_TecnoSuisse_627x627.png","width":627,"height":627,"caption":"Tecnosuisse"},"image":{"@id":"https:\/\/www.tecnosuissesa.com\/it\/#\/schema\/logo\/image\/"},"sameAs":["https:\/\/www.facebook.com\/tecnosuisse\/","https:\/\/www.youtube.com\/channel\/UCSoxFNkw8ZiE4jP9OY8AdFg"]}]}},"_links":{"self":[{"href":"https:\/\/www.tecnosuissesa.com\/de\/wp-json\/wp\/v2\/product\/1377","targetHints":{"allow":["GET"]}}],"collection":[{"href":"https:\/\/www.tecnosuissesa.com\/de\/wp-json\/wp\/v2\/product"}],"about":[{"href":"https:\/\/www.tecnosuissesa.com\/de\/wp-json\/wp\/v2\/types\/product"}],"replies":[{"embeddable":true,"href":"https:\/\/www.tecnosuissesa.com\/de\/wp-json\/wp\/v2\/comments?post=1377"}],"wp:featuredmedia":[{"embeddable":true,"href":"https:\/\/www.tecnosuissesa.com\/de\/wp-json\/wp\/v2\/media\/1369"}],"wp:attachment":[{"href":"https:\/\/www.tecnosuissesa.com\/de\/wp-json\/wp\/v2\/media?parent=1377"}],"wp:term":[{"taxonomy":"product_brand","embeddable":true,"href":"https:\/\/www.tecnosuissesa.com\/de\/wp-json\/wp\/v2\/product_brand?post=1377"},{"taxonomy":"product_cat","embeddable":true,"href":"https:\/\/www.tecnosuissesa.com\/de\/wp-json\/wp\/v2\/product_cat?post=1377"},{"taxonomy":"product_tag","embeddable":true,"href":"https:\/\/www.tecnosuissesa.com\/de\/wp-json\/wp\/v2\/product_tag?post=1377"}],"curies":[{"name":"wp","href":"https:\/\/api.w.org\/{rel}","templated":true}]}}