{"id":1351,"date":"2017-09-29T17:07:30","date_gmt":"2017-09-29T15:07:30","guid":{"rendered":"https:\/\/www.tecnosuissesa.com\/product\/holzbearbeitungsmaschine-america-super-310-2600\/"},"modified":"2017-09-29T17:07:30","modified_gmt":"2017-09-29T15:07:30","slug":"holzbearbeitungsmaschine-america-super-310-2600","status":"publish","type":"product","link":"https:\/\/www.tecnosuissesa.com\/de\/product\/holzbearbeitungsmaschine-america-super-310-2600\/","title":{"rendered":"Holzbearbeitungsmaschine America Super 310-2600"},"content":{"rendered":"<p><span lang=\"de-ch\" xml:lang=\"de-ch\">Diese Kombimaschine verf\u00fcgt \u00fcber Gusseisenarbeitsfl\u00e4chen, einen hochpr\u00e4zisionsgef\u00fchrten Bes\u00e4um-Schiebetisch auf 2600 mm Aluminiumwagen, 3 unabh\u00e4ngige 3-PS-Motoren, unfallverh\u00fctende Sicherheitsmassnahmen, eine Fr\u00e4se mit 3 Geschwindigkeiten, eine neigbare S\u00e4gegruppe mit Vorritzer und dreidimensionaler Stemmmaschine. Der breite Wagen des Bes\u00e4um-Schiebetisches ist mit dem S\u00e4geblatt b\u00fcndig angeordnet und erlaubt eine sichere und pr\u00e4zise Bearbeitung auch sehr grosser Fl\u00e4chen. Dank dem Vorritzer auf der neigbaren S\u00e4gegruppe, k\u00f6nnen hochpr\u00e4zise Endbearbeitungen durchgef\u00fchrt werden.<\/span><\/p>\n<p><span lang=\"de-ch\" xml:lang=\"de-ch\">Die drei unabh\u00e4ngigen Motoren mit je 3 PS verleihen der Maschine eine aussergew\u00f6hnliche Arbeitsleistung. Zusammen mit den verschiedenen Ansaugstutzen erm\u00f6glichen die 310-mm-Abrichthobel- und Dickenhobelmaschinen mit 3 Hobelmessern einen schnellen, hindernislosen Wechsel, ohne Totzeiten zwischen den Bearbeitungen. Auch diese Kombimaschine wird standardm\u00e4ssig mit einphasigen Motoren geliefert. Wie bei den anderen Damatomacchine-Kombimaschinen ist auch die dreiphasige Variante gegen einen Aufpreis erh\u00e4ltlich.<\/span><\/p>\n<table>\n<tbody>\n<tr>\n<td colspan=\"2\"><strong>TECHNISCHE DATEN<\/strong><\/td>\n<\/tr>\n<tr>\n<td colspan=\"2\"><strong>ABMESSUNGEN<\/strong><\/td>\n<\/tr>\n<tr>\n<td>Abmessungen Bes\u00e4um-Schiebetisch mit Wagen und Stemmmaschine<\/td>\n<td>2310 x 2000 mm (Wagen geschlossen)<\/td>\n<\/tr>\n<tr>\n<td>Ohne Bes\u00e4um-Schiebetisch und Stemmmaschine (Wagen montiert)<\/td>\n<td>1100 x 2000 mm<\/td>\n<\/tr>\n<tr>\n<td>Maschine, Nettogewicht<\/td>\n<td>560 kg<\/td>\n<\/tr>\n<tr>\n<td colspan=\"2\"><strong>KREISS\u00c4GEGRUPPE<\/strong><\/td>\n<\/tr>\n<tr>\n<td>S\u00e4ge, Durchmesser<\/td>\n<td>315 mm &#8211; Z 48<\/td>\n<\/tr>\n<tr>\n<td>Vorritzer, Durchmesser<\/td>\n<td>90 mm<\/td>\n<\/tr>\n<tr>\n<td>Eigenschaften<\/td>\n<td>h\u00f6henregulierbar, neigbar bis 45\u00b0<\/td>\n<\/tr>\n<tr>\n<td>Schnittgeschwindigkeit<\/td>\n<td>5200 Umdrehungen\/Minute<\/td>\n<\/tr>\n<tr>\n<td>Maximale Schnitth\u00f6he<\/td>\n<td>105 mm<\/td>\n<\/tr>\n<tr>\n<td colspan=\"2\"><strong>BES\u00c4UM-SCHIEBETISCH AUF WAGEN, S\u00c4GEBLATT B\u00dcNDIG ANGEORDNET<\/strong><\/td>\n<\/tr>\n<tr>\n<td>Abmessungen Wagen<\/td>\n<td>700 x 530 mm<\/td>\n<\/tr>\n<tr>\n<td>Eigenschaften Bes\u00e4um-Schiebetisch<\/td>\n<td>auf Aluminiumwagen b\u00fcndig mit dem Kreiss\u00e4geblatt angeordnet<\/td>\n<\/tr>\n<tr>\n<td>Abmessungen Aluminiumwagen<\/td>\n<td>2610 x 310 mm<\/td>\n<\/tr>\n<tr>\n<td>Vorschubgeschwindigkeit Bes\u00e4um-Schiebetisch<\/td>\n<td>1750 mm<\/td>\n<\/tr>\n<tr>\n<td colspan=\"2\"><strong>ABRICHTHOBEL- DICKENHOBELMASCHINE<\/strong><\/td>\n<\/tr>\n<tr>\n<td>Hobelmesser<\/td>\n<td>N\u00b03<\/td>\n<\/tr>\n<tr>\n<td>L\u00e4nge der Hobelwelle<\/td>\n<td>310 mm<\/td>\n<\/tr>\n<tr>\n<td>Durchmesser der Hobelwelle<\/td>\n<td>70 mm<\/td>\n<\/tr>\n<tr>\n<td>Maximale Hobelbreite<\/td>\n<td>310 mm<\/td>\n<\/tr>\n<tr>\n<td>Maximale Hobelh\u00f6he<\/td>\n<td>245 mm<\/td>\n<\/tr>\n<tr>\n<td>Eigenschaften der Arbeitsfl\u00e4chen<\/td>\n<td>aus Gusseisen, klappbar<\/td>\n<\/tr>\n<tr>\n<td>Zuggeschwindigkeit<\/td>\n<td>7,5 Meter\/Minute<\/td>\n<\/tr>\n<tr>\n<td colspan=\"2\"><strong>FR\u00c4SMASCHINE \/ Senkrechts\u00e4ge<\/strong><\/td>\n<\/tr>\n<tr>\n<td>Typ<\/td>\n<td>senkrecht<\/td>\n<\/tr>\n<tr>\n<td>Maximale H\u00f6he der Welle<\/td>\n<td>105 mm<\/td>\n<\/tr>\n<tr>\n<td>Wellendurchmesser<\/td>\n<td>30 mm<\/td>\n<\/tr>\n<tr>\n<td>Maximaler Durchmesser montierbare Fr\u00e4smaschine<\/td>\n<td>220 mm<\/td>\n<\/tr>\n<tr>\n<td>Drehzahl<\/td>\n<td>1750 &#8211; 3500 &#8211; 6700 Umdrehungen\/Minute<\/td>\n<\/tr>\n<tr>\n<td colspan=\"2\"><strong>STEMMER \/ STEMMMASCHINE<\/strong><\/td>\n<\/tr>\n<tr>\n<td>Drehzahl<\/td>\n<td>5500 Umdrehungen\/Minute<\/td>\n<\/tr>\n<tr>\n<td>Bohrerschaftdurchmesser<\/td>\n<td>16 mm<\/td>\n<\/tr>\n<tr>\n<td colspan=\"2\"><strong>KREISS\u00c4GEMOTOR<\/strong><\/td>\n<\/tr>\n<tr>\n<td>Leistung<\/td>\n<td>3 Hp<\/td>\n<\/tr>\n<tr>\n<td>Eigenschaften<\/td>\n<td>einphasig 220 V (optional: dreiphasig)<\/td>\n<\/tr>\n<tr>\n<td><strong>HOBEL- STEMMMASCHINEN-MOTOR<\/strong><\/td>\n<td><\/td>\n<\/tr>\n<tr>\n<td>Leistung<\/td>\n<td>3 Hp<\/td>\n<\/tr>\n<tr>\n<td>Eigenschaften<\/td>\n<td>einphasig 220 V (optional: dreiphasig)<\/td>\n<\/tr>\n<tr>\n<td colspan=\"2\"><strong>SEKRECHTFR\u00c4SMASCHINEN-MOTOR<\/strong><\/td>\n<\/tr>\n<tr>\n<td>Leistung<\/td>\n<td>3 Hp<\/td>\n<\/tr>\n<tr>\n<td>Eigenschaften<\/td>\n<td>einphasig 220 V (optional: dreiphasig)<\/td>\n<\/tr>\n<\/tbody>\n<\/table>\n","protected":false},"excerpt":{"rendered":"<p><span lang=\"de\" xml:lang=\"de\">Kombi-Holzbearbeitungsmaschine mit 7 Funktionen,<\/span><\/p>\n<p><span lang=\"de\" xml:lang=\"de\">Hobelmaschine 310 mm, neigbare S\u00e4gegruppe mit Vorritzer\u00a0und Formattisch auf Wagen 2600 mm<\/span><\/p>\n","protected":false},"featured_media":1343,"comment_status":"open","ping_status":"closed","template":"","meta":[],"product_brand":[],"product_cat":[51],"product_tag":[],"class_list":{"0":"post-1351","1":"product","2":"type-product","3":"status-publish","4":"has-post-thumbnail","6":"product_cat-kombimaschinen-fur-holzbearbeitung","7":"product_shipping_class-classe-10-de","9":"first","10":"instock","11":"shipping-taxable","12":"purchasable","13":"product-type-simple"},"yoast_head":"<!-- This site is optimized with the Yoast SEO plugin v27.1 - https:\/\/yoast.com\/product\/yoast-seo-wordpress\/ -->\n<title>Holzbearbeitungsmaschine America Super 310-2600 - Tecnosuisse<\/title>\n<meta name=\"robots\" content=\"index, follow, max-snippet:-1, max-image-preview:large, max-video-preview:-1\" \/>\n<link rel=\"canonical\" href=\"https:\/\/www.tecnosuissesa.com\/de\/produkt\/holzbearbeitungsmaschine-america-super-310-2600\/\" \/>\n<meta property=\"og:locale\" content=\"de_DE\" \/>\n<meta property=\"og:type\" content=\"article\" \/>\n<meta property=\"og:title\" content=\"Holzbearbeitungsmaschine America Super 310-2600 - Tecnosuisse\" \/>\n<meta property=\"og:description\" content=\"Kombi-Holzbearbeitungsmaschine mit 7 Funktionen,  Hobelmaschine 310 mm, neigbare S\u00e4gegruppe mit Vorritzer\u00a0und Formattisch auf Wagen 2600 mm\" \/>\n<meta property=\"og:url\" content=\"https:\/\/www.tecnosuissesa.com\/de\/produkt\/holzbearbeitungsmaschine-america-super-310-2600\/\" \/>\n<meta property=\"og:site_name\" content=\"Tecnosuisse\" \/>\n<meta property=\"article:publisher\" content=\"https:\/\/www.facebook.com\/tecnosuisse\/\" \/>\n<meta property=\"og:image\" content=\"https:\/\/www.tecnosuissesa.com\/wp-content\/uploads\/2017\/09\/combinata-lavorazione-legno-america-super-2600-310.jpg\" \/>\n\t<meta property=\"og:image:width\" content=\"800\" \/>\n\t<meta property=\"og:image:height\" content=\"800\" \/>\n\t<meta property=\"og:image:type\" content=\"image\/jpeg\" \/>\n<meta name=\"twitter:card\" content=\"summary_large_image\" \/>\n<meta name=\"twitter:label1\" content=\"Gesch\u00e4tzte Lesezeit\" \/>\n\t<meta name=\"twitter:data1\" content=\"2\u00a0Minuten\" \/>\n<script type=\"application\/ld+json\" class=\"yoast-schema-graph\">{\"@context\":\"https:\/\/schema.org\",\"@graph\":[{\"@type\":\"WebPage\",\"@id\":\"https:\/\/www.tecnosuissesa.com\/de\/produkt\/holzbearbeitungsmaschine-america-super-310-2600\/\",\"url\":\"https:\/\/www.tecnosuissesa.com\/de\/produkt\/holzbearbeitungsmaschine-america-super-310-2600\/\",\"name\":\"Holzbearbeitungsmaschine America Super 310-2600 - Tecnosuisse\",\"isPartOf\":{\"@id\":\"https:\/\/www.tecnosuissesa.com\/it\/#website\"},\"primaryImageOfPage\":{\"@id\":\"https:\/\/www.tecnosuissesa.com\/de\/produkt\/holzbearbeitungsmaschine-america-super-310-2600\/#primaryimage\"},\"image\":{\"@id\":\"https:\/\/www.tecnosuissesa.com\/de\/produkt\/holzbearbeitungsmaschine-america-super-310-2600\/#primaryimage\"},\"thumbnailUrl\":\"https:\/\/www.tecnosuissesa.com\/wp-content\/uploads\/2017\/09\/combinata-lavorazione-legno-america-super-2600-310.jpg\",\"datePublished\":\"2017-09-29T15:07:30+00:00\",\"breadcrumb\":{\"@id\":\"https:\/\/www.tecnosuissesa.com\/de\/produkt\/holzbearbeitungsmaschine-america-super-310-2600\/#breadcrumb\"},\"inLanguage\":\"de\",\"potentialAction\":[{\"@type\":\"ReadAction\",\"target\":[\"https:\/\/www.tecnosuissesa.com\/de\/produkt\/holzbearbeitungsmaschine-america-super-310-2600\/\"]}]},{\"@type\":\"ImageObject\",\"inLanguage\":\"de\",\"@id\":\"https:\/\/www.tecnosuissesa.com\/de\/produkt\/holzbearbeitungsmaschine-america-super-310-2600\/#primaryimage\",\"url\":\"https:\/\/www.tecnosuissesa.com\/wp-content\/uploads\/2017\/09\/combinata-lavorazione-legno-america-super-2600-310.jpg\",\"contentUrl\":\"https:\/\/www.tecnosuissesa.com\/wp-content\/uploads\/2017\/09\/combinata-lavorazione-legno-america-super-2600-310.jpg\",\"width\":800,\"height\":800},{\"@type\":\"BreadcrumbList\",\"@id\":\"https:\/\/www.tecnosuissesa.com\/de\/produkt\/holzbearbeitungsmaschine-america-super-310-2600\/#breadcrumb\",\"itemListElement\":[{\"@type\":\"ListItem\",\"position\":1,\"name\":\"Home\",\"item\":\"https:\/\/www.tecnosuissesa.com\/de\/\"},{\"@type\":\"ListItem\",\"position\":2,\"name\":\"Vendita di Macchine Utensili per Legno e per Metalli\",\"item\":\"https:\/\/www.tecnosuissesa.com\/it\/vendita-macchine-utensili\/\"},{\"@type\":\"ListItem\",\"position\":3,\"name\":\"Holzbearbeitungsmaschine America Super 310-2600\"}]},{\"@type\":\"WebSite\",\"@id\":\"https:\/\/www.tecnosuissesa.com\/it\/#website\",\"url\":\"https:\/\/www.tecnosuissesa.com\/it\/\",\"name\":\"Tecnosuisse\",\"description\":\"Macchine Utensili per Legno e Metalli\",\"publisher\":{\"@id\":\"https:\/\/www.tecnosuissesa.com\/it\/#organization\"},\"potentialAction\":[{\"@type\":\"SearchAction\",\"target\":{\"@type\":\"EntryPoint\",\"urlTemplate\":\"https:\/\/www.tecnosuissesa.com\/it\/?s={search_term_string}\"},\"query-input\":{\"@type\":\"PropertyValueSpecification\",\"valueRequired\":true,\"valueName\":\"search_term_string\"}}],\"inLanguage\":\"de\"},{\"@type\":\"Organization\",\"@id\":\"https:\/\/www.tecnosuissesa.com\/it\/#organization\",\"name\":\"Tecnosuisse\",\"url\":\"https:\/\/www.tecnosuissesa.com\/it\/\",\"logo\":{\"@type\":\"ImageObject\",\"inLanguage\":\"de\",\"@id\":\"https:\/\/www.tecnosuissesa.com\/it\/#\/schema\/logo\/image\/\",\"url\":\"https:\/\/www.tecnosuissesa.com\/wp-content\/uploads\/2017\/08\/Logo_TecnoSuisse_627x627.png\",\"contentUrl\":\"https:\/\/www.tecnosuissesa.com\/wp-content\/uploads\/2017\/08\/Logo_TecnoSuisse_627x627.png\",\"width\":627,\"height\":627,\"caption\":\"Tecnosuisse\"},\"image\":{\"@id\":\"https:\/\/www.tecnosuissesa.com\/it\/#\/schema\/logo\/image\/\"},\"sameAs\":[\"https:\/\/www.facebook.com\/tecnosuisse\/\",\"https:\/\/www.youtube.com\/channel\/UCSoxFNkw8ZiE4jP9OY8AdFg\"]}]}<\/script>\n<!-- \/ Yoast SEO plugin. -->","yoast_head_json":{"title":"Holzbearbeitungsmaschine America Super 310-2600 - Tecnosuisse","robots":{"index":"index","follow":"follow","max-snippet":"max-snippet:-1","max-image-preview":"max-image-preview:large","max-video-preview":"max-video-preview:-1"},"canonical":"https:\/\/www.tecnosuissesa.com\/de\/produkt\/holzbearbeitungsmaschine-america-super-310-2600\/","og_locale":"de_DE","og_type":"article","og_title":"Holzbearbeitungsmaschine America Super 310-2600 - Tecnosuisse","og_description":"Kombi-Holzbearbeitungsmaschine mit 7 Funktionen,  Hobelmaschine 310 mm, neigbare S\u00e4gegruppe mit Vorritzer\u00a0und Formattisch auf Wagen 2600 mm","og_url":"https:\/\/www.tecnosuissesa.com\/de\/produkt\/holzbearbeitungsmaschine-america-super-310-2600\/","og_site_name":"Tecnosuisse","article_publisher":"https:\/\/www.facebook.com\/tecnosuisse\/","og_image":[{"width":800,"height":800,"url":"https:\/\/www.tecnosuissesa.com\/wp-content\/uploads\/2017\/09\/combinata-lavorazione-legno-america-super-2600-310.jpg","type":"image\/jpeg"}],"twitter_card":"summary_large_image","twitter_misc":{"Gesch\u00e4tzte Lesezeit":"2\u00a0Minuten"},"schema":{"@context":"https:\/\/schema.org","@graph":[{"@type":"WebPage","@id":"https:\/\/www.tecnosuissesa.com\/de\/produkt\/holzbearbeitungsmaschine-america-super-310-2600\/","url":"https:\/\/www.tecnosuissesa.com\/de\/produkt\/holzbearbeitungsmaschine-america-super-310-2600\/","name":"Holzbearbeitungsmaschine America Super 310-2600 - Tecnosuisse","isPartOf":{"@id":"https:\/\/www.tecnosuissesa.com\/it\/#website"},"primaryImageOfPage":{"@id":"https:\/\/www.tecnosuissesa.com\/de\/produkt\/holzbearbeitungsmaschine-america-super-310-2600\/#primaryimage"},"image":{"@id":"https:\/\/www.tecnosuissesa.com\/de\/produkt\/holzbearbeitungsmaschine-america-super-310-2600\/#primaryimage"},"thumbnailUrl":"https:\/\/www.tecnosuissesa.com\/wp-content\/uploads\/2017\/09\/combinata-lavorazione-legno-america-super-2600-310.jpg","datePublished":"2017-09-29T15:07:30+00:00","breadcrumb":{"@id":"https:\/\/www.tecnosuissesa.com\/de\/produkt\/holzbearbeitungsmaschine-america-super-310-2600\/#breadcrumb"},"inLanguage":"de","potentialAction":[{"@type":"ReadAction","target":["https:\/\/www.tecnosuissesa.com\/de\/produkt\/holzbearbeitungsmaschine-america-super-310-2600\/"]}]},{"@type":"ImageObject","inLanguage":"de","@id":"https:\/\/www.tecnosuissesa.com\/de\/produkt\/holzbearbeitungsmaschine-america-super-310-2600\/#primaryimage","url":"https:\/\/www.tecnosuissesa.com\/wp-content\/uploads\/2017\/09\/combinata-lavorazione-legno-america-super-2600-310.jpg","contentUrl":"https:\/\/www.tecnosuissesa.com\/wp-content\/uploads\/2017\/09\/combinata-lavorazione-legno-america-super-2600-310.jpg","width":800,"height":800},{"@type":"BreadcrumbList","@id":"https:\/\/www.tecnosuissesa.com\/de\/produkt\/holzbearbeitungsmaschine-america-super-310-2600\/#breadcrumb","itemListElement":[{"@type":"ListItem","position":1,"name":"Home","item":"https:\/\/www.tecnosuissesa.com\/de\/"},{"@type":"ListItem","position":2,"name":"Vendita di Macchine Utensili per Legno e per Metalli","item":"https:\/\/www.tecnosuissesa.com\/it\/vendita-macchine-utensili\/"},{"@type":"ListItem","position":3,"name":"Holzbearbeitungsmaschine America Super 310-2600"}]},{"@type":"WebSite","@id":"https:\/\/www.tecnosuissesa.com\/it\/#website","url":"https:\/\/www.tecnosuissesa.com\/it\/","name":"Tecnosuisse","description":"Macchine Utensili per Legno e Metalli","publisher":{"@id":"https:\/\/www.tecnosuissesa.com\/it\/#organization"},"potentialAction":[{"@type":"SearchAction","target":{"@type":"EntryPoint","urlTemplate":"https:\/\/www.tecnosuissesa.com\/it\/?s={search_term_string}"},"query-input":{"@type":"PropertyValueSpecification","valueRequired":true,"valueName":"search_term_string"}}],"inLanguage":"de"},{"@type":"Organization","@id":"https:\/\/www.tecnosuissesa.com\/it\/#organization","name":"Tecnosuisse","url":"https:\/\/www.tecnosuissesa.com\/it\/","logo":{"@type":"ImageObject","inLanguage":"de","@id":"https:\/\/www.tecnosuissesa.com\/it\/#\/schema\/logo\/image\/","url":"https:\/\/www.tecnosuissesa.com\/wp-content\/uploads\/2017\/08\/Logo_TecnoSuisse_627x627.png","contentUrl":"https:\/\/www.tecnosuissesa.com\/wp-content\/uploads\/2017\/08\/Logo_TecnoSuisse_627x627.png","width":627,"height":627,"caption":"Tecnosuisse"},"image":{"@id":"https:\/\/www.tecnosuissesa.com\/it\/#\/schema\/logo\/image\/"},"sameAs":["https:\/\/www.facebook.com\/tecnosuisse\/","https:\/\/www.youtube.com\/channel\/UCSoxFNkw8ZiE4jP9OY8AdFg"]}]}},"_links":{"self":[{"href":"https:\/\/www.tecnosuissesa.com\/de\/wp-json\/wp\/v2\/product\/1351","targetHints":{"allow":["GET"]}}],"collection":[{"href":"https:\/\/www.tecnosuissesa.com\/de\/wp-json\/wp\/v2\/product"}],"about":[{"href":"https:\/\/www.tecnosuissesa.com\/de\/wp-json\/wp\/v2\/types\/product"}],"replies":[{"embeddable":true,"href":"https:\/\/www.tecnosuissesa.com\/de\/wp-json\/wp\/v2\/comments?post=1351"}],"wp:featuredmedia":[{"embeddable":true,"href":"https:\/\/www.tecnosuissesa.com\/de\/wp-json\/wp\/v2\/media\/1343"}],"wp:attachment":[{"href":"https:\/\/www.tecnosuissesa.com\/de\/wp-json\/wp\/v2\/media?parent=1351"}],"wp:term":[{"taxonomy":"product_brand","embeddable":true,"href":"https:\/\/www.tecnosuissesa.com\/de\/wp-json\/wp\/v2\/product_brand?post=1351"},{"taxonomy":"product_cat","embeddable":true,"href":"https:\/\/www.tecnosuissesa.com\/de\/wp-json\/wp\/v2\/product_cat?post=1351"},{"taxonomy":"product_tag","embeddable":true,"href":"https:\/\/www.tecnosuissesa.com\/de\/wp-json\/wp\/v2\/product_tag?post=1351"}],"curies":[{"name":"wp","href":"https:\/\/api.w.org\/{rel}","templated":true}]}}