{"id":1303,"date":"2017-09-29T15:46:28","date_gmt":"2017-09-29T13:46:28","guid":{"rendered":"https:\/\/www.tecnosuissesa.com\/product\/holzbearbeitungsmaschine-discovery-super\/"},"modified":"2017-09-29T16:03:40","modified_gmt":"2017-09-29T14:03:40","slug":"holzbearbeitungsmaschine-discovery-super","status":"publish","type":"product","link":"https:\/\/www.tecnosuissesa.com\/de\/product\/holzbearbeitungsmaschine-discovery-super\/","title":{"rendered":"Holzbearbeitungsmaschine Discovery Super"},"content":{"rendered":"<p>Dank der senkrechten Fr\u00e4se ist es eine Kombimaschine, die erlaubt 7 unabh\u00e4ngige Verarbeitungen durchzuf\u00fchren. Sie hat 2 einphasige Motoren: einen 2 PS-Motor f\u00fcr die S\u00e4ge- und Hobelgruppe und einen Fr\u00e4se-Motor mit einer Leistung von 1200 Watt. Alle Arbeitstische der Maschine sind aus Gusseisen und geben der Maschine eine \u00e4usserste Widerstandsf\u00e4higkeit und Zuverl\u00e4ssigkeit. Die Abrichthobel- und Dickenhobelmaschine hat ausklappbare Arbeitstischen, Saugkappen und einer Hobelwelle mit 3 Messern. Die Langlochbohrmaschine mit Universaldorn hat einen verstellbaren Arbeitstisch an allen Endanschl\u00e4gen, um sich allen Produktionsarbeiten anzupassen. Die Welle der Fr\u00e4se mit 30 mm ist leicht zu regeln und zu montieren, um einer leistungsf\u00e4higen Fr\u00e4smaschine Platz zu geben! Die Kombimaschine ist leicht und schnell in vier verschiedene Bl\u00f6cke zerlegbar und schnell wieder zusammensetzbar, um mit einem kleinen Fahrzeug transportiert werden zu k\u00f6nnen.<\/p>\n<table>\n<tbody>\n<tr>\n<td colspan=\"2\"><strong>TECHNISCHE DATEN<\/strong><\/td>\n<\/tr>\n<tr>\n<td colspan=\"2\"><strong>PLATZBEDARF<\/strong><\/td>\n<\/tr>\n<tr>\n<td>Abmessungen mit Schlitten auf Wagen und Langlochbohrmaschine<\/td>\n<td>1100 x 1500 mm<\/td>\n<\/tr>\n<tr>\n<td>Ohne Wagen und Langlochbohrmaschine<\/td>\n<td>1100 x 600 mm<\/td>\n<\/tr>\n<tr>\n<td>Nettogewicht der Maschine<\/td>\n<td>280 kg<\/td>\n<\/tr>\n<tr>\n<td colspan=\"2\"><strong>KREISS\u00c4GE<\/strong><\/td>\n<\/tr>\n<tr>\n<td>Durchmesser der S\u00e4ge<\/td>\n<td>250 mm<\/td>\n<\/tr>\n<tr>\n<td>Typ<\/td>\n<td>Verstellbare H\u00f6he<\/td>\n<\/tr>\n<tr>\n<td>Geschwindigkeit des S\u00e4geblattes<\/td>\n<td>3500 Umdrehungen\/Minute<\/td>\n<\/tr>\n<tr>\n<td>Maximaler Schnitt in der H\u00f6he<\/td>\n<td>80 mm<\/td>\n<\/tr>\n<tr>\n<td colspan=\"2\"><strong>WAGEN F\u00dcR FORMSCHNITT<\/strong><\/td>\n<\/tr>\n<tr>\n<td>Wagenabmessungen<\/td>\n<td>300 x 500 mm<\/td>\n<\/tr>\n<tr>\n<td>Wagentyp<\/td>\n<td>mit Fahnenauflage<\/td>\n<\/tr>\n<tr>\n<td>Schlittenhub<\/td>\n<td>1200 mm (durch Austausch des Balkens verl\u00e4ngerbar)<\/td>\n<\/tr>\n<tr>\n<td colspan=\"2\"><strong>MOTOR DER KREISS\u00c4GE\/DES HOBELS<\/strong><\/td>\n<\/tr>\n<tr>\n<td>Leistung<\/td>\n<td>2 Hp &#8211; 1500 W<\/td>\n<\/tr>\n<tr>\n<td>Typ<\/td>\n<td>Einphasig (220 V)<\/td>\n<\/tr>\n<tr>\n<td colspan=\"2\"><strong>MOTOR FR\u00c4SE<\/strong><\/td>\n<\/tr>\n<tr>\n<td>Leistung<\/td>\n<td>1,7 Hp &#8211; 1200 W<\/td>\n<\/tr>\n<tr>\n<td>Typ<\/td>\n<td>Einphasig (220 V)<\/td>\n<\/tr>\n<tr>\n<td colspan=\"2\"><strong>FR\u00c4SE<\/strong><\/td>\n<\/tr>\n<tr>\n<td>Typ<\/td>\n<td>Senkrecht<\/td>\n<\/tr>\n<tr>\n<td>Max. Wellenh\u00f6he<\/td>\n<td>80 mm<\/td>\n<\/tr>\n<tr>\n<td>Wellendurchmesser<\/td>\n<td>30 mm<\/td>\n<\/tr>\n<tr>\n<td>Maximale Geschwindigkeit<\/td>\n<td>7000 Umdrehungen\/Minute<\/td>\n<\/tr>\n<tr>\n<td colspan=\"2\"><strong>LANGLOCHBOHRMASCHINE\/ STEMMMASCHINE<\/strong><\/td>\n<\/tr>\n<tr>\n<td>Drehgeschwindigkeit<\/td>\n<td>5500 Umdrehungen\/Minute<\/td>\n<\/tr>\n<tr>\n<td>Durchmesser Spitzenfassung<\/td>\n<td>16 mm<\/td>\n<\/tr>\n<tr>\n<td colspan=\"2\"><strong>ABRICHT-\/DICKENHOBELMASCHINE<\/strong><\/td>\n<\/tr>\n<tr>\n<td>Hobelwellenmesser<\/td>\n<td>Nr. 3<\/td>\n<\/tr>\n<tr>\n<td>L\u00e4nge der Hobelwelle<\/td>\n<td>260 mm<\/td>\n<\/tr>\n<tr>\n<td>Zuggeschwindigkeit<\/td>\n<td>6,5 Meter pro Minute<\/td>\n<\/tr>\n<tr>\n<td>Maximale Hobelbreite<\/td>\n<td>260 mm<\/td>\n<\/tr>\n<tr>\n<td>Maximale Hobelh\u00f6he<\/td>\n<td>120 mm<\/td>\n<\/tr>\n<tr>\n<td>Typ Arbeitstisch<\/td>\n<td>Aus Gusseisen, klappbar<\/td>\n<\/tr>\n<\/tbody>\n<\/table>\n","protected":false},"excerpt":{"rendered":"<p><span lang=\"de\" xml:lang=\"de\">Kombi-Holzbearbeitungsmaschine mit 7 Funktionen<\/span><\/p>\n<p><span lang=\"de\" xml:lang=\"de\">Mit Kreiss\u00e4ge mit \u00d8 250 mm, Hobel 260 mm mit kippbaren Fl\u00e4chen<\/span><\/p>\n","protected":false},"featured_media":1316,"comment_status":"open","ping_status":"closed","template":"","meta":[],"product_brand":[],"product_cat":[51],"product_tag":[],"class_list":{"0":"post-1303","1":"product","2":"type-product","3":"status-publish","4":"has-post-thumbnail","6":"product_cat-kombimaschinen-fur-holzbearbeitung","7":"product_shipping_class-classe-10-de","9":"first","10":"instock","11":"shipping-taxable","12":"purchasable","13":"product-type-simple"},"yoast_head":"<!-- This site is optimized with the Yoast SEO plugin v27.1 - https:\/\/yoast.com\/product\/yoast-seo-wordpress\/ -->\n<title>Holzbearbeitungsmaschine Discovery Super - Tecnosuisse<\/title>\n<meta name=\"robots\" content=\"index, follow, max-snippet:-1, max-image-preview:large, max-video-preview:-1\" \/>\n<link rel=\"canonical\" href=\"https:\/\/www.tecnosuissesa.com\/de\/produkt\/holzbearbeitungsmaschine-discovery-super\/\" \/>\n<meta property=\"og:locale\" content=\"de_DE\" \/>\n<meta property=\"og:type\" content=\"article\" \/>\n<meta property=\"og:title\" content=\"Holzbearbeitungsmaschine Discovery Super - Tecnosuisse\" \/>\n<meta property=\"og:description\" content=\"Kombi-Holzbearbeitungsmaschine mit 7 Funktionen  Mit Kreiss\u00e4ge mit \u00d8 250 mm, Hobel 260 mm mit kippbaren Fl\u00e4chen\" \/>\n<meta property=\"og:url\" content=\"https:\/\/www.tecnosuissesa.com\/de\/produkt\/holzbearbeitungsmaschine-discovery-super\/\" \/>\n<meta property=\"og:site_name\" content=\"Tecnosuisse\" \/>\n<meta property=\"article:publisher\" content=\"https:\/\/www.facebook.com\/tecnosuisse\/\" \/>\n<meta property=\"article:modified_time\" content=\"2017-09-29T14:03:40+00:00\" \/>\n<meta property=\"og:image\" content=\"https:\/\/www.tecnosuissesa.com\/wp-content\/uploads\/2017\/09\/COMBINATA-DISCOVERY-SUPER-1.jpg\" \/>\n\t<meta property=\"og:image:width\" content=\"1024\" \/>\n\t<meta property=\"og:image:height\" content=\"768\" \/>\n\t<meta property=\"og:image:type\" content=\"image\/jpeg\" \/>\n<meta name=\"twitter:card\" content=\"summary_large_image\" \/>\n<meta name=\"twitter:label1\" content=\"Gesch\u00e4tzte Lesezeit\" \/>\n\t<meta name=\"twitter:data1\" content=\"1\u00a0Minute\" \/>\n<script type=\"application\/ld+json\" class=\"yoast-schema-graph\">{\"@context\":\"https:\/\/schema.org\",\"@graph\":[{\"@type\":\"WebPage\",\"@id\":\"https:\/\/www.tecnosuissesa.com\/de\/produkt\/holzbearbeitungsmaschine-discovery-super\/\",\"url\":\"https:\/\/www.tecnosuissesa.com\/de\/produkt\/holzbearbeitungsmaschine-discovery-super\/\",\"name\":\"Holzbearbeitungsmaschine Discovery Super - Tecnosuisse\",\"isPartOf\":{\"@id\":\"https:\/\/www.tecnosuissesa.com\/it\/#website\"},\"primaryImageOfPage\":{\"@id\":\"https:\/\/www.tecnosuissesa.com\/de\/produkt\/holzbearbeitungsmaschine-discovery-super\/#primaryimage\"},\"image\":{\"@id\":\"https:\/\/www.tecnosuissesa.com\/de\/produkt\/holzbearbeitungsmaschine-discovery-super\/#primaryimage\"},\"thumbnailUrl\":\"https:\/\/www.tecnosuissesa.com\/wp-content\/uploads\/2017\/09\/COMBINATA-DISCOVERY-SUPER-1.jpg\",\"datePublished\":\"2017-09-29T13:46:28+00:00\",\"dateModified\":\"2017-09-29T14:03:40+00:00\",\"breadcrumb\":{\"@id\":\"https:\/\/www.tecnosuissesa.com\/de\/produkt\/holzbearbeitungsmaschine-discovery-super\/#breadcrumb\"},\"inLanguage\":\"de\",\"potentialAction\":[{\"@type\":\"ReadAction\",\"target\":[\"https:\/\/www.tecnosuissesa.com\/de\/produkt\/holzbearbeitungsmaschine-discovery-super\/\"]}]},{\"@type\":\"ImageObject\",\"inLanguage\":\"de\",\"@id\":\"https:\/\/www.tecnosuissesa.com\/de\/produkt\/holzbearbeitungsmaschine-discovery-super\/#primaryimage\",\"url\":\"https:\/\/www.tecnosuissesa.com\/wp-content\/uploads\/2017\/09\/COMBINATA-DISCOVERY-SUPER-1.jpg\",\"contentUrl\":\"https:\/\/www.tecnosuissesa.com\/wp-content\/uploads\/2017\/09\/COMBINATA-DISCOVERY-SUPER-1.jpg\",\"width\":1024,\"height\":768},{\"@type\":\"BreadcrumbList\",\"@id\":\"https:\/\/www.tecnosuissesa.com\/de\/produkt\/holzbearbeitungsmaschine-discovery-super\/#breadcrumb\",\"itemListElement\":[{\"@type\":\"ListItem\",\"position\":1,\"name\":\"Home\",\"item\":\"https:\/\/www.tecnosuissesa.com\/de\/\"},{\"@type\":\"ListItem\",\"position\":2,\"name\":\"Vendita di Macchine Utensili per Legno e per Metalli\",\"item\":\"https:\/\/www.tecnosuissesa.com\/it\/vendita-macchine-utensili\/\"},{\"@type\":\"ListItem\",\"position\":3,\"name\":\"Holzbearbeitungsmaschine Discovery Super\"}]},{\"@type\":\"WebSite\",\"@id\":\"https:\/\/www.tecnosuissesa.com\/it\/#website\",\"url\":\"https:\/\/www.tecnosuissesa.com\/it\/\",\"name\":\"Tecnosuisse\",\"description\":\"Macchine Utensili per Legno e Metalli\",\"publisher\":{\"@id\":\"https:\/\/www.tecnosuissesa.com\/it\/#organization\"},\"potentialAction\":[{\"@type\":\"SearchAction\",\"target\":{\"@type\":\"EntryPoint\",\"urlTemplate\":\"https:\/\/www.tecnosuissesa.com\/it\/?s={search_term_string}\"},\"query-input\":{\"@type\":\"PropertyValueSpecification\",\"valueRequired\":true,\"valueName\":\"search_term_string\"}}],\"inLanguage\":\"de\"},{\"@type\":\"Organization\",\"@id\":\"https:\/\/www.tecnosuissesa.com\/it\/#organization\",\"name\":\"Tecnosuisse\",\"url\":\"https:\/\/www.tecnosuissesa.com\/it\/\",\"logo\":{\"@type\":\"ImageObject\",\"inLanguage\":\"de\",\"@id\":\"https:\/\/www.tecnosuissesa.com\/it\/#\/schema\/logo\/image\/\",\"url\":\"https:\/\/www.tecnosuissesa.com\/wp-content\/uploads\/2017\/08\/Logo_TecnoSuisse_627x627.png\",\"contentUrl\":\"https:\/\/www.tecnosuissesa.com\/wp-content\/uploads\/2017\/08\/Logo_TecnoSuisse_627x627.png\",\"width\":627,\"height\":627,\"caption\":\"Tecnosuisse\"},\"image\":{\"@id\":\"https:\/\/www.tecnosuissesa.com\/it\/#\/schema\/logo\/image\/\"},\"sameAs\":[\"https:\/\/www.facebook.com\/tecnosuisse\/\",\"https:\/\/www.youtube.com\/channel\/UCSoxFNkw8ZiE4jP9OY8AdFg\"]}]}<\/script>\n<!-- \/ Yoast SEO plugin. -->","yoast_head_json":{"title":"Holzbearbeitungsmaschine Discovery Super - Tecnosuisse","robots":{"index":"index","follow":"follow","max-snippet":"max-snippet:-1","max-image-preview":"max-image-preview:large","max-video-preview":"max-video-preview:-1"},"canonical":"https:\/\/www.tecnosuissesa.com\/de\/produkt\/holzbearbeitungsmaschine-discovery-super\/","og_locale":"de_DE","og_type":"article","og_title":"Holzbearbeitungsmaschine Discovery Super - Tecnosuisse","og_description":"Kombi-Holzbearbeitungsmaschine mit 7 Funktionen  Mit Kreiss\u00e4ge mit \u00d8 250 mm, Hobel 260 mm mit kippbaren Fl\u00e4chen","og_url":"https:\/\/www.tecnosuissesa.com\/de\/produkt\/holzbearbeitungsmaschine-discovery-super\/","og_site_name":"Tecnosuisse","article_publisher":"https:\/\/www.facebook.com\/tecnosuisse\/","article_modified_time":"2017-09-29T14:03:40+00:00","og_image":[{"width":1024,"height":768,"url":"https:\/\/www.tecnosuissesa.com\/wp-content\/uploads\/2017\/09\/COMBINATA-DISCOVERY-SUPER-1.jpg","type":"image\/jpeg"}],"twitter_card":"summary_large_image","twitter_misc":{"Gesch\u00e4tzte Lesezeit":"1\u00a0Minute"},"schema":{"@context":"https:\/\/schema.org","@graph":[{"@type":"WebPage","@id":"https:\/\/www.tecnosuissesa.com\/de\/produkt\/holzbearbeitungsmaschine-discovery-super\/","url":"https:\/\/www.tecnosuissesa.com\/de\/produkt\/holzbearbeitungsmaschine-discovery-super\/","name":"Holzbearbeitungsmaschine Discovery Super - Tecnosuisse","isPartOf":{"@id":"https:\/\/www.tecnosuissesa.com\/it\/#website"},"primaryImageOfPage":{"@id":"https:\/\/www.tecnosuissesa.com\/de\/produkt\/holzbearbeitungsmaschine-discovery-super\/#primaryimage"},"image":{"@id":"https:\/\/www.tecnosuissesa.com\/de\/produkt\/holzbearbeitungsmaschine-discovery-super\/#primaryimage"},"thumbnailUrl":"https:\/\/www.tecnosuissesa.com\/wp-content\/uploads\/2017\/09\/COMBINATA-DISCOVERY-SUPER-1.jpg","datePublished":"2017-09-29T13:46:28+00:00","dateModified":"2017-09-29T14:03:40+00:00","breadcrumb":{"@id":"https:\/\/www.tecnosuissesa.com\/de\/produkt\/holzbearbeitungsmaschine-discovery-super\/#breadcrumb"},"inLanguage":"de","potentialAction":[{"@type":"ReadAction","target":["https:\/\/www.tecnosuissesa.com\/de\/produkt\/holzbearbeitungsmaschine-discovery-super\/"]}]},{"@type":"ImageObject","inLanguage":"de","@id":"https:\/\/www.tecnosuissesa.com\/de\/produkt\/holzbearbeitungsmaschine-discovery-super\/#primaryimage","url":"https:\/\/www.tecnosuissesa.com\/wp-content\/uploads\/2017\/09\/COMBINATA-DISCOVERY-SUPER-1.jpg","contentUrl":"https:\/\/www.tecnosuissesa.com\/wp-content\/uploads\/2017\/09\/COMBINATA-DISCOVERY-SUPER-1.jpg","width":1024,"height":768},{"@type":"BreadcrumbList","@id":"https:\/\/www.tecnosuissesa.com\/de\/produkt\/holzbearbeitungsmaschine-discovery-super\/#breadcrumb","itemListElement":[{"@type":"ListItem","position":1,"name":"Home","item":"https:\/\/www.tecnosuissesa.com\/de\/"},{"@type":"ListItem","position":2,"name":"Vendita di Macchine Utensili per Legno e per Metalli","item":"https:\/\/www.tecnosuissesa.com\/it\/vendita-macchine-utensili\/"},{"@type":"ListItem","position":3,"name":"Holzbearbeitungsmaschine Discovery Super"}]},{"@type":"WebSite","@id":"https:\/\/www.tecnosuissesa.com\/it\/#website","url":"https:\/\/www.tecnosuissesa.com\/it\/","name":"Tecnosuisse","description":"Macchine Utensili per Legno e Metalli","publisher":{"@id":"https:\/\/www.tecnosuissesa.com\/it\/#organization"},"potentialAction":[{"@type":"SearchAction","target":{"@type":"EntryPoint","urlTemplate":"https:\/\/www.tecnosuissesa.com\/it\/?s={search_term_string}"},"query-input":{"@type":"PropertyValueSpecification","valueRequired":true,"valueName":"search_term_string"}}],"inLanguage":"de"},{"@type":"Organization","@id":"https:\/\/www.tecnosuissesa.com\/it\/#organization","name":"Tecnosuisse","url":"https:\/\/www.tecnosuissesa.com\/it\/","logo":{"@type":"ImageObject","inLanguage":"de","@id":"https:\/\/www.tecnosuissesa.com\/it\/#\/schema\/logo\/image\/","url":"https:\/\/www.tecnosuissesa.com\/wp-content\/uploads\/2017\/08\/Logo_TecnoSuisse_627x627.png","contentUrl":"https:\/\/www.tecnosuissesa.com\/wp-content\/uploads\/2017\/08\/Logo_TecnoSuisse_627x627.png","width":627,"height":627,"caption":"Tecnosuisse"},"image":{"@id":"https:\/\/www.tecnosuissesa.com\/it\/#\/schema\/logo\/image\/"},"sameAs":["https:\/\/www.facebook.com\/tecnosuisse\/","https:\/\/www.youtube.com\/channel\/UCSoxFNkw8ZiE4jP9OY8AdFg"]}]}},"_links":{"self":[{"href":"https:\/\/www.tecnosuissesa.com\/de\/wp-json\/wp\/v2\/product\/1303","targetHints":{"allow":["GET"]}}],"collection":[{"href":"https:\/\/www.tecnosuissesa.com\/de\/wp-json\/wp\/v2\/product"}],"about":[{"href":"https:\/\/www.tecnosuissesa.com\/de\/wp-json\/wp\/v2\/types\/product"}],"replies":[{"embeddable":true,"href":"https:\/\/www.tecnosuissesa.com\/de\/wp-json\/wp\/v2\/comments?post=1303"}],"wp:featuredmedia":[{"embeddable":true,"href":"https:\/\/www.tecnosuissesa.com\/de\/wp-json\/wp\/v2\/media\/1316"}],"wp:attachment":[{"href":"https:\/\/www.tecnosuissesa.com\/de\/wp-json\/wp\/v2\/media?parent=1303"}],"wp:term":[{"taxonomy":"product_brand","embeddable":true,"href":"https:\/\/www.tecnosuissesa.com\/de\/wp-json\/wp\/v2\/product_brand?post=1303"},{"taxonomy":"product_cat","embeddable":true,"href":"https:\/\/www.tecnosuissesa.com\/de\/wp-json\/wp\/v2\/product_cat?post=1303"},{"taxonomy":"product_tag","embeddable":true,"href":"https:\/\/www.tecnosuissesa.com\/de\/wp-json\/wp\/v2\/product_tag?post=1303"}],"curies":[{"name":"wp","href":"https:\/\/api.w.org\/{rel}","templated":true}]}}