{"id":1291,"date":"2017-09-29T15:26:04","date_gmt":"2017-09-29T13:26:04","guid":{"rendered":"https:\/\/www.tecnosuissesa.com\/product\/saulenbohrmaschine-dmtc-4132\/"},"modified":"2017-09-29T15:26:04","modified_gmt":"2017-09-29T13:26:04","slug":"saulenbohrmaschine-dmtc-4132","status":"publish","type":"product","link":"https:\/\/www.tecnosuissesa.com\/de\/product\/saulenbohrmaschine-dmtc-4132\/","title":{"rendered":"S\u00e4ulenbohrmaschine Dmtc 4132"},"content":{"rendered":"<p>Dieser mittelgro\u00dfe S\u00e4ulenbohrer ist wesentlich robuster als die Standardausf\u00fchrung. Rahmen und oberer Kopf sind verst\u00e4rkt, der Arbeitstisch ist h\u00f6henverstellbar, gr\u00f6\u00dfer und gerippt. Er hat einen leistungsst\u00e4rkeren 2PS- Motor, die Geschwindigkeit l\u00e4sst sich \u00fcber die Riemenstellung \u00e4ndern, die Bohrleistung ist f\u00fcr Bohrkronen bis zu 32 mm Durchmesser gew\u00e4hrleistet. Die ideale Maschine auch zum Bearbeiten von schweren Werkst\u00fccken und f\u00fcr wiederholende Bearbeitungen. Ideal f\u00fcr erfahrene Hobbyanwender oder Handwerker und Profis. Auf Anfrage auch in dreiphasiger Ausf\u00fchrung erh\u00e4ltlich.<\/p>\n<table>\n<tbody>\n<tr>\n<td colspan=\"2\"><strong>TECHNISCHE DATEN<\/strong><\/td>\n<\/tr>\n<tr>\n<td colspan=\"2\"><strong>Abmessungen der Maschine<\/strong><\/td>\n<\/tr>\n<tr>\n<td>Gr\u00f6\u00dfe der Maschine<\/td>\n<td>850 mm x 420 mm x 1.710 mm (H\u00f6he)<\/td>\n<\/tr>\n<tr>\n<td>Bruttogewicht \/ Nettogewicht<\/td>\n<td>148 kg<\/td>\n<\/tr>\n<tr>\n<td>Nettogewicht<\/td>\n<td>138 kg<\/td>\n<\/tr>\n<tr>\n<td><strong>Technische Spezifikationen<\/strong><\/td>\n<td><\/td>\n<\/tr>\n<tr>\n<td>Abstand zwischen Bohrer und S\u00e4ule<\/td>\n<td>455 mm<\/td>\n<\/tr>\n<tr>\n<td>Gr\u00f6\u00dfe der Spindel<\/td>\n<td>3 von 16 mm<\/td>\n<\/tr>\n<tr>\n<td>Max. Perforationstiefe<\/td>\n<td>32 mm<\/td>\n<\/tr>\n<tr>\n<td>Kegel<\/td>\n<td>MT4<\/td>\n<\/tr>\n<tr>\n<td>Spindelhub<\/td>\n<td>120 mm<\/td>\n<\/tr>\n<tr>\n<td>Geschwindigkeits\u00e4nderung<\/td>\n<td>150 bis 3.200 U\/Min<\/td>\n<\/tr>\n<tr>\n<td>W\u00e4hlbare Geschwindigkeiten<\/td>\n<td>12<\/td>\n<\/tr>\n<tr>\n<td>Gesamth\u00f6he<\/td>\n<td>1.710 mm<\/td>\n<\/tr>\n<tr>\n<td>S\u00e4ulendurchmesser<\/td>\n<td>92 mm<\/td>\n<\/tr>\n<tr>\n<td>Gr\u00f6\u00dfe des Arbeitstischs<\/td>\n<td>475 x 425 mm<\/td>\n<\/tr>\n<tr>\n<td><strong>Motor<\/strong><\/td>\n<td><\/td>\n<\/tr>\n<tr>\n<td>Typ<\/td>\n<td>Einphasig (220 V)<\/td>\n<\/tr>\n<tr>\n<td>Leistung<\/td>\n<td>1.100 W<\/td>\n<\/tr>\n<\/tbody>\n<\/table>\n","protected":false},"excerpt":{"rendered":"<p>S\u00e4ulen-Bohrmaschine mit Riemenantrieb, neigbarem Tisch und maximaler Drehgeschwindigkeit von 3200 UpM<\/p>\n","protected":false},"featured_media":1283,"comment_status":"open","ping_status":"closed","template":"","meta":[],"product_brand":[],"product_cat":[150],"product_tag":[],"class_list":{"0":"post-1291","1":"product","2":"type-product","3":"status-publish","4":"has-post-thumbnail","6":"product_cat-sauelen-bohrmaschinen","7":"product_shipping_class-classe-10-de","9":"first","10":"instock","11":"shipping-taxable","12":"purchasable","13":"product-type-simple"},"yoast_head":"<!-- This site is optimized with the Yoast SEO plugin v27.1 - https:\/\/yoast.com\/product\/yoast-seo-wordpress\/ -->\n<title>S\u00e4ulenbohrmaschine Dmtc 4132 - Tecnosuisse<\/title>\n<meta name=\"robots\" content=\"index, follow, max-snippet:-1, max-image-preview:large, max-video-preview:-1\" \/>\n<link rel=\"canonical\" href=\"https:\/\/www.tecnosuissesa.com\/de\/produkt\/saulenbohrmaschine-dmtc-4132\/\" \/>\n<meta property=\"og:locale\" content=\"de_DE\" \/>\n<meta property=\"og:type\" content=\"article\" \/>\n<meta property=\"og:title\" content=\"S\u00e4ulenbohrmaschine Dmtc 4132 - Tecnosuisse\" \/>\n<meta property=\"og:description\" content=\"S\u00e4ulen-Bohrmaschine mit Riemenantrieb, neigbarem Tisch und maximaler Drehgeschwindigkeit von 3200 UpM\" \/>\n<meta property=\"og:url\" content=\"https:\/\/www.tecnosuissesa.com\/de\/produkt\/saulenbohrmaschine-dmtc-4132\/\" \/>\n<meta property=\"og:site_name\" content=\"Tecnosuisse\" \/>\n<meta property=\"article:publisher\" content=\"https:\/\/www.facebook.com\/tecnosuisse\/\" \/>\n<meta property=\"og:image\" content=\"https:\/\/www.tecnosuissesa.com\/wp-content\/uploads\/2017\/09\/DMTC4132-1.jpg\" \/>\n\t<meta property=\"og:image:width\" content=\"1024\" \/>\n\t<meta property=\"og:image:height\" content=\"768\" \/>\n\t<meta property=\"og:image:type\" content=\"image\/jpeg\" \/>\n<meta name=\"twitter:card\" content=\"summary_large_image\" \/>\n<meta name=\"twitter:label1\" content=\"Gesch\u00e4tzte Lesezeit\" \/>\n\t<meta name=\"twitter:data1\" content=\"1\u00a0Minute\" \/>\n<script type=\"application\/ld+json\" class=\"yoast-schema-graph\">{\"@context\":\"https:\/\/schema.org\",\"@graph\":[{\"@type\":\"WebPage\",\"@id\":\"https:\/\/www.tecnosuissesa.com\/de\/produkt\/saulenbohrmaschine-dmtc-4132\/\",\"url\":\"https:\/\/www.tecnosuissesa.com\/de\/produkt\/saulenbohrmaschine-dmtc-4132\/\",\"name\":\"S\u00e4ulenbohrmaschine Dmtc 4132 - Tecnosuisse\",\"isPartOf\":{\"@id\":\"https:\/\/www.tecnosuissesa.com\/it\/#website\"},\"primaryImageOfPage\":{\"@id\":\"https:\/\/www.tecnosuissesa.com\/de\/produkt\/saulenbohrmaschine-dmtc-4132\/#primaryimage\"},\"image\":{\"@id\":\"https:\/\/www.tecnosuissesa.com\/de\/produkt\/saulenbohrmaschine-dmtc-4132\/#primaryimage\"},\"thumbnailUrl\":\"https:\/\/www.tecnosuissesa.com\/wp-content\/uploads\/2017\/09\/DMTC4132-1.jpg\",\"datePublished\":\"2017-09-29T13:26:04+00:00\",\"breadcrumb\":{\"@id\":\"https:\/\/www.tecnosuissesa.com\/de\/produkt\/saulenbohrmaschine-dmtc-4132\/#breadcrumb\"},\"inLanguage\":\"de\",\"potentialAction\":[{\"@type\":\"ReadAction\",\"target\":[\"https:\/\/www.tecnosuissesa.com\/de\/produkt\/saulenbohrmaschine-dmtc-4132\/\"]}]},{\"@type\":\"ImageObject\",\"inLanguage\":\"de\",\"@id\":\"https:\/\/www.tecnosuissesa.com\/de\/produkt\/saulenbohrmaschine-dmtc-4132\/#primaryimage\",\"url\":\"https:\/\/www.tecnosuissesa.com\/wp-content\/uploads\/2017\/09\/DMTC4132-1.jpg\",\"contentUrl\":\"https:\/\/www.tecnosuissesa.com\/wp-content\/uploads\/2017\/09\/DMTC4132-1.jpg\",\"width\":1024,\"height\":768},{\"@type\":\"BreadcrumbList\",\"@id\":\"https:\/\/www.tecnosuissesa.com\/de\/produkt\/saulenbohrmaschine-dmtc-4132\/#breadcrumb\",\"itemListElement\":[{\"@type\":\"ListItem\",\"position\":1,\"name\":\"Home\",\"item\":\"https:\/\/www.tecnosuissesa.com\/de\/\"},{\"@type\":\"ListItem\",\"position\":2,\"name\":\"Vendita di Macchine Utensili per Legno e per Metalli\",\"item\":\"https:\/\/www.tecnosuissesa.com\/it\/vendita-macchine-utensili\/\"},{\"@type\":\"ListItem\",\"position\":3,\"name\":\"S\u00e4ulenbohrmaschine Dmtc 4132\"}]},{\"@type\":\"WebSite\",\"@id\":\"https:\/\/www.tecnosuissesa.com\/it\/#website\",\"url\":\"https:\/\/www.tecnosuissesa.com\/it\/\",\"name\":\"Tecnosuisse\",\"description\":\"Macchine Utensili per Legno e Metalli\",\"publisher\":{\"@id\":\"https:\/\/www.tecnosuissesa.com\/it\/#organization\"},\"potentialAction\":[{\"@type\":\"SearchAction\",\"target\":{\"@type\":\"EntryPoint\",\"urlTemplate\":\"https:\/\/www.tecnosuissesa.com\/it\/?s={search_term_string}\"},\"query-input\":{\"@type\":\"PropertyValueSpecification\",\"valueRequired\":true,\"valueName\":\"search_term_string\"}}],\"inLanguage\":\"de\"},{\"@type\":\"Organization\",\"@id\":\"https:\/\/www.tecnosuissesa.com\/it\/#organization\",\"name\":\"Tecnosuisse\",\"url\":\"https:\/\/www.tecnosuissesa.com\/it\/\",\"logo\":{\"@type\":\"ImageObject\",\"inLanguage\":\"de\",\"@id\":\"https:\/\/www.tecnosuissesa.com\/it\/#\/schema\/logo\/image\/\",\"url\":\"https:\/\/www.tecnosuissesa.com\/wp-content\/uploads\/2017\/08\/Logo_TecnoSuisse_627x627.png\",\"contentUrl\":\"https:\/\/www.tecnosuissesa.com\/wp-content\/uploads\/2017\/08\/Logo_TecnoSuisse_627x627.png\",\"width\":627,\"height\":627,\"caption\":\"Tecnosuisse\"},\"image\":{\"@id\":\"https:\/\/www.tecnosuissesa.com\/it\/#\/schema\/logo\/image\/\"},\"sameAs\":[\"https:\/\/www.facebook.com\/tecnosuisse\/\",\"https:\/\/www.youtube.com\/channel\/UCSoxFNkw8ZiE4jP9OY8AdFg\"]}]}<\/script>\n<!-- \/ Yoast SEO plugin. -->","yoast_head_json":{"title":"S\u00e4ulenbohrmaschine Dmtc 4132 - Tecnosuisse","robots":{"index":"index","follow":"follow","max-snippet":"max-snippet:-1","max-image-preview":"max-image-preview:large","max-video-preview":"max-video-preview:-1"},"canonical":"https:\/\/www.tecnosuissesa.com\/de\/produkt\/saulenbohrmaschine-dmtc-4132\/","og_locale":"de_DE","og_type":"article","og_title":"S\u00e4ulenbohrmaschine Dmtc 4132 - Tecnosuisse","og_description":"S\u00e4ulen-Bohrmaschine mit Riemenantrieb, neigbarem Tisch und maximaler Drehgeschwindigkeit von 3200 UpM","og_url":"https:\/\/www.tecnosuissesa.com\/de\/produkt\/saulenbohrmaschine-dmtc-4132\/","og_site_name":"Tecnosuisse","article_publisher":"https:\/\/www.facebook.com\/tecnosuisse\/","og_image":[{"width":1024,"height":768,"url":"https:\/\/www.tecnosuissesa.com\/wp-content\/uploads\/2017\/09\/DMTC4132-1.jpg","type":"image\/jpeg"}],"twitter_card":"summary_large_image","twitter_misc":{"Gesch\u00e4tzte Lesezeit":"1\u00a0Minute"},"schema":{"@context":"https:\/\/schema.org","@graph":[{"@type":"WebPage","@id":"https:\/\/www.tecnosuissesa.com\/de\/produkt\/saulenbohrmaschine-dmtc-4132\/","url":"https:\/\/www.tecnosuissesa.com\/de\/produkt\/saulenbohrmaschine-dmtc-4132\/","name":"S\u00e4ulenbohrmaschine Dmtc 4132 - Tecnosuisse","isPartOf":{"@id":"https:\/\/www.tecnosuissesa.com\/it\/#website"},"primaryImageOfPage":{"@id":"https:\/\/www.tecnosuissesa.com\/de\/produkt\/saulenbohrmaschine-dmtc-4132\/#primaryimage"},"image":{"@id":"https:\/\/www.tecnosuissesa.com\/de\/produkt\/saulenbohrmaschine-dmtc-4132\/#primaryimage"},"thumbnailUrl":"https:\/\/www.tecnosuissesa.com\/wp-content\/uploads\/2017\/09\/DMTC4132-1.jpg","datePublished":"2017-09-29T13:26:04+00:00","breadcrumb":{"@id":"https:\/\/www.tecnosuissesa.com\/de\/produkt\/saulenbohrmaschine-dmtc-4132\/#breadcrumb"},"inLanguage":"de","potentialAction":[{"@type":"ReadAction","target":["https:\/\/www.tecnosuissesa.com\/de\/produkt\/saulenbohrmaschine-dmtc-4132\/"]}]},{"@type":"ImageObject","inLanguage":"de","@id":"https:\/\/www.tecnosuissesa.com\/de\/produkt\/saulenbohrmaschine-dmtc-4132\/#primaryimage","url":"https:\/\/www.tecnosuissesa.com\/wp-content\/uploads\/2017\/09\/DMTC4132-1.jpg","contentUrl":"https:\/\/www.tecnosuissesa.com\/wp-content\/uploads\/2017\/09\/DMTC4132-1.jpg","width":1024,"height":768},{"@type":"BreadcrumbList","@id":"https:\/\/www.tecnosuissesa.com\/de\/produkt\/saulenbohrmaschine-dmtc-4132\/#breadcrumb","itemListElement":[{"@type":"ListItem","position":1,"name":"Home","item":"https:\/\/www.tecnosuissesa.com\/de\/"},{"@type":"ListItem","position":2,"name":"Vendita di Macchine Utensili per Legno e per Metalli","item":"https:\/\/www.tecnosuissesa.com\/it\/vendita-macchine-utensili\/"},{"@type":"ListItem","position":3,"name":"S\u00e4ulenbohrmaschine Dmtc 4132"}]},{"@type":"WebSite","@id":"https:\/\/www.tecnosuissesa.com\/it\/#website","url":"https:\/\/www.tecnosuissesa.com\/it\/","name":"Tecnosuisse","description":"Macchine Utensili per Legno e Metalli","publisher":{"@id":"https:\/\/www.tecnosuissesa.com\/it\/#organization"},"potentialAction":[{"@type":"SearchAction","target":{"@type":"EntryPoint","urlTemplate":"https:\/\/www.tecnosuissesa.com\/it\/?s={search_term_string}"},"query-input":{"@type":"PropertyValueSpecification","valueRequired":true,"valueName":"search_term_string"}}],"inLanguage":"de"},{"@type":"Organization","@id":"https:\/\/www.tecnosuissesa.com\/it\/#organization","name":"Tecnosuisse","url":"https:\/\/www.tecnosuissesa.com\/it\/","logo":{"@type":"ImageObject","inLanguage":"de","@id":"https:\/\/www.tecnosuissesa.com\/it\/#\/schema\/logo\/image\/","url":"https:\/\/www.tecnosuissesa.com\/wp-content\/uploads\/2017\/08\/Logo_TecnoSuisse_627x627.png","contentUrl":"https:\/\/www.tecnosuissesa.com\/wp-content\/uploads\/2017\/08\/Logo_TecnoSuisse_627x627.png","width":627,"height":627,"caption":"Tecnosuisse"},"image":{"@id":"https:\/\/www.tecnosuissesa.com\/it\/#\/schema\/logo\/image\/"},"sameAs":["https:\/\/www.facebook.com\/tecnosuisse\/","https:\/\/www.youtube.com\/channel\/UCSoxFNkw8ZiE4jP9OY8AdFg"]}]}},"_links":{"self":[{"href":"https:\/\/www.tecnosuissesa.com\/de\/wp-json\/wp\/v2\/product\/1291","targetHints":{"allow":["GET"]}}],"collection":[{"href":"https:\/\/www.tecnosuissesa.com\/de\/wp-json\/wp\/v2\/product"}],"about":[{"href":"https:\/\/www.tecnosuissesa.com\/de\/wp-json\/wp\/v2\/types\/product"}],"replies":[{"embeddable":true,"href":"https:\/\/www.tecnosuissesa.com\/de\/wp-json\/wp\/v2\/comments?post=1291"}],"wp:featuredmedia":[{"embeddable":true,"href":"https:\/\/www.tecnosuissesa.com\/de\/wp-json\/wp\/v2\/media\/1283"}],"wp:attachment":[{"href":"https:\/\/www.tecnosuissesa.com\/de\/wp-json\/wp\/v2\/media?parent=1291"}],"wp:term":[{"taxonomy":"product_brand","embeddable":true,"href":"https:\/\/www.tecnosuissesa.com\/de\/wp-json\/wp\/v2\/product_brand?post=1291"},{"taxonomy":"product_cat","embeddable":true,"href":"https:\/\/www.tecnosuissesa.com\/de\/wp-json\/wp\/v2\/product_cat?post=1291"},{"taxonomy":"product_tag","embeddable":true,"href":"https:\/\/www.tecnosuissesa.com\/de\/wp-json\/wp\/v2\/product_tag?post=1291"}],"curies":[{"name":"wp","href":"https:\/\/api.w.org\/{rel}","templated":true}]}}