{"id":1228,"date":"2017-09-27T17:39:56","date_gmt":"2017-09-27T15:39:56","guid":{"rendered":"https:\/\/www.tecnosuissesa.com\/product\/metallbandsage-geo-4014\/"},"modified":"2017-09-27T17:39:56","modified_gmt":"2017-09-27T15:39:56","slug":"metallbandsage-geo-4014","status":"publish","type":"product","link":"https:\/\/www.tecnosuissesa.com\/de\/product\/metallbandsage-geo-4014\/","title":{"rendered":"Metallbands\u00e4ge Geo 4014"},"content":{"rendered":"<p align=\"justify\">Dabei handelt es sich um eine der kleinsten Bands\u00e4gen f\u00fcr Metalle von DM ITALIA, aber darum ist sie nicht weniger zuverl\u00e4ssig und pr\u00e4zise als die Anderen. Die Maschine verf\u00fcgt \u00fcber einen stabilen und robusten gusseisernen Rahmen und wird von einem leistungsstarken, einphasigen 550 W Motor angetrieben. Das S\u00e4geblatt hat eine Geschwindigkeitsstufe. Der Auf- und Abstieg des S\u00e4geblatts wird manuell gesteuert. Sie ist mit einer K\u00fchlpumpe und gr\u00f6\u00dferen Schwungr\u00e4dern ausgestattet.<\/p>\n<div id=\"article\"><\/div>\n<div id=\"accessori\">\n<table class=\"table table-striped\" border=\"1\" width=\"100%\" cellspacing=\"0\" cellpadding=\"0\">\n<tbody>\n<tr>\n<td colspan=\"2\" valign=\"top\">\n<div align=\"center\">TECHNISCHE DATEN<\/div>\n<\/td>\n<\/tr>\n<tr>\n<td colspan=\"2\">RAUMBEDARFABMESSUNGEN MASCHINE<\/td>\n<\/tr>\n<tr>\n<td>Maximaler Raumbedarf Maschine<\/td>\n<td>1000 mm (L\u00e4nge) x 540 mm (Breite) x 1440 mm (H\u00f6he)<\/td>\n<\/tr>\n<tr>\n<td>Arbeitsoberfl\u00e4che H\u00f6he vom Boden (Schraubstock)<\/td>\n<td>890 mm<\/td>\n<\/tr>\n<tr>\n<td>Gesamtnettogewicht (einschlie\u00dflich Unterbau)<\/td>\n<td>81 Kg<\/td>\n<\/tr>\n<tr>\n<td colspan=\"2\">EIGENSCHAFTEN BANDS\u00c4GE<\/td>\n<\/tr>\n<tr>\n<td>Maximale Schnittf\u00e4higkeit bei 0\u00b0<\/td>\n<td>150 mm (Rundschnitt) &#8211; 150 x 150 mm (Quadratschnitt)<\/td>\n<\/tr>\n<tr>\n<td>Maximale Schnittf\u00e4higkeit bei 45\u00b0<\/td>\n<td>150 mm<\/td>\n<\/tr>\n<tr>\n<td>Maximale Schnittf\u00e4higkeit bei 60\u00b0<\/td>\n<td>50 mm (Rundschnitt) &#8211; 50 x 56 mm (Quadratschnitt)<\/td>\n<\/tr>\n<tr>\n<td>Schnittwinkel<\/td>\n<td>0\u00b0 &#8211; 60\u00b0<\/td>\n<\/tr>\n<tr>\n<td>Bands\u00e4geblattl\u00e4nge<\/td>\n<td>1735 mm<\/td>\n<\/tr>\n<tr>\n<td>Breite mitgeliefertes S\u00e4geblatt<\/td>\n<td>13 mm<\/td>\n<\/tr>\n<tr>\n<td>W\u00e4hlbare S\u00e4geblatt Geschwindigkeiten<\/td>\n<td>N\u00b01<\/td>\n<\/tr>\n<tr>\n<td>Winkelmesser f\u00fcr Winkelschnitte<\/td>\n<td>Inbegriffen<\/td>\n<\/tr>\n<tr>\n<td colspan=\"2\">MOTOR<\/td>\n<\/tr>\n<tr>\n<td>Leistung<\/td>\n<td>550 W<\/td>\n<\/tr>\n<tr>\n<td>Typologie<\/td>\n<td>Einphasig (220 V)<\/td>\n<\/tr>\n<tr>\n<td>Frequenz<\/td>\n<td>50 Hz<\/td>\n<\/tr>\n<tr>\n<td>Motorschutzschalter<\/td>\n<td>Inbegriffen<\/td>\n<\/tr>\n<\/tbody>\n<\/table>\n<\/div>\n","protected":false},"excerpt":{"rendered":"<p>Das S\u00e4geblatt hat eine Geschwindigkeitsstufe. Der Auf- und Abstieg des S\u00e4geblatts wird manuell gesteuert. Sie ist mit einer K\u00fchlpumpe und gr\u00f6\u00dferen Schwungr\u00e4dern ausgestattet<\/p>\n","protected":false},"featured_media":1217,"comment_status":"open","ping_status":"closed","template":"","meta":[],"product_brand":[],"product_cat":[114],"product_tag":[],"class_list":{"0":"post-1228","1":"product","2":"type-product","3":"status-publish","4":"has-post-thumbnail","6":"product_cat-metallbandsage","7":"product_shipping_class-classe-10-de","9":"first","10":"instock","11":"shipping-taxable","12":"purchasable","13":"product-type-simple"},"yoast_head":"<!-- This site is optimized with the Yoast SEO plugin v27.1 - https:\/\/yoast.com\/product\/yoast-seo-wordpress\/ -->\n<title>Metallbands\u00e4ge Geo 4014 - Tecnosuisse<\/title>\n<meta name=\"robots\" content=\"index, follow, max-snippet:-1, max-image-preview:large, max-video-preview:-1\" \/>\n<link rel=\"canonical\" href=\"https:\/\/www.tecnosuissesa.com\/de\/produkt\/metallbandsage-geo-4014\/\" \/>\n<meta property=\"og:locale\" content=\"de_DE\" \/>\n<meta property=\"og:type\" content=\"article\" \/>\n<meta property=\"og:title\" content=\"Metallbands\u00e4ge Geo 4014 - Tecnosuisse\" \/>\n<meta property=\"og:description\" content=\"Das S\u00e4geblatt hat eine Geschwindigkeitsstufe. Der Auf- und Abstieg des S\u00e4geblatts wird manuell gesteuert. Sie ist mit einer K\u00fchlpumpe und gr\u00f6\u00dferen Schwungr\u00e4dern ausgestattet\" \/>\n<meta property=\"og:url\" content=\"https:\/\/www.tecnosuissesa.com\/de\/produkt\/metallbandsage-geo-4014\/\" \/>\n<meta property=\"og:site_name\" content=\"Tecnosuisse\" \/>\n<meta property=\"article:publisher\" content=\"https:\/\/www.facebook.com\/tecnosuisse\/\" \/>\n<meta property=\"og:image\" content=\"https:\/\/www.tecnosuissesa.com\/wp-content\/uploads\/2017\/09\/lato-4-1.jpg\" \/>\n\t<meta property=\"og:image:width\" content=\"1024\" \/>\n\t<meta property=\"og:image:height\" content=\"768\" \/>\n\t<meta property=\"og:image:type\" content=\"image\/jpeg\" \/>\n<meta name=\"twitter:card\" content=\"summary_large_image\" \/>\n<meta name=\"twitter:label1\" content=\"Gesch\u00e4tzte Lesezeit\" \/>\n\t<meta name=\"twitter:data1\" content=\"1\u00a0Minute\" \/>\n<script type=\"application\/ld+json\" class=\"yoast-schema-graph\">{\"@context\":\"https:\/\/schema.org\",\"@graph\":[{\"@type\":\"WebPage\",\"@id\":\"https:\/\/www.tecnosuissesa.com\/de\/produkt\/metallbandsage-geo-4014\/\",\"url\":\"https:\/\/www.tecnosuissesa.com\/de\/produkt\/metallbandsage-geo-4014\/\",\"name\":\"Metallbands\u00e4ge Geo 4014 - Tecnosuisse\",\"isPartOf\":{\"@id\":\"https:\/\/www.tecnosuissesa.com\/it\/#website\"},\"primaryImageOfPage\":{\"@id\":\"https:\/\/www.tecnosuissesa.com\/de\/produkt\/metallbandsage-geo-4014\/#primaryimage\"},\"image\":{\"@id\":\"https:\/\/www.tecnosuissesa.com\/de\/produkt\/metallbandsage-geo-4014\/#primaryimage\"},\"thumbnailUrl\":\"https:\/\/www.tecnosuissesa.com\/wp-content\/uploads\/2017\/09\/lato-4-1.jpg\",\"datePublished\":\"2017-09-27T15:39:56+00:00\",\"breadcrumb\":{\"@id\":\"https:\/\/www.tecnosuissesa.com\/de\/produkt\/metallbandsage-geo-4014\/#breadcrumb\"},\"inLanguage\":\"de\",\"potentialAction\":[{\"@type\":\"ReadAction\",\"target\":[\"https:\/\/www.tecnosuissesa.com\/de\/produkt\/metallbandsage-geo-4014\/\"]}]},{\"@type\":\"ImageObject\",\"inLanguage\":\"de\",\"@id\":\"https:\/\/www.tecnosuissesa.com\/de\/produkt\/metallbandsage-geo-4014\/#primaryimage\",\"url\":\"https:\/\/www.tecnosuissesa.com\/wp-content\/uploads\/2017\/09\/lato-4-1.jpg\",\"contentUrl\":\"https:\/\/www.tecnosuissesa.com\/wp-content\/uploads\/2017\/09\/lato-4-1.jpg\",\"width\":1024,\"height\":768},{\"@type\":\"BreadcrumbList\",\"@id\":\"https:\/\/www.tecnosuissesa.com\/de\/produkt\/metallbandsage-geo-4014\/#breadcrumb\",\"itemListElement\":[{\"@type\":\"ListItem\",\"position\":1,\"name\":\"Home\",\"item\":\"https:\/\/www.tecnosuissesa.com\/de\/\"},{\"@type\":\"ListItem\",\"position\":2,\"name\":\"Vendita di Macchine Utensili per Legno e per Metalli\",\"item\":\"https:\/\/www.tecnosuissesa.com\/it\/vendita-macchine-utensili\/\"},{\"@type\":\"ListItem\",\"position\":3,\"name\":\"Metallbands\u00e4ge Geo 4014\"}]},{\"@type\":\"WebSite\",\"@id\":\"https:\/\/www.tecnosuissesa.com\/it\/#website\",\"url\":\"https:\/\/www.tecnosuissesa.com\/it\/\",\"name\":\"Tecnosuisse\",\"description\":\"Macchine Utensili per Legno e Metalli\",\"publisher\":{\"@id\":\"https:\/\/www.tecnosuissesa.com\/it\/#organization\"},\"potentialAction\":[{\"@type\":\"SearchAction\",\"target\":{\"@type\":\"EntryPoint\",\"urlTemplate\":\"https:\/\/www.tecnosuissesa.com\/it\/?s={search_term_string}\"},\"query-input\":{\"@type\":\"PropertyValueSpecification\",\"valueRequired\":true,\"valueName\":\"search_term_string\"}}],\"inLanguage\":\"de\"},{\"@type\":\"Organization\",\"@id\":\"https:\/\/www.tecnosuissesa.com\/it\/#organization\",\"name\":\"Tecnosuisse\",\"url\":\"https:\/\/www.tecnosuissesa.com\/it\/\",\"logo\":{\"@type\":\"ImageObject\",\"inLanguage\":\"de\",\"@id\":\"https:\/\/www.tecnosuissesa.com\/it\/#\/schema\/logo\/image\/\",\"url\":\"https:\/\/www.tecnosuissesa.com\/wp-content\/uploads\/2017\/08\/Logo_TecnoSuisse_627x627.png\",\"contentUrl\":\"https:\/\/www.tecnosuissesa.com\/wp-content\/uploads\/2017\/08\/Logo_TecnoSuisse_627x627.png\",\"width\":627,\"height\":627,\"caption\":\"Tecnosuisse\"},\"image\":{\"@id\":\"https:\/\/www.tecnosuissesa.com\/it\/#\/schema\/logo\/image\/\"},\"sameAs\":[\"https:\/\/www.facebook.com\/tecnosuisse\/\",\"https:\/\/www.youtube.com\/channel\/UCSoxFNkw8ZiE4jP9OY8AdFg\"]}]}<\/script>\n<!-- \/ Yoast SEO plugin. -->","yoast_head_json":{"title":"Metallbands\u00e4ge Geo 4014 - Tecnosuisse","robots":{"index":"index","follow":"follow","max-snippet":"max-snippet:-1","max-image-preview":"max-image-preview:large","max-video-preview":"max-video-preview:-1"},"canonical":"https:\/\/www.tecnosuissesa.com\/de\/produkt\/metallbandsage-geo-4014\/","og_locale":"de_DE","og_type":"article","og_title":"Metallbands\u00e4ge Geo 4014 - Tecnosuisse","og_description":"Das S\u00e4geblatt hat eine Geschwindigkeitsstufe. Der Auf- und Abstieg des S\u00e4geblatts wird manuell gesteuert. Sie ist mit einer K\u00fchlpumpe und gr\u00f6\u00dferen Schwungr\u00e4dern ausgestattet","og_url":"https:\/\/www.tecnosuissesa.com\/de\/produkt\/metallbandsage-geo-4014\/","og_site_name":"Tecnosuisse","article_publisher":"https:\/\/www.facebook.com\/tecnosuisse\/","og_image":[{"width":1024,"height":768,"url":"https:\/\/www.tecnosuissesa.com\/wp-content\/uploads\/2017\/09\/lato-4-1.jpg","type":"image\/jpeg"}],"twitter_card":"summary_large_image","twitter_misc":{"Gesch\u00e4tzte Lesezeit":"1\u00a0Minute"},"schema":{"@context":"https:\/\/schema.org","@graph":[{"@type":"WebPage","@id":"https:\/\/www.tecnosuissesa.com\/de\/produkt\/metallbandsage-geo-4014\/","url":"https:\/\/www.tecnosuissesa.com\/de\/produkt\/metallbandsage-geo-4014\/","name":"Metallbands\u00e4ge Geo 4014 - Tecnosuisse","isPartOf":{"@id":"https:\/\/www.tecnosuissesa.com\/it\/#website"},"primaryImageOfPage":{"@id":"https:\/\/www.tecnosuissesa.com\/de\/produkt\/metallbandsage-geo-4014\/#primaryimage"},"image":{"@id":"https:\/\/www.tecnosuissesa.com\/de\/produkt\/metallbandsage-geo-4014\/#primaryimage"},"thumbnailUrl":"https:\/\/www.tecnosuissesa.com\/wp-content\/uploads\/2017\/09\/lato-4-1.jpg","datePublished":"2017-09-27T15:39:56+00:00","breadcrumb":{"@id":"https:\/\/www.tecnosuissesa.com\/de\/produkt\/metallbandsage-geo-4014\/#breadcrumb"},"inLanguage":"de","potentialAction":[{"@type":"ReadAction","target":["https:\/\/www.tecnosuissesa.com\/de\/produkt\/metallbandsage-geo-4014\/"]}]},{"@type":"ImageObject","inLanguage":"de","@id":"https:\/\/www.tecnosuissesa.com\/de\/produkt\/metallbandsage-geo-4014\/#primaryimage","url":"https:\/\/www.tecnosuissesa.com\/wp-content\/uploads\/2017\/09\/lato-4-1.jpg","contentUrl":"https:\/\/www.tecnosuissesa.com\/wp-content\/uploads\/2017\/09\/lato-4-1.jpg","width":1024,"height":768},{"@type":"BreadcrumbList","@id":"https:\/\/www.tecnosuissesa.com\/de\/produkt\/metallbandsage-geo-4014\/#breadcrumb","itemListElement":[{"@type":"ListItem","position":1,"name":"Home","item":"https:\/\/www.tecnosuissesa.com\/de\/"},{"@type":"ListItem","position":2,"name":"Vendita di Macchine Utensili per Legno e per Metalli","item":"https:\/\/www.tecnosuissesa.com\/it\/vendita-macchine-utensili\/"},{"@type":"ListItem","position":3,"name":"Metallbands\u00e4ge Geo 4014"}]},{"@type":"WebSite","@id":"https:\/\/www.tecnosuissesa.com\/it\/#website","url":"https:\/\/www.tecnosuissesa.com\/it\/","name":"Tecnosuisse","description":"Macchine Utensili per Legno e Metalli","publisher":{"@id":"https:\/\/www.tecnosuissesa.com\/it\/#organization"},"potentialAction":[{"@type":"SearchAction","target":{"@type":"EntryPoint","urlTemplate":"https:\/\/www.tecnosuissesa.com\/it\/?s={search_term_string}"},"query-input":{"@type":"PropertyValueSpecification","valueRequired":true,"valueName":"search_term_string"}}],"inLanguage":"de"},{"@type":"Organization","@id":"https:\/\/www.tecnosuissesa.com\/it\/#organization","name":"Tecnosuisse","url":"https:\/\/www.tecnosuissesa.com\/it\/","logo":{"@type":"ImageObject","inLanguage":"de","@id":"https:\/\/www.tecnosuissesa.com\/it\/#\/schema\/logo\/image\/","url":"https:\/\/www.tecnosuissesa.com\/wp-content\/uploads\/2017\/08\/Logo_TecnoSuisse_627x627.png","contentUrl":"https:\/\/www.tecnosuissesa.com\/wp-content\/uploads\/2017\/08\/Logo_TecnoSuisse_627x627.png","width":627,"height":627,"caption":"Tecnosuisse"},"image":{"@id":"https:\/\/www.tecnosuissesa.com\/it\/#\/schema\/logo\/image\/"},"sameAs":["https:\/\/www.facebook.com\/tecnosuisse\/","https:\/\/www.youtube.com\/channel\/UCSoxFNkw8ZiE4jP9OY8AdFg"]}]}},"_links":{"self":[{"href":"https:\/\/www.tecnosuissesa.com\/de\/wp-json\/wp\/v2\/product\/1228","targetHints":{"allow":["GET"]}}],"collection":[{"href":"https:\/\/www.tecnosuissesa.com\/de\/wp-json\/wp\/v2\/product"}],"about":[{"href":"https:\/\/www.tecnosuissesa.com\/de\/wp-json\/wp\/v2\/types\/product"}],"replies":[{"embeddable":true,"href":"https:\/\/www.tecnosuissesa.com\/de\/wp-json\/wp\/v2\/comments?post=1228"}],"wp:featuredmedia":[{"embeddable":true,"href":"https:\/\/www.tecnosuissesa.com\/de\/wp-json\/wp\/v2\/media\/1217"}],"wp:attachment":[{"href":"https:\/\/www.tecnosuissesa.com\/de\/wp-json\/wp\/v2\/media?parent=1228"}],"wp:term":[{"taxonomy":"product_brand","embeddable":true,"href":"https:\/\/www.tecnosuissesa.com\/de\/wp-json\/wp\/v2\/product_brand?post=1228"},{"taxonomy":"product_cat","embeddable":true,"href":"https:\/\/www.tecnosuissesa.com\/de\/wp-json\/wp\/v2\/product_cat?post=1228"},{"taxonomy":"product_tag","embeddable":true,"href":"https:\/\/www.tecnosuissesa.com\/de\/wp-json\/wp\/v2\/product_tag?post=1228"}],"curies":[{"name":"wp","href":"https:\/\/api.w.org\/{rel}","templated":true}]}}