{"id":1107,"date":"2017-09-26T15:58:31","date_gmt":"2017-09-26T13:58:31","guid":{"rendered":"https:\/\/www.tecnosuissesa.com\/product\/drehbank-frasmaschine-bohrmaschine-fur-metalle-multitech-800-3l-super\/"},"modified":"2017-09-26T15:58:31","modified_gmt":"2017-09-26T13:58:31","slug":"drehbank-frasmaschine-bohrmaschine-fur-metalle-multitech-800-3l-super","status":"publish","type":"product","link":"https:\/\/www.tecnosuissesa.com\/de\/product\/drehbank-frasmaschine-bohrmaschine-fur-metalle-multitech-800-3l-super\/","title":{"rendered":"Drehbank Fr\u00e4smaschine Bohrmaschine f\u00fcr Metalle Multitech 800 3L Super"},"content":{"rendered":"<p>Die beste Maschine f\u00fcr die Metallbearbeitung. Sie ist ist eine semiprofessionelle robuste und pr\u00e4zise Maschine, mit gusseisernen Rahmen und Metalloberfl\u00e4chen. Die Drehmaschine hat einen Abstand zwischen den Spitzen von 800 mm und einen maximalen Drehdurchmesser von 320 mm. Sie ist mit automatischem Vorschub sowohl auf dem L\u00e4ngstisch der Drehmaschine als auch auf dem Quertisch der Fr\u00e4se ausgestattet. Neben dem Gewindeschneiden lassen sich mit dieser Maschine noch viele andere Bearbeitungen durchf\u00fchren. Die Maschine ist mit einer wassergek\u00fchlten Pumpe und einer Lampe f\u00fcr die direkte Beleuchtung ausgestattet. Sie wird in der Standardausf\u00fchrung mit einem selbstzentrierenden 3-Backenfutter (3 innere + 3 \u00e4u\u00dfere Backen), zwei Reitst\u00f6cken mit Kegelaufnahme, dem Vorschubschlitten, 2 L\u00fcnetten, dem Metallunterbau, allen inneren Zahnr\u00e4dern und mit dem Schl\u00fcsselsatz f\u00fcr die Montage der Zahnr\u00e4der geliefert.<\/p>\n<table>\n<tbody>\n<tr>\n<td colspan=\"2\"><strong>TECHNISCHE DATEN<\/strong><\/td>\n<\/tr>\n<tr>\n<td colspan=\"2\"><strong>PLATZBEDARF DER MASCHINE<\/strong><\/td>\n<\/tr>\n<tr>\n<td>Abmessungen mit Unterbau (ohne Fr\u00e4se)<\/td>\n<td>1580 mm (L) x 770 mm (B) x 1150 mm (H)<\/td>\n<\/tr>\n<tr>\n<td>Abmessungen mit Unterbau\u00a0samt Fr\u00e4se<\/td>\n<td>1580 mm (L) x 770 mm (B) x 1950 mm (H)<\/td>\n<\/tr>\n<tr>\n<td>Nettogewicht der Maschine<\/td>\n<td>390 kg<\/td>\n<\/tr>\n<tr>\n<td colspan=\"2\"><strong>SPEZIFIKATIONEN DER DREHMASCHINE<\/strong><\/td>\n<\/tr>\n<tr>\n<td>Abstand zwischen den Spitzen<\/td>\n<td>800 mm<\/td>\n<\/tr>\n<tr>\n<td>Maximale Nutzl\u00e4nge<\/td>\n<td>750 mm<\/td>\n<\/tr>\n<tr>\n<td>H\u00f6he der Spitzen<\/td>\n<td>162 mm<\/td>\n<\/tr>\n<tr>\n<td>Max. Durchmesser des auf der Bank zu bearbeitenden Werkst\u00fccks<\/td>\n<td>320 mm<\/td>\n<\/tr>\n<tr>\n<td>Durchmesser der durchf\u00fchrenden Schiene<\/td>\n<td>38 mm<\/td>\n<\/tr>\n<tr>\n<td>Durchmesser der Standardspindel (beigepackt)<\/td>\n<td>160 mm<\/td>\n<\/tr>\n<tr>\n<td>Standardspindeltyp<\/td>\n<td>Selbstzentrierendes 3-Backenfutter (3 \u00e4ussere Backen+3 innere)<\/td>\n<\/tr>\n<tr>\n<td>Bohrungstyp der Spindel<\/td>\n<td>MT5<\/td>\n<\/tr>\n<tr>\n<td>Bohrungstyp des Reitstocks<\/td>\n<td>MT3<\/td>\n<\/tr>\n<tr>\n<td>Abmessungen des Kreuztischs<\/td>\n<td>280 mm x 130 mm<\/td>\n<\/tr>\n<tr>\n<td>Gr\u00f6\u00dfe des Revolverkopfs (beigepackt)<\/td>\n<td>78 mm x 78 mm<\/td>\n<\/tr>\n<tr>\n<td>Max. Schaft der auf dem Standardrevolverkopf montierbaren Werkzeuge<\/td>\n<td>23 mm<\/td>\n<\/tr>\n<tr>\n<td>Anzahl schneidbarer Zollgewinde<\/td>\n<td>20<\/td>\n<\/tr>\n<tr>\n<td>Zollgewinde<\/td>\n<td>9 bis 40 Gewinde pro Zoll<\/td>\n<\/tr>\n<tr>\n<td>Anzahl schneidbarer metrischer Gewinde<\/td>\n<td>17<\/td>\n<\/tr>\n<tr>\n<td>Metrische Gewindearten<\/td>\n<td>0,5 mm bis 4 mm<\/td>\n<\/tr>\n<tr>\n<td>L\u00e4ngsvorschub<\/td>\n<td>0,135 &#8211; 1,80 mm\/Umdrehung<\/td>\n<\/tr>\n<tr>\n<td>Querschub<\/td>\n<td>0,025 \u2013 0,34 mm\/Umdrehung<\/td>\n<\/tr>\n<tr>\n<td>Querhub des Werkzeugschlittens<\/td>\n<td>70 mm<\/td>\n<\/tr>\n<tr>\n<td>Einstellungen der Drehgeschwindigkeit der Spindel<\/td>\n<td>12<\/td>\n<\/tr>\n<tr>\n<td>Drehgeschwindigkeit der Spindel<\/td>\n<td>60 bis 1600 U\/Min<\/td>\n<\/tr>\n<tr>\n<td colspan=\"2\"><strong>MOTOR DER DREHMASCHINE<\/strong><\/td>\n<\/tr>\n<tr>\n<td>Leistung<\/td>\n<td>1500 W<\/td>\n<\/tr>\n<tr>\n<td>Typ<\/td>\n<td>Einphasig (220 V)<\/td>\n<\/tr>\n<tr>\n<td>Frequenz<\/td>\n<td>50 Hz<\/td>\n<\/tr>\n<tr>\n<td colspan=\"2\"><strong>SPEZIFIKATIONEN DER FR\u00c4SMASCHINE<\/strong><\/td>\n<\/tr>\n<tr>\n<td>Kegeltyp der Spindel<\/td>\n<td>MT3<\/td>\n<\/tr>\n<tr>\n<td>Anzahl w\u00e4hlbarer Geschwindigkeiten<\/td>\n<td>4<\/td>\n<\/tr>\n<tr>\n<td>W\u00e4hlbare Geschwindigkeitsarten<\/td>\n<td>200 bis 2200 U\/Min<\/td>\n<\/tr>\n<tr>\n<td>Fr\u00e4swinkel<\/td>\n<td>Horizontal 360 \u00b0 und Vertikal 90\u00b0<\/td>\n<\/tr>\n<tr>\n<td colspan=\"2\"><strong>MOTOR DER FR\u00c4SMASCHINE<\/strong><\/td>\n<\/tr>\n<tr>\n<td>Leistung<\/td>\n<td>750 W<\/td>\n<\/tr>\n<tr>\n<td>Typ<\/td>\n<td>220 V (einphasig)<\/td>\n<\/tr>\n<tr>\n<td>Frequenz<\/td>\n<td>50 Hz<\/td>\n<\/tr>\n<tr>\n<td colspan=\"2\"><strong>VORSCHUB DER TISCHE<\/strong><\/td>\n<\/tr>\n<tr>\n<td>L\u00e4ngsvorschub<\/td>\n<td>Automatisch in beide Richtungen<\/td>\n<\/tr>\n<tr>\n<td>Querschub (Kreuztisch)<\/td>\n<td>Automatisch in beide Richtungen<\/td>\n<\/tr>\n<\/tbody>\n<\/table>\n","protected":false},"excerpt":{"rendered":"<p>Drehmaschine Fr\u00e4se Bohrmaschine Multitech 800 Abstand zwischen den Spitzen 800 mm, max. Drehdurchmesser 320 mm und Pumpe f\u00fcr die K\u00fchlung mit klarem Wasser<\/p>\n","protected":false},"featured_media":1099,"comment_status":"open","ping_status":"closed","template":"","meta":[],"product_brand":[],"product_cat":[106],"product_tag":[],"class_list":{"0":"post-1107","1":"product","2":"type-product","3":"status-publish","4":"has-post-thumbnail","6":"product_cat-dreh-fraesmaschine","7":"product_shipping_class-classe-10-de","9":"first","10":"instock","11":"shipping-taxable","12":"purchasable","13":"product-type-simple"},"yoast_head":"<!-- This site is optimized with the Yoast SEO plugin v27.1 - https:\/\/yoast.com\/product\/yoast-seo-wordpress\/ -->\n<title>Drehbank Fr\u00e4smaschine Bohrmaschine f\u00fcr Metalle Multitech 800 3L Super - Tecnosuisse<\/title>\n<meta name=\"robots\" content=\"index, follow, max-snippet:-1, max-image-preview:large, max-video-preview:-1\" \/>\n<link rel=\"canonical\" href=\"https:\/\/www.tecnosuissesa.com\/de\/produkt\/drehbank-frasmaschine-bohrmaschine-fur-metalle-multitech-800-3l-super\/\" \/>\n<meta property=\"og:locale\" content=\"de_DE\" \/>\n<meta property=\"og:type\" content=\"article\" \/>\n<meta property=\"og:title\" content=\"Drehbank Fr\u00e4smaschine Bohrmaschine f\u00fcr Metalle Multitech 800 3L Super - Tecnosuisse\" \/>\n<meta property=\"og:description\" content=\"Drehmaschine Fr\u00e4se Bohrmaschine Multitech 800 Abstand zwischen den Spitzen 800 mm, max. Drehdurchmesser 320 mm und Pumpe f\u00fcr die K\u00fchlung mit klarem Wasser\" \/>\n<meta property=\"og:url\" content=\"https:\/\/www.tecnosuissesa.com\/de\/produkt\/drehbank-frasmaschine-bohrmaschine-fur-metalle-multitech-800-3l-super\/\" \/>\n<meta property=\"og:site_name\" content=\"Tecnosuisse\" \/>\n<meta property=\"article:publisher\" content=\"https:\/\/www.facebook.com\/tecnosuisse\/\" \/>\n<meta property=\"og:image\" content=\"https:\/\/www.tecnosuissesa.com\/wp-content\/uploads\/2017\/09\/MULTITECH800-3L-0.jpg\" \/>\n\t<meta property=\"og:image:width\" content=\"1024\" \/>\n\t<meta property=\"og:image:height\" content=\"768\" \/>\n\t<meta property=\"og:image:type\" content=\"image\/jpeg\" \/>\n<meta name=\"twitter:card\" content=\"summary_large_image\" \/>\n<meta name=\"twitter:label1\" content=\"Gesch\u00e4tzte Lesezeit\" \/>\n\t<meta name=\"twitter:data1\" content=\"2\u00a0Minuten\" \/>\n<script type=\"application\/ld+json\" class=\"yoast-schema-graph\">{\"@context\":\"https:\/\/schema.org\",\"@graph\":[{\"@type\":\"WebPage\",\"@id\":\"https:\/\/www.tecnosuissesa.com\/de\/produkt\/drehbank-frasmaschine-bohrmaschine-fur-metalle-multitech-800-3l-super\/\",\"url\":\"https:\/\/www.tecnosuissesa.com\/de\/produkt\/drehbank-frasmaschine-bohrmaschine-fur-metalle-multitech-800-3l-super\/\",\"name\":\"Drehbank Fr\u00e4smaschine Bohrmaschine f\u00fcr Metalle Multitech 800 3L Super - Tecnosuisse\",\"isPartOf\":{\"@id\":\"https:\/\/www.tecnosuissesa.com\/it\/#website\"},\"primaryImageOfPage\":{\"@id\":\"https:\/\/www.tecnosuissesa.com\/de\/produkt\/drehbank-frasmaschine-bohrmaschine-fur-metalle-multitech-800-3l-super\/#primaryimage\"},\"image\":{\"@id\":\"https:\/\/www.tecnosuissesa.com\/de\/produkt\/drehbank-frasmaschine-bohrmaschine-fur-metalle-multitech-800-3l-super\/#primaryimage\"},\"thumbnailUrl\":\"https:\/\/www.tecnosuissesa.com\/wp-content\/uploads\/2017\/09\/MULTITECH800-3L-0.jpg\",\"datePublished\":\"2017-09-26T13:58:31+00:00\",\"breadcrumb\":{\"@id\":\"https:\/\/www.tecnosuissesa.com\/de\/produkt\/drehbank-frasmaschine-bohrmaschine-fur-metalle-multitech-800-3l-super\/#breadcrumb\"},\"inLanguage\":\"de\",\"potentialAction\":[{\"@type\":\"ReadAction\",\"target\":[\"https:\/\/www.tecnosuissesa.com\/de\/produkt\/drehbank-frasmaschine-bohrmaschine-fur-metalle-multitech-800-3l-super\/\"]}]},{\"@type\":\"ImageObject\",\"inLanguage\":\"de\",\"@id\":\"https:\/\/www.tecnosuissesa.com\/de\/produkt\/drehbank-frasmaschine-bohrmaschine-fur-metalle-multitech-800-3l-super\/#primaryimage\",\"url\":\"https:\/\/www.tecnosuissesa.com\/wp-content\/uploads\/2017\/09\/MULTITECH800-3L-0.jpg\",\"contentUrl\":\"https:\/\/www.tecnosuissesa.com\/wp-content\/uploads\/2017\/09\/MULTITECH800-3L-0.jpg\",\"width\":1024,\"height\":768},{\"@type\":\"BreadcrumbList\",\"@id\":\"https:\/\/www.tecnosuissesa.com\/de\/produkt\/drehbank-frasmaschine-bohrmaschine-fur-metalle-multitech-800-3l-super\/#breadcrumb\",\"itemListElement\":[{\"@type\":\"ListItem\",\"position\":1,\"name\":\"Home\",\"item\":\"https:\/\/www.tecnosuissesa.com\/de\/\"},{\"@type\":\"ListItem\",\"position\":2,\"name\":\"Vendita di Macchine Utensili per Legno e per Metalli\",\"item\":\"https:\/\/www.tecnosuissesa.com\/it\/vendita-macchine-utensili\/\"},{\"@type\":\"ListItem\",\"position\":3,\"name\":\"Drehbank Fr\u00e4smaschine Bohrmaschine f\u00fcr Metalle Multitech 800 3L Super\"}]},{\"@type\":\"WebSite\",\"@id\":\"https:\/\/www.tecnosuissesa.com\/it\/#website\",\"url\":\"https:\/\/www.tecnosuissesa.com\/it\/\",\"name\":\"Tecnosuisse\",\"description\":\"Macchine Utensili per Legno e Metalli\",\"publisher\":{\"@id\":\"https:\/\/www.tecnosuissesa.com\/it\/#organization\"},\"potentialAction\":[{\"@type\":\"SearchAction\",\"target\":{\"@type\":\"EntryPoint\",\"urlTemplate\":\"https:\/\/www.tecnosuissesa.com\/it\/?s={search_term_string}\"},\"query-input\":{\"@type\":\"PropertyValueSpecification\",\"valueRequired\":true,\"valueName\":\"search_term_string\"}}],\"inLanguage\":\"de\"},{\"@type\":\"Organization\",\"@id\":\"https:\/\/www.tecnosuissesa.com\/it\/#organization\",\"name\":\"Tecnosuisse\",\"url\":\"https:\/\/www.tecnosuissesa.com\/it\/\",\"logo\":{\"@type\":\"ImageObject\",\"inLanguage\":\"de\",\"@id\":\"https:\/\/www.tecnosuissesa.com\/it\/#\/schema\/logo\/image\/\",\"url\":\"https:\/\/www.tecnosuissesa.com\/wp-content\/uploads\/2017\/08\/Logo_TecnoSuisse_627x627.png\",\"contentUrl\":\"https:\/\/www.tecnosuissesa.com\/wp-content\/uploads\/2017\/08\/Logo_TecnoSuisse_627x627.png\",\"width\":627,\"height\":627,\"caption\":\"Tecnosuisse\"},\"image\":{\"@id\":\"https:\/\/www.tecnosuissesa.com\/it\/#\/schema\/logo\/image\/\"},\"sameAs\":[\"https:\/\/www.facebook.com\/tecnosuisse\/\",\"https:\/\/www.youtube.com\/channel\/UCSoxFNkw8ZiE4jP9OY8AdFg\"]}]}<\/script>\n<!-- \/ Yoast SEO plugin. -->","yoast_head_json":{"title":"Drehbank Fr\u00e4smaschine Bohrmaschine f\u00fcr Metalle Multitech 800 3L Super - Tecnosuisse","robots":{"index":"index","follow":"follow","max-snippet":"max-snippet:-1","max-image-preview":"max-image-preview:large","max-video-preview":"max-video-preview:-1"},"canonical":"https:\/\/www.tecnosuissesa.com\/de\/produkt\/drehbank-frasmaschine-bohrmaschine-fur-metalle-multitech-800-3l-super\/","og_locale":"de_DE","og_type":"article","og_title":"Drehbank Fr\u00e4smaschine Bohrmaschine f\u00fcr Metalle Multitech 800 3L Super - Tecnosuisse","og_description":"Drehmaschine Fr\u00e4se Bohrmaschine Multitech 800 Abstand zwischen den Spitzen 800 mm, max. Drehdurchmesser 320 mm und Pumpe f\u00fcr die K\u00fchlung mit klarem Wasser","og_url":"https:\/\/www.tecnosuissesa.com\/de\/produkt\/drehbank-frasmaschine-bohrmaschine-fur-metalle-multitech-800-3l-super\/","og_site_name":"Tecnosuisse","article_publisher":"https:\/\/www.facebook.com\/tecnosuisse\/","og_image":[{"width":1024,"height":768,"url":"https:\/\/www.tecnosuissesa.com\/wp-content\/uploads\/2017\/09\/MULTITECH800-3L-0.jpg","type":"image\/jpeg"}],"twitter_card":"summary_large_image","twitter_misc":{"Gesch\u00e4tzte Lesezeit":"2\u00a0Minuten"},"schema":{"@context":"https:\/\/schema.org","@graph":[{"@type":"WebPage","@id":"https:\/\/www.tecnosuissesa.com\/de\/produkt\/drehbank-frasmaschine-bohrmaschine-fur-metalle-multitech-800-3l-super\/","url":"https:\/\/www.tecnosuissesa.com\/de\/produkt\/drehbank-frasmaschine-bohrmaschine-fur-metalle-multitech-800-3l-super\/","name":"Drehbank Fr\u00e4smaschine Bohrmaschine f\u00fcr Metalle Multitech 800 3L Super - Tecnosuisse","isPartOf":{"@id":"https:\/\/www.tecnosuissesa.com\/it\/#website"},"primaryImageOfPage":{"@id":"https:\/\/www.tecnosuissesa.com\/de\/produkt\/drehbank-frasmaschine-bohrmaschine-fur-metalle-multitech-800-3l-super\/#primaryimage"},"image":{"@id":"https:\/\/www.tecnosuissesa.com\/de\/produkt\/drehbank-frasmaschine-bohrmaschine-fur-metalle-multitech-800-3l-super\/#primaryimage"},"thumbnailUrl":"https:\/\/www.tecnosuissesa.com\/wp-content\/uploads\/2017\/09\/MULTITECH800-3L-0.jpg","datePublished":"2017-09-26T13:58:31+00:00","breadcrumb":{"@id":"https:\/\/www.tecnosuissesa.com\/de\/produkt\/drehbank-frasmaschine-bohrmaschine-fur-metalle-multitech-800-3l-super\/#breadcrumb"},"inLanguage":"de","potentialAction":[{"@type":"ReadAction","target":["https:\/\/www.tecnosuissesa.com\/de\/produkt\/drehbank-frasmaschine-bohrmaschine-fur-metalle-multitech-800-3l-super\/"]}]},{"@type":"ImageObject","inLanguage":"de","@id":"https:\/\/www.tecnosuissesa.com\/de\/produkt\/drehbank-frasmaschine-bohrmaschine-fur-metalle-multitech-800-3l-super\/#primaryimage","url":"https:\/\/www.tecnosuissesa.com\/wp-content\/uploads\/2017\/09\/MULTITECH800-3L-0.jpg","contentUrl":"https:\/\/www.tecnosuissesa.com\/wp-content\/uploads\/2017\/09\/MULTITECH800-3L-0.jpg","width":1024,"height":768},{"@type":"BreadcrumbList","@id":"https:\/\/www.tecnosuissesa.com\/de\/produkt\/drehbank-frasmaschine-bohrmaschine-fur-metalle-multitech-800-3l-super\/#breadcrumb","itemListElement":[{"@type":"ListItem","position":1,"name":"Home","item":"https:\/\/www.tecnosuissesa.com\/de\/"},{"@type":"ListItem","position":2,"name":"Vendita di Macchine Utensili per Legno e per Metalli","item":"https:\/\/www.tecnosuissesa.com\/it\/vendita-macchine-utensili\/"},{"@type":"ListItem","position":3,"name":"Drehbank Fr\u00e4smaschine Bohrmaschine f\u00fcr Metalle Multitech 800 3L Super"}]},{"@type":"WebSite","@id":"https:\/\/www.tecnosuissesa.com\/it\/#website","url":"https:\/\/www.tecnosuissesa.com\/it\/","name":"Tecnosuisse","description":"Macchine Utensili per Legno e Metalli","publisher":{"@id":"https:\/\/www.tecnosuissesa.com\/it\/#organization"},"potentialAction":[{"@type":"SearchAction","target":{"@type":"EntryPoint","urlTemplate":"https:\/\/www.tecnosuissesa.com\/it\/?s={search_term_string}"},"query-input":{"@type":"PropertyValueSpecification","valueRequired":true,"valueName":"search_term_string"}}],"inLanguage":"de"},{"@type":"Organization","@id":"https:\/\/www.tecnosuissesa.com\/it\/#organization","name":"Tecnosuisse","url":"https:\/\/www.tecnosuissesa.com\/it\/","logo":{"@type":"ImageObject","inLanguage":"de","@id":"https:\/\/www.tecnosuissesa.com\/it\/#\/schema\/logo\/image\/","url":"https:\/\/www.tecnosuissesa.com\/wp-content\/uploads\/2017\/08\/Logo_TecnoSuisse_627x627.png","contentUrl":"https:\/\/www.tecnosuissesa.com\/wp-content\/uploads\/2017\/08\/Logo_TecnoSuisse_627x627.png","width":627,"height":627,"caption":"Tecnosuisse"},"image":{"@id":"https:\/\/www.tecnosuissesa.com\/it\/#\/schema\/logo\/image\/"},"sameAs":["https:\/\/www.facebook.com\/tecnosuisse\/","https:\/\/www.youtube.com\/channel\/UCSoxFNkw8ZiE4jP9OY8AdFg"]}]}},"_links":{"self":[{"href":"https:\/\/www.tecnosuissesa.com\/de\/wp-json\/wp\/v2\/product\/1107","targetHints":{"allow":["GET"]}}],"collection":[{"href":"https:\/\/www.tecnosuissesa.com\/de\/wp-json\/wp\/v2\/product"}],"about":[{"href":"https:\/\/www.tecnosuissesa.com\/de\/wp-json\/wp\/v2\/types\/product"}],"replies":[{"embeddable":true,"href":"https:\/\/www.tecnosuissesa.com\/de\/wp-json\/wp\/v2\/comments?post=1107"}],"wp:featuredmedia":[{"embeddable":true,"href":"https:\/\/www.tecnosuissesa.com\/de\/wp-json\/wp\/v2\/media\/1099"}],"wp:attachment":[{"href":"https:\/\/www.tecnosuissesa.com\/de\/wp-json\/wp\/v2\/media?parent=1107"}],"wp:term":[{"taxonomy":"product_brand","embeddable":true,"href":"https:\/\/www.tecnosuissesa.com\/de\/wp-json\/wp\/v2\/product_brand?post=1107"},{"taxonomy":"product_cat","embeddable":true,"href":"https:\/\/www.tecnosuissesa.com\/de\/wp-json\/wp\/v2\/product_cat?post=1107"},{"taxonomy":"product_tag","embeddable":true,"href":"https:\/\/www.tecnosuissesa.com\/de\/wp-json\/wp\/v2\/product_tag?post=1107"}],"curies":[{"name":"wp","href":"https:\/\/api.w.org\/{rel}","templated":true}]}}