{"id":1095,"date":"2017-09-26T15:32:27","date_gmt":"2017-09-26T13:32:27","guid":{"rendered":"https:\/\/www.tecnosuissesa.com\/product\/drehbank-frasmaschine-bohrmaschine-fur-metalle-master-750-3l\/"},"modified":"2017-09-26T15:47:32","modified_gmt":"2017-09-26T13:47:32","slug":"drehbank-frasmaschine-bohrmaschine-fur-metalle-master-750-3l","status":"publish","type":"product","link":"https:\/\/www.tecnosuissesa.com\/de\/product\/drehbank-frasmaschine-bohrmaschine-fur-metalle-master-750-3l\/","title":{"rendered":"Drehbank Fr\u00e4smaschine Bohrmaschine f\u00fcr Metalle Master 750 3L"},"content":{"rendered":"<p><span lang=\"de\" xml:lang=\"de\">Sie ist die gr\u00f6sste der AT520 Baureihe, da der Abstand zwischen den Spitzen gut 750 mm betr\u00e4gt. So wie die AT520 erweist sich auch diese Kombination aus Drehmaschine und Fr\u00e4smaschine als sehr robust und pr\u00e4zise.<span class=\"apple-converted-space\"><br \/>\n<\/span>Sie ist mit einem automatischen L\u00e4ngs- und Querschub ausgestattet. Sie ist mit zwei leistungsstarken, unabh\u00e4ngigen einphasigen 750W-Motoren ausgestattet, die jeweils die Drehmaschine und die Fr\u00e4smaschine antreiben. Die Maschine wird bereits in der Standardausf\u00fchrung mit dem Unterbau, 2 L\u00fcnetten, 2 Reitst\u00f6cken mit fester Kegelaufnahme, dem gesamten Zahnr\u00e4dersatz zum Gewindeschneiden, dem 3-Backenfutter f\u00fcr die Drehbank und der Fr\u00e4sspindel geliefert.<\/span><\/p>\n<table>\n<tbody>\n<tr>\n<td colspan=\"2\"><strong>TECHNISCHE DATEN<\/strong><\/td>\n<\/tr>\n<tr>\n<td colspan=\"2\"><strong>PLATZBEDARF DER MASCHINE<\/strong><\/td>\n<\/tr>\n<tr>\n<td>Abmessungen mit Unterbau<\/td>\n<td>1500 mm (L\u00e4nge) x 500 mm (Breite) x 1680 mm (H\u00f6he)<\/td>\n<\/tr>\n<tr>\n<td>Ohne Basis<\/td>\n<td>1450 mm (L\u00e4nge) x 500 mm (Breite) x 900 mm (H\u00f6he)<\/td>\n<\/tr>\n<tr>\n<td>Nettogewicht der Maschine<\/td>\n<td>275 kg<\/td>\n<\/tr>\n<tr>\n<td colspan=\"2\"><strong>SPEZIFIKATIONEN DER DREHMASCHINE<\/strong><\/td>\n<\/tr>\n<tr>\n<td>Abstand zwischen den Spitzen<\/td>\n<td>750 mm<\/td>\n<\/tr>\n<tr>\n<td>H\u00f6he der Spitzen<\/td>\n<td>155 mm<\/td>\n<\/tr>\n<tr>\n<td>Max. Durchmesser des auf der Bank zu verarbeitenden Werkst\u00fccks<\/td>\n<td>300 mm<\/td>\n<\/tr>\n<tr>\n<td>Durchmesser Standardspindel<\/td>\n<td>130 mm<\/td>\n<\/tr>\n<tr>\n<td>Durchmesser der durchf\u00fchrenden Schiene<\/td>\n<td>26 mm<\/td>\n<\/tr>\n<tr>\n<td>Geschwindigkeit der Spindel<\/td>\n<td>160 bis 1600 U\/Min<\/td>\n<\/tr>\n<tr>\n<td>Metrische Gewinde<\/td>\n<td>0,5 mm bis 3 mm<\/td>\n<\/tr>\n<tr>\n<td>Zollgewinde<\/td>\n<td>11 bis 40 Gewinde pro Zoll<\/td>\n<\/tr>\n<tr>\n<td>L\u00e4ngshub des Schlitten<\/td>\n<td>570 mm<\/td>\n<\/tr>\n<tr>\n<td>Querhub des Schlittens<\/td>\n<td>220 mm<\/td>\n<\/tr>\n<tr>\n<td>Kegel des Reitstocks<\/td>\n<td>MT3<\/td>\n<\/tr>\n<tr>\n<td>Kegel der Spindel<\/td>\n<td>MT4<\/td>\n<\/tr>\n<tr>\n<td>Motorleistung<\/td>\n<td>750 W<\/td>\n<\/tr>\n<tr>\n<td>Motortyp<\/td>\n<td>Einphasig (220 V)<\/td>\n<\/tr>\n<tr>\n<td colspan=\"2\"><strong>FR\u00c4SMASCHINE<\/strong><\/td>\n<\/tr>\n<tr>\n<td>Kegel der Fr\u00e4swelle<\/td>\n<td>MT3<\/td>\n<\/tr>\n<tr>\n<td>Wellendurchmesser<\/td>\n<td>80 mm<\/td>\n<\/tr>\n<tr>\n<td>Fr\u00e4sgeschwindigkeit<\/td>\n<td>125 bis 1600 U\/Min<\/td>\n<\/tr>\n<tr>\n<td>Winkeleinstellung des Fr\u00e4skopfs<\/td>\n<td>um 360 Grad drehbar<\/td>\n<\/tr>\n<tr>\n<td>Gr\u00f6\u00dfe des Fr\u00e4stischs<\/td>\n<td>425 mm x 150 mm<\/td>\n<\/tr>\n<tr>\n<td>Motorleistung<\/td>\n<td>750 W<\/td>\n<\/tr>\n<tr>\n<td>Motortyp<\/td>\n<td>Einphasig (220 V)<\/td>\n<\/tr>\n<tr>\n<td><strong>VORSCHUB DER TISCHE<\/strong><\/td>\n<td><\/td>\n<\/tr>\n<tr>\n<td>L\u00e4ngsvorschub<\/td>\n<td>Automatisch in beide Richtungen<\/td>\n<\/tr>\n<tr>\n<td>Querschub (Kreuztisch)<\/td>\n<td>Automatisch in beide Richtungen<\/td>\n<\/tr>\n<\/tbody>\n<\/table>\n","protected":false},"excerpt":{"rendered":"<p>Drehmaschine Fr\u00e4se und Bohrmaschine f\u00fcr Metalle Master 750 3L Abstand zwischen den Spitzen 750 mm, max. Drehdurchmesser 300 mm<\/p>\n","protected":false},"featured_media":1085,"comment_status":"open","ping_status":"closed","template":"","meta":[],"product_brand":[],"product_cat":[106],"product_tag":[],"class_list":{"0":"post-1095","1":"product","2":"type-product","3":"status-publish","4":"has-post-thumbnail","6":"product_cat-dreh-fraesmaschine","7":"product_shipping_class-classe-10-de","9":"first","10":"instock","11":"shipping-taxable","12":"purchasable","13":"product-type-simple"},"yoast_head":"<!-- This site is optimized with the Yoast SEO plugin v27.1 - https:\/\/yoast.com\/product\/yoast-seo-wordpress\/ -->\n<title>Drehbank Fr\u00e4smaschine Bohrmaschine f\u00fcr Metalle Master 750 3L - Tecnosuisse<\/title>\n<meta name=\"robots\" content=\"index, follow, max-snippet:-1, max-image-preview:large, max-video-preview:-1\" \/>\n<link rel=\"canonical\" href=\"https:\/\/www.tecnosuissesa.com\/de\/produkt\/drehbank-frasmaschine-bohrmaschine-fur-metalle-master-750-3l\/\" \/>\n<meta property=\"og:locale\" content=\"de_DE\" \/>\n<meta property=\"og:type\" content=\"article\" \/>\n<meta property=\"og:title\" content=\"Drehbank Fr\u00e4smaschine Bohrmaschine f\u00fcr Metalle Master 750 3L - Tecnosuisse\" \/>\n<meta property=\"og:description\" content=\"Drehmaschine Fr\u00e4se und Bohrmaschine f\u00fcr Metalle Master 750 3L Abstand zwischen den Spitzen 750 mm, max. Drehdurchmesser 300 mm\" \/>\n<meta property=\"og:url\" content=\"https:\/\/www.tecnosuissesa.com\/de\/produkt\/drehbank-frasmaschine-bohrmaschine-fur-metalle-master-750-3l\/\" \/>\n<meta property=\"og:site_name\" content=\"Tecnosuisse\" \/>\n<meta property=\"article:publisher\" content=\"https:\/\/www.facebook.com\/tecnosuisse\/\" \/>\n<meta property=\"article:modified_time\" content=\"2017-09-26T13:47:32+00:00\" \/>\n<meta property=\"og:image\" content=\"https:\/\/www.tecnosuissesa.com\/wp-content\/uploads\/2017\/09\/tornio-fresa-foratrice-per-metalli-master-750-3l-1-2.jpg\" \/>\n\t<meta property=\"og:image:width\" content=\"800\" \/>\n\t<meta property=\"og:image:height\" content=\"800\" \/>\n\t<meta property=\"og:image:type\" content=\"image\/jpeg\" \/>\n<meta name=\"twitter:card\" content=\"summary_large_image\" \/>\n<meta name=\"twitter:label1\" content=\"Gesch\u00e4tzte Lesezeit\" \/>\n\t<meta name=\"twitter:data1\" content=\"1\u00a0Minute\" \/>\n<script type=\"application\/ld+json\" class=\"yoast-schema-graph\">{\"@context\":\"https:\/\/schema.org\",\"@graph\":[{\"@type\":\"WebPage\",\"@id\":\"https:\/\/www.tecnosuissesa.com\/de\/produkt\/drehbank-frasmaschine-bohrmaschine-fur-metalle-master-750-3l\/\",\"url\":\"https:\/\/www.tecnosuissesa.com\/de\/produkt\/drehbank-frasmaschine-bohrmaschine-fur-metalle-master-750-3l\/\",\"name\":\"Drehbank Fr\u00e4smaschine Bohrmaschine f\u00fcr Metalle Master 750 3L - Tecnosuisse\",\"isPartOf\":{\"@id\":\"https:\/\/www.tecnosuissesa.com\/it\/#website\"},\"primaryImageOfPage\":{\"@id\":\"https:\/\/www.tecnosuissesa.com\/de\/produkt\/drehbank-frasmaschine-bohrmaschine-fur-metalle-master-750-3l\/#primaryimage\"},\"image\":{\"@id\":\"https:\/\/www.tecnosuissesa.com\/de\/produkt\/drehbank-frasmaschine-bohrmaschine-fur-metalle-master-750-3l\/#primaryimage\"},\"thumbnailUrl\":\"https:\/\/www.tecnosuissesa.com\/wp-content\/uploads\/2017\/09\/tornio-fresa-foratrice-per-metalli-master-750-3l-1-2.jpg\",\"datePublished\":\"2017-09-26T13:32:27+00:00\",\"dateModified\":\"2017-09-26T13:47:32+00:00\",\"breadcrumb\":{\"@id\":\"https:\/\/www.tecnosuissesa.com\/de\/produkt\/drehbank-frasmaschine-bohrmaschine-fur-metalle-master-750-3l\/#breadcrumb\"},\"inLanguage\":\"de\",\"potentialAction\":[{\"@type\":\"ReadAction\",\"target\":[\"https:\/\/www.tecnosuissesa.com\/de\/produkt\/drehbank-frasmaschine-bohrmaschine-fur-metalle-master-750-3l\/\"]}]},{\"@type\":\"ImageObject\",\"inLanguage\":\"de\",\"@id\":\"https:\/\/www.tecnosuissesa.com\/de\/produkt\/drehbank-frasmaschine-bohrmaschine-fur-metalle-master-750-3l\/#primaryimage\",\"url\":\"https:\/\/www.tecnosuissesa.com\/wp-content\/uploads\/2017\/09\/tornio-fresa-foratrice-per-metalli-master-750-3l-1-2.jpg\",\"contentUrl\":\"https:\/\/www.tecnosuissesa.com\/wp-content\/uploads\/2017\/09\/tornio-fresa-foratrice-per-metalli-master-750-3l-1-2.jpg\",\"width\":800,\"height\":800},{\"@type\":\"BreadcrumbList\",\"@id\":\"https:\/\/www.tecnosuissesa.com\/de\/produkt\/drehbank-frasmaschine-bohrmaschine-fur-metalle-master-750-3l\/#breadcrumb\",\"itemListElement\":[{\"@type\":\"ListItem\",\"position\":1,\"name\":\"Home\",\"item\":\"https:\/\/www.tecnosuissesa.com\/de\/\"},{\"@type\":\"ListItem\",\"position\":2,\"name\":\"Vendita di Macchine Utensili per Legno e per Metalli\",\"item\":\"https:\/\/www.tecnosuissesa.com\/it\/vendita-macchine-utensili\/\"},{\"@type\":\"ListItem\",\"position\":3,\"name\":\"Drehbank Fr\u00e4smaschine Bohrmaschine f\u00fcr Metalle Master 750 3L\"}]},{\"@type\":\"WebSite\",\"@id\":\"https:\/\/www.tecnosuissesa.com\/it\/#website\",\"url\":\"https:\/\/www.tecnosuissesa.com\/it\/\",\"name\":\"Tecnosuisse\",\"description\":\"Macchine Utensili per Legno e Metalli\",\"publisher\":{\"@id\":\"https:\/\/www.tecnosuissesa.com\/it\/#organization\"},\"potentialAction\":[{\"@type\":\"SearchAction\",\"target\":{\"@type\":\"EntryPoint\",\"urlTemplate\":\"https:\/\/www.tecnosuissesa.com\/it\/?s={search_term_string}\"},\"query-input\":{\"@type\":\"PropertyValueSpecification\",\"valueRequired\":true,\"valueName\":\"search_term_string\"}}],\"inLanguage\":\"de\"},{\"@type\":\"Organization\",\"@id\":\"https:\/\/www.tecnosuissesa.com\/it\/#organization\",\"name\":\"Tecnosuisse\",\"url\":\"https:\/\/www.tecnosuissesa.com\/it\/\",\"logo\":{\"@type\":\"ImageObject\",\"inLanguage\":\"de\",\"@id\":\"https:\/\/www.tecnosuissesa.com\/it\/#\/schema\/logo\/image\/\",\"url\":\"https:\/\/www.tecnosuissesa.com\/wp-content\/uploads\/2017\/08\/Logo_TecnoSuisse_627x627.png\",\"contentUrl\":\"https:\/\/www.tecnosuissesa.com\/wp-content\/uploads\/2017\/08\/Logo_TecnoSuisse_627x627.png\",\"width\":627,\"height\":627,\"caption\":\"Tecnosuisse\"},\"image\":{\"@id\":\"https:\/\/www.tecnosuissesa.com\/it\/#\/schema\/logo\/image\/\"},\"sameAs\":[\"https:\/\/www.facebook.com\/tecnosuisse\/\",\"https:\/\/www.youtube.com\/channel\/UCSoxFNkw8ZiE4jP9OY8AdFg\"]}]}<\/script>\n<!-- \/ Yoast SEO plugin. -->","yoast_head_json":{"title":"Drehbank Fr\u00e4smaschine Bohrmaschine f\u00fcr Metalle Master 750 3L - Tecnosuisse","robots":{"index":"index","follow":"follow","max-snippet":"max-snippet:-1","max-image-preview":"max-image-preview:large","max-video-preview":"max-video-preview:-1"},"canonical":"https:\/\/www.tecnosuissesa.com\/de\/produkt\/drehbank-frasmaschine-bohrmaschine-fur-metalle-master-750-3l\/","og_locale":"de_DE","og_type":"article","og_title":"Drehbank Fr\u00e4smaschine Bohrmaschine f\u00fcr Metalle Master 750 3L - Tecnosuisse","og_description":"Drehmaschine Fr\u00e4se und Bohrmaschine f\u00fcr Metalle Master 750 3L Abstand zwischen den Spitzen 750 mm, max. Drehdurchmesser 300 mm","og_url":"https:\/\/www.tecnosuissesa.com\/de\/produkt\/drehbank-frasmaschine-bohrmaschine-fur-metalle-master-750-3l\/","og_site_name":"Tecnosuisse","article_publisher":"https:\/\/www.facebook.com\/tecnosuisse\/","article_modified_time":"2017-09-26T13:47:32+00:00","og_image":[{"width":800,"height":800,"url":"https:\/\/www.tecnosuissesa.com\/wp-content\/uploads\/2017\/09\/tornio-fresa-foratrice-per-metalli-master-750-3l-1-2.jpg","type":"image\/jpeg"}],"twitter_card":"summary_large_image","twitter_misc":{"Gesch\u00e4tzte Lesezeit":"1\u00a0Minute"},"schema":{"@context":"https:\/\/schema.org","@graph":[{"@type":"WebPage","@id":"https:\/\/www.tecnosuissesa.com\/de\/produkt\/drehbank-frasmaschine-bohrmaschine-fur-metalle-master-750-3l\/","url":"https:\/\/www.tecnosuissesa.com\/de\/produkt\/drehbank-frasmaschine-bohrmaschine-fur-metalle-master-750-3l\/","name":"Drehbank Fr\u00e4smaschine Bohrmaschine f\u00fcr Metalle Master 750 3L - Tecnosuisse","isPartOf":{"@id":"https:\/\/www.tecnosuissesa.com\/it\/#website"},"primaryImageOfPage":{"@id":"https:\/\/www.tecnosuissesa.com\/de\/produkt\/drehbank-frasmaschine-bohrmaschine-fur-metalle-master-750-3l\/#primaryimage"},"image":{"@id":"https:\/\/www.tecnosuissesa.com\/de\/produkt\/drehbank-frasmaschine-bohrmaschine-fur-metalle-master-750-3l\/#primaryimage"},"thumbnailUrl":"https:\/\/www.tecnosuissesa.com\/wp-content\/uploads\/2017\/09\/tornio-fresa-foratrice-per-metalli-master-750-3l-1-2.jpg","datePublished":"2017-09-26T13:32:27+00:00","dateModified":"2017-09-26T13:47:32+00:00","breadcrumb":{"@id":"https:\/\/www.tecnosuissesa.com\/de\/produkt\/drehbank-frasmaschine-bohrmaschine-fur-metalle-master-750-3l\/#breadcrumb"},"inLanguage":"de","potentialAction":[{"@type":"ReadAction","target":["https:\/\/www.tecnosuissesa.com\/de\/produkt\/drehbank-frasmaschine-bohrmaschine-fur-metalle-master-750-3l\/"]}]},{"@type":"ImageObject","inLanguage":"de","@id":"https:\/\/www.tecnosuissesa.com\/de\/produkt\/drehbank-frasmaschine-bohrmaschine-fur-metalle-master-750-3l\/#primaryimage","url":"https:\/\/www.tecnosuissesa.com\/wp-content\/uploads\/2017\/09\/tornio-fresa-foratrice-per-metalli-master-750-3l-1-2.jpg","contentUrl":"https:\/\/www.tecnosuissesa.com\/wp-content\/uploads\/2017\/09\/tornio-fresa-foratrice-per-metalli-master-750-3l-1-2.jpg","width":800,"height":800},{"@type":"BreadcrumbList","@id":"https:\/\/www.tecnosuissesa.com\/de\/produkt\/drehbank-frasmaschine-bohrmaschine-fur-metalle-master-750-3l\/#breadcrumb","itemListElement":[{"@type":"ListItem","position":1,"name":"Home","item":"https:\/\/www.tecnosuissesa.com\/de\/"},{"@type":"ListItem","position":2,"name":"Vendita di Macchine Utensili per Legno e per Metalli","item":"https:\/\/www.tecnosuissesa.com\/it\/vendita-macchine-utensili\/"},{"@type":"ListItem","position":3,"name":"Drehbank Fr\u00e4smaschine Bohrmaschine f\u00fcr Metalle Master 750 3L"}]},{"@type":"WebSite","@id":"https:\/\/www.tecnosuissesa.com\/it\/#website","url":"https:\/\/www.tecnosuissesa.com\/it\/","name":"Tecnosuisse","description":"Macchine Utensili per Legno e Metalli","publisher":{"@id":"https:\/\/www.tecnosuissesa.com\/it\/#organization"},"potentialAction":[{"@type":"SearchAction","target":{"@type":"EntryPoint","urlTemplate":"https:\/\/www.tecnosuissesa.com\/it\/?s={search_term_string}"},"query-input":{"@type":"PropertyValueSpecification","valueRequired":true,"valueName":"search_term_string"}}],"inLanguage":"de"},{"@type":"Organization","@id":"https:\/\/www.tecnosuissesa.com\/it\/#organization","name":"Tecnosuisse","url":"https:\/\/www.tecnosuissesa.com\/it\/","logo":{"@type":"ImageObject","inLanguage":"de","@id":"https:\/\/www.tecnosuissesa.com\/it\/#\/schema\/logo\/image\/","url":"https:\/\/www.tecnosuissesa.com\/wp-content\/uploads\/2017\/08\/Logo_TecnoSuisse_627x627.png","contentUrl":"https:\/\/www.tecnosuissesa.com\/wp-content\/uploads\/2017\/08\/Logo_TecnoSuisse_627x627.png","width":627,"height":627,"caption":"Tecnosuisse"},"image":{"@id":"https:\/\/www.tecnosuissesa.com\/it\/#\/schema\/logo\/image\/"},"sameAs":["https:\/\/www.facebook.com\/tecnosuisse\/","https:\/\/www.youtube.com\/channel\/UCSoxFNkw8ZiE4jP9OY8AdFg"]}]}},"_links":{"self":[{"href":"https:\/\/www.tecnosuissesa.com\/de\/wp-json\/wp\/v2\/product\/1095","targetHints":{"allow":["GET"]}}],"collection":[{"href":"https:\/\/www.tecnosuissesa.com\/de\/wp-json\/wp\/v2\/product"}],"about":[{"href":"https:\/\/www.tecnosuissesa.com\/de\/wp-json\/wp\/v2\/types\/product"}],"replies":[{"embeddable":true,"href":"https:\/\/www.tecnosuissesa.com\/de\/wp-json\/wp\/v2\/comments?post=1095"}],"wp:featuredmedia":[{"embeddable":true,"href":"https:\/\/www.tecnosuissesa.com\/de\/wp-json\/wp\/v2\/media\/1085"}],"wp:attachment":[{"href":"https:\/\/www.tecnosuissesa.com\/de\/wp-json\/wp\/v2\/media?parent=1095"}],"wp:term":[{"taxonomy":"product_brand","embeddable":true,"href":"https:\/\/www.tecnosuissesa.com\/de\/wp-json\/wp\/v2\/product_brand?post=1095"},{"taxonomy":"product_cat","embeddable":true,"href":"https:\/\/www.tecnosuissesa.com\/de\/wp-json\/wp\/v2\/product_cat?post=1095"},{"taxonomy":"product_tag","embeddable":true,"href":"https:\/\/www.tecnosuissesa.com\/de\/wp-json\/wp\/v2\/product_tag?post=1095"}],"curies":[{"name":"wp","href":"https:\/\/api.w.org\/{rel}","templated":true}]}}