{"id":1055,"date":"2017-09-26T14:51:18","date_gmt":"2017-09-26T12:51:18","guid":{"rendered":"https:\/\/www.tecnosuissesa.com\/product\/dreh-fras-und-bohrmaschine-master-500-3l\/"},"modified":"2017-09-26T14:51:18","modified_gmt":"2017-09-26T12:51:18","slug":"dreh-fras-und-bohrmaschine-master-500-3l","status":"publish","type":"product","link":"https:\/\/www.tecnosuissesa.com\/de\/product\/dreh-fras-und-bohrmaschine-master-500-3l\/","title":{"rendered":"Dreh Fr\u00e4s und Bohrmaschine Master 500 3L"},"content":{"rendered":"<p>Dabei handelt es sich um eine sehr robuste und pr\u00e4zise Kombimaschine f\u00fcr die Metallbearbeitung. Da sie mit automatischem Vorschub ausgestattet ist, ist sie sowohl f\u00fcr das Gewindeschneiden als auch f\u00fcr das Fr\u00e4sen geeignet. Der Motor, der sowohl die Fr\u00e4smaschine als auch die Drehmaschine antreibt, ist ein \u00e4u\u00dferst leistungsstarker, einphasiger 750W-Motor. Die Maschine wird bereits in der Standardausf\u00fchrung mit dem Unterbau, 2 L\u00fcnetten, 2 Reitst\u00f6cken mit fester Kegelaufnahme, dem gesamten Zahnr\u00e4dersatz zum Gewindeschneiden, dem 3-Backenfutter f\u00fcr die Drehmaschine und der Fr\u00e4sspindel geliefert.<strong><br \/>\n<\/strong><\/p>\n<table>\n<tbody>\n<tr>\n<td colspan=\"2\"><strong>TECHNISCHE DATEN<\/strong><\/td>\n<\/tr>\n<tr>\n<td colspan=\"2\"><strong>PLATZBEDARF DER MASCHINE<\/strong><\/td>\n<\/tr>\n<tr>\n<td>Abmessungen mit Unterbau<\/td>\n<td>1150 mm (L) x 500 mm (B) x 1580 mm (H)<\/td>\n<\/tr>\n<tr>\n<td>Abmessungen ohne Unterbau<\/td>\n<td>1100 mm (L) x 500 mm (B) x 900 mm (H)<\/td>\n<\/tr>\n<tr>\n<td>Nettogewicht der Maschine<\/td>\n<td>275 kg<\/td>\n<\/tr>\n<tr>\n<td colspan=\"2\"><strong>SPEZIFIKATIONEN DER DREHMASCHINE<\/strong><\/td>\n<\/tr>\n<tr>\n<td>Abstand zwischen den Spitzen<\/td>\n<td>500 mm<\/td>\n<\/tr>\n<tr>\n<td>H\u00f6he der Spitzen<\/td>\n<td>155 mm<\/td>\n<\/tr>\n<tr>\n<td>Max. Durchmesser des auf der Bank zu verarbeitenden Werkst\u00fccks<\/td>\n<td>300 mm<\/td>\n<\/tr>\n<tr>\n<td>Durchmesser der durchf\u00fchrenden Schiene<\/td>\n<td>26 mm<\/td>\n<\/tr>\n<tr>\n<td>Durchmesser der (beigepackten) Spindel<\/td>\n<td>130 mm<\/td>\n<\/tr>\n<tr>\n<td>Geschwindigkeit der Spindel<\/td>\n<td>160 bis 1600 U\/Min<\/td>\n<\/tr>\n<tr>\n<td>Metrische Gewinde<\/td>\n<td>0,5 mm bis 3 mm<\/td>\n<\/tr>\n<tr>\n<td>Zollgewinde<\/td>\n<td>11 bis 40 Gewinde pro Zoll<\/td>\n<\/tr>\n<tr>\n<td>L\u00e4ngshub des Schlittens<\/td>\n<td>170 mm<\/td>\n<\/tr>\n<tr>\n<td>Querhub des Schlittens<\/td>\n<td>75 mm<\/td>\n<\/tr>\n<tr>\n<td>Kegel des Reitstocks<\/td>\n<td>MT3<\/td>\n<\/tr>\n<tr>\n<td>Kegel der Spindel<\/td>\n<td>MT4<\/td>\n<\/tr>\n<tr>\n<td colspan=\"2\"><strong>FR\u00c4SMASCHINE<\/strong><\/td>\n<\/tr>\n<tr>\n<td>Konus der Fr\u00e4sewelle<\/td>\n<td>MT3<\/td>\n<\/tr>\n<tr>\n<td>Wellendurchmesser<\/td>\n<td>80 mm<\/td>\n<\/tr>\n<tr>\n<td>Fr\u00e4sgeschwindigkeit<\/td>\n<td>125 bis 1600 U\/Min<\/td>\n<\/tr>\n<tr>\n<td>Winkeleinstellung des Fr\u00e4skopfs<\/td>\n<td>um 360 Grad drehbar<\/td>\n<\/tr>\n<tr>\n<td>Gr\u00f6\u00dfe des Fr\u00e4stischs<\/td>\n<td>200 mm x 150 mm<\/td>\n<\/tr>\n<tr>\n<td colspan=\"2\"><strong>MOTOR<\/strong><\/td>\n<\/tr>\n<tr>\n<td>Leistung<\/td>\n<td>750 W<\/td>\n<\/tr>\n<tr>\n<td>Typ<\/td>\n<td>Einphasig (220 V)<\/td>\n<\/tr>\n<\/tbody>\n<\/table>\n","protected":false},"excerpt":{"rendered":"<p>Dreh Fr\u00e4se und Bohrmaschine f\u00fcr Metall, Abstand zwischen den Spitzen 520 mm, max. Drehdurchmesser 300 mm<\/p>\n","protected":false},"featured_media":1996,"comment_status":"open","ping_status":"closed","template":"","meta":[],"product_brand":[],"product_cat":[106],"product_tag":[],"class_list":{"0":"post-1055","1":"product","2":"type-product","3":"status-publish","4":"has-post-thumbnail","6":"product_cat-dreh-fraesmaschine","7":"product_shipping_class-classe-10-de","9":"first","10":"instock","11":"shipping-taxable","12":"purchasable","13":"product-type-simple"},"yoast_head":"<!-- This site is optimized with the Yoast SEO plugin v27.1 - https:\/\/yoast.com\/product\/yoast-seo-wordpress\/ -->\n<title>Dreh Fr\u00e4s und Bohrmaschine Master 500 3L - Tecnosuisse<\/title>\n<meta name=\"robots\" content=\"index, follow, max-snippet:-1, max-image-preview:large, max-video-preview:-1\" \/>\n<link rel=\"canonical\" href=\"https:\/\/www.tecnosuissesa.com\/de\/produkt\/dreh-fras-und-bohrmaschine-master-500-3l\/\" \/>\n<meta property=\"og:locale\" content=\"de_DE\" \/>\n<meta property=\"og:type\" content=\"article\" \/>\n<meta property=\"og:title\" content=\"Dreh Fr\u00e4s und Bohrmaschine Master 500 3L - Tecnosuisse\" \/>\n<meta property=\"og:description\" content=\"Dreh Fr\u00e4se und Bohrmaschine f\u00fcr Metall, Abstand zwischen den Spitzen 520 mm, max. Drehdurchmesser 300 mm\" \/>\n<meta property=\"og:url\" content=\"https:\/\/www.tecnosuissesa.com\/de\/produkt\/dreh-fras-und-bohrmaschine-master-500-3l\/\" \/>\n<meta property=\"og:site_name\" content=\"Tecnosuisse\" \/>\n<meta property=\"article:publisher\" content=\"https:\/\/www.facebook.com\/tecnosuisse\/\" \/>\n<meta property=\"og:image\" content=\"https:\/\/www.tecnosuissesa.com\/wp-content\/uploads\/2017\/09\/Tornio-Fresatrice-Master-500-3L.jpg\" \/>\n\t<meta property=\"og:image:width\" content=\"1200\" \/>\n\t<meta property=\"og:image:height\" content=\"900\" \/>\n\t<meta property=\"og:image:type\" content=\"image\/jpeg\" \/>\n<meta name=\"twitter:card\" content=\"summary_large_image\" \/>\n<meta name=\"twitter:label1\" content=\"Gesch\u00e4tzte Lesezeit\" \/>\n\t<meta name=\"twitter:data1\" content=\"1\u00a0Minute\" \/>\n<script type=\"application\/ld+json\" class=\"yoast-schema-graph\">{\"@context\":\"https:\/\/schema.org\",\"@graph\":[{\"@type\":\"WebPage\",\"@id\":\"https:\/\/www.tecnosuissesa.com\/de\/produkt\/dreh-fras-und-bohrmaschine-master-500-3l\/\",\"url\":\"https:\/\/www.tecnosuissesa.com\/de\/produkt\/dreh-fras-und-bohrmaschine-master-500-3l\/\",\"name\":\"Dreh Fr\u00e4s und Bohrmaschine Master 500 3L - Tecnosuisse\",\"isPartOf\":{\"@id\":\"https:\/\/www.tecnosuissesa.com\/it\/#website\"},\"primaryImageOfPage\":{\"@id\":\"https:\/\/www.tecnosuissesa.com\/de\/produkt\/dreh-fras-und-bohrmaschine-master-500-3l\/#primaryimage\"},\"image\":{\"@id\":\"https:\/\/www.tecnosuissesa.com\/de\/produkt\/dreh-fras-und-bohrmaschine-master-500-3l\/#primaryimage\"},\"thumbnailUrl\":\"https:\/\/www.tecnosuissesa.com\/wp-content\/uploads\/2017\/09\/Tornio-Fresatrice-Master-500-3L.jpg\",\"datePublished\":\"2017-09-26T12:51:18+00:00\",\"breadcrumb\":{\"@id\":\"https:\/\/www.tecnosuissesa.com\/de\/produkt\/dreh-fras-und-bohrmaschine-master-500-3l\/#breadcrumb\"},\"inLanguage\":\"de\",\"potentialAction\":[{\"@type\":\"ReadAction\",\"target\":[\"https:\/\/www.tecnosuissesa.com\/de\/produkt\/dreh-fras-und-bohrmaschine-master-500-3l\/\"]}]},{\"@type\":\"ImageObject\",\"inLanguage\":\"de\",\"@id\":\"https:\/\/www.tecnosuissesa.com\/de\/produkt\/dreh-fras-und-bohrmaschine-master-500-3l\/#primaryimage\",\"url\":\"https:\/\/www.tecnosuissesa.com\/wp-content\/uploads\/2017\/09\/Tornio-Fresatrice-Master-500-3L.jpg\",\"contentUrl\":\"https:\/\/www.tecnosuissesa.com\/wp-content\/uploads\/2017\/09\/Tornio-Fresatrice-Master-500-3L.jpg\",\"width\":1200,\"height\":900},{\"@type\":\"BreadcrumbList\",\"@id\":\"https:\/\/www.tecnosuissesa.com\/de\/produkt\/dreh-fras-und-bohrmaschine-master-500-3l\/#breadcrumb\",\"itemListElement\":[{\"@type\":\"ListItem\",\"position\":1,\"name\":\"Home\",\"item\":\"https:\/\/www.tecnosuissesa.com\/de\/\"},{\"@type\":\"ListItem\",\"position\":2,\"name\":\"Vendita di Macchine Utensili per Legno e per Metalli\",\"item\":\"https:\/\/www.tecnosuissesa.com\/it\/vendita-macchine-utensili\/\"},{\"@type\":\"ListItem\",\"position\":3,\"name\":\"Dreh Fr\u00e4s und Bohrmaschine Master 500 3L\"}]},{\"@type\":\"WebSite\",\"@id\":\"https:\/\/www.tecnosuissesa.com\/it\/#website\",\"url\":\"https:\/\/www.tecnosuissesa.com\/it\/\",\"name\":\"Tecnosuisse\",\"description\":\"Macchine Utensili per Legno e Metalli\",\"publisher\":{\"@id\":\"https:\/\/www.tecnosuissesa.com\/it\/#organization\"},\"potentialAction\":[{\"@type\":\"SearchAction\",\"target\":{\"@type\":\"EntryPoint\",\"urlTemplate\":\"https:\/\/www.tecnosuissesa.com\/it\/?s={search_term_string}\"},\"query-input\":{\"@type\":\"PropertyValueSpecification\",\"valueRequired\":true,\"valueName\":\"search_term_string\"}}],\"inLanguage\":\"de\"},{\"@type\":\"Organization\",\"@id\":\"https:\/\/www.tecnosuissesa.com\/it\/#organization\",\"name\":\"Tecnosuisse\",\"url\":\"https:\/\/www.tecnosuissesa.com\/it\/\",\"logo\":{\"@type\":\"ImageObject\",\"inLanguage\":\"de\",\"@id\":\"https:\/\/www.tecnosuissesa.com\/it\/#\/schema\/logo\/image\/\",\"url\":\"https:\/\/www.tecnosuissesa.com\/wp-content\/uploads\/2017\/08\/Logo_TecnoSuisse_627x627.png\",\"contentUrl\":\"https:\/\/www.tecnosuissesa.com\/wp-content\/uploads\/2017\/08\/Logo_TecnoSuisse_627x627.png\",\"width\":627,\"height\":627,\"caption\":\"Tecnosuisse\"},\"image\":{\"@id\":\"https:\/\/www.tecnosuissesa.com\/it\/#\/schema\/logo\/image\/\"},\"sameAs\":[\"https:\/\/www.facebook.com\/tecnosuisse\/\",\"https:\/\/www.youtube.com\/channel\/UCSoxFNkw8ZiE4jP9OY8AdFg\"]}]}<\/script>\n<!-- \/ Yoast SEO plugin. -->","yoast_head_json":{"title":"Dreh Fr\u00e4s und Bohrmaschine Master 500 3L - Tecnosuisse","robots":{"index":"index","follow":"follow","max-snippet":"max-snippet:-1","max-image-preview":"max-image-preview:large","max-video-preview":"max-video-preview:-1"},"canonical":"https:\/\/www.tecnosuissesa.com\/de\/produkt\/dreh-fras-und-bohrmaschine-master-500-3l\/","og_locale":"de_DE","og_type":"article","og_title":"Dreh Fr\u00e4s und Bohrmaschine Master 500 3L - Tecnosuisse","og_description":"Dreh Fr\u00e4se und Bohrmaschine f\u00fcr Metall, Abstand zwischen den Spitzen 520 mm, max. Drehdurchmesser 300 mm","og_url":"https:\/\/www.tecnosuissesa.com\/de\/produkt\/dreh-fras-und-bohrmaschine-master-500-3l\/","og_site_name":"Tecnosuisse","article_publisher":"https:\/\/www.facebook.com\/tecnosuisse\/","og_image":[{"width":1200,"height":900,"url":"https:\/\/www.tecnosuissesa.com\/wp-content\/uploads\/2017\/09\/Tornio-Fresatrice-Master-500-3L.jpg","type":"image\/jpeg"}],"twitter_card":"summary_large_image","twitter_misc":{"Gesch\u00e4tzte Lesezeit":"1\u00a0Minute"},"schema":{"@context":"https:\/\/schema.org","@graph":[{"@type":"WebPage","@id":"https:\/\/www.tecnosuissesa.com\/de\/produkt\/dreh-fras-und-bohrmaschine-master-500-3l\/","url":"https:\/\/www.tecnosuissesa.com\/de\/produkt\/dreh-fras-und-bohrmaschine-master-500-3l\/","name":"Dreh Fr\u00e4s und Bohrmaschine Master 500 3L - Tecnosuisse","isPartOf":{"@id":"https:\/\/www.tecnosuissesa.com\/it\/#website"},"primaryImageOfPage":{"@id":"https:\/\/www.tecnosuissesa.com\/de\/produkt\/dreh-fras-und-bohrmaschine-master-500-3l\/#primaryimage"},"image":{"@id":"https:\/\/www.tecnosuissesa.com\/de\/produkt\/dreh-fras-und-bohrmaschine-master-500-3l\/#primaryimage"},"thumbnailUrl":"https:\/\/www.tecnosuissesa.com\/wp-content\/uploads\/2017\/09\/Tornio-Fresatrice-Master-500-3L.jpg","datePublished":"2017-09-26T12:51:18+00:00","breadcrumb":{"@id":"https:\/\/www.tecnosuissesa.com\/de\/produkt\/dreh-fras-und-bohrmaschine-master-500-3l\/#breadcrumb"},"inLanguage":"de","potentialAction":[{"@type":"ReadAction","target":["https:\/\/www.tecnosuissesa.com\/de\/produkt\/dreh-fras-und-bohrmaschine-master-500-3l\/"]}]},{"@type":"ImageObject","inLanguage":"de","@id":"https:\/\/www.tecnosuissesa.com\/de\/produkt\/dreh-fras-und-bohrmaschine-master-500-3l\/#primaryimage","url":"https:\/\/www.tecnosuissesa.com\/wp-content\/uploads\/2017\/09\/Tornio-Fresatrice-Master-500-3L.jpg","contentUrl":"https:\/\/www.tecnosuissesa.com\/wp-content\/uploads\/2017\/09\/Tornio-Fresatrice-Master-500-3L.jpg","width":1200,"height":900},{"@type":"BreadcrumbList","@id":"https:\/\/www.tecnosuissesa.com\/de\/produkt\/dreh-fras-und-bohrmaschine-master-500-3l\/#breadcrumb","itemListElement":[{"@type":"ListItem","position":1,"name":"Home","item":"https:\/\/www.tecnosuissesa.com\/de\/"},{"@type":"ListItem","position":2,"name":"Vendita di Macchine Utensili per Legno e per Metalli","item":"https:\/\/www.tecnosuissesa.com\/it\/vendita-macchine-utensili\/"},{"@type":"ListItem","position":3,"name":"Dreh Fr\u00e4s und Bohrmaschine Master 500 3L"}]},{"@type":"WebSite","@id":"https:\/\/www.tecnosuissesa.com\/it\/#website","url":"https:\/\/www.tecnosuissesa.com\/it\/","name":"Tecnosuisse","description":"Macchine Utensili per Legno e Metalli","publisher":{"@id":"https:\/\/www.tecnosuissesa.com\/it\/#organization"},"potentialAction":[{"@type":"SearchAction","target":{"@type":"EntryPoint","urlTemplate":"https:\/\/www.tecnosuissesa.com\/it\/?s={search_term_string}"},"query-input":{"@type":"PropertyValueSpecification","valueRequired":true,"valueName":"search_term_string"}}],"inLanguage":"de"},{"@type":"Organization","@id":"https:\/\/www.tecnosuissesa.com\/it\/#organization","name":"Tecnosuisse","url":"https:\/\/www.tecnosuissesa.com\/it\/","logo":{"@type":"ImageObject","inLanguage":"de","@id":"https:\/\/www.tecnosuissesa.com\/it\/#\/schema\/logo\/image\/","url":"https:\/\/www.tecnosuissesa.com\/wp-content\/uploads\/2017\/08\/Logo_TecnoSuisse_627x627.png","contentUrl":"https:\/\/www.tecnosuissesa.com\/wp-content\/uploads\/2017\/08\/Logo_TecnoSuisse_627x627.png","width":627,"height":627,"caption":"Tecnosuisse"},"image":{"@id":"https:\/\/www.tecnosuissesa.com\/it\/#\/schema\/logo\/image\/"},"sameAs":["https:\/\/www.facebook.com\/tecnosuisse\/","https:\/\/www.youtube.com\/channel\/UCSoxFNkw8ZiE4jP9OY8AdFg"]}]}},"_links":{"self":[{"href":"https:\/\/www.tecnosuissesa.com\/de\/wp-json\/wp\/v2\/product\/1055","targetHints":{"allow":["GET"]}}],"collection":[{"href":"https:\/\/www.tecnosuissesa.com\/de\/wp-json\/wp\/v2\/product"}],"about":[{"href":"https:\/\/www.tecnosuissesa.com\/de\/wp-json\/wp\/v2\/types\/product"}],"replies":[{"embeddable":true,"href":"https:\/\/www.tecnosuissesa.com\/de\/wp-json\/wp\/v2\/comments?post=1055"}],"wp:featuredmedia":[{"embeddable":true,"href":"https:\/\/www.tecnosuissesa.com\/de\/wp-json\/wp\/v2\/media\/1996"}],"wp:attachment":[{"href":"https:\/\/www.tecnosuissesa.com\/de\/wp-json\/wp\/v2\/media?parent=1055"}],"wp:term":[{"taxonomy":"product_brand","embeddable":true,"href":"https:\/\/www.tecnosuissesa.com\/de\/wp-json\/wp\/v2\/product_brand?post=1055"},{"taxonomy":"product_cat","embeddable":true,"href":"https:\/\/www.tecnosuissesa.com\/de\/wp-json\/wp\/v2\/product_cat?post=1055"},{"taxonomy":"product_tag","embeddable":true,"href":"https:\/\/www.tecnosuissesa.com\/de\/wp-json\/wp\/v2\/product_tag?post=1055"}],"curies":[{"name":"wp","href":"https:\/\/api.w.org\/{rel}","templated":true}]}}