{"id":1034,"date":"2017-09-26T14:20:11","date_gmt":"2017-09-26T12:20:11","guid":{"rendered":"https:\/\/www.tecnosuissesa.com\/product\/frasmaschine-fur-metall-orion-4-5-digit\/"},"modified":"2017-09-26T14:20:11","modified_gmt":"2017-09-26T12:20:11","slug":"frasmaschine-fur-metall-orion-4-5-digit","status":"publish","type":"product","link":"https:\/\/www.tecnosuissesa.com\/de\/product\/frasmaschine-fur-metall-orion-4-5-digit\/","title":{"rendered":"Fr\u00e4smaschine f\u00fcr Metall Orion 4.5 Digit"},"content":{"rendered":"<p>Eine professionelle Fr\u00e4smaschine mit DRO 3-Achs- Digitalanzeige und K\u00fchlpumpe f\u00fcr jede Metall-typ. Diese halbprofessionelle Fr\u00e4smaschine mit DRO 3-Achs- Digitalanzeige und K\u00fchlpumpe ist optimal f\u00fcr das Fr\u00e4sen von jeder Art von Metallen geeignet.\u00a0Das Verstellen des Kreuztischs erfolgt manuell durch die an den Enden positionierten Handr\u00e4der, die Drehgeschwindigkeiten der Fr\u00e4smaschine sind hingegen automatisch \u00fcber die obere Bedientafel w\u00e4hlbar. Dank dem zweckm\u00e4\u00dfigen Zubeh\u00f6r f\u00fcr die automatische Steuerung des Tisches, das getrennt von der Maschine erh\u00e4ltlich ist, verwandelt sich die Fr\u00e4smaschine von einer manuellen zu einer automatischen Maschine. Die Maschine ist mit einem leistungsstarken einphasigen 1500W- Motor und mit Schwalbenschwanzf\u00fchrungen ausgestattet, die extrem pr\u00e4zise Bewegungen auch bei betr\u00e4chtlichen Lasten erm\u00f6glichen. Gegen einen kleinen Preisaufschlag kann die Maschine auch mit der dreiphasigen Ausf\u00fchrung ausgestattet werden.<\/p>\n<table class=\"table table-striped\" border=\"1\" width=\"100%\" cellspacing=\"0\" cellpadding=\"0\">\n<tbody>\n<tr>\n<td colspan=\"2\" valign=\"top\">\n<div align=\"center\"><strong>TECHNISCHE DATEN<\/strong><\/div>\n<\/td>\n<\/tr>\n<tr>\n<td>Abmessungen mit Unterbau<\/td>\n<td>1160 mm (L\u00e4nge) x 900 mm (Breite) x 2050 mm (H\u00f6he)<\/td>\n<\/tr>\n<tr>\n<td>Abmessungen ohne Unterbau<\/td>\n<td>1160 mm (L\u00e4nge) x 900 mm (Breite) x 1500 mm (H\u00f6he)<\/td>\n<\/tr>\n<tr>\n<td>Nettogewicht der Maschine<\/td>\n<td>330 kg<\/td>\n<\/tr>\n<tr>\n<td colspan=\"2\"><strong>EIGENSCHAFTEN DER FR\u00c4SMASCHINE<\/strong><\/td>\n<\/tr>\n<tr>\n<td>Max. Durchbohrungsf\u00e4higkeit<\/td>\n<td>45 mm<\/td>\n<\/tr>\n<tr>\n<td>Max. Schaftfr\u00e4ser<\/td>\n<td>80 mm<\/td>\n<\/tr>\n<tr>\n<td>Max. Distanz zwischen Dorn und Arbeitstisch<\/td>\n<td>450 mm<\/td>\n<\/tr>\n<tr>\n<td>Max. Dornhub<\/td>\n<td>130 mm<\/td>\n<\/tr>\n<tr>\n<td>Dornanschluss<\/td>\n<td>MT4<\/td>\n<\/tr>\n<tr>\n<td>Abmessungen des Arbeitstisches<\/td>\n<td>800 x 240 mm<\/td>\n<\/tr>\n<tr>\n<td>L\u00e4ngshub des Arbeitstisches<\/td>\n<td>485 mm<\/td>\n<\/tr>\n<tr>\n<td>Querhub des Arbeitstisches<\/td>\n<td>240 mm<\/td>\n<\/tr>\n<tr>\n<td>Neigung des Fr\u00e4sekopfs<\/td>\n<td>+ &#8211; 90 Grad<\/td>\n<\/tr>\n<tr>\n<td>W\u00e4hlbare Geschwindigkeiten<\/td>\n<td>Nr. 12<\/td>\n<\/tr>\n<tr>\n<td>Dorngeschwindigkeit<\/td>\n<td>1250 zu 50Hz<\/td>\n<\/tr>\n<tr>\n<td colspan=\"2\"><strong>MOTOR FR\u00c4SMASCHINE<\/strong><\/td>\n<\/tr>\n<tr>\n<td>Leistung<\/td>\n<td>1500 W<\/td>\n<\/tr>\n<tr>\n<td>Typologie<\/td>\n<td>220 V (einphasig)<\/td>\n<\/tr>\n<tr>\n<td>Frequenz<\/td>\n<td>50 Hz<\/td>\n<\/tr>\n<tr>\n<td colspan=\"2\"><strong>TISCHENVORSCHUB<\/strong><\/td>\n<\/tr>\n<tr>\n<td>L\u00e4ngsvorschub<\/td>\n<td>manuell in beiden Richtungen<\/td>\n<\/tr>\n<tr>\n<td>Quervorschub (Kreuztisch)<\/td>\n<td>manuell in beiden Richtungen<\/td>\n<\/tr>\n<\/tbody>\n<\/table>\n<p><strong>MONTIERUNG DER FOLGENDE ZUBEH\u00d6RE:<\/strong><\/p>\n<table>\n<tbody>\n<tr>\n<td><strong>\u00a0<\/strong><\/td>\n<td><strong>Code<\/strong><\/td>\n<td><strong>Preis\/CHF<\/strong><\/td>\n<\/tr>\n<tr>\n<td>Zus\u00e4tzlich AUTOMATIC<\/td>\n<td>DMACTF380<\/td>\n<td><strong>CHF \u00a0 361.00<\/strong><\/td>\n<\/tr>\n<tr>\n<td>Zus\u00e4tzlich \u00a0K\u00dcHLPUMPE<\/td>\n<td>DMACTF220<\/td>\n<td><strong>CHF\u00a0\u00a0 173.00<\/strong><\/td>\n<\/tr>\n<\/tbody>\n<\/table>\n","protected":false},"excerpt":{"rendered":"<p>Fr\u00e4smaschine f\u00fcr die Metallbearbeitung mit 12 regulierbaren Geschwindigkeiten, DRO f\u00fcr digitale Anzeige, Motor 1500 W<\/p>\n","protected":false},"featured_media":1020,"comment_status":"open","ping_status":"closed","template":"","meta":[],"product_brand":[],"product_cat":[77],"product_tag":[],"class_list":{"0":"post-1034","1":"product","2":"type-product","3":"status-publish","4":"has-post-thumbnail","6":"product_cat-bohr-und-fraesmaschine-fuer-metallbearbeitung","7":"product_shipping_class-classe-10-de","9":"first","10":"instock","11":"shipping-taxable","12":"purchasable","13":"product-type-simple"},"yoast_head":"<!-- This site is optimized with the Yoast SEO plugin v27.1 - https:\/\/yoast.com\/product\/yoast-seo-wordpress\/ -->\n<title>Fr\u00e4smaschine f\u00fcr Metall Orion 4.5 Digit - Tecnosuisse<\/title>\n<meta name=\"robots\" content=\"index, follow, max-snippet:-1, max-image-preview:large, max-video-preview:-1\" \/>\n<link rel=\"canonical\" href=\"https:\/\/www.tecnosuissesa.com\/de\/produkt\/frasmaschine-fur-metall-orion-4-5-digit\/\" \/>\n<meta property=\"og:locale\" content=\"de_DE\" \/>\n<meta property=\"og:type\" content=\"article\" \/>\n<meta property=\"og:title\" content=\"Fr\u00e4smaschine f\u00fcr Metall Orion 4.5 Digit - Tecnosuisse\" \/>\n<meta property=\"og:description\" content=\"Fr\u00e4smaschine f\u00fcr die Metallbearbeitung mit 12 regulierbaren Geschwindigkeiten, DRO f\u00fcr digitale Anzeige, Motor 1500 W\" \/>\n<meta property=\"og:url\" content=\"https:\/\/www.tecnosuissesa.com\/de\/produkt\/frasmaschine-fur-metall-orion-4-5-digit\/\" \/>\n<meta property=\"og:site_name\" content=\"Tecnosuisse\" \/>\n<meta property=\"article:publisher\" content=\"https:\/\/www.facebook.com\/tecnosuisse\/\" \/>\n<meta property=\"og:image\" content=\"https:\/\/www.tecnosuissesa.com\/wp-content\/uploads\/2017\/09\/fronte.jpg\" \/>\n\t<meta property=\"og:image:width\" content=\"1024\" \/>\n\t<meta property=\"og:image:height\" content=\"768\" \/>\n\t<meta property=\"og:image:type\" content=\"image\/jpeg\" \/>\n<meta name=\"twitter:card\" content=\"summary_large_image\" \/>\n<meta name=\"twitter:label1\" content=\"Gesch\u00e4tzte Lesezeit\" \/>\n\t<meta name=\"twitter:data1\" content=\"1\u00a0Minute\" \/>\n<script type=\"application\/ld+json\" class=\"yoast-schema-graph\">{\"@context\":\"https:\/\/schema.org\",\"@graph\":[{\"@type\":\"WebPage\",\"@id\":\"https:\/\/www.tecnosuissesa.com\/de\/produkt\/frasmaschine-fur-metall-orion-4-5-digit\/\",\"url\":\"https:\/\/www.tecnosuissesa.com\/de\/produkt\/frasmaschine-fur-metall-orion-4-5-digit\/\",\"name\":\"Fr\u00e4smaschine f\u00fcr Metall Orion 4.5 Digit - Tecnosuisse\",\"isPartOf\":{\"@id\":\"https:\/\/www.tecnosuissesa.com\/it\/#website\"},\"primaryImageOfPage\":{\"@id\":\"https:\/\/www.tecnosuissesa.com\/de\/produkt\/frasmaschine-fur-metall-orion-4-5-digit\/#primaryimage\"},\"image\":{\"@id\":\"https:\/\/www.tecnosuissesa.com\/de\/produkt\/frasmaschine-fur-metall-orion-4-5-digit\/#primaryimage\"},\"thumbnailUrl\":\"https:\/\/www.tecnosuissesa.com\/wp-content\/uploads\/2017\/09\/fronte.jpg\",\"datePublished\":\"2017-09-26T12:20:11+00:00\",\"breadcrumb\":{\"@id\":\"https:\/\/www.tecnosuissesa.com\/de\/produkt\/frasmaschine-fur-metall-orion-4-5-digit\/#breadcrumb\"},\"inLanguage\":\"de\",\"potentialAction\":[{\"@type\":\"ReadAction\",\"target\":[\"https:\/\/www.tecnosuissesa.com\/de\/produkt\/frasmaschine-fur-metall-orion-4-5-digit\/\"]}]},{\"@type\":\"ImageObject\",\"inLanguage\":\"de\",\"@id\":\"https:\/\/www.tecnosuissesa.com\/de\/produkt\/frasmaschine-fur-metall-orion-4-5-digit\/#primaryimage\",\"url\":\"https:\/\/www.tecnosuissesa.com\/wp-content\/uploads\/2017\/09\/fronte.jpg\",\"contentUrl\":\"https:\/\/www.tecnosuissesa.com\/wp-content\/uploads\/2017\/09\/fronte.jpg\",\"width\":1024,\"height\":768},{\"@type\":\"BreadcrumbList\",\"@id\":\"https:\/\/www.tecnosuissesa.com\/de\/produkt\/frasmaschine-fur-metall-orion-4-5-digit\/#breadcrumb\",\"itemListElement\":[{\"@type\":\"ListItem\",\"position\":1,\"name\":\"Home\",\"item\":\"https:\/\/www.tecnosuissesa.com\/de\/\"},{\"@type\":\"ListItem\",\"position\":2,\"name\":\"Vendita di Macchine Utensili per Legno e per Metalli\",\"item\":\"https:\/\/www.tecnosuissesa.com\/it\/vendita-macchine-utensili\/\"},{\"@type\":\"ListItem\",\"position\":3,\"name\":\"Fr\u00e4smaschine f\u00fcr Metall Orion 4.5 Digit\"}]},{\"@type\":\"WebSite\",\"@id\":\"https:\/\/www.tecnosuissesa.com\/it\/#website\",\"url\":\"https:\/\/www.tecnosuissesa.com\/it\/\",\"name\":\"Tecnosuisse\",\"description\":\"Macchine Utensili per Legno e Metalli\",\"publisher\":{\"@id\":\"https:\/\/www.tecnosuissesa.com\/it\/#organization\"},\"potentialAction\":[{\"@type\":\"SearchAction\",\"target\":{\"@type\":\"EntryPoint\",\"urlTemplate\":\"https:\/\/www.tecnosuissesa.com\/it\/?s={search_term_string}\"},\"query-input\":{\"@type\":\"PropertyValueSpecification\",\"valueRequired\":true,\"valueName\":\"search_term_string\"}}],\"inLanguage\":\"de\"},{\"@type\":\"Organization\",\"@id\":\"https:\/\/www.tecnosuissesa.com\/it\/#organization\",\"name\":\"Tecnosuisse\",\"url\":\"https:\/\/www.tecnosuissesa.com\/it\/\",\"logo\":{\"@type\":\"ImageObject\",\"inLanguage\":\"de\",\"@id\":\"https:\/\/www.tecnosuissesa.com\/it\/#\/schema\/logo\/image\/\",\"url\":\"https:\/\/www.tecnosuissesa.com\/wp-content\/uploads\/2017\/08\/Logo_TecnoSuisse_627x627.png\",\"contentUrl\":\"https:\/\/www.tecnosuissesa.com\/wp-content\/uploads\/2017\/08\/Logo_TecnoSuisse_627x627.png\",\"width\":627,\"height\":627,\"caption\":\"Tecnosuisse\"},\"image\":{\"@id\":\"https:\/\/www.tecnosuissesa.com\/it\/#\/schema\/logo\/image\/\"},\"sameAs\":[\"https:\/\/www.facebook.com\/tecnosuisse\/\",\"https:\/\/www.youtube.com\/channel\/UCSoxFNkw8ZiE4jP9OY8AdFg\"]}]}<\/script>\n<!-- \/ Yoast SEO plugin. -->","yoast_head_json":{"title":"Fr\u00e4smaschine f\u00fcr Metall Orion 4.5 Digit - Tecnosuisse","robots":{"index":"index","follow":"follow","max-snippet":"max-snippet:-1","max-image-preview":"max-image-preview:large","max-video-preview":"max-video-preview:-1"},"canonical":"https:\/\/www.tecnosuissesa.com\/de\/produkt\/frasmaschine-fur-metall-orion-4-5-digit\/","og_locale":"de_DE","og_type":"article","og_title":"Fr\u00e4smaschine f\u00fcr Metall Orion 4.5 Digit - Tecnosuisse","og_description":"Fr\u00e4smaschine f\u00fcr die Metallbearbeitung mit 12 regulierbaren Geschwindigkeiten, DRO f\u00fcr digitale Anzeige, Motor 1500 W","og_url":"https:\/\/www.tecnosuissesa.com\/de\/produkt\/frasmaschine-fur-metall-orion-4-5-digit\/","og_site_name":"Tecnosuisse","article_publisher":"https:\/\/www.facebook.com\/tecnosuisse\/","og_image":[{"width":1024,"height":768,"url":"https:\/\/www.tecnosuissesa.com\/wp-content\/uploads\/2017\/09\/fronte.jpg","type":"image\/jpeg"}],"twitter_card":"summary_large_image","twitter_misc":{"Gesch\u00e4tzte Lesezeit":"1\u00a0Minute"},"schema":{"@context":"https:\/\/schema.org","@graph":[{"@type":"WebPage","@id":"https:\/\/www.tecnosuissesa.com\/de\/produkt\/frasmaschine-fur-metall-orion-4-5-digit\/","url":"https:\/\/www.tecnosuissesa.com\/de\/produkt\/frasmaschine-fur-metall-orion-4-5-digit\/","name":"Fr\u00e4smaschine f\u00fcr Metall Orion 4.5 Digit - Tecnosuisse","isPartOf":{"@id":"https:\/\/www.tecnosuissesa.com\/it\/#website"},"primaryImageOfPage":{"@id":"https:\/\/www.tecnosuissesa.com\/de\/produkt\/frasmaschine-fur-metall-orion-4-5-digit\/#primaryimage"},"image":{"@id":"https:\/\/www.tecnosuissesa.com\/de\/produkt\/frasmaschine-fur-metall-orion-4-5-digit\/#primaryimage"},"thumbnailUrl":"https:\/\/www.tecnosuissesa.com\/wp-content\/uploads\/2017\/09\/fronte.jpg","datePublished":"2017-09-26T12:20:11+00:00","breadcrumb":{"@id":"https:\/\/www.tecnosuissesa.com\/de\/produkt\/frasmaschine-fur-metall-orion-4-5-digit\/#breadcrumb"},"inLanguage":"de","potentialAction":[{"@type":"ReadAction","target":["https:\/\/www.tecnosuissesa.com\/de\/produkt\/frasmaschine-fur-metall-orion-4-5-digit\/"]}]},{"@type":"ImageObject","inLanguage":"de","@id":"https:\/\/www.tecnosuissesa.com\/de\/produkt\/frasmaschine-fur-metall-orion-4-5-digit\/#primaryimage","url":"https:\/\/www.tecnosuissesa.com\/wp-content\/uploads\/2017\/09\/fronte.jpg","contentUrl":"https:\/\/www.tecnosuissesa.com\/wp-content\/uploads\/2017\/09\/fronte.jpg","width":1024,"height":768},{"@type":"BreadcrumbList","@id":"https:\/\/www.tecnosuissesa.com\/de\/produkt\/frasmaschine-fur-metall-orion-4-5-digit\/#breadcrumb","itemListElement":[{"@type":"ListItem","position":1,"name":"Home","item":"https:\/\/www.tecnosuissesa.com\/de\/"},{"@type":"ListItem","position":2,"name":"Vendita di Macchine Utensili per Legno e per Metalli","item":"https:\/\/www.tecnosuissesa.com\/it\/vendita-macchine-utensili\/"},{"@type":"ListItem","position":3,"name":"Fr\u00e4smaschine f\u00fcr Metall Orion 4.5 Digit"}]},{"@type":"WebSite","@id":"https:\/\/www.tecnosuissesa.com\/it\/#website","url":"https:\/\/www.tecnosuissesa.com\/it\/","name":"Tecnosuisse","description":"Macchine Utensili per Legno e Metalli","publisher":{"@id":"https:\/\/www.tecnosuissesa.com\/it\/#organization"},"potentialAction":[{"@type":"SearchAction","target":{"@type":"EntryPoint","urlTemplate":"https:\/\/www.tecnosuissesa.com\/it\/?s={search_term_string}"},"query-input":{"@type":"PropertyValueSpecification","valueRequired":true,"valueName":"search_term_string"}}],"inLanguage":"de"},{"@type":"Organization","@id":"https:\/\/www.tecnosuissesa.com\/it\/#organization","name":"Tecnosuisse","url":"https:\/\/www.tecnosuissesa.com\/it\/","logo":{"@type":"ImageObject","inLanguage":"de","@id":"https:\/\/www.tecnosuissesa.com\/it\/#\/schema\/logo\/image\/","url":"https:\/\/www.tecnosuissesa.com\/wp-content\/uploads\/2017\/08\/Logo_TecnoSuisse_627x627.png","contentUrl":"https:\/\/www.tecnosuissesa.com\/wp-content\/uploads\/2017\/08\/Logo_TecnoSuisse_627x627.png","width":627,"height":627,"caption":"Tecnosuisse"},"image":{"@id":"https:\/\/www.tecnosuissesa.com\/it\/#\/schema\/logo\/image\/"},"sameAs":["https:\/\/www.facebook.com\/tecnosuisse\/","https:\/\/www.youtube.com\/channel\/UCSoxFNkw8ZiE4jP9OY8AdFg"]}]}},"_links":{"self":[{"href":"https:\/\/www.tecnosuissesa.com\/de\/wp-json\/wp\/v2\/product\/1034","targetHints":{"allow":["GET"]}}],"collection":[{"href":"https:\/\/www.tecnosuissesa.com\/de\/wp-json\/wp\/v2\/product"}],"about":[{"href":"https:\/\/www.tecnosuissesa.com\/de\/wp-json\/wp\/v2\/types\/product"}],"replies":[{"embeddable":true,"href":"https:\/\/www.tecnosuissesa.com\/de\/wp-json\/wp\/v2\/comments?post=1034"}],"wp:featuredmedia":[{"embeddable":true,"href":"https:\/\/www.tecnosuissesa.com\/de\/wp-json\/wp\/v2\/media\/1020"}],"wp:attachment":[{"href":"https:\/\/www.tecnosuissesa.com\/de\/wp-json\/wp\/v2\/media?parent=1034"}],"wp:term":[{"taxonomy":"product_brand","embeddable":true,"href":"https:\/\/www.tecnosuissesa.com\/de\/wp-json\/wp\/v2\/product_brand?post=1034"},{"taxonomy":"product_cat","embeddable":true,"href":"https:\/\/www.tecnosuissesa.com\/de\/wp-json\/wp\/v2\/product_cat?post=1034"},{"taxonomy":"product_tag","embeddable":true,"href":"https:\/\/www.tecnosuissesa.com\/de\/wp-json\/wp\/v2\/product_tag?post=1034"}],"curies":[{"name":"wp","href":"https:\/\/api.w.org\/{rel}","templated":true}]}}