{"id":1000,"date":"2017-09-25T16:59:34","date_gmt":"2017-09-25T14:59:34","guid":{"rendered":"https:\/\/www.tecnosuissesa.com\/product\/frasmaschine-fur-metall-orion4-0-digit\/"},"modified":"2017-09-25T16:59:34","modified_gmt":"2017-09-25T14:59:34","slug":"frasmaschine-fur-metall-orion4-0-digit","status":"publish","type":"product","link":"https:\/\/www.tecnosuissesa.com\/de\/product\/frasmaschine-fur-metall-orion4-0-digit\/","title":{"rendered":"Fr\u00e4smaschine f\u00fcr Metall Orion4.0 Digit"},"content":{"rendered":"<p>Auch wenn sie nicht die gr\u00f6\u00dfte und leistungsst\u00e4rkste Fr\u00e4smaschine von Damatomacchine ist, ist sie sicher die meist verkaufte des gesamten Sortiments. Da sie serienm\u00e4\u00dfig bereits mit dem Unterbau, der K\u00fchlpumpe und der elektronischen Vorschubanzeige ausgestattet ist, ist diese Fr\u00e4smaschine eine professionelle und in allen Teilen komplette Werkzeugmaschine. Zus\u00e4tzlich kann die Grundausstattung auf Wunsch mit der automatischen Vorschubgruppe des Kreuztisches erg\u00e4nzt werden.<br \/>\nSerienm\u00e4\u00dfig wird die Maschine mit einem einphasigen Motor mit 1,1 KW\/50HZ verkauft. Gegen einen kleinen Aufpreis kann in der Bestellphase die Umr\u00fcstung auf einen dreiphasigen Motor oder auch auf 60 Hz erfolgen.<\/p>\n<table>\n<tbody>\n<tr>\n<td colspan=\"2\"><strong>TECHNISCHE DATEN<\/strong><\/td>\n<\/tr>\n<tr>\n<td colspan=\"2\"><strong>PLATZBEDARF DER MASCHINE<\/strong><\/td>\n<\/tr>\n<tr>\n<td>Abmessungen der Maschine mit Unterbau<\/td>\n<td>1160 mm (L) x 900 mm (B) x 2050 mm (H)<\/td>\n<\/tr>\n<tr>\n<td>Abmessungen der Maschine ohne Unterbau<\/td>\n<td>1160 mm (L) x 900 mm (B) x 1500 mm (H)<\/td>\n<\/tr>\n<tr>\n<td>Nettogewicht der Maschine<\/td>\n<td>330 kg<\/td>\n<\/tr>\n<tr>\n<td colspan=\"2\"><strong>SPEZIFIKATIONEN DER FR\u00c4SMASCHINE<\/strong><\/td>\n<\/tr>\n<tr>\n<td>Max. Bohrtiefe<\/td>\n<td>40 mm<\/td>\n<\/tr>\n<tr>\n<td>Max Leistung beim Stirnfr\u00e4sen<\/td>\n<td>80 mm<\/td>\n<\/tr>\n<tr>\n<td>Max. Abstand zwischen Spindel und Arbeitstisch<\/td>\n<td>330 mm<\/td>\n<\/tr>\n<tr>\n<td>Max. Spindelhub<\/td>\n<td>130 mm<\/td>\n<\/tr>\n<tr>\n<td>Spindelaufnahme<\/td>\n<td>MT4<\/td>\n<\/tr>\n<tr>\n<td>Gr\u00f6\u00dfe des Arbeitstischs<\/td>\n<td>800 x 240 mm<\/td>\n<\/tr>\n<tr>\n<td>L\u00e4ngshub des Arbeitstisches<\/td>\n<td>500 mm<\/td>\n<\/tr>\n<tr>\n<td>Querhub des Arbeitstisches<\/td>\n<td>175 mm<\/td>\n<\/tr>\n<tr>\n<td>Neigung des Fr\u00e4skopfs<\/td>\n<td>+- 90 Grad<\/td>\n<\/tr>\n<tr>\n<td>Einstellbare Geschwindigkeiten<\/td>\n<td>12<\/td>\n<\/tr>\n<tr>\n<td>Geschwindigkeit der Spindel<\/td>\n<td>1250 bei 50Hz (Italien) und 1500 bei 60Hz (Ausland)<\/td>\n<\/tr>\n<tr>\n<td colspan=\"2\"><strong>MOTOR BEI SERIENAUSSTATTUNG<\/strong><\/td>\n<\/tr>\n<tr>\n<td>Leistung<\/td>\n<td>1.100 W<\/td>\n<\/tr>\n<tr>\n<td>Typ<\/td>\n<td>220 V (einphasig)<\/td>\n<\/tr>\n<tr>\n<td>Frequenz<\/td>\n<td>50 Hz<\/td>\n<\/tr>\n<tr>\n<td colspan=\"2\"><strong>VORSCHUB DER TISCHE<\/strong><\/td>\n<\/tr>\n<tr>\n<td>L\u00e4ngsvorschub<\/td>\n<td>Manuell in beiden Richtungen<\/td>\n<\/tr>\n<tr>\n<td>Quervorschub (Kreuztisch)<\/td>\n<td>Manuell in beiden Richtungen<\/td>\n<\/tr>\n<\/tbody>\n<\/table>\n<p><strong>MONTIERUNG DER FOLGENDE ZUBEH\u00d6RE:<\/strong><\/p>\n<table>\n<tbody>\n<tr>\n<td><strong>\u00a0<\/strong><\/td>\n<td><strong>Code<\/strong><\/td>\n<td><strong>Preis\/CHF<\/strong><\/td>\n<\/tr>\n<tr>\n<td>Zus\u00e4tzlich AUTOMATIC<\/td>\n<td>DMACTF380<\/td>\n<td><strong>CHF \u00a0 361.00<\/strong><\/td>\n<\/tr>\n<tr>\n<td>Zus\u00e4tzlich \u00a0K\u00dcHLPUMPE<\/td>\n<td>DMACTF220<\/td>\n<td><strong>CHF \u00a0 173.00<\/strong><\/td>\n<\/tr>\n<\/tbody>\n<\/table>\n","protected":false},"excerpt":{"rendered":"<p>Metallf\u00e4se mit variabler Geschwindigkeit und Kreuztisch 800&#215;240 mm und digitaler Anzeige<\/p>\n","protected":false},"featured_media":986,"comment_status":"open","ping_status":"closed","template":"","meta":[],"product_brand":[],"product_cat":[77],"product_tag":[],"class_list":{"0":"post-1000","1":"product","2":"type-product","3":"status-publish","4":"has-post-thumbnail","6":"product_cat-bohr-und-fraesmaschine-fuer-metallbearbeitung","7":"product_shipping_class-classe-10-de","9":"first","10":"instock","11":"shipping-taxable","12":"purchasable","13":"product-type-simple"},"yoast_head":"<!-- This site is optimized with the Yoast SEO plugin v27.1 - https:\/\/yoast.com\/product\/yoast-seo-wordpress\/ -->\n<title>Fr\u00e4smaschine f\u00fcr Metall Orion4.0 Digit - Tecnosuisse<\/title>\n<meta name=\"robots\" content=\"index, follow, max-snippet:-1, max-image-preview:large, max-video-preview:-1\" \/>\n<link rel=\"canonical\" href=\"https:\/\/www.tecnosuissesa.com\/de\/produkt\/frasmaschine-fur-metall-orion4-0-digit\/\" \/>\n<meta property=\"og:locale\" content=\"de_DE\" \/>\n<meta property=\"og:type\" content=\"article\" \/>\n<meta property=\"og:title\" content=\"Fr\u00e4smaschine f\u00fcr Metall Orion4.0 Digit - Tecnosuisse\" \/>\n<meta property=\"og:description\" content=\"Metallf\u00e4se mit variabler Geschwindigkeit und Kreuztisch 800x240 mm und digitaler Anzeige\" \/>\n<meta property=\"og:url\" content=\"https:\/\/www.tecnosuissesa.com\/de\/produkt\/frasmaschine-fur-metall-orion4-0-digit\/\" \/>\n<meta property=\"og:site_name\" content=\"Tecnosuisse\" \/>\n<meta property=\"article:publisher\" content=\"https:\/\/www.facebook.com\/tecnosuisse\/\" \/>\n<meta property=\"og:image\" content=\"https:\/\/www.tecnosuissesa.com\/wp-content\/uploads\/2017\/09\/lato-1-digit.jpg\" \/>\n\t<meta property=\"og:image:width\" content=\"1024\" \/>\n\t<meta property=\"og:image:height\" content=\"768\" \/>\n\t<meta property=\"og:image:type\" content=\"image\/jpeg\" \/>\n<meta name=\"twitter:card\" content=\"summary_large_image\" \/>\n<meta name=\"twitter:label1\" content=\"Gesch\u00e4tzte Lesezeit\" \/>\n\t<meta name=\"twitter:data1\" content=\"1\u00a0Minute\" \/>\n<script type=\"application\/ld+json\" class=\"yoast-schema-graph\">{\"@context\":\"https:\/\/schema.org\",\"@graph\":[{\"@type\":\"WebPage\",\"@id\":\"https:\/\/www.tecnosuissesa.com\/de\/produkt\/frasmaschine-fur-metall-orion4-0-digit\/\",\"url\":\"https:\/\/www.tecnosuissesa.com\/de\/produkt\/frasmaschine-fur-metall-orion4-0-digit\/\",\"name\":\"Fr\u00e4smaschine f\u00fcr Metall Orion4.0 Digit - Tecnosuisse\",\"isPartOf\":{\"@id\":\"https:\/\/www.tecnosuissesa.com\/it\/#website\"},\"primaryImageOfPage\":{\"@id\":\"https:\/\/www.tecnosuissesa.com\/de\/produkt\/frasmaschine-fur-metall-orion4-0-digit\/#primaryimage\"},\"image\":{\"@id\":\"https:\/\/www.tecnosuissesa.com\/de\/produkt\/frasmaschine-fur-metall-orion4-0-digit\/#primaryimage\"},\"thumbnailUrl\":\"https:\/\/www.tecnosuissesa.com\/wp-content\/uploads\/2017\/09\/lato-1-digit.jpg\",\"datePublished\":\"2017-09-25T14:59:34+00:00\",\"breadcrumb\":{\"@id\":\"https:\/\/www.tecnosuissesa.com\/de\/produkt\/frasmaschine-fur-metall-orion4-0-digit\/#breadcrumb\"},\"inLanguage\":\"de\",\"potentialAction\":[{\"@type\":\"ReadAction\",\"target\":[\"https:\/\/www.tecnosuissesa.com\/de\/produkt\/frasmaschine-fur-metall-orion4-0-digit\/\"]}]},{\"@type\":\"ImageObject\",\"inLanguage\":\"de\",\"@id\":\"https:\/\/www.tecnosuissesa.com\/de\/produkt\/frasmaschine-fur-metall-orion4-0-digit\/#primaryimage\",\"url\":\"https:\/\/www.tecnosuissesa.com\/wp-content\/uploads\/2017\/09\/lato-1-digit.jpg\",\"contentUrl\":\"https:\/\/www.tecnosuissesa.com\/wp-content\/uploads\/2017\/09\/lato-1-digit.jpg\",\"width\":1024,\"height\":768},{\"@type\":\"BreadcrumbList\",\"@id\":\"https:\/\/www.tecnosuissesa.com\/de\/produkt\/frasmaschine-fur-metall-orion4-0-digit\/#breadcrumb\",\"itemListElement\":[{\"@type\":\"ListItem\",\"position\":1,\"name\":\"Home\",\"item\":\"https:\/\/www.tecnosuissesa.com\/de\/\"},{\"@type\":\"ListItem\",\"position\":2,\"name\":\"Vendita di Macchine Utensili per Legno e per Metalli\",\"item\":\"https:\/\/www.tecnosuissesa.com\/it\/vendita-macchine-utensili\/\"},{\"@type\":\"ListItem\",\"position\":3,\"name\":\"Fr\u00e4smaschine f\u00fcr Metall Orion4.0 Digit\"}]},{\"@type\":\"WebSite\",\"@id\":\"https:\/\/www.tecnosuissesa.com\/it\/#website\",\"url\":\"https:\/\/www.tecnosuissesa.com\/it\/\",\"name\":\"Tecnosuisse\",\"description\":\"Macchine Utensili per Legno e Metalli\",\"publisher\":{\"@id\":\"https:\/\/www.tecnosuissesa.com\/it\/#organization\"},\"potentialAction\":[{\"@type\":\"SearchAction\",\"target\":{\"@type\":\"EntryPoint\",\"urlTemplate\":\"https:\/\/www.tecnosuissesa.com\/it\/?s={search_term_string}\"},\"query-input\":{\"@type\":\"PropertyValueSpecification\",\"valueRequired\":true,\"valueName\":\"search_term_string\"}}],\"inLanguage\":\"de\"},{\"@type\":\"Organization\",\"@id\":\"https:\/\/www.tecnosuissesa.com\/it\/#organization\",\"name\":\"Tecnosuisse\",\"url\":\"https:\/\/www.tecnosuissesa.com\/it\/\",\"logo\":{\"@type\":\"ImageObject\",\"inLanguage\":\"de\",\"@id\":\"https:\/\/www.tecnosuissesa.com\/it\/#\/schema\/logo\/image\/\",\"url\":\"https:\/\/www.tecnosuissesa.com\/wp-content\/uploads\/2017\/08\/Logo_TecnoSuisse_627x627.png\",\"contentUrl\":\"https:\/\/www.tecnosuissesa.com\/wp-content\/uploads\/2017\/08\/Logo_TecnoSuisse_627x627.png\",\"width\":627,\"height\":627,\"caption\":\"Tecnosuisse\"},\"image\":{\"@id\":\"https:\/\/www.tecnosuissesa.com\/it\/#\/schema\/logo\/image\/\"},\"sameAs\":[\"https:\/\/www.facebook.com\/tecnosuisse\/\",\"https:\/\/www.youtube.com\/channel\/UCSoxFNkw8ZiE4jP9OY8AdFg\"]}]}<\/script>\n<!-- \/ Yoast SEO plugin. -->","yoast_head_json":{"title":"Fr\u00e4smaschine f\u00fcr Metall Orion4.0 Digit - Tecnosuisse","robots":{"index":"index","follow":"follow","max-snippet":"max-snippet:-1","max-image-preview":"max-image-preview:large","max-video-preview":"max-video-preview:-1"},"canonical":"https:\/\/www.tecnosuissesa.com\/de\/produkt\/frasmaschine-fur-metall-orion4-0-digit\/","og_locale":"de_DE","og_type":"article","og_title":"Fr\u00e4smaschine f\u00fcr Metall Orion4.0 Digit - Tecnosuisse","og_description":"Metallf\u00e4se mit variabler Geschwindigkeit und Kreuztisch 800x240 mm und digitaler Anzeige","og_url":"https:\/\/www.tecnosuissesa.com\/de\/produkt\/frasmaschine-fur-metall-orion4-0-digit\/","og_site_name":"Tecnosuisse","article_publisher":"https:\/\/www.facebook.com\/tecnosuisse\/","og_image":[{"width":1024,"height":768,"url":"https:\/\/www.tecnosuissesa.com\/wp-content\/uploads\/2017\/09\/lato-1-digit.jpg","type":"image\/jpeg"}],"twitter_card":"summary_large_image","twitter_misc":{"Gesch\u00e4tzte Lesezeit":"1\u00a0Minute"},"schema":{"@context":"https:\/\/schema.org","@graph":[{"@type":"WebPage","@id":"https:\/\/www.tecnosuissesa.com\/de\/produkt\/frasmaschine-fur-metall-orion4-0-digit\/","url":"https:\/\/www.tecnosuissesa.com\/de\/produkt\/frasmaschine-fur-metall-orion4-0-digit\/","name":"Fr\u00e4smaschine f\u00fcr Metall Orion4.0 Digit - Tecnosuisse","isPartOf":{"@id":"https:\/\/www.tecnosuissesa.com\/it\/#website"},"primaryImageOfPage":{"@id":"https:\/\/www.tecnosuissesa.com\/de\/produkt\/frasmaschine-fur-metall-orion4-0-digit\/#primaryimage"},"image":{"@id":"https:\/\/www.tecnosuissesa.com\/de\/produkt\/frasmaschine-fur-metall-orion4-0-digit\/#primaryimage"},"thumbnailUrl":"https:\/\/www.tecnosuissesa.com\/wp-content\/uploads\/2017\/09\/lato-1-digit.jpg","datePublished":"2017-09-25T14:59:34+00:00","breadcrumb":{"@id":"https:\/\/www.tecnosuissesa.com\/de\/produkt\/frasmaschine-fur-metall-orion4-0-digit\/#breadcrumb"},"inLanguage":"de","potentialAction":[{"@type":"ReadAction","target":["https:\/\/www.tecnosuissesa.com\/de\/produkt\/frasmaschine-fur-metall-orion4-0-digit\/"]}]},{"@type":"ImageObject","inLanguage":"de","@id":"https:\/\/www.tecnosuissesa.com\/de\/produkt\/frasmaschine-fur-metall-orion4-0-digit\/#primaryimage","url":"https:\/\/www.tecnosuissesa.com\/wp-content\/uploads\/2017\/09\/lato-1-digit.jpg","contentUrl":"https:\/\/www.tecnosuissesa.com\/wp-content\/uploads\/2017\/09\/lato-1-digit.jpg","width":1024,"height":768},{"@type":"BreadcrumbList","@id":"https:\/\/www.tecnosuissesa.com\/de\/produkt\/frasmaschine-fur-metall-orion4-0-digit\/#breadcrumb","itemListElement":[{"@type":"ListItem","position":1,"name":"Home","item":"https:\/\/www.tecnosuissesa.com\/de\/"},{"@type":"ListItem","position":2,"name":"Vendita di Macchine Utensili per Legno e per Metalli","item":"https:\/\/www.tecnosuissesa.com\/it\/vendita-macchine-utensili\/"},{"@type":"ListItem","position":3,"name":"Fr\u00e4smaschine f\u00fcr Metall Orion4.0 Digit"}]},{"@type":"WebSite","@id":"https:\/\/www.tecnosuissesa.com\/it\/#website","url":"https:\/\/www.tecnosuissesa.com\/it\/","name":"Tecnosuisse","description":"Macchine Utensili per Legno e Metalli","publisher":{"@id":"https:\/\/www.tecnosuissesa.com\/it\/#organization"},"potentialAction":[{"@type":"SearchAction","target":{"@type":"EntryPoint","urlTemplate":"https:\/\/www.tecnosuissesa.com\/it\/?s={search_term_string}"},"query-input":{"@type":"PropertyValueSpecification","valueRequired":true,"valueName":"search_term_string"}}],"inLanguage":"de"},{"@type":"Organization","@id":"https:\/\/www.tecnosuissesa.com\/it\/#organization","name":"Tecnosuisse","url":"https:\/\/www.tecnosuissesa.com\/it\/","logo":{"@type":"ImageObject","inLanguage":"de","@id":"https:\/\/www.tecnosuissesa.com\/it\/#\/schema\/logo\/image\/","url":"https:\/\/www.tecnosuissesa.com\/wp-content\/uploads\/2017\/08\/Logo_TecnoSuisse_627x627.png","contentUrl":"https:\/\/www.tecnosuissesa.com\/wp-content\/uploads\/2017\/08\/Logo_TecnoSuisse_627x627.png","width":627,"height":627,"caption":"Tecnosuisse"},"image":{"@id":"https:\/\/www.tecnosuissesa.com\/it\/#\/schema\/logo\/image\/"},"sameAs":["https:\/\/www.facebook.com\/tecnosuisse\/","https:\/\/www.youtube.com\/channel\/UCSoxFNkw8ZiE4jP9OY8AdFg"]}]}},"_links":{"self":[{"href":"https:\/\/www.tecnosuissesa.com\/de\/wp-json\/wp\/v2\/product\/1000","targetHints":{"allow":["GET"]}}],"collection":[{"href":"https:\/\/www.tecnosuissesa.com\/de\/wp-json\/wp\/v2\/product"}],"about":[{"href":"https:\/\/www.tecnosuissesa.com\/de\/wp-json\/wp\/v2\/types\/product"}],"replies":[{"embeddable":true,"href":"https:\/\/www.tecnosuissesa.com\/de\/wp-json\/wp\/v2\/comments?post=1000"}],"wp:featuredmedia":[{"embeddable":true,"href":"https:\/\/www.tecnosuissesa.com\/de\/wp-json\/wp\/v2\/media\/986"}],"wp:attachment":[{"href":"https:\/\/www.tecnosuissesa.com\/de\/wp-json\/wp\/v2\/media?parent=1000"}],"wp:term":[{"taxonomy":"product_brand","embeddable":true,"href":"https:\/\/www.tecnosuissesa.com\/de\/wp-json\/wp\/v2\/product_brand?post=1000"},{"taxonomy":"product_cat","embeddable":true,"href":"https:\/\/www.tecnosuissesa.com\/de\/wp-json\/wp\/v2\/product_cat?post=1000"},{"taxonomy":"product_tag","embeddable":true,"href":"https:\/\/www.tecnosuissesa.com\/de\/wp-json\/wp\/v2\/product_tag?post=1000"}],"curies":[{"name":"wp","href":"https:\/\/api.w.org\/{rel}","templated":true}]}}