{"id":472,"date":"2017-08-30T11:14:37","date_gmt":"2017-08-30T09:14:37","guid":{"rendered":"https:\/\/www.tecnosuissesa.com\/?page_id=472\/"},"modified":"2017-08-30T13:27:53","modified_gmt":"2017-08-30T11:27:53","slug":"allgemeine-geschaeftsbedingungen","status":"publish","type":"page","link":"https:\/\/www.tecnosuissesa.com\/de\/allgemeine-geschaeftsbedingungen\/","title":{"rendered":"Allgemeine Gesch\u00e4ftsbedingungen"},"content":{"rendered":"<h3><span lang=\"de-at\" xml:lang=\"de-at\">Geltungsbereich und Vertragspartner<\/span><\/h3>\n<p><span lang=\"de-at\" xml:lang=\"de-at\"><br \/>\n1 Die nachfolgenden allgemeinen Gesch\u00e4ftsbedingungen (nachfolgend \u201eAGB\u201c) gelten f\u00fcr Bestellungen von Waren aus dem Produktsortiment des\u00a0<\/span><strong><span lang=\"de-at\" xml:lang=\"de-at\">Tecnosuisse SA\u00a0<\/span><\/strong><span lang=\"de-at\" xml:lang=\"de-at\">Online-Shops (www.tecnosuissesa.com) in der jeweiligen zum Zeitpunkt der Bestellung g\u00fcltigen Fassung.<\/span><\/p>\n<p><span lang=\"de-at\" xml:lang=\"de-at\"><br \/>\n2 Die AGB bilden einen integrierenden Bestandteil des zwischen\u00a0<\/span><strong><span lang=\"de-at\" xml:lang=\"de-at\">Tecnosuisse SA\u00a0<\/span><\/strong><span lang=\"de-at\" xml:lang=\"de-at\">und dem Kunden abgeschlossenen Vertrages. Von den AGB abweichende Bestimmungen erlangen nur Rechtsverbindlichkeit, wenn sie von\u00a0<\/span><strong><span lang=\"de-at\" xml:lang=\"de-at\">Tecnosuisse SA\u00a0<\/span><\/strong><span lang=\"de-at\" xml:lang=\"de-at\">ausdr\u00fccklich und schriftlich akzeptiert werden. Entgegenstehende Bedingungen des Kunden werden nicht anerkannt.<\/span><\/p>\n<p><span lang=\"de-at\" xml:lang=\"de-at\"><br \/>\n3 Das Warenangebot im\u00a0<\/span><strong><span lang=\"de-at\" xml:lang=\"de-at\">Tecnosuisse SA<\/span><\/strong><span lang=\"de-at\" xml:lang=\"de-at\">\u00a0Online-Shop richtet sich ausschliesslich an Personen und Gesellschaften, die ihren Wohnsitz oder Sitz in der Schweiz haben und die, sofern sich der Kunde f\u00fcr einen Versand der Waren entscheidet (siehe Ziff. 3.2), eine Lieferadresse in der Schweiz angeben k\u00f6nnen.<\/span><span lang=\"de-at\" xml:lang=\"de-at\">\u00a0<\/span><\/p>\n<h3><span lang=\"de-at\" xml:lang=\"de-at\">Ablauf der Bestellung und Vertragsabschluss<\/span><\/h3>\n<p><span lang=\"de-at\" xml:lang=\"de-at\"><br \/>\n3.1.1 Der Kunde kann aus dem Produktsortiment des\u00a0<\/span><strong><span lang=\"de-at\" xml:lang=\"de-at\">Tecnosuisse SA<\/span><\/strong><span lang=\"de-at\" xml:lang=\"de-at\">\u00a0Online-Shops (www.tecnosuissesa.com). Waren ausw\u00e4hlen und diese durch Klicken auf den Button \u201ein den Warenkorb\u201c in einem so genannten Warenkorb sammeln.<\/span><\/p>\n<p><span lang=\"de-at\" xml:lang=\"de-at\"><br \/>\n3.1.2 Durch Klicken auf den Button \u201eBestellen &amp; Bezahlen\u201c gibt der Kunde ein verbindliches Angebot zum Kauf der im Warenkorb befindlichen Waren ab und ist mit der Geltung dieser AGB einverstanden.<\/span><\/p>\n<p><span lang=\"de-at\" xml:lang=\"de-at\"><br \/>\n3.1.3 Die daraufhin per E-Mail verschickte Bestellbest\u00e4tigung dokumentiert, dass die Bestellung des Kunden bei\u00a0<\/span><strong><span lang=\"de-at\" xml:lang=\"de-at\">Tecnosuisse SA<\/span><\/strong><span lang=\"de-at\" xml:lang=\"de-at\">eingegangen ist, stellt aber noch keine Annahme des Angebots des Kunden dar.<\/span><\/p>\n<p><span lang=\"de-at\" xml:lang=\"de-at\">3.1.4 Ein Vertrag kommt erst durch die Annahmeerkl\u00e4rung von\u00a0<\/span><strong><span lang=\"de-at\" xml:lang=\"de-at\">Tecnosuisse SA<\/span><\/strong><span lang=\"de-at\" xml:lang=\"de-at\">, die mit einer E-Mail (Auftragsbest\u00e4tigung) an den Kunden versendet wird, sp\u00e4testens jedoch durch den Versand der bestellten Ware oder der Abholungsbenachrichtigung zustande.<\/span><\/p>\n<p><span lang=\"de-at\" xml:lang=\"de-at\"><br \/>\n3.1.5 Ist die bestellte Ware nicht verf\u00fcgbar, beh\u00e4lt sich\u00a0<\/span><strong><span lang=\"de-at\" xml:lang=\"de-at\">Tecnosuisse SA\u00a0<\/span><\/strong><span lang=\"de-at\" xml:lang=\"de-at\">vor, das Angebot des Kunden nicht anzunehmen, so dass kein Vertrag zustande kommt. Hier\u00fcber wird der Kunde per E-Mail informiert. Allf\u00e4llige f\u00fcr die bestellten Waren bereits geleistete Zahlungen werden dem Kunden in diesem Fall zur\u00fcckerstattet.<\/span><\/p>\n<p><span lang=\"de-at\" xml:lang=\"de-at\"><br \/>\n3.1.6 Ist nur ein Teil der bestellen Ware verf\u00fcgbar, beh\u00e4lt sich\u00a0<\/span><strong><span lang=\"de-at\" xml:lang=\"de-at\">Tecnosuisse SA\u00a0<\/span><\/strong><span lang=\"de-at\" xml:lang=\"de-at\">vor, das Angebot des Kunden nur \u00fcber einen Teil der Waren anzunehmen, so dass nur \u00fcber diesen Teil ein Vertrag zustande kommt. Hier\u00fcber wird der Kunde per E-Mail informiert. Allf\u00e4llige f\u00fcr den anderen Teil der Ware bereits geleistete Zahlungen werden dem Kunden in diesem Fall zur\u00fcckerstattet.<\/span><\/p>\n<p><span lang=\"de-at\" xml:lang=\"de-at\"><br \/>\n3.1.7 Sollte sich nach Abschluss der Vertrags herausstellen, dass die bestellen Waren entweder teilweise oder insgesamt infolge h\u00f6herer Gewalt oder aus nicht von\u00a0<\/span><strong><span lang=\"de-at\" xml:lang=\"de-at\">Tecnosuisse SA\u00a0<\/span><\/strong><span lang=\"de-at\" xml:lang=\"de-at\">zu vertretenden Gr\u00fcnden nicht geliefert werden k\u00f6nnen, ist\u00a0<\/span><strong><span lang=\"de-at\" xml:lang=\"de-at\">Tecnosuisse SA\u00a0<\/span><\/strong><span lang=\"de-at\" xml:lang=\"de-at\">berechtigt, vom Vertrag vollst\u00e4ndig oder teilweise zur\u00fcckzutreten. Hier\u00fcber wird der Kunde per E-Mail informiert. Allf\u00e4llige f\u00fcr die entsprechenden Waren bereits geleistete Zahlungen werden dem Kunden entweder vollumf\u00e4nglich (im Falle eines vollst\u00e4ndigen R\u00fccktritts) oder in Bezug auf die nicht lieferbaren Waren (im Falle eines Teilr\u00fccktritts) zur\u00fcckerstattet. Der Kunde kann keine weitergehenden Anspr\u00fcche geltend machen.<\/span><\/p>\n<h3><span lang=\"de-at\" xml:lang=\"de-at\">Preis und Zahlung<\/span><\/h3>\n<p><span lang=\"de-at\" xml:lang=\"de-at\">3.2.1 Alle Preise im\u00a0<\/span><strong><span lang=\"de-at\" xml:lang=\"de-at\">Tecnosuisse SA\u00a0<\/span><\/strong><span lang=\"de-at\" xml:lang=\"de-at\">sind in Schweizer Franken (CHF) angegeben und verstehen sich inklusive der gesetzlichen Mehrwertsteuer.<\/span><\/p>\n<p><span lang=\"de-at\" xml:lang=\"de-at\"><br \/>\n3.2.2 Versand- und allf\u00e4llige weitere Zusatzkosten (z.B. Zuschl\u00e4ge gem\u00e4ss gew\u00e4hltem Zahlungsmittel) werden separat ausgewiesen und dem Kunden zus\u00e4tzlich verrechnet.<\/span><\/p>\n<p><span lang=\"de-at\" xml:lang=\"de-at\"><br \/>\n3.2.3\u00a0<\/span><strong><span lang=\"de-at\" xml:lang=\"de-at\">Tecnosuisse SA\u00a0<\/span><\/strong><span lang=\"de-at\" xml:lang=\"de-at\">beh\u00e4lt sich vor, \u00fcber den Kunden Bonit\u00e4tspr\u00fcfungen durchzuf\u00fchren und einzuholen und Dritten zu diesem Zweck Kundendaten weiterzuleiten. Dem Kunden stehen einzig die beim Abschluss des Bestellprozesses vorgesehenen Zahlungsm\u00f6glichkeiten zur Verf\u00fcgung.<\/span><\/p>\n<p><span lang=\"de-at\" xml:lang=\"de-at\">3.2.4 Der vereinbarte Preis, Versand-und allf\u00e4llige weitere Zusatzkosten sind sofort zur Zahlung f\u00e4llig. Mit erstmaliger Zustellung, erstmaliger Abholung oder erfolgloser Zustellung der Ware bzw. mit Ablauf der zehnt\u00e4gigen Abholfrist ger\u00e4t der Kunde ohne Mahnung in Verzug. Mit Eintritt des Verzugs hat der Kunde einen Verzugszins von 8% p.a. auf diesen zu leisten und\u00a0<\/span><strong><span lang=\"de-at\" xml:lang=\"de-at\">Tecnosuisse SA\u00a0<\/span><\/strong><span lang=\"de-at\" xml:lang=\"de-at\">weitere Aufwendungen im Zusammenhang mit dem Inkasso der Forderung zu ersetzen.<\/span><\/p>\n<p><span lang=\"de-at\" xml:lang=\"de-at\"><br \/>\n<\/span><strong><span lang=\"de-at\" xml:lang=\"de-at\">Tecnosuisse SA\u00a0<\/span><\/strong><span lang=\"de-at\" xml:lang=\"de-at\">beh\u00e4lt sich zudem vor, nach Ablauf einer von ihr angesetzten Nachfrist von mindestens 10 Tagen, auf die nachtr\u00e4gliche Erf\u00fcllung der Verpflichtungen des Kunden vollst\u00e4ndig oder teilweise zu verzichten, allf\u00e4llig bereits gelieferte Ware vollst\u00e4ndig oder teilweise zur\u00fcckzufordern und Schadenersatz aus der Nichterf\u00fcllung des Vertrages zu verlangen.<\/span><\/p>\n<h3><span lang=\"de-at\" xml:lang=\"de-at\">Eigentumsvorbehalt<\/span><\/h3>\n<p><span lang=\"de-at\" xml:lang=\"de-at\"><br \/>\nDie Ware bleibt bis zur vollst\u00e4ndigen Bezahlung s\u00e4mtlicher Forderungen von\u00a0<\/span><strong><span lang=\"de-at\" xml:lang=\"de-at\">Tecnosuisse SA\u00a0<\/span><\/strong><span lang=\"de-at\" xml:lang=\"de-at\">gegen\u00fcber dem Kunden im Eigentum der\u00a0<\/span><strong><span lang=\"de-at\" xml:lang=\"de-at\">Tecnosuisse SA<\/span><\/strong><span lang=\"de-at\" xml:lang=\"de-at\">. Der Kunde erm\u00e4chtigt\u00a0<\/span><strong><span lang=\"de-at\" xml:lang=\"de-at\">Tecnosuisse SA<\/span><\/strong><span lang=\"de-at\" xml:lang=\"de-at\">, einen entsprechenden Eintrag auf Kosten des Kunden im Eigentumsvorbehaltsregister vorzunehmen.<\/span><\/p>\n<h3><span lang=\"de-at\" xml:lang=\"de-at\">Freiwilliges R\u00fcckgaberecht<\/span><\/h3>\n<p><span lang=\"de-at\" xml:lang=\"de-at\"><br \/>\n<\/span><strong><span lang=\"de-at\" xml:lang=\"de-at\">Tecnosuisse SA\u00a0<\/span><\/strong><span lang=\"de-at\" xml:lang=\"de-at\">gew\u00e4hrt dem Kunden ein freiwilliges R\u00fcckgaberecht w\u00e4hrend einer Frist von 14 Tagen ab erstmaliger Zustellung oder Abholung der Ware. Die R\u00fcckgabe ist nur m\u00f6glich, sofern die Ware und die Originalverpackung unbesch\u00e4digt sind, die Originalverpackung nicht ge\u00f6ffnet und die Ware nicht benutzt wurde. Bei einer Mehrheit von Waren, die zusammen zu einem Gesamtpreis bezogen wurden, besteht das freiwillige R\u00fcckgaberecht nur hinsichtlich der Gesamtheit dieser Waren. Der Kunde hat die Originalrechnung vorzulegen.\u00a0<\/span><strong><span lang=\"de-at\" xml:lang=\"de-at\">Tecnosuisse SA<\/span><\/strong><span lang=\"de-at\" xml:lang=\"de-at\">\u00a0hat das Recht, den Preis in Form von\u00a0<\/span><strong><span lang=\"de-at\" xml:lang=\"de-at\">Tecnosuisse SA<\/span><\/strong><span lang=\"de-at\" xml:lang=\"de-at\">-Geschenkkarten zur\u00fcckzuerstatten und beh\u00e4lt sich vor, auf eine Erstattung der urspr\u00fcnglichen Versandkosten und weiterer Zusatzkosten zu verzichten. Zur Geltendmachung und Abwicklung des R\u00fcckgaberechts hat sich der Kunde an den Kundendienst des\u00a0<\/span><strong><span lang=\"de-at\" xml:lang=\"de-at\">Tecnosuisse SA\u00a0<\/span><\/strong><span lang=\"de-at\" xml:lang=\"de-at\">zu wenden.<\/span><span lang=\"de-at\" xml:lang=\"de-at\">\u00a0<\/span><\/p>\n<h3><span lang=\"de-at\" xml:lang=\"de-at\">\u00a0Gew\u00e4hrleistung und Haftung<\/span><\/h3>\n<p><span lang=\"de-at\" xml:lang=\"de-at\"><br \/>\nF\u00fcr M\u00e4ngel, die auf einen Material- oder Herstellungsfehler zur\u00fcckzuf\u00fchren sind, leistet\u00a0<\/span><strong><span lang=\"de-at\" xml:lang=\"de-at\">Tecnosuisse SA\u00a0<\/span><\/strong><span lang=\"de-at\" xml:lang=\"de-at\">dem Kunden Gew\u00e4hr w\u00e4hrend einer Gew\u00e4hrleistungsfrist von 2 Jahren ab erstmaliger Zustellung oder Abholung der Ware. Alle Angaben (Produktbeschreibungen, Abbildungen, Filme, Masse, Gewichte, technische Spezifikationen, Zubeh\u00f6rbeziehungen und sonstige Angaben) im\u00a0<\/span><strong><span lang=\"de-at\" xml:lang=\"de-at\">Tecnosuisse SA<\/span><\/strong><span lang=\"de-at\" xml:lang=\"de-at\">\u00a0Online-Shop unterliegen einem Irrtumsvorbehalt und stellen keine Zusicherung von Eigenschaften dar. Die Pr\u00fcfungs- und R\u00fcgeobliegenheit des Kunden richtet sich nach der gesetzlichen Regelung. Die Abtretung von Gew\u00e4hrleistungsanspr\u00fcchen ist ausgeschlossen.<\/span><\/p>\n<p><span lang=\"de-at\" xml:lang=\"de-at\"><br \/>\nDer Gew\u00e4hrleistungsanspruch des Kunden wird nach Wahl von\u00a0<\/span><strong><span lang=\"de-at\" xml:lang=\"de-at\">Tecnosuisse SA\u00a0<\/span><\/strong><span lang=\"de-at\" xml:lang=\"de-at\">durch Nachbesserung (Reparatur), Nachlieferung gleichwertiger m\u00e4ngelfreier Ersatzware, Herabsetzung des Preises (Minderung) oder R\u00fcckg\u00e4ngigmachung des Vertrages (Wandelung) erf\u00fcllt. Nachbesserungen (Reparaturen) werden durch\u00a0<\/span><strong><span lang=\"de-at\" xml:lang=\"de-at\">Tecnosuisse SA\u00a0<\/span><\/strong><span lang=\"de-at\" xml:lang=\"de-at\">oder durch von ihr beauftragte Vertragswerkst\u00e4tten ausgef\u00fchrt. Der Kunde ist nicht berechtigt, Dritte mit der Reparatur zu beauftragen. In einem solchen Fall besteht kein Anspruch auf Kostenerstattung. Der Gew\u00e4hrleistungsanspruch des Kunden erlischt bei technischem Eingriff und M\u00e4ngeln, die auf unsachgem\u00e4sse Behandlung, \u00fcberm\u00e4ssige Beanspruchung, zweckentfremdete Verwendung, \u00e4ussere Einwirkung (Feuchtigkeitssch\u00e4den, Kontakt mit Fl\u00fcssigkeiten, Schl\u00e4ge, etc.) oder Nichtbeachtung der Gebrauchs- oder Wartungsanleitungen des Herstellers zur\u00fcckzuf\u00fchren sind.<\/span><\/p>\n<p><span lang=\"de-at\" xml:lang=\"de-at\"><br \/>\nBei Nachlieferung gleichwertiger m\u00e4ngelfreier Ersatzware betr\u00e4gt die Gew\u00e4hrleistungsfrist erneut 2 Jahre ab Mitteilung der Abholbereitschaft der Ersatzware an den Kunden. Bei Nachbesserung (Reparatur) gilt eine Gew\u00e4hrleistungsfrist von 2 Jahren ab Mitteilung der Abholbereitschaft der nachgebesserten (reparierten) Ware an den Kunden, wobei\u00a0<\/span><strong><span lang=\"de-at\" xml:lang=\"de-at\">Tecnosuisse SA<\/span><\/strong><span lang=\"de-at\" xml:lang=\"de-at\">\u00a0in diesem Fall nur Gew\u00e4hr f\u00fcr ausgef\u00fchrte Reparaturarbeiten und verwendete Ersatzteile leistet. Die Gew\u00e4hrleistungsanspr\u00fcche des Kunden bez\u00fcglich der gesamten Ware w\u00e4hrend der Gew\u00e4hrleistungsfrist von 2 Jahren ab erstmaliger Zustellung oder Abholung der Ware bleiben davon unber\u00fchrt.<\/span><\/p>\n<p><span lang=\"de-at\" xml:lang=\"de-at\">\u00a0Zur Geltendmachung und Abwicklung des Gew\u00e4hrleistungsanspruchs hat sich der Kunde an den\u00a0<\/span><strong><span lang=\"de-at\" xml:lang=\"de-at\">Tecnosuisse SA<\/span><\/strong><span lang=\"de-at\" xml:lang=\"de-at\">\u00a0Kundendienst zu wenden und die Originalrechnung vorzulegen. Transporte, oder der R\u00fccktransport zum Kunden, erfolgen auf Kosten und Gefahr des Kunden. Etwaige Serviceg\u00e4nge (Heimreparaturen) gehen zu Lasten des Kunden. Unterliegt ein zu behebender Mangel nicht der Gew\u00e4hrleistung und h\u00e4tte der Kunde dies erkennen k\u00f6nnen, so tr\u00e4gt er s\u00e4mtliche durch die \u00dcberpr\u00fcfung entstandenen Kosten.<\/span><\/p>\n<p><span lang=\"de-at\" xml:lang=\"de-at\"><br \/>\nUnabh\u00e4ngig von der Haftungsgrundlage haftet\u00a0<\/span><strong><span lang=\"de-at\" xml:lang=\"de-at\">Tecnosuisse SA<\/span><\/strong><span lang=\"de-at\" xml:lang=\"de-at\">\u00a0bei gegebenen Haftungsvoraussetzungen unbeschr\u00e4nkt im Falle der Verletzung des Lebens, des K\u00f6rpers und der Gesundheit. Zudem haftet\u00a0<\/span><strong><span lang=\"de-at\" xml:lang=\"de-at\">Tecnosuisse SA<\/span><\/strong><span lang=\"de-at\" xml:lang=\"de-at\">\u00a0bei gegebenen Haftungsvoraussetzungen unabh\u00e4ngig von der Haftungsgrundlage f\u00fcr von ihr absichtlich oder grobfahrl\u00e4ssig verursachte Sch\u00e4den. Im \u00dcbrigen schliesst\u00a0<\/span><strong><span lang=\"de-at\" xml:lang=\"de-at\">Tecnosuisse SA<\/span><\/strong><span lang=\"de-at\" xml:lang=\"de-at\">\u00a0ihre Haftung unabh\u00e4ngig von der Haftungsgrundlage soweit gesetzlich zul\u00e4ssig vollumf\u00e4nglich aus.<\/span><\/p>\n<h3><span lang=\"de-at\" xml:lang=\"de-at\">Datenschutz<\/span><\/h3>\n<p><span lang=\"de-at\" xml:lang=\"de-at\"><br \/>\n<\/span><strong><span lang=\"de-at\" xml:lang=\"de-at\">Tecnosuisse SA<\/span><\/strong><span lang=\"de-at\" xml:lang=\"de-at\">\u00a0bearbeitet Personendaten des Kunden unter strikter Einhaltung der geltenden Bestimmungen des schweizerischen Datenschutzgesetzes.<\/span><\/p>\n","protected":false},"excerpt":{"rendered":"<p>Geltungsbereich und Vertragspartner 1 Die nachfolgenden allgemeinen Gesch\u00e4ftsbedingungen (nachfolgend \u201eAGB\u201c) gelten f\u00fcr Bestellungen von Waren aus dem Produktsortiment des\u00a0Tecnosuisse SA\u00a0Online-Shops (www.tecnosuissesa.com) in der jeweiligen zum Zeitpunkt der Bestellung g\u00fcltigen Fassung. 2 Die AGB bilden einen integrierenden Bestandteil des zwischen\u00a0Tecnosuisse SA\u00a0und dem Kunden abgeschlossenen Vertrages. Von den AGB abweichende Bestimmungen erlangen nur Rechtsverbindlichkeit, wenn sie von\u00a0Tecnosuisse &hellip; <a href=\"https:\/\/www.tecnosuissesa.com\/de\/allgemeine-geschaeftsbedingungen\/\" class=\"more-link\"><span class=\"screen-reader-text\">\u201eAllgemeine Gesch\u00e4ftsbedingungen\u201c<\/span> weiterlesen<\/a><\/p>\n","protected":false},"author":1,"featured_media":0,"parent":0,"menu_order":0,"comment_status":"closed","ping_status":"closed","template":"","meta":{"footnotes":""},"class_list":["post-472","page","type-page","status-publish","hentry"],"yoast_head":"<!-- This site is optimized with the Yoast SEO plugin v27.1 - https:\/\/yoast.com\/product\/yoast-seo-wordpress\/ -->\n<title>Allgemeine Gesch\u00e4ftsbedingungen - Tecnosuisse<\/title>\n<meta name=\"robots\" content=\"index, follow, max-snippet:-1, max-image-preview:large, max-video-preview:-1\" \/>\n<link rel=\"canonical\" href=\"https:\/\/www.tecnosuissesa.com\/de\/allgemeine-geschaeftsbedingungen\/\" \/>\n<meta property=\"og:locale\" content=\"de_DE\" \/>\n<meta property=\"og:type\" content=\"article\" \/>\n<meta property=\"og:title\" content=\"Allgemeine Gesch\u00e4ftsbedingungen - Tecnosuisse\" \/>\n<meta property=\"og:description\" content=\"Geltungsbereich und Vertragspartner 1 Die nachfolgenden allgemeinen Gesch\u00e4ftsbedingungen (nachfolgend \u201eAGB\u201c) gelten f\u00fcr Bestellungen von Waren aus dem Produktsortiment des\u00a0Tecnosuisse SA\u00a0Online-Shops (www.tecnosuissesa.com) in der jeweiligen zum Zeitpunkt der Bestellung g\u00fcltigen Fassung. 2 Die AGB bilden einen integrierenden Bestandteil des zwischen\u00a0Tecnosuisse SA\u00a0und dem Kunden abgeschlossenen Vertrages. Von den AGB abweichende Bestimmungen erlangen nur Rechtsverbindlichkeit, wenn sie von\u00a0Tecnosuisse &hellip; \u201eAllgemeine Gesch\u00e4ftsbedingungen\u201c weiterlesen\" \/>\n<meta property=\"og:url\" content=\"https:\/\/www.tecnosuissesa.com\/de\/allgemeine-geschaeftsbedingungen\/\" \/>\n<meta property=\"og:site_name\" content=\"Tecnosuisse\" \/>\n<meta property=\"article:publisher\" content=\"https:\/\/www.facebook.com\/tecnosuisse\/\" \/>\n<meta property=\"article:modified_time\" content=\"2017-08-30T11:27:53+00:00\" \/>\n<meta property=\"og:image\" content=\"https:\/\/www.tecnosuissesa.com\/wp-content\/uploads\/2017\/08\/cropped-Logo_TecnoSuisse_627x627.png\" \/>\n\t<meta property=\"og:image:width\" content=\"512\" \/>\n\t<meta property=\"og:image:height\" content=\"512\" \/>\n\t<meta property=\"og:image:type\" content=\"image\/png\" \/>\n<meta name=\"twitter:card\" content=\"summary_large_image\" \/>\n<meta name=\"twitter:label1\" content=\"Gesch\u00e4tzte Lesezeit\" \/>\n\t<meta name=\"twitter:data1\" content=\"6\u00a0Minuten\" \/>\n<script type=\"application\/ld+json\" class=\"yoast-schema-graph\">{\"@context\":\"https:\/\/schema.org\",\"@graph\":[{\"@type\":\"WebPage\",\"@id\":\"https:\/\/www.tecnosuissesa.com\/de\/allgemeine-geschaeftsbedingungen\/\",\"url\":\"https:\/\/www.tecnosuissesa.com\/de\/allgemeine-geschaeftsbedingungen\/\",\"name\":\"Allgemeine Gesch\u00e4ftsbedingungen - Tecnosuisse\",\"isPartOf\":{\"@id\":\"https:\/\/www.tecnosuissesa.com\/it\/#website\"},\"datePublished\":\"2017-08-30T09:14:37+00:00\",\"dateModified\":\"2017-08-30T11:27:53+00:00\",\"breadcrumb\":{\"@id\":\"https:\/\/www.tecnosuissesa.com\/de\/allgemeine-geschaeftsbedingungen\/#breadcrumb\"},\"inLanguage\":\"de\",\"potentialAction\":[{\"@type\":\"ReadAction\",\"target\":[\"https:\/\/www.tecnosuissesa.com\/de\/allgemeine-geschaeftsbedingungen\/\"]}]},{\"@type\":\"BreadcrumbList\",\"@id\":\"https:\/\/www.tecnosuissesa.com\/de\/allgemeine-geschaeftsbedingungen\/#breadcrumb\",\"itemListElement\":[{\"@type\":\"ListItem\",\"position\":1,\"name\":\"Home\",\"item\":\"https:\/\/www.tecnosuissesa.com\/de\/\"},{\"@type\":\"ListItem\",\"position\":2,\"name\":\"Allgemeine Gesch\u00e4ftsbedingungen\"}]},{\"@type\":\"WebSite\",\"@id\":\"https:\/\/www.tecnosuissesa.com\/it\/#website\",\"url\":\"https:\/\/www.tecnosuissesa.com\/it\/\",\"name\":\"Tecnosuisse\",\"description\":\"Macchine Utensili per Legno e Metalli\",\"publisher\":{\"@id\":\"https:\/\/www.tecnosuissesa.com\/it\/#organization\"},\"potentialAction\":[{\"@type\":\"SearchAction\",\"target\":{\"@type\":\"EntryPoint\",\"urlTemplate\":\"https:\/\/www.tecnosuissesa.com\/it\/?s={search_term_string}\"},\"query-input\":{\"@type\":\"PropertyValueSpecification\",\"valueRequired\":true,\"valueName\":\"search_term_string\"}}],\"inLanguage\":\"de\"},{\"@type\":\"Organization\",\"@id\":\"https:\/\/www.tecnosuissesa.com\/it\/#organization\",\"name\":\"Tecnosuisse\",\"url\":\"https:\/\/www.tecnosuissesa.com\/it\/\",\"logo\":{\"@type\":\"ImageObject\",\"inLanguage\":\"de\",\"@id\":\"https:\/\/www.tecnosuissesa.com\/it\/#\/schema\/logo\/image\/\",\"url\":\"https:\/\/www.tecnosuissesa.com\/wp-content\/uploads\/2017\/08\/Logo_TecnoSuisse_627x627.png\",\"contentUrl\":\"https:\/\/www.tecnosuissesa.com\/wp-content\/uploads\/2017\/08\/Logo_TecnoSuisse_627x627.png\",\"width\":627,\"height\":627,\"caption\":\"Tecnosuisse\"},\"image\":{\"@id\":\"https:\/\/www.tecnosuissesa.com\/it\/#\/schema\/logo\/image\/\"},\"sameAs\":[\"https:\/\/www.facebook.com\/tecnosuisse\/\",\"https:\/\/www.youtube.com\/channel\/UCSoxFNkw8ZiE4jP9OY8AdFg\"]}]}<\/script>\n<!-- \/ Yoast SEO plugin. -->","yoast_head_json":{"title":"Allgemeine Gesch\u00e4ftsbedingungen - Tecnosuisse","robots":{"index":"index","follow":"follow","max-snippet":"max-snippet:-1","max-image-preview":"max-image-preview:large","max-video-preview":"max-video-preview:-1"},"canonical":"https:\/\/www.tecnosuissesa.com\/de\/allgemeine-geschaeftsbedingungen\/","og_locale":"de_DE","og_type":"article","og_title":"Allgemeine Gesch\u00e4ftsbedingungen - Tecnosuisse","og_description":"Geltungsbereich und Vertragspartner 1 Die nachfolgenden allgemeinen Gesch\u00e4ftsbedingungen (nachfolgend \u201eAGB\u201c) gelten f\u00fcr Bestellungen von Waren aus dem Produktsortiment des\u00a0Tecnosuisse SA\u00a0Online-Shops (www.tecnosuissesa.com) in der jeweiligen zum Zeitpunkt der Bestellung g\u00fcltigen Fassung. 2 Die AGB bilden einen integrierenden Bestandteil des zwischen\u00a0Tecnosuisse SA\u00a0und dem Kunden abgeschlossenen Vertrages. Von den AGB abweichende Bestimmungen erlangen nur Rechtsverbindlichkeit, wenn sie von\u00a0Tecnosuisse &hellip; \u201eAllgemeine Gesch\u00e4ftsbedingungen\u201c weiterlesen","og_url":"https:\/\/www.tecnosuissesa.com\/de\/allgemeine-geschaeftsbedingungen\/","og_site_name":"Tecnosuisse","article_publisher":"https:\/\/www.facebook.com\/tecnosuisse\/","article_modified_time":"2017-08-30T11:27:53+00:00","og_image":[{"width":512,"height":512,"url":"https:\/\/www.tecnosuissesa.com\/wp-content\/uploads\/2017\/08\/cropped-Logo_TecnoSuisse_627x627.png","type":"image\/png"}],"twitter_card":"summary_large_image","twitter_misc":{"Gesch\u00e4tzte Lesezeit":"6\u00a0Minuten"},"schema":{"@context":"https:\/\/schema.org","@graph":[{"@type":"WebPage","@id":"https:\/\/www.tecnosuissesa.com\/de\/allgemeine-geschaeftsbedingungen\/","url":"https:\/\/www.tecnosuissesa.com\/de\/allgemeine-geschaeftsbedingungen\/","name":"Allgemeine Gesch\u00e4ftsbedingungen - Tecnosuisse","isPartOf":{"@id":"https:\/\/www.tecnosuissesa.com\/it\/#website"},"datePublished":"2017-08-30T09:14:37+00:00","dateModified":"2017-08-30T11:27:53+00:00","breadcrumb":{"@id":"https:\/\/www.tecnosuissesa.com\/de\/allgemeine-geschaeftsbedingungen\/#breadcrumb"},"inLanguage":"de","potentialAction":[{"@type":"ReadAction","target":["https:\/\/www.tecnosuissesa.com\/de\/allgemeine-geschaeftsbedingungen\/"]}]},{"@type":"BreadcrumbList","@id":"https:\/\/www.tecnosuissesa.com\/de\/allgemeine-geschaeftsbedingungen\/#breadcrumb","itemListElement":[{"@type":"ListItem","position":1,"name":"Home","item":"https:\/\/www.tecnosuissesa.com\/de\/"},{"@type":"ListItem","position":2,"name":"Allgemeine Gesch\u00e4ftsbedingungen"}]},{"@type":"WebSite","@id":"https:\/\/www.tecnosuissesa.com\/it\/#website","url":"https:\/\/www.tecnosuissesa.com\/it\/","name":"Tecnosuisse","description":"Macchine Utensili per Legno e Metalli","publisher":{"@id":"https:\/\/www.tecnosuissesa.com\/it\/#organization"},"potentialAction":[{"@type":"SearchAction","target":{"@type":"EntryPoint","urlTemplate":"https:\/\/www.tecnosuissesa.com\/it\/?s={search_term_string}"},"query-input":{"@type":"PropertyValueSpecification","valueRequired":true,"valueName":"search_term_string"}}],"inLanguage":"de"},{"@type":"Organization","@id":"https:\/\/www.tecnosuissesa.com\/it\/#organization","name":"Tecnosuisse","url":"https:\/\/www.tecnosuissesa.com\/it\/","logo":{"@type":"ImageObject","inLanguage":"de","@id":"https:\/\/www.tecnosuissesa.com\/it\/#\/schema\/logo\/image\/","url":"https:\/\/www.tecnosuissesa.com\/wp-content\/uploads\/2017\/08\/Logo_TecnoSuisse_627x627.png","contentUrl":"https:\/\/www.tecnosuissesa.com\/wp-content\/uploads\/2017\/08\/Logo_TecnoSuisse_627x627.png","width":627,"height":627,"caption":"Tecnosuisse"},"image":{"@id":"https:\/\/www.tecnosuissesa.com\/it\/#\/schema\/logo\/image\/"},"sameAs":["https:\/\/www.facebook.com\/tecnosuisse\/","https:\/\/www.youtube.com\/channel\/UCSoxFNkw8ZiE4jP9OY8AdFg"]}]}},"_links":{"self":[{"href":"https:\/\/www.tecnosuissesa.com\/de\/wp-json\/wp\/v2\/pages\/472","targetHints":{"allow":["GET"]}}],"collection":[{"href":"https:\/\/www.tecnosuissesa.com\/de\/wp-json\/wp\/v2\/pages"}],"about":[{"href":"https:\/\/www.tecnosuissesa.com\/de\/wp-json\/wp\/v2\/types\/page"}],"author":[{"embeddable":true,"href":"https:\/\/www.tecnosuissesa.com\/de\/wp-json\/wp\/v2\/users\/1"}],"replies":[{"embeddable":true,"href":"https:\/\/www.tecnosuissesa.com\/de\/wp-json\/wp\/v2\/comments?post=472"}],"version-history":[{"count":2,"href":"https:\/\/www.tecnosuissesa.com\/de\/wp-json\/wp\/v2\/pages\/472\/revisions"}],"predecessor-version":[{"id":480,"href":"https:\/\/www.tecnosuissesa.com\/de\/wp-json\/wp\/v2\/pages\/472\/revisions\/480"}],"wp:attachment":[{"href":"https:\/\/www.tecnosuissesa.com\/de\/wp-json\/wp\/v2\/media?parent=472"}],"curies":[{"name":"wp","href":"https:\/\/api.w.org\/{rel}","templated":true}]}}